{"id":6544,"date":"2023-08-16T07:03:19","date_gmt":"2023-08-16T07:03:19","guid":{"rendered":"https:\/\/diligentplug.com\/chems\/?post_type=product&#038;p=6544"},"modified":"2025-02-03T10:43:36","modified_gmt":"2025-02-03T10:43:36","slug":"green-bali","status":"publish","type":"product","link":"https:\/\/rckopen.com\/hu\/termek\/green-bali\/","title":{"rendered":"V\u00e1s\u00e1roljon Green Balit online"},"content":{"rendered":"<h2 class=\"font-black text-lg mb-8 flex items-end md:text-xl md:ml-0\"><span class=\"inline-block\">Productinformatie Green Bali Online kopen<\/span><\/h2>\n<div class=\"relative flex flex-wrap flex-col\" style=\"box-sizing: border-box; --tw-translate-x: 0; --tw-translate-y: 0; --tw-rotate: 0; --tw-skew-x: 0; --tw-skew-y: 0; --tw-scale-x: 1; --tw-scale-y: 1; --tw-transform: translateX(var(--tw-translate-x)) translateY(var(--tw-translate-y)) rotate(var(--tw-rotate)) skewX(var(--tw-skew-x)) skewY(var(--tw-skew-y)) scaleX(var(--tw-scale-x)) scaleY(var(--tw-scale-y)); --tw-border-opacity: 1; --tw-ring-offset-width: 0px; --tw-ring-offset-color: #fff; --tw-ring-color: rgba(59, 130, 246, 0.5); --tw-ring-offset-shadow: 0 0 #0000; --tw-ring-shadow: 0 0 #0000; --tw-shadow: 0 0 #0000; --tw-filter: var(--tw-blur) var(--tw-brightness) var(--tw-contrast) var(--tw-grayscale) var(--tw-hue-rotate) var(--tw-invert) var(--tw-saturate) var(--tw-sepia) var(--tw-drop-shadow); --tw-backdrop-filter: var(--tw-backdrop-blur) var(--tw-backdrop-brightness) var(--tw-backdrop-contrast) var(--tw-backdrop-grayscale) var(--tw-backdrop-hue-rotate) var(--tw-backdrop-invert) var(--tw-backdrop-opacity) var(--tw-backdrop-saturate) var(--tw-backdrop-sepia); position: relative; display: flex; flex-flow: column wrap; color: #202e46; font-family: 'Red Hat Display', ui-sans-serif, system-ui, -apple-system, BlinkMacSystemFont, 'Segoe UI', Roboto, 'Helvetica Neue', Arial, 'Noto Sans', sans-serif, 'Apple Color Emoji', 'Segoe UI Emoji', 'Segoe UI Symbol', 'Noto Color Emoji'; font-size: 16px; font-style: normal; font-variant-ligatures: normal; font-variant-caps: normal; font-weight: 400; letter-spacing: normal; orphans: 2; text-align: start; text-indent: 0px; text-transform: none; widows: 2; word-spacing: 0px; -webkit-text-stroke-width: 0px; white-space: normal; background-color: #f2ece5; text-decoration-thickness: initial; text-decoration-style: initial; text-decoration-color: initial; border: 0px solid rgba(229,229,229,var(--tw-border-opacity));\">\n<div class=\"overflow-hidden transition-all duration-500 max-h-[300px] sm:max-h-[400px] md:max-h-[500px] lg:max-h-[550]\">\n<div class=\"prose prose-sm text-gray-500\">\n<p><a href=\"https:\/\/rckopen.com\/hu\/termek\/green-bali\/\">V\u00e1s\u00e1roljon Green Balit online<\/a>A Kratom tr\u00f3pusi gy\u00f3gyn\u00f6v\u00e9ny (Mitragyna speciosa) D\u00e9lkelet-\u00c1zsi\u00e1b\u00f3l sz\u00e1rmazik. A Kratomot ugyanazon faj k\u00fcl\u00f6nb\u00f6z\u0151 f\u00e1ib\u00f3l vonj\u00e1k ki, mivel ugyanabb\u00f3l a csal\u00e1db\u00f3l k\u00fcl\u00f6nb\u00f6z\u0151 f\u00e1k tartalmaznak kratomot, a lehets\u00e9ges hat\u00e1sok is elt\u00e9r\u0151ek<a href=\"https:\/\/en.wikipedia.org\/wiki\/Human\">.<\/a><\/p>\n<h3>A Kratopia Green Bali hat\u00e1sai<\/h3>\n<p><a href=\"https:\/\/en.wikipedia.org\/wiki\/Green\">Z\u00f6ld<\/a> <a href=\"https:\/\/en.wikipedia.org\/wiki\/Bali\">Bali<\/a> A Kratomot Indon\u00e9zi\u00e1ban termesztik, \u00e9s helyileg nagyon n\u00e9pszer\u0171 f\u00e1jdalomcsillap\u00edt\u00f3 hat\u00e1sa miatt, \u00e9s \u00e1ll\u00edt\u00f3lag n\u00f6veli az energiaszintet is. A felhaszn\u00e1l\u00f3k arr\u00f3l sz\u00e1moltak be, hogy akt\u00edvabbnak \u00e9s f\u00e1jdalommentesnek \u00e9rzik magukat an\u00e9lk\u00fcl, hogy nyugtat\u00f3 \u00e9rz\u00e9st tapasztaln\u00e1nak.<\/p>\n<h3>Hogyan haszn\u00e1lj\u00e1k ezeket a gy\u00f3gyn\u00f6v\u00e9nyeket<a href=\"https:\/\/rckopen.com\/hu\/termekkategoria\/kratom\/\">?<\/a><\/h3>\n<p>A Kratom port \u00e1ltal\u00e1ban te\u00e1hoz adj\u00e1k, 1-3 grammot k\u00f6nny\u0171 d\u00f3zisnak, 3-5 grammot norm\u00e1l d\u00f3zisnak, 5-10 grammot pedig nagy d\u00f3zisnak tekint\u00fcnk.<\/p>\n<h2>Gy\u00e1rt\u00f3i inform\u00e1ci\u00f3k<\/h2>\n<p>A Kratopia egy holland c\u00e9g, amely a k\u00fcl\u00f6nb\u00f6z\u0151 t\u00edpus\u00fa kratomra specializ\u00e1l\u00f3dott. Mivel els\u0151sorban a kratom el\u0151\u00e1ll\u00edt\u00e1s\u00e1ra \u00e9s \u00e9rt\u00e9kes\u00edt\u00e9s\u00e9re \u00f6sszpontos\u00edtanak, ez\u00e9rt a k\u00fcl\u00f6nb\u00f6z\u0151 kratomt\u00edpusok sz\u00e9les v\u00e1laszt\u00e9k\u00e1val rendelkeznek. Szeretne felemel\u0151 \u00e9rz\u00e9st kapni? Vagy csak egy kicsit nyugodtabb\u00e1 v\u00e1lni? Akkor a Kratopia a megfelel\u0151 kratomot k\u00edn\u00e1lja az \u00d6n sz\u00e1m\u00e1ra. A Kratopia a kratomot kapszula \u00e9s kivonat form\u00e1j\u00e1ban \u00e1ll\u00edtja el\u0151.<\/p>\n<\/div>\n<\/div>\n<\/div>\n<p><a href=\"https:\/\/rckopen.com\/hu\/\">rckopen.com<\/a> nem emberi fogyaszt\u00e1sra sz\u00e1nt term\u00e9keket k\u00edn\u00e1l. Ha ezt a term\u00e9ket (akaratlanul) fogyasztja, annak s\u00falyos eg\u00e9szs\u00e9g\u00fcgyi k\u00f6vetkezm\u00e9nyei lehetnek V\u00e1s\u00e1rl\u00e1s Green Bali.<\/p>","protected":false},"excerpt":{"rendered":"<p><strong>Forma: <\/strong>por<\/p>\n<p><strong>NMR-elemz\u00e9s: <\/strong>N\/A<\/p>","protected":false},"featured_media":6554,"comment_status":"open","ping_status":"closed","template":"","meta":{"_joinchat":[]},"product_brand":[],"product_cat":[139],"product_tag":[],"class_list":{"0":"post-6544","1":"product","2":"type-product","3":"status-publish","4":"has-post-thumbnail","6":"product_cat-kratom","8":"first","9":"instock","10":"shipping-taxable","11":"purchasable","12":"product-type-variable"},"yoast_head":"<!-- This site is optimized with the Yoast SEO plugin v26.3 - https:\/\/yoast.com\/wordpress\/plugins\/seo\/ -->\n<title>Green Bali Online kopen - Green Bali te koop | RC Kopen<\/title>\n<meta name=\"description\" content=\"Als je Green Bali uit onze winkel nog niet hebt geprobeerd, dan mis je veel. Wij helpen u Green Bali online te kopen tegen goedkope tarieven. Koop Green Bali vandaag nog te koop!\" \/>\n<meta name=\"robots\" content=\"index, follow, max-snippet:-1, max-image-preview:large, max-video-preview:-1\" \/>\n<link rel=\"canonical\" href=\"https:\/\/rckopen.com\/hu\/termek\/green-bali\/\" \/>\n<meta property=\"og:locale\" content=\"hu_HU\" \/>\n<meta property=\"og:type\" content=\"article\" \/>\n<meta property=\"og:title\" content=\"Green Bali Online kopen - Green Bali te koop | RC Kopen\" \/>\n<meta property=\"og:description\" content=\"Als je Green Bali uit onze winkel nog niet hebt geprobeerd, dan mis je veel. Wij helpen u Green Bali online te kopen tegen goedkope tarieven. Koop Green Bali vandaag nog te koop!\" \/>\n<meta property=\"og:url\" content=\"https:\/\/rckopen.com\/hu\/termek\/green-bali\/\" \/>\n<meta property=\"og:site_name\" content=\"RC Kopen\" \/>\n<meta property=\"article:modified_time\" content=\"2025-02-03T10:43:36+00:00\" \/>\n<meta property=\"og:image\" content=\"https:\/\/rckopen.com\/wp-content\/uploads\/2023\/08\/Green-Bali.jpg\" \/>\n\t<meta property=\"og:image:width\" content=\"600\" \/>\n\t<meta property=\"og:image:height\" content=\"600\" \/>\n\t<meta property=\"og:image:type\" content=\"image\/jpeg\" \/>\n<meta name=\"twitter:card\" content=\"summary_large_image\" \/>\n<meta name=\"twitter:label1\" content=\"Becs\u00fclt olvas\u00e1si id\u0151\" \/>\n\t<meta name=\"twitter:data1\" content=\"2 perc\" \/>\n<script type=\"application\/ld+json\" class=\"yoast-schema-graph\">{\"@context\":\"https:\/\/schema.org\",\"@graph\":[{\"@type\":\"WebPage\",\"@id\":\"https:\/\/rckopen.com\/product\/green-bali\/\",\"url\":\"https:\/\/rckopen.com\/product\/green-bali\/\",\"name\":\"Green Bali Online kopen - Green Bali te koop | RC Kopen\",\"isPartOf\":{\"@id\":\"https:\/\/rckopen.com\/#website\"},\"primaryImageOfPage\":{\"@id\":\"https:\/\/rckopen.com\/product\/green-bali\/#primaryimage\"},\"image\":{\"@id\":\"https:\/\/rckopen.com\/product\/green-bali\/#primaryimage\"},\"thumbnailUrl\":\"https:\/\/rckopen.com\/wp-content\/uploads\/2023\/08\/Green-Bali.jpg\",\"datePublished\":\"2023-08-16T07:03:19+00:00\",\"dateModified\":\"2025-02-03T10:43:36+00:00\",\"description\":\"Als je Green Bali uit onze winkel nog niet hebt geprobeerd, dan mis je veel. Wij helpen u Green Bali online te kopen tegen goedkope tarieven. Koop Green Bali vandaag nog te koop!\",\"breadcrumb\":{\"@id\":\"https:\/\/rckopen.com\/product\/green-bali\/#breadcrumb\"},\"inLanguage\":\"hu\",\"potentialAction\":[{\"@type\":\"ReadAction\",\"target\":[\"https:\/\/rckopen.com\/product\/green-bali\/\"]}]},{\"@type\":\"ImageObject\",\"inLanguage\":\"hu\",\"@id\":\"https:\/\/rckopen.com\/product\/green-bali\/#primaryimage\",\"url\":\"https:\/\/rckopen.com\/wp-content\/uploads\/2023\/08\/Green-Bali.jpg\",\"contentUrl\":\"https:\/\/rckopen.com\/wp-content\/uploads\/2023\/08\/Green-Bali.jpg\",\"width\":600,\"height\":600,\"caption\":\"Green-Bali Online kopen\"},{\"@type\":\"BreadcrumbList\",\"@id\":\"https:\/\/rckopen.com\/product\/green-bali\/#breadcrumb\",\"itemListElement\":[{\"@type\":\"ListItem\",\"position\":1,\"name\":\"Home\",\"item\":\"https:\/\/rckopen.com\/\"},{\"@type\":\"ListItem\",\"position\":2,\"name\":\"Shop\",\"item\":\"https:\/\/rckopen.com\/shop\/\"},{\"@type\":\"ListItem\",\"position\":3,\"name\":\"Green Bali Online kopen\"}]},{\"@type\":\"WebSite\",\"@id\":\"https:\/\/rckopen.com\/#website\",\"url\":\"https:\/\/rckopen.com\/\",\"name\":\"RC Kopen\",\"description\":\"Research Chemicals\",\"potentialAction\":[{\"@type\":\"SearchAction\",\"target\":{\"@type\":\"EntryPoint\",\"urlTemplate\":\"https:\/\/rckopen.com\/?s={search_term_string}\"},\"query-input\":{\"@type\":\"PropertyValueSpecification\",\"valueRequired\":true,\"valueName\":\"search_term_string\"}}],\"inLanguage\":\"hu\"}]}<\/script>\n<!-- \/ Yoast SEO plugin. -->","yoast_head_json":{"title":"Green Bali Online kopen - Green Bali te koop | RC Kopen","description":"Als je Green Bali uit onze winkel nog niet hebt geprobeerd, dan mis je veel. Wij helpen u Green Bali online te kopen tegen goedkope tarieven. Koop Green Bali vandaag nog te koop!","robots":{"index":"index","follow":"follow","max-snippet":"max-snippet:-1","max-image-preview":"max-image-preview:large","max-video-preview":"max-video-preview:-1"},"canonical":"https:\/\/rckopen.com\/hu\/termek\/green-bali\/","og_locale":"hu_HU","og_type":"article","og_title":"Green Bali Online kopen - Green Bali te koop | RC Kopen","og_description":"Als je Green Bali uit onze winkel nog niet hebt geprobeerd, dan mis je veel. Wij helpen u Green Bali online te kopen tegen goedkope tarieven. Koop Green Bali vandaag nog te koop!","og_url":"https:\/\/rckopen.com\/hu\/termek\/green-bali\/","og_site_name":"RC Kopen","article_modified_time":"2025-02-03T10:43:36+00:00","og_image":[{"width":600,"height":600,"url":"https:\/\/rckopen.com\/wp-content\/uploads\/2023\/08\/Green-Bali.jpg","type":"image\/jpeg"}],"twitter_card":"summary_large_image","twitter_misc":{"Becs\u00fclt olvas\u00e1si id\u0151":"2 perc"},"schema":{"@context":"https:\/\/schema.org","@graph":[{"@type":"WebPage","@id":"https:\/\/rckopen.com\/product\/green-bali\/","url":"https:\/\/rckopen.com\/product\/green-bali\/","name":"Green Bali Online kopen - Green Bali te koop | RC Kopen","isPartOf":{"@id":"https:\/\/rckopen.com\/#website"},"primaryImageOfPage":{"@id":"https:\/\/rckopen.com\/product\/green-bali\/#primaryimage"},"image":{"@id":"https:\/\/rckopen.com\/product\/green-bali\/#primaryimage"},"thumbnailUrl":"https:\/\/rckopen.com\/wp-content\/uploads\/2023\/08\/Green-Bali.jpg","datePublished":"2023-08-16T07:03:19+00:00","dateModified":"2025-02-03T10:43:36+00:00","description":"Als je Green Bali uit onze winkel nog niet hebt geprobeerd, dan mis je veel. Wij helpen u Green Bali online te kopen tegen goedkope tarieven. Koop Green Bali vandaag nog te koop!","breadcrumb":{"@id":"https:\/\/rckopen.com\/product\/green-bali\/#breadcrumb"},"inLanguage":"hu","potentialAction":[{"@type":"ReadAction","target":["https:\/\/rckopen.com\/product\/green-bali\/"]}]},{"@type":"ImageObject","inLanguage":"hu","@id":"https:\/\/rckopen.com\/product\/green-bali\/#primaryimage","url":"https:\/\/rckopen.com\/wp-content\/uploads\/2023\/08\/Green-Bali.jpg","contentUrl":"https:\/\/rckopen.com\/wp-content\/uploads\/2023\/08\/Green-Bali.jpg","width":600,"height":600,"caption":"Green-Bali Online kopen"},{"@type":"BreadcrumbList","@id":"https:\/\/rckopen.com\/product\/green-bali\/#breadcrumb","itemListElement":[{"@type":"ListItem","position":1,"name":"Home","item":"https:\/\/rckopen.com\/"},{"@type":"ListItem","position":2,"name":"Shop","item":"https:\/\/rckopen.com\/shop\/"},{"@type":"ListItem","position":3,"name":"Green Bali Online kopen"}]},{"@type":"WebSite","@id":"https:\/\/rckopen.com\/#website","url":"https:\/\/rckopen.com\/","name":"RC Kopen","description":"Research Chemicals","potentialAction":[{"@type":"SearchAction","target":{"@type":"EntryPoint","urlTemplate":"https:\/\/rckopen.com\/?s={search_term_string}"},"query-input":{"@type":"PropertyValueSpecification","valueRequired":true,"valueName":"search_term_string"}}],"inLanguage":"hu"}]}},"_links":{"self":[{"href":"https:\/\/rckopen.com\/hu\/wp-json\/wp\/v2\/product\/6544","targetHints":{"allow":["GET"]}}],"collection":[{"href":"https:\/\/rckopen.com\/hu\/wp-json\/wp\/v2\/product"}],"about":[{"href":"https:\/\/rckopen.com\/hu\/wp-json\/wp\/v2\/types\/product"}],"replies":[{"embeddable":true,"href":"https:\/\/rckopen.com\/hu\/wp-json\/wp\/v2\/comments?post=6544"}],"wp:featuredmedia":[{"embeddable":true,"href":"https:\/\/rckopen.com\/hu\/wp-json\/wp\/v2\/media\/6554"}],"wp:attachment":[{"href":"https:\/\/rckopen.com\/hu\/wp-json\/wp\/v2\/media?parent=6544"}],"wp:term":[{"taxonomy":"product_brand","embeddable":true,"href":"https:\/\/rckopen.com\/hu\/wp-json\/wp\/v2\/product_brand?post=6544"},{"taxonomy":"product_cat","embeddable":true,"href":"https:\/\/rckopen.com\/hu\/wp-json\/wp\/v2\/product_cat?post=6544"},{"taxonomy":"product_tag","embeddable":true,"href":"https:\/\/rckopen.com\/hu\/wp-json\/wp\/v2\/product_tag?post=6544"}],"curies":[{"name":"wp","href":"https:\/\/api.w.org\/{rel}","templated":true}]}}