{"id":6545,"date":"2023-08-16T07:04:00","date_gmt":"2023-08-16T07:04:00","guid":{"rendered":"https:\/\/diligentplug.com\/chems\/?post_type=product&#038;p=6545"},"modified":"2025-02-06T06:06:26","modified_gmt":"2025-02-06T06:06:26","slug":"green-indo","status":"publish","type":"product","link":"https:\/\/rckopen.com\/hu\/termek\/zold-indo\/","title":{"rendered":"V\u00e1s\u00e1roljon Green Indo-t online"},"content":{"rendered":"<h2>V\u00e1s\u00e1roljon Green Indo-t online<\/h2>\n<h3>A Green Indo-val kapcsolatban<\/h3>\n<p>A v\u00e9gs\u0151 kratom kombin\u00e1ci\u00f3 az <a href=\"https:\/\/rckopen.com\/hu\/termek\/zold-indo\/\">Z\u00f6ld Indo<\/a>, egy hibrid t\u00f6rzs, amely kell\u0151 er\u0151vel \u00e9s st\u00edlussal rendelkezik ahhoz, hogy m\u00e9g a legtapasztaltabb kratom felhaszn\u00e1l\u00f3kat is kiel\u00e9g\u00edtse. A legn\u00e9pszer\u0171bb z\u00f6ldv\u00e9n\u00e1s kratomporunk k\u00e9t kratom t\u00f6rzs finom kever\u00e9ke. Meg fogja \u00e9rteni, hogy mi\u00e9rt lett orsz\u00e1gos bestseller, ha kipr\u00f3b\u00e1lt n\u00e9h\u00e1nyat. Egy konzisztens, kiv\u00e1l\u00f3 gy\u00f3gyn\u00f6v\u00e9ny-minta, a Green Indo t\u00f6rzs j\u00f3l kiegyens\u00falyozott, tart\u00f3s illat\u00fa. Ide\u00e1lis kompromisszumot k\u00edn\u00e1l a felhaszn\u00e1l\u00f3knak a \u201elass\u00fa\u201d \u00e9s \u201egyors\u201d kratom t\u00f6rzsek k\u00f6z\u00f6tt.<\/p>\n<h3>A Green Indo t\u00f6rt\u00e9nete \u00e9s eredete<\/h3>\n<p>Az indon\u00e9ziai Borneo \u00e9szaki rezerv\u00e1tuma ad otthont a foly\u00f3partoknak, ahol a Green Indo n\u0151. A Mitragyna speciosa b\u00e1rmely nemzets\u00e9ge, a k\u00e1v\u00e9csal\u00e1dba tartoz\u00f3 \u00f6r\u00f6kz\u00f6ld fa, amely bizonyos szokatlan k\u00e9miai \u00f6sszetev\u0151ket tartalmaz, a kratom forr\u00e1sa. B\u00e1r pontos eredete nem ismert, a Green Indo jelenleg Indon\u00e9zia egyes ter\u00fcletein tal\u00e1lhat\u00f3. <a href=\"https:\/\/rckopen.com\/hu\/termek\/zold-indo\/\">RC Kopen<\/a><\/p>\n<p>Green Indo t\u00f6rzs\u00fcnket a Kapuas foly\u00f3 melletti mag\u00e1nfarmon termesztik etikus m\u00f3don. A Sabah-f\u00e9le Tenegang-t\u00f3 hull\u00e1mz\u00f3 mell\u00e9kfoly\u00f3ja mellett ezek a kratom n\u00f6v\u00e9nyek szervesen n\u0151nek. \u00c9rett, v\u00e1ltozatos indo kratom f\u00e1inkat Malajzia \u00e1llam \u00e9desv\u00edzi mocsaraiban vagy azok k\u00f6zel\u00e9ben teny\u00e9sztik.<\/p>\n<p>Az ezekb\u0151l a malajziai kratomf\u00e1kb\u00f3l sz\u00e1rmaz\u00f3 dugv\u00e1nyokat a kalimantani farmunkra sz\u00e1ll\u00edtjuk, amint el\u00e9rik a d\u00f6nt\u0151 \u00e9retts\u00e9get. Ott Maeng Da kratom f\u00e1kba oltj\u00e1k \u0151ket, hogy er\u0151sebb, ellen\u00e1ll\u00f3bb p\u00e9ld\u00e1nyt hozzanak l\u00e9tre. A bennsz\u00fcl\u00f6tt partnereink \u00e1ltal alkalmazott fenntarthat\u00f3 mez\u0151gazdas\u00e1gi gyakorlatok egyik p\u00e9ld\u00e1ja, hogy egy f\u00f6ldter\u00fcleten t\u00f6bb n\u00f6v\u00e9nyt termesztenek.<\/p>\n<p>A z\u00f6ld ind\u00f3f\u00e1ink, amelyek a leveleik leszed\u00e9se el\u0151tt vannak, a mi z\u00f6ld indof\u00e1ink 10-15 l\u00e1b magasra n\u0151nek. Er\u0151s Green Indo kever\u00e9k\u00fcnk teljes teste a s\u00e1ros, m\u00e9ly talajban b\u0151velked\u0151 \u00e1sv\u00e1nyi anyagokb\u00f3l \u00e9s t\u00e1panyagokb\u00f3l sz\u00e1rmazik. Miel\u0151tt sz\u00e9tv\u00e1logatn\u00e1nk \u00e9s \u00e1tengedn\u00e9nk sz\u00e9les tork\u00fa kalap\u00e1csos malmon, a kratom leveleinket nedvess\u00e9gelt\u00e1vol\u00edt\u00f3 technol\u00f3gi\u00e1val leveg\u0151ztetj\u00fck.<\/p>\n<p>A Green Indo egy feh\u00e9r mal\u00e1j \u00e9s z\u00f6ld maeng da leveleib\u0151l k\u00e9sz\u00fclt p\u00e1ntkombin\u00e1ci\u00f3. Peszticidek n\u00e9lk\u00fcli rovarriaszt\u00f3t haszn\u00e1lunk a kratomf\u00e1k lombkoron\u00e1j\u00e1nak v\u00e9delm\u00e9re.<\/p>\n<h3>El\u0151ny\u00f6k, amelyeket a Green Indo seg\u00edts\u00e9g\u00e9vel tapasztalhat<\/h3>\n<p>A kratom csal\u00e1d egyik legleny\u0171g\u00f6z\u0151bb fajt\u00e1ja a Green Indo. A feh\u00e9r mal\u00e1j hozz\u00e1adott tisztas\u00e1g\u00e1val ez a gy\u00f6ny\u00f6r\u0171 kratom kombin\u00e1ci\u00f3 a Maeng Da \u00f6sszes lehets\u00e9ges megk\u00f6nnyebb\u00fcl\u00e9s\u00e9t k\u00edn\u00e1lja. A z\u00f6ld indo hat\u00e1sai t\u00f6bbr\u0151l sz\u00f3lnak, mint csak m\u00e9rt\u00e9kkel fogyasztva el\u0151seg\u00edtik a m\u00e9ly relax\u00e1ci\u00f3t.<\/p>\n<p>Ebben az er\u0151s z\u00f6ld kratom fajt\u00e1ban tal\u00e1lhat\u00f3 sok alkaloid, flavonoid \u00e9s terpenoid felel\u0151s a sok lehets\u00e9ges hat\u00e1s\u00e9rt. Az ajmalicin, a korynoxin A \u00e9s B, a mitraginin, a 9-hidroxi-korinanteidin, a 7-hidroxi-mitraginin (7-OH) \u00e9s a speciociliatin n\u00e9h\u00e1ny ilyen sz\u00fcks\u00e9ges komponens.<\/p>\n<p>A fent eml\u00edtett anyagok n\u00e9lk\u00fcl\u00f6zhetetlenek a Green Indo sokoldal\u00fa arom\u00e1j\u00e1hoz. A Green Indo gy\u00f3gy\u00edt\u00f3 tulajdons\u00e1gokkal, term\u00e9szetes hangoss\u00e1ggal \u00e9s energial\u00f6kettel b\u00edr.<\/p>\n<h3>Ennek az er\u0151s t\u00f6rzsnek d\u00f3zisf\u00fcgg\u0151 hat\u00e1sai lehetnek.<\/h3>\n<p>A kratom csal\u00e1d egyik legleny\u0171g\u00f6z\u0151bb fajt\u00e1ja a Green Indo. A feh\u00e9r mal\u00e1j hozz\u00e1adott tisztas\u00e1g\u00e1val ez a gy\u00f6ny\u00f6r\u0171 kratom kombin\u00e1ci\u00f3 a Maeng Da \u00f6sszes lehets\u00e9ges megk\u00f6nnyebb\u00fcl\u00e9s\u00e9t k\u00edn\u00e1lja. A z\u00f6ld indo hat\u00e1sai t\u00f6bbr\u0151l sz\u00f3lnak, mint csak m\u00e9rt\u00e9kkel fogyasztva el\u0151seg\u00edtik a m\u00e9ly relax\u00e1ci\u00f3t.<\/p>\n<p>Ebben az er\u0151s z\u00f6ld kratom fajt\u00e1ban tal\u00e1lhat\u00f3 sok alkaloid, flavonoid \u00e9s terpenoid felel\u0151s a sok lehets\u00e9ges hat\u00e1s\u00e9rt. Az ajmalicin, a korynoxin A \u00e9s B, a mitraginin, a 9-hidroxi-korinanteidin, a 7-hidroxi-mitraginin (7-OH) \u00e9s a speciociliatin n\u00e9h\u00e1ny ilyen sz\u00fcks\u00e9ges komponens.<\/p>\n<p>A fent eml\u00edtett anyagok n\u00e9lk\u00fcl\u00f6zhetetlenek a Green Indo sokoldal\u00fa arom\u00e1j\u00e1hoz. A Green Indo gy\u00f3gy\u00edt\u00f3 tulajdons\u00e1gokkal, term\u00e9szetes hangoss\u00e1ggal \u00e9s energial\u00f6kettel b\u00edr.<\/p>\n<p>Ennek az er\u0151s t\u00f6rzsnek d\u00f3zisf\u00fcgg\u0151 hat\u00e1sai lehetnek. Az adagol\u00e1s befoly\u00e1solhatja a hat\u00e1sokat; ennek az er\u0151s t\u00f6rzsnek a hat\u00e1sai az adagol\u00e1st\u00f3l f\u00fcgg\u0151en kis m\u00e9rt\u00e9kben v\u00e1ltoznak. A Green Indo a Maeng D-hez hasonl\u00f3an alacsonyabb d\u00f3zisokban is hat\u00e1sos, mint a legt\u00f6bb. M\u00edg a nagyobb adagok rendk\u00edv\u00fcli emelked\u00e9st eredm\u00e9nyezhetnek, az alacsonyabb d\u00f3zisok a j\u00f3l\u00e9t hull\u00e1mait okozhatj\u00e1k.<\/p>\n<p>Alacsony adagokban a Green Indo nagyon vil\u00e1gos; m\u00e9rs\u00e9kelt adagokban inspir\u00e1l\u00f3; nagyobb adagokban pedig m\u00e9lyen helyre\u00e1ll\u00edt\u00f3 hat\u00e1s\u00fa. A tapasztalt kratom-szak\u00e9rt\u0151k t\u00f6bbs\u00e9ge kis vagy m\u00e9rs\u00e9kelt mennyis\u00e9g\u0171 kratom fogyaszt\u00e1s\u00e1t javasolja a kellemetlen mell\u00e9khat\u00e1sok elker\u00fcl\u00e9se \u00e9rdek\u00e9ben. A nagy d\u00f3zisok nem k\u00edv\u00e1nt mell\u00e9khat\u00e1sokat okozhatnak. Az id\u0151 m\u00fal\u00e1s\u00e1val alkalmazott nagy d\u00f3zisok szint\u00e9n nem javalltok.<\/p>\n<p>A k\u00fcl\u00f6nb\u00f6z\u0151 kratom fajt\u00e1k hat\u00e1sa elt\u00e9r\u0151 lehet. \u00c1ltal\u00e1noss\u00e1gban elmondhat\u00f3, hogy a kratom haszn\u00e1lat\u00e1nak hat\u00e1sai a felhaszn\u00e1l\u00f3 \u00e9rz\u00e9kenys\u00e9g\u00e9t\u0151l, magass\u00e1g\u00e1t\u00f3l, s\u00faly\u00e1t\u00f3l \u00e9s t\u00e1pl\u00e1lkoz\u00e1s\u00e1t\u00f3l f\u00fcgg\u0151en v\u00e1ltozhatnak. A hat\u00e1sok szem\u00e9lyenk\u00e9nt jelent\u0151sen elt\u00e9rhetnek.<\/p>","protected":false},"excerpt":{"rendered":"<p><strong>Forma: <\/strong>por<\/p>\n<p><strong>NMR-elemz\u00e9s: <\/strong>N\/A<\/p>","protected":false},"featured_media":6555,"comment_status":"open","ping_status":"closed","template":"","meta":{"_joinchat":[]},"product_brand":[],"product_cat":[139],"product_tag":[],"class_list":{"0":"post-6545","1":"product","2":"type-product","3":"status-publish","4":"has-post-thumbnail","6":"product_cat-kratom","8":"first","9":"instock","10":"shipping-taxable","11":"purchasable","12":"product-type-variable"},"yoast_head":"<!-- This site is optimized with the Yoast SEO plugin v26.3 - https:\/\/yoast.com\/wordpress\/plugins\/seo\/ -->\n<title>Green Indo online kopen- Green Indo te koop | RC kopen<\/title>\n<meta name=\"description\" content=\"Als je gepassioneerd bent door Green Indo, dan is onze winkel de beste plek om Green Indo online te kopen. U kunt groene indo te koop hebben tegen de laagste prijs. Bestel nu en ontvang hem binnenkort!\" \/>\n<meta name=\"robots\" content=\"index, follow, max-snippet:-1, max-image-preview:large, max-video-preview:-1\" \/>\n<link rel=\"canonical\" href=\"https:\/\/rckopen.com\/hu\/termek\/zold-indo\/\" \/>\n<meta property=\"og:locale\" content=\"hu_HU\" \/>\n<meta property=\"og:type\" content=\"article\" \/>\n<meta property=\"og:title\" content=\"Green Indo online kopen- Green Indo te koop | RC kopen\" \/>\n<meta property=\"og:description\" content=\"Als je gepassioneerd bent door Green Indo, dan is onze winkel de beste plek om Green Indo online te kopen. U kunt groene indo te koop hebben tegen de laagste prijs. Bestel nu en ontvang hem binnenkort!\" \/>\n<meta property=\"og:url\" content=\"https:\/\/rckopen.com\/hu\/termek\/zold-indo\/\" \/>\n<meta property=\"og:site_name\" content=\"RC Kopen\" \/>\n<meta property=\"article:modified_time\" content=\"2025-02-06T06:06:26+00:00\" \/>\n<meta property=\"og:image\" content=\"https:\/\/rckopen.com\/wp-content\/uploads\/2023\/08\/Green-Indo.jpg\" \/>\n\t<meta property=\"og:image:width\" content=\"600\" \/>\n\t<meta property=\"og:image:height\" content=\"600\" \/>\n\t<meta property=\"og:image:type\" content=\"image\/jpeg\" \/>\n<meta name=\"twitter:card\" content=\"summary_large_image\" \/>\n<meta name=\"twitter:label1\" content=\"Becs\u00fclt olvas\u00e1si id\u0151\" \/>\n\t<meta name=\"twitter:data1\" content=\"4 perc\" \/>\n<script type=\"application\/ld+json\" class=\"yoast-schema-graph\">{\"@context\":\"https:\/\/schema.org\",\"@graph\":[{\"@type\":\"WebPage\",\"@id\":\"https:\/\/rckopen.com\/product\/green-indo\/\",\"url\":\"https:\/\/rckopen.com\/product\/green-indo\/\",\"name\":\"Green Indo online kopen- Green Indo te koop | RC kopen\",\"isPartOf\":{\"@id\":\"https:\/\/rckopen.com\/#website\"},\"primaryImageOfPage\":{\"@id\":\"https:\/\/rckopen.com\/product\/green-indo\/#primaryimage\"},\"image\":{\"@id\":\"https:\/\/rckopen.com\/product\/green-indo\/#primaryimage\"},\"thumbnailUrl\":\"https:\/\/rckopen.com\/wp-content\/uploads\/2023\/08\/Green-Indo.jpg\",\"datePublished\":\"2023-08-16T07:04:00+00:00\",\"dateModified\":\"2025-02-06T06:06:26+00:00\",\"description\":\"Als je gepassioneerd bent door Green Indo, dan is onze winkel de beste plek om Green Indo online te kopen. U kunt groene indo te koop hebben tegen de laagste prijs. Bestel nu en ontvang hem binnenkort!\",\"breadcrumb\":{\"@id\":\"https:\/\/rckopen.com\/product\/green-indo\/#breadcrumb\"},\"inLanguage\":\"hu\",\"potentialAction\":[{\"@type\":\"ReadAction\",\"target\":[\"https:\/\/rckopen.com\/product\/green-indo\/\"]}]},{\"@type\":\"ImageObject\",\"inLanguage\":\"hu\",\"@id\":\"https:\/\/rckopen.com\/product\/green-indo\/#primaryimage\",\"url\":\"https:\/\/rckopen.com\/wp-content\/uploads\/2023\/08\/Green-Indo.jpg\",\"contentUrl\":\"https:\/\/rckopen.com\/wp-content\/uploads\/2023\/08\/Green-Indo.jpg\",\"width\":600,\"height\":600,\"caption\":\"Green Indo online kopen\"},{\"@type\":\"BreadcrumbList\",\"@id\":\"https:\/\/rckopen.com\/product\/green-indo\/#breadcrumb\",\"itemListElement\":[{\"@type\":\"ListItem\",\"position\":1,\"name\":\"Home\",\"item\":\"https:\/\/rckopen.com\/\"},{\"@type\":\"ListItem\",\"position\":2,\"name\":\"Shop\",\"item\":\"https:\/\/rckopen.com\/shop\/\"},{\"@type\":\"ListItem\",\"position\":3,\"name\":\"Green Indo online kopen\"}]},{\"@type\":\"WebSite\",\"@id\":\"https:\/\/rckopen.com\/#website\",\"url\":\"https:\/\/rckopen.com\/\",\"name\":\"RC Kopen\",\"description\":\"Research Chemicals\",\"potentialAction\":[{\"@type\":\"SearchAction\",\"target\":{\"@type\":\"EntryPoint\",\"urlTemplate\":\"https:\/\/rckopen.com\/?s={search_term_string}\"},\"query-input\":{\"@type\":\"PropertyValueSpecification\",\"valueRequired\":true,\"valueName\":\"search_term_string\"}}],\"inLanguage\":\"hu\"}]}<\/script>\n<!-- \/ Yoast SEO plugin. -->","yoast_head_json":{"title":"Green Indo online kopen- Green Indo te koop | RC kopen","description":"Als je gepassioneerd bent door Green Indo, dan is onze winkel de beste plek om Green Indo online te kopen. U kunt groene indo te koop hebben tegen de laagste prijs. Bestel nu en ontvang hem binnenkort!","robots":{"index":"index","follow":"follow","max-snippet":"max-snippet:-1","max-image-preview":"max-image-preview:large","max-video-preview":"max-video-preview:-1"},"canonical":"https:\/\/rckopen.com\/hu\/termek\/zold-indo\/","og_locale":"hu_HU","og_type":"article","og_title":"Green Indo online kopen- Green Indo te koop | RC kopen","og_description":"Als je gepassioneerd bent door Green Indo, dan is onze winkel de beste plek om Green Indo online te kopen. U kunt groene indo te koop hebben tegen de laagste prijs. Bestel nu en ontvang hem binnenkort!","og_url":"https:\/\/rckopen.com\/hu\/termek\/zold-indo\/","og_site_name":"RC Kopen","article_modified_time":"2025-02-06T06:06:26+00:00","og_image":[{"width":600,"height":600,"url":"https:\/\/rckopen.com\/wp-content\/uploads\/2023\/08\/Green-Indo.jpg","type":"image\/jpeg"}],"twitter_card":"summary_large_image","twitter_misc":{"Becs\u00fclt olvas\u00e1si id\u0151":"4 perc"},"schema":{"@context":"https:\/\/schema.org","@graph":[{"@type":"WebPage","@id":"https:\/\/rckopen.com\/product\/green-indo\/","url":"https:\/\/rckopen.com\/product\/green-indo\/","name":"Green Indo online kopen- Green Indo te koop | RC kopen","isPartOf":{"@id":"https:\/\/rckopen.com\/#website"},"primaryImageOfPage":{"@id":"https:\/\/rckopen.com\/product\/green-indo\/#primaryimage"},"image":{"@id":"https:\/\/rckopen.com\/product\/green-indo\/#primaryimage"},"thumbnailUrl":"https:\/\/rckopen.com\/wp-content\/uploads\/2023\/08\/Green-Indo.jpg","datePublished":"2023-08-16T07:04:00+00:00","dateModified":"2025-02-06T06:06:26+00:00","description":"Als je gepassioneerd bent door Green Indo, dan is onze winkel de beste plek om Green Indo online te kopen. U kunt groene indo te koop hebben tegen de laagste prijs. Bestel nu en ontvang hem binnenkort!","breadcrumb":{"@id":"https:\/\/rckopen.com\/product\/green-indo\/#breadcrumb"},"inLanguage":"hu","potentialAction":[{"@type":"ReadAction","target":["https:\/\/rckopen.com\/product\/green-indo\/"]}]},{"@type":"ImageObject","inLanguage":"hu","@id":"https:\/\/rckopen.com\/product\/green-indo\/#primaryimage","url":"https:\/\/rckopen.com\/wp-content\/uploads\/2023\/08\/Green-Indo.jpg","contentUrl":"https:\/\/rckopen.com\/wp-content\/uploads\/2023\/08\/Green-Indo.jpg","width":600,"height":600,"caption":"Green Indo online kopen"},{"@type":"BreadcrumbList","@id":"https:\/\/rckopen.com\/product\/green-indo\/#breadcrumb","itemListElement":[{"@type":"ListItem","position":1,"name":"Home","item":"https:\/\/rckopen.com\/"},{"@type":"ListItem","position":2,"name":"Shop","item":"https:\/\/rckopen.com\/shop\/"},{"@type":"ListItem","position":3,"name":"Green Indo online kopen"}]},{"@type":"WebSite","@id":"https:\/\/rckopen.com\/#website","url":"https:\/\/rckopen.com\/","name":"RC Kopen","description":"Research Chemicals","potentialAction":[{"@type":"SearchAction","target":{"@type":"EntryPoint","urlTemplate":"https:\/\/rckopen.com\/?s={search_term_string}"},"query-input":{"@type":"PropertyValueSpecification","valueRequired":true,"valueName":"search_term_string"}}],"inLanguage":"hu"}]}},"_links":{"self":[{"href":"https:\/\/rckopen.com\/hu\/wp-json\/wp\/v2\/product\/6545","targetHints":{"allow":["GET"]}}],"collection":[{"href":"https:\/\/rckopen.com\/hu\/wp-json\/wp\/v2\/product"}],"about":[{"href":"https:\/\/rckopen.com\/hu\/wp-json\/wp\/v2\/types\/product"}],"replies":[{"embeddable":true,"href":"https:\/\/rckopen.com\/hu\/wp-json\/wp\/v2\/comments?post=6545"}],"wp:featuredmedia":[{"embeddable":true,"href":"https:\/\/rckopen.com\/hu\/wp-json\/wp\/v2\/media\/6555"}],"wp:attachment":[{"href":"https:\/\/rckopen.com\/hu\/wp-json\/wp\/v2\/media?parent=6545"}],"wp:term":[{"taxonomy":"product_brand","embeddable":true,"href":"https:\/\/rckopen.com\/hu\/wp-json\/wp\/v2\/product_brand?post=6545"},{"taxonomy":"product_cat","embeddable":true,"href":"https:\/\/rckopen.com\/hu\/wp-json\/wp\/v2\/product_cat?post=6545"},{"taxonomy":"product_tag","embeddable":true,"href":"https:\/\/rckopen.com\/hu\/wp-json\/wp\/v2\/product_tag?post=6545"}],"curies":[{"name":"wp","href":"https:\/\/api.w.org\/{rel}","templated":true}]}}