{"id":6546,"date":"2023-08-16T07:04:39","date_gmt":"2023-08-16T07:04:39","guid":{"rendered":"https:\/\/diligentplug.com\/chems\/?post_type=product&#038;p=6546"},"modified":"2025-02-06T06:18:33","modified_gmt":"2025-02-06T06:18:33","slug":"green-kapuas","status":"publish","type":"product","link":"https:\/\/rckopen.com\/hu\/termek\/zold-kapuak\/","title":{"rendered":"V\u00e1s\u00e1roljon Green Kapuas-t online"},"content":{"rendered":"<h2><ins datetime=\"2023-09-06T07:09:14+00:00\"><\/ins>V\u00e1s\u00e1roljon Green Kapuas-t online<\/h2>\n<p>Kev\u00e9s t\u00f6rzs tud azonosulni a mi\u00e9nkkel <a href=\"https:\/\/rckopen.com\/hu\/termek\/zold-kapuak\/\">Z\u00f6ld Kapuas<\/a> a por tisztas\u00e1ga \u00e9s hat\u00e9konys\u00e1ga az igazi Kapuas \u00e9lm\u00e9ny\u00e9rt. Az indon\u00e9ziai Kapuas Hulu r\u00e9gi\u00f3 a forr\u00e1sa ennek a t\u00f6rzsnek, amelyet \u00e9vezredek \u00f3ta haszn\u00e1lnak olyan \u0151slakos k\u00f6z\u00f6ss\u00e9gek, mint az ib\u00e1nok \u00e9s a silat. A Kats Botanicals err\u0151l a helyr\u0151l szerzi be ezt a t\u00f6rzset. Z\u00f6ld Kapuas porunk tart\u00f3s el\u0151nyeir\u0151l \u00e9s megb\u00edzhat\u00f3s\u00e1g\u00e1r\u00f3l h\u00edres er\u0151s Kapuas t\u00f6rzsk\u00e9nt, \u00e9s olyan gazd\u00e1lkod\u00f3k termesztik, akiket \u00e1tvizsg\u00e1ltak az etikus gazd\u00e1lkod\u00e1si m\u00f3dszerek ir\u00e1nt. A Kapuas levelek sz\u00e1r\u00e1t lev\u00e1gj\u00e1k \u00e9s z\u00e1rt t\u00e9rben megsz\u00e1r\u00edtj\u00e1k, hogy a t\u00f6rzsh\u00f6z kapcsol\u00f3d\u00f3 m\u00e9lyz\u00f6ld \u00e1rnyalatot biztos\u00edts\u00e1k. Sok Kapuas-felhaszn\u00e1l\u00f3 esk\u00fcszik a nagyon k\u00edv\u00e1nt alkaloidprofilra, amelyet ezzel a feldolgoz\u00e1si m\u00f3dszerrel \u00e1ll\u00edtanak el\u0151. B\u00fcszk\u00e9n mutatjuk be \u00fcgyfeleinknek ezt az egzotikus Kapuas t\u00f6rzset, mik\u00f6zben szigor\u00faan betartjuk a 30 napos el\u00e9gedetts\u00e9gi garanci\u00e1nkat \u00e9s a helyes gy\u00e1rt\u00e1si gyakorlatunkat.<\/p>\n<h3>Green Kapuas t\u00f6rt\u00e9nete<\/h3>\n<p>A Green Vein Kapuas t\u00f6rzseket a jelenlegi id\u0151kben a j\u00f3l\u00e9t el\u0151seg\u00edt\u00e9s\u00e9re haszn\u00e1lj\u00e1k szerte a vil\u00e1gon. Ennek a t\u00f6rzsnek a val\u00f3di gy\u00f6kerei azonban D\u00e9lkelet-\u00c1zsi\u00e1ban vannak, mivel a Kapuas fa csak ott tal\u00e1lhat\u00f3 meg term\u00e9szetesen. K\u00f6ztudott, hogy a Green Kapuas por er\u0151s hat\u00e1sai hosszabb ideig tartanak, mint sok m\u00e1s, ugyanabban a kateg\u00f3ri\u00e1ba tartoz\u00f3 t\u00f6rzs\u00e9. A Kats Botanicals 2016 \u00f3ta k\u00edn\u00e1l pr\u00e9mium min\u0151s\u00e9g\u0171, laborat\u00f3riumilag tesztelt Green Kapuas port, \u00e9s ez id\u0151 alatt ez a t\u00f6rzs a legkelend\u0151bb term\u00e9keink k\u00f6z\u00e9 tartozik. N\u00e9zze meg, mi\u00e9rt, pr\u00f3b\u00e1lja ki. <a href=\"https:\/\/rckopen.com\/hu\/\">RC Kopen<\/a><\/p>\n<h3>Kat's Green Kapuas por: Mi\u00e9rt v\u00e1lassza?<\/h3>\n<p>A n\u00f6v\u00e9nyi porok feldolgoz\u00e1sa a r\u00e9szletekre val\u00f3 odafigyel\u00e9s n\u00e9lk\u00fcl szennyez\u0151 anyagokat, p\u00e9ld\u00e1ul neh\u00e9zf\u00e9meket \u00e9s mikroorganizmusokat juttathat be. Kapuas eset\u00e9ben ez k\u00fcl\u00f6n\u00f6sen igaz. A Kats Botanicals ez\u00e9rt minden import\u00e1lt sz\u00e1ll\u00edtm\u00e1nyon szakaszos laborat\u00f3riumi vizsg\u00e1latot v\u00e9gez, hogy \u00fcgyfeleink csak a piacon el\u00e9rhet\u0151 legtiszt\u00e1bb, legtiszt\u00e1bb Green Kapuas port kapj\u00e1k. Kapuasra t\u00e1maszkodhatsz \u00edgy. Ez az, amit\u0151l a Kats Botanicals egyed\u00fcl\u00e1ll\u00f3!<\/p>","protected":false},"excerpt":{"rendered":"<p><strong>Forma: <\/strong>por<\/p>\n<p><strong>NMR-elemz\u00e9s: <\/strong>N\/A<\/p>","protected":false},"featured_media":6556,"comment_status":"open","ping_status":"closed","template":"","meta":{"_joinchat":[]},"product_brand":[],"product_cat":[139],"product_tag":[],"class_list":{"0":"post-6546","1":"product","2":"type-product","3":"status-publish","4":"has-post-thumbnail","6":"product_cat-kratom","8":"first","9":"instock","10":"shipping-taxable","11":"purchasable","12":"product-type-variable"},"yoast_head":"<!-- This site is optimized with the Yoast SEO plugin v26.3 - https:\/\/yoast.com\/wordpress\/plugins\/seo\/ -->\n<title>Green Kapuas online kopen - Green Kapuas te koop<\/title>\n<meta name=\"description\" content=\"Als je Green Kapuas online wilt kopen, dan is een bezoek aan onze online RC Kopen winkel de beste optie. Wij hebben Green Kapuas te koop. Plaats nu uw bestelling!\" \/>\n<meta name=\"robots\" content=\"index, follow, max-snippet:-1, max-image-preview:large, max-video-preview:-1\" \/>\n<link rel=\"canonical\" href=\"https:\/\/rckopen.com\/hu\/termek\/zold-kapuak\/\" \/>\n<meta property=\"og:locale\" content=\"hu_HU\" \/>\n<meta property=\"og:type\" content=\"article\" \/>\n<meta property=\"og:title\" content=\"Green Kapuas online kopen - Green Kapuas te koop\" \/>\n<meta property=\"og:description\" content=\"Als je Green Kapuas online wilt kopen, dan is een bezoek aan onze online RC Kopen winkel de beste optie. Wij hebben Green Kapuas te koop. Plaats nu uw bestelling!\" \/>\n<meta property=\"og:url\" content=\"https:\/\/rckopen.com\/hu\/termek\/zold-kapuak\/\" \/>\n<meta property=\"og:site_name\" content=\"RC Kopen\" \/>\n<meta property=\"article:modified_time\" content=\"2025-02-06T06:18:33+00:00\" \/>\n<meta property=\"og:image\" content=\"https:\/\/rckopen.com\/wp-content\/uploads\/2023\/08\/Green-Kapuas.jpg\" \/>\n\t<meta property=\"og:image:width\" content=\"600\" \/>\n\t<meta property=\"og:image:height\" content=\"600\" \/>\n\t<meta property=\"og:image:type\" content=\"image\/jpeg\" \/>\n<meta name=\"twitter:card\" content=\"summary_large_image\" \/>\n<meta name=\"twitter:label1\" content=\"Becs\u00fclt olvas\u00e1si id\u0151\" \/>\n\t<meta name=\"twitter:data1\" content=\"2 perc\" \/>\n<script type=\"application\/ld+json\" class=\"yoast-schema-graph\">{\"@context\":\"https:\/\/schema.org\",\"@graph\":[{\"@type\":\"WebPage\",\"@id\":\"https:\/\/rckopen.com\/product\/green-kapuas\/\",\"url\":\"https:\/\/rckopen.com\/product\/green-kapuas\/\",\"name\":\"Green Kapuas online kopen - Green Kapuas te koop\",\"isPartOf\":{\"@id\":\"https:\/\/rckopen.com\/#website\"},\"primaryImageOfPage\":{\"@id\":\"https:\/\/rckopen.com\/product\/green-kapuas\/#primaryimage\"},\"image\":{\"@id\":\"https:\/\/rckopen.com\/product\/green-kapuas\/#primaryimage\"},\"thumbnailUrl\":\"https:\/\/rckopen.com\/wp-content\/uploads\/2023\/08\/Green-Kapuas.jpg\",\"datePublished\":\"2023-08-16T07:04:39+00:00\",\"dateModified\":\"2025-02-06T06:18:33+00:00\",\"description\":\"Als je Green Kapuas online wilt kopen, dan is een bezoek aan onze online RC Kopen winkel de beste optie. Wij hebben Green Kapuas te koop. Plaats nu uw bestelling!\",\"breadcrumb\":{\"@id\":\"https:\/\/rckopen.com\/product\/green-kapuas\/#breadcrumb\"},\"inLanguage\":\"hu\",\"potentialAction\":[{\"@type\":\"ReadAction\",\"target\":[\"https:\/\/rckopen.com\/product\/green-kapuas\/\"]}]},{\"@type\":\"ImageObject\",\"inLanguage\":\"hu\",\"@id\":\"https:\/\/rckopen.com\/product\/green-kapuas\/#primaryimage\",\"url\":\"https:\/\/rckopen.com\/wp-content\/uploads\/2023\/08\/Green-Kapuas.jpg\",\"contentUrl\":\"https:\/\/rckopen.com\/wp-content\/uploads\/2023\/08\/Green-Kapuas.jpg\",\"width\":600,\"height\":600,\"caption\":\"Green Kapuas online kopen\"},{\"@type\":\"BreadcrumbList\",\"@id\":\"https:\/\/rckopen.com\/product\/green-kapuas\/#breadcrumb\",\"itemListElement\":[{\"@type\":\"ListItem\",\"position\":1,\"name\":\"Home\",\"item\":\"https:\/\/rckopen.com\/\"},{\"@type\":\"ListItem\",\"position\":2,\"name\":\"Shop\",\"item\":\"https:\/\/rckopen.com\/shop\/\"},{\"@type\":\"ListItem\",\"position\":3,\"name\":\"Green Kapuas online kopen\"}]},{\"@type\":\"WebSite\",\"@id\":\"https:\/\/rckopen.com\/#website\",\"url\":\"https:\/\/rckopen.com\/\",\"name\":\"RC Kopen\",\"description\":\"Research Chemicals\",\"potentialAction\":[{\"@type\":\"SearchAction\",\"target\":{\"@type\":\"EntryPoint\",\"urlTemplate\":\"https:\/\/rckopen.com\/?s={search_term_string}\"},\"query-input\":{\"@type\":\"PropertyValueSpecification\",\"valueRequired\":true,\"valueName\":\"search_term_string\"}}],\"inLanguage\":\"hu\"}]}<\/script>\n<!-- \/ Yoast SEO plugin. -->","yoast_head_json":{"title":"Green Kapuas online kopen - Green Kapuas te koop","description":"Als je Green Kapuas online wilt kopen, dan is een bezoek aan onze online RC Kopen winkel de beste optie. Wij hebben Green Kapuas te koop. Plaats nu uw bestelling!","robots":{"index":"index","follow":"follow","max-snippet":"max-snippet:-1","max-image-preview":"max-image-preview:large","max-video-preview":"max-video-preview:-1"},"canonical":"https:\/\/rckopen.com\/hu\/termek\/zold-kapuak\/","og_locale":"hu_HU","og_type":"article","og_title":"Green Kapuas online kopen - Green Kapuas te koop","og_description":"Als je Green Kapuas online wilt kopen, dan is een bezoek aan onze online RC Kopen winkel de beste optie. Wij hebben Green Kapuas te koop. Plaats nu uw bestelling!","og_url":"https:\/\/rckopen.com\/hu\/termek\/zold-kapuak\/","og_site_name":"RC Kopen","article_modified_time":"2025-02-06T06:18:33+00:00","og_image":[{"width":600,"height":600,"url":"https:\/\/rckopen.com\/wp-content\/uploads\/2023\/08\/Green-Kapuas.jpg","type":"image\/jpeg"}],"twitter_card":"summary_large_image","twitter_misc":{"Becs\u00fclt olvas\u00e1si id\u0151":"2 perc"},"schema":{"@context":"https:\/\/schema.org","@graph":[{"@type":"WebPage","@id":"https:\/\/rckopen.com\/product\/green-kapuas\/","url":"https:\/\/rckopen.com\/product\/green-kapuas\/","name":"Green Kapuas online kopen - Green Kapuas te koop","isPartOf":{"@id":"https:\/\/rckopen.com\/#website"},"primaryImageOfPage":{"@id":"https:\/\/rckopen.com\/product\/green-kapuas\/#primaryimage"},"image":{"@id":"https:\/\/rckopen.com\/product\/green-kapuas\/#primaryimage"},"thumbnailUrl":"https:\/\/rckopen.com\/wp-content\/uploads\/2023\/08\/Green-Kapuas.jpg","datePublished":"2023-08-16T07:04:39+00:00","dateModified":"2025-02-06T06:18:33+00:00","description":"Als je Green Kapuas online wilt kopen, dan is een bezoek aan onze online RC Kopen winkel de beste optie. Wij hebben Green Kapuas te koop. Plaats nu uw bestelling!","breadcrumb":{"@id":"https:\/\/rckopen.com\/product\/green-kapuas\/#breadcrumb"},"inLanguage":"hu","potentialAction":[{"@type":"ReadAction","target":["https:\/\/rckopen.com\/product\/green-kapuas\/"]}]},{"@type":"ImageObject","inLanguage":"hu","@id":"https:\/\/rckopen.com\/product\/green-kapuas\/#primaryimage","url":"https:\/\/rckopen.com\/wp-content\/uploads\/2023\/08\/Green-Kapuas.jpg","contentUrl":"https:\/\/rckopen.com\/wp-content\/uploads\/2023\/08\/Green-Kapuas.jpg","width":600,"height":600,"caption":"Green Kapuas online kopen"},{"@type":"BreadcrumbList","@id":"https:\/\/rckopen.com\/product\/green-kapuas\/#breadcrumb","itemListElement":[{"@type":"ListItem","position":1,"name":"Home","item":"https:\/\/rckopen.com\/"},{"@type":"ListItem","position":2,"name":"Shop","item":"https:\/\/rckopen.com\/shop\/"},{"@type":"ListItem","position":3,"name":"Green Kapuas online kopen"}]},{"@type":"WebSite","@id":"https:\/\/rckopen.com\/#website","url":"https:\/\/rckopen.com\/","name":"RC Kopen","description":"Research Chemicals","potentialAction":[{"@type":"SearchAction","target":{"@type":"EntryPoint","urlTemplate":"https:\/\/rckopen.com\/?s={search_term_string}"},"query-input":{"@type":"PropertyValueSpecification","valueRequired":true,"valueName":"search_term_string"}}],"inLanguage":"hu"}]}},"_links":{"self":[{"href":"https:\/\/rckopen.com\/hu\/wp-json\/wp\/v2\/product\/6546","targetHints":{"allow":["GET"]}}],"collection":[{"href":"https:\/\/rckopen.com\/hu\/wp-json\/wp\/v2\/product"}],"about":[{"href":"https:\/\/rckopen.com\/hu\/wp-json\/wp\/v2\/types\/product"}],"replies":[{"embeddable":true,"href":"https:\/\/rckopen.com\/hu\/wp-json\/wp\/v2\/comments?post=6546"}],"wp:featuredmedia":[{"embeddable":true,"href":"https:\/\/rckopen.com\/hu\/wp-json\/wp\/v2\/media\/6556"}],"wp:attachment":[{"href":"https:\/\/rckopen.com\/hu\/wp-json\/wp\/v2\/media?parent=6546"}],"wp:term":[{"taxonomy":"product_brand","embeddable":true,"href":"https:\/\/rckopen.com\/hu\/wp-json\/wp\/v2\/product_brand?post=6546"},{"taxonomy":"product_cat","embeddable":true,"href":"https:\/\/rckopen.com\/hu\/wp-json\/wp\/v2\/product_cat?post=6546"},{"taxonomy":"product_tag","embeddable":true,"href":"https:\/\/rckopen.com\/hu\/wp-json\/wp\/v2\/product_tag?post=6546"}],"curies":[{"name":"wp","href":"https:\/\/api.w.org\/{rel}","templated":true}]}}