{"id":6547,"date":"2023-08-16T07:05:44","date_gmt":"2023-08-16T07:05:44","guid":{"rendered":"https:\/\/diligentplug.com\/chems\/?post_type=product&#038;p=6547"},"modified":"2025-02-03T10:45:10","modified_gmt":"2025-02-03T10:45:10","slug":"green-cambodian","status":"publish","type":"product","link":"https:\/\/rckopen.com\/hu\/termek\/green-cambodian\/","title":{"rendered":"V\u00e1s\u00e1roljon z\u00f6ld Kambodzs\u00e1t online"},"content":{"rendered":"<h2>V\u00e1s\u00e1roljon z\u00f6ld Kambodzs\u00e1t online<\/h2>\n<p><a href=\"https:\/\/rckopen.com\/hu\/termek\/green-cambodian\/\">V\u00e1s\u00e1roljon z\u00f6ld Kambodzs\u00e1t online<\/a>, <a href=\"https:\/\/en.wikipedia.org\/wiki\/Cambodia\">Cambodjaanse<\/a> Kratom a z\u00f6ld v\u00e1ltozatban. Ez a kratom nagyon intenz\u00edv z\u00f6ld sz\u00edn\u0171, \u00e9s nagyon n\u00e9pszer\u0171 a v\u00e1s\u00e1rl\u00f3k k\u00f6r\u00e9ben. Finoms\u00e1g\u00e1val, magas min\u0151s\u00e9g\u00e9vel \u00e9s term\u00e9szetesen kedvez\u0151 \u00e1raival meggy\u0151z. Min\u00e9l nagyobb a mennyis\u00e9g, ann\u00e1l alacsonyabb a kil\u00f3nk\u00e9nti \u00e1runk<a href=\"https:\/\/rckopen.com\/hu\/termek\/zold-bentuangie\/\">.<\/a><\/p>\n<table class=\"ecwid-description-table\">\n<tbody>\n<tr>\n<td><u data-redactor-tag=\"u\">Sz\u00edn:<\/u><\/td>\n<td>Z\u00f6ld<\/td>\n<\/tr>\n<\/tbody>\n<\/table>\n<table class=\"ecwid-description-table\" style=\"width: 103.68%; height: 462px;\">\n<tbody>\n<tr>\n<td><u data-redactor-tag=\"u\">Alak:<\/u><\/td>\n<td>Por finomra \u0151r\u00f6lve<\/td>\n<\/tr>\n<tr>\n<td><u data-redactor-tag=\"u\">Minta ugyanabb\u00f3l a fajt\u00e1b\u00f3l:<\/u><\/td>\n<td>100 grammb\u00f3l = 10 gramm minta<\/td>\n<\/tr>\n<tr>\n<td><u data-redactor-tag=\"u\">Csomagol\u00e1s:<\/u><\/td>\n<td>K\u00f6nny\u0171 \u00e9s k\u00f6nny\u0171 Doypack<\/td>\n<\/tr>\n<tr>\n<td>\u00c9rt\u00e9kes\u00edt\u00e9si felt\u00e9telek:<\/td>\n<td>A n\u00f6v\u00e9nyi alap\u00fa sz\u00ednpigment csak fest\u00e9sre vagy sz\u00ednez\u00e9sre alkalmas.<br \/>\nA sz\u00ednpigmentek nem ker\u00fclhetnek szembe. Ha a szem\u00e9be ker\u00fcl, \u00f6bl\u00edtse ki tiszta v\u00edzzel. Ha az irrit\u00e1ci\u00f3 tov\u00e1bbra is fenn\u00e1ll, forduljon orvoshoz. A sz\u00ednpigment fogyaszt\u00e1sra nem alkalmas, csak text\u00edli\u00e1k, ker\u00e1mi\u00e1k, gyerty\u00e1k stb. sz\u00ednez\u00e9s\u00e9re, vagy olyan m\u0171v\u00e9szek sz\u00e1m\u00e1ra, akik sz\u00e9p festm\u00e9nyeket szeretn\u00e9nek k\u00e9sz\u00edteni.<\/p>\n<p>A sz\u00ednpigmentet tartsa t\u00e1vol a gyermekekt\u0151l! V\u00e1s\u00e1roljon z\u00f6ld kambodzsai<\/td>\n<\/tr>\n<\/tbody>\n<\/table>\n<p><a href=\"https:\/\/rckopen.com\/hu\/\">rckopen.com<\/a> nem emberi fogyaszt\u00e1sra sz\u00e1nt term\u00e9keket k\u00edn\u00e1l. Ha ezt a term\u00e9ket (akaratlanul) fogyasztja, annak s\u00falyos eg\u00e9szs\u00e9g\u00fcgyi k\u00f6vetkezm\u00e9nyei lehetnek<a href=\"https:\/\/en.wikipedia.org\/wiki\/Mitragyna_speciosa\">.<\/a><\/p>","protected":false},"excerpt":{"rendered":"<p><strong>Forma: <\/strong>por<\/p>\n<p><strong>NMR-elemz\u00e9s: <\/strong>N\/A<\/p>","protected":false},"featured_media":6557,"comment_status":"open","ping_status":"closed","template":"","meta":{"_joinchat":[]},"product_brand":[],"product_cat":[139],"product_tag":[],"class_list":{"0":"post-6547","1":"product","2":"type-product","3":"status-publish","4":"has-post-thumbnail","6":"product_cat-kratom","8":"first","9":"instock","10":"shipping-taxable","11":"purchasable","12":"product-type-variable"},"yoast_head":"<!-- This site is optimized with the Yoast SEO plugin v26.3 - https:\/\/yoast.com\/wordpress\/plugins\/seo\/ -->\n<title>Green Cambodian online kopen - Green Cambodian online te koop<\/title>\n<meta name=\"description\" content=\"Mis geen enkele kans om Green Cambodian online te kopen bij onze Rckopen. We hebben uitsluitend te maken met Green Cambodian die te koop zijn tegen goedkope tarieven. Wij zijn hier om u te helpen. Bestel nu!\" \/>\n<meta name=\"robots\" content=\"index, follow, max-snippet:-1, max-image-preview:large, max-video-preview:-1\" \/>\n<link rel=\"canonical\" href=\"https:\/\/rckopen.com\/hu\/termek\/green-cambodian\/\" \/>\n<meta property=\"og:locale\" content=\"hu_HU\" \/>\n<meta property=\"og:type\" content=\"article\" \/>\n<meta property=\"og:title\" content=\"Green Cambodian online kopen - Green Cambodian online te koop\" \/>\n<meta property=\"og:description\" content=\"Mis geen enkele kans om Green Cambodian online te kopen bij onze Rckopen. We hebben uitsluitend te maken met Green Cambodian die te koop zijn tegen goedkope tarieven. Wij zijn hier om u te helpen. Bestel nu!\" \/>\n<meta property=\"og:url\" content=\"https:\/\/rckopen.com\/hu\/termek\/green-cambodian\/\" \/>\n<meta property=\"og:site_name\" content=\"RC Kopen\" \/>\n<meta property=\"article:modified_time\" content=\"2025-02-03T10:45:10+00:00\" \/>\n<meta property=\"og:image\" content=\"https:\/\/rckopen.com\/wp-content\/uploads\/2023\/08\/Green-Cambodian.jpg\" \/>\n\t<meta property=\"og:image:width\" content=\"600\" \/>\n\t<meta property=\"og:image:height\" content=\"600\" \/>\n\t<meta property=\"og:image:type\" content=\"image\/jpeg\" \/>\n<meta name=\"twitter:card\" content=\"summary_large_image\" \/>\n<meta name=\"twitter:label1\" content=\"Becs\u00fclt olvas\u00e1si id\u0151\" \/>\n\t<meta name=\"twitter:data1\" content=\"1 perc\" \/>\n<script type=\"application\/ld+json\" class=\"yoast-schema-graph\">{\"@context\":\"https:\/\/schema.org\",\"@graph\":[{\"@type\":\"WebPage\",\"@id\":\"https:\/\/rckopen.com\/product\/green-cambodian\/\",\"url\":\"https:\/\/rckopen.com\/product\/green-cambodian\/\",\"name\":\"Green Cambodian online kopen - Green Cambodian online te koop\",\"isPartOf\":{\"@id\":\"https:\/\/rckopen.com\/#website\"},\"primaryImageOfPage\":{\"@id\":\"https:\/\/rckopen.com\/product\/green-cambodian\/#primaryimage\"},\"image\":{\"@id\":\"https:\/\/rckopen.com\/product\/green-cambodian\/#primaryimage\"},\"thumbnailUrl\":\"https:\/\/rckopen.com\/wp-content\/uploads\/2023\/08\/Green-Cambodian.jpg\",\"datePublished\":\"2023-08-16T07:05:44+00:00\",\"dateModified\":\"2025-02-03T10:45:10+00:00\",\"description\":\"Mis geen enkele kans om Green Cambodian online te kopen bij onze Rckopen. We hebben uitsluitend te maken met Green Cambodian die te koop zijn tegen goedkope tarieven. Wij zijn hier om u te helpen. Bestel nu!\",\"breadcrumb\":{\"@id\":\"https:\/\/rckopen.com\/product\/green-cambodian\/#breadcrumb\"},\"inLanguage\":\"hu\",\"potentialAction\":[{\"@type\":\"ReadAction\",\"target\":[\"https:\/\/rckopen.com\/product\/green-cambodian\/\"]}]},{\"@type\":\"ImageObject\",\"inLanguage\":\"hu\",\"@id\":\"https:\/\/rckopen.com\/product\/green-cambodian\/#primaryimage\",\"url\":\"https:\/\/rckopen.com\/wp-content\/uploads\/2023\/08\/Green-Cambodian.jpg\",\"contentUrl\":\"https:\/\/rckopen.com\/wp-content\/uploads\/2023\/08\/Green-Cambodian.jpg\",\"width\":600,\"height\":600,\"caption\":\"Green-Cambodian online kopen\"},{\"@type\":\"BreadcrumbList\",\"@id\":\"https:\/\/rckopen.com\/product\/green-cambodian\/#breadcrumb\",\"itemListElement\":[{\"@type\":\"ListItem\",\"position\":1,\"name\":\"Home\",\"item\":\"https:\/\/rckopen.com\/\"},{\"@type\":\"ListItem\",\"position\":2,\"name\":\"Shop\",\"item\":\"https:\/\/rckopen.com\/shop\/\"},{\"@type\":\"ListItem\",\"position\":3,\"name\":\"Green Cambodian online kopen\"}]},{\"@type\":\"WebSite\",\"@id\":\"https:\/\/rckopen.com\/#website\",\"url\":\"https:\/\/rckopen.com\/\",\"name\":\"RC Kopen\",\"description\":\"Research Chemicals\",\"potentialAction\":[{\"@type\":\"SearchAction\",\"target\":{\"@type\":\"EntryPoint\",\"urlTemplate\":\"https:\/\/rckopen.com\/?s={search_term_string}\"},\"query-input\":{\"@type\":\"PropertyValueSpecification\",\"valueRequired\":true,\"valueName\":\"search_term_string\"}}],\"inLanguage\":\"hu\"}]}<\/script>\n<!-- \/ Yoast SEO plugin. -->","yoast_head_json":{"title":"Green Cambodian online kopen - Green Cambodian online te koop","description":"Mis geen enkele kans om Green Cambodian online te kopen bij onze Rckopen. We hebben uitsluitend te maken met Green Cambodian die te koop zijn tegen goedkope tarieven. Wij zijn hier om u te helpen. Bestel nu!","robots":{"index":"index","follow":"follow","max-snippet":"max-snippet:-1","max-image-preview":"max-image-preview:large","max-video-preview":"max-video-preview:-1"},"canonical":"https:\/\/rckopen.com\/hu\/termek\/green-cambodian\/","og_locale":"hu_HU","og_type":"article","og_title":"Green Cambodian online kopen - Green Cambodian online te koop","og_description":"Mis geen enkele kans om Green Cambodian online te kopen bij onze Rckopen. We hebben uitsluitend te maken met Green Cambodian die te koop zijn tegen goedkope tarieven. Wij zijn hier om u te helpen. Bestel nu!","og_url":"https:\/\/rckopen.com\/hu\/termek\/green-cambodian\/","og_site_name":"RC Kopen","article_modified_time":"2025-02-03T10:45:10+00:00","og_image":[{"width":600,"height":600,"url":"https:\/\/rckopen.com\/wp-content\/uploads\/2023\/08\/Green-Cambodian.jpg","type":"image\/jpeg"}],"twitter_card":"summary_large_image","twitter_misc":{"Becs\u00fclt olvas\u00e1si id\u0151":"1 perc"},"schema":{"@context":"https:\/\/schema.org","@graph":[{"@type":"WebPage","@id":"https:\/\/rckopen.com\/product\/green-cambodian\/","url":"https:\/\/rckopen.com\/product\/green-cambodian\/","name":"Green Cambodian online kopen - Green Cambodian online te koop","isPartOf":{"@id":"https:\/\/rckopen.com\/#website"},"primaryImageOfPage":{"@id":"https:\/\/rckopen.com\/product\/green-cambodian\/#primaryimage"},"image":{"@id":"https:\/\/rckopen.com\/product\/green-cambodian\/#primaryimage"},"thumbnailUrl":"https:\/\/rckopen.com\/wp-content\/uploads\/2023\/08\/Green-Cambodian.jpg","datePublished":"2023-08-16T07:05:44+00:00","dateModified":"2025-02-03T10:45:10+00:00","description":"Mis geen enkele kans om Green Cambodian online te kopen bij onze Rckopen. We hebben uitsluitend te maken met Green Cambodian die te koop zijn tegen goedkope tarieven. Wij zijn hier om u te helpen. Bestel nu!","breadcrumb":{"@id":"https:\/\/rckopen.com\/product\/green-cambodian\/#breadcrumb"},"inLanguage":"hu","potentialAction":[{"@type":"ReadAction","target":["https:\/\/rckopen.com\/product\/green-cambodian\/"]}]},{"@type":"ImageObject","inLanguage":"hu","@id":"https:\/\/rckopen.com\/product\/green-cambodian\/#primaryimage","url":"https:\/\/rckopen.com\/wp-content\/uploads\/2023\/08\/Green-Cambodian.jpg","contentUrl":"https:\/\/rckopen.com\/wp-content\/uploads\/2023\/08\/Green-Cambodian.jpg","width":600,"height":600,"caption":"Green-Cambodian online kopen"},{"@type":"BreadcrumbList","@id":"https:\/\/rckopen.com\/product\/green-cambodian\/#breadcrumb","itemListElement":[{"@type":"ListItem","position":1,"name":"Home","item":"https:\/\/rckopen.com\/"},{"@type":"ListItem","position":2,"name":"Shop","item":"https:\/\/rckopen.com\/shop\/"},{"@type":"ListItem","position":3,"name":"Green Cambodian online kopen"}]},{"@type":"WebSite","@id":"https:\/\/rckopen.com\/#website","url":"https:\/\/rckopen.com\/","name":"RC Kopen","description":"Research Chemicals","potentialAction":[{"@type":"SearchAction","target":{"@type":"EntryPoint","urlTemplate":"https:\/\/rckopen.com\/?s={search_term_string}"},"query-input":{"@type":"PropertyValueSpecification","valueRequired":true,"valueName":"search_term_string"}}],"inLanguage":"hu"}]}},"_links":{"self":[{"href":"https:\/\/rckopen.com\/hu\/wp-json\/wp\/v2\/product\/6547","targetHints":{"allow":["GET"]}}],"collection":[{"href":"https:\/\/rckopen.com\/hu\/wp-json\/wp\/v2\/product"}],"about":[{"href":"https:\/\/rckopen.com\/hu\/wp-json\/wp\/v2\/types\/product"}],"replies":[{"embeddable":true,"href":"https:\/\/rckopen.com\/hu\/wp-json\/wp\/v2\/comments?post=6547"}],"wp:featuredmedia":[{"embeddable":true,"href":"https:\/\/rckopen.com\/hu\/wp-json\/wp\/v2\/media\/6557"}],"wp:attachment":[{"href":"https:\/\/rckopen.com\/hu\/wp-json\/wp\/v2\/media?parent=6547"}],"wp:term":[{"taxonomy":"product_brand","embeddable":true,"href":"https:\/\/rckopen.com\/hu\/wp-json\/wp\/v2\/product_brand?post=6547"},{"taxonomy":"product_cat","embeddable":true,"href":"https:\/\/rckopen.com\/hu\/wp-json\/wp\/v2\/product_cat?post=6547"},{"taxonomy":"product_tag","embeddable":true,"href":"https:\/\/rckopen.com\/hu\/wp-json\/wp\/v2\/product_tag?post=6547"}],"curies":[{"name":"wp","href":"https:\/\/api.w.org\/{rel}","templated":true}]}}