{"id":6549,"date":"2023-08-16T07:07:19","date_gmt":"2023-08-16T07:07:19","guid":{"rendered":"https:\/\/diligentplug.com\/chems\/?post_type=product&#038;p=6549"},"modified":"2025-02-06T06:30:02","modified_gmt":"2025-02-06T06:30:02","slug":"green-papua","status":"publish","type":"product","link":"https:\/\/rckopen.com\/hu\/termek\/green-papua\/","title":{"rendered":"V\u00e1s\u00e1roljon Green Papu\u00e1t online"},"content":{"rendered":"<h2>V\u00e1s\u00e1roljon Green Papu\u00e1t online<\/h2>\n<h3>Z\u00f6ld P\u00e1pua t\u00f6rzse<\/h3>\n<p>\u00c9l\u00e9nk hibrid t\u00f6rzs, <a href=\"https:\/\/rckopen.com\/hu\/termek\/green-papua\/\">Z\u00f6ld P\u00e1pua<\/a> Er\u0151teljes gy\u00fcm\u00f6lcs\u00f6s arom\u00e1kat kever a kiegyens\u00falyozott hat\u00e1sokkal. Ez a t\u00f6rzs, amely j\u00f3l ismert felemel\u0151 \u00e9s nyugtat\u00f3 hat\u00e1s\u00e1r\u00f3l, t\u00f6k\u00e9letes a pihen\u00e9sre, mik\u00f6zben meg\u0151rzi a ment\u00e1lis tisztas\u00e1got \u00e9s a f\u00f3kuszt.<\/p>\n<h3>N\u00e9zze<\/h3>\n<p>A csillog\u00f3 trichom\u00e1k fagyos bor\u00edt\u00e1s\u00e1val a z\u00f6ld p\u00e1pua s\u0171r\u0171, \u00e9l\u00e9nk vir\u00e1gz\u00e1st mutat narancss\u00e1rga, lila \u00e9s z\u00f6ld \u00e1rnyalatokkal. Kiv\u00e1l\u00f3 min\u0151s\u00e9ge szemet gy\u00f6ny\u00f6rk\u00f6dtet\u0151 megjelen\u00e9s\u00e9ben is megmutatkozik.<\/p>\n<h3>Illatanyagok<\/h3>\n<p>A tr\u00f3pusi citrusok jegyeivel \u00e9s kr\u00e9mes al\u00e1fest\u00e9s\u00e9vel ez a t\u00f6rzs kellemes, gy\u00fcm\u00f6lcs\u00f6s illat\u00fa. Illata h\u00edvogat\u00f3, revitaliz\u00e1l\u00f3, \u00e9s egy ny\u00e1ri desszertre eml\u00e9keztet.<\/p>\n<h3>\u00cdz<\/h3>\n<p>A cs\u00edp\u0151s citrusos arom\u00e1ival \u00e9s sima, kr\u00e9mes lecseng\u00e9s\u00e9vel a z\u00f6ld p\u00e1pua gy\u00fcm\u00f6lcs\u00f6s \u00e9dess\u00e9get k\u00edn\u00e1l az \u00edzben. \u00cdzprofilja gazdag, \u00e9l\u00e9nk, \u00e9ppoly \u00e9lvezetes, mint a neve is sugallja.<\/p>\n<h3>Hat\u00e1sok<\/h3>\n<p>A z\u00f6ld p\u00e1pua egy j\u00f3l lekerek\u00edtett hibrid \u00e9lm\u00e9nyt ny\u00fajt, kezdve egy stimul\u00e1l\u00f3 ment\u00e1lis cs\u00facsponttal, amely jav\u00edtja a hangulatot \u00e9s a koncentr\u00e1ci\u00f3t. A magaslatot k\u00f6vet\u0151 nyugtat\u00f3 fizikai ellazul\u00e1s ide\u00e1liss\u00e1 teszi sz\u00e1mos feladat elv\u00e9gz\u00e9s\u00e9re, a kreat\u00edv t\u00f6rekv\u00e9sekt\u0151l a nap v\u00e9gi lenyugv\u00e1sig. <a href=\"https:\/\/rckopen.com\/hu\/\">RC Kopen<\/a><\/p>\n<h3>A term\u00e9k legfontosabb jellemz\u0151i<\/h3>\n<ul>\n<li><strong>Aroma:<\/strong> Tr\u00f3pusi citrusos, kr\u00e9mes, \u00e9des gy\u00fcm\u00f6lcs\u00f6s<\/li>\n<li><strong>Aroma:<\/strong> Cs\u00edp\u0151s citrusos, gy\u00fcm\u00f6lcs\u00f6s \u00e9des, sima kr\u00e9mes<\/li>\n<li><strong>Pozit\u00edv:<\/strong>\u00a0nyugtat\u00f3 \u00e9s kiegyens\u00falyozott hat\u00e1sok<\/li>\n<li><strong>T\u00edpus:<\/strong> Vegyes<\/li>\n<li><strong>Er\u0151:<\/strong> 27.90%<\/li>\n<li><strong>Terp\u00e9nek:<\/strong> Kariofil\u00e9n, mirc\u00e9n \u00e9s limon\u00e9n<\/li>\n<\/ul>\n<h3>Optim\u00e1lis haszn\u00e1lat<\/h3>\n<p>A z\u00f6ld p\u00e1pua ide\u00e1lis kreat\u00edv tev\u00e9kenys\u00e9gekhez, \u00f6sszej\u00f6vetelekhez \u00e9s laza est\u00e9khez. Kiegyens\u00falyozott hat\u00e1sa miatt nappal \u00e9s \u00e9jszaka is haszn\u00e1lhat\u00f3.<\/p>\n<h3>Green Papua GYIK<\/h3>\n<ul>\n<li><strong>Milyen hat\u00e1sa van a z\u00f6ld p\u00e1pu\u00e1nak?<\/strong><br \/>\nb\u00e9k\u00e9s kikapcsol\u00f3d\u00e1s felemel\u0151 \u00e9leter\u0151vel kombin\u00e1lva.s<\/li>\n<li><strong>Milyen \u00edz\u0171 a z\u00f6ld p\u00e1pua?<\/strong><br \/>\nkr\u00e9mes lecseng\u00e9s, zamatos citrusf\u00e9l\u00e9k \u00e9s \u00e9des, gy\u00fcm\u00f6lcs\u00f6s \u00edz.s<\/li>\n<li><strong>Kinek megfelel\u0151 a z\u00f6ld p\u00e1pua?<\/strong><br \/>\nKiv\u00e1l\u00f3 a hibridek rajong\u00f3inak, akik \u00edzletes \u00e9s alkalmazkod\u00f3 \u00e9lm\u00e9nyre v\u00e1gynak.<\/li>\n<li><strong>A z\u00f6ld p\u00e1pua megfelel\u0151 kezd\u0151knek?<\/strong><br \/>\nIgen, a legt\u00f6bb felhaszn\u00e1l\u00f3 kiegyens\u00falyozott hat\u00e1sokat \u00e9rhet el.<\/li>\n<li><strong>Melyik napszak ide\u00e1lis a z\u00f6ld p\u00e1pua haszn\u00e1lat\u00e1hoz?<\/strong><br \/>\nT\u00f6k\u00e9letes nappali koncentr\u00e1l\u00e1shoz vagy \u00e9jszakai pihen\u00e9shez.<\/li>\n<\/ul>\n<h3>Legyen \u00f3vatos<\/h3>\n<ul>\n<li>Haszn\u00e1lja \u00e9sszer\u0171en; maradjon t\u00e1vol a g\u00e9pek vagy aut\u00f3k kezel\u00e9s\u00e9t\u0151l.<\/li>\n<li>Tartsa t\u00e1vol gyermekekt\u0151l \u00e9s h\u00e1zi\u00e1llatokt\u00f3l.<\/li>\n<li>Ha b\u00e1rmilyen eg\u00e9szs\u00e9g\u00fcgyi probl\u00e9m\u00e1ja van, besz\u00e9ljen eg\u00e9szs\u00e9g\u00fcgyi szakemberrel.<\/li>\n<\/ul>","protected":false},"excerpt":{"rendered":"<p><strong>Forma: <\/strong>por<\/p>\n<p><strong>NMR-elemz\u00e9s: <\/strong>N\/A<\/p>","protected":false},"featured_media":6560,"comment_status":"open","ping_status":"closed","template":"","meta":{"_joinchat":[]},"product_brand":[],"product_cat":[139],"product_tag":[],"class_list":{"0":"post-6549","1":"product","2":"type-product","3":"status-publish","4":"has-post-thumbnail","6":"product_cat-kratom","8":"first","9":"instock","10":"shipping-taxable","11":"purchasable","12":"product-type-variable"},"yoast_head":"<!-- This site is optimized with the Yoast SEO plugin v26.3 - https:\/\/yoast.com\/wordpress\/plugins\/seo\/ -->\n<title>Green Papua online kopen - Groen Papua te koop | RC Kopen<\/title>\n<meta name=\"description\" content=\"Onze online rc kopen winkel heeft de beste kwaliteit green papua te koop. Als u green papua online wilt kopen, dan kunnen wij u van alle kanten helpen. Bestel vandaag nog!\" \/>\n<meta name=\"robots\" content=\"index, follow, max-snippet:-1, max-image-preview:large, max-video-preview:-1\" \/>\n<link rel=\"canonical\" href=\"https:\/\/rckopen.com\/hu\/termek\/green-papua\/\" \/>\n<meta property=\"og:locale\" content=\"hu_HU\" \/>\n<meta property=\"og:type\" content=\"article\" \/>\n<meta property=\"og:title\" content=\"Green Papua online kopen - Groen Papua te koop | RC Kopen\" \/>\n<meta property=\"og:description\" content=\"Onze online rc kopen winkel heeft de beste kwaliteit green papua te koop. Als u green papua online wilt kopen, dan kunnen wij u van alle kanten helpen. Bestel vandaag nog!\" \/>\n<meta property=\"og:url\" content=\"https:\/\/rckopen.com\/hu\/termek\/green-papua\/\" \/>\n<meta property=\"og:site_name\" content=\"RC Kopen\" \/>\n<meta property=\"article:modified_time\" content=\"2025-02-06T06:30:02+00:00\" \/>\n<meta property=\"og:image\" content=\"https:\/\/rckopen.com\/wp-content\/uploads\/2023\/08\/Green-Papua.jpg\" \/>\n\t<meta property=\"og:image:width\" content=\"600\" \/>\n\t<meta property=\"og:image:height\" content=\"600\" \/>\n\t<meta property=\"og:image:type\" content=\"image\/jpeg\" \/>\n<meta name=\"twitter:card\" content=\"summary_large_image\" \/>\n<meta name=\"twitter:label1\" content=\"Becs\u00fclt olvas\u00e1si id\u0151\" \/>\n\t<meta name=\"twitter:data1\" content=\"2 perc\" \/>\n<script type=\"application\/ld+json\" class=\"yoast-schema-graph\">{\"@context\":\"https:\/\/schema.org\",\"@graph\":[{\"@type\":\"WebPage\",\"@id\":\"https:\/\/rckopen.com\/product\/green-papua\/\",\"url\":\"https:\/\/rckopen.com\/product\/green-papua\/\",\"name\":\"Green Papua online kopen - Groen Papua te koop | RC Kopen\",\"isPartOf\":{\"@id\":\"https:\/\/rckopen.com\/#website\"},\"primaryImageOfPage\":{\"@id\":\"https:\/\/rckopen.com\/product\/green-papua\/#primaryimage\"},\"image\":{\"@id\":\"https:\/\/rckopen.com\/product\/green-papua\/#primaryimage\"},\"thumbnailUrl\":\"https:\/\/rckopen.com\/wp-content\/uploads\/2023\/08\/Green-Papua.jpg\",\"datePublished\":\"2023-08-16T07:07:19+00:00\",\"dateModified\":\"2025-02-06T06:30:02+00:00\",\"description\":\"Onze online rc kopen winkel heeft de beste kwaliteit green papua te koop. Als u green papua online wilt kopen, dan kunnen wij u van alle kanten helpen. Bestel vandaag nog!\",\"breadcrumb\":{\"@id\":\"https:\/\/rckopen.com\/product\/green-papua\/#breadcrumb\"},\"inLanguage\":\"hu\",\"potentialAction\":[{\"@type\":\"ReadAction\",\"target\":[\"https:\/\/rckopen.com\/product\/green-papua\/\"]}]},{\"@type\":\"ImageObject\",\"inLanguage\":\"hu\",\"@id\":\"https:\/\/rckopen.com\/product\/green-papua\/#primaryimage\",\"url\":\"https:\/\/rckopen.com\/wp-content\/uploads\/2023\/08\/Green-Papua.jpg\",\"contentUrl\":\"https:\/\/rckopen.com\/wp-content\/uploads\/2023\/08\/Green-Papua.jpg\",\"width\":600,\"height\":600,\"caption\":\"Green Papua online kopen\"},{\"@type\":\"BreadcrumbList\",\"@id\":\"https:\/\/rckopen.com\/product\/green-papua\/#breadcrumb\",\"itemListElement\":[{\"@type\":\"ListItem\",\"position\":1,\"name\":\"Home\",\"item\":\"https:\/\/rckopen.com\/\"},{\"@type\":\"ListItem\",\"position\":2,\"name\":\"Shop\",\"item\":\"https:\/\/rckopen.com\/shop\/\"},{\"@type\":\"ListItem\",\"position\":3,\"name\":\"Green Papua online kopen\"}]},{\"@type\":\"WebSite\",\"@id\":\"https:\/\/rckopen.com\/#website\",\"url\":\"https:\/\/rckopen.com\/\",\"name\":\"RC Kopen\",\"description\":\"Research Chemicals\",\"potentialAction\":[{\"@type\":\"SearchAction\",\"target\":{\"@type\":\"EntryPoint\",\"urlTemplate\":\"https:\/\/rckopen.com\/?s={search_term_string}\"},\"query-input\":{\"@type\":\"PropertyValueSpecification\",\"valueRequired\":true,\"valueName\":\"search_term_string\"}}],\"inLanguage\":\"hu\"}]}<\/script>\n<!-- \/ Yoast SEO plugin. -->","yoast_head_json":{"title":"Green Papua online kopen - Groen Papua te koop | RC Kopen","description":"Onze online rc kopen winkel heeft de beste kwaliteit green papua te koop. Als u green papua online wilt kopen, dan kunnen wij u van alle kanten helpen. Bestel vandaag nog!","robots":{"index":"index","follow":"follow","max-snippet":"max-snippet:-1","max-image-preview":"max-image-preview:large","max-video-preview":"max-video-preview:-1"},"canonical":"https:\/\/rckopen.com\/hu\/termek\/green-papua\/","og_locale":"hu_HU","og_type":"article","og_title":"Green Papua online kopen - Groen Papua te koop | RC Kopen","og_description":"Onze online rc kopen winkel heeft de beste kwaliteit green papua te koop. Als u green papua online wilt kopen, dan kunnen wij u van alle kanten helpen. Bestel vandaag nog!","og_url":"https:\/\/rckopen.com\/hu\/termek\/green-papua\/","og_site_name":"RC Kopen","article_modified_time":"2025-02-06T06:30:02+00:00","og_image":[{"width":600,"height":600,"url":"https:\/\/rckopen.com\/wp-content\/uploads\/2023\/08\/Green-Papua.jpg","type":"image\/jpeg"}],"twitter_card":"summary_large_image","twitter_misc":{"Becs\u00fclt olvas\u00e1si id\u0151":"2 perc"},"schema":{"@context":"https:\/\/schema.org","@graph":[{"@type":"WebPage","@id":"https:\/\/rckopen.com\/product\/green-papua\/","url":"https:\/\/rckopen.com\/product\/green-papua\/","name":"Green Papua online kopen - Groen Papua te koop | RC Kopen","isPartOf":{"@id":"https:\/\/rckopen.com\/#website"},"primaryImageOfPage":{"@id":"https:\/\/rckopen.com\/product\/green-papua\/#primaryimage"},"image":{"@id":"https:\/\/rckopen.com\/product\/green-papua\/#primaryimage"},"thumbnailUrl":"https:\/\/rckopen.com\/wp-content\/uploads\/2023\/08\/Green-Papua.jpg","datePublished":"2023-08-16T07:07:19+00:00","dateModified":"2025-02-06T06:30:02+00:00","description":"Onze online rc kopen winkel heeft de beste kwaliteit green papua te koop. Als u green papua online wilt kopen, dan kunnen wij u van alle kanten helpen. Bestel vandaag nog!","breadcrumb":{"@id":"https:\/\/rckopen.com\/product\/green-papua\/#breadcrumb"},"inLanguage":"hu","potentialAction":[{"@type":"ReadAction","target":["https:\/\/rckopen.com\/product\/green-papua\/"]}]},{"@type":"ImageObject","inLanguage":"hu","@id":"https:\/\/rckopen.com\/product\/green-papua\/#primaryimage","url":"https:\/\/rckopen.com\/wp-content\/uploads\/2023\/08\/Green-Papua.jpg","contentUrl":"https:\/\/rckopen.com\/wp-content\/uploads\/2023\/08\/Green-Papua.jpg","width":600,"height":600,"caption":"Green Papua online kopen"},{"@type":"BreadcrumbList","@id":"https:\/\/rckopen.com\/product\/green-papua\/#breadcrumb","itemListElement":[{"@type":"ListItem","position":1,"name":"Home","item":"https:\/\/rckopen.com\/"},{"@type":"ListItem","position":2,"name":"Shop","item":"https:\/\/rckopen.com\/shop\/"},{"@type":"ListItem","position":3,"name":"Green Papua online kopen"}]},{"@type":"WebSite","@id":"https:\/\/rckopen.com\/#website","url":"https:\/\/rckopen.com\/","name":"RC Kopen","description":"Research Chemicals","potentialAction":[{"@type":"SearchAction","target":{"@type":"EntryPoint","urlTemplate":"https:\/\/rckopen.com\/?s={search_term_string}"},"query-input":{"@type":"PropertyValueSpecification","valueRequired":true,"valueName":"search_term_string"}}],"inLanguage":"hu"}]}},"_links":{"self":[{"href":"https:\/\/rckopen.com\/hu\/wp-json\/wp\/v2\/product\/6549","targetHints":{"allow":["GET"]}}],"collection":[{"href":"https:\/\/rckopen.com\/hu\/wp-json\/wp\/v2\/product"}],"about":[{"href":"https:\/\/rckopen.com\/hu\/wp-json\/wp\/v2\/types\/product"}],"replies":[{"embeddable":true,"href":"https:\/\/rckopen.com\/hu\/wp-json\/wp\/v2\/comments?post=6549"}],"wp:featuredmedia":[{"embeddable":true,"href":"https:\/\/rckopen.com\/hu\/wp-json\/wp\/v2\/media\/6560"}],"wp:attachment":[{"href":"https:\/\/rckopen.com\/hu\/wp-json\/wp\/v2\/media?parent=6549"}],"wp:term":[{"taxonomy":"product_brand","embeddable":true,"href":"https:\/\/rckopen.com\/hu\/wp-json\/wp\/v2\/product_brand?post=6549"},{"taxonomy":"product_cat","embeddable":true,"href":"https:\/\/rckopen.com\/hu\/wp-json\/wp\/v2\/product_cat?post=6549"},{"taxonomy":"product_tag","embeddable":true,"href":"https:\/\/rckopen.com\/hu\/wp-json\/wp\/v2\/product_tag?post=6549"}],"curies":[{"name":"wp","href":"https:\/\/api.w.org\/{rel}","templated":true}]}}