{"id":6567,"date":"2023-08-16T08:58:45","date_gmt":"2023-08-16T08:58:45","guid":{"rendered":"https:\/\/diligentplug.com\/chems\/?post_type=product&#038;p=6567"},"modified":"2025-09-16T08:19:25","modified_gmt":"2025-09-16T08:19:25","slug":"bromonordiazepam-pellets-25mg","status":"publish","type":"product","link":"https:\/\/rckopen.com\/hu\/termek\/bromonordiazepam-tabletta-25mg\/","title":{"rendered":"V\u00e1s\u00e1roljon 2,5 mg-os bromonordiazepam pelletet online"},"content":{"rendered":"<h2>broomordiazepam-pellets 2,5 mg online kopen<br \/>\nBromonordiazepam pellet 2,5 mg: az \u00d6n teljes v\u00e1s\u00e1rl\u00e1si \u00fatmutat\u00f3ja<\/h2>\n<p>Bromonordiazepam 2,5 mg-os pelletet szeretne v\u00e1s\u00e1rolni online, de nem tudja, hol kezdje? Ne keressen tov\u00e1bb! Ebben a v\u00e1s\u00e1rl\u00e1si \u00fatmutat\u00f3ban minden olyan inform\u00e1ci\u00f3t megadunk, amelyre sz\u00fcks\u00e9ge van ahhoz, hogy megalapozott d\u00f6nt\u00e9st hozzon, amikor 2,5 mg bromonordiazepam pelletet rendel online.<\/p>\n<h3>Milyen t\u00edpus\u00fa gy\u00f3gyszer a bromonordiaze pampellet 2,5 mg?<\/h3>\n<p>A bromonordiazepam pellet 2,5 mg a benzodiazepin csal\u00e1dba tartoz\u00f3 gy\u00f3gyszerfajta. \u00c1ltal\u00e1ban szorong\u00e1sos zavarok, \u00e1lmatlans\u00e1g \u00e9s rohamok kezel\u00e9s\u00e9re haszn\u00e1lj\u00e1k. Ezek a pelletek 2,5 mg-os, k\u00e9nyelmes adagol\u00e1s\u00faak, \u00edgy k\u00f6nnyen bevehet\u0151k \u00e9s t\u00e1rolhat\u00f3k.<\/p>\n<h3>Mi\u00e9rt v\u00e1s\u00e1roljon Bromonordiazepam 2,5 mg-os pelletet online?<\/h3>\n<p>Sz\u00e1mos oka lehet annak, hogy fontol\u00f3ra veheti a 2,5 mg-os bromonordiazepam pellet v\u00e1s\u00e1rl\u00e1s\u00e1t. El\u0151sz\u00f6r is, nagyon hat\u00e9konyak a szorong\u00e1s \u00e9s az alv\u00e1szavarok kezel\u00e9s\u00e9ben. Ezenk\u00edv\u00fcl a 2,5 mg-os adag a legt\u00f6bb feln\u0151tt sz\u00e1m\u00e1ra megfelel\u0151, \u00e9s sz\u00fcks\u00e9g eset\u00e9n k\u00f6nnyen m\u00f3dos\u00edthat\u00f3. V\u00e9g\u00fcl, a bromonordiazepam pellet online v\u00e1s\u00e1rl\u00e1sa k\u00e9nyelmes \u00e9s diszkr\u00e9t.<\/p>\n<h3>Hol v\u00e1s\u00e1rolhat online bromonordiazepam 2,5 mg-os pelletet?<\/h3>\n<p>Ha 2,5 mg-os bromonordiazepam pelletet szeretne v\u00e1s\u00e1rolni az Egyes\u00fclt Kir\u00e1lys\u00e1gban, felt\u00e9tlen\u00fcl j\u00f3 h\u00edr\u0171 forr\u00e1sb\u00f3l v\u00e1s\u00e1roljon. Az Rckopen.com egy megb\u00edzhat\u00f3 online \u00e1ruh\u00e1z, amely kiv\u00e1l\u00f3 min\u0151s\u00e9g\u0171 2,5 mg-os bromonordiazepam pelletet k\u00edn\u00e1l elad\u00e1sra. A weboldal felhaszn\u00e1l\u00f3bar\u00e1t, a rendel\u00e9s gyors \u00e9s egyszer\u0171.<\/p>\n<h3>Hogyan rendelhet Bromonordiazepam pellet 2,5 mg v\u00e9ny n\u00e9lk\u00fcl?<\/h3>\n<p>A bromonordiazepam pellet 2,5 mg rckopen.com-on t\u00f6rt\u00e9n\u0151 v\u00e1s\u00e1rl\u00e1s\u00e1nak egyik el\u0151nye, hogy v\u00e9ny n\u00e9lk\u00fcl rendelheti meg. Ez egyszer\u0171v\u00e9 \u00e9s probl\u00e9mamentess\u00e9 teszi a folyamatot. Egyszer\u0171en l\u00e1togasson el a weboldalukra, v\u00e1lassza ki a sz\u00fcks\u00e9ges mennyis\u00e9get, \u00e9s l\u00e9pjen tov\u00e1bb a p\u00e9nzt\u00e1rhoz. Rendel\u00e9s\u00e9t gyorsan feldolgozz\u00e1k, \u00e9s az elad\u00f3 bromonordiazepam pellet 2,5 mg-ot diszkr\u00e9ten h\u00e1zhoz sz\u00e1ll\u00edtj\u00e1k \u00d6nnek.<\/p>\n<h3>Mi\u00e9rt v\u00e1lassza az Rckopen.com-ot a Bromonordiazepam pellet 2,5 mg v\u00e1s\u00e1rl\u00e1s\u00e1hoz?<\/h3>\n<p>Az Rckopen.com egy megb\u00edzhat\u00f3 online bolt, amely kiv\u00e1l\u00f3 min\u0151s\u00e9g\u0171 bromonordiazepam pellet 2.5mg elad\u00f3. Term\u00e9keik j\u00f3 h\u00edr\u0171 gy\u00e1rt\u00f3kt\u00f3l sz\u00e1rmaznak, \u00e9s szigor\u00fa min\u0151s\u00e9gellen\u0151rz\u00e9si int\u00e9zked\u00e9seknek vetik al\u00e1 \u0151ket. Ezenk\u00edv\u00fcl \u00fcgyf\u00e9lszolg\u00e1lati csapatuk professzion\u00e1lis \u00e9s hozz\u00e1\u00e9rt\u0151, ami z\u00f6kken\u0151mentes v\u00e1s\u00e1rl\u00e1si \u00e9lm\u00e9nyt biztos\u00edt minden v\u00e1s\u00e1rl\u00f3 sz\u00e1m\u00e1ra. R\u00f6viden, ha bromonordiazepam pellet 2,5 mg-ot szeretne v\u00e1s\u00e1rolni, az rckopen.com a t\u00f6k\u00e9letes hely erre. Kiv\u00e1l\u00f3 min\u0151s\u00e9g\u0171 term\u00e9keikkel, felhaszn\u00e1l\u00f3bar\u00e1t weboldalukkal \u00e9s kiv\u00e1l\u00f3 \u00fcgyf\u00e9lszolg\u00e1latukkal biztos lehet benne, hogy a legjobb \u00e1r-\u00e9rt\u00e9k ar\u00e1nyt kapja a p\u00e9nz\u00e9\u00e9rt. Ne habozzon - v\u00e1s\u00e1roljon bromonordiazepam pellet 2,5 mg leg\u00e1lisan az rckopen.com-on m\u00e9g ma!<br \/>\nNe feledje, hogy egy \u00faj gy\u00f3gyszeres kezel\u00e9s megkezd\u00e9se el\u0151tt mindig konzult\u00e1ljon orvos\u00e1val.<\/p>","protected":false},"excerpt":{"rendered":"<p><strong>IUPAC-n\u00e9v: <\/strong>7-bromo-5-phenyl-1,3-dihydro-1,4-benzodiazepin-2-one<\/p>\n<p><strong>CAS # <\/strong>2894-61-3<\/p>\n<p><strong>Forma: <\/strong>por<\/p>\n<p><strong>NMR-elemz\u00e9s: <\/strong>C15H11BrN2O<\/p>","protected":false},"featured_media":6578,"comment_status":"open","ping_status":"closed","template":"","meta":{"_joinchat":[]},"product_brand":[],"product_cat":[144],"product_tag":[],"class_list":{"0":"post-6567","1":"product","2":"type-product","3":"status-publish","4":"has-post-thumbnail","6":"product_cat-pellets","8":"first","9":"instock","10":"shipping-taxable","11":"purchasable","12":"product-type-variable"},"yoast_head":"<!-- This site is optimized with the Yoast SEO plugin v26.3 - https:\/\/yoast.com\/wordpress\/plugins\/seo\/ -->\n<title>Bromonor Diazepam Pellets 25MG online kopen - Bromonor Diazepam Pellets te koop<\/title>\n<meta name=\"description\" content=\"Als u Bromonor Diazepam Pellets 25mg online kopen, kan onze online rc kopen-winkel u helpen. We hebben hier Bromonor Diazepam Pellets 25mg te koop tegen de beste prijzen. Plaats uw bestelling en profiteer vandaag nog van de nieuwste aanbiedingen!\" \/>\n<meta name=\"robots\" content=\"index, follow, max-snippet:-1, max-image-preview:large, max-video-preview:-1\" \/>\n<link rel=\"canonical\" href=\"https:\/\/rckopen.com\/hu\/termek\/bromonordiazepam-tabletta-25mg\/\" \/>\n<meta property=\"og:locale\" content=\"hu_HU\" \/>\n<meta property=\"og:type\" content=\"article\" \/>\n<meta property=\"og:title\" content=\"Bromonor Diazepam Pellets 25MG online kopen - Bromonor Diazepam Pellets te koop\" \/>\n<meta property=\"og:description\" content=\"Als u Bromonor Diazepam Pellets 25mg online kopen, kan onze online rc kopen-winkel u helpen. We hebben hier Bromonor Diazepam Pellets 25mg te koop tegen de beste prijzen. Plaats uw bestelling en profiteer vandaag nog van de nieuwste aanbiedingen!\" \/>\n<meta property=\"og:url\" content=\"https:\/\/rckopen.com\/hu\/termek\/bromonordiazepam-tabletta-25mg\/\" \/>\n<meta property=\"og:site_name\" content=\"RC Kopen\" \/>\n<meta property=\"article:modified_time\" content=\"2025-09-16T08:19:25+00:00\" \/>\n<meta property=\"og:image\" content=\"https:\/\/rckopen.com\/wp-content\/uploads\/2023\/08\/bromonordiazepam-pellets-25mg.jpg\" \/>\n\t<meta property=\"og:image:width\" content=\"600\" \/>\n\t<meta property=\"og:image:height\" content=\"600\" \/>\n\t<meta property=\"og:image:type\" content=\"image\/jpeg\" \/>\n<meta name=\"twitter:card\" content=\"summary_large_image\" \/>\n<meta name=\"twitter:label1\" content=\"Becs\u00fclt olvas\u00e1si id\u0151\" \/>\n\t<meta name=\"twitter:data1\" content=\"3 perc\" \/>\n<script type=\"application\/ld+json\" class=\"yoast-schema-graph\">{\"@context\":\"https:\/\/schema.org\",\"@graph\":[{\"@type\":\"WebPage\",\"@id\":\"https:\/\/rckopen.com\/product\/bromonordiazepam-pellets-25mg\/\",\"url\":\"https:\/\/rckopen.com\/product\/bromonordiazepam-pellets-25mg\/\",\"name\":\"Bromonor Diazepam Pellets 25MG online kopen - Bromonor Diazepam Pellets te koop\",\"isPartOf\":{\"@id\":\"https:\/\/rckopen.com\/#website\"},\"primaryImageOfPage\":{\"@id\":\"https:\/\/rckopen.com\/product\/bromonordiazepam-pellets-25mg\/#primaryimage\"},\"image\":{\"@id\":\"https:\/\/rckopen.com\/product\/bromonordiazepam-pellets-25mg\/#primaryimage\"},\"thumbnailUrl\":\"https:\/\/rckopen.com\/wp-content\/uploads\/2023\/08\/bromonordiazepam-pellets-25mg.jpg\",\"datePublished\":\"2023-08-16T08:58:45+00:00\",\"dateModified\":\"2025-09-16T08:19:25+00:00\",\"description\":\"Als u Bromonor Diazepam Pellets 25mg online kopen, kan onze online rc kopen-winkel u helpen. We hebben hier Bromonor Diazepam Pellets 25mg te koop tegen de beste prijzen. Plaats uw bestelling en profiteer vandaag nog van de nieuwste aanbiedingen!\",\"breadcrumb\":{\"@id\":\"https:\/\/rckopen.com\/product\/bromonordiazepam-pellets-25mg\/#breadcrumb\"},\"inLanguage\":\"hu\",\"potentialAction\":[{\"@type\":\"ReadAction\",\"target\":[\"https:\/\/rckopen.com\/product\/bromonordiazepam-pellets-25mg\/\"]}]},{\"@type\":\"ImageObject\",\"inLanguage\":\"hu\",\"@id\":\"https:\/\/rckopen.com\/product\/bromonordiazepam-pellets-25mg\/#primaryimage\",\"url\":\"https:\/\/rckopen.com\/wp-content\/uploads\/2023\/08\/bromonordiazepam-pellets-25mg.jpg\",\"contentUrl\":\"https:\/\/rckopen.com\/wp-content\/uploads\/2023\/08\/bromonordiazepam-pellets-25mg.jpg\",\"width\":600,\"height\":600,\"caption\":\"bromonordiazepam-pellets-2,5mg online kopen\"},{\"@type\":\"BreadcrumbList\",\"@id\":\"https:\/\/rckopen.com\/product\/bromonordiazepam-pellets-25mg\/#breadcrumb\",\"itemListElement\":[{\"@type\":\"ListItem\",\"position\":1,\"name\":\"Home\",\"item\":\"https:\/\/rckopen.com\/\"},{\"@type\":\"ListItem\",\"position\":2,\"name\":\"Shop\",\"item\":\"https:\/\/rckopen.com\/shop\/\"},{\"@type\":\"ListItem\",\"position\":3,\"name\":\"bromonordiazepam pellets 2,5mg online kopen\"}]},{\"@type\":\"WebSite\",\"@id\":\"https:\/\/rckopen.com\/#website\",\"url\":\"https:\/\/rckopen.com\/\",\"name\":\"RC Kopen\",\"description\":\"Research Chemicals\",\"potentialAction\":[{\"@type\":\"SearchAction\",\"target\":{\"@type\":\"EntryPoint\",\"urlTemplate\":\"https:\/\/rckopen.com\/?s={search_term_string}\"},\"query-input\":{\"@type\":\"PropertyValueSpecification\",\"valueRequired\":true,\"valueName\":\"search_term_string\"}}],\"inLanguage\":\"hu\"}]}<\/script>\n<!-- \/ Yoast SEO plugin. -->","yoast_head_json":{"title":"Bromonor Diazepam Pellets 25MG online kopen - Bromonor Diazepam Pellets te koop","description":"Als u Bromonor Diazepam Pellets 25mg online kopen, kan onze online rc kopen-winkel u helpen. We hebben hier Bromonor Diazepam Pellets 25mg te koop tegen de beste prijzen. Plaats uw bestelling en profiteer vandaag nog van de nieuwste aanbiedingen!","robots":{"index":"index","follow":"follow","max-snippet":"max-snippet:-1","max-image-preview":"max-image-preview:large","max-video-preview":"max-video-preview:-1"},"canonical":"https:\/\/rckopen.com\/hu\/termek\/bromonordiazepam-tabletta-25mg\/","og_locale":"hu_HU","og_type":"article","og_title":"Bromonor Diazepam Pellets 25MG online kopen - Bromonor Diazepam Pellets te koop","og_description":"Als u Bromonor Diazepam Pellets 25mg online kopen, kan onze online rc kopen-winkel u helpen. We hebben hier Bromonor Diazepam Pellets 25mg te koop tegen de beste prijzen. Plaats uw bestelling en profiteer vandaag nog van de nieuwste aanbiedingen!","og_url":"https:\/\/rckopen.com\/hu\/termek\/bromonordiazepam-tabletta-25mg\/","og_site_name":"RC Kopen","article_modified_time":"2025-09-16T08:19:25+00:00","og_image":[{"width":600,"height":600,"url":"https:\/\/rckopen.com\/wp-content\/uploads\/2023\/08\/bromonordiazepam-pellets-25mg.jpg","type":"image\/jpeg"}],"twitter_card":"summary_large_image","twitter_misc":{"Becs\u00fclt olvas\u00e1si id\u0151":"3 perc"},"schema":{"@context":"https:\/\/schema.org","@graph":[{"@type":"WebPage","@id":"https:\/\/rckopen.com\/product\/bromonordiazepam-pellets-25mg\/","url":"https:\/\/rckopen.com\/product\/bromonordiazepam-pellets-25mg\/","name":"Bromonor Diazepam Pellets 25MG online kopen - Bromonor Diazepam Pellets te koop","isPartOf":{"@id":"https:\/\/rckopen.com\/#website"},"primaryImageOfPage":{"@id":"https:\/\/rckopen.com\/product\/bromonordiazepam-pellets-25mg\/#primaryimage"},"image":{"@id":"https:\/\/rckopen.com\/product\/bromonordiazepam-pellets-25mg\/#primaryimage"},"thumbnailUrl":"https:\/\/rckopen.com\/wp-content\/uploads\/2023\/08\/bromonordiazepam-pellets-25mg.jpg","datePublished":"2023-08-16T08:58:45+00:00","dateModified":"2025-09-16T08:19:25+00:00","description":"Als u Bromonor Diazepam Pellets 25mg online kopen, kan onze online rc kopen-winkel u helpen. We hebben hier Bromonor Diazepam Pellets 25mg te koop tegen de beste prijzen. Plaats uw bestelling en profiteer vandaag nog van de nieuwste aanbiedingen!","breadcrumb":{"@id":"https:\/\/rckopen.com\/product\/bromonordiazepam-pellets-25mg\/#breadcrumb"},"inLanguage":"hu","potentialAction":[{"@type":"ReadAction","target":["https:\/\/rckopen.com\/product\/bromonordiazepam-pellets-25mg\/"]}]},{"@type":"ImageObject","inLanguage":"hu","@id":"https:\/\/rckopen.com\/product\/bromonordiazepam-pellets-25mg\/#primaryimage","url":"https:\/\/rckopen.com\/wp-content\/uploads\/2023\/08\/bromonordiazepam-pellets-25mg.jpg","contentUrl":"https:\/\/rckopen.com\/wp-content\/uploads\/2023\/08\/bromonordiazepam-pellets-25mg.jpg","width":600,"height":600,"caption":"bromonordiazepam-pellets-2,5mg online kopen"},{"@type":"BreadcrumbList","@id":"https:\/\/rckopen.com\/product\/bromonordiazepam-pellets-25mg\/#breadcrumb","itemListElement":[{"@type":"ListItem","position":1,"name":"Home","item":"https:\/\/rckopen.com\/"},{"@type":"ListItem","position":2,"name":"Shop","item":"https:\/\/rckopen.com\/shop\/"},{"@type":"ListItem","position":3,"name":"bromonordiazepam pellets 2,5mg online kopen"}]},{"@type":"WebSite","@id":"https:\/\/rckopen.com\/#website","url":"https:\/\/rckopen.com\/","name":"RC Kopen","description":"Research Chemicals","potentialAction":[{"@type":"SearchAction","target":{"@type":"EntryPoint","urlTemplate":"https:\/\/rckopen.com\/?s={search_term_string}"},"query-input":{"@type":"PropertyValueSpecification","valueRequired":true,"valueName":"search_term_string"}}],"inLanguage":"hu"}]}},"_links":{"self":[{"href":"https:\/\/rckopen.com\/hu\/wp-json\/wp\/v2\/product\/6567","targetHints":{"allow":["GET"]}}],"collection":[{"href":"https:\/\/rckopen.com\/hu\/wp-json\/wp\/v2\/product"}],"about":[{"href":"https:\/\/rckopen.com\/hu\/wp-json\/wp\/v2\/types\/product"}],"replies":[{"embeddable":true,"href":"https:\/\/rckopen.com\/hu\/wp-json\/wp\/v2\/comments?post=6567"}],"wp:featuredmedia":[{"embeddable":true,"href":"https:\/\/rckopen.com\/hu\/wp-json\/wp\/v2\/media\/6578"}],"wp:attachment":[{"href":"https:\/\/rckopen.com\/hu\/wp-json\/wp\/v2\/media?parent=6567"}],"wp:term":[{"taxonomy":"product_brand","embeddable":true,"href":"https:\/\/rckopen.com\/hu\/wp-json\/wp\/v2\/product_brand?post=6567"},{"taxonomy":"product_cat","embeddable":true,"href":"https:\/\/rckopen.com\/hu\/wp-json\/wp\/v2\/product_cat?post=6567"},{"taxonomy":"product_tag","embeddable":true,"href":"https:\/\/rckopen.com\/hu\/wp-json\/wp\/v2\/product_tag?post=6567"}],"curies":[{"name":"wp","href":"https:\/\/api.w.org\/{rel}","templated":true}]}}