{"id":6569,"date":"2023-08-16T09:18:00","date_gmt":"2023-08-16T09:18:00","guid":{"rendered":"https:\/\/diligentplug.com\/chems\/?post_type=product&#038;p=6569"},"modified":"2025-09-16T08:50:53","modified_gmt":"2025-09-16T08:50:53","slug":"flubrotizolam-05mg-bars","status":"publish","type":"product","link":"https:\/\/rckopen.com\/hu\/termek\/flubrotizolam-05mg-rudak\/","title":{"rendered":"V\u00e1s\u00e1roljon FLUBROTIZOLAM 0,5MG rudakat online"},"content":{"rendered":"<h2>FLUBROTIZOLAM 0,5MG Online Kopen<\/h2>\n<p>FLUBROTIZOLAM 0.5MG V\u00e1s\u00e1roljon csak online rudak elad\u00f3 itt<\/p>\n<p>akarod <a href=\"https:\/\/rckopen.com\/hu\/termek\/flubrotizolam-05mg-rudak\/\">FLUBROTIZOLAM 0,5MG online<\/a> v\u00e9tel? Szeretn\u00e9 tudni, hol v\u00e1s\u00e1rolhat egyszer\u0171en FLUBROTIZOLAM 0,5MG rudakat? Ne keressen tov\u00e1bb, mint az rckopen.com! Ebben a v\u00e1s\u00e1rl\u00e1si \u00fatmutat\u00f3ban elmagyar\u00e1zzuk, hogyan rendelhet FLUBROTIZOLAM 0,5MG rudakat v\u00e9ny n\u00e9lk\u00fcl, saj\u00e1t otthon\u00e1b\u00f3l.<\/p>\n<h3>A FLUBROTIZOLAM 0.5MG rudak meg\u00e9rt\u00e9se<\/h3>\n<p><a href=\"https:\/\/en.wikipedia.org\/wiki\/Flubromazepam\">FLUBROTIZOLAM<\/a> egy er\u0151s benzodiazepin, amely nyugtat\u00f3 \u00e9s szorong\u00e1sold\u00f3 tulajdons\u00e1gair\u00f3l ismert. Gyakran haszn\u00e1lj\u00e1k szorong\u00e1sos zavarok, \u00e1lmatlans\u00e1g \u00e9s p\u00e1nikrohamok kezel\u00e9s\u00e9re. A FLUBROTIZOLAM 0,5 mg rudak a gy\u00f3gyszer n\u00e9pszer\u0171 form\u00e1ja, \u00e9s k\u00e9nyelmes m\u00f3dot k\u00edn\u00e1lnak a pontos adagol\u00e1s el\u00e9r\u00e9s\u00e9re.<\/p>\n<h3>Mi\u00e9rt v\u00e1lassza az rckopen.com-ot?<\/h3>\n<p>Ha online v\u00e1s\u00e1rol gy\u00f3gyszert, fontos, hogy megb\u00edzhat\u00f3 \u00e9s megb\u00edzhat\u00f3 forr\u00e1st v\u00e1lasszon. Az Rckopen.com egy j\u00f3 h\u00edr\u0171 online gy\u00f3gyszert\u00e1r, amely gy\u00f3gyszerek sz\u00e9les v\u00e1laszt\u00e9k\u00e1t k\u00edn\u00e1lja, bele\u00e9rtve a FLUBROTIZOLAM 0.5MG rudakat is.<\/p>\n<p>\u00cdme n\u00e9h\u00e1ny ok, ami\u00e9rt \u00e9rdemes megfontolni a FLUBROTIZOLAM 0.5MG rudak megv\u00e1s\u00e1rl\u00e1s\u00e1t az rckopen.com-t\u00f3l:<\/p>\n<p><strong>Sz\u00e9les v\u00e1laszt\u00e9k:<\/strong> <a href=\"https:\/\/rckopen.com\/hu\/\">Rckopen.com<\/a> FLUBROTIZOLAM 0,5MG rudak v\u00e1ltozatos v\u00e1laszt\u00e9k\u00e1t k\u00edn\u00e1lja elad\u00e1sra, \u00edgy pontosan megtal\u00e1lhatja, amire sz\u00fcks\u00e9ge van.<\/p>\n<p><strong>Min\u0151s\u00e9gbiztos\u00edt\u00e1s:<\/strong> Minden beadott gy\u00f3gyszer <a href=\"https:\/\/rckopen.com\/hu\/\">rckopen.com<\/a> \u00e9rt\u00e9kes\u00edtik, j\u00f3 h\u00edr\u0171 gy\u00e1rt\u00f3kt\u00f3l sz\u00e1rmaznak, \u00e9s szigor\u00fa min\u0151s\u00e9g-ellen\u0151rz\u00e9si int\u00e9zked\u00e9seken esnek \u00e1t.<\/p>\n<p><strong>K\u00f6nny\u0171s\u00e9g:<\/strong> Csak n\u00e9h\u00e1ny kattint\u00e1ssal rendelhet FLUBROTIZOLAM 0,5MG rudakat recept n\u00e9lk\u00fcl.<\/p>\n<p><a href=\"https:\/\/rckopen.com\/hu\/termek\/fluclotizolam-blotters-1mg\/\">Biztons\u00e1gos fizet\u00e9s:<\/a> Az Rckopen.com biztons\u00e1gos fizet\u00e9si \u00e1tj\u00e1r\u00f3t k\u00edn\u00e1l annak biztos\u00edt\u00e1s\u00e1ra, hogy szem\u00e9lyes \u00e9s p\u00e9nz\u00fcgyi adatai biztons\u00e1gban \u00e9s bizalmasak maradjanak.<\/p>\n<h3>Hogyan lehet megv\u00e1s\u00e1rolni a FLUBROTIZOLAM 0.5MG rudakat?<\/h3>\n<p>A FLUBROTIZOLAM 0.5MG rudak megv\u00e1s\u00e1rl\u00e1sa az rckopen.com-t\u00f3l egyszer\u0171. Itt tal\u00e1l egy l\u00e9p\u00e9sr\u0151l-l\u00e9p\u00e9sre t\u00f6rt\u00e9n\u0151 \u00fatmutat\u00f3t a rendel\u00e9s lead\u00e1s\u00e1hoz:<\/p>\n<p>L\u00e1togasson el az rckopen.com oldalra: L\u00e1togasson el az rckopen.com weboldalra az \u00d6n \u00e1ltal prefer\u00e1lt eszk\u00f6z\u00f6n.<\/p>\n<p>B\u00f6ng\u00e9sszen a term\u00e9kek k\u00f6z\u00f6tt: FLUBROTIZOLAM 0.5MG elad\u00f3 rudak.<\/p>\n<p>Hozz\u00e1ad\u00e1s a kos\u00e1rhoz: FLUBROTIZOLAM 0.5MG rudakb\u00f3l v\u00e1lassza ki a k\u00edv\u00e1nt mennyis\u00e9get \u00e9s adja a kos\u00e1rba.<\/p>\n<p>P\u00e9nzt\u00e1r: Menjen a p\u00e9nzt\u00e1r oldalra, \u00e9s adja meg a sz\u00e1ll\u00edt\u00e1si \u00e9s fizet\u00e9si adatait.<\/p>\n<p>Rendel\u00e9s meger\u0151s\u00edt\u00e9se: Ellen\u0151rizze a FLUBROTIZOLAM 0.5MG rudak megrendel\u00e9s\u00e9nek r\u00e9szleteit, \u00e9s er\u0151s\u00edtse meg a v\u00e1s\u00e1rl\u00e1st.<\/p>\n<p>Sz\u00e1ll\u00edt\u00e1s \u00e9rkezett: D\u0151lj\u00f6n h\u00e1tra \u00e9s pihenjen, mik\u00f6zben a FLUBROTIZOLAM 0,5 mg-os rudakat diszkr\u00e9ten h\u00e1zhoz sz\u00e1ll\u00edtj\u00e1k.<\/p>","protected":false},"excerpt":{"rendered":"<p><strong>IUPAC-n\u00e9v: <\/strong>4-bromo-7-(2-fluorophenyl)-13-methyl-3-thia-1,8,11,12-tetrazatricyclo[8.3.0.02,6]trideca-2(6),4,7,10,12-pentaene<\/p>\n<p><strong>CAS # <\/strong>57801-95-3<\/p>\n<p><strong>M\u00e1sik n\u00e9v: <\/strong>Fanax<\/p>\n<p><strong>NMR-elemz\u00e9s: <\/strong>C15H10BrFN4S<\/p>","protected":false},"featured_media":6580,"comment_status":"open","ping_status":"closed","template":"","meta":{"_joinchat":[]},"product_brand":[],"product_cat":[144],"product_tag":[],"class_list":{"0":"post-6569","1":"product","2":"type-product","3":"status-publish","4":"has-post-thumbnail","6":"product_cat-pellets","8":"first","9":"instock","10":"shipping-taxable","11":"purchasable","12":"product-type-variable"},"yoast_head":"<!-- This site is optimized with the Yoast SEO plugin v26.3 - https:\/\/yoast.com\/wordpress\/plugins\/seo\/ -->\n<title>Flubrotizolam 05 mg repen online kopen | RCkopen<\/title>\n<meta name=\"description\" content=\"Onze online winkel heeft Flubrotizolam 05 mg repen van hoge kwaliteit te koop. Als u Flubrotizolam 05 mg repen online wilt kopen, laat het ons dan weten. Wij zullen uw wensen binnenkort invullen!\" \/>\n<meta name=\"robots\" content=\"index, follow, max-snippet:-1, max-image-preview:large, max-video-preview:-1\" \/>\n<link rel=\"canonical\" href=\"https:\/\/rckopen.com\/hu\/termek\/flubrotizolam-05mg-rudak\/\" \/>\n<meta property=\"og:locale\" content=\"hu_HU\" \/>\n<meta property=\"og:type\" content=\"article\" \/>\n<meta property=\"og:title\" content=\"Flubrotizolam 05 mg repen online kopen | RCkopen\" \/>\n<meta property=\"og:description\" content=\"Onze online winkel heeft Flubrotizolam 05 mg repen van hoge kwaliteit te koop. Als u Flubrotizolam 05 mg repen online wilt kopen, laat het ons dan weten. Wij zullen uw wensen binnenkort invullen!\" \/>\n<meta property=\"og:url\" content=\"https:\/\/rckopen.com\/hu\/termek\/flubrotizolam-05mg-rudak\/\" \/>\n<meta property=\"og:site_name\" content=\"RC Kopen\" \/>\n<meta property=\"article:modified_time\" content=\"2025-09-16T08:50:53+00:00\" \/>\n<meta property=\"og:image\" content=\"https:\/\/rckopen.com\/wp-content\/uploads\/2023\/08\/FLUBROTIZOLAM-05MG-bars.jpg\" \/>\n\t<meta property=\"og:image:width\" content=\"600\" \/>\n\t<meta property=\"og:image:height\" content=\"600\" \/>\n\t<meta property=\"og:image:type\" content=\"image\/jpeg\" \/>\n<meta name=\"twitter:card\" content=\"summary_large_image\" \/>\n<meta name=\"twitter:label1\" content=\"Becs\u00fclt olvas\u00e1si id\u0151\" \/>\n\t<meta name=\"twitter:data1\" content=\"2 perc\" \/>\n<script type=\"application\/ld+json\" class=\"yoast-schema-graph\">{\"@context\":\"https:\/\/schema.org\",\"@graph\":[{\"@type\":\"WebPage\",\"@id\":\"https:\/\/rckopen.com\/product\/flubrotizolam-05mg-bars\/\",\"url\":\"https:\/\/rckopen.com\/product\/flubrotizolam-05mg-bars\/\",\"name\":\"Flubrotizolam 05 mg repen online kopen | RCkopen\",\"isPartOf\":{\"@id\":\"https:\/\/rckopen.com\/#website\"},\"primaryImageOfPage\":{\"@id\":\"https:\/\/rckopen.com\/product\/flubrotizolam-05mg-bars\/#primaryimage\"},\"image\":{\"@id\":\"https:\/\/rckopen.com\/product\/flubrotizolam-05mg-bars\/#primaryimage\"},\"thumbnailUrl\":\"https:\/\/rckopen.com\/wp-content\/uploads\/2023\/08\/FLUBROTIZOLAM-05MG-bars.jpg\",\"datePublished\":\"2023-08-16T09:18:00+00:00\",\"dateModified\":\"2025-09-16T08:50:53+00:00\",\"description\":\"Onze online winkel heeft Flubrotizolam 05 mg repen van hoge kwaliteit te koop. Als u Flubrotizolam 05 mg repen online wilt kopen, laat het ons dan weten. Wij zullen uw wensen binnenkort invullen!\",\"breadcrumb\":{\"@id\":\"https:\/\/rckopen.com\/product\/flubrotizolam-05mg-bars\/#breadcrumb\"},\"inLanguage\":\"hu\",\"potentialAction\":[{\"@type\":\"ReadAction\",\"target\":[\"https:\/\/rckopen.com\/product\/flubrotizolam-05mg-bars\/\"]}]},{\"@type\":\"ImageObject\",\"inLanguage\":\"hu\",\"@id\":\"https:\/\/rckopen.com\/product\/flubrotizolam-05mg-bars\/#primaryimage\",\"url\":\"https:\/\/rckopen.com\/wp-content\/uploads\/2023\/08\/FLUBROTIZOLAM-05MG-bars.jpg\",\"contentUrl\":\"https:\/\/rckopen.com\/wp-content\/uploads\/2023\/08\/FLUBROTIZOLAM-05MG-bars.jpg\",\"width\":600,\"height\":600,\"caption\":\"FLUBROTIZOLAM-0,5MG-bars online kopen\"},{\"@type\":\"BreadcrumbList\",\"@id\":\"https:\/\/rckopen.com\/product\/flubrotizolam-05mg-bars\/#breadcrumb\",\"itemListElement\":[{\"@type\":\"ListItem\",\"position\":1,\"name\":\"Home\",\"item\":\"https:\/\/rckopen.com\/\"},{\"@type\":\"ListItem\",\"position\":2,\"name\":\"Shop\",\"item\":\"https:\/\/rckopen.com\/shop\/\"},{\"@type\":\"ListItem\",\"position\":3,\"name\":\"FLUBROTIZOLAM 0,5MG bars online kopen\"}]},{\"@type\":\"WebSite\",\"@id\":\"https:\/\/rckopen.com\/#website\",\"url\":\"https:\/\/rckopen.com\/\",\"name\":\"RC Kopen\",\"description\":\"Research Chemicals\",\"potentialAction\":[{\"@type\":\"SearchAction\",\"target\":{\"@type\":\"EntryPoint\",\"urlTemplate\":\"https:\/\/rckopen.com\/?s={search_term_string}\"},\"query-input\":{\"@type\":\"PropertyValueSpecification\",\"valueRequired\":true,\"valueName\":\"search_term_string\"}}],\"inLanguage\":\"hu\"}]}<\/script>\n<!-- \/ Yoast SEO plugin. -->","yoast_head_json":{"title":"Flubrotizolam 05 mg repen online kopen | RCkopen","description":"Onze online winkel heeft Flubrotizolam 05 mg repen van hoge kwaliteit te koop. Als u Flubrotizolam 05 mg repen online wilt kopen, laat het ons dan weten. Wij zullen uw wensen binnenkort invullen!","robots":{"index":"index","follow":"follow","max-snippet":"max-snippet:-1","max-image-preview":"max-image-preview:large","max-video-preview":"max-video-preview:-1"},"canonical":"https:\/\/rckopen.com\/hu\/termek\/flubrotizolam-05mg-rudak\/","og_locale":"hu_HU","og_type":"article","og_title":"Flubrotizolam 05 mg repen online kopen | RCkopen","og_description":"Onze online winkel heeft Flubrotizolam 05 mg repen van hoge kwaliteit te koop. Als u Flubrotizolam 05 mg repen online wilt kopen, laat het ons dan weten. Wij zullen uw wensen binnenkort invullen!","og_url":"https:\/\/rckopen.com\/hu\/termek\/flubrotizolam-05mg-rudak\/","og_site_name":"RC Kopen","article_modified_time":"2025-09-16T08:50:53+00:00","og_image":[{"width":600,"height":600,"url":"https:\/\/rckopen.com\/wp-content\/uploads\/2023\/08\/FLUBROTIZOLAM-05MG-bars.jpg","type":"image\/jpeg"}],"twitter_card":"summary_large_image","twitter_misc":{"Becs\u00fclt olvas\u00e1si id\u0151":"2 perc"},"schema":{"@context":"https:\/\/schema.org","@graph":[{"@type":"WebPage","@id":"https:\/\/rckopen.com\/product\/flubrotizolam-05mg-bars\/","url":"https:\/\/rckopen.com\/product\/flubrotizolam-05mg-bars\/","name":"Flubrotizolam 05 mg repen online kopen | RCkopen","isPartOf":{"@id":"https:\/\/rckopen.com\/#website"},"primaryImageOfPage":{"@id":"https:\/\/rckopen.com\/product\/flubrotizolam-05mg-bars\/#primaryimage"},"image":{"@id":"https:\/\/rckopen.com\/product\/flubrotizolam-05mg-bars\/#primaryimage"},"thumbnailUrl":"https:\/\/rckopen.com\/wp-content\/uploads\/2023\/08\/FLUBROTIZOLAM-05MG-bars.jpg","datePublished":"2023-08-16T09:18:00+00:00","dateModified":"2025-09-16T08:50:53+00:00","description":"Onze online winkel heeft Flubrotizolam 05 mg repen van hoge kwaliteit te koop. Als u Flubrotizolam 05 mg repen online wilt kopen, laat het ons dan weten. Wij zullen uw wensen binnenkort invullen!","breadcrumb":{"@id":"https:\/\/rckopen.com\/product\/flubrotizolam-05mg-bars\/#breadcrumb"},"inLanguage":"hu","potentialAction":[{"@type":"ReadAction","target":["https:\/\/rckopen.com\/product\/flubrotizolam-05mg-bars\/"]}]},{"@type":"ImageObject","inLanguage":"hu","@id":"https:\/\/rckopen.com\/product\/flubrotizolam-05mg-bars\/#primaryimage","url":"https:\/\/rckopen.com\/wp-content\/uploads\/2023\/08\/FLUBROTIZOLAM-05MG-bars.jpg","contentUrl":"https:\/\/rckopen.com\/wp-content\/uploads\/2023\/08\/FLUBROTIZOLAM-05MG-bars.jpg","width":600,"height":600,"caption":"FLUBROTIZOLAM-0,5MG-bars online kopen"},{"@type":"BreadcrumbList","@id":"https:\/\/rckopen.com\/product\/flubrotizolam-05mg-bars\/#breadcrumb","itemListElement":[{"@type":"ListItem","position":1,"name":"Home","item":"https:\/\/rckopen.com\/"},{"@type":"ListItem","position":2,"name":"Shop","item":"https:\/\/rckopen.com\/shop\/"},{"@type":"ListItem","position":3,"name":"FLUBROTIZOLAM 0,5MG bars online kopen"}]},{"@type":"WebSite","@id":"https:\/\/rckopen.com\/#website","url":"https:\/\/rckopen.com\/","name":"RC Kopen","description":"Research Chemicals","potentialAction":[{"@type":"SearchAction","target":{"@type":"EntryPoint","urlTemplate":"https:\/\/rckopen.com\/?s={search_term_string}"},"query-input":{"@type":"PropertyValueSpecification","valueRequired":true,"valueName":"search_term_string"}}],"inLanguage":"hu"}]}},"_links":{"self":[{"href":"https:\/\/rckopen.com\/hu\/wp-json\/wp\/v2\/product\/6569","targetHints":{"allow":["GET"]}}],"collection":[{"href":"https:\/\/rckopen.com\/hu\/wp-json\/wp\/v2\/product"}],"about":[{"href":"https:\/\/rckopen.com\/hu\/wp-json\/wp\/v2\/types\/product"}],"replies":[{"embeddable":true,"href":"https:\/\/rckopen.com\/hu\/wp-json\/wp\/v2\/comments?post=6569"}],"wp:featuredmedia":[{"embeddable":true,"href":"https:\/\/rckopen.com\/hu\/wp-json\/wp\/v2\/media\/6580"}],"wp:attachment":[{"href":"https:\/\/rckopen.com\/hu\/wp-json\/wp\/v2\/media?parent=6569"}],"wp:term":[{"taxonomy":"product_brand","embeddable":true,"href":"https:\/\/rckopen.com\/hu\/wp-json\/wp\/v2\/product_brand?post=6569"},{"taxonomy":"product_cat","embeddable":true,"href":"https:\/\/rckopen.com\/hu\/wp-json\/wp\/v2\/product_cat?post=6569"},{"taxonomy":"product_tag","embeddable":true,"href":"https:\/\/rckopen.com\/hu\/wp-json\/wp\/v2\/product_tag?post=6569"}],"curies":[{"name":"wp","href":"https:\/\/api.w.org\/{rel}","templated":true}]}}