{"id":6574,"date":"2023-08-16T09:28:04","date_gmt":"2023-08-16T09:28:04","guid":{"rendered":"https:\/\/diligentplug.com\/chems\/?post_type=product&#038;p=6574"},"modified":"2025-09-16T08:19:13","modified_gmt":"2025-09-16T08:19:13","slug":"dck-20mg-pellets","status":"publish","type":"product","link":"https:\/\/rckopen.com\/hu\/termek\/dck-20mg-pellet\/","title":{"rendered":"V\u00e1s\u00e1roljon DCK 20 mg-os pelletet online"},"content":{"rendered":"<h2>DCK 20mg-pellets online kopen<\/h2>\n<h2>De voordelen van het online kopen van DCK 20 mg-pellets online kopen<\/h2>\n<p>A mai rohan\u00f3 vil\u00e1gban a k\u00e9nyelem elengedhetetlen. Ez a k\u00e9nyelem a gy\u00f3gyszer\u00e9szeti vil\u00e1gra is kiterjedt, egyre t\u00f6bben v\u00e1lasztj\u00e1k gy\u00f3gyszereiket az interneten. P\u00e9lda egy ilyen gy\u00f3gyszerre, amelyet k\u00f6nnyen lehet <a href=\"https:\/\/rckopen.com\/hu\/termek\/dck-20mg-pellet\/\">DCK 20 mg-os pellet<\/a> v\u00e1s\u00e1rolhat t\u0151l\u00fcnk online. hol lehet v\u00e1s\u00e1rolni DCK 20 mg-os pelletet? Az rckopen.com oldalon a megfelel\u0151 helyen j\u00e1rt.<\/p>\n<h3>Milyen t\u00edpus\u00fa gy\u00f3gyszer a DCK 20 mg tabletta?<\/h3>\n<p><a href=\"https:\/\/en.wikipedia.org\/wiki\/DCK\">DCK<\/a> A 20 mg-os pellet egyfajta disszociat\u00edv \u00e9rz\u00e9stelen\u00edt\u0151, amelyet sz\u00e9les k\u00f6rben haszn\u00e1lnak a tudom\u00e1nyos kutat\u00e1sban. Nyugtat\u00f3 \u00e9s nyugtat\u00f3 hat\u00e1sukr\u00f3l ismertek, \u00edgy n\u00e9pszer\u0171ek a k\u00fcl\u00f6nf\u00e9le ment\u00e1lis eg\u00e9szs\u00e9gi \u00e1llapotokat tanulm\u00e1nyoz\u00f3 kutat\u00f3k k\u00f6r\u00e9ben. Az elad\u00f3 DCK 20 mg-os pelletek online v\u00e1s\u00e1rolhat\u00f3k j\u00f3 h\u00edr\u0171 forr\u00e1sb\u00f3l, p\u00e9ld\u00e1ul az rckopen.com webhelyr\u0151l, \u00edgy k\u00f6nnyen el\u00e9rhet\u0151v\u00e9 v\u00e1lik b\u00e1rki sz\u00e1m\u00e1ra, akinek sz\u00fcks\u00e9ge van r\u00e1.<\/p>\n<h3>A DCK 20mg pellet online v\u00e1s\u00e1rl\u00e1s\u00e1nak el\u0151nyei az rckopen.com oldalon<\/h3>\n<p>A DCK 20mg pellet online v\u00e1s\u00e1rl\u00e1s\u00e1nak egyik legnagyobb el\u0151nye az \u00e1ltala k\u00edn\u00e1lt k\u00e9nyelem. Ahelyett, hogy fizikailag el kellene mennie egy \u00fczletbe, hogy megv\u00e1s\u00e1rolja a gy\u00f3gyszert, egyszer\u0171en megrendelheti azt online, otthon\u00e1nak k\u00e9nyelm\u00e9b\u0151l. Ezzel id\u0151t \u00e9s energi\u00e1t takar\u00edthat meg, \u00edgy m\u00e1s fontos feladatokra \u00f6sszpontos\u00edthat.<\/p>\n<h3>Sz\u00e9les v\u00e1laszt\u00e9k<\/h3>\n<p>Ha leg\u00e1lisan online v\u00e1s\u00e1rol DCK 20 mg-os pelletet, akkor a term\u00e9kek sz\u00e9les v\u00e1laszt\u00e9k\u00e1hoz f\u00e9rhet hozz\u00e1. Ez azt jelenti, hogy kiv\u00e1laszthatja az ig\u00e9nyeinek legink\u00e1bb megfelel\u0151 m\u00e1rk\u00e1t \u00e9s mennyis\u00e9get, \u00edgy jobban ir\u00e1ny\u00edthatja a v\u00e1s\u00e1rl\u00e1st. Ezen k\u00edv\u00fcl az online \u00e1ruh\u00e1zak, mint pl <a href=\"https:\/\/rckopen.com\/hu\/\">rckopen.com<\/a> gyakran nagyobb rakt\u00e1rk\u00e9szlettel rendelkeznek, mint a fizikai \u00fczletekben, \u00edgy val\u00f3sz\u00edn\u0171bb, hogy pontosan azt tal\u00e1lja, amit keres.<\/p>\n<h3>24\/7 el\u00e9rhet\u0151s\u00e9g<\/h3>\n<p>A DCK 20mg pellet online v\u00e1s\u00e1rl\u00e1s\u00e1nak m\u00e1sik el\u0151nye az Egyes\u00fclt Kir\u00e1lys\u00e1gban az, hogy az online \u00fczletek 24\/7 nyitva vannak. Ez azt jelenti, hogy a nap b\u00e1rmely szak\u00e1ban leadhatja rendel\u00e9s\u00e9t, ami hihetetlen\u00fcl k\u00e9nyelmes a zs\u00fafolt id\u0151beoszt\u00e1s\u00fa emberek sz\u00e1m\u00e1ra. Ak\u00e1r kora reggel, ak\u00e1r k\u00e9s\u0151 este van sz\u00fcks\u00e9ge a gy\u00f3gyszerre, az interneten mindig megtal\u00e1lja, amire sz\u00fcks\u00e9ge van.<\/p>\n<h3>Diszkr\u00e9t csomagol\u00e1s<\/h3>\n<p>Sokan \u00e9rt\u00e9kelik a DCK 20mg pellet online rendel\u00e9s\u00e9vel j\u00e1r\u00f3 diszkr\u00e9t csomagol\u00e1st. Ez biztos\u00edtja az \u00d6n mag\u00e1n\u00e9let\u00e9nek v\u00e9delm\u00e9t, mivel a csomag tartalma nem l\u00e1that\u00f3 senki sz\u00e1m\u00e1ra, aki esetleg l\u00e1tn\u00e1. Ez k\u00fcl\u00f6n\u00f6sen fontos azok sz\u00e1m\u00e1ra, akiknek fontos a mag\u00e1n\u00e9let\u00fck, vagy akik DCK 20mg pelletet rendelnek.<\/p>","protected":false},"excerpt":{"rendered":"<p>IUPAC-n\u00e9v:<br \/>\nForm\u00e1ja: pellet<br \/>\nNMR-elemz\u00e9s: N\/A<\/p>","protected":false},"featured_media":6585,"comment_status":"open","ping_status":"closed","template":"","meta":{"_joinchat":[]},"product_brand":[],"product_cat":[144],"product_tag":[],"class_list":{"0":"post-6574","1":"product","2":"type-product","3":"status-publish","4":"has-post-thumbnail","6":"product_cat-pellets","8":"first","9":"instock","10":"shipping-taxable","11":"purchasable","12":"product-type-variable"},"yoast_head":"<!-- This site is optimized with the Yoast SEO plugin v26.3 - https:\/\/yoast.com\/wordpress\/plugins\/seo\/ -->\n<title>Koop DCK 20 mg-pellets online - DCK 20 mg-pellets te koop<\/title>\n<meta name=\"description\" content=\"Onze winkel heeft DCK 20mg-pellets van topkwaliteit te koop. U kunt nooit om de kwaliteit van onze producten heen. Als u ze nodig heeft, kunt u DCK 20 mg-pellets meteen online kopen. Bestel nu!\" \/>\n<meta name=\"robots\" content=\"index, follow, max-snippet:-1, max-image-preview:large, max-video-preview:-1\" \/>\n<link rel=\"canonical\" href=\"https:\/\/rckopen.com\/hu\/termek\/dck-20mg-pellet\/\" \/>\n<meta property=\"og:locale\" content=\"hu_HU\" \/>\n<meta property=\"og:type\" content=\"article\" \/>\n<meta property=\"og:title\" content=\"Koop DCK 20 mg-pellets online - DCK 20 mg-pellets te koop\" \/>\n<meta property=\"og:description\" content=\"Onze winkel heeft DCK 20mg-pellets van topkwaliteit te koop. U kunt nooit om de kwaliteit van onze producten heen. Als u ze nodig heeft, kunt u DCK 20 mg-pellets meteen online kopen. Bestel nu!\" \/>\n<meta property=\"og:url\" content=\"https:\/\/rckopen.com\/hu\/termek\/dck-20mg-pellet\/\" \/>\n<meta property=\"og:site_name\" content=\"RC Kopen\" \/>\n<meta property=\"article:modified_time\" content=\"2025-09-16T08:19:13+00:00\" \/>\n<meta property=\"og:image\" content=\"https:\/\/rckopen.com\/wp-content\/uploads\/2023\/08\/DCK-20mg-pellets.jpg\" \/>\n\t<meta property=\"og:image:width\" content=\"600\" \/>\n\t<meta property=\"og:image:height\" content=\"600\" \/>\n\t<meta property=\"og:image:type\" content=\"image\/jpeg\" \/>\n<meta name=\"twitter:card\" content=\"summary_large_image\" \/>\n<meta name=\"twitter:label1\" content=\"Becs\u00fclt olvas\u00e1si id\u0151\" \/>\n\t<meta name=\"twitter:data1\" content=\"3 perc\" \/>\n<script type=\"application\/ld+json\" class=\"yoast-schema-graph\">{\"@context\":\"https:\/\/schema.org\",\"@graph\":[{\"@type\":\"WebPage\",\"@id\":\"https:\/\/rckopen.com\/product\/dck-20mg-pellets\/\",\"url\":\"https:\/\/rckopen.com\/product\/dck-20mg-pellets\/\",\"name\":\"Koop DCK 20 mg-pellets online - DCK 20 mg-pellets te koop\",\"isPartOf\":{\"@id\":\"https:\/\/rckopen.com\/#website\"},\"primaryImageOfPage\":{\"@id\":\"https:\/\/rckopen.com\/product\/dck-20mg-pellets\/#primaryimage\"},\"image\":{\"@id\":\"https:\/\/rckopen.com\/product\/dck-20mg-pellets\/#primaryimage\"},\"thumbnailUrl\":\"https:\/\/rckopen.com\/wp-content\/uploads\/2023\/08\/DCK-20mg-pellets.jpg\",\"datePublished\":\"2023-08-16T09:28:04+00:00\",\"dateModified\":\"2025-09-16T08:19:13+00:00\",\"description\":\"Onze winkel heeft DCK 20mg-pellets van topkwaliteit te koop. U kunt nooit om de kwaliteit van onze producten heen. Als u ze nodig heeft, kunt u DCK 20 mg-pellets meteen online kopen. Bestel nu!\",\"breadcrumb\":{\"@id\":\"https:\/\/rckopen.com\/product\/dck-20mg-pellets\/#breadcrumb\"},\"inLanguage\":\"hu\",\"potentialAction\":[{\"@type\":\"ReadAction\",\"target\":[\"https:\/\/rckopen.com\/product\/dck-20mg-pellets\/\"]}]},{\"@type\":\"ImageObject\",\"inLanguage\":\"hu\",\"@id\":\"https:\/\/rckopen.com\/product\/dck-20mg-pellets\/#primaryimage\",\"url\":\"https:\/\/rckopen.com\/wp-content\/uploads\/2023\/08\/DCK-20mg-pellets.jpg\",\"contentUrl\":\"https:\/\/rckopen.com\/wp-content\/uploads\/2023\/08\/DCK-20mg-pellets.jpg\",\"width\":600,\"height\":600,\"caption\":\"DCK-20mg-pellets online kopen\"},{\"@type\":\"BreadcrumbList\",\"@id\":\"https:\/\/rckopen.com\/product\/dck-20mg-pellets\/#breadcrumb\",\"itemListElement\":[{\"@type\":\"ListItem\",\"position\":1,\"name\":\"Home\",\"item\":\"https:\/\/rckopen.com\/\"},{\"@type\":\"ListItem\",\"position\":2,\"name\":\"Shop\",\"item\":\"https:\/\/rckopen.com\/shop\/\"},{\"@type\":\"ListItem\",\"position\":3,\"name\":\"DCK 20mg pellets online kopen\"}]},{\"@type\":\"WebSite\",\"@id\":\"https:\/\/rckopen.com\/#website\",\"url\":\"https:\/\/rckopen.com\/\",\"name\":\"RC Kopen\",\"description\":\"Research Chemicals\",\"potentialAction\":[{\"@type\":\"SearchAction\",\"target\":{\"@type\":\"EntryPoint\",\"urlTemplate\":\"https:\/\/rckopen.com\/?s={search_term_string}\"},\"query-input\":{\"@type\":\"PropertyValueSpecification\",\"valueRequired\":true,\"valueName\":\"search_term_string\"}}],\"inLanguage\":\"hu\"}]}<\/script>\n<!-- \/ Yoast SEO plugin. -->","yoast_head_json":{"title":"Koop DCK 20 mg-pellets online - DCK 20 mg-pellets te koop","description":"Onze winkel heeft DCK 20mg-pellets van topkwaliteit te koop. U kunt nooit om de kwaliteit van onze producten heen. Als u ze nodig heeft, kunt u DCK 20 mg-pellets meteen online kopen. Bestel nu!","robots":{"index":"index","follow":"follow","max-snippet":"max-snippet:-1","max-image-preview":"max-image-preview:large","max-video-preview":"max-video-preview:-1"},"canonical":"https:\/\/rckopen.com\/hu\/termek\/dck-20mg-pellet\/","og_locale":"hu_HU","og_type":"article","og_title":"Koop DCK 20 mg-pellets online - DCK 20 mg-pellets te koop","og_description":"Onze winkel heeft DCK 20mg-pellets van topkwaliteit te koop. U kunt nooit om de kwaliteit van onze producten heen. Als u ze nodig heeft, kunt u DCK 20 mg-pellets meteen online kopen. Bestel nu!","og_url":"https:\/\/rckopen.com\/hu\/termek\/dck-20mg-pellet\/","og_site_name":"RC Kopen","article_modified_time":"2025-09-16T08:19:13+00:00","og_image":[{"width":600,"height":600,"url":"https:\/\/rckopen.com\/wp-content\/uploads\/2023\/08\/DCK-20mg-pellets.jpg","type":"image\/jpeg"}],"twitter_card":"summary_large_image","twitter_misc":{"Becs\u00fclt olvas\u00e1si id\u0151":"3 perc"},"schema":{"@context":"https:\/\/schema.org","@graph":[{"@type":"WebPage","@id":"https:\/\/rckopen.com\/product\/dck-20mg-pellets\/","url":"https:\/\/rckopen.com\/product\/dck-20mg-pellets\/","name":"Koop DCK 20 mg-pellets online - DCK 20 mg-pellets te koop","isPartOf":{"@id":"https:\/\/rckopen.com\/#website"},"primaryImageOfPage":{"@id":"https:\/\/rckopen.com\/product\/dck-20mg-pellets\/#primaryimage"},"image":{"@id":"https:\/\/rckopen.com\/product\/dck-20mg-pellets\/#primaryimage"},"thumbnailUrl":"https:\/\/rckopen.com\/wp-content\/uploads\/2023\/08\/DCK-20mg-pellets.jpg","datePublished":"2023-08-16T09:28:04+00:00","dateModified":"2025-09-16T08:19:13+00:00","description":"Onze winkel heeft DCK 20mg-pellets van topkwaliteit te koop. U kunt nooit om de kwaliteit van onze producten heen. Als u ze nodig heeft, kunt u DCK 20 mg-pellets meteen online kopen. Bestel nu!","breadcrumb":{"@id":"https:\/\/rckopen.com\/product\/dck-20mg-pellets\/#breadcrumb"},"inLanguage":"hu","potentialAction":[{"@type":"ReadAction","target":["https:\/\/rckopen.com\/product\/dck-20mg-pellets\/"]}]},{"@type":"ImageObject","inLanguage":"hu","@id":"https:\/\/rckopen.com\/product\/dck-20mg-pellets\/#primaryimage","url":"https:\/\/rckopen.com\/wp-content\/uploads\/2023\/08\/DCK-20mg-pellets.jpg","contentUrl":"https:\/\/rckopen.com\/wp-content\/uploads\/2023\/08\/DCK-20mg-pellets.jpg","width":600,"height":600,"caption":"DCK-20mg-pellets online kopen"},{"@type":"BreadcrumbList","@id":"https:\/\/rckopen.com\/product\/dck-20mg-pellets\/#breadcrumb","itemListElement":[{"@type":"ListItem","position":1,"name":"Home","item":"https:\/\/rckopen.com\/"},{"@type":"ListItem","position":2,"name":"Shop","item":"https:\/\/rckopen.com\/shop\/"},{"@type":"ListItem","position":3,"name":"DCK 20mg pellets online kopen"}]},{"@type":"WebSite","@id":"https:\/\/rckopen.com\/#website","url":"https:\/\/rckopen.com\/","name":"RC Kopen","description":"Research Chemicals","potentialAction":[{"@type":"SearchAction","target":{"@type":"EntryPoint","urlTemplate":"https:\/\/rckopen.com\/?s={search_term_string}"},"query-input":{"@type":"PropertyValueSpecification","valueRequired":true,"valueName":"search_term_string"}}],"inLanguage":"hu"}]}},"_links":{"self":[{"href":"https:\/\/rckopen.com\/hu\/wp-json\/wp\/v2\/product\/6574","targetHints":{"allow":["GET"]}}],"collection":[{"href":"https:\/\/rckopen.com\/hu\/wp-json\/wp\/v2\/product"}],"about":[{"href":"https:\/\/rckopen.com\/hu\/wp-json\/wp\/v2\/types\/product"}],"replies":[{"embeddable":true,"href":"https:\/\/rckopen.com\/hu\/wp-json\/wp\/v2\/comments?post=6574"}],"wp:featuredmedia":[{"embeddable":true,"href":"https:\/\/rckopen.com\/hu\/wp-json\/wp\/v2\/media\/6585"}],"wp:attachment":[{"href":"https:\/\/rckopen.com\/hu\/wp-json\/wp\/v2\/media?parent=6574"}],"wp:term":[{"taxonomy":"product_brand","embeddable":true,"href":"https:\/\/rckopen.com\/hu\/wp-json\/wp\/v2\/product_brand?post=6574"},{"taxonomy":"product_cat","embeddable":true,"href":"https:\/\/rckopen.com\/hu\/wp-json\/wp\/v2\/product_cat?post=6574"},{"taxonomy":"product_tag","embeddable":true,"href":"https:\/\/rckopen.com\/hu\/wp-json\/wp\/v2\/product_tag?post=6574"}],"curies":[{"name":"wp","href":"https:\/\/api.w.org\/{rel}","templated":true}]}}