{"id":6590,"date":"2023-08-16T09:47:54","date_gmt":"2023-08-16T09:47:54","guid":{"rendered":"https:\/\/diligentplug.com\/chems\/?post_type=product&#038;p=6590"},"modified":"2026-03-07T13:18:13","modified_gmt":"2026-03-07T13:18:13","slug":"2-methyl-ap-237-20mg-pellets","status":"publish","type":"product","link":"https:\/\/rckopen.com\/hu\/termek\/2-methyl-ap-237-20mg-pellets\/","title":{"rendered":"V\u00e1s\u00e1roljon 2-METHYL-AP-237 20 mg-os pelletet online"},"content":{"rendered":"<h2><b>Koop 2-METHYL-AP-237 20mg Pellets Online \u2013 Precisie, Zuiverheid en Gemak<\/b><\/h2>\n<p><span style=\"font-weight: 400;\">Fedezze fel kutat\u00e1si ig\u00e9nyeire szabott fejlett megold\u00e1sunkat a mi\u00e9nkkel <\/span><a href=\"https:\/\/rckopen.com\/hu\/termek\/2-methyl-ap-237-20mg-pellets\/\"><b>2-METHYL-AP-237 20 mg tabletta<\/b><\/a><span style=\"font-weight: 400;\">A prec\u00edz \u00e9s k\u00f6nnyen haszn\u00e1lhat\u00f3 kialak\u00edt\u00e1snak k\u00f6sz\u00f6nhet\u0151en ezek a pelletek minden k\u00eds\u00e9rlet sor\u00e1n k\u00f6vetkezetes, el\u0151re kim\u00e9rt adagot biztos\u00edtanak a megb\u00edzhat\u00f3 eredm\u00e9nyek \u00e9rdek\u00e9ben.<\/span><\/p>\n<h3><b>Mi az a 2-METIL-AP-237?<\/b><\/h3>\n<p><span style=\"font-weight: 400;\">A 2-METIL-AP-237 egy egyedi tulajdons\u00e1gokkal rendelkez\u0151 kutat\u00e1si vegy\u00fclet, amelyet a kutat\u00f3k \u00e9s a k\u00e9mia szerelmesei sz\u00e9les k\u00f6rben haszn\u00e1lnak \u00faj alkalmaz\u00e1sok felfedez\u00e9s\u00e9hez. Pellet form\u00e1j\u00e1ban kaphat\u00f3, prec\u00edz, 20 mg-os adaggal pelletenk\u00e9nt, kontroll\u00e1lt k\u00eds\u00e9rletekhez.<\/span><\/p>\n<h3><b>A pellet forma \u00e9s a pontos 20 mg-os adagol\u00e1s el\u0151nyei<\/b><\/h3>\n<ul>\n<li style=\"font-weight: 400;\" aria-level=\"1\">Vooraf afgemeten nauwkeurigheid: Elke pellet bevat precies 20mg, wat gokwerk elimineert en zorgt voor consistente resultaten.<\/li>\n<li style=\"font-weight: 400;\" aria-level=\"1\">Egyenletes hat\u00e9konys\u00e1g: Szigor\u00fa min\u0151s\u00e9gellen\u0151rz\u00e9s mellett gy\u00e1rtva az egyenletes hat\u00e9konys\u00e1g \u00e9rdek\u00e9ben.<\/li>\n<li style=\"font-weight: 400;\" aria-level=\"1\">K\u00f6nnyen haszn\u00e1lhat\u00f3: A pelletek k\u00f6nnyebben kezelhet\u0151k \u00e9s t\u00e1rolhat\u00f3k, mint a porok, \u00edgy cs\u00f6kkentve a rendetlens\u00e9get \u00e9s az adagol\u00e1si hib\u00e1kat.<\/li>\n<\/ul>\n<h3><b>Mi\u00e9rt v\u00e1lassza a 20 mg-os pelleteket?<\/b><\/h3>\n<ul>\n<li style=\"font-weight: 400;\" aria-level=\"1\">K\u00e9nyelem: T\u00f6k\u00e9letesen kim\u00e9rt a prec\u00edz haszn\u00e1lat \u00e9rdek\u00e9ben, tov\u00e1bbi m\u00e9r\u0151eszk\u00f6z\u00f6k n\u00e9lk\u00fcl.<\/li>\n<li style=\"font-weight: 400;\" aria-level=\"1\">Ellen\u0151rz\u00f6tt kutat\u00e1s: Megb\u00edzhat\u00f3 adagol\u00e1ssal t\u00e1mogatja a szigor\u00fa tudom\u00e1nyos munk\u00e1t.<\/li>\n<li style=\"font-weight: 400;\" aria-level=\"1\">Biztons\u00e1g: Cs\u00f6kkenti a porok eset\u00e9ben gyakori v\u00e9letlen t\u00faladagol\u00e1s kock\u00e1zat\u00e1t.<\/li>\n<\/ul>\n<h3><b>A 2-METIL-AP-237 pelletek online v\u00e1s\u00e1rl\u00e1s\u00e1nak el\u0151nyei<\/b><\/h3>\n<ul>\n<li style=\"font-weight: 400;\" aria-level=\"1\">Megb\u00edzhat\u00f3 elad\u00f3k sz\u00e9les v\u00e1laszt\u00e9ka: Tal\u00e1ljon olyan elad\u00f3kat, akik laborat\u00f3riumban tesztelt term\u00e9keket k\u00edn\u00e1lnak.<\/li>\n<li style=\"font-weight: 400;\" aria-level=\"1\">Versenyk\u00e9pes \u00e1rak: Haszn\u00e1lja ki a megfizethet\u0151 \u00e1rakat \u00e9s kedvezm\u00e9nyeket nagy t\u00e9telben t\u00f6rt\u00e9n\u0151 v\u00e1s\u00e1rl\u00e1s eset\u00e9n.<\/li>\n<li style=\"font-weight: 400;\" aria-level=\"1\">Veilige bestellingen: Geniet van discreet verpakte en privacyvriendelijke bestellingen vanuit huis.<\/li>\n<\/ul>\n<h3><b>Juridische Status en Overwegingen<\/b><\/h3>\n<p><span style=\"font-weight: 400;\">De juridische status van 2-METHYL-AP-237 verschilt per regio. Het is belangrijk om lokale wetgeving te onderzoeken v\u00f3\u00f3r aankoop om problemen te voorkomen.<\/span><\/p>\n<h3><b>Hoe Betrouwbare Verkopers te Herkennen<\/b><\/h3>\n<ul>\n<li style=\"font-weight: 400;\" aria-level=\"1\">Labtesten &amp; COA\u2019s: Kies verkopers die Certificaten van Analyse leveren die zuiverheid garanderen.<\/li>\n<li style=\"font-weight: 400;\" aria-level=\"1\">Klantenbeoordelingen: Lees reviews en ervaringen uit de community om de betrouwbaarheid te beoordelen.<\/li>\n<li style=\"font-weight: 400;\" aria-level=\"1\">Vermijd waarschuwingssignalen: Wees voorzichtig met verkopers zonder transparantie of met verdachte lage prijzen.<\/li>\n<\/ul>\n<h3><b>Veilige Betaal- en Verzendmethoden<\/b><\/h3>\n<p><span style=\"font-weight: 400;\">Gebruik veilige betaalmethoden zoals cryptocurrency of creditcard. Verwacht discreet verpakte verzending met tracking voor privacy en tijdige levering.<\/span><\/p>\n<h3><b>Gebruik en Veiligheidstips<\/b><\/h3>\n<ul>\n<li style=\"font-weight: 400;\" aria-level=\"1\"><span style=\"font-weight: 400;\">Volg aanbevolen doseringen nauwkeurig \u2014 elke pellet bevat 20mg voor precieze controle.<\/span><\/li>\n<li style=\"font-weight: 400;\" aria-level=\"1\"><span style=\"font-weight: 400;\">Bewaar pellets koel, droog en uit direct licht om kwaliteit te behouden.<\/span><\/li>\n<li style=\"font-weight: 400;\" aria-level=\"1\"><span style=\"font-weight: 400;\">Gebruik verantwoord en voorkom misbruik om gezondheidsrisico\u2019s te beperken.<\/span><\/li>\n<\/ul>\n<h3><b>Mogelijke Bijwerkingen en Waarschuwingen<\/b><\/h3>\n<p><span style=\"font-weight: 400;\">Hoewel bedoeld voor onderzoeksdoeleinden, zijn enkele bijwerkingen gemeld in wetenschappelijke contexten. Stop het gebruik bij ongewenste reacties en raadpleeg indien nodig een specialist. Dit product is uitsluitend bestemd voor onderzoeksgebruik.<\/span><\/p>\n<p><b>Bestel Vandaag Nog 2-METHYL-AP-237 20mg Pellets Online<\/b><\/p>\n<p><span style=\"font-weight: 400;\">Wij bieden de <\/span><a href=\"https:\/\/en.wikipedia.org\/wiki\/Bucinnazine\"><b>beste plek om 2-METHYL-AP-237 20mg pellets te kopen<\/b><\/a><span style=\"font-weight: 400;\">, met garantie voor kwaliteit, betaalbaarheid en veiligheid. Of je nu kleine hoeveelheden of bulk bestelt, vertrouw op ons voor authentieke, lab-geteste producten tegen een <\/span><b>goedkope 2-METHYL-AP-237 20mg pellets prijs<\/b><span style=\"font-weight: 400;\">. Compromitteer niet op onderzoekskwaliteit \u2014 <\/span><a href=\"https:\/\/rckopen.com\/hu\/\"><b>koop 2-METHYL-AP-237 20mg pellets online<\/b><\/a><span style=\"font-weight: 400;\"> voor betrouwbare en consistente resultaten.<\/span><\/p>","protected":false},"excerpt":{"rendered":"<p>IUPAC-n\u00e9v:<br \/>\nForm\u00e1ja: pellet<br \/>\nNMR-elemz\u00e9s: N\/A<\/p>","protected":false},"featured_media":6600,"comment_status":"open","ping_status":"closed","template":"","meta":{"_joinchat":[]},"product_brand":[],"product_cat":[144],"product_tag":[],"class_list":{"0":"post-6590","1":"product","2":"type-product","3":"status-publish","4":"has-post-thumbnail","6":"product_cat-pellets","8":"first","9":"instock","10":"shipping-taxable","11":"purchasable","12":"product-type-variable"},"yoast_head":"<!-- This site is optimized with the Yoast SEO plugin v26.3 - https:\/\/yoast.com\/wordpress\/plugins\/seo\/ -->\n<title>2-methyl-AP-237-20MG-pellets online kopen | Rc Kopen<\/title>\n<meta name=\"description\" content=\"2-methyl-ap-237-20 mg pellets online kopen, wij zijn de juiste keuze voor u. Onze medewerkers helpen u voordelig 2-methyl-ap-237-20mg pellets bestellen.\" \/>\n<meta name=\"robots\" content=\"index, follow, max-snippet:-1, max-image-preview:large, max-video-preview:-1\" \/>\n<link rel=\"canonical\" href=\"https:\/\/rckopen.com\/hu\/termek\/2-methyl-ap-237-20mg-pellets\/\" \/>\n<meta property=\"og:locale\" content=\"hu_HU\" \/>\n<meta property=\"og:type\" content=\"article\" \/>\n<meta property=\"og:title\" content=\"2-methyl-AP-237-20MG-pellets online kopen | Rc Kopen\" \/>\n<meta property=\"og:description\" content=\"2-methyl-ap-237-20 mg pellets online kopen, wij zijn de juiste keuze voor u. Onze medewerkers helpen u voordelig 2-methyl-ap-237-20mg pellets bestellen.\" \/>\n<meta property=\"og:url\" content=\"https:\/\/rckopen.com\/hu\/termek\/2-methyl-ap-237-20mg-pellets\/\" \/>\n<meta property=\"og:site_name\" content=\"RC Kopen\" \/>\n<meta property=\"article:modified_time\" content=\"2026-03-07T13:18:13+00:00\" \/>\n<meta property=\"og:image\" content=\"https:\/\/rckopen.com\/wp-content\/uploads\/2023\/08\/2-METHYL-AP-237-20mg-pellets.jpg\" \/>\n\t<meta property=\"og:image:width\" content=\"600\" \/>\n\t<meta property=\"og:image:height\" content=\"600\" \/>\n\t<meta property=\"og:image:type\" content=\"image\/jpeg\" \/>\n<meta name=\"twitter:card\" content=\"summary_large_image\" \/>\n<meta name=\"twitter:label1\" content=\"Becs\u00fclt olvas\u00e1si id\u0151\" \/>\n\t<meta name=\"twitter:data1\" content=\"3 perc\" \/>\n<script type=\"application\/ld+json\" class=\"yoast-schema-graph\">{\"@context\":\"https:\/\/schema.org\",\"@graph\":[{\"@type\":\"WebPage\",\"@id\":\"https:\/\/rckopen.com\/product\/2-methyl-ap-237-20mg-pellets\/\",\"url\":\"https:\/\/rckopen.com\/product\/2-methyl-ap-237-20mg-pellets\/\",\"name\":\"2-methyl-AP-237-20MG-pellets online kopen | Rc Kopen\",\"isPartOf\":{\"@id\":\"https:\/\/rckopen.com\/#website\"},\"primaryImageOfPage\":{\"@id\":\"https:\/\/rckopen.com\/product\/2-methyl-ap-237-20mg-pellets\/#primaryimage\"},\"image\":{\"@id\":\"https:\/\/rckopen.com\/product\/2-methyl-ap-237-20mg-pellets\/#primaryimage\"},\"thumbnailUrl\":\"https:\/\/rckopen.com\/wp-content\/uploads\/2023\/08\/2-METHYL-AP-237-20mg-pellets.jpg\",\"datePublished\":\"2023-08-16T09:47:54+00:00\",\"dateModified\":\"2026-03-07T13:18:13+00:00\",\"description\":\"2-methyl-ap-237-20 mg pellets online kopen, wij zijn de juiste keuze voor u. Onze medewerkers helpen u voordelig 2-methyl-ap-237-20mg pellets bestellen.\",\"breadcrumb\":{\"@id\":\"https:\/\/rckopen.com\/product\/2-methyl-ap-237-20mg-pellets\/#breadcrumb\"},\"inLanguage\":\"hu\",\"potentialAction\":[{\"@type\":\"ReadAction\",\"target\":[\"https:\/\/rckopen.com\/product\/2-methyl-ap-237-20mg-pellets\/\"]}]},{\"@type\":\"ImageObject\",\"inLanguage\":\"hu\",\"@id\":\"https:\/\/rckopen.com\/product\/2-methyl-ap-237-20mg-pellets\/#primaryimage\",\"url\":\"https:\/\/rckopen.com\/wp-content\/uploads\/2023\/08\/2-METHYL-AP-237-20mg-pellets.jpg\",\"contentUrl\":\"https:\/\/rckopen.com\/wp-content\/uploads\/2023\/08\/2-METHYL-AP-237-20mg-pellets.jpg\",\"width\":600,\"height\":600,\"caption\":\"2-METHYL-AP-237 20mg pellets Online Kopen\"},{\"@type\":\"BreadcrumbList\",\"@id\":\"https:\/\/rckopen.com\/product\/2-methyl-ap-237-20mg-pellets\/#breadcrumb\",\"itemListElement\":[{\"@type\":\"ListItem\",\"position\":1,\"name\":\"Home\",\"item\":\"https:\/\/rckopen.com\/\"},{\"@type\":\"ListItem\",\"position\":2,\"name\":\"Shop\",\"item\":\"https:\/\/rckopen.com\/shop\/\"},{\"@type\":\"ListItem\",\"position\":3,\"name\":\"2-METHYL-AP-237 20mg pellets Online Kopen\"}]},{\"@type\":\"WebSite\",\"@id\":\"https:\/\/rckopen.com\/#website\",\"url\":\"https:\/\/rckopen.com\/\",\"name\":\"RC Kopen\",\"description\":\"Research Chemicals\",\"potentialAction\":[{\"@type\":\"SearchAction\",\"target\":{\"@type\":\"EntryPoint\",\"urlTemplate\":\"https:\/\/rckopen.com\/?s={search_term_string}\"},\"query-input\":{\"@type\":\"PropertyValueSpecification\",\"valueRequired\":true,\"valueName\":\"search_term_string\"}}],\"inLanguage\":\"hu\"}]}<\/script>\n<!-- \/ Yoast SEO plugin. -->","yoast_head_json":{"title":"2-methyl-AP-237-20MG-pellets online kopen | Rc Kopen","description":"2-methyl-ap-237-20 mg pellets online kopen, wij zijn de juiste keuze voor u. Onze medewerkers helpen u voordelig 2-methyl-ap-237-20mg pellets bestellen.","robots":{"index":"index","follow":"follow","max-snippet":"max-snippet:-1","max-image-preview":"max-image-preview:large","max-video-preview":"max-video-preview:-1"},"canonical":"https:\/\/rckopen.com\/hu\/termek\/2-methyl-ap-237-20mg-pellets\/","og_locale":"hu_HU","og_type":"article","og_title":"2-methyl-AP-237-20MG-pellets online kopen | Rc Kopen","og_description":"2-methyl-ap-237-20 mg pellets online kopen, wij zijn de juiste keuze voor u. Onze medewerkers helpen u voordelig 2-methyl-ap-237-20mg pellets bestellen.","og_url":"https:\/\/rckopen.com\/hu\/termek\/2-methyl-ap-237-20mg-pellets\/","og_site_name":"RC Kopen","article_modified_time":"2026-03-07T13:18:13+00:00","og_image":[{"width":600,"height":600,"url":"https:\/\/rckopen.com\/wp-content\/uploads\/2023\/08\/2-METHYL-AP-237-20mg-pellets.jpg","type":"image\/jpeg"}],"twitter_card":"summary_large_image","twitter_misc":{"Becs\u00fclt olvas\u00e1si id\u0151":"3 perc"},"schema":{"@context":"https:\/\/schema.org","@graph":[{"@type":"WebPage","@id":"https:\/\/rckopen.com\/product\/2-methyl-ap-237-20mg-pellets\/","url":"https:\/\/rckopen.com\/product\/2-methyl-ap-237-20mg-pellets\/","name":"2-methyl-AP-237-20MG-pellets online kopen | Rc Kopen","isPartOf":{"@id":"https:\/\/rckopen.com\/#website"},"primaryImageOfPage":{"@id":"https:\/\/rckopen.com\/product\/2-methyl-ap-237-20mg-pellets\/#primaryimage"},"image":{"@id":"https:\/\/rckopen.com\/product\/2-methyl-ap-237-20mg-pellets\/#primaryimage"},"thumbnailUrl":"https:\/\/rckopen.com\/wp-content\/uploads\/2023\/08\/2-METHYL-AP-237-20mg-pellets.jpg","datePublished":"2023-08-16T09:47:54+00:00","dateModified":"2026-03-07T13:18:13+00:00","description":"2-methyl-ap-237-20 mg pellets online kopen, wij zijn de juiste keuze voor u. Onze medewerkers helpen u voordelig 2-methyl-ap-237-20mg pellets bestellen.","breadcrumb":{"@id":"https:\/\/rckopen.com\/product\/2-methyl-ap-237-20mg-pellets\/#breadcrumb"},"inLanguage":"hu","potentialAction":[{"@type":"ReadAction","target":["https:\/\/rckopen.com\/product\/2-methyl-ap-237-20mg-pellets\/"]}]},{"@type":"ImageObject","inLanguage":"hu","@id":"https:\/\/rckopen.com\/product\/2-methyl-ap-237-20mg-pellets\/#primaryimage","url":"https:\/\/rckopen.com\/wp-content\/uploads\/2023\/08\/2-METHYL-AP-237-20mg-pellets.jpg","contentUrl":"https:\/\/rckopen.com\/wp-content\/uploads\/2023\/08\/2-METHYL-AP-237-20mg-pellets.jpg","width":600,"height":600,"caption":"2-METHYL-AP-237 20mg pellets Online Kopen"},{"@type":"BreadcrumbList","@id":"https:\/\/rckopen.com\/product\/2-methyl-ap-237-20mg-pellets\/#breadcrumb","itemListElement":[{"@type":"ListItem","position":1,"name":"Home","item":"https:\/\/rckopen.com\/"},{"@type":"ListItem","position":2,"name":"Shop","item":"https:\/\/rckopen.com\/shop\/"},{"@type":"ListItem","position":3,"name":"2-METHYL-AP-237 20mg pellets Online Kopen"}]},{"@type":"WebSite","@id":"https:\/\/rckopen.com\/#website","url":"https:\/\/rckopen.com\/","name":"RC Kopen","description":"Research Chemicals","potentialAction":[{"@type":"SearchAction","target":{"@type":"EntryPoint","urlTemplate":"https:\/\/rckopen.com\/?s={search_term_string}"},"query-input":{"@type":"PropertyValueSpecification","valueRequired":true,"valueName":"search_term_string"}}],"inLanguage":"hu"}]}},"_links":{"self":[{"href":"https:\/\/rckopen.com\/hu\/wp-json\/wp\/v2\/product\/6590","targetHints":{"allow":["GET"]}}],"collection":[{"href":"https:\/\/rckopen.com\/hu\/wp-json\/wp\/v2\/product"}],"about":[{"href":"https:\/\/rckopen.com\/hu\/wp-json\/wp\/v2\/types\/product"}],"replies":[{"embeddable":true,"href":"https:\/\/rckopen.com\/hu\/wp-json\/wp\/v2\/comments?post=6590"}],"wp:featuredmedia":[{"embeddable":true,"href":"https:\/\/rckopen.com\/hu\/wp-json\/wp\/v2\/media\/6600"}],"wp:attachment":[{"href":"https:\/\/rckopen.com\/hu\/wp-json\/wp\/v2\/media?parent=6590"}],"wp:term":[{"taxonomy":"product_brand","embeddable":true,"href":"https:\/\/rckopen.com\/hu\/wp-json\/wp\/v2\/product_brand?post=6590"},{"taxonomy":"product_cat","embeddable":true,"href":"https:\/\/rckopen.com\/hu\/wp-json\/wp\/v2\/product_cat?post=6590"},{"taxonomy":"product_tag","embeddable":true,"href":"https:\/\/rckopen.com\/hu\/wp-json\/wp\/v2\/product_tag?post=6590"}],"curies":[{"name":"wp","href":"https:\/\/api.w.org\/{rel}","templated":true}]}}