{"id":6592,"date":"2023-08-16T10:04:26","date_gmt":"2023-08-16T10:04:26","guid":{"rendered":"https:\/\/diligentplug.com\/chems\/?post_type=product&#038;p=6592"},"modified":"2026-03-02T12:50:36","modified_gmt":"2026-03-02T12:50:36","slug":"2-fdck-pellets-50mg","status":"publish","type":"product","link":"https:\/\/rckopen.com\/hu\/termek\/2-fdck-pellet-50mg\/","title":{"rendered":"V\u00e1s\u00e1roljon 2-FDCK 50 mg-os pelletet online"},"content":{"rendered":"<h2><b>Koop 2-FDCK Pellets 50mg Online \u2013 Premium Kwaliteit, Veilig &amp; Discreet<\/b><\/h2>\n<p><span style=\"font-weight: 400;\">Szeretn\u00e9, hogy <\/span><a href=\"https:\/\/rckopen.com\/hu\/termek\/2-fdck-pellet-50mg\/\"><b>V\u00e1s\u00e1roljon 2-FDCK pelleteket 50 mg-os kiszerel\u00e9sben online<\/b><\/a><span style=\"font-weight: 400;\">Kiv\u00e1l\u00f3 min\u0151s\u00e9g\u0171 2-fluor-dezkl\u00f3rketamin (2-FDCK) pelletjeink k\u00e9nyelmes, megb\u00edzhat\u00f3 \u00e9s diszkr\u00e9t m\u00f3dot k\u00edn\u00e1lnak ennek a n\u00e9pszer\u0171 disszociat\u00edv anyagnak a megtapasztal\u00e1s\u00e1ra. A k\u00f6nny\u0171 haszn\u00e1latra \u00e9s a pontos adagol\u00e1sra tervezett 50 mg-os pelletek sima \u00e9s kontroll\u00e1lt \u00e9lm\u00e9nyt ny\u00fajtanak, ide\u00e1lisak mind a kezd\u0151k, mind a tapasztalt felhaszn\u00e1l\u00f3k sz\u00e1m\u00e1ra.<\/span><\/p>\n<h3><b>Mi az a 2-FDCK?<\/b><\/h3>\n<p><span style=\"font-weight: 400;\">A 2-FDCK egy szintetikus disszociat\u00edv vegy\u00fclet, amely szorosan kapcsol\u00f3dik a ketaminhoz. Egyedi hat\u00e1sair\u00f3l ismert, bele\u00e9rtve az enyhe szed\u00e1ci\u00f3t, a megv\u00e1ltozott \u00e9rz\u00e9kszervi \u00e9szlel\u00e9st \u00e9s a ment\u00e1lis tisztas\u00e1got. 50 mg-os pellet form\u00e1ja k\u00f6nnyen \u00e9s prec\u00edzen haszn\u00e1lhat\u00f3.<\/span><\/p>\n<h3><b>A pellet forma \u00e9s az 50 mg-os adagol\u00e1s el\u0151nyei<\/b><\/h3>\n<p><span style=\"font-weight: 400;\">A porokkal vagy folyad\u00e9kokkal ellent\u00e9tben a pelletek el\u0151re kim\u00e9rt adagokat k\u00edn\u00e1lnak a megb\u00edzhat\u00f3 \u00e9s probl\u00e9mamentes haszn\u00e1lat \u00e9rdek\u00e9ben. Az 50 mg-os hat\u00e1ser\u0151ss\u00e9g t\u00f6k\u00e9letes azoknak a felhaszn\u00e1l\u00f3knak, akik m\u00e9rs\u00e9kelt \u00e9lm\u00e9nyt keresnek a m\u00e9r\u00e9s neh\u00e9zs\u00e9gei n\u00e9lk\u00fcl. A pelletek k\u00f6nnyen t\u00e1rolhat\u00f3k, sz\u00e1ll\u00edthat\u00f3k \u00e9s adagolhat\u00f3k, \u00edgy n\u00e9pszer\u0171ek mind a kezd\u0151, mind a tapasztalt felhaszn\u00e1l\u00f3k k\u00f6r\u00e9ben.<\/span><\/p>\n<h3><b>Mi\u00e9rt \u00e9rdemes 2-FDCK pelletet online v\u00e1s\u00e1rolni?<\/b><\/h3>\n<h4><b>Az online v\u00e1s\u00e1rl\u00e1s k\u00e9nyelme<\/b><\/h4>\n<p><span style=\"font-weight: 400;\">Az online rendel\u00e9s gyors \u00e9s egyszer\u0171 hozz\u00e1f\u00e9r\u00e9st biztos\u00edt <a href=\"https:\/\/en.wikipedia.org\/wiki\/2-Fluorodeschloroketamine\">2-FDCK pellets<\/a>an\u00e9lk\u00fcl, hogy elhagyn\u00e1 otthon\u00e1t. Hasonl\u00edtson \u00f6ssze t\u00f6bb elad\u00f3t \u00e9s \u00e1rat, \u00e9s v\u00e1lassza ki az ig\u00e9nyeinek legink\u00e1bb megfelel\u0151 mennyis\u00e9get.<\/span><\/p>\n<h4><b>Hozz\u00e1f\u00e9r\u00e9s a k\u00fcl\u00f6nb\u00f6z\u0151 elad\u00f3i lehet\u0151s\u00e9gekhez \u00e9s \u00e1rakhoz<\/b><\/h4>\n<p><span style=\"font-weight: 400;\">Az online piacterek sz\u00e1mos lehet\u0151s\u00e9get k\u00edn\u00e1lnak, \u00edgy megtal\u00e1lhatja a legjobb aj\u00e1nlatokat a 2-FDCK 50 mg-os pelletekre. Ak\u00e1r egyetlen pelletet, ak\u00e1r nagyobb mennyis\u00e9get szeretne, mindig van megfelel\u0151 opci\u00f3.<\/span><\/p>\n<h3><b>Jogi megfontol\u00e1sok<\/b><\/h3>\n<h4><b>A 2-FDCK jelenlegi jogi st\u00e1tusza<\/b><\/h4>\n<p><span style=\"font-weight: 400;\">A 2-FDCK jogi st\u00e1tusza orsz\u00e1gonk\u00e9nt elt\u00e9r\u0151. Egyes orsz\u00e1gok szab\u00e1lyozz\u00e1k vagy tiltj\u00e1k, m\u00edg m\u00e1sok enged\u00e9lyezik kutat\u00e1si vagy szem\u00e9lyes haszn\u00e1latra. V\u00e1s\u00e1rl\u00e1s el\u0151tt mindig ellen\u0151rizze a helyi el\u0151\u00edr\u00e1sokat.<\/span><\/p>\n<h4><b>A helyi t\u00f6rv\u00e9nyek ellen\u0151rz\u00e9s\u00e9nek fontoss\u00e1ga<\/b><\/h4>\n<p><span style=\"font-weight: 400;\">A t\u00f6rv\u00e9nyek betart\u00e1s\u00e1val elker\u00fcli a jogi probl\u00e9m\u00e1kat \u00e9s el\u0151seg\u00edti a felel\u0151s haszn\u00e1latot.<\/span><\/p>\n<h3><b>Tisztas\u00e1g \u00e9s min\u0151s\u00e9gbiztos\u00edt\u00e1s<\/b><\/h3>\n<h4><b>A laborat\u00f3riumi vizsg\u00e1latok \u00e9s tan\u00fas\u00edtv\u00e1nyok fontoss\u00e1ga<\/b><\/h4>\n<p><span style=\"font-weight: 400;\">Kiz\u00e1r\u00f3lag olyan 2-FDCK pelletet v\u00e1s\u00e1roljon, amely f\u00fcggetlen teszteredm\u00e9nyekkel rendelkezik, amelyek garant\u00e1lj\u00e1k a tisztas\u00e1got \u00e9s a k\u00e1ros anyagok hi\u00e1ny\u00e1t.<\/span><\/p>\n<h4><b>Mit v\u00e1rhat el egy kiv\u00e1l\u00f3 min\u0151s\u00e9g\u0171 2-FDCK pellett\u0151l?<\/b><\/h4>\n<p><span style=\"font-weight: 400;\">A pr\u00e9mium pelletek egyenletes megjelen\u00e9s\u0171ek, szagtalanok \u00e9s megb\u00edzhat\u00f3an old\u00f3dnak. A nagy tisztas\u00e1g biztons\u00e1gos \u00e9s kisz\u00e1m\u00edthat\u00f3 hat\u00e1st biztos\u00edt.<\/span><\/p>\n<h2><b>Veilige Betaling en Privacy<\/b><\/h2>\n<h3><b>Aj\u00e1nlott fizet\u00e9si m\u00f3dok<\/b><\/h3>\n<p><span style=\"font-weight: 400;\">Haszn\u00e1ljon biztons\u00e1gos fizet\u00e9si m\u00f3dokat, p\u00e9ld\u00e1ul kriptovalut\u00e1t, hitelk\u00e1rty\u00e1t vagy megb\u00edzhat\u00f3 online fizet\u00e9si platformokat adatai v\u00e9delme \u00e9rdek\u00e9ben.<\/span><\/p>\n<h3><b>Szem\u00e9lyes adatainak v\u00e9delme<\/b><\/h3>\n<p><span style=\"font-weight: 400;\">V\u00e1lasszon olyan elad\u00f3kat, akik szigor\u00fa adatv\u00e9delmi ir\u00e1nyelvekkel \u00e9s biztons\u00e1gos weboldalakkal rendelkeznek a maxim\u00e1lis diszkr\u00e9ci\u00f3 \u00e9rdek\u00e9ben.<\/span><\/p>\n<h2><b>Sz\u00e1ll\u00edt\u00e1s, csomagol\u00e1s \u00e9s k\u00e9zbes\u00edt\u00e9s<\/b><\/h2>\n<h3><b>Diszkr\u00e9t csomagol\u00e1si m\u00f3dszerek<\/b><\/h3>\n<p><span style=\"font-weight: 400;\">A megb\u00edzhat\u00f3 elad\u00f3k diszkr\u00e9t, biztons\u00e1gos csomagol\u00e1sban sz\u00e1ll\u00edtj\u00e1k a 2-FDCK pelleteket, hogy megv\u00e9dj\u00e9k az \u00d6n adatait.<\/span><\/p>\n<h3><b>V\u00e1rhat\u00f3 sz\u00e1ll\u00edt\u00e1si id\u0151k \u00e9s k\u00f6vet\u00e9s<\/b><\/h3>\n<p><span style=\"font-weight: 400;\">A j\u00f3 elad\u00f3k k\u00f6vet\u00e9si lehet\u0151s\u00e9geket \u00e9s re\u00e1lis sz\u00e1ll\u00edt\u00e1si hat\u00e1rid\u0151ket k\u00edn\u00e1lnak, \u00edgy nyomon k\u00f6vetheted a rendel\u00e9sed.<\/span><\/p>\n<h2><b>Conclusie en Laatste Advies<\/b><\/h2>\n<p><span style=\"font-weight: 400;\">Akarsz <\/span><a href=\"https:\/\/rckopen.com\/hu\/\"><b>2-FDCK pelletek 50mg online megv\u00e1s\u00e1rolhat\u00f3k<\/b><\/a><span style=\"font-weight: 400;\"> bizalommal? V\u00e1lasszon megb\u00edzhat\u00f3 elad\u00f3t, aki laborat\u00f3riumban tesztelt, tiszta pelleteket k\u00edn\u00e1l <\/span><b>\u03c6\u03b8\u03b7\u03bd\u03ac \u03c3\u03c6\u03b1\u03b9\u03c1\u03af\u03b4\u03b9\u03b1 2-FDCK 50mg \u03c4\u03b9\u03bc\u03ae<\/b><span style=\"font-weight: 400;\">. Wij zijn de <\/span><b>A legjobb hely 2-FDCK pelletek v\u00e1s\u00e1rl\u00e1s\u00e1ra 50 mg-os kiszerel\u00e9sben<\/b><span style=\"font-weight: 400;\">, garant\u00e1lt min\u0151s\u00e9ggel, diszkr\u00e9ci\u00f3val \u00e9s kiv\u00e1l\u00f3 \u00fcgyf\u00e9lszolg\u00e1lattal.<\/span><\/p>","protected":false},"excerpt":{"rendered":"<p><strong>NMR-elemz\u00e9s: <\/strong>N\/A<\/p>","protected":false},"featured_media":6603,"comment_status":"open","ping_status":"closed","template":"","meta":{"_joinchat":[]},"product_brand":[],"product_cat":[144],"product_tag":[],"class_list":{"0":"post-6592","1":"product","2":"type-product","3":"status-publish","4":"has-post-thumbnail","6":"product_cat-pellets","8":"first","9":"instock","10":"shipping-taxable","11":"purchasable","12":"product-type-variable"},"yoast_head":"<!-- This site is optimized with the Yoast SEO plugin v26.3 - https:\/\/yoast.com\/wordpress\/plugins\/seo\/ -->\n<title>2-FDCK-Pellets-50MG online kopen - 2-FDCK-Pellets te koop<\/title>\n<meta name=\"description\" content=\"U kunt 2-fdck-pellets-50mg online kopen tegen de beste prijzen in onze online Rc kopen-winkel. Wij hebben goedkope en hoogwaardige 2-fdck-pellets 50 mg te koop en bieden wereldwijde levering. U kunt overal en altijd bestellen.\" \/>\n<meta name=\"robots\" content=\"index, follow, max-snippet:-1, max-image-preview:large, max-video-preview:-1\" \/>\n<link rel=\"canonical\" href=\"https:\/\/rckopen.com\/hu\/termek\/2-fdck-pellet-50mg\/\" \/>\n<meta property=\"og:locale\" content=\"hu_HU\" \/>\n<meta property=\"og:type\" content=\"article\" \/>\n<meta property=\"og:title\" content=\"2-FDCK-Pellets-50MG online kopen - 2-FDCK-Pellets te koop\" \/>\n<meta property=\"og:description\" content=\"U kunt 2-fdck-pellets-50mg online kopen tegen de beste prijzen in onze online Rc kopen-winkel. Wij hebben goedkope en hoogwaardige 2-fdck-pellets 50 mg te koop en bieden wereldwijde levering. U kunt overal en altijd bestellen.\" \/>\n<meta property=\"og:url\" content=\"https:\/\/rckopen.com\/hu\/termek\/2-fdck-pellet-50mg\/\" \/>\n<meta property=\"og:site_name\" content=\"RC Kopen\" \/>\n<meta property=\"article:modified_time\" content=\"2026-03-02T12:50:36+00:00\" \/>\n<meta property=\"og:image\" content=\"https:\/\/rckopen.com\/wp-content\/uploads\/2023\/08\/2-FDCK-pellets-50mg.jpg\" \/>\n\t<meta property=\"og:image:width\" content=\"600\" \/>\n\t<meta property=\"og:image:height\" content=\"600\" \/>\n\t<meta property=\"og:image:type\" content=\"image\/jpeg\" \/>\n<meta name=\"twitter:card\" content=\"summary_large_image\" \/>\n<meta name=\"twitter:label1\" content=\"Becs\u00fclt olvas\u00e1si id\u0151\" \/>\n\t<meta name=\"twitter:data1\" content=\"3 perc\" \/>\n<script type=\"application\/ld+json\" class=\"yoast-schema-graph\">{\"@context\":\"https:\/\/schema.org\",\"@graph\":[{\"@type\":\"WebPage\",\"@id\":\"https:\/\/rckopen.com\/product\/2-fdck-pellets-50mg\/\",\"url\":\"https:\/\/rckopen.com\/product\/2-fdck-pellets-50mg\/\",\"name\":\"2-FDCK-Pellets-50MG online kopen - 2-FDCK-Pellets te koop\",\"isPartOf\":{\"@id\":\"https:\/\/rckopen.com\/#website\"},\"primaryImageOfPage\":{\"@id\":\"https:\/\/rckopen.com\/product\/2-fdck-pellets-50mg\/#primaryimage\"},\"image\":{\"@id\":\"https:\/\/rckopen.com\/product\/2-fdck-pellets-50mg\/#primaryimage\"},\"thumbnailUrl\":\"https:\/\/rckopen.com\/wp-content\/uploads\/2023\/08\/2-FDCK-pellets-50mg.jpg\",\"datePublished\":\"2023-08-16T10:04:26+00:00\",\"dateModified\":\"2026-03-02T12:50:36+00:00\",\"description\":\"U kunt 2-fdck-pellets-50mg online kopen tegen de beste prijzen in onze online Rc kopen-winkel. Wij hebben goedkope en hoogwaardige 2-fdck-pellets 50 mg te koop en bieden wereldwijde levering. U kunt overal en altijd bestellen.\",\"breadcrumb\":{\"@id\":\"https:\/\/rckopen.com\/product\/2-fdck-pellets-50mg\/#breadcrumb\"},\"inLanguage\":\"hu\",\"potentialAction\":[{\"@type\":\"ReadAction\",\"target\":[\"https:\/\/rckopen.com\/product\/2-fdck-pellets-50mg\/\"]}]},{\"@type\":\"ImageObject\",\"inLanguage\":\"hu\",\"@id\":\"https:\/\/rckopen.com\/product\/2-fdck-pellets-50mg\/#primaryimage\",\"url\":\"https:\/\/rckopen.com\/wp-content\/uploads\/2023\/08\/2-FDCK-pellets-50mg.jpg\",\"contentUrl\":\"https:\/\/rckopen.com\/wp-content\/uploads\/2023\/08\/2-FDCK-pellets-50mg.jpg\",\"width\":600,\"height\":600,\"caption\":\"2-FDCK pellets 50mg Online Kopen\"},{\"@type\":\"BreadcrumbList\",\"@id\":\"https:\/\/rckopen.com\/product\/2-fdck-pellets-50mg\/#breadcrumb\",\"itemListElement\":[{\"@type\":\"ListItem\",\"position\":1,\"name\":\"Home\",\"item\":\"https:\/\/rckopen.com\/\"},{\"@type\":\"ListItem\",\"position\":2,\"name\":\"Shop\",\"item\":\"https:\/\/rckopen.com\/shop\/\"},{\"@type\":\"ListItem\",\"position\":3,\"name\":\"2-FDCK pellets 50mg Online Kopen\"}]},{\"@type\":\"WebSite\",\"@id\":\"https:\/\/rckopen.com\/#website\",\"url\":\"https:\/\/rckopen.com\/\",\"name\":\"RC Kopen\",\"description\":\"Research Chemicals\",\"potentialAction\":[{\"@type\":\"SearchAction\",\"target\":{\"@type\":\"EntryPoint\",\"urlTemplate\":\"https:\/\/rckopen.com\/?s={search_term_string}\"},\"query-input\":{\"@type\":\"PropertyValueSpecification\",\"valueRequired\":true,\"valueName\":\"search_term_string\"}}],\"inLanguage\":\"hu\"}]}<\/script>\n<!-- \/ Yoast SEO plugin. -->","yoast_head_json":{"title":"2-FDCK-Pellets-50MG online kopen - 2-FDCK-Pellets te koop","description":"U kunt 2-fdck-pellets-50mg online kopen tegen de beste prijzen in onze online Rc kopen-winkel. Wij hebben goedkope en hoogwaardige 2-fdck-pellets 50 mg te koop en bieden wereldwijde levering. U kunt overal en altijd bestellen.","robots":{"index":"index","follow":"follow","max-snippet":"max-snippet:-1","max-image-preview":"max-image-preview:large","max-video-preview":"max-video-preview:-1"},"canonical":"https:\/\/rckopen.com\/hu\/termek\/2-fdck-pellet-50mg\/","og_locale":"hu_HU","og_type":"article","og_title":"2-FDCK-Pellets-50MG online kopen - 2-FDCK-Pellets te koop","og_description":"U kunt 2-fdck-pellets-50mg online kopen tegen de beste prijzen in onze online Rc kopen-winkel. Wij hebben goedkope en hoogwaardige 2-fdck-pellets 50 mg te koop en bieden wereldwijde levering. U kunt overal en altijd bestellen.","og_url":"https:\/\/rckopen.com\/hu\/termek\/2-fdck-pellet-50mg\/","og_site_name":"RC Kopen","article_modified_time":"2026-03-02T12:50:36+00:00","og_image":[{"width":600,"height":600,"url":"https:\/\/rckopen.com\/wp-content\/uploads\/2023\/08\/2-FDCK-pellets-50mg.jpg","type":"image\/jpeg"}],"twitter_card":"summary_large_image","twitter_misc":{"Becs\u00fclt olvas\u00e1si id\u0151":"3 perc"},"schema":{"@context":"https:\/\/schema.org","@graph":[{"@type":"WebPage","@id":"https:\/\/rckopen.com\/product\/2-fdck-pellets-50mg\/","url":"https:\/\/rckopen.com\/product\/2-fdck-pellets-50mg\/","name":"2-FDCK-Pellets-50MG online kopen - 2-FDCK-Pellets te koop","isPartOf":{"@id":"https:\/\/rckopen.com\/#website"},"primaryImageOfPage":{"@id":"https:\/\/rckopen.com\/product\/2-fdck-pellets-50mg\/#primaryimage"},"image":{"@id":"https:\/\/rckopen.com\/product\/2-fdck-pellets-50mg\/#primaryimage"},"thumbnailUrl":"https:\/\/rckopen.com\/wp-content\/uploads\/2023\/08\/2-FDCK-pellets-50mg.jpg","datePublished":"2023-08-16T10:04:26+00:00","dateModified":"2026-03-02T12:50:36+00:00","description":"U kunt 2-fdck-pellets-50mg online kopen tegen de beste prijzen in onze online Rc kopen-winkel. Wij hebben goedkope en hoogwaardige 2-fdck-pellets 50 mg te koop en bieden wereldwijde levering. U kunt overal en altijd bestellen.","breadcrumb":{"@id":"https:\/\/rckopen.com\/product\/2-fdck-pellets-50mg\/#breadcrumb"},"inLanguage":"hu","potentialAction":[{"@type":"ReadAction","target":["https:\/\/rckopen.com\/product\/2-fdck-pellets-50mg\/"]}]},{"@type":"ImageObject","inLanguage":"hu","@id":"https:\/\/rckopen.com\/product\/2-fdck-pellets-50mg\/#primaryimage","url":"https:\/\/rckopen.com\/wp-content\/uploads\/2023\/08\/2-FDCK-pellets-50mg.jpg","contentUrl":"https:\/\/rckopen.com\/wp-content\/uploads\/2023\/08\/2-FDCK-pellets-50mg.jpg","width":600,"height":600,"caption":"2-FDCK pellets 50mg Online Kopen"},{"@type":"BreadcrumbList","@id":"https:\/\/rckopen.com\/product\/2-fdck-pellets-50mg\/#breadcrumb","itemListElement":[{"@type":"ListItem","position":1,"name":"Home","item":"https:\/\/rckopen.com\/"},{"@type":"ListItem","position":2,"name":"Shop","item":"https:\/\/rckopen.com\/shop\/"},{"@type":"ListItem","position":3,"name":"2-FDCK pellets 50mg Online Kopen"}]},{"@type":"WebSite","@id":"https:\/\/rckopen.com\/#website","url":"https:\/\/rckopen.com\/","name":"RC Kopen","description":"Research Chemicals","potentialAction":[{"@type":"SearchAction","target":{"@type":"EntryPoint","urlTemplate":"https:\/\/rckopen.com\/?s={search_term_string}"},"query-input":{"@type":"PropertyValueSpecification","valueRequired":true,"valueName":"search_term_string"}}],"inLanguage":"hu"}]}},"_links":{"self":[{"href":"https:\/\/rckopen.com\/hu\/wp-json\/wp\/v2\/product\/6592","targetHints":{"allow":["GET"]}}],"collection":[{"href":"https:\/\/rckopen.com\/hu\/wp-json\/wp\/v2\/product"}],"about":[{"href":"https:\/\/rckopen.com\/hu\/wp-json\/wp\/v2\/types\/product"}],"replies":[{"embeddable":true,"href":"https:\/\/rckopen.com\/hu\/wp-json\/wp\/v2\/comments?post=6592"}],"wp:featuredmedia":[{"embeddable":true,"href":"https:\/\/rckopen.com\/hu\/wp-json\/wp\/v2\/media\/6603"}],"wp:attachment":[{"href":"https:\/\/rckopen.com\/hu\/wp-json\/wp\/v2\/media?parent=6592"}],"wp:term":[{"taxonomy":"product_brand","embeddable":true,"href":"https:\/\/rckopen.com\/hu\/wp-json\/wp\/v2\/product_brand?post=6592"},{"taxonomy":"product_cat","embeddable":true,"href":"https:\/\/rckopen.com\/hu\/wp-json\/wp\/v2\/product_cat?post=6592"},{"taxonomy":"product_tag","embeddable":true,"href":"https:\/\/rckopen.com\/hu\/wp-json\/wp\/v2\/product_tag?post=6592"}],"curies":[{"name":"wp","href":"https:\/\/api.w.org\/{rel}","templated":true}]}}