{"id":6594,"date":"2023-08-16T10:08:31","date_gmt":"2023-08-16T10:08:31","guid":{"rendered":"https:\/\/diligentplug.com\/chems\/?post_type=product&#038;p=6594"},"modified":"2025-09-16T09:08:20","modified_gmt":"2025-09-16T09:08:20","slug":"cbd-pellets-25mg","status":"publish","type":"product","link":"https:\/\/rckopen.com\/hu\/termek\/cbd-pellet-25mg\/","title":{"rendered":"V\u00e1s\u00e1roljon 25 mg-os CBD pelletet online"},"content":{"rendered":"<h2>CBD-pellets 25mg online kopen<\/h2>\n<h2>Ontdek de verschillen: CBD-pellets 25 mg online kopen versus andere alternatieven<\/h2>\n<p>Stai cercando <a href=\"https:\/\/rckopen.com\/hu\/termek\/cbd-pellet-25mg\/\">CBD-pellet 25 mg<\/a>\uff0c\u4f46\u4e0d\u786e\u5b9a\u5728\u54ea\u91cc\u53ef\u4ee5\u627e\u5230\u5b83\u4eec\u6216\u8005\u5b83\u4eec\u4e0e\u5176\u4ed6\u66ff\u4ee3\u54c1\u76f8\u6bd4\u5982\u4f55\uff1f\u522b\u518d\u5bfb\u627e\u4e86\uff01\u8bbf\u95ee rckopen.com \u5728\u82f1\u56fd\u8d2d\u4e70 25 \u6beb\u514b CBD \u9897\u7c92\u3002\u5982\u679c\u60a8\u60f3\u8d2d\u4e70\u6548\u529b\u4e3a 25 \u6beb\u514b\u7684 CBD \u9897\u7c92\uff0c\u90a3\u4e48\u60a8\u5f88\u5e78\u8fd0\uff01 Rckopen.com \u63d0\u4f9b\u591a\u79cd\u9ad8\u54c1\u8d28 CBD \u4ea7\u54c1\uff0c\u5305\u62ec 25 \u6beb\u514b CBD \u9897\u7c92\u3002\u8fd9\u4e9b\u9897\u7c92\u662f\u4e00\u79cd\u5c06 CBD \u878d\u5165\u60a8\u65e5\u5e38\u751f\u6d3b\u7684\u4fbf\u6377\u800c\u7cbe\u786e\u7684\u65b9\u6cd5\u3002\u65e0\u8bba\u60a8\u662f\u60f3\u7f13\u89e3\u4e0d\u9002\u8fd8\u662f\u53ea\u662f\u60f3\u4fc3\u8fdb\u6574\u4f53\u5065\u5eb7\uff0cCBD \u9897\u7c92\u53ef\u80fd\u90fd\u662f\u4e00\u4e2a\u4e0d\u9519\u7684\u9009\u62e9\u3002\u7acb\u5373\u8bbf\u95ee rckopen.com \u63a2\u7d22\u4ed6\u4eec\u7684 CBD \u4ea7\u54c1\u7cfb\u5217\u5e76\u627e\u5230\u6ee1\u8db3\u60a8\u9700\u6c42\u7684\u5b8c\u7f8e\u89e3\u51b3\u65b9\u6848\u3002\u8f7b\u677e\u81ea\u4fe1\u5730\u4f53\u9a8c CBD \u7684\u597d\u5904 <a href=\"https:\/\/rckopen.com\/hu\/\">Rckopen.com<\/a> hogy v\u00e1lasszon CBD pellet ig\u00e9nyeinek megfelel\u0151en!<\/p>\n<h3>Rendeljen egyszer\u0171en online 25 mg-os CBD pelletet, \u00e9s h\u00e1zhoz sz\u00e1ll\u00edtja.<\/h3>\n<p>A forma teteje<\/p>\n<h3>Milyen t\u00edpus\u00fa gy\u00f3gyszer a CBD pellet 25 mg?<\/h3>\n<p><a href=\"https:\/\/en.wikipedia.org\/wiki\/Cannabidiol\">CBD<\/a>- A 25 mg-os pellet k\u00e9nyelmes \u00e9s egyszer\u0171 m\u00f3dja a CBD fogyaszt\u00e1s\u00e1nak. Ezek a pelletek mindegyike 25 mg CBD-t tartalmaz, \u00edgy k\u00f6nnyen m\u00e9rhet\u0151 \u00e9s nyomon k\u00f6vethet\u0151 az adagol\u00e1s. A CBD pellet n\u00e9pszer\u0171 v\u00e1laszt\u00e1s azok sz\u00e1m\u00e1ra, akik gyors \u00e9s hat\u00e9kony m\u00f3dot keresnek a CBD el\u0151nyeinek megtapasztal\u00e1s\u00e1ra.<\/p>\n<h3>Mi\u00e9rt v\u00e1lassza a 25 mg-os CBD pelletet?<\/h3>\n<p>Amikor a 25 mg-os CBD pellet rendel\u00e9s\u00e9r\u0151l van sz\u00f3, t\u00f6bb oka is van annak, hogy mi\u00e9rt lehet ez a legjobb megold\u00e1s az \u00d6n sz\u00e1m\u00e1ra. El\u0151sz\u00f6r is, a CBD pellet k\u00f6nnyen haszn\u00e1lhat\u00f3 \u00e9s k\u00e9nyelmesen hordozhat\u00f3. R\u00e1ad\u00e1sul a pelletenk\u00e9nti 25 mg-os pontos adagol\u00e1ssal k\u00f6nnyen meghat\u00e1rozhatja, hogy mennyi CBD-t fogyaszt.<\/p>\n<h3>V\u00e1s\u00e1roljon 25 mg-os CBD-pelletet a kiad\u00f3t\u00f3l online<\/h3>\n<p>Ha 25mg CBD pelletet keres, az rckopen.com a t\u00f6k\u00e9letes hely a v\u00e1s\u00e1rl\u00e1shoz. Rendszeresen k\u00edn\u00e1lnak kedvezm\u00e9nyeket \u00e9s prom\u00f3ci\u00f3kat a gy\u00f3gyszereikre, \u00edgy megfizethet\u0151v\u00e9 teszik azokat az egy\u00e9nek sz\u00e1m\u00e1ra, akiknek sz\u00fcks\u00e9g\u00fck van a kiv\u00e1l\u00f3 min\u0151s\u00e9g\u0171 gy\u00f3gyszerekhez val\u00f3 hozz\u00e1f\u00e9r\u00e9sre.<\/p>\n<h3>Hol v\u00e1s\u00e1rolhat online 25 mg CBD pelletet<\/h3>\n<p>Ha szeretn\u00e9 kipr\u00f3b\u00e1lni a 25 mg-os CBD pelleteket, megv\u00e1s\u00e1rolhatja az rckopen.com oldalon. Az rckopen.com CBD pellet 25 mg boltj\u00e1ban kiv\u00e1l\u00f3 min\u0151s\u00e9g\u0171 25 mg CBD pelletet tal\u00e1lhat elad\u00f3. V\u00e1s\u00e1roljon 25 mg-os CBD pelletet online v\u00e9ny n\u00e9lk\u00fcl.<\/p>\n<p>Amikor a CBD fogyaszt\u00e1s\u00e1nak legjobb lehet\u0151s\u00e9g\u00e9t kell kiv\u00e1lasztani, a CBD pellet 25 mg k\u00e9nyelmes \u00e9s hat\u00e9kony megold\u00e1st k\u00edn\u00e1l. A pelletenk\u00e9nt 25 mg-os pontos adagol\u00e1ssal k\u00f6nnyen ellen\u0151rizheti, hogy mennyi CBD-t fogyaszt. Ak\u00e1r \u00faj vagy a CBD-ben, ak\u00e1r tapasztalt felhaszn\u00e1l\u00f3 vagy, a CBD pellet 25 mg kiv\u00e1l\u00f3 v\u00e1laszt\u00e1s mindenkinek, aki szeretn\u00e9 megtapasztalni a CBD el\u0151nyeit.<br \/>\nNe v\u00e1rjon: v\u00e1s\u00e1roljon 25 mg-os CBD pelletet az rckopen.com oldalon m\u00e9g ma, \u00e9s fedezze fel a k\u00fcl\u00f6nbs\u00e9get!<\/p>","protected":false},"excerpt":{"rendered":"<p><strong>NMR-elemz\u00e9s: <\/strong>N\/A<\/p>","protected":false},"featured_media":7496,"comment_status":"open","ping_status":"closed","template":"","meta":{"_joinchat":[]},"product_brand":[],"product_cat":[144],"product_tag":[],"class_list":{"0":"post-6594","1":"product","2":"type-product","3":"status-publish","4":"has-post-thumbnail","6":"product_cat-pellets","8":"first","9":"instock","10":"shipping-taxable","11":"purchasable","12":"product-type-variable"},"yoast_head":"<!-- This site is optimized with the Yoast SEO plugin v26.3 - https:\/\/yoast.com\/wordpress\/plugins\/seo\/ -->\n<title>CBD-pellets 25 mg online kopen - CBD-pellets 25 mg te koop<\/title>\n<meta name=\"description\" content=\"Wij zijn de toonaangevende winkel die CBD-pellets 25 mg te koop aanbiedt. Als u CBD Pellets 25mg online kopen, neem dan direct contact met ons op en laat de bestelling bezorgen. Bestel nu!\" \/>\n<meta name=\"robots\" content=\"index, follow, max-snippet:-1, max-image-preview:large, max-video-preview:-1\" \/>\n<link rel=\"canonical\" href=\"https:\/\/rckopen.com\/hu\/termek\/cbd-pellet-25mg\/\" \/>\n<meta property=\"og:locale\" content=\"hu_HU\" \/>\n<meta property=\"og:type\" content=\"article\" \/>\n<meta property=\"og:title\" content=\"CBD-pellets 25 mg online kopen - CBD-pellets 25 mg te koop\" \/>\n<meta property=\"og:description\" content=\"Wij zijn de toonaangevende winkel die CBD-pellets 25 mg te koop aanbiedt. Als u CBD Pellets 25mg online kopen, neem dan direct contact met ons op en laat de bestelling bezorgen. Bestel nu!\" \/>\n<meta property=\"og:url\" content=\"https:\/\/rckopen.com\/hu\/termek\/cbd-pellet-25mg\/\" \/>\n<meta property=\"og:site_name\" content=\"RC Kopen\" \/>\n<meta property=\"article:modified_time\" content=\"2025-09-16T09:08:20+00:00\" \/>\n<meta property=\"og:image\" content=\"https:\/\/rckopen.com\/wp-content\/uploads\/2023\/08\/CBD-pellets-25mg-2.jpg\" \/>\n\t<meta property=\"og:image:width\" content=\"600\" \/>\n\t<meta property=\"og:image:height\" content=\"600\" \/>\n\t<meta property=\"og:image:type\" content=\"image\/jpeg\" \/>\n<meta name=\"twitter:card\" content=\"summary_large_image\" \/>\n<meta name=\"twitter:label1\" content=\"Becs\u00fclt olvas\u00e1si id\u0151\" \/>\n\t<meta name=\"twitter:data1\" content=\"3 perc\" \/>\n<script type=\"application\/ld+json\" class=\"yoast-schema-graph\">{\"@context\":\"https:\/\/schema.org\",\"@graph\":[{\"@type\":\"WebPage\",\"@id\":\"https:\/\/rckopen.com\/product\/cbd-pellets-25mg\/\",\"url\":\"https:\/\/rckopen.com\/product\/cbd-pellets-25mg\/\",\"name\":\"CBD-pellets 25 mg online kopen - CBD-pellets 25 mg te koop\",\"isPartOf\":{\"@id\":\"https:\/\/rckopen.com\/#website\"},\"primaryImageOfPage\":{\"@id\":\"https:\/\/rckopen.com\/product\/cbd-pellets-25mg\/#primaryimage\"},\"image\":{\"@id\":\"https:\/\/rckopen.com\/product\/cbd-pellets-25mg\/#primaryimage\"},\"thumbnailUrl\":\"https:\/\/rckopen.com\/wp-content\/uploads\/2023\/08\/CBD-pellets-25mg-2.jpg\",\"datePublished\":\"2023-08-16T10:08:31+00:00\",\"dateModified\":\"2025-09-16T09:08:20+00:00\",\"description\":\"Wij zijn de toonaangevende winkel die CBD-pellets 25 mg te koop aanbiedt. Als u CBD Pellets 25mg online kopen, neem dan direct contact met ons op en laat de bestelling bezorgen. Bestel nu!\",\"breadcrumb\":{\"@id\":\"https:\/\/rckopen.com\/product\/cbd-pellets-25mg\/#breadcrumb\"},\"inLanguage\":\"hu\",\"potentialAction\":[{\"@type\":\"ReadAction\",\"target\":[\"https:\/\/rckopen.com\/product\/cbd-pellets-25mg\/\"]}]},{\"@type\":\"ImageObject\",\"inLanguage\":\"hu\",\"@id\":\"https:\/\/rckopen.com\/product\/cbd-pellets-25mg\/#primaryimage\",\"url\":\"https:\/\/rckopen.com\/wp-content\/uploads\/2023\/08\/CBD-pellets-25mg-2.jpg\",\"contentUrl\":\"https:\/\/rckopen.com\/wp-content\/uploads\/2023\/08\/CBD-pellets-25mg-2.jpg\",\"width\":600,\"height\":600,\"caption\":\"CBD-pellets-25mg Online Kopen\"},{\"@type\":\"BreadcrumbList\",\"@id\":\"https:\/\/rckopen.com\/product\/cbd-pellets-25mg\/#breadcrumb\",\"itemListElement\":[{\"@type\":\"ListItem\",\"position\":1,\"name\":\"Home\",\"item\":\"https:\/\/rckopen.com\/\"},{\"@type\":\"ListItem\",\"position\":2,\"name\":\"Shop\",\"item\":\"https:\/\/rckopen.com\/shop\/\"},{\"@type\":\"ListItem\",\"position\":3,\"name\":\"CBD pellets 25mg online kopen\"}]},{\"@type\":\"WebSite\",\"@id\":\"https:\/\/rckopen.com\/#website\",\"url\":\"https:\/\/rckopen.com\/\",\"name\":\"RC Kopen\",\"description\":\"Research Chemicals\",\"potentialAction\":[{\"@type\":\"SearchAction\",\"target\":{\"@type\":\"EntryPoint\",\"urlTemplate\":\"https:\/\/rckopen.com\/?s={search_term_string}\"},\"query-input\":{\"@type\":\"PropertyValueSpecification\",\"valueRequired\":true,\"valueName\":\"search_term_string\"}}],\"inLanguage\":\"hu\"}]}<\/script>\n<!-- \/ Yoast SEO plugin. -->","yoast_head_json":{"title":"CBD-pellets 25 mg online kopen - CBD-pellets 25 mg te koop","description":"Wij zijn de toonaangevende winkel die CBD-pellets 25 mg te koop aanbiedt. Als u CBD Pellets 25mg online kopen, neem dan direct contact met ons op en laat de bestelling bezorgen. Bestel nu!","robots":{"index":"index","follow":"follow","max-snippet":"max-snippet:-1","max-image-preview":"max-image-preview:large","max-video-preview":"max-video-preview:-1"},"canonical":"https:\/\/rckopen.com\/hu\/termek\/cbd-pellet-25mg\/","og_locale":"hu_HU","og_type":"article","og_title":"CBD-pellets 25 mg online kopen - CBD-pellets 25 mg te koop","og_description":"Wij zijn de toonaangevende winkel die CBD-pellets 25 mg te koop aanbiedt. Als u CBD Pellets 25mg online kopen, neem dan direct contact met ons op en laat de bestelling bezorgen. Bestel nu!","og_url":"https:\/\/rckopen.com\/hu\/termek\/cbd-pellet-25mg\/","og_site_name":"RC Kopen","article_modified_time":"2025-09-16T09:08:20+00:00","og_image":[{"width":600,"height":600,"url":"https:\/\/rckopen.com\/wp-content\/uploads\/2023\/08\/CBD-pellets-25mg-2.jpg","type":"image\/jpeg"}],"twitter_card":"summary_large_image","twitter_misc":{"Becs\u00fclt olvas\u00e1si id\u0151":"3 perc"},"schema":{"@context":"https:\/\/schema.org","@graph":[{"@type":"WebPage","@id":"https:\/\/rckopen.com\/product\/cbd-pellets-25mg\/","url":"https:\/\/rckopen.com\/product\/cbd-pellets-25mg\/","name":"CBD-pellets 25 mg online kopen - CBD-pellets 25 mg te koop","isPartOf":{"@id":"https:\/\/rckopen.com\/#website"},"primaryImageOfPage":{"@id":"https:\/\/rckopen.com\/product\/cbd-pellets-25mg\/#primaryimage"},"image":{"@id":"https:\/\/rckopen.com\/product\/cbd-pellets-25mg\/#primaryimage"},"thumbnailUrl":"https:\/\/rckopen.com\/wp-content\/uploads\/2023\/08\/CBD-pellets-25mg-2.jpg","datePublished":"2023-08-16T10:08:31+00:00","dateModified":"2025-09-16T09:08:20+00:00","description":"Wij zijn de toonaangevende winkel die CBD-pellets 25 mg te koop aanbiedt. Als u CBD Pellets 25mg online kopen, neem dan direct contact met ons op en laat de bestelling bezorgen. Bestel nu!","breadcrumb":{"@id":"https:\/\/rckopen.com\/product\/cbd-pellets-25mg\/#breadcrumb"},"inLanguage":"hu","potentialAction":[{"@type":"ReadAction","target":["https:\/\/rckopen.com\/product\/cbd-pellets-25mg\/"]}]},{"@type":"ImageObject","inLanguage":"hu","@id":"https:\/\/rckopen.com\/product\/cbd-pellets-25mg\/#primaryimage","url":"https:\/\/rckopen.com\/wp-content\/uploads\/2023\/08\/CBD-pellets-25mg-2.jpg","contentUrl":"https:\/\/rckopen.com\/wp-content\/uploads\/2023\/08\/CBD-pellets-25mg-2.jpg","width":600,"height":600,"caption":"CBD-pellets-25mg Online Kopen"},{"@type":"BreadcrumbList","@id":"https:\/\/rckopen.com\/product\/cbd-pellets-25mg\/#breadcrumb","itemListElement":[{"@type":"ListItem","position":1,"name":"Home","item":"https:\/\/rckopen.com\/"},{"@type":"ListItem","position":2,"name":"Shop","item":"https:\/\/rckopen.com\/shop\/"},{"@type":"ListItem","position":3,"name":"CBD pellets 25mg online kopen"}]},{"@type":"WebSite","@id":"https:\/\/rckopen.com\/#website","url":"https:\/\/rckopen.com\/","name":"RC Kopen","description":"Research Chemicals","potentialAction":[{"@type":"SearchAction","target":{"@type":"EntryPoint","urlTemplate":"https:\/\/rckopen.com\/?s={search_term_string}"},"query-input":{"@type":"PropertyValueSpecification","valueRequired":true,"valueName":"search_term_string"}}],"inLanguage":"hu"}]}},"_links":{"self":[{"href":"https:\/\/rckopen.com\/hu\/wp-json\/wp\/v2\/product\/6594","targetHints":{"allow":["GET"]}}],"collection":[{"href":"https:\/\/rckopen.com\/hu\/wp-json\/wp\/v2\/product"}],"about":[{"href":"https:\/\/rckopen.com\/hu\/wp-json\/wp\/v2\/types\/product"}],"replies":[{"embeddable":true,"href":"https:\/\/rckopen.com\/hu\/wp-json\/wp\/v2\/comments?post=6594"}],"wp:featuredmedia":[{"embeddable":true,"href":"https:\/\/rckopen.com\/hu\/wp-json\/wp\/v2\/media\/7496"}],"wp:attachment":[{"href":"https:\/\/rckopen.com\/hu\/wp-json\/wp\/v2\/media?parent=6594"}],"wp:term":[{"taxonomy":"product_brand","embeddable":true,"href":"https:\/\/rckopen.com\/hu\/wp-json\/wp\/v2\/product_brand?post=6594"},{"taxonomy":"product_cat","embeddable":true,"href":"https:\/\/rckopen.com\/hu\/wp-json\/wp\/v2\/product_cat?post=6594"},{"taxonomy":"product_tag","embeddable":true,"href":"https:\/\/rckopen.com\/hu\/wp-json\/wp\/v2\/product_tag?post=6594"}],"curies":[{"name":"wp","href":"https:\/\/api.w.org\/{rel}","templated":true}]}}