{"id":6595,"date":"2023-08-16T10:13:37","date_gmt":"2023-08-16T10:13:37","guid":{"rendered":"https:\/\/diligentplug.com\/chems\/?post_type=product&#038;p=6595"},"modified":"2025-09-16T09:07:10","modified_gmt":"2025-09-16T09:07:10","slug":"6-apb-pellets-100mg","status":"publish","type":"product","link":"https:\/\/rckopen.com\/hu\/termek\/6-apb-pellet-100mg\/","title":{"rendered":"6-APB pellet 100mg Online Kopen"},"content":{"rendered":"<h2>6-APB-pellets 100 mg Online Kopen<br \/>\nAz rckopen.com v\u00e1laszt\u00e1s\u00e1nak f\u0151 okai a 6-APB pellet 100 mg eset\u00e9ben<\/h2>\n<p>akarod <a href=\"https:\/\/rckopen.com\/hu\/termek\/6-apb-pellet-100mg\/\">V\u00e1s\u00e1roljon 100 mg-os 6-APB-pelletet online<\/a>? \u00c9rdekli, hogy hol v\u00e1s\u00e1rolhat 6-APB Pellets 100mg-ot v\u00e9ny n\u00e9lk\u00fcl? Ne keressen tov\u00e1bb, mint az rckopen.com \u2013 a t\u00f6k\u00e9letes 6-APB Pellets 100 mg bolt, amely kiv\u00e1l\u00f3 min\u0151s\u00e9g\u0171 term\u00e9keket k\u00edn\u00e1l megfizethet\u0151 \u00e1ron. \u00cdme a legfontosabb okok, amelyek miatt \u00e9rdemes az rckopen.com webhelyet v\u00e1lasztania minden 100 mg-os 6-APB pellet v\u00e1s\u00e1rl\u00e1si ig\u00e9ny\u00e9nek kiel\u00e9g\u00edt\u00e9s\u00e9re:<\/p>\n<h3>Term\u00e9kek sz\u00e9les v\u00e1laszt\u00e9ka<\/h3>\n<p>Az rckopen.com oldalon sz\u00e9les v\u00e1laszt\u00e9kot tal\u00e1l <a href=\"https:\/\/en.wikipedia.org\/wiki\/6-APB\">6-APB<\/a>-pellet 100 mg elad\u00f3 amib\u0151l v\u00e1laszthat. Ak\u00e1r egy konkr\u00e9t adagot, ak\u00e1r mennyis\u00e9get keres, mi mindenben megtal\u00e1ljuk. Kiterjedt kollekci\u00f3nk biztos\u00edtja, hogy k\u00f6nnyen megtal\u00e1lja, amire sz\u00fcks\u00e9ge van.<\/p>\n<h3>Kiv\u00e1l\u00f3 min\u0151s\u00e9g<\/h3>\n<p>Ha v\u00e9ny n\u00e9lk\u00fcl rendel 6-APB Pellets 100 mg-ot a <a href=\"https:\/\/rckopen.com\/hu\/\">rckopen.com<\/a>, biztos lehet benne, hogy kiv\u00e1l\u00f3 min\u0151s\u00e9g\u0171 term\u00e9keket fog kapni. 100 mg-os 6-APB pelleteinket megb\u00edzhat\u00f3 gy\u00e1rt\u00f3kt\u00f3l szerezz\u00fck be, akik betartj\u00e1k a szigor\u00fa min\u0151s\u00e9gi el\u0151\u00edr\u00e1sokat. Ez azt jelenti, hogy minden alkalommal biztons\u00e1gos \u00e9s hat\u00e9kony term\u00e9keket kap.<\/p>\n<h3>Versenyk\u00e9pes \u00e1rak<\/h3>\n<p>Meg\u00e9rtj\u00fck a megfizethet\u0151s\u00e9g fontoss\u00e1g\u00e1t, amikor a 6-APB Pellet 100 mg megv\u00e1s\u00e1rl\u00e1s\u00e1r\u00f3l van sz\u00f3. Ez\u00e9rt k\u00edn\u00e1lunk versenyk\u00e9pes \u00e1rakat minden term\u00e9k\u00fcnkre. A 6-APB Pellets 100 mg-ot az rckopen.com oldalon v\u00e1s\u00e1rolhatja meg an\u00e9lk\u00fcl, hogy sok p\u00e9nzt k\u00f6ltene.<\/p>\n<h3>Egyszer\u0171 rendel\u00e9si folyamat<\/h3>\n<p>Az rckopen.com oldalon egyszer\u0171s\u00edtett\u00fck a rendel\u00e9si folyamatot, hogy a lehet\u0151 legegyszer\u0171bb \u00e9s legk\u00f6nnyebb legyen. N\u00e9h\u00e1ny kattint\u00e1ssal megrendelheti a 6-APB Pellet 100 mg-ot, \u00e9s h\u00e1zhoz sz\u00e1ll\u00edthatjuk \u00d6nnek. Nincs t\u00f6bb\u00e9 hossz\u00fa sorban \u00e1ll\u00e1s a gy\u00f3gyszert\u00e1rban: a rendel\u00e9s t\u0151l\u00fcnk gyors \u00e9s probl\u00e9mamentes.<\/p>\n<h3>Biztons\u00e1gos fizet\u00e9si lehet\u0151s\u00e9gek<\/h3>\n<p>Komolyan vessz\u00fck az \u00d6n biztons\u00e1g\u00e1t, ez\u00e9rt biztons\u00e1gos fizet\u00e9si lehet\u0151s\u00e9geket k\u00edn\u00e1lunk szem\u00e9lyes adatainak v\u00e9delme \u00e9rdek\u00e9ben. \u00d6n nyugodtan v\u00e1s\u00e1rolhat 6-APB Pellet 100 mg-ot, tudva, hogy fizet\u00e9si adatai biztons\u00e1gban vannak.<\/p>\n<h3>Gyors sz\u00e1ll\u00edt\u00e1s<\/h3>\n<p>Meg\u00e9rtj\u00fck, hogy ha 6-APB Pellets 100 mg-ot kell rendelnie, akkor gyorsan kell. Ez\u00e9rt gyors sz\u00e1ll\u00edt\u00e1si lehet\u0151s\u00e9geket k\u00edn\u00e1lunk, hogy \u00d6n id\u0151ben megkapja a rendel\u00e9s\u00e9t. Gyors\u00edtott sz\u00e1ll\u00edt\u00e1sunknak k\u00f6sz\u00f6nhet\u0151en pillanatok alatt megkaphatja a 6-APB Pellets 100 mg-ot.<\/p>\n<p>Az Rckopen.com az els\u0151sz\u00e1m\u00fa c\u00e9lpont az \u00f6sszes elad\u00f3 6-APB Pellets 100 mg sz\u00fcks\u00e9gleteihez. Sz\u00e9les v\u00e1laszt\u00e9kunkkal, kiv\u00e1l\u00f3 min\u0151s\u00e9g\u0171 term\u00e9keinkkel, versenyk\u00e9pes \u00e1rainkkal, egyszer\u0171 rendel\u00e9si folyamatunkkal, biztons\u00e1gos fizet\u00e9si lehet\u0151s\u00e9geinkkel \u00e9s gyors sz\u00e1ll\u00edt\u00e1sunkkal nincs okunk m\u00e1shol keresni. V\u00e1s\u00e1roljon 6-APB Pellets 100 mg-ot az rckopen.com-on m\u00e9g ma, \u00e9s tapasztalja meg a k\u00fcl\u00f6nbs\u00e9get saj\u00e1t maga.<\/p>","protected":false},"excerpt":{"rendered":"<p><strong>IUPAC-n\u00e9v:<\/strong><\/p>\n<p><strong>Forma: <\/strong>pellet<\/p>\n<p><strong>NMR-elemz\u00e9s: <\/strong>N\/A<\/p>","protected":false},"featured_media":6606,"comment_status":"open","ping_status":"closed","template":"","meta":{"_joinchat":[]},"product_brand":[],"product_cat":[144],"product_tag":[],"class_list":{"0":"post-6595","1":"product","2":"type-product","3":"status-publish","4":"has-post-thumbnail","6":"product_cat-pellets","8":"first","9":"instock","10":"shipping-taxable","11":"purchasable","12":"product-type-variable"},"yoast_head":"<!-- This site is optimized with the Yoast SEO plugin v26.3 - https:\/\/yoast.com\/wordpress\/plugins\/seo\/ -->\n<title>6 APB-pellets 100 mg online kopen - 6 APB-pellets 100 mg te koop<\/title>\n<meta name=\"description\" content=\"In onze Rc kopen-winkel kunt u 6 APB-pellets 100 mg te koop krijgen tegen goedkope tarieven. Wij werken uitsluitend met kwaliteitsproducten van A-kwaliteit. nu 6 APB-pellets 100 mg online kopen in onze winkel met een snelle en veilige verzendservice.\" \/>\n<meta name=\"robots\" content=\"index, follow, max-snippet:-1, max-image-preview:large, max-video-preview:-1\" \/>\n<link rel=\"canonical\" href=\"https:\/\/rckopen.com\/hu\/termek\/6-apb-pellet-100mg\/\" \/>\n<meta property=\"og:locale\" content=\"hu_HU\" \/>\n<meta property=\"og:type\" content=\"article\" \/>\n<meta property=\"og:title\" content=\"6 APB-pellets 100 mg online kopen - 6 APB-pellets 100 mg te koop\" \/>\n<meta property=\"og:description\" content=\"In onze Rc kopen-winkel kunt u 6 APB-pellets 100 mg te koop krijgen tegen goedkope tarieven. Wij werken uitsluitend met kwaliteitsproducten van A-kwaliteit. nu 6 APB-pellets 100 mg online kopen in onze winkel met een snelle en veilige verzendservice.\" \/>\n<meta property=\"og:url\" content=\"https:\/\/rckopen.com\/hu\/termek\/6-apb-pellet-100mg\/\" \/>\n<meta property=\"og:site_name\" content=\"RC Kopen\" \/>\n<meta property=\"article:modified_time\" content=\"2025-09-16T09:07:10+00:00\" \/>\n<meta property=\"og:image\" content=\"https:\/\/rckopen.com\/wp-content\/uploads\/2023\/08\/6-APB-pellets-100mg.jpg\" \/>\n\t<meta property=\"og:image:width\" content=\"600\" \/>\n\t<meta property=\"og:image:height\" content=\"600\" \/>\n\t<meta property=\"og:image:type\" content=\"image\/jpeg\" \/>\n<meta name=\"twitter:card\" content=\"summary_large_image\" \/>\n<meta name=\"twitter:label1\" content=\"Becs\u00fclt olvas\u00e1si id\u0151\" \/>\n\t<meta name=\"twitter:data1\" content=\"3 perc\" \/>\n<script type=\"application\/ld+json\" class=\"yoast-schema-graph\">{\"@context\":\"https:\/\/schema.org\",\"@graph\":[{\"@type\":\"WebPage\",\"@id\":\"https:\/\/rckopen.com\/product\/6-apb-pellets-100mg\/\",\"url\":\"https:\/\/rckopen.com\/product\/6-apb-pellets-100mg\/\",\"name\":\"6 APB-pellets 100 mg online kopen - 6 APB-pellets 100 mg te koop\",\"isPartOf\":{\"@id\":\"https:\/\/rckopen.com\/#website\"},\"primaryImageOfPage\":{\"@id\":\"https:\/\/rckopen.com\/product\/6-apb-pellets-100mg\/#primaryimage\"},\"image\":{\"@id\":\"https:\/\/rckopen.com\/product\/6-apb-pellets-100mg\/#primaryimage\"},\"thumbnailUrl\":\"https:\/\/rckopen.com\/wp-content\/uploads\/2023\/08\/6-APB-pellets-100mg.jpg\",\"datePublished\":\"2023-08-16T10:13:37+00:00\",\"dateModified\":\"2025-09-16T09:07:10+00:00\",\"description\":\"In onze Rc kopen-winkel kunt u 6 APB-pellets 100 mg te koop krijgen tegen goedkope tarieven. Wij werken uitsluitend met kwaliteitsproducten van A-kwaliteit. nu 6 APB-pellets 100 mg online kopen in onze winkel met een snelle en veilige verzendservice.\",\"breadcrumb\":{\"@id\":\"https:\/\/rckopen.com\/product\/6-apb-pellets-100mg\/#breadcrumb\"},\"inLanguage\":\"hu\",\"potentialAction\":[{\"@type\":\"ReadAction\",\"target\":[\"https:\/\/rckopen.com\/product\/6-apb-pellets-100mg\/\"]}]},{\"@type\":\"ImageObject\",\"inLanguage\":\"hu\",\"@id\":\"https:\/\/rckopen.com\/product\/6-apb-pellets-100mg\/#primaryimage\",\"url\":\"https:\/\/rckopen.com\/wp-content\/uploads\/2023\/08\/6-APB-pellets-100mg.jpg\",\"contentUrl\":\"https:\/\/rckopen.com\/wp-content\/uploads\/2023\/08\/6-APB-pellets-100mg.jpg\",\"width\":600,\"height\":600,\"caption\":\"6-APB-pellets-100mg Online Kopen\"},{\"@type\":\"BreadcrumbList\",\"@id\":\"https:\/\/rckopen.com\/product\/6-apb-pellets-100mg\/#breadcrumb\",\"itemListElement\":[{\"@type\":\"ListItem\",\"position\":1,\"name\":\"Home\",\"item\":\"https:\/\/rckopen.com\/\"},{\"@type\":\"ListItem\",\"position\":2,\"name\":\"Shop\",\"item\":\"https:\/\/rckopen.com\/shop\/\"},{\"@type\":\"ListItem\",\"position\":3,\"name\":\"6-APB pellets 100mg Online Kopen\"}]},{\"@type\":\"WebSite\",\"@id\":\"https:\/\/rckopen.com\/#website\",\"url\":\"https:\/\/rckopen.com\/\",\"name\":\"RC Kopen\",\"description\":\"Research Chemicals\",\"potentialAction\":[{\"@type\":\"SearchAction\",\"target\":{\"@type\":\"EntryPoint\",\"urlTemplate\":\"https:\/\/rckopen.com\/?s={search_term_string}\"},\"query-input\":{\"@type\":\"PropertyValueSpecification\",\"valueRequired\":true,\"valueName\":\"search_term_string\"}}],\"inLanguage\":\"hu\"}]}<\/script>\n<!-- \/ Yoast SEO plugin. -->","yoast_head_json":{"title":"6 APB-pellets 100 mg online kopen - 6 APB-pellets 100 mg te koop","description":"In onze Rc kopen-winkel kunt u 6 APB-pellets 100 mg te koop krijgen tegen goedkope tarieven. Wij werken uitsluitend met kwaliteitsproducten van A-kwaliteit. nu 6 APB-pellets 100 mg online kopen in onze winkel met een snelle en veilige verzendservice.","robots":{"index":"index","follow":"follow","max-snippet":"max-snippet:-1","max-image-preview":"max-image-preview:large","max-video-preview":"max-video-preview:-1"},"canonical":"https:\/\/rckopen.com\/hu\/termek\/6-apb-pellet-100mg\/","og_locale":"hu_HU","og_type":"article","og_title":"6 APB-pellets 100 mg online kopen - 6 APB-pellets 100 mg te koop","og_description":"In onze Rc kopen-winkel kunt u 6 APB-pellets 100 mg te koop krijgen tegen goedkope tarieven. Wij werken uitsluitend met kwaliteitsproducten van A-kwaliteit. nu 6 APB-pellets 100 mg online kopen in onze winkel met een snelle en veilige verzendservice.","og_url":"https:\/\/rckopen.com\/hu\/termek\/6-apb-pellet-100mg\/","og_site_name":"RC Kopen","article_modified_time":"2025-09-16T09:07:10+00:00","og_image":[{"width":600,"height":600,"url":"https:\/\/rckopen.com\/wp-content\/uploads\/2023\/08\/6-APB-pellets-100mg.jpg","type":"image\/jpeg"}],"twitter_card":"summary_large_image","twitter_misc":{"Becs\u00fclt olvas\u00e1si id\u0151":"3 perc"},"schema":{"@context":"https:\/\/schema.org","@graph":[{"@type":"WebPage","@id":"https:\/\/rckopen.com\/product\/6-apb-pellets-100mg\/","url":"https:\/\/rckopen.com\/product\/6-apb-pellets-100mg\/","name":"6 APB-pellets 100 mg online kopen - 6 APB-pellets 100 mg te koop","isPartOf":{"@id":"https:\/\/rckopen.com\/#website"},"primaryImageOfPage":{"@id":"https:\/\/rckopen.com\/product\/6-apb-pellets-100mg\/#primaryimage"},"image":{"@id":"https:\/\/rckopen.com\/product\/6-apb-pellets-100mg\/#primaryimage"},"thumbnailUrl":"https:\/\/rckopen.com\/wp-content\/uploads\/2023\/08\/6-APB-pellets-100mg.jpg","datePublished":"2023-08-16T10:13:37+00:00","dateModified":"2025-09-16T09:07:10+00:00","description":"In onze Rc kopen-winkel kunt u 6 APB-pellets 100 mg te koop krijgen tegen goedkope tarieven. Wij werken uitsluitend met kwaliteitsproducten van A-kwaliteit. nu 6 APB-pellets 100 mg online kopen in onze winkel met een snelle en veilige verzendservice.","breadcrumb":{"@id":"https:\/\/rckopen.com\/product\/6-apb-pellets-100mg\/#breadcrumb"},"inLanguage":"hu","potentialAction":[{"@type":"ReadAction","target":["https:\/\/rckopen.com\/product\/6-apb-pellets-100mg\/"]}]},{"@type":"ImageObject","inLanguage":"hu","@id":"https:\/\/rckopen.com\/product\/6-apb-pellets-100mg\/#primaryimage","url":"https:\/\/rckopen.com\/wp-content\/uploads\/2023\/08\/6-APB-pellets-100mg.jpg","contentUrl":"https:\/\/rckopen.com\/wp-content\/uploads\/2023\/08\/6-APB-pellets-100mg.jpg","width":600,"height":600,"caption":"6-APB-pellets-100mg Online Kopen"},{"@type":"BreadcrumbList","@id":"https:\/\/rckopen.com\/product\/6-apb-pellets-100mg\/#breadcrumb","itemListElement":[{"@type":"ListItem","position":1,"name":"Home","item":"https:\/\/rckopen.com\/"},{"@type":"ListItem","position":2,"name":"Shop","item":"https:\/\/rckopen.com\/shop\/"},{"@type":"ListItem","position":3,"name":"6-APB pellets 100mg Online Kopen"}]},{"@type":"WebSite","@id":"https:\/\/rckopen.com\/#website","url":"https:\/\/rckopen.com\/","name":"RC Kopen","description":"Research Chemicals","potentialAction":[{"@type":"SearchAction","target":{"@type":"EntryPoint","urlTemplate":"https:\/\/rckopen.com\/?s={search_term_string}"},"query-input":{"@type":"PropertyValueSpecification","valueRequired":true,"valueName":"search_term_string"}}],"inLanguage":"hu"}]}},"_links":{"self":[{"href":"https:\/\/rckopen.com\/hu\/wp-json\/wp\/v2\/product\/6595","targetHints":{"allow":["GET"]}}],"collection":[{"href":"https:\/\/rckopen.com\/hu\/wp-json\/wp\/v2\/product"}],"about":[{"href":"https:\/\/rckopen.com\/hu\/wp-json\/wp\/v2\/types\/product"}],"replies":[{"embeddable":true,"href":"https:\/\/rckopen.com\/hu\/wp-json\/wp\/v2\/comments?post=6595"}],"wp:featuredmedia":[{"embeddable":true,"href":"https:\/\/rckopen.com\/hu\/wp-json\/wp\/v2\/media\/6606"}],"wp:attachment":[{"href":"https:\/\/rckopen.com\/hu\/wp-json\/wp\/v2\/media?parent=6595"}],"wp:term":[{"taxonomy":"product_brand","embeddable":true,"href":"https:\/\/rckopen.com\/hu\/wp-json\/wp\/v2\/product_brand?post=6595"},{"taxonomy":"product_cat","embeddable":true,"href":"https:\/\/rckopen.com\/hu\/wp-json\/wp\/v2\/product_cat?post=6595"},{"taxonomy":"product_tag","embeddable":true,"href":"https:\/\/rckopen.com\/hu\/wp-json\/wp\/v2\/product_tag?post=6595"}],"curies":[{"name":"wp","href":"https:\/\/api.w.org\/{rel}","templated":true}]}}