{"id":6597,"date":"2023-08-16T09:58:33","date_gmt":"2023-08-16T09:58:33","guid":{"rendered":"https:\/\/diligentplug.com\/chems\/?post_type=product&#038;p=6597"},"modified":"2025-09-16T08:19:03","modified_gmt":"2025-09-16T08:19:03","slug":"o-dsmt-pellets-30mg","status":"publish","type":"product","link":"https:\/\/rckopen.com\/hu\/termek\/o-dsmt-pellet-30mg\/","title":{"rendered":"V\u00e1s\u00e1roljon O-DSMT 30 mg-os pelletet online"},"content":{"rendered":"<h2>O-DSMT-pellets 30 mg online kopen<br \/>\nUw complete aankoopchecklist voor O-DSMT-pellets 30 mg online kopen<\/h2>\n<p>Amikor az O-DSMT pellet 30 mg megv\u00e1s\u00e1rl\u00e1s\u00e1r\u00f3l van sz\u00f3, elengedhetetlen, hogy teljes v\u00e1s\u00e1rl\u00e1si ellen\u0151rz\u0151 list\u00e1val rendelkezzen, hogy biztos\u00edtsa, hogy a lehet\u0151 legjobb term\u00e9ket kapja. Ak\u00e1r els\u0151 alkalommal v\u00e1s\u00e1rol, ak\u00e1r az O-DSMT pellet 30 mg tapasztalt v\u00e1s\u00e1rl\u00f3ja, egy ellen\u0151rz\u0151 lista birtok\u00e1ban t\u00e1j\u00e9kozott d\u00f6nt\u00e9st hozhat. \u00cdme az O-DSMT pellet 30 mg teljes v\u00e1s\u00e1rl\u00e1si ellen\u0151rz\u0151 list\u00e1ja, amely seg\u00edt \u00d6nnek a v\u00e1s\u00e1rl\u00e1sban:<\/p>\n<p><strong>1. Term\u00e9kkutat\u00e1s<\/strong><\/p>\n<p>Az O-DSMT pellet 30 mg megv\u00e1s\u00e1rl\u00e1sa el\u0151tt elengedhetetlen, hogy alaposan megvizsg\u00e1lja a term\u00e9ket. Keressen megb\u00edzhat\u00f3 inform\u00e1ci\u00f3forr\u00e1sokat, amelyek r\u00e9szletesen t\u00e1j\u00e9koztatj\u00e1k \u00d6nt az O-DSMT pellet 30 mg elad\u00e1s\u00e1val kapcsolatos hat\u00e1sokr\u00f3l, adagol\u00e1sr\u00f3l \u00e9s kock\u00e1zatokr\u00f3l. A term\u00e9k meg\u00e9rt\u00e9se seg\u00edteni fog \u00d6nnek abban, hogy a v\u00e1s\u00e1rl\u00e1s sor\u00e1n megalapozott d\u00f6nt\u00e9st hozzon.<\/p>\n<p><strong>2. Keressen egy j\u00f3 h\u00edr\u0171 \u00fczletet<\/strong><\/p>\n<p>Miut\u00e1n elegend\u0151 inform\u00e1ci\u00f3t gy\u0171jt\u00f6tt az O-DSMT pellet 30 mg-r\u00f3l, a k\u00f6vetkez\u0151 l\u00e9p\u00e9s, hogy tal\u00e1ljon egy j\u00f3 h\u00edr\u0171 \u00fczletet a v\u00e1s\u00e1rl\u00e1shoz. Keressen olyan online O-DSMT pellet 30 mg boltot, amely j\u00f3 h\u00edrn\u00e9vvel \u00e9s pozit\u00edv v\u00e1s\u00e1rl\u00f3i v\u00e9lem\u00e9nyekkel rendelkezik. Egy megb\u00edzhat\u00f3 \u00fczlet biztos\u00edtja, hogy kiv\u00e1l\u00f3 min\u0151s\u00e9g\u0171 O-DSMT pellet 30 mg elad\u00f3 O-DSMT pellet 30 mg-ot kapjon.<\/p>\n<p><strong>3. A hiteless\u00e9g ellen\u0151rz\u00e9se<\/strong><\/p>\n<p>Az O-DSMT pellet 30 mg v\u00e9ny n\u00e9lk\u00fcl t\u00f6rt\u00e9n\u0151 rendel\u00e9se el\u0151tt elengedhetetlen a term\u00e9k hiteless\u00e9g\u00e9nek ellen\u0151rz\u00e9se. Gy\u0151z\u0151dj\u00f6n meg r\u00f3la, hogy az \u00fczlet, ahol v\u00e1s\u00e1rol, eredeti O-DSMT pellet 30 mg-ot k\u00edn\u00e1l, \u00e9s rendelkezik a term\u00e9k leg\u00e1lis \u00e9rt\u00e9kes\u00edt\u00e9s\u00e9hez sz\u00fcks\u00e9ges tan\u00fas\u00edtv\u00e1nyokkal. Ne v\u00e1s\u00e1roljon nem ellen\u0151rz\u00f6tt forr\u00e1sb\u00f3l, hogy elker\u00fclje a hamis\u00edtott term\u00e9kek kock\u00e1zat\u00e1t.<\/p>\n<p><strong>4. Hasonl\u00edtsa \u00f6ssze az \u00e1rakat<\/strong><\/p>\n<p>Ha O-DSMT 30 mg pelletet szeretne v\u00e1s\u00e1rolni, a legjobb aj\u00e1nlat \u00e9rdek\u00e9ben felt\u00e9tlen\u00fcl \u00f6ssze kell hasonl\u00edtania a k\u00fcl\u00f6nb\u00f6z\u0151 \u00fczletek \u00e1rait. B\u00e1r fontos figyelembe venni a term\u00e9k \u00e1r\u00e1t, gy\u0151z\u0151dj\u00f6n meg r\u00f3la, hogy nem k\u00f6t kompromisszumot a min\u0151s\u00e9gben az alacsonyabb \u00e1r\u00e9rt. Keressen olyan \u00fczleteket, amelyek versenyk\u00e9pes \u00e1rakat k\u00edn\u00e1lnak az O-DSMT pellet 30 mg-ra an\u00e9lk\u00fcl, hogy kompromisszumot k\u00f6tn\u00e9nek a term\u00e9k min\u0151s\u00e9g\u00e9ben.<\/p>\n<p><strong>5. Olvassa el a v\u00e1s\u00e1rl\u00f3i \u00e9rt\u00e9kel\u00e9seket<\/strong><\/p>\n<p>V\u00e1s\u00e1rl\u00e1s el\u0151tt sz\u00e1njon id\u0151t arra, hogy elolvassa a v\u00e1s\u00e1rl\u00f3i v\u00e9lem\u00e9nyeket az \u00d6n \u00e1ltal fontol\u00f3ra vett O-DSMT pellet 30 mg boltr\u00f3l. Az \u00fcgyfelek visszajelz\u00e9sei \u00e9rt\u00e9kes betekint\u00e9st ny\u00fajthatnak a term\u00e9k min\u0151s\u00e9g\u00e9be \u00e9s a bolt megb\u00edzhat\u00f3s\u00e1g\u00e1ba. Keresse a pozit\u00edv v\u00e9lem\u00e9nyekkel \u00e9s el\u00e9gedett \u00fcgyfelekkel rendelkez\u0151 \u00fczleteket, hogy biztos\u00edtsa a z\u00f6kken\u0151mentes v\u00e1s\u00e1rl\u00e1si \u00e9lm\u00e9nyt.\u03a0\u03c1\u03b9\u03bd \u03ba\u03ac\u03bd\u03b5\u03c4\u03b5 \u03c4\u03b7\u03bd \u03b1\u03b3\u03bf\u03c1\u03ac \u03c3\u03b1\u03c2, \u03b1\u03c6\u03b9\u03b5\u03c1\u03ce\u03c3\u03c4\u03b5 \u03c7\u03c1\u03cc\u03bd\u03bf \u03b3\u03b9\u03b1 \u03bd\u03b1 \u03b4\u03b9\u03b1\u03b2\u03ac\u03c3\u03b5\u03c4\u03b5 \u03c4\u03b9\u03c2 \u03ba\u03c1\u03b9\u03c4\u03b9\u03ba\u03ad\u03c2 \u03c0\u03b5\u03bb\u03b1\u03c4\u03ce\u03bd \u03c3\u03c7\u03b5\u03c4\u03b9\u03ba\u03ac \u03bc\u03b5 \u03c4\u03bf \u03ba\u03b1\u03c4\u03ac\u03c3\u03c4\u03b7\u03bc\u03b1 O-DSMT pellets 30 mg \u03c0\u03bf\u03c5 \u03c3\u03ba\u03ad\u03c6\u03c4\u03b5\u03c3\u03c4\u03b5. \u03a4\u03b1 \u03c3\u03c7\u03cc\u03bb\u03b9\u03b1 \u03c4\u03c9\u03bd \u03c0\u03b5\u03bb\u03b1\u03c4\u03ce\u03bd \u03bc\u03c0\u03bf\u03c1\u03bf\u03cd\u03bd \u03bd\u03b1 \u03c0\u03b1\u03c1\u03ad\u03c7\u03bf\u03c5\u03bd \u03c0\u03bf\u03bb\u03cd\u03c4\u03b9\u03bc\u03b5\u03c2 \u03c0\u03bb\u03b7\u03c1\u03bf\u03c6\u03bf\u03c1\u03af\u03b5\u03c2 \u03c3\u03c7\u03b5\u03c4\u03b9\u03ba\u03ac \u03bc\u03b5 \u03c4\u03b7\u03bd \u03c0\u03bf\u03b9\u03cc\u03c4\u03b7\u03c4\u03b1 \u03c4\u03bf\u03c5 \u03c0\u03c1\u03bf\u03ca\u03cc\u03bd\u03c4\u03bf\u03c2 \u03ba\u03b1\u03b9 \u03c4\u03b7\u03bd \u03b1\u03be\u03b9\u03bf\u03c0\u03b9\u03c3\u03c4\u03af\u03b1 \u03c4\u03bf\u03c5 \u03ba\u03b1\u03c4\u03b1\u03c3\u03c4\u03ae\u03bc\u03b1\u03c4\u03bf\u03c2. \u0391\u03bd\u03b1\u03b6\u03b7\u03c4\u03ae\u03c3\u03c4\u03b5 \u03ba\u03b1\u03c4\u03b1\u03c3\u03c4\u03ae\u03bc\u03b1\u03c4\u03b1 \u03bc\u03b5 \u03b8\u03b5\u03c4\u03b9\u03ba\u03ad\u03c2 \u03ba\u03c1\u03b9\u03c4\u03b9\u03ba\u03ad\u03c2 \u03ba\u03b1\u03b9 \u03b9\u03ba\u03b1\u03bd\u03bf\u03c0\u03bf\u03b9\u03b7\u03bc\u03ad\u03bd\u03bf\u03c5\u03c2 \u03c0\u03b5\u03bb\u03ac\u03c4\u03b5\u03c2 \u03b3\u03b9\u03b1 \u03bd\u03b1 \u03b5\u03be\u03b1\u03c3\u03c6\u03b1\u03bb\u03af\u03c3\u03b5\u03c4\u03b5 \u03bc\u03b9\u03b1 \u03bf\u03bc\u03b1\u03bb\u03ae \u03b5\u03bc\u03c0\u03b5\u03b9\u03c1\u03af\u03b1 \u03b1\u03b3\u03bf\u03c1\u03ac\u03c2.<\/p>\n<p><strong>6. A sz\u00e1ll\u00edt\u00e1s \u00e9s a k\u00e9zbes\u00edt\u00e9s ellen\u0151rz\u00e9se<\/strong><\/p>\n<p>Az O-DSMT pellet 30 mg online v\u00e1s\u00e1rl\u00e1sakor fontos, hogy ellen\u0151rizze a sz\u00e1ll\u00edt\u00e1si \u00e9s sz\u00e1ll\u00edt\u00e1si lehet\u0151s\u00e9geket. Gy\u0151z\u0151dj\u00f6n meg r\u00f3la, hogy az \u00fczlet biztons\u00e1gos \u00e9s diszkr\u00e9t sz\u00e1ll\u00edt\u00e1si m\u00f3dokat k\u00edn\u00e1l, hogy megv\u00e9dje a mag\u00e1n\u00e9let\u00e9t, \u00e9s biztos\u00edtsa, hogy a megrendelt O-DSMT pellet 30 mg biztons\u00e1gosan \u00e9rkezik. Keresse azokat az \u00fczleteket, amelyek nyomon k\u00f6vet\u00e9si inform\u00e1ci\u00f3kat k\u00edn\u00e1lnak a megrendel\u00e9s\u00e9hez az extra nyugalom \u00e9rdek\u00e9ben.<\/p>\n<p>R\u00f6viden, a z\u00f6kken\u0151mentes \u00e9s stresszmentes v\u00e1s\u00e1rl\u00e1si \u00e9lm\u00e9ny biztos\u00edt\u00e1s\u00e1hoz elengedhetetlen egy teljes v\u00e1s\u00e1rl\u00e1si ellen\u0151rz\u0151 lista az O-DSMT pellet 30 mg megv\u00e1s\u00e1rl\u00e1s\u00e1hoz. Ha ezeket a l\u00e9p\u00e9seket k\u00f6veti, megalapozott d\u00f6nt\u00e9st hozhat O-DSMT pellet 30 mg v\u00e1s\u00e1rl\u00e1sakor, \u00e9s biztons\u00e1gosan \u00e9lvezheti a term\u00e9k el\u0151nyeit. Ne feledje, hogy az O-DSMT pellet 30 mg-ot egy j\u00f3 h\u00edr\u0171 \u00fczletb\u0151l rendelje, amely hiteles term\u00e9keket k\u00edn\u00e1l versenyk\u00e9pes \u00e1ron a kiel\u00e9g\u00edt\u0151 v\u00e1s\u00e1rl\u00e1si \u00e9lm\u00e9ny \u00e9rdek\u00e9ben.<\/p>","protected":false},"excerpt":{"rendered":"<p><strong>Forma: <\/strong>Pellet<\/p>\n<p><strong>NMR-elemz\u00e9s: <\/strong>N\/A<\/p>","protected":false},"featured_media":6601,"comment_status":"open","ping_status":"closed","template":"","meta":{"_joinchat":[]},"product_brand":[],"product_cat":[144],"product_tag":[],"class_list":{"0":"post-6597","1":"product","2":"type-product","3":"status-publish","4":"has-post-thumbnail","6":"product_cat-pellets","8":"first","9":"instock","10":"shipping-taxable","11":"purchasable","12":"product-type-variable"},"yoast_head":"<!-- This site is optimized with the Yoast SEO plugin v26.3 - https:\/\/yoast.com\/wordpress\/plugins\/seo\/ -->\n<title>O Dsmt-pellets 30 mg online kopen - O Dsmt-pellets 30 mg te koop<\/title>\n<meta name=\"description\" content=\"Onze winkel heeft de topkwaliteit O Dsmt Pellets 30 mg te koop. U kunt nooit om de kwaliteit van onze producten heen. Als u dat nodig heeft, kunt u O Dsmt Pellets 30 mg meteen online kopen. Bestel nu!\" \/>\n<meta name=\"robots\" content=\"index, follow, max-snippet:-1, max-image-preview:large, max-video-preview:-1\" \/>\n<link rel=\"canonical\" href=\"https:\/\/rckopen.com\/hu\/termek\/o-dsmt-pellet-30mg\/\" \/>\n<meta property=\"og:locale\" content=\"hu_HU\" \/>\n<meta property=\"og:type\" content=\"article\" \/>\n<meta property=\"og:title\" content=\"O Dsmt-pellets 30 mg online kopen - O Dsmt-pellets 30 mg te koop\" \/>\n<meta property=\"og:description\" content=\"Onze winkel heeft de topkwaliteit O Dsmt Pellets 30 mg te koop. U kunt nooit om de kwaliteit van onze producten heen. Als u dat nodig heeft, kunt u O Dsmt Pellets 30 mg meteen online kopen. Bestel nu!\" \/>\n<meta property=\"og:url\" content=\"https:\/\/rckopen.com\/hu\/termek\/o-dsmt-pellet-30mg\/\" \/>\n<meta property=\"og:site_name\" content=\"RC Kopen\" \/>\n<meta property=\"article:modified_time\" content=\"2025-09-16T08:19:03+00:00\" \/>\n<meta property=\"og:image\" content=\"https:\/\/rckopen.com\/wp-content\/uploads\/2023\/08\/O-DSMT-pellets-30mg.jpg\" \/>\n\t<meta property=\"og:image:width\" content=\"600\" \/>\n\t<meta property=\"og:image:height\" content=\"600\" \/>\n\t<meta property=\"og:image:type\" content=\"image\/jpeg\" \/>\n<meta name=\"twitter:card\" content=\"summary_large_image\" \/>\n<meta name=\"twitter:label1\" content=\"Becs\u00fclt olvas\u00e1si id\u0151\" \/>\n\t<meta name=\"twitter:data1\" content=\"3 perc\" \/>\n<script type=\"application\/ld+json\" class=\"yoast-schema-graph\">{\"@context\":\"https:\/\/schema.org\",\"@graph\":[{\"@type\":\"WebPage\",\"@id\":\"https:\/\/rckopen.com\/product\/o-dsmt-pellets-30mg\/\",\"url\":\"https:\/\/rckopen.com\/product\/o-dsmt-pellets-30mg\/\",\"name\":\"O Dsmt-pellets 30 mg online kopen - O Dsmt-pellets 30 mg te koop\",\"isPartOf\":{\"@id\":\"https:\/\/rckopen.com\/#website\"},\"primaryImageOfPage\":{\"@id\":\"https:\/\/rckopen.com\/product\/o-dsmt-pellets-30mg\/#primaryimage\"},\"image\":{\"@id\":\"https:\/\/rckopen.com\/product\/o-dsmt-pellets-30mg\/#primaryimage\"},\"thumbnailUrl\":\"https:\/\/rckopen.com\/wp-content\/uploads\/2023\/08\/O-DSMT-pellets-30mg.jpg\",\"datePublished\":\"2023-08-16T09:58:33+00:00\",\"dateModified\":\"2025-09-16T08:19:03+00:00\",\"description\":\"Onze winkel heeft de topkwaliteit O Dsmt Pellets 30 mg te koop. U kunt nooit om de kwaliteit van onze producten heen. Als u dat nodig heeft, kunt u O Dsmt Pellets 30 mg meteen online kopen. Bestel nu!\",\"breadcrumb\":{\"@id\":\"https:\/\/rckopen.com\/product\/o-dsmt-pellets-30mg\/#breadcrumb\"},\"inLanguage\":\"hu\",\"potentialAction\":[{\"@type\":\"ReadAction\",\"target\":[\"https:\/\/rckopen.com\/product\/o-dsmt-pellets-30mg\/\"]}]},{\"@type\":\"ImageObject\",\"inLanguage\":\"hu\",\"@id\":\"https:\/\/rckopen.com\/product\/o-dsmt-pellets-30mg\/#primaryimage\",\"url\":\"https:\/\/rckopen.com\/wp-content\/uploads\/2023\/08\/O-DSMT-pellets-30mg.jpg\",\"contentUrl\":\"https:\/\/rckopen.com\/wp-content\/uploads\/2023\/08\/O-DSMT-pellets-30mg.jpg\",\"width\":600,\"height\":600,\"caption\":\"O-DSMT-pellets-30mg online kopen\"},{\"@type\":\"BreadcrumbList\",\"@id\":\"https:\/\/rckopen.com\/product\/o-dsmt-pellets-30mg\/#breadcrumb\",\"itemListElement\":[{\"@type\":\"ListItem\",\"position\":1,\"name\":\"Home\",\"item\":\"https:\/\/rckopen.com\/\"},{\"@type\":\"ListItem\",\"position\":2,\"name\":\"Shop\",\"item\":\"https:\/\/rckopen.com\/shop\/\"},{\"@type\":\"ListItem\",\"position\":3,\"name\":\"O-DSMT pellets 30mg online kopen\"}]},{\"@type\":\"WebSite\",\"@id\":\"https:\/\/rckopen.com\/#website\",\"url\":\"https:\/\/rckopen.com\/\",\"name\":\"RC Kopen\",\"description\":\"Research Chemicals\",\"potentialAction\":[{\"@type\":\"SearchAction\",\"target\":{\"@type\":\"EntryPoint\",\"urlTemplate\":\"https:\/\/rckopen.com\/?s={search_term_string}\"},\"query-input\":{\"@type\":\"PropertyValueSpecification\",\"valueRequired\":true,\"valueName\":\"search_term_string\"}}],\"inLanguage\":\"hu\"}]}<\/script>\n<!-- \/ Yoast SEO plugin. -->","yoast_head_json":{"title":"O Dsmt-pellets 30 mg online kopen - O Dsmt-pellets 30 mg te koop","description":"Onze winkel heeft de topkwaliteit O Dsmt Pellets 30 mg te koop. U kunt nooit om de kwaliteit van onze producten heen. Als u dat nodig heeft, kunt u O Dsmt Pellets 30 mg meteen online kopen. Bestel nu!","robots":{"index":"index","follow":"follow","max-snippet":"max-snippet:-1","max-image-preview":"max-image-preview:large","max-video-preview":"max-video-preview:-1"},"canonical":"https:\/\/rckopen.com\/hu\/termek\/o-dsmt-pellet-30mg\/","og_locale":"hu_HU","og_type":"article","og_title":"O Dsmt-pellets 30 mg online kopen - O Dsmt-pellets 30 mg te koop","og_description":"Onze winkel heeft de topkwaliteit O Dsmt Pellets 30 mg te koop. U kunt nooit om de kwaliteit van onze producten heen. Als u dat nodig heeft, kunt u O Dsmt Pellets 30 mg meteen online kopen. Bestel nu!","og_url":"https:\/\/rckopen.com\/hu\/termek\/o-dsmt-pellet-30mg\/","og_site_name":"RC Kopen","article_modified_time":"2025-09-16T08:19:03+00:00","og_image":[{"width":600,"height":600,"url":"https:\/\/rckopen.com\/wp-content\/uploads\/2023\/08\/O-DSMT-pellets-30mg.jpg","type":"image\/jpeg"}],"twitter_card":"summary_large_image","twitter_misc":{"Becs\u00fclt olvas\u00e1si id\u0151":"3 perc"},"schema":{"@context":"https:\/\/schema.org","@graph":[{"@type":"WebPage","@id":"https:\/\/rckopen.com\/product\/o-dsmt-pellets-30mg\/","url":"https:\/\/rckopen.com\/product\/o-dsmt-pellets-30mg\/","name":"O Dsmt-pellets 30 mg online kopen - O Dsmt-pellets 30 mg te koop","isPartOf":{"@id":"https:\/\/rckopen.com\/#website"},"primaryImageOfPage":{"@id":"https:\/\/rckopen.com\/product\/o-dsmt-pellets-30mg\/#primaryimage"},"image":{"@id":"https:\/\/rckopen.com\/product\/o-dsmt-pellets-30mg\/#primaryimage"},"thumbnailUrl":"https:\/\/rckopen.com\/wp-content\/uploads\/2023\/08\/O-DSMT-pellets-30mg.jpg","datePublished":"2023-08-16T09:58:33+00:00","dateModified":"2025-09-16T08:19:03+00:00","description":"Onze winkel heeft de topkwaliteit O Dsmt Pellets 30 mg te koop. U kunt nooit om de kwaliteit van onze producten heen. Als u dat nodig heeft, kunt u O Dsmt Pellets 30 mg meteen online kopen. Bestel nu!","breadcrumb":{"@id":"https:\/\/rckopen.com\/product\/o-dsmt-pellets-30mg\/#breadcrumb"},"inLanguage":"hu","potentialAction":[{"@type":"ReadAction","target":["https:\/\/rckopen.com\/product\/o-dsmt-pellets-30mg\/"]}]},{"@type":"ImageObject","inLanguage":"hu","@id":"https:\/\/rckopen.com\/product\/o-dsmt-pellets-30mg\/#primaryimage","url":"https:\/\/rckopen.com\/wp-content\/uploads\/2023\/08\/O-DSMT-pellets-30mg.jpg","contentUrl":"https:\/\/rckopen.com\/wp-content\/uploads\/2023\/08\/O-DSMT-pellets-30mg.jpg","width":600,"height":600,"caption":"O-DSMT-pellets-30mg online kopen"},{"@type":"BreadcrumbList","@id":"https:\/\/rckopen.com\/product\/o-dsmt-pellets-30mg\/#breadcrumb","itemListElement":[{"@type":"ListItem","position":1,"name":"Home","item":"https:\/\/rckopen.com\/"},{"@type":"ListItem","position":2,"name":"Shop","item":"https:\/\/rckopen.com\/shop\/"},{"@type":"ListItem","position":3,"name":"O-DSMT pellets 30mg online kopen"}]},{"@type":"WebSite","@id":"https:\/\/rckopen.com\/#website","url":"https:\/\/rckopen.com\/","name":"RC Kopen","description":"Research Chemicals","potentialAction":[{"@type":"SearchAction","target":{"@type":"EntryPoint","urlTemplate":"https:\/\/rckopen.com\/?s={search_term_string}"},"query-input":{"@type":"PropertyValueSpecification","valueRequired":true,"valueName":"search_term_string"}}],"inLanguage":"hu"}]}},"_links":{"self":[{"href":"https:\/\/rckopen.com\/hu\/wp-json\/wp\/v2\/product\/6597","targetHints":{"allow":["GET"]}}],"collection":[{"href":"https:\/\/rckopen.com\/hu\/wp-json\/wp\/v2\/product"}],"about":[{"href":"https:\/\/rckopen.com\/hu\/wp-json\/wp\/v2\/types\/product"}],"replies":[{"embeddable":true,"href":"https:\/\/rckopen.com\/hu\/wp-json\/wp\/v2\/comments?post=6597"}],"wp:featuredmedia":[{"embeddable":true,"href":"https:\/\/rckopen.com\/hu\/wp-json\/wp\/v2\/media\/6601"}],"wp:attachment":[{"href":"https:\/\/rckopen.com\/hu\/wp-json\/wp\/v2\/media?parent=6597"}],"wp:term":[{"taxonomy":"product_brand","embeddable":true,"href":"https:\/\/rckopen.com\/hu\/wp-json\/wp\/v2\/product_brand?post=6597"},{"taxonomy":"product_cat","embeddable":true,"href":"https:\/\/rckopen.com\/hu\/wp-json\/wp\/v2\/product_cat?post=6597"},{"taxonomy":"product_tag","embeddable":true,"href":"https:\/\/rckopen.com\/hu\/wp-json\/wp\/v2\/product_tag?post=6597"}],"curies":[{"name":"wp","href":"https:\/\/api.w.org\/{rel}","templated":true}]}}