{"id":6608,"date":"2023-08-16T10:30:00","date_gmt":"2023-08-16T10:30:00","guid":{"rendered":"https:\/\/diligentplug.com\/chems\/?post_type=product&#038;p=6608"},"modified":"2025-09-16T09:08:10","modified_gmt":"2025-09-16T09:08:10","slug":"bromazolam-pellets-3mg","status":"publish","type":"product","link":"https:\/\/rckopen.com\/hu\/termek\/bromazolam-pellets-3mg\/","title":{"rendered":"V\u00e1s\u00e1roljon 3mg bromazolam PELLETET online"},"content":{"rendered":"<h2>bromazolam PELLETS 3 mg online kopen<br \/>\nInsidertips voor het veilig online kopen van Bromazolam PELLETS 3 mg<\/h2>\n<p>akarod <a href=\"https:\/\/rckopen.com\/hu\/termek\/bromazolam-pellets-3mg\/\">V\u00e1s\u00e1roljon Bromazolam PELLETS 3 mg-ot online<\/a>, de nem tudja, hol kezdje? A gy\u00f3gyszerek online v\u00e1s\u00e1rl\u00e1sa k\u00e9nyelmes \u00e9s k\u00f6lts\u00e9ghat\u00e9kony lehet, de a kock\u00e1zatok elker\u00fcl\u00e9se \u00e9rdek\u00e9ben fontos, hogy megb\u00edzhat\u00f3 forr\u00e1sb\u00f3l v\u00e1s\u00e1roljon. Ebben a cikkben bennfentes tippeket adunk a Bromazolam PELLETS 3 mg biztons\u00e1gos online leg\u00e1lis v\u00e1s\u00e1rl\u00e1s\u00e1hoz.<\/p>\n<h3>V\u00e1s\u00e1roljon Bromazolam PELLETS 3 mg-ot online, megb\u00edzhat\u00f3 forr\u00e1sb\u00f3l<\/h3>\n<p>Ha online gy\u00f3gyszerv\u00e1s\u00e1rl\u00e1sr\u00f3l van sz\u00f3, az els\u0151 \u00e9s legfontosabb l\u00e9p\u00e9s annak biztos\u00edt\u00e1sa, hogy megb\u00edzhat\u00f3 forr\u00e1sb\u00f3l v\u00e1s\u00e1roljon. Felt\u00e9tlen\u00fcl v\u00e9gezzen kutat\u00e1st, \u00e9s csak j\u00f3 h\u00edr\u0171 online gy\u00f3gyszert\u00e1rakb\u00f3l vagy \u00fczletekb\u0151l v\u00e1s\u00e1roljon.<\/p>\n<p>Ha Bromazolam PELLETS 3mg-ot szeretne v\u00e1s\u00e1rolni online, <a href=\"https:\/\/rckopen.com\/hu\/\">rckopen.com<\/a> egy j\u00f3 h\u00edr\u0171 online \u00e1ruh\u00e1z, amely kiv\u00e1l\u00f3 min\u0151s\u00e9g\u0171 gy\u00f3gyszereket k\u00edn\u00e1l megfizethet\u0151 \u00e1ron. A gy\u00f3gyszerek sz\u00e9les v\u00e1laszt\u00e9k\u00e1t k\u00edn\u00e1lj\u00e1k, bele\u00e9rtve a Bromazolam PELLETS 3mg-t is, \u00e9s biztos\u00edtj\u00e1k a biztons\u00e1gos \u00e9s diszkr\u00e9t sz\u00e1ll\u00edt\u00e1st.<\/p>\n<h3>Hol v\u00e1s\u00e1rolhat Bromazolam PELLETS 3mg online<\/h3>\n<p>Ha k\u00edv\u00e1ncsi arra, hogy hol v\u00e1s\u00e1rolhat Bromazolam PELLETS 3mg-ot, az rckopen.com a kedvenc online boltja. K\u00e9nyelmes \u00e9s biztons\u00e1gos platformot k\u00edn\u00e1lnak a gy\u00f3gyszerek online v\u00e1s\u00e1rl\u00e1s\u00e1hoz. Felhaszn\u00e1l\u00f3bar\u00e1t fel\u00fclet\u00fcknek \u00e9s biztons\u00e1gos fizet\u00e9si lehet\u0151s\u00e9g\u00fcknek k\u00f6sz\u00f6nhet\u0151en egyszer\u0171en \u00e9s probl\u00e9mamentesen v\u00e1s\u00e1rolhat a Bromazolam PELLETS 3mg boltban.<\/p>\n<h3>Rendeljen Bromazolam PELLETS 3mg v\u00e1s\u00e1rl\u00e1s online v\u00e9ny n\u00e9lk\u00fcl<\/h3>\n<p>Amikor te <a href=\"https:\/\/en.wikipedia.org\/wiki\/Bromazolam\">Bromazolam<\/a> PELLET 3 mg v\u00e1s\u00e1rl\u00e1s online, fontos megjegyezni, hogy egyes gy\u00f3gyszerek v\u00e9nyk\u00f6telesek lehetnek. Az rckopen.com oldalon v\u00e9ny n\u00e9lk\u00fcl is rendelhet Bromazolam PELLETS 3mg-ot. Ez k\u00e9nyelmess\u00e9 teszi azokat az egy\u00e9neket, akiknek esetleg nincs receptje, de m\u00e9gis hozz\u00e1 kell f\u00e9rni\u00fck a gy\u00f3gyszerhez.<\/p>\n<h3>Bromazolam PELLETS 3mg Shop<\/h3>\n<p>Az Rckopen.com az \u00d6n egyablakos online boltja, ahol minden gy\u00f3gyszerig\u00e9ny\u00e9t megtal\u00e1lja, bele\u00e9rtve a Bromazolam PELLETS 3 mg-ot. Biztons\u00e1gos platformot k\u00edn\u00e1lnak, ahol k\u00f6nnyed\u00e9n b\u00f6ng\u00e9szhet a term\u00e9keik k\u00f6z\u00f6tt, leadhatja megrendel\u00e9s\u00e9t, \u00e9s diszkr\u00e9ten h\u00e1zhoz is sz\u00e1ll\u00edthatja. \u00dcgyf\u00e9lszolg\u00e1lati csapatuk k\u00e9szs\u00e9ggel \u00e1ll rendelkez\u00e9s\u00e9re b\u00e1rmilyen k\u00e9rd\u00e9ssel vagy megjegyz\u00e9ssel kapcsolatban.<\/p>\n<p>Amikor a Bromazolam PELLETS 3 mg-ot online rendeli meg, kulcsfontoss\u00e1g\u00fa, hogy olyan j\u00f3 h\u00edr\u0171 forr\u00e1sb\u00f3l v\u00e1s\u00e1roljon, mint az rckopen.com, hogy biztos\u00edtsa a gy\u00f3gyszer biztons\u00e1goss\u00e1g\u00e1t \u00e9s min\u0151s\u00e9g\u00e9t. Sz\u00e9les gy\u00f3gyszerv\u00e1laszt\u00e9kukkal, biztons\u00e1gos fizet\u00e9si lehet\u0151s\u00e9gekkel \u00e9s diszkr\u00e9t sz\u00e1ll\u00edt\u00e1sukkal biztos lehet benne, hogy j\u00f3 kezekben van. Akkor minek v\u00e1rni? L\u00e1togasson el m\u00e9g ma az rckopen.com oldalra, \u00e9s v\u00e1s\u00e1roljon Bromazolam PELLETS 3 mg-ot az Egyes\u00fclt Kir\u00e1lys\u00e1gban k\u00f6nnyed\u00e9n \u00e9s nyugodt sz\u00edvvel.<\/p>","protected":false},"excerpt":{"rendered":"<p><strong>Forma: <\/strong>pellet<\/p>\n<p><strong>NMR-elemz\u00e9s: <\/strong>N\/A<\/p>","protected":false},"featured_media":6626,"comment_status":"open","ping_status":"closed","template":"","meta":{"_joinchat":[]},"product_brand":[],"product_cat":[144],"product_tag":[],"class_list":{"0":"post-6608","1":"product","2":"type-product","3":"status-publish","4":"has-post-thumbnail","6":"product_cat-pellets","8":"first","9":"instock","10":"shipping-taxable","11":"purchasable","12":"product-type-variable"},"yoast_head":"<!-- This site is optimized with the Yoast SEO plugin v26.3 - https:\/\/yoast.com\/wordpress\/plugins\/seo\/ -->\n<title>Bromazolampellets 3MG online kopen - Bromazolampellets 3MG te koop<\/title>\n<meta name=\"description\" content=\"Aan uw vereiste om bromazolam-pellets 3 mg te kopen, kunt u voldoen in onze online rc-koopwinkel, aangezien we hier bromazolam-pellets 3 mg te koop hebben. Plaats uw bestelling en ontvang elke dag betaalbare aanbiedingen.\" \/>\n<meta name=\"robots\" content=\"index, follow, max-snippet:-1, max-image-preview:large, max-video-preview:-1\" \/>\n<link rel=\"canonical\" href=\"https:\/\/rckopen.com\/hu\/termek\/bromazolam-pellets-3mg\/\" \/>\n<meta property=\"og:locale\" content=\"hu_HU\" \/>\n<meta property=\"og:type\" content=\"article\" \/>\n<meta property=\"og:title\" content=\"Bromazolampellets 3MG online kopen - Bromazolampellets 3MG te koop\" \/>\n<meta property=\"og:description\" content=\"Aan uw vereiste om bromazolam-pellets 3 mg te kopen, kunt u voldoen in onze online rc-koopwinkel, aangezien we hier bromazolam-pellets 3 mg te koop hebben. Plaats uw bestelling en ontvang elke dag betaalbare aanbiedingen.\" \/>\n<meta property=\"og:url\" content=\"https:\/\/rckopen.com\/hu\/termek\/bromazolam-pellets-3mg\/\" \/>\n<meta property=\"og:site_name\" content=\"RC Kopen\" \/>\n<meta property=\"article:modified_time\" content=\"2025-09-16T09:08:10+00:00\" \/>\n<meta property=\"og:image\" content=\"https:\/\/rckopen.com\/wp-content\/uploads\/2023\/08\/bromazolam-PELLETS-3mg.jpg\" \/>\n\t<meta property=\"og:image:width\" content=\"600\" \/>\n\t<meta property=\"og:image:height\" content=\"600\" \/>\n\t<meta property=\"og:image:type\" content=\"image\/jpeg\" \/>\n<meta name=\"twitter:card\" content=\"summary_large_image\" \/>\n<meta name=\"twitter:label1\" content=\"Becs\u00fclt olvas\u00e1si id\u0151\" \/>\n\t<meta name=\"twitter:data1\" content=\"3 perc\" \/>\n<script type=\"application\/ld+json\" class=\"yoast-schema-graph\">{\"@context\":\"https:\/\/schema.org\",\"@graph\":[{\"@type\":\"WebPage\",\"@id\":\"https:\/\/rckopen.com\/product\/bromazolam-pellets-3mg\/\",\"url\":\"https:\/\/rckopen.com\/product\/bromazolam-pellets-3mg\/\",\"name\":\"Bromazolampellets 3MG online kopen - Bromazolampellets 3MG te koop\",\"isPartOf\":{\"@id\":\"https:\/\/rckopen.com\/#website\"},\"primaryImageOfPage\":{\"@id\":\"https:\/\/rckopen.com\/product\/bromazolam-pellets-3mg\/#primaryimage\"},\"image\":{\"@id\":\"https:\/\/rckopen.com\/product\/bromazolam-pellets-3mg\/#primaryimage\"},\"thumbnailUrl\":\"https:\/\/rckopen.com\/wp-content\/uploads\/2023\/08\/bromazolam-PELLETS-3mg.jpg\",\"datePublished\":\"2023-08-16T10:30:00+00:00\",\"dateModified\":\"2025-09-16T09:08:10+00:00\",\"description\":\"Aan uw vereiste om bromazolam-pellets 3 mg te kopen, kunt u voldoen in onze online rc-koopwinkel, aangezien we hier bromazolam-pellets 3 mg te koop hebben. Plaats uw bestelling en ontvang elke dag betaalbare aanbiedingen.\",\"breadcrumb\":{\"@id\":\"https:\/\/rckopen.com\/product\/bromazolam-pellets-3mg\/#breadcrumb\"},\"inLanguage\":\"hu\",\"potentialAction\":[{\"@type\":\"ReadAction\",\"target\":[\"https:\/\/rckopen.com\/product\/bromazolam-pellets-3mg\/\"]}]},{\"@type\":\"ImageObject\",\"inLanguage\":\"hu\",\"@id\":\"https:\/\/rckopen.com\/product\/bromazolam-pellets-3mg\/#primaryimage\",\"url\":\"https:\/\/rckopen.com\/wp-content\/uploads\/2023\/08\/bromazolam-PELLETS-3mg.jpg\",\"contentUrl\":\"https:\/\/rckopen.com\/wp-content\/uploads\/2023\/08\/bromazolam-PELLETS-3mg.jpg\",\"width\":600,\"height\":600,\"caption\":\"bromazolam-PELLETS-3mg online kopen\"},{\"@type\":\"BreadcrumbList\",\"@id\":\"https:\/\/rckopen.com\/product\/bromazolam-pellets-3mg\/#breadcrumb\",\"itemListElement\":[{\"@type\":\"ListItem\",\"position\":1,\"name\":\"Home\",\"item\":\"https:\/\/rckopen.com\/\"},{\"@type\":\"ListItem\",\"position\":2,\"name\":\"Shop\",\"item\":\"https:\/\/rckopen.com\/shop\/\"},{\"@type\":\"ListItem\",\"position\":3,\"name\":\"bromazolam PELLETS 3mg online kopen\"}]},{\"@type\":\"WebSite\",\"@id\":\"https:\/\/rckopen.com\/#website\",\"url\":\"https:\/\/rckopen.com\/\",\"name\":\"RC Kopen\",\"description\":\"Research Chemicals\",\"potentialAction\":[{\"@type\":\"SearchAction\",\"target\":{\"@type\":\"EntryPoint\",\"urlTemplate\":\"https:\/\/rckopen.com\/?s={search_term_string}\"},\"query-input\":{\"@type\":\"PropertyValueSpecification\",\"valueRequired\":true,\"valueName\":\"search_term_string\"}}],\"inLanguage\":\"hu\"}]}<\/script>\n<!-- \/ Yoast SEO plugin. -->","yoast_head_json":{"title":"Bromazolampellets 3MG online kopen - Bromazolampellets 3MG te koop","description":"Aan uw vereiste om bromazolam-pellets 3 mg te kopen, kunt u voldoen in onze online rc-koopwinkel, aangezien we hier bromazolam-pellets 3 mg te koop hebben. Plaats uw bestelling en ontvang elke dag betaalbare aanbiedingen.","robots":{"index":"index","follow":"follow","max-snippet":"max-snippet:-1","max-image-preview":"max-image-preview:large","max-video-preview":"max-video-preview:-1"},"canonical":"https:\/\/rckopen.com\/hu\/termek\/bromazolam-pellets-3mg\/","og_locale":"hu_HU","og_type":"article","og_title":"Bromazolampellets 3MG online kopen - Bromazolampellets 3MG te koop","og_description":"Aan uw vereiste om bromazolam-pellets 3 mg te kopen, kunt u voldoen in onze online rc-koopwinkel, aangezien we hier bromazolam-pellets 3 mg te koop hebben. Plaats uw bestelling en ontvang elke dag betaalbare aanbiedingen.","og_url":"https:\/\/rckopen.com\/hu\/termek\/bromazolam-pellets-3mg\/","og_site_name":"RC Kopen","article_modified_time":"2025-09-16T09:08:10+00:00","og_image":[{"width":600,"height":600,"url":"https:\/\/rckopen.com\/wp-content\/uploads\/2023\/08\/bromazolam-PELLETS-3mg.jpg","type":"image\/jpeg"}],"twitter_card":"summary_large_image","twitter_misc":{"Becs\u00fclt olvas\u00e1si id\u0151":"3 perc"},"schema":{"@context":"https:\/\/schema.org","@graph":[{"@type":"WebPage","@id":"https:\/\/rckopen.com\/product\/bromazolam-pellets-3mg\/","url":"https:\/\/rckopen.com\/product\/bromazolam-pellets-3mg\/","name":"Bromazolampellets 3MG online kopen - Bromazolampellets 3MG te koop","isPartOf":{"@id":"https:\/\/rckopen.com\/#website"},"primaryImageOfPage":{"@id":"https:\/\/rckopen.com\/product\/bromazolam-pellets-3mg\/#primaryimage"},"image":{"@id":"https:\/\/rckopen.com\/product\/bromazolam-pellets-3mg\/#primaryimage"},"thumbnailUrl":"https:\/\/rckopen.com\/wp-content\/uploads\/2023\/08\/bromazolam-PELLETS-3mg.jpg","datePublished":"2023-08-16T10:30:00+00:00","dateModified":"2025-09-16T09:08:10+00:00","description":"Aan uw vereiste om bromazolam-pellets 3 mg te kopen, kunt u voldoen in onze online rc-koopwinkel, aangezien we hier bromazolam-pellets 3 mg te koop hebben. Plaats uw bestelling en ontvang elke dag betaalbare aanbiedingen.","breadcrumb":{"@id":"https:\/\/rckopen.com\/product\/bromazolam-pellets-3mg\/#breadcrumb"},"inLanguage":"hu","potentialAction":[{"@type":"ReadAction","target":["https:\/\/rckopen.com\/product\/bromazolam-pellets-3mg\/"]}]},{"@type":"ImageObject","inLanguage":"hu","@id":"https:\/\/rckopen.com\/product\/bromazolam-pellets-3mg\/#primaryimage","url":"https:\/\/rckopen.com\/wp-content\/uploads\/2023\/08\/bromazolam-PELLETS-3mg.jpg","contentUrl":"https:\/\/rckopen.com\/wp-content\/uploads\/2023\/08\/bromazolam-PELLETS-3mg.jpg","width":600,"height":600,"caption":"bromazolam-PELLETS-3mg online kopen"},{"@type":"BreadcrumbList","@id":"https:\/\/rckopen.com\/product\/bromazolam-pellets-3mg\/#breadcrumb","itemListElement":[{"@type":"ListItem","position":1,"name":"Home","item":"https:\/\/rckopen.com\/"},{"@type":"ListItem","position":2,"name":"Shop","item":"https:\/\/rckopen.com\/shop\/"},{"@type":"ListItem","position":3,"name":"bromazolam PELLETS 3mg online kopen"}]},{"@type":"WebSite","@id":"https:\/\/rckopen.com\/#website","url":"https:\/\/rckopen.com\/","name":"RC Kopen","description":"Research Chemicals","potentialAction":[{"@type":"SearchAction","target":{"@type":"EntryPoint","urlTemplate":"https:\/\/rckopen.com\/?s={search_term_string}"},"query-input":{"@type":"PropertyValueSpecification","valueRequired":true,"valueName":"search_term_string"}}],"inLanguage":"hu"}]}},"_links":{"self":[{"href":"https:\/\/rckopen.com\/hu\/wp-json\/wp\/v2\/product\/6608","targetHints":{"allow":["GET"]}}],"collection":[{"href":"https:\/\/rckopen.com\/hu\/wp-json\/wp\/v2\/product"}],"about":[{"href":"https:\/\/rckopen.com\/hu\/wp-json\/wp\/v2\/types\/product"}],"replies":[{"embeddable":true,"href":"https:\/\/rckopen.com\/hu\/wp-json\/wp\/v2\/comments?post=6608"}],"wp:featuredmedia":[{"embeddable":true,"href":"https:\/\/rckopen.com\/hu\/wp-json\/wp\/v2\/media\/6626"}],"wp:attachment":[{"href":"https:\/\/rckopen.com\/hu\/wp-json\/wp\/v2\/media?parent=6608"}],"wp:term":[{"taxonomy":"product_brand","embeddable":true,"href":"https:\/\/rckopen.com\/hu\/wp-json\/wp\/v2\/product_brand?post=6608"},{"taxonomy":"product_cat","embeddable":true,"href":"https:\/\/rckopen.com\/hu\/wp-json\/wp\/v2\/product_cat?post=6608"},{"taxonomy":"product_tag","embeddable":true,"href":"https:\/\/rckopen.com\/hu\/wp-json\/wp\/v2\/product_tag?post=6608"}],"curies":[{"name":"wp","href":"https:\/\/api.w.org\/{rel}","templated":true}]}}