{"id":6615,"date":"2023-08-16T10:42:21","date_gmt":"2023-08-16T10:42:21","guid":{"rendered":"https:\/\/diligentplug.com\/chems\/?post_type=product&#038;p=6615"},"modified":"2026-02-28T12:28:42","modified_gmt":"2026-02-28T12:28:42","slug":"2-fa-pellets-60mg-online-kopen","status":"publish","type":"product","link":"https:\/\/rckopen.com\/hu\/termek\/2-fa-pellets-60mg-online-kopen\/","title":{"rendered":"V\u00e1s\u00e1roljon 2-FA 60 mg-os pelletet online"},"content":{"rendered":"<h2><b>2-FA Pellets 60mg Online te Koop \u2013 Premium Kwaliteit, Betrouwbaar &amp; Veilig<\/b><\/h2>\n<p><span style=\"font-weight: 400;\">Akarsz <\/span><a href=\"https:\/\/rckopen.com\/hu\/termek\/2-fa-pellets-60mg-online-kopen\/\"><b>V\u00e1s\u00e1roljon 60 mg-os 2-FA pelleteket online<\/b><\/a><span style=\"font-weight: 400;\">? Ontdek onze premium <a href=\"https:\/\/en.wikipedia.org\/wiki\/2-Fluoroamphetamine\">2-Fluoroamphetamine (2-FA)<\/a> Gondosan \u00f6ssze\u00e1ll\u00edtott pelletek az \u00e1lland\u00f3 hat\u00e9konys\u00e1g \u00e9s tisztas\u00e1g \u00e9rdek\u00e9ben. Ak\u00e1r tapasztalt felhaszn\u00e1l\u00f3 vagy, ak\u00e1r el\u0151sz\u00f6r szeretn\u00e9d kipr\u00f3b\u00e1lni a 2-FA-t, 60 mg-os pelletjeink t\u00f6k\u00e9letes egyens\u00falyt k\u00edn\u00e1lnak a hat\u00e9konys\u00e1g \u00e9s a biztons\u00e1g k\u00f6z\u00f6tt, tiszta, euforikus, stimul\u00e1l\u00f3 \u00e9lm\u00e9nyt ny\u00fajtva.<\/span><\/p>\n<h3><b>Mi az a 2-FA (2-fluoramfetamin)?<\/b><\/h3>\n<p><span style=\"font-weight: 400;\">2-FA, oftewel 2-Fluoroamphetamine, is een synthetische stimulant uit de amfetamineklasse. Bekend om zijn euforische en energieke effecten, is 2-FA populair onder mensen die op zoek zijn naar een stimulerende boost met minder zenuwachtigheid dan traditionele amfetamines. Onze <\/span><b>2-FA pellet 60mg<\/b><span style=\"font-weight: 400;\"> kontroll\u00e1lt adagot biztos\u00edt a jobb koncentr\u00e1ci\u00f3, hangulat \u00e9s motiv\u00e1ci\u00f3 \u00e9rdek\u00e9ben.<\/span><\/p>\n<h3><b>A 2-FA pelletek felhaszn\u00e1l\u00e1sa \u00e9s hat\u00e1sai<\/b><\/h3>\n<p><span style=\"font-weight: 400;\">2-FA pelletjeinket sz\u00e1jon \u00e1t t\u00f6rt\u00e9n\u0151 fogyaszt\u00e1sra tervezt\u00e9k, \u00e9s sima, hosszan tart\u00f3 stimul\u00e1ns hat\u00e1st biztos\u00edtanak. A felhaszn\u00e1l\u00f3k gyakran sz\u00e1molnak be fokozott \u00e9bers\u00e9gr\u0151l, t\u00f6bb t\u00e1rsas\u00e1gi energi\u00e1r\u00f3l \u00e9s javul\u00f3 kognit\u00edv funkci\u00f3kr\u00f3l. A 60 mg-os adag el\u00e9g er\u0151s ahhoz, hogy egy\u00e9rtelm\u0171 hat\u00e1st \u00e9rezzen, m\u00e9gis kezelhet\u0151 a felel\u0151ss\u00e9gteljes haszn\u00e1lat \u00e9rdek\u00e9ben.<\/span><\/p>\n<h3><b>Az adagol\u00e1s fontoss\u00e1ga (60 mg-os pelletek)<\/b><\/h3>\n<p><span style=\"font-weight: 400;\">A 2-FA eset\u00e9ben az adagol\u00e1s kulcsfontoss\u00e1g\u00fa. Minden 60 mg-os pellet pontos adagot biztos\u00edt a bevitel k\u00f6nny\u0171 szab\u00e1lyoz\u00e1s\u00e1hoz \u00e9s a t\u00faladagol\u00e1s kock\u00e1zat\u00e1nak cs\u00f6kkent\u00e9s\u00e9hez. Ez az adagol\u00e1s mind az \u00faj, mind a tapasztalt felhaszn\u00e1l\u00f3k sz\u00e1m\u00e1ra alkalmas, akik er\u0151s, m\u00e9gis biztons\u00e1gos \u00e9lm\u00e9nyre v\u00e1gynak.<\/span><\/p>\n<h3><b>Jogi \u00e9s biztons\u00e1gi szempontok<\/b><\/h3>\n<p><span style=\"font-weight: 400;\">A 2-FA jogi st\u00e1tusza orsz\u00e1gonk\u00e9nt elt\u00e9r\u0151. Rendel\u00e9s el\u0151tt mindig ellen\u0151rizze a helyi el\u0151\u00edr\u00e1sokat. Kiz\u00e1r\u00f3lag megb\u00edzhat\u00f3, t\u00f6rv\u00e9nyi el\u0151\u00edr\u00e1soknak megfelel\u0151 elad\u00f3kt\u00f3l v\u00e1s\u00e1roljon, hogy biztosan leg\u00e1lis \u00e9s biztons\u00e1gos term\u00e9ket kapjon. Ne ossza meg \u00e9s ne adja el a 2-FA pelletjeit, \u00e9s ker\u00fclje azok m\u00e1s anyagokkal val\u00f3 kever\u00e9s\u00e9t.<\/span><\/p>\n<h3><b>A 2-FA jogi st\u00e1tusza a k\u00fcl\u00f6nb\u00f6z\u0151 r\u00e9gi\u00f3kban<\/b><\/h3>\n<p><span style=\"font-weight: 400;\">A 2-FA t\u00f6rv\u00e9nyek orsz\u00e1gonk\u00e9nt \u00e9s r\u00e9gi\u00f3nk\u00e9nt jelent\u0151sen elt\u00e9rnek. Egyes ter\u00fcleteken szab\u00e1lyozott vagy tiltott, m\u00edg m\u00e1shol kutat\u00e1si vagy szem\u00e9lyes haszn\u00e1latra enged\u00e9lyezett. Javasoljuk, hogy rendel\u00e9s el\u0151tt mindig ellen\u0151rizze a helyi t\u00f6rv\u00e9nyeket.<\/span><\/p>\n<h3><b>Hol lehet online 2-FA pelleteket v\u00e1s\u00e1rolni 60 mg-os kiszerel\u00e9sben?<\/b><\/h3>\n<p><span style=\"font-weight: 400;\">Akarsz <\/span><a href=\"https:\/\/rckopen.com\/hu\/\"><b>Rendeljen 2-FA-Pellets 60 mg-ot online<\/b><\/a><span style=\"font-weight: 400;\">N\u00e1lunk eredeti, laborat\u00f3riumban tesztelt 2-FA pelleteket tal\u00e1l versenyk\u00e9pes \u00e1ron. Megb\u00edzhat\u00f3 gy\u00e1rt\u00f3kkal dolgozunk, akik biztos\u00edtj\u00e1k a magas tisztas\u00e1got \u00e9s az \u00e1lland\u00f3 hat\u00e9konys\u00e1got, \u00edgy... <\/span><b>A legjobb hely 60 mg-os 2-FA pelletek v\u00e1s\u00e1rl\u00e1s\u00e1ra<\/b><span style=\"font-weight: 400;\">.<\/span><\/p>\n<h3><b>Az online piacterek \u00e9s elad\u00f3k \u00e1ttekint\u00e9se<\/b><\/h3>\n<p><span style=\"font-weight: 400;\">Sok besz\u00e1ll\u00edt\u00f3 van, de sok term\u00e9k gyenge min\u0151s\u00e9g\u0171 vagy hamis\u00edtott. Mindig olyan elad\u00f3t v\u00e1lasszon, amelynek \u00e1tl\u00e1that\u00f3 a sz\u00e1rmaz\u00e1sa, pozit\u00edvak a v\u00e1s\u00e1rl\u00f3i v\u00e9lem\u00e9nyek, \u00e9s j\u00f3 \u00fcgyf\u00e9lszolg\u00e1lata van a garant\u00e1lt hiteless\u00e9g \u00e9rdek\u00e9ben.<\/span><\/p>\n<h3><b>A v\u00e9lem\u00e9nyek \u00e9s a v\u00e1s\u00e1rl\u00f3i visszajelz\u00e9sek fontoss\u00e1ga<\/b><\/h3>\n<p><span style=\"font-weight: 400;\">A v\u00e1s\u00e1rl\u00f3i v\u00e9lem\u00e9nyek betekint\u00e9st ny\u00fajtanak a term\u00e9k min\u0151s\u00e9g\u00e9be \u00e9s az elad\u00f3 megb\u00edzhat\u00f3s\u00e1g\u00e1ba. T\u00f6bb v\u00e9lem\u00e9ny elolvas\u00e1s\u00e1val elker\u00fclheti a csal\u00e1sokat, \u00e9s kiv\u00e1laszthatja az \u00d6n ig\u00e9nyeinek legink\u00e1bb megfelel\u0151 60 mg-os 2-FA pelleteket.<\/span><\/p>\n<h3><b>Bewaar- en Gebruikstips<\/b><\/h3>\n<p><span style=\"font-weight: 400;\">Bewaar 2-FA pellets koel, droog en uit direct zonlicht om de werking te behouden. Gebruik verantwoordelijk, houd je aan aanbevolen doseringen en combineer niet met andere middelen.<\/span><\/p>\n<h3><b>Aj\u00e1nlott haszn\u00e1lat<\/b><\/h3>\n<p><span style=\"font-weight: 400;\">Kezdjen egy 60 mg-os pellettel a tolerancia tesztel\u00e9s\u00e9re. V\u00e1rjon legal\u00e1bb 24-48 \u00f3r\u00e1t az adagok k\u00f6z\u00f6tt az eg\u00e9szs\u00e9g\u00fcgyi kock\u00e1zatok minimaliz\u00e1l\u00e1sa \u00e9rdek\u00e9ben. \u00dcgyeljen a hidrat\u00e1lts\u00e1gra, \u00e9s ker\u00fclje a hosszan tart\u00f3 haszn\u00e1latot.<\/span><\/p>\n<h3><b>K\u00f6vetkeztet\u00e9s<\/b><\/h3>\n<p><span style=\"font-weight: 400;\">60 mg-os 2-FA pelletjeink megb\u00edzhat\u00f3 \u00e9s kiv\u00e1l\u00f3 min\u0151s\u00e9g\u0171 alternat\u00edv\u00e1t k\u00edn\u00e1lnak azok sz\u00e1m\u00e1ra, akik er\u0151teljes, m\u00e9gis kezelhet\u0151 stimul\u00e1l\u00f3 \u00e9lm\u00e9nyre v\u00e1gynak. Megb\u00edzhat\u00f3 forr\u00e1sokb\u00f3l t\u00f6rt\u00e9n\u0151 v\u00e1s\u00e1rl\u00e1ssal, biztons\u00e1gos haszn\u00e1lattal \u00e9s a jogszab\u00e1lyi el\u0151\u00edr\u00e1sok betart\u00e1s\u00e1val felel\u0151ss\u00e9gteljesen \u00e9lvezheti a 2-FA el\u0151nyeit.<\/span><\/p>","protected":false},"excerpt":{"rendered":"<p><strong>Forma: <\/strong>pellet<\/p>\n<p><strong>NMR-elemz\u00e9s: <\/strong>N\/A<\/p>","protected":false},"featured_media":6632,"comment_status":"open","ping_status":"closed","template":"","meta":{"_joinchat":[]},"product_brand":[],"product_cat":[144],"product_tag":[],"class_list":{"0":"post-6615","1":"product","2":"type-product","3":"status-publish","4":"has-post-thumbnail","6":"product_cat-pellets","8":"first","9":"instock","10":"shipping-taxable","11":"purchasable","12":"product-type-variable"},"yoast_head":"<!-- This site is optimized with the Yoast SEO plugin v26.3 - https:\/\/yoast.com\/wordpress\/plugins\/seo\/ -->\n<title>2-FA-Pellets-60Mg te koop- 2-FA-Pellets-60Mg online kopen<\/title>\n<meta name=\"description\" content=\"2-fa-pellets-60mg te koop bij een van de beste online kopen winkels RCKopen. Wij helpen u bij het online kopen van 2-fa-pellets-60mg van hoge kwaliteit. Wacht niet langer met bestellen en profiteer van de nieuwste kortingen!\" \/>\n<meta name=\"robots\" content=\"index, follow, max-snippet:-1, max-image-preview:large, max-video-preview:-1\" \/>\n<link rel=\"canonical\" href=\"https:\/\/rckopen.com\/hu\/termek\/2-fa-pellets-60mg-online-kopen\/\" \/>\n<meta property=\"og:locale\" content=\"hu_HU\" \/>\n<meta property=\"og:type\" content=\"article\" \/>\n<meta property=\"og:title\" content=\"2-FA-Pellets-60Mg te koop- 2-FA-Pellets-60Mg online kopen\" \/>\n<meta property=\"og:description\" content=\"2-fa-pellets-60mg te koop bij een van de beste online kopen winkels RCKopen. Wij helpen u bij het online kopen van 2-fa-pellets-60mg van hoge kwaliteit. Wacht niet langer met bestellen en profiteer van de nieuwste kortingen!\" \/>\n<meta property=\"og:url\" content=\"https:\/\/rckopen.com\/hu\/termek\/2-fa-pellets-60mg-online-kopen\/\" \/>\n<meta property=\"og:site_name\" content=\"RC Kopen\" \/>\n<meta property=\"article:modified_time\" content=\"2026-02-28T12:28:42+00:00\" \/>\n<meta property=\"og:image\" content=\"https:\/\/rckopen.com\/wp-content\/uploads\/2023\/08\/2-FA-pellets-60mg.jpg\" \/>\n\t<meta property=\"og:image:width\" content=\"600\" \/>\n\t<meta property=\"og:image:height\" content=\"600\" \/>\n\t<meta property=\"og:image:type\" content=\"image\/jpeg\" \/>\n<meta name=\"twitter:card\" content=\"summary_large_image\" \/>\n<meta name=\"twitter:label1\" content=\"Becs\u00fclt olvas\u00e1si id\u0151\" \/>\n\t<meta name=\"twitter:data1\" content=\"3 perc\" \/>\n<script type=\"application\/ld+json\" class=\"yoast-schema-graph\">{\"@context\":\"https:\/\/schema.org\",\"@graph\":[{\"@type\":\"WebPage\",\"@id\":\"https:\/\/rckopen.com\/product\/2-fa-pellets-60mg-online-kopen\/\",\"url\":\"https:\/\/rckopen.com\/product\/2-fa-pellets-60mg-online-kopen\/\",\"name\":\"2-FA-Pellets-60Mg te koop- 2-FA-Pellets-60Mg online kopen\",\"isPartOf\":{\"@id\":\"https:\/\/rckopen.com\/#website\"},\"primaryImageOfPage\":{\"@id\":\"https:\/\/rckopen.com\/product\/2-fa-pellets-60mg-online-kopen\/#primaryimage\"},\"image\":{\"@id\":\"https:\/\/rckopen.com\/product\/2-fa-pellets-60mg-online-kopen\/#primaryimage\"},\"thumbnailUrl\":\"https:\/\/rckopen.com\/wp-content\/uploads\/2023\/08\/2-FA-pellets-60mg.jpg\",\"datePublished\":\"2023-08-16T10:42:21+00:00\",\"dateModified\":\"2026-02-28T12:28:42+00:00\",\"description\":\"2-fa-pellets-60mg te koop bij een van de beste online kopen winkels RCKopen. Wij helpen u bij het online kopen van 2-fa-pellets-60mg van hoge kwaliteit. Wacht niet langer met bestellen en profiteer van de nieuwste kortingen!\",\"breadcrumb\":{\"@id\":\"https:\/\/rckopen.com\/product\/2-fa-pellets-60mg-online-kopen\/#breadcrumb\"},\"inLanguage\":\"hu\",\"potentialAction\":[{\"@type\":\"ReadAction\",\"target\":[\"https:\/\/rckopen.com\/product\/2-fa-pellets-60mg-online-kopen\/\"]}]},{\"@type\":\"ImageObject\",\"inLanguage\":\"hu\",\"@id\":\"https:\/\/rckopen.com\/product\/2-fa-pellets-60mg-online-kopen\/#primaryimage\",\"url\":\"https:\/\/rckopen.com\/wp-content\/uploads\/2023\/08\/2-FA-pellets-60mg.jpg\",\"contentUrl\":\"https:\/\/rckopen.com\/wp-content\/uploads\/2023\/08\/2-FA-pellets-60mg.jpg\",\"width\":600,\"height\":600,\"caption\":\"2-FA pellets 60mg Online Kopen\"},{\"@type\":\"BreadcrumbList\",\"@id\":\"https:\/\/rckopen.com\/product\/2-fa-pellets-60mg-online-kopen\/#breadcrumb\",\"itemListElement\":[{\"@type\":\"ListItem\",\"position\":1,\"name\":\"Home\",\"item\":\"https:\/\/rckopen.com\/\"},{\"@type\":\"ListItem\",\"position\":2,\"name\":\"Shop\",\"item\":\"https:\/\/rckopen.com\/shop\/\"},{\"@type\":\"ListItem\",\"position\":3,\"name\":\"2-FA pellets 60mg Online Kopen\"}]},{\"@type\":\"WebSite\",\"@id\":\"https:\/\/rckopen.com\/#website\",\"url\":\"https:\/\/rckopen.com\/\",\"name\":\"RC Kopen\",\"description\":\"Research Chemicals\",\"potentialAction\":[{\"@type\":\"SearchAction\",\"target\":{\"@type\":\"EntryPoint\",\"urlTemplate\":\"https:\/\/rckopen.com\/?s={search_term_string}\"},\"query-input\":{\"@type\":\"PropertyValueSpecification\",\"valueRequired\":true,\"valueName\":\"search_term_string\"}}],\"inLanguage\":\"hu\"}]}<\/script>\n<!-- \/ Yoast SEO plugin. -->","yoast_head_json":{"title":"2-FA-Pellets-60Mg te koop- 2-FA-Pellets-60Mg online kopen","description":"2-fa-pellets-60mg te koop bij een van de beste online kopen winkels RCKopen. Wij helpen u bij het online kopen van 2-fa-pellets-60mg van hoge kwaliteit. Wacht niet langer met bestellen en profiteer van de nieuwste kortingen!","robots":{"index":"index","follow":"follow","max-snippet":"max-snippet:-1","max-image-preview":"max-image-preview:large","max-video-preview":"max-video-preview:-1"},"canonical":"https:\/\/rckopen.com\/hu\/termek\/2-fa-pellets-60mg-online-kopen\/","og_locale":"hu_HU","og_type":"article","og_title":"2-FA-Pellets-60Mg te koop- 2-FA-Pellets-60Mg online kopen","og_description":"2-fa-pellets-60mg te koop bij een van de beste online kopen winkels RCKopen. Wij helpen u bij het online kopen van 2-fa-pellets-60mg van hoge kwaliteit. Wacht niet langer met bestellen en profiteer van de nieuwste kortingen!","og_url":"https:\/\/rckopen.com\/hu\/termek\/2-fa-pellets-60mg-online-kopen\/","og_site_name":"RC Kopen","article_modified_time":"2026-02-28T12:28:42+00:00","og_image":[{"width":600,"height":600,"url":"https:\/\/rckopen.com\/wp-content\/uploads\/2023\/08\/2-FA-pellets-60mg.jpg","type":"image\/jpeg"}],"twitter_card":"summary_large_image","twitter_misc":{"Becs\u00fclt olvas\u00e1si id\u0151":"3 perc"},"schema":{"@context":"https:\/\/schema.org","@graph":[{"@type":"WebPage","@id":"https:\/\/rckopen.com\/product\/2-fa-pellets-60mg-online-kopen\/","url":"https:\/\/rckopen.com\/product\/2-fa-pellets-60mg-online-kopen\/","name":"2-FA-Pellets-60Mg te koop- 2-FA-Pellets-60Mg online kopen","isPartOf":{"@id":"https:\/\/rckopen.com\/#website"},"primaryImageOfPage":{"@id":"https:\/\/rckopen.com\/product\/2-fa-pellets-60mg-online-kopen\/#primaryimage"},"image":{"@id":"https:\/\/rckopen.com\/product\/2-fa-pellets-60mg-online-kopen\/#primaryimage"},"thumbnailUrl":"https:\/\/rckopen.com\/wp-content\/uploads\/2023\/08\/2-FA-pellets-60mg.jpg","datePublished":"2023-08-16T10:42:21+00:00","dateModified":"2026-02-28T12:28:42+00:00","description":"2-fa-pellets-60mg te koop bij een van de beste online kopen winkels RCKopen. Wij helpen u bij het online kopen van 2-fa-pellets-60mg van hoge kwaliteit. Wacht niet langer met bestellen en profiteer van de nieuwste kortingen!","breadcrumb":{"@id":"https:\/\/rckopen.com\/product\/2-fa-pellets-60mg-online-kopen\/#breadcrumb"},"inLanguage":"hu","potentialAction":[{"@type":"ReadAction","target":["https:\/\/rckopen.com\/product\/2-fa-pellets-60mg-online-kopen\/"]}]},{"@type":"ImageObject","inLanguage":"hu","@id":"https:\/\/rckopen.com\/product\/2-fa-pellets-60mg-online-kopen\/#primaryimage","url":"https:\/\/rckopen.com\/wp-content\/uploads\/2023\/08\/2-FA-pellets-60mg.jpg","contentUrl":"https:\/\/rckopen.com\/wp-content\/uploads\/2023\/08\/2-FA-pellets-60mg.jpg","width":600,"height":600,"caption":"2-FA pellets 60mg Online Kopen"},{"@type":"BreadcrumbList","@id":"https:\/\/rckopen.com\/product\/2-fa-pellets-60mg-online-kopen\/#breadcrumb","itemListElement":[{"@type":"ListItem","position":1,"name":"Home","item":"https:\/\/rckopen.com\/"},{"@type":"ListItem","position":2,"name":"Shop","item":"https:\/\/rckopen.com\/shop\/"},{"@type":"ListItem","position":3,"name":"2-FA pellets 60mg Online Kopen"}]},{"@type":"WebSite","@id":"https:\/\/rckopen.com\/#website","url":"https:\/\/rckopen.com\/","name":"RC Kopen","description":"Research Chemicals","potentialAction":[{"@type":"SearchAction","target":{"@type":"EntryPoint","urlTemplate":"https:\/\/rckopen.com\/?s={search_term_string}"},"query-input":{"@type":"PropertyValueSpecification","valueRequired":true,"valueName":"search_term_string"}}],"inLanguage":"hu"}]}},"_links":{"self":[{"href":"https:\/\/rckopen.com\/hu\/wp-json\/wp\/v2\/product\/6615","targetHints":{"allow":["GET"]}}],"collection":[{"href":"https:\/\/rckopen.com\/hu\/wp-json\/wp\/v2\/product"}],"about":[{"href":"https:\/\/rckopen.com\/hu\/wp-json\/wp\/v2\/types\/product"}],"replies":[{"embeddable":true,"href":"https:\/\/rckopen.com\/hu\/wp-json\/wp\/v2\/comments?post=6615"}],"wp:featuredmedia":[{"embeddable":true,"href":"https:\/\/rckopen.com\/hu\/wp-json\/wp\/v2\/media\/6632"}],"wp:attachment":[{"href":"https:\/\/rckopen.com\/hu\/wp-json\/wp\/v2\/media?parent=6615"}],"wp:term":[{"taxonomy":"product_brand","embeddable":true,"href":"https:\/\/rckopen.com\/hu\/wp-json\/wp\/v2\/product_brand?post=6615"},{"taxonomy":"product_cat","embeddable":true,"href":"https:\/\/rckopen.com\/hu\/wp-json\/wp\/v2\/product_cat?post=6615"},{"taxonomy":"product_tag","embeddable":true,"href":"https:\/\/rckopen.com\/hu\/wp-json\/wp\/v2\/product_tag?post=6615"}],"curies":[{"name":"wp","href":"https:\/\/api.w.org\/{rel}","templated":true}]}}