{"id":6624,"date":"2023-08-17T05:39:17","date_gmt":"2023-08-17T05:39:17","guid":{"rendered":"https:\/\/diligentplug.com\/chems\/?post_type=product&#038;p=6624"},"modified":"2025-09-16T09:04:46","modified_gmt":"2025-09-16T09:04:46","slug":"4f-mph-pellets-25mg","status":"publish","type":"product","link":"https:\/\/rckopen.com\/hu\/termek\/4f-mph-pellets-25mg\/","title":{"rendered":"V\u00e1s\u00e1roljon 4F-MPH 25 mg-os pelletet online"},"content":{"rendered":"<h2>4F-MPH-pellets 25 mg online kopen<br \/>\nOnderzoek naar de voordelen van het online bestellen van 4F-MPH-pellets 25 mg<\/h2>\n<p>A mai rohan\u00f3 vil\u00e1gban a k\u00e9nyelem elengedhetetlen. Amikor olyan term\u00e9kek v\u00e1s\u00e1rl\u00e1s\u00e1r\u00f3l van sz\u00f3, mint pl <a href=\"https:\/\/rckopen.com\/hu\/termek\/4f-mph-pellets-25mg\/\">4F-MPH-pellet 25 mg,<\/a> az online besz\u00e1ll\u00edt\u00f3k k\u00e9nyelmes \u00e9s megb\u00edzhat\u00f3 lehet\u0151s\u00e9get k\u00edn\u00e1lnak. De milyen el\u0151ny\u00f6kkel j\u00e1r, ha online rendeli ezeket a pelleteket? Vess\u00fcnk egy pillant\u00e1st a 4F-MPH 25 mg-os pellet online besz\u00e1ll\u00edt\u00f3kt\u00f3l val\u00f3 v\u00e1s\u00e1rl\u00e1s\u00e1nak el\u0151nyeire. <a href=\"https:\/\/rckopen.com\/hu\/\">RCKOpen.com<\/a><\/p>\n<h3>V\u00e1s\u00e1roljon k\u00f6nnyed\u00e9n 4F-MPH 25 mg-os pelleteket<\/h3>\n<p>Az online rendel\u00e9s egyik f\u0151 el\u0151nye <a href=\"https:\/\/en.wikipedia.org\/wiki\/4-Fluoromethylphenidate\">4F-MPH<\/a>- A 25 mg-os pellet az \u00e1ltala k\u00edn\u00e1lt k\u00e9nyelem. N\u00e9h\u00e1ny kattint\u00e1ssal megv\u00e1s\u00e1rolhatja a pelletet otthon\u00e1b\u00f3l. Nem kell felkeresned egy fizikai boltot, \u00e9s nem kell hossz\u00fa sorban \u00e1llnod. Az online besz\u00e1ll\u00edt\u00f3k megk\u00f6nny\u00edtik a 25 mg-os 4F-MPH pellet v\u00e9ny n\u00e9lk\u00fcl t\u00f6rt\u00e9n\u0151 v\u00e1s\u00e1rl\u00e1s\u00e1t.<\/p>\n<h3>Term\u00e9kek sz\u00e9les v\u00e1laszt\u00e9ka<\/h3>\n<p>Az online besz\u00e1ll\u00edt\u00f3k \u00e1ltal\u00e1ban sz\u00e9les term\u00e9kv\u00e1laszt\u00e9kot k\u00edn\u00e1lnak, bele\u00e9rtve a k\u00fcl\u00f6nb\u00f6z\u0151 er\u0151ss\u00e9g\u0171 \u00e9s mennyis\u00e9g\u0171 4F-MPH pelletet. Ez a v\u00e1laszt\u00e9k lehet\u0151v\u00e9 teszi az \u00d6n ig\u00e9nyeinek legink\u00e1bb megfelel\u0151 term\u00e9k kiv\u00e1laszt\u00e1s\u00e1t. Ak\u00e1r 25 mg-os 4F-MPH pelletet szeretne v\u00e1s\u00e1rolni, ak\u00e1r b\u00e1rmilyen m\u00e1s adagol\u00e1s\u00fa, az online besz\u00e1ll\u00edt\u00f3kkal j\u00f3 helyen j\u00e1r.<\/p>\n<h3>Rendeljen 25 mg-os 4F-MPH pelletet v\u00e9ny n\u00e9lk\u00fcl<\/h3>\n<p>A 25 mg-os 4F-MPH pellet online rendel\u00e9s\u00e9nek m\u00e1sik el\u0151nye, hogy v\u00e9ny n\u00e9lk\u00fcl is megv\u00e1s\u00e1rolhat\u00f3. \u00cdgy nincs sz\u00fcks\u00e9g orvoshoz fordulni vagy receptet k\u00e9rni a v\u00e1s\u00e1rl\u00e1s el\u0151tt. Az online besz\u00e1ll\u00edt\u00f3k megk\u00f6nny\u00edtik a 25 mg-os 4F-MPH pellet megrendel\u00e9s\u00e9t, minden felesleges l\u00e9p\u00e9s n\u00e9lk\u00fcl.<\/p>\n<h3>Diszkr\u00e9t \u00e9s biztons\u00e1gos sz\u00e1ll\u00edt\u00e1s<\/h3>\n<p>Ha online rendel 4F-MPH 25 mg-os pelletet, biztos lehet benne, hogy csomagj\u00e1t diszkr\u00e9ten \u00e9s biztons\u00e1gosan sz\u00e1ll\u00edtjuk. Az online besz\u00e1ll\u00edt\u00f3k meg\u00e9rtik az adatv\u00e9delem fontoss\u00e1g\u00e1t, \u00e9s int\u00e9zked\u00e9seket tesznek annak \u00e9rdek\u00e9ben, hogy megrendel\u00e9se biztons\u00e1gosan meg\u00e9rkezzen. Ak\u00e1r szem\u00e9lyes haszn\u00e1latra, ak\u00e1r kutat\u00e1si c\u00e9lb\u00f3l v\u00e1s\u00e1rol 4F-MPH 25 mg-os pelletet, az online besz\u00e1ll\u00edt\u00f3k az \u00d6n bizalmas kezel\u00e9s\u00e9t helyezik el\u0151t\u00e9rbe.<\/p>\n<h3>4F-MPH-pellet 25 mg elad\u00f3<\/h3>\n<p>A legjobb 4F-MPH 25 mg-os pellet aj\u00e1nlatokat keresi? Az online besz\u00e1ll\u00edt\u00f3k gyakran k\u00edn\u00e1lnak v\u00e9gki\u00e1rus\u00edt\u00e1sokat \u00e9s prom\u00f3ci\u00f3kat, amelyek lehet\u0151v\u00e9 teszik, hogy kedvezm\u00e9nyes \u00e1ron v\u00e1s\u00e1rolja meg ezeket a pelleteket. Kihaszn\u00e1lhatja ezeket az aj\u00e1nlatokat, hogy p\u00e9nzt takar\u00edtson meg, \u00e9s tov\u00e1bbra is kiv\u00e1l\u00f3 min\u0151s\u00e9g\u0171 term\u00e9ket kapjon. A 25 mg-os 4F-MPH pellet online v\u00e1s\u00e1rl\u00e1sa k\u00f6lts\u00e9ghat\u00e9kony m\u00f3dja a k\u00e9szletek felt\u00f6lt\u00e9s\u00e9nek.<\/p>\n<h3>Hol v\u00e1s\u00e1rolhat online 4F-MPH 25 mg-os pelletet?<\/h3>\n<p>\u00c9rdekel, hol v\u00e1s\u00e1rolhat 4F-MPH 25 mg-os pelletet? Ne keressen m\u00e1s j\u00f3 h\u00edr\u0171 online besz\u00e1ll\u00edt\u00f3kat, mint p\u00e9ld\u00e1ul az rckopen.com. A felhaszn\u00e1l\u00f3bar\u00e1t weboldallal \u00e9s az \u00fcgyfelek el\u00e9gedetts\u00e9ge ir\u00e1nti elk\u00f6telezetts\u00e9ggel az rckopen.com megb\u00edzhat\u00f3 forr\u00e1s a 25 mg-os 4F-MPH pellet \u00e9s m\u00e1s kutat\u00e1si vegyszerek rendel\u00e9s\u00e9hez. Biztons\u00e1gos rendel\u00e9si folyamatuk \u00e9s gyors sz\u00e1ll\u00edt\u00e1suk megk\u00f6nny\u00edti a 25 mg-os 4F-MPH pelletek magabiztos v\u00e1s\u00e1rl\u00e1s\u00e1t.<\/p>\n<p>A 4F-MPH 25 mg pellet online v\u00e1s\u00e1rl\u00e1sa az Egyes\u00fclt Kir\u00e1lys\u00e1gban sz\u00e1mos el\u0151nnyel j\u00e1r, a k\u00e9nyelemt\u0151l \u00e9s a v\u00e1laszt\u00e9kt\u00f3l a diszkr\u00e9t sz\u00e1ll\u00edt\u00e1sig \u00e9s k\u00f6lts\u00e9gmegtakar\u00edt\u00e1sig. Az olyan online besz\u00e1ll\u00edt\u00f3kt\u00f3l, mint az rckopen.com, egyszer\u0171en \u00e9s magabiztosan v\u00e1s\u00e1rolhat 4F-MPH 25 mg-os pelletet online. Akkor minek v\u00e1rni? Rendeljen 4F-MPH 25 mg-os pelletet m\u00e9g ma, \u00e9s tapasztalja meg \u00d6n is az online v\u00e1s\u00e1rl\u00e1s el\u0151nyeit!<\/p>","protected":false},"excerpt":{"rendered":"<p><strong>IUPAC-n\u00e9v:<\/strong><\/p>\n<p><strong>CAS # <\/strong>1354631-33-6<\/p>\n<p><strong>M\u00e1sik n\u00e9v: <\/strong>4-Fluor-metilfenid\u00e1t<\/p>\n<p><strong>Megjelen\u00e9s: <\/strong>R\u00f3zsasz\u00edn<\/p>\n<p><strong>Forma: <\/strong>Pellet<\/p>\n<p><strong>NMR-elemz\u00e9s: <\/strong>C14H18FNO2<\/p>","protected":false},"featured_media":6642,"comment_status":"open","ping_status":"closed","template":"","meta":{"_joinchat":[]},"product_brand":[],"product_cat":[144],"product_tag":[],"class_list":{"0":"post-6624","1":"product","2":"type-product","3":"status-publish","4":"has-post-thumbnail","6":"product_cat-pellets","8":"first","9":"instock","10":"shipping-taxable","11":"purchasable","12":"product-type-variable"},"yoast_head":"<!-- This site is optimized with the Yoast SEO plugin v26.3 - https:\/\/yoast.com\/wordpress\/plugins\/seo\/ -->\n<title>4F-MPH-pellets 25MG online kopen - 4F-MPH-pellets 25MG te koop<\/title>\n<meta name=\"description\" content=\"Het is de beste tijd om onze online Rckopen-winkel te bezoeken en 4F-MPH-Pellets 25MG online kopen. Wij hebben hier 4F-MPH-Pellets 25MG te koop. Ontmoet ons online en plaats vandaag nog uw bestelling.\" \/>\n<meta name=\"robots\" content=\"index, follow, max-snippet:-1, max-image-preview:large, max-video-preview:-1\" \/>\n<link rel=\"canonical\" href=\"https:\/\/rckopen.com\/hu\/termek\/4f-mph-pellets-25mg\/\" \/>\n<meta property=\"og:locale\" content=\"hu_HU\" \/>\n<meta property=\"og:type\" content=\"article\" \/>\n<meta property=\"og:title\" content=\"4F-MPH-pellets 25MG online kopen - 4F-MPH-pellets 25MG te koop\" \/>\n<meta property=\"og:description\" content=\"Het is de beste tijd om onze online Rckopen-winkel te bezoeken en 4F-MPH-Pellets 25MG online kopen. Wij hebben hier 4F-MPH-Pellets 25MG te koop. Ontmoet ons online en plaats vandaag nog uw bestelling.\" \/>\n<meta property=\"og:url\" content=\"https:\/\/rckopen.com\/hu\/termek\/4f-mph-pellets-25mg\/\" \/>\n<meta property=\"og:site_name\" content=\"RC Kopen\" \/>\n<meta property=\"article:modified_time\" content=\"2025-09-16T09:04:46+00:00\" \/>\n<meta property=\"og:image\" content=\"https:\/\/rckopen.com\/wp-content\/uploads\/2023\/08\/4F-MPH-pellets-25mg.jpg\" \/>\n\t<meta property=\"og:image:width\" content=\"600\" \/>\n\t<meta property=\"og:image:height\" content=\"600\" \/>\n\t<meta property=\"og:image:type\" content=\"image\/jpeg\" \/>\n<meta name=\"twitter:card\" content=\"summary_large_image\" \/>\n<meta name=\"twitter:label1\" content=\"Becs\u00fclt olvas\u00e1si id\u0151\" \/>\n\t<meta name=\"twitter:data1\" content=\"3 perc\" \/>\n<script type=\"application\/ld+json\" class=\"yoast-schema-graph\">{\"@context\":\"https:\/\/schema.org\",\"@graph\":[{\"@type\":\"WebPage\",\"@id\":\"https:\/\/rckopen.com\/product\/4f-mph-pellets-25mg\/\",\"url\":\"https:\/\/rckopen.com\/product\/4f-mph-pellets-25mg\/\",\"name\":\"4F-MPH-pellets 25MG online kopen - 4F-MPH-pellets 25MG te koop\",\"isPartOf\":{\"@id\":\"https:\/\/rckopen.com\/#website\"},\"primaryImageOfPage\":{\"@id\":\"https:\/\/rckopen.com\/product\/4f-mph-pellets-25mg\/#primaryimage\"},\"image\":{\"@id\":\"https:\/\/rckopen.com\/product\/4f-mph-pellets-25mg\/#primaryimage\"},\"thumbnailUrl\":\"https:\/\/rckopen.com\/wp-content\/uploads\/2023\/08\/4F-MPH-pellets-25mg.jpg\",\"datePublished\":\"2023-08-17T05:39:17+00:00\",\"dateModified\":\"2025-09-16T09:04:46+00:00\",\"description\":\"Het is de beste tijd om onze online Rckopen-winkel te bezoeken en 4F-MPH-Pellets 25MG online kopen. Wij hebben hier 4F-MPH-Pellets 25MG te koop. Ontmoet ons online en plaats vandaag nog uw bestelling.\",\"breadcrumb\":{\"@id\":\"https:\/\/rckopen.com\/product\/4f-mph-pellets-25mg\/#breadcrumb\"},\"inLanguage\":\"hu\",\"potentialAction\":[{\"@type\":\"ReadAction\",\"target\":[\"https:\/\/rckopen.com\/product\/4f-mph-pellets-25mg\/\"]}]},{\"@type\":\"ImageObject\",\"inLanguage\":\"hu\",\"@id\":\"https:\/\/rckopen.com\/product\/4f-mph-pellets-25mg\/#primaryimage\",\"url\":\"https:\/\/rckopen.com\/wp-content\/uploads\/2023\/08\/4F-MPH-pellets-25mg.jpg\",\"contentUrl\":\"https:\/\/rckopen.com\/wp-content\/uploads\/2023\/08\/4F-MPH-pellets-25mg.jpg\",\"width\":600,\"height\":600,\"caption\":\"4F-MPH-pellets-25mg online kopen\"},{\"@type\":\"BreadcrumbList\",\"@id\":\"https:\/\/rckopen.com\/product\/4f-mph-pellets-25mg\/#breadcrumb\",\"itemListElement\":[{\"@type\":\"ListItem\",\"position\":1,\"name\":\"Home\",\"item\":\"https:\/\/rckopen.com\/\"},{\"@type\":\"ListItem\",\"position\":2,\"name\":\"Shop\",\"item\":\"https:\/\/rckopen.com\/shop\/\"},{\"@type\":\"ListItem\",\"position\":3,\"name\":\"4F-MPH pellets 25mg online kopen\"}]},{\"@type\":\"WebSite\",\"@id\":\"https:\/\/rckopen.com\/#website\",\"url\":\"https:\/\/rckopen.com\/\",\"name\":\"RC Kopen\",\"description\":\"Research Chemicals\",\"potentialAction\":[{\"@type\":\"SearchAction\",\"target\":{\"@type\":\"EntryPoint\",\"urlTemplate\":\"https:\/\/rckopen.com\/?s={search_term_string}\"},\"query-input\":{\"@type\":\"PropertyValueSpecification\",\"valueRequired\":true,\"valueName\":\"search_term_string\"}}],\"inLanguage\":\"hu\"}]}<\/script>\n<!-- \/ Yoast SEO plugin. -->","yoast_head_json":{"title":"4F-MPH-pellets 25MG online kopen - 4F-MPH-pellets 25MG te koop","description":"Het is de beste tijd om onze online Rckopen-winkel te bezoeken en 4F-MPH-Pellets 25MG online kopen. Wij hebben hier 4F-MPH-Pellets 25MG te koop. Ontmoet ons online en plaats vandaag nog uw bestelling.","robots":{"index":"index","follow":"follow","max-snippet":"max-snippet:-1","max-image-preview":"max-image-preview:large","max-video-preview":"max-video-preview:-1"},"canonical":"https:\/\/rckopen.com\/hu\/termek\/4f-mph-pellets-25mg\/","og_locale":"hu_HU","og_type":"article","og_title":"4F-MPH-pellets 25MG online kopen - 4F-MPH-pellets 25MG te koop","og_description":"Het is de beste tijd om onze online Rckopen-winkel te bezoeken en 4F-MPH-Pellets 25MG online kopen. Wij hebben hier 4F-MPH-Pellets 25MG te koop. Ontmoet ons online en plaats vandaag nog uw bestelling.","og_url":"https:\/\/rckopen.com\/hu\/termek\/4f-mph-pellets-25mg\/","og_site_name":"RC Kopen","article_modified_time":"2025-09-16T09:04:46+00:00","og_image":[{"width":600,"height":600,"url":"https:\/\/rckopen.com\/wp-content\/uploads\/2023\/08\/4F-MPH-pellets-25mg.jpg","type":"image\/jpeg"}],"twitter_card":"summary_large_image","twitter_misc":{"Becs\u00fclt olvas\u00e1si id\u0151":"3 perc"},"schema":{"@context":"https:\/\/schema.org","@graph":[{"@type":"WebPage","@id":"https:\/\/rckopen.com\/product\/4f-mph-pellets-25mg\/","url":"https:\/\/rckopen.com\/product\/4f-mph-pellets-25mg\/","name":"4F-MPH-pellets 25MG online kopen - 4F-MPH-pellets 25MG te koop","isPartOf":{"@id":"https:\/\/rckopen.com\/#website"},"primaryImageOfPage":{"@id":"https:\/\/rckopen.com\/product\/4f-mph-pellets-25mg\/#primaryimage"},"image":{"@id":"https:\/\/rckopen.com\/product\/4f-mph-pellets-25mg\/#primaryimage"},"thumbnailUrl":"https:\/\/rckopen.com\/wp-content\/uploads\/2023\/08\/4F-MPH-pellets-25mg.jpg","datePublished":"2023-08-17T05:39:17+00:00","dateModified":"2025-09-16T09:04:46+00:00","description":"Het is de beste tijd om onze online Rckopen-winkel te bezoeken en 4F-MPH-Pellets 25MG online kopen. Wij hebben hier 4F-MPH-Pellets 25MG te koop. Ontmoet ons online en plaats vandaag nog uw bestelling.","breadcrumb":{"@id":"https:\/\/rckopen.com\/product\/4f-mph-pellets-25mg\/#breadcrumb"},"inLanguage":"hu","potentialAction":[{"@type":"ReadAction","target":["https:\/\/rckopen.com\/product\/4f-mph-pellets-25mg\/"]}]},{"@type":"ImageObject","inLanguage":"hu","@id":"https:\/\/rckopen.com\/product\/4f-mph-pellets-25mg\/#primaryimage","url":"https:\/\/rckopen.com\/wp-content\/uploads\/2023\/08\/4F-MPH-pellets-25mg.jpg","contentUrl":"https:\/\/rckopen.com\/wp-content\/uploads\/2023\/08\/4F-MPH-pellets-25mg.jpg","width":600,"height":600,"caption":"4F-MPH-pellets-25mg online kopen"},{"@type":"BreadcrumbList","@id":"https:\/\/rckopen.com\/product\/4f-mph-pellets-25mg\/#breadcrumb","itemListElement":[{"@type":"ListItem","position":1,"name":"Home","item":"https:\/\/rckopen.com\/"},{"@type":"ListItem","position":2,"name":"Shop","item":"https:\/\/rckopen.com\/shop\/"},{"@type":"ListItem","position":3,"name":"4F-MPH pellets 25mg online kopen"}]},{"@type":"WebSite","@id":"https:\/\/rckopen.com\/#website","url":"https:\/\/rckopen.com\/","name":"RC Kopen","description":"Research Chemicals","potentialAction":[{"@type":"SearchAction","target":{"@type":"EntryPoint","urlTemplate":"https:\/\/rckopen.com\/?s={search_term_string}"},"query-input":{"@type":"PropertyValueSpecification","valueRequired":true,"valueName":"search_term_string"}}],"inLanguage":"hu"}]}},"_links":{"self":[{"href":"https:\/\/rckopen.com\/hu\/wp-json\/wp\/v2\/product\/6624","targetHints":{"allow":["GET"]}}],"collection":[{"href":"https:\/\/rckopen.com\/hu\/wp-json\/wp\/v2\/product"}],"about":[{"href":"https:\/\/rckopen.com\/hu\/wp-json\/wp\/v2\/types\/product"}],"replies":[{"embeddable":true,"href":"https:\/\/rckopen.com\/hu\/wp-json\/wp\/v2\/comments?post=6624"}],"wp:featuredmedia":[{"embeddable":true,"href":"https:\/\/rckopen.com\/hu\/wp-json\/wp\/v2\/media\/6642"}],"wp:attachment":[{"href":"https:\/\/rckopen.com\/hu\/wp-json\/wp\/v2\/media?parent=6624"}],"wp:term":[{"taxonomy":"product_brand","embeddable":true,"href":"https:\/\/rckopen.com\/hu\/wp-json\/wp\/v2\/product_brand?post=6624"},{"taxonomy":"product_cat","embeddable":true,"href":"https:\/\/rckopen.com\/hu\/wp-json\/wp\/v2\/product_cat?post=6624"},{"taxonomy":"product_tag","embeddable":true,"href":"https:\/\/rckopen.com\/hu\/wp-json\/wp\/v2\/product_tag?post=6624"}],"curies":[{"name":"wp","href":"https:\/\/api.w.org\/{rel}","templated":true}]}}