{"id":6625,"date":"2023-08-17T06:00:16","date_gmt":"2023-08-17T06:00:16","guid":{"rendered":"https:\/\/diligentplug.com\/chems\/?post_type=product&#038;p=6625"},"modified":"2025-09-16T09:06:40","modified_gmt":"2025-09-16T09:06:40","slug":"5-meo-mipt-pellets-15mg","status":"publish","type":"product","link":"https:\/\/rckopen.com\/hu\/termek\/5-meo-mipt-pellet-15mg\/","title":{"rendered":"V\u00e1s\u00e1roljon 5-MeO-MiPT 15 mg-os pelletet online"},"content":{"rendered":"<h2>5-MeO-MiPT-pellets 15 mg online kopen<br \/>\nWaarom het online kopen van 5-MeO-MiPT-pellets 15 mg online kopen de slimme keuze voor u is<\/h2>\n<p>Megb\u00edzhat\u00f3 forr\u00e1st keres 5-MeO-MiPT 15 mg-os pellet online v\u00e1s\u00e1rl\u00e1s\u00e1hoz? Ne keressen tov\u00e1bb, mint az rckopen.com! A kiv\u00e1l\u00f3 min\u0151s\u00e9g\u0171 term\u00e9kek sz\u00e9les v\u00e1laszt\u00e9k\u00e1nak \u00e9s a verhetetlen \u00fcgyf\u00e9lszolg\u00e1latnak k\u00f6sz\u00f6nhet\u0151en az 5-MeO-MiPT 15 mg-os pellet rckopen.com webhelyr\u0151l t\u00f6rt\u00e9n\u0151 v\u00e1s\u00e1rl\u00e1sa az \u00d6n sz\u00e1m\u00e1ra okos v\u00e1laszt\u00e1s. Ebben a cikkben megvitatjuk az 5-MeO-MiPT 15 mg-os pellet leg\u00e1lis v\u00e1s\u00e1rl\u00e1s\u00e1nak el\u0151nyeit, \u00e9s azt, hogy mi\u00e9rt az rckopen.com a legjobb hely a v\u00e1s\u00e1rl\u00e1shoz.<\/p>\n<h3>K\u00e9nyelem \u00e9s el\u00e9rhet\u0151s\u00e9g<\/h3>\n<p>Ha online v\u00e1s\u00e1rol 5-MeO-MiPT 15 mg-os pelletet, a nap vagy \u00e9jszaka b\u00e1rmely szak\u00e1ban v\u00e1s\u00e1rolhat k\u00e9nyelmesen otthon\u00e1b\u00f3l. Nem kell fizikai boltba utaznia vagy hossz\u00fa sorokban v\u00e1rnia \u2013 egyszer\u0171en b\u00f6ng\u00e9sszen az rckopen.com webhelyen, tegye a k\u00edv\u00e1nt term\u00e9keket a kos\u00e1rba, \u00e9s egyszer\u0171en fizessen ki. N\u00e9h\u00e1ny kattint\u00e1ssal megrendel\u00e9se a k\u00fcsz\u00f6b\u00f6n \u00e1ll.<\/p>\n<h3>Term\u00e9kek sz\u00e9les v\u00e1laszt\u00e9ka<\/h3>\n<p>Az Rckopen.com term\u00e9kek sz\u00e9les v\u00e1laszt\u00e9k\u00e1t k\u00edn\u00e1lja, bele\u00e9rtve az 5-MeO-MiPT pelletet 15 mg. Ak\u00e1r kezd\u0151, ak\u00e1r tapasztalt rajong\u00f3 vagy, mindent megtal\u00e1lsz a weboldalukon, amire sz\u00fcks\u00e9ged van. A r\u00e9szletes term\u00e9kle\u00edr\u00e1sok \u00e9s v\u00e1s\u00e1rl\u00f3i v\u00e9lem\u00e9nyek seg\u00edts\u00e9g\u00e9vel megalapozott d\u00f6nt\u00e9st hozhat, miel\u0151tt megrendeli az 5-MeO-MiPT pellet 15 mg-ot.<\/p>\n<h3>Min\u0151s\u00e9g \u00e9s tisztas\u00e1g<\/h3>\n<p>Ha v\u00e9ny n\u00e9lk\u00fcl kaphat\u00f3 5-MeO-MiPT pellet 15mg-ot rendel az rckopen.com-t\u00f3l, biztos lehet benne, hogy kiv\u00e1l\u00f3 min\u0151s\u00e9g\u0171 term\u00e9ket kap. Az rckopen.com j\u00f3 h\u00edr\u0171 gy\u00e1rt\u00f3kt\u00f3l szerzi be term\u00e9keit, \u00e9s alapos min\u0151s\u00e9gellen\u0151rz\u00e9seket v\u00e9gez a tisztas\u00e1g \u00e9s a hat\u00e9konys\u00e1g biztos\u00edt\u00e1sa \u00e9rdek\u00e9ben. Biztos lehet benne, hogy a lehet\u0151 legjobb term\u00e9ket kapja, ha az rckopen.com-t\u00f3l v\u00e1s\u00e1rol.<\/p>\n<h3>Diszkr\u00e9t csomagol\u00e1s \u00e9s sz\u00e1ll\u00edt\u00e1s<\/h3>\n<p>Az rckopen.com-n\u00e1l az \u00d6n adatv\u00e9delme els\u0151dleges fontoss\u00e1g\u00fa. Minden megrendel\u00e9st diszkr\u00e9t csomagol\u00e1sban sz\u00e1ll\u00edtunk, hogy megv\u00e9dj\u00fck az \u00d6n titoktart\u00e1s\u00e1t. Ak\u00e1r szem\u00e9lyes haszn\u00e1latra, ak\u00e1r aj\u00e1nd\u00e9kba rendel 5-MeO-MiPT pellet 15 mg-ot, biztos lehet benne, hogy az 5-MeO-MiPT pellet 15 mg biztons\u00e1gosan \u00e9s biztons\u00e1gosan fog meg\u00e9rkezni. A gyors \u00e9s megb\u00edzhat\u00f3 sz\u00e1ll\u00edt\u00e1si lehet\u0151s\u00e9gekkel sz\u00e1m\u00edthat arra, hogy rendel\u00e9s\u00e9t id\u0151ben k\u00e9zbes\u00edtj\u00fck.<\/p>\n<p>Az 5-MeO-MiPT 15 mg-os 15 mg-os pellet v\u00e9ny n\u00e9lk\u00fcli online v\u00e1s\u00e1rl\u00e1sa az rckopen.com webhelyen az \u00d6n sz\u00e1m\u00e1ra okos v\u00e1laszt\u00e1s. Az online v\u00e1s\u00e1rl\u00e1s k\u00e9nyelm\u00e9nek, a term\u00e9kek sz\u00e9les v\u00e1laszt\u00e9k\u00e1nak, a min\u0151s\u00e9gbiztos\u00edt\u00e1snak, a diszkr\u00e9t csomagol\u00e1snak, a megfizethet\u0151 \u00e1raknak \u00e9s a kiv\u00e9teles \u00fcgyf\u00e9lszolg\u00e1latnak k\u00f6sz\u00f6nhet\u0151en az rckopen.com mindent tartalmaz, ami a sikeres v\u00e1s\u00e1rl\u00e1shoz sz\u00fcks\u00e9ges. Ne habozzon \u2013 l\u00e1togasson el m\u00e9g ma az rckopen.com oldalra, v\u00e1s\u00e1roljon leg\u00e1lisan 15 mg-os 5-MeO-MiPT pelletet, \u00e9s fedezze fel az el\u0151ny\u00f6ket!<\/p>","protected":false},"excerpt":{"rendered":"<p><strong>IUPAC-n\u00e9v:<\/strong><\/p>\n<p><strong>CAS # <\/strong>96096-55-8<\/p>\n<p><strong>Megjelen\u00e9s: <\/strong>Z\u00f6ld<\/p>\n<p><strong>Forma: <\/strong>pellet<\/p>\n<p><strong>NMR-elemz\u00e9s: <\/strong>C15H22N2O<\/p>","protected":false},"featured_media":6645,"comment_status":"open","ping_status":"closed","template":"","meta":{"_joinchat":[]},"product_brand":[],"product_cat":[144],"product_tag":[],"class_list":{"0":"post-6625","1":"product","2":"type-product","3":"status-publish","4":"has-post-thumbnail","6":"product_cat-pellets","8":"first","9":"instock","10":"shipping-taxable","11":"purchasable","12":"product-type-variable"},"yoast_head":"<!-- This site is optimized with the Yoast SEO plugin v26.3 - https:\/\/yoast.com\/wordpress\/plugins\/seo\/ -->\n<title>5 Meo Mipt-pellets 15 mg te koop - 5 Meo Mipt-pellets 15 mg kopen<\/title>\n<meta name=\"description\" content=\"5 Meo Mipt Pellets 15mg te koop bij een van de beste online winkels RC Kopen. Wij helpen u bij het online kopen van 5 Meo Mipt-pellets 15 mg van hoge kwaliteit. Wacht niet langer met bestellen en profiteer van de nieuwste kortingen!\" \/>\n<meta name=\"robots\" content=\"index, follow, max-snippet:-1, max-image-preview:large, max-video-preview:-1\" \/>\n<link rel=\"canonical\" href=\"https:\/\/rckopen.com\/hu\/termek\/5-meo-mipt-pellet-15mg\/\" \/>\n<meta property=\"og:locale\" content=\"hu_HU\" \/>\n<meta property=\"og:type\" content=\"article\" \/>\n<meta property=\"og:title\" content=\"5 Meo Mipt-pellets 15 mg te koop - 5 Meo Mipt-pellets 15 mg kopen\" \/>\n<meta property=\"og:description\" content=\"5 Meo Mipt Pellets 15mg te koop bij een van de beste online winkels RC Kopen. Wij helpen u bij het online kopen van 5 Meo Mipt-pellets 15 mg van hoge kwaliteit. Wacht niet langer met bestellen en profiteer van de nieuwste kortingen!\" \/>\n<meta property=\"og:url\" content=\"https:\/\/rckopen.com\/hu\/termek\/5-meo-mipt-pellet-15mg\/\" \/>\n<meta property=\"og:site_name\" content=\"RC Kopen\" \/>\n<meta property=\"article:modified_time\" content=\"2025-09-16T09:06:40+00:00\" \/>\n<meta property=\"og:image\" content=\"https:\/\/rckopen.com\/wp-content\/uploads\/2023\/08\/5-MeO-MiPT-pellets.jpg\" \/>\n\t<meta property=\"og:image:width\" content=\"600\" \/>\n\t<meta property=\"og:image:height\" content=\"600\" \/>\n\t<meta property=\"og:image:type\" content=\"image\/jpeg\" \/>\n<meta name=\"twitter:card\" content=\"summary_large_image\" \/>\n<meta name=\"twitter:label1\" content=\"Becs\u00fclt olvas\u00e1si id\u0151\" \/>\n\t<meta name=\"twitter:data1\" content=\"3 perc\" \/>\n<script type=\"application\/ld+json\" class=\"yoast-schema-graph\">{\"@context\":\"https:\/\/schema.org\",\"@graph\":[{\"@type\":\"WebPage\",\"@id\":\"https:\/\/rckopen.com\/product\/5-meo-mipt-pellets-15mg\/\",\"url\":\"https:\/\/rckopen.com\/product\/5-meo-mipt-pellets-15mg\/\",\"name\":\"5 Meo Mipt-pellets 15 mg te koop - 5 Meo Mipt-pellets 15 mg kopen\",\"isPartOf\":{\"@id\":\"https:\/\/rckopen.com\/#website\"},\"primaryImageOfPage\":{\"@id\":\"https:\/\/rckopen.com\/product\/5-meo-mipt-pellets-15mg\/#primaryimage\"},\"image\":{\"@id\":\"https:\/\/rckopen.com\/product\/5-meo-mipt-pellets-15mg\/#primaryimage\"},\"thumbnailUrl\":\"https:\/\/rckopen.com\/wp-content\/uploads\/2023\/08\/5-MeO-MiPT-pellets.jpg\",\"datePublished\":\"2023-08-17T06:00:16+00:00\",\"dateModified\":\"2025-09-16T09:06:40+00:00\",\"description\":\"5 Meo Mipt Pellets 15mg te koop bij een van de beste online winkels RC Kopen. Wij helpen u bij het online kopen van 5 Meo Mipt-pellets 15 mg van hoge kwaliteit. Wacht niet langer met bestellen en profiteer van de nieuwste kortingen!\",\"breadcrumb\":{\"@id\":\"https:\/\/rckopen.com\/product\/5-meo-mipt-pellets-15mg\/#breadcrumb\"},\"inLanguage\":\"hu\",\"potentialAction\":[{\"@type\":\"ReadAction\",\"target\":[\"https:\/\/rckopen.com\/product\/5-meo-mipt-pellets-15mg\/\"]}]},{\"@type\":\"ImageObject\",\"inLanguage\":\"hu\",\"@id\":\"https:\/\/rckopen.com\/product\/5-meo-mipt-pellets-15mg\/#primaryimage\",\"url\":\"https:\/\/rckopen.com\/wp-content\/uploads\/2023\/08\/5-MeO-MiPT-pellets.jpg\",\"contentUrl\":\"https:\/\/rckopen.com\/wp-content\/uploads\/2023\/08\/5-MeO-MiPT-pellets.jpg\",\"width\":600,\"height\":600,\"caption\":\"5-MeO-MiPT-pellets online kopen\"},{\"@type\":\"BreadcrumbList\",\"@id\":\"https:\/\/rckopen.com\/product\/5-meo-mipt-pellets-15mg\/#breadcrumb\",\"itemListElement\":[{\"@type\":\"ListItem\",\"position\":1,\"name\":\"Home\",\"item\":\"https:\/\/rckopen.com\/\"},{\"@type\":\"ListItem\",\"position\":2,\"name\":\"Shop\",\"item\":\"https:\/\/rckopen.com\/shop\/\"},{\"@type\":\"ListItem\",\"position\":3,\"name\":\"5-MeO-MiPT pellets 15mg online kopen\"}]},{\"@type\":\"WebSite\",\"@id\":\"https:\/\/rckopen.com\/#website\",\"url\":\"https:\/\/rckopen.com\/\",\"name\":\"RC Kopen\",\"description\":\"Research Chemicals\",\"potentialAction\":[{\"@type\":\"SearchAction\",\"target\":{\"@type\":\"EntryPoint\",\"urlTemplate\":\"https:\/\/rckopen.com\/?s={search_term_string}\"},\"query-input\":{\"@type\":\"PropertyValueSpecification\",\"valueRequired\":true,\"valueName\":\"search_term_string\"}}],\"inLanguage\":\"hu\"}]}<\/script>\n<!-- \/ Yoast SEO plugin. -->","yoast_head_json":{"title":"5 Meo Mipt-pellets 15 mg te koop - 5 Meo Mipt-pellets 15 mg kopen","description":"5 Meo Mipt Pellets 15mg te koop bij een van de beste online winkels RC Kopen. Wij helpen u bij het online kopen van 5 Meo Mipt-pellets 15 mg van hoge kwaliteit. Wacht niet langer met bestellen en profiteer van de nieuwste kortingen!","robots":{"index":"index","follow":"follow","max-snippet":"max-snippet:-1","max-image-preview":"max-image-preview:large","max-video-preview":"max-video-preview:-1"},"canonical":"https:\/\/rckopen.com\/hu\/termek\/5-meo-mipt-pellet-15mg\/","og_locale":"hu_HU","og_type":"article","og_title":"5 Meo Mipt-pellets 15 mg te koop - 5 Meo Mipt-pellets 15 mg kopen","og_description":"5 Meo Mipt Pellets 15mg te koop bij een van de beste online winkels RC Kopen. Wij helpen u bij het online kopen van 5 Meo Mipt-pellets 15 mg van hoge kwaliteit. Wacht niet langer met bestellen en profiteer van de nieuwste kortingen!","og_url":"https:\/\/rckopen.com\/hu\/termek\/5-meo-mipt-pellet-15mg\/","og_site_name":"RC Kopen","article_modified_time":"2025-09-16T09:06:40+00:00","og_image":[{"width":600,"height":600,"url":"https:\/\/rckopen.com\/wp-content\/uploads\/2023\/08\/5-MeO-MiPT-pellets.jpg","type":"image\/jpeg"}],"twitter_card":"summary_large_image","twitter_misc":{"Becs\u00fclt olvas\u00e1si id\u0151":"3 perc"},"schema":{"@context":"https:\/\/schema.org","@graph":[{"@type":"WebPage","@id":"https:\/\/rckopen.com\/product\/5-meo-mipt-pellets-15mg\/","url":"https:\/\/rckopen.com\/product\/5-meo-mipt-pellets-15mg\/","name":"5 Meo Mipt-pellets 15 mg te koop - 5 Meo Mipt-pellets 15 mg kopen","isPartOf":{"@id":"https:\/\/rckopen.com\/#website"},"primaryImageOfPage":{"@id":"https:\/\/rckopen.com\/product\/5-meo-mipt-pellets-15mg\/#primaryimage"},"image":{"@id":"https:\/\/rckopen.com\/product\/5-meo-mipt-pellets-15mg\/#primaryimage"},"thumbnailUrl":"https:\/\/rckopen.com\/wp-content\/uploads\/2023\/08\/5-MeO-MiPT-pellets.jpg","datePublished":"2023-08-17T06:00:16+00:00","dateModified":"2025-09-16T09:06:40+00:00","description":"5 Meo Mipt Pellets 15mg te koop bij een van de beste online winkels RC Kopen. Wij helpen u bij het online kopen van 5 Meo Mipt-pellets 15 mg van hoge kwaliteit. Wacht niet langer met bestellen en profiteer van de nieuwste kortingen!","breadcrumb":{"@id":"https:\/\/rckopen.com\/product\/5-meo-mipt-pellets-15mg\/#breadcrumb"},"inLanguage":"hu","potentialAction":[{"@type":"ReadAction","target":["https:\/\/rckopen.com\/product\/5-meo-mipt-pellets-15mg\/"]}]},{"@type":"ImageObject","inLanguage":"hu","@id":"https:\/\/rckopen.com\/product\/5-meo-mipt-pellets-15mg\/#primaryimage","url":"https:\/\/rckopen.com\/wp-content\/uploads\/2023\/08\/5-MeO-MiPT-pellets.jpg","contentUrl":"https:\/\/rckopen.com\/wp-content\/uploads\/2023\/08\/5-MeO-MiPT-pellets.jpg","width":600,"height":600,"caption":"5-MeO-MiPT-pellets online kopen"},{"@type":"BreadcrumbList","@id":"https:\/\/rckopen.com\/product\/5-meo-mipt-pellets-15mg\/#breadcrumb","itemListElement":[{"@type":"ListItem","position":1,"name":"Home","item":"https:\/\/rckopen.com\/"},{"@type":"ListItem","position":2,"name":"Shop","item":"https:\/\/rckopen.com\/shop\/"},{"@type":"ListItem","position":3,"name":"5-MeO-MiPT pellets 15mg online kopen"}]},{"@type":"WebSite","@id":"https:\/\/rckopen.com\/#website","url":"https:\/\/rckopen.com\/","name":"RC Kopen","description":"Research Chemicals","potentialAction":[{"@type":"SearchAction","target":{"@type":"EntryPoint","urlTemplate":"https:\/\/rckopen.com\/?s={search_term_string}"},"query-input":{"@type":"PropertyValueSpecification","valueRequired":true,"valueName":"search_term_string"}}],"inLanguage":"hu"}]}},"_links":{"self":[{"href":"https:\/\/rckopen.com\/hu\/wp-json\/wp\/v2\/product\/6625","targetHints":{"allow":["GET"]}}],"collection":[{"href":"https:\/\/rckopen.com\/hu\/wp-json\/wp\/v2\/product"}],"about":[{"href":"https:\/\/rckopen.com\/hu\/wp-json\/wp\/v2\/types\/product"}],"replies":[{"embeddable":true,"href":"https:\/\/rckopen.com\/hu\/wp-json\/wp\/v2\/comments?post=6625"}],"wp:featuredmedia":[{"embeddable":true,"href":"https:\/\/rckopen.com\/hu\/wp-json\/wp\/v2\/media\/6645"}],"wp:attachment":[{"href":"https:\/\/rckopen.com\/hu\/wp-json\/wp\/v2\/media?parent=6625"}],"wp:term":[{"taxonomy":"product_brand","embeddable":true,"href":"https:\/\/rckopen.com\/hu\/wp-json\/wp\/v2\/product_brand?post=6625"},{"taxonomy":"product_cat","embeddable":true,"href":"https:\/\/rckopen.com\/hu\/wp-json\/wp\/v2\/product_cat?post=6625"},{"taxonomy":"product_tag","embeddable":true,"href":"https:\/\/rckopen.com\/hu\/wp-json\/wp\/v2\/product_tag?post=6625"}],"curies":[{"name":"wp","href":"https:\/\/api.w.org\/{rel}","templated":true}]}}