{"id":6648,"date":"2023-08-17T06:29:16","date_gmt":"2023-08-17T06:29:16","guid":{"rendered":"https:\/\/diligentplug.com\/chems\/?post_type=product&#038;p=6648"},"modified":"2026-03-09T08:04:12","modified_gmt":"2026-03-09T08:04:12","slug":"2-3-fea-pellets-50mg-125mg","status":"publish","type":"product","link":"https:\/\/rckopen.com\/hu\/termek\/2-3-fea-pellet-50mg-125mg\/","title":{"rendered":"V\u00e1s\u00e1roljon 2\/3-FEA 50 mg\/125 mg pelletet online"},"content":{"rendered":"<h2><b>Koop 2\/3-FEA Pellets 50mg\/125mg Online \u2013 Premium Kwaliteit, Betrouwbare Bron<\/b><\/h2>\n<h3><b>Bevezet\u00e9s a 2\/3-FEA pelletekbe<\/b><\/h3>\n<p><b>Mik azok a 2\/3-FEA pelletek?<\/b><b><br \/>\n<\/b><span style=\"font-weight: 400;\"><a href=\"https:\/\/en.wikipedia.org\/wiki\/3-Fluoroethamphetamine\"> 2\/3-FEA pellets<\/a> Ezek gondosan \u00f6ssze\u00e1ll\u00edtott k\u00e9miai pelletek, amelyek biztos\u00edtj\u00e1k a hat\u00f3anyag szab\u00e1lyozott \u00e9s egyenletes felszabadul\u00e1s\u00e1t. K\u00e9t n\u00e9pszer\u0171 d\u00f3zisban \u2013 50 mg \u00e9s 125 mg \u2013 kaphat\u00f3k, \u00edgy ezek a pelletek rugalmass\u00e1got biztos\u00edtanak a k\u00fcl\u00f6nf\u00e9le alkalmaz\u00e1sokhoz.<\/span><\/p>\n<p><b>Az 50 mg-os \u00e9s 125 mg-os adagol\u00e1s magyar\u00e1zata<\/b><b><br \/>\n<\/b><span style=\"font-weight: 400;\"> Az 50 mg-os pelletek ide\u00e1lisak alacsonyabb d\u00f3zist vagy fokozatos felszabadul\u00e1st ig\u00e9nyl\u0151 alkalmaz\u00e1sokhoz, m\u00edg a 125 mg-os pelletek er\u0151sebb hat\u00e1st vagy nagyobb koncentr\u00e1ci\u00f3t ig\u00e9nyl\u0151 helyzetekhez alkalmasak. Mindk\u00e9t adagol\u00e1s garant\u00e1lja a pontoss\u00e1got \u00e9s a k\u00f6nny\u0171 haszn\u00e1latot.<\/span><\/p>\n<p><b>Gyakori alkalmaz\u00e1sok<\/b><b><br \/>\n<\/b><span style=\"font-weight: 400;\"> A 2\/3-FEA pelleteket sz\u00e9les k\u00f6rben haszn\u00e1lj\u00e1k a tudom\u00e1nyos kutat\u00e1sban stabilit\u00e1suk \u00e9s a k\u00fcl\u00f6nf\u00e9le k\u00eds\u00e9rleti \u00e9s analitikai k\u00f6rnyezetben val\u00f3 k\u00f6nny\u0171 kezelhet\u0151s\u00e9g\u00fck miatt.<\/span><\/p>\n<h3><b>A 2\/3-FEA pelletek el\u0151nyei<\/b><\/h3>\n<p><b>Stabiliteit en gecontroleerde afgifte<\/b><b><br \/>\n<\/b><span style=\"font-weight: 400;\"> A pellet forma jobb stabilit\u00e1st biztos\u00edt a porokhoz vagy folyad\u00e9kokhoz k\u00e9pest, cs\u00f6kkenti a leboml\u00e1st \u00e9s szab\u00e1lyozott hat\u00f3anyag-felszabadul\u00e1st biztos\u00edt.<\/span><\/p>\n<p><b>Megfelel\u0151 alkalmaz\u00e1sok adagol\u00e1sonk\u00e9nt<\/b><b><br \/>\n<\/b><span style=\"font-weight: 400;\"> V\u00e1lasszon 50 mg-os pelleteket, ha a pontoss\u00e1g \u00e9s az alacsonyabb expoz\u00edci\u00f3 fontos; a 125 mg-os pelletek nagyobb hat\u00e9konys\u00e1g\u00fa vagy hosszan tart\u00f3 hat\u00e1sok el\u00e9r\u00e9s\u00e9hez alkalmasak.<\/span><\/p>\n<p><b>Mi\u00e9rt jobbak a pelletek, mint a porok vagy a folyad\u00e9kok<\/b><b><br \/>\n<\/b><span style=\"font-weight: 400;\"> Pellets verminderen het risico op meetfouten, morsen en verbeteren de nauwkeurigheid, waardoor ze veiliger en handiger zijn in gebruik.<\/span><\/p>\n<h3><b>Wettelijke Status en Naleving<\/b><\/h3>\n<p><b>Overzicht van wettelijke overwegingen wereldwijd<\/b><b><br \/>\n<\/b><span style=\"font-weight: 400;\"> De wettelijke status van 2\/3-FEA verschilt per land en regio. Het is essentieel om op de hoogte te zijn van en te voldoen aan de lokale wetgeving bij het kopen en gebruiken van deze pellets.<\/span><\/p>\n<h3><b>Betaling en Veiligheid<\/b><\/h3>\n<p><b>Geaccepteerde betaalmethoden<\/b><b><br \/>\n<\/b><span style=\"font-weight: 400;\"> Veelgebruikte opties zijn onder andere cryptovaluta (Bitcoin, Ethereum), creditcards en bankoverschrijvingen voor gebruiksgemak en veiligheid.<\/span><\/p>\n<p><b>Tippek a biztons\u00e1gos \u00e9s priv\u00e1t tranzakci\u00f3khoz<\/b><b><br \/>\n<\/b><span style=\"font-weight: 400;\"> Mindig titkos\u00edtott fizet\u00e9si platformokat haszn\u00e1ljon, ker\u00fclje a nyilv\u00e1nos Wi-Fi-t fizet\u00e9skor, \u00e9s v\u00e1s\u00e1rl\u00e1s el\u0151tt ellen\u0151rizze az elad\u00f3 hiteless\u00e9g\u00e9t.<\/span><\/p>\n<h3><b>Sz\u00e1ll\u00edt\u00e1s \u00e9s k\u00e9zbes\u00edt\u00e9s<\/b><\/h3>\n<p><b>V\u00e1rhat\u00f3 sz\u00e1ll\u00edt\u00e1si id\u0151k \u00e9s sz\u00e1ll\u00edt\u00e1si m\u00f3dok<\/b><b><br \/>\n<\/b><span style=\"font-weight: 400;\"> A sz\u00e1ll\u00edt\u00e1si id\u0151 \u00e1ltal\u00e1ban n\u00e9h\u00e1ny napt\u00f3l k\u00e9t h\u00e9tig terjed, a helysz\u00ednt\u0151l \u00e9s a sz\u00e1ll\u00edt\u00e1si m\u00f3dt\u00f3l f\u00fcgg\u0151en. A megb\u00edzhat\u00f3 elad\u00f3k diszkr\u00e9ten csomagolt sz\u00e1ll\u00edtm\u00e1nyokat \u00e9s k\u00f6vet\u00e9si lehet\u0151s\u00e9geket k\u00edn\u00e1lnak.<\/span><\/p>\n<p><b>V\u00e1m- \u00e9s importszab\u00e1lyoz\u00e1sok<\/b><b><br \/>\n<\/b><span style=\"font-weight: 400;\"> Informeer naar de invoerregels in jouw land om vertraging of inbeslagname te voorkomen. Kies leveranciers met ervaring in internationale verzending voor een soepele levering.<\/span><\/p>\n<h3><b>Biztons\u00e1gi \u00e9s haszn\u00e1lati \u00fatmutat\u00f3<\/b><\/h3>\n<p><b>Aj\u00e1nlott adagol\u00e1s k\u00fcl\u00f6nb\u00f6z\u0151 alkalmaz\u00e1sokhoz<\/b><b><br \/>\n<\/b><span style=\"font-weight: 400;\"> Gondosan k\u00f6vesse az aj\u00e1nlott adagol\u00e1st. K\u00f6nnyebb alkalmaz\u00e1sokhoz 50 mg-os, intenz\u00edvebb kutat\u00e1si ig\u00e9nyekhez pedig 125 mg-os pelleteket haszn\u00e1ljon.<\/span><\/p>\n<p><b>Lehets\u00e9ges mell\u00e9khat\u00e1sok \u00e9s \u00f3vint\u00e9zked\u00e9sek<\/b><b><br \/>\n<\/b><span style=\"font-weight: 400;\"> Biztons\u00e1gi inform\u00e1ci\u00f3k\u00e9rt forduljon tudom\u00e1nyos forr\u00e1sokhoz. Haszn\u00e1lja megfelel\u0151 \u00f3vint\u00e9zked\u00e9sekkel, \u00e9s sz\u00fcks\u00e9g szerint viseljen v\u00e9d\u0151felszerel\u00e9st.<\/span><\/p>\n<h3><b>K\u00f6vetkeztet\u00e9s<\/b><\/h3>\n<p><span style=\"font-weight: 400;\">Ha biztons\u00e1gos \u00e9s megb\u00edzhat\u00f3 helyet keresel <\/span><a href=\"https:\/\/rckopen.com\/hu\/termek\/2-3-fea-pellet-50mg-125mg\/\"><b>V\u00e1s\u00e1roljon 2\/3-FEA pelleteket 50mg\/125mg online<\/b><\/a><span style=\"font-weight: 400;\">, j\u00f3 helyen j\u00e1r. Garant\u00e1lt min\u0151s\u00e9get, biztons\u00e1gos fizet\u00e9si lehet\u0151s\u00e9geket \u00e9s megb\u00edzhat\u00f3 sz\u00e1ll\u00edt\u00e1st k\u00edn\u00e1lunk. Ak\u00e1r keres, <\/span><a href=\"https:\/\/rckopen.com\/hu\/\"><b>olcs\u00f3 2\/3-FEA pellet \u00e1r<\/b><\/a><span style=\"font-weight: 400;\"> vagy pr\u00e9mium term\u00e9kekkel, garant\u00e1ljuk az \u00d6n el\u00e9gedetts\u00e9g\u00e9t. Rendeljen m\u00e9g ma, \u00e9s tapasztalja meg a pontos adagol\u00e1st \u00e9s az optim\u00e1lis min\u0151s\u00e9get.<\/span><\/p>","protected":false},"excerpt":{"rendered":"<p><strong><span style=\"vertical-align: inherit;\"><span style=\"vertical-align: inherit;\">IUPAC n\u00e9v:<\/span><\/span><\/strong><span style=\"vertical-align: inherit;\"><span style=\"vertical-align: inherit;\"> null<\/span><\/span><\/p>\n<p><strong><span style=\"vertical-align: inherit;\"><span style=\"vertical-align: inherit;\">CAS #<\/span><\/span><\/strong><span style=\"vertical-align: inherit;\"><span style=\"vertical-align: inherit;\"> 3871-89-4 \/ 54982-43-3<\/span><\/span><\/p>\n<p><strong><span style=\"vertical-align: inherit;\"><span style=\"vertical-align: inherit;\">M\u00e1sik n\u00e9v:<\/span><\/span><\/strong><span style=\"vertical-align: inherit;\"><span style=\"vertical-align: inherit;\"> 2-Fluoroethyl Amphetamine \/ 3-Fluoroethylamphetamine<\/span><\/span><\/p>\n<p><strong><span style=\"vertical-align: inherit;\"><span style=\"vertical-align: inherit;\">Megjelen\u00e9s:<\/span><\/span><\/strong><span style=\"vertical-align: inherit;\"><span style=\"vertical-align: inherit;\"> Pellet<\/span><\/span><\/p>\n<p><strong><span style=\"vertical-align: inherit;\"><span style=\"vertical-align: inherit;\">Forma:<\/span><\/span><\/strong><span style=\"vertical-align: inherit;\"><span style=\"vertical-align: inherit;\"> pellet<\/span><\/span><\/p>\n<p><strong><span style=\"vertical-align: inherit;\"><span style=\"vertical-align: inherit;\">NMR-elemz\u00e9s:<\/span><\/span><\/strong><span style=\"vertical-align: inherit;\"><span style=\"vertical-align: inherit;\"> N\/A<\/span><\/span><\/p>","protected":false},"featured_media":6673,"comment_status":"open","ping_status":"closed","template":"","meta":{"_joinchat":[]},"product_brand":[],"product_cat":[144],"product_tag":[],"class_list":{"0":"post-6648","1":"product","2":"type-product","3":"status-publish","4":"has-post-thumbnail","6":"product_cat-pellets","8":"first","9":"instock","10":"shipping-taxable","11":"purchasable","12":"product-type-variable"},"yoast_head":"<!-- This site is optimized with the Yoast SEO plugin v26.3 - https:\/\/yoast.com\/wordpress\/plugins\/seo\/ -->\n<title>2-3Fea-Pellets 50MG-125MG online kopen | Rc Kopen<\/title>\n<meta name=\"description\" content=\"Als je gepassioneerd bent door 2-3 fea-pellets 50 mg-125 mg, bezoek dan nu onze winkel en 2-3 fea-pellets 50 mg-125 mg online kopen. U kunt 2-3 fea-pellets van 50 mg-125 mg te koop hebben tegen de laagste prijs. Bestel nu en ontvang hem binnenkort!\" \/>\n<meta name=\"robots\" content=\"index, follow, max-snippet:-1, max-image-preview:large, max-video-preview:-1\" \/>\n<link rel=\"canonical\" href=\"https:\/\/rckopen.com\/hu\/termek\/2-3-fea-pellet-50mg-125mg\/\" \/>\n<meta property=\"og:locale\" content=\"hu_HU\" \/>\n<meta property=\"og:type\" content=\"article\" \/>\n<meta property=\"og:title\" content=\"2-3Fea-Pellets 50MG-125MG online kopen | Rc Kopen\" \/>\n<meta property=\"og:description\" content=\"Als je gepassioneerd bent door 2-3 fea-pellets 50 mg-125 mg, bezoek dan nu onze winkel en 2-3 fea-pellets 50 mg-125 mg online kopen. U kunt 2-3 fea-pellets van 50 mg-125 mg te koop hebben tegen de laagste prijs. Bestel nu en ontvang hem binnenkort!\" \/>\n<meta property=\"og:url\" content=\"https:\/\/rckopen.com\/hu\/termek\/2-3-fea-pellet-50mg-125mg\/\" \/>\n<meta property=\"og:site_name\" content=\"RC Kopen\" \/>\n<meta property=\"article:modified_time\" content=\"2026-03-09T08:04:12+00:00\" \/>\n<meta property=\"og:image\" content=\"https:\/\/rckopen.com\/wp-content\/uploads\/2023\/08\/2-3-FEA-pellets-50mg-125mg.jpg\" \/>\n\t<meta property=\"og:image:width\" content=\"600\" \/>\n\t<meta property=\"og:image:height\" content=\"600\" \/>\n\t<meta property=\"og:image:type\" content=\"image\/jpeg\" \/>\n<meta name=\"twitter:card\" content=\"summary_large_image\" \/>\n<meta name=\"twitter:label1\" content=\"Becs\u00fclt olvas\u00e1si id\u0151\" \/>\n\t<meta name=\"twitter:data1\" content=\"3 perc\" \/>\n<script type=\"application\/ld+json\" class=\"yoast-schema-graph\">{\"@context\":\"https:\/\/schema.org\",\"@graph\":[{\"@type\":\"WebPage\",\"@id\":\"https:\/\/rckopen.com\/product\/2-3-fea-pellets-50mg-125mg\/\",\"url\":\"https:\/\/rckopen.com\/product\/2-3-fea-pellets-50mg-125mg\/\",\"name\":\"2-3Fea-Pellets 50MG-125MG online kopen | Rc Kopen\",\"isPartOf\":{\"@id\":\"https:\/\/rckopen.com\/#website\"},\"primaryImageOfPage\":{\"@id\":\"https:\/\/rckopen.com\/product\/2-3-fea-pellets-50mg-125mg\/#primaryimage\"},\"image\":{\"@id\":\"https:\/\/rckopen.com\/product\/2-3-fea-pellets-50mg-125mg\/#primaryimage\"},\"thumbnailUrl\":\"https:\/\/rckopen.com\/wp-content\/uploads\/2023\/08\/2-3-FEA-pellets-50mg-125mg.jpg\",\"datePublished\":\"2023-08-17T06:29:16+00:00\",\"dateModified\":\"2026-03-09T08:04:12+00:00\",\"description\":\"Als je gepassioneerd bent door 2-3 fea-pellets 50 mg-125 mg, bezoek dan nu onze winkel en 2-3 fea-pellets 50 mg-125 mg online kopen. U kunt 2-3 fea-pellets van 50 mg-125 mg te koop hebben tegen de laagste prijs. Bestel nu en ontvang hem binnenkort!\",\"breadcrumb\":{\"@id\":\"https:\/\/rckopen.com\/product\/2-3-fea-pellets-50mg-125mg\/#breadcrumb\"},\"inLanguage\":\"hu\",\"potentialAction\":[{\"@type\":\"ReadAction\",\"target\":[\"https:\/\/rckopen.com\/product\/2-3-fea-pellets-50mg-125mg\/\"]}]},{\"@type\":\"ImageObject\",\"inLanguage\":\"hu\",\"@id\":\"https:\/\/rckopen.com\/product\/2-3-fea-pellets-50mg-125mg\/#primaryimage\",\"url\":\"https:\/\/rckopen.com\/wp-content\/uploads\/2023\/08\/2-3-FEA-pellets-50mg-125mg.jpg\",\"contentUrl\":\"https:\/\/rckopen.com\/wp-content\/uploads\/2023\/08\/2-3-FEA-pellets-50mg-125mg.jpg\",\"width\":600,\"height\":600,\"caption\":\"2-3-FEA-pellets-50mg-125mg\"},{\"@type\":\"BreadcrumbList\",\"@id\":\"https:\/\/rckopen.com\/product\/2-3-fea-pellets-50mg-125mg\/#breadcrumb\",\"itemListElement\":[{\"@type\":\"ListItem\",\"position\":1,\"name\":\"Home\",\"item\":\"https:\/\/rckopen.com\/\"},{\"@type\":\"ListItem\",\"position\":2,\"name\":\"Shop\",\"item\":\"https:\/\/rckopen.com\/shop\/\"},{\"@type\":\"ListItem\",\"position\":3,\"name\":\"2\/3-FEA pellets 50mg\/125mg Online Kopen\"}]},{\"@type\":\"WebSite\",\"@id\":\"https:\/\/rckopen.com\/#website\",\"url\":\"https:\/\/rckopen.com\/\",\"name\":\"RC Kopen\",\"description\":\"Research Chemicals\",\"potentialAction\":[{\"@type\":\"SearchAction\",\"target\":{\"@type\":\"EntryPoint\",\"urlTemplate\":\"https:\/\/rckopen.com\/?s={search_term_string}\"},\"query-input\":{\"@type\":\"PropertyValueSpecification\",\"valueRequired\":true,\"valueName\":\"search_term_string\"}}],\"inLanguage\":\"hu\"}]}<\/script>\n<!-- \/ Yoast SEO plugin. -->","yoast_head_json":{"title":"2-3Fea-Pellets 50MG-125MG online kopen | Rc Kopen","description":"Als je gepassioneerd bent door 2-3 fea-pellets 50 mg-125 mg, bezoek dan nu onze winkel en 2-3 fea-pellets 50 mg-125 mg online kopen. U kunt 2-3 fea-pellets van 50 mg-125 mg te koop hebben tegen de laagste prijs. Bestel nu en ontvang hem binnenkort!","robots":{"index":"index","follow":"follow","max-snippet":"max-snippet:-1","max-image-preview":"max-image-preview:large","max-video-preview":"max-video-preview:-1"},"canonical":"https:\/\/rckopen.com\/hu\/termek\/2-3-fea-pellet-50mg-125mg\/","og_locale":"hu_HU","og_type":"article","og_title":"2-3Fea-Pellets 50MG-125MG online kopen | Rc Kopen","og_description":"Als je gepassioneerd bent door 2-3 fea-pellets 50 mg-125 mg, bezoek dan nu onze winkel en 2-3 fea-pellets 50 mg-125 mg online kopen. U kunt 2-3 fea-pellets van 50 mg-125 mg te koop hebben tegen de laagste prijs. Bestel nu en ontvang hem binnenkort!","og_url":"https:\/\/rckopen.com\/hu\/termek\/2-3-fea-pellet-50mg-125mg\/","og_site_name":"RC Kopen","article_modified_time":"2026-03-09T08:04:12+00:00","og_image":[{"width":600,"height":600,"url":"https:\/\/rckopen.com\/wp-content\/uploads\/2023\/08\/2-3-FEA-pellets-50mg-125mg.jpg","type":"image\/jpeg"}],"twitter_card":"summary_large_image","twitter_misc":{"Becs\u00fclt olvas\u00e1si id\u0151":"3 perc"},"schema":{"@context":"https:\/\/schema.org","@graph":[{"@type":"WebPage","@id":"https:\/\/rckopen.com\/product\/2-3-fea-pellets-50mg-125mg\/","url":"https:\/\/rckopen.com\/product\/2-3-fea-pellets-50mg-125mg\/","name":"2-3Fea-Pellets 50MG-125MG online kopen | Rc Kopen","isPartOf":{"@id":"https:\/\/rckopen.com\/#website"},"primaryImageOfPage":{"@id":"https:\/\/rckopen.com\/product\/2-3-fea-pellets-50mg-125mg\/#primaryimage"},"image":{"@id":"https:\/\/rckopen.com\/product\/2-3-fea-pellets-50mg-125mg\/#primaryimage"},"thumbnailUrl":"https:\/\/rckopen.com\/wp-content\/uploads\/2023\/08\/2-3-FEA-pellets-50mg-125mg.jpg","datePublished":"2023-08-17T06:29:16+00:00","dateModified":"2026-03-09T08:04:12+00:00","description":"Als je gepassioneerd bent door 2-3 fea-pellets 50 mg-125 mg, bezoek dan nu onze winkel en 2-3 fea-pellets 50 mg-125 mg online kopen. U kunt 2-3 fea-pellets van 50 mg-125 mg te koop hebben tegen de laagste prijs. Bestel nu en ontvang hem binnenkort!","breadcrumb":{"@id":"https:\/\/rckopen.com\/product\/2-3-fea-pellets-50mg-125mg\/#breadcrumb"},"inLanguage":"hu","potentialAction":[{"@type":"ReadAction","target":["https:\/\/rckopen.com\/product\/2-3-fea-pellets-50mg-125mg\/"]}]},{"@type":"ImageObject","inLanguage":"hu","@id":"https:\/\/rckopen.com\/product\/2-3-fea-pellets-50mg-125mg\/#primaryimage","url":"https:\/\/rckopen.com\/wp-content\/uploads\/2023\/08\/2-3-FEA-pellets-50mg-125mg.jpg","contentUrl":"https:\/\/rckopen.com\/wp-content\/uploads\/2023\/08\/2-3-FEA-pellets-50mg-125mg.jpg","width":600,"height":600,"caption":"2-3-FEA-pellets-50mg-125mg"},{"@type":"BreadcrumbList","@id":"https:\/\/rckopen.com\/product\/2-3-fea-pellets-50mg-125mg\/#breadcrumb","itemListElement":[{"@type":"ListItem","position":1,"name":"Home","item":"https:\/\/rckopen.com\/"},{"@type":"ListItem","position":2,"name":"Shop","item":"https:\/\/rckopen.com\/shop\/"},{"@type":"ListItem","position":3,"name":"2\/3-FEA pellets 50mg\/125mg Online Kopen"}]},{"@type":"WebSite","@id":"https:\/\/rckopen.com\/#website","url":"https:\/\/rckopen.com\/","name":"RC Kopen","description":"Research Chemicals","potentialAction":[{"@type":"SearchAction","target":{"@type":"EntryPoint","urlTemplate":"https:\/\/rckopen.com\/?s={search_term_string}"},"query-input":{"@type":"PropertyValueSpecification","valueRequired":true,"valueName":"search_term_string"}}],"inLanguage":"hu"}]}},"_links":{"self":[{"href":"https:\/\/rckopen.com\/hu\/wp-json\/wp\/v2\/product\/6648","targetHints":{"allow":["GET"]}}],"collection":[{"href":"https:\/\/rckopen.com\/hu\/wp-json\/wp\/v2\/product"}],"about":[{"href":"https:\/\/rckopen.com\/hu\/wp-json\/wp\/v2\/types\/product"}],"replies":[{"embeddable":true,"href":"https:\/\/rckopen.com\/hu\/wp-json\/wp\/v2\/comments?post=6648"}],"wp:featuredmedia":[{"embeddable":true,"href":"https:\/\/rckopen.com\/hu\/wp-json\/wp\/v2\/media\/6673"}],"wp:attachment":[{"href":"https:\/\/rckopen.com\/hu\/wp-json\/wp\/v2\/media?parent=6648"}],"wp:term":[{"taxonomy":"product_brand","embeddable":true,"href":"https:\/\/rckopen.com\/hu\/wp-json\/wp\/v2\/product_brand?post=6648"},{"taxonomy":"product_cat","embeddable":true,"href":"https:\/\/rckopen.com\/hu\/wp-json\/wp\/v2\/product_cat?post=6648"},{"taxonomy":"product_tag","embeddable":true,"href":"https:\/\/rckopen.com\/hu\/wp-json\/wp\/v2\/product_tag?post=6648"}],"curies":[{"name":"wp","href":"https:\/\/api.w.org\/{rel}","templated":true}]}}