{"id":6652,"date":"2023-08-17T06:37:39","date_gmt":"2023-08-17T06:37:39","guid":{"rendered":"https:\/\/diligentplug.com\/chems\/?post_type=product&#038;p=6652"},"modified":"2025-02-03T05:42:48","modified_gmt":"2025-02-03T05:42:48","slug":"bk-2c-b-hcl","status":"publish","type":"product","link":"https:\/\/rckopen.com\/hu\/termek\/bk-2c-b-hcl\/","title":{"rendered":"V\u00e1s\u00e1roljon bk-2C-B HCL-t online"},"content":{"rendered":"<h2>V\u00e1s\u00e1roljon bk-2C-B HCL-t online<\/h2>\n<p><a href=\"https:\/\/rckopen.com\/hu\/termek\/bk-2c-b-hcl\/\">v\u00e1s\u00e1roljon BK 2C-B-HCL-t online<\/a>, A \u03b2k-2C-B (Bk-2C-B; 2-amino-1-(4-br\u00f3m-2,5-dimetoxifenil)etan1-on) egy \u00faj pszichedelikus vegy\u00fclet. Ez a 2C-B, a 2C csal\u00e1d pszichedelikus gy\u00f3gyszer\u00e9nek szerkezeti b\u00e9ta (\u03b2) keton anal\u00f3gja. Rekre\u00e1ci\u00f3s drogk\u00e9nt haszn\u00e1lj\u00e1k, \u00e1ltal\u00e1ban sz\u00e1jon \u00e1t. A \u03b2k-2C-B Kanad\u00e1ban, N\u00e9metorsz\u00e1gban, Sv\u00e1jcban \u00e9s az Egyes\u00fclt Kir\u00e1lys\u00e1gban szab\u00e1lyozott anyag.<\/p>\n<h2><strong>\u00c1ltal\u00e1nos inform\u00e1ci\u00f3k a bk-2C-B HCL-r\u0151l<\/strong><\/h2>\n<p><a href=\"https:\/\/en.wikipedia.org\/wiki\/%CE%92k-2C-B\">bk-2C-B HCL<\/a> egy tervez\u0151-kutat\u00e1si vegyi anyag, pontosabban a 2C-B (2,5-dimetoxi-4-br\u00f3m-fenetilamin) katinon-egyszer\u0171 anyaga, amelyet Alexander Shulgin el\u0151sz\u00f6r jegyzett fel. Nem ismert, hogy ki szintetiz\u00e1lta el\u0151sz\u00f6r a bk-2C-B-t, de kor\u00e1bban 2013 k\u00f6zep\u00e9n el\u00e9rhet\u0151 volt vegyszerk\u00e9nt a sport felfedez\u00e9s\u00e9hez.<a href=\"https:\/\/rckopen.com\/hu\/termek\/25e-nboh\/\">.<\/a><\/p>\n<p>Az \u00e9vek sor\u00e1n megjelent n\u00e9h\u00e1ny cikk, amely az anyag analitikai jellemz\u00e9s\u00e9t t\u00e1rta fel. Weboldalakon k\u00edn\u00e1lj\u00e1k, \u00e9s hallucinog\u00e9n szintetikus anyagnak nevezik.<a href=\"https:\/\/en.wikipedia.org\/wiki\/%CE%92k-2C-B\">.<\/a><\/p>\n<p>2016. okt\u00f3ber 12. \u00f3ta a bk-2C-B Kanad\u00e1ban szab\u00e1lyozott anyagg\u00e1 v\u00e1lt (III. menetrend). N\u00e9metorsz\u00e1gban, Sv\u00e1jcban \u00e9s az Egyes\u00fclt Kir\u00e1lys\u00e1gban is illeg\u00e1lis.<\/p>\n<h3>A bk-2C-B HCL k\u00e9miai \u00f6sszet\u00e9tele<\/h3>\n<p>Hagyom\u00e1nyos neve 2-amino-1-(4-brom-2,5-dimetoxifenil)-etanon, monohidroklorid, szubatomos egyenlete pedig C10H12BrNO3 - HCl.<\/p>\n<p>A Bk-2C-B egy szubsztitu\u00e1lt fenetilamin. Az R2 \u00e9s az R5 metoxiszubsztituenseket \u00e9s az R4 br\u00f3mot tartalmaz. Az alfa (\u03b1) sz\u00e9nhez kapcsol\u00f3d\u00f3 hasznos amincsoport b\u00e9ta (\u03b2) helyzet\u00e9ben egy ketoncsoport \u00e1ll rendelkez\u00e9sre, ami a n\u00e9vb\u0151l arra k\u00f6vetkeztethet\u00fcnk, hogy a 2C-B els\u0151dleges form\u00e1j\u00e1r\u00f3l van sz\u00f3. A hasznos ketongy\u0171jtem\u00e9nye miatt gyakran nevezik szubsztitu\u00e1lt katinonnak.<\/p>\n<h3>Farmakol\u00f3gia bk-2C-B HCL<\/h3>\n<p>A Bk-2C-B val\u00f3sz\u00edn\u0171leg 5-HT2A f\u00e9l\u00fatvonal-agonistak\u00e9nt hat. Felt\u00e9telezhet\u0151, hogy pszichedelikus hat\u00e1sa az 5-HT2A receptorokon val\u00f3 \u00e9letk\u00e9pess\u00e9g\u00e9b\u0151l ered. Azonban e vegy\u00fcletek feladata \u00e9s a pszichedelikus \u00e9lm\u00e9ny kiv\u00e1lt\u00e1s\u00e1nak m\u00f3dja tov\u00e1bbra is megfoghatatlan.<\/p>\n<p>A Bk-2C-B vagy b\u00e9ta-keto 2C-B egy olyan feniletil-amin, amely egy etil-l\u00e1ncon kereszt\u00fcl egy aminocsoporthoz (NH2) k\u00f6t\u00f6tt fenilgy\u0171r\u0171t hangs\u00falyoz. A Bk-2C-B a szerkezet b\u00e9ta-sz\u00e9natomj\u00e1hoz (R1) egy ketonk\u00f6teggel szubsztrib\u00faci\u00f3zott 2C-B kialak\u00edt\u00e1s\u00e1t tartalmazza. Ezenk\u00edv\u00fcl a bk-2C-B tartalmaz az R2 \u00e9s R5 sz\u00e9natomokhoz k\u00f6t\u00f6tt CH3O metoxi-utilitikus k\u00f6t\u00e9seket \u00e9s a fenilgy\u0171r\u0171 R4 sz\u00e9natomj\u00e1hoz k\u00f6t\u00f6tt br\u00f3m molekul\u00e1t.<\/p>\n<p>A Bk-2C-B a fenetilaminok 2C csoportj\u00e1ba tartozik, amelyek a benzolgy\u0171r\u0171 2-5 poz\u00edci\u00f3j\u00e1ban metoxir\u00e9szeket tartalmaznak.<\/p>\n<h3>Kiv\u00e1l\u00f3 min\u0151s\u00e9g\u0171 bk-2C-B HCL<\/h3>\n<p><a href=\"https:\/\/rckopen.com\/hu\/\">rckopen.com<\/a> sok \u00e9ves tapasztalattal rendelkezik a kutat\u00e1si vegyszertervez\u0151 iparban, ami lehet\u0151v\u00e9 teszi sz\u00e1munkra, hogy garant\u00e1ljuk ezeknek a kutat\u00e1si vegyszereknek a legmagasabb min\u0151s\u00e9g\u00e9t. A k\u00e9miai kutat\u00f3csoport bk-2C-B HCL-t \u00e9rt\u00e9kes\u00edt. A kutat\u00e1si vegyszerek, k\u00f6zt\u00fck a bk-2C-B HCL-ek, megfelelnek minden biztons\u00e1gi k\u00f6vetelm\u00e9nynek. A kutat\u00e1si vegyszereket gondosan elosztj\u00e1k \u00e9s h\u0171v\u00f6s, sz\u00e1raz helyen t\u00e1rolj\u00e1k.<\/p>\n<p>Minden term\u00e9ket rendszeresen ellen\u0151riznek min\u0151s\u00e9g, tisztas\u00e1g \u00e9s biztons\u00e1g szempontj\u00e1b\u00f3l. A bk-2C-B HCL-t mindig szobah\u0151m\u00e9rs\u00e9kleten, gyermekek \u00e9s h\u00e1zi\u00e1llatok el\u0151l elz\u00e1rva t\u00e1rolja. A mi bk-2C-B HCL-\u00fcnk nem szem\u00e9lyes haszn\u00e1latra k\u00e9sz\u00fclt. Kiz\u00e1r\u00f3lag kutat\u00e1si c\u00e9lokra szolg\u00e1l.<\/p>\n<p>Nem szabad alkohollal vagy kutat\u00e1si vegyszerekkel keverni, amikor ezt a kutat\u00e1si vegyszert vizsg\u00e1ljuk!<\/p>\n<p>Minden term\u00e9k\u00fcnknek tisztess\u00e9ges \u00e1ra van!<\/p>\n<p>Laborat\u00f3riumban tesztelt bk-2C-B HCL eredm\u00e9nyekkel.<\/p>\n<p>Meg\u00fajul\u00f3 el\u0151rel\u00e9p\u00e9st tesz \u00fcgyfelei \u00e1ltal\u00e1nos kiel\u00e9g\u00edt\u00e9se \u00e9rdek\u00e9ben. Sz\u00e1mos felm\u00e9r\u00e9s kimutatta, hogy az \u00fcgyfelek a szintetikus kutat\u00e1si vegyszerek v\u00e1s\u00e1rl\u00e1sa el\u0151tt a v\u00e1rtn\u00e1l t\u00f6bb adatot k\u00e9rnek. Ezenk\u00edv\u00fcl minden egyes kutat\u00e1si vegyi anyag \u00f6sszes laborat\u00f3riumi k\u00f6vetkezm\u00e9ny\u00e9t k\u00f6zz\u00e9tessz\u00fck egy PDF-nyilv\u00e1ntart\u00e1sban.<\/p>\n<p>A bk-2C-B HCL porunk k\u00f6vetkezetesen megfelel a hat\u00f3anyagoknak, \u00e9s mindenki sz\u00e1m\u00e1ra j\u00f3l l\u00e1that\u00f3.<\/p>\n<p>Minden egyes kutat\u00e1si vegyszer \u00f6sszes laborat\u00f3riumi k\u00f6vetkezm\u00e9ny\u00e9t PDF-dokumentumon terjesztj\u00fck.<\/p>\n<h3>Biztons\u00e1gos rendel\u00e9s a bk-2C-B HCL-n\u00e9l.<\/h3>\n<p>RC Kopen designer kutat\u00e1si vegyszerek kiv\u00e1l\u00f3 min\u0151s\u00e9g\u0171ek \u00e9s tisztess\u00e9ges \u00e1ron. Ez\u00e9rt garant\u00e1ljuk, hogy amikor az RC Kopen-t\u0151l kutat\u00e1si vegyszereket k\u00e9r, gyorsan \u00e9s biztons\u00e1gosan h\u00e1zhoz sz\u00e1ll\u00edtjuk a k\u00e9r\u00e9s\u00e9t, mivel a kutat\u00e1si vegyszerek \u00e9rt\u00e9kes\u00edt\u00e9se mindig el\u00e9rhet\u0151 az RC Kopen-en.<\/p>\n<p>A szintetikus kutat\u00e1si vegy\u00fcletek Bitcoin vagy banki \u00e1tutal\u00e1ssal t\u00f6rt\u00e9n\u0151 ig\u00e9nyl\u00e9se egyszer\u0171 az RC Kopen-n\u00e9l.<\/p>\n<p>A kutat\u00e1si vegyszerekhez sz\u00fcks\u00e9ges porokat m\u00e9g aznap elk\u00fcldj\u00fck, ha a fizet\u00e9s 15:00 CEST el\u0151tt be\u00e9rkezik.<\/p>\n<p>Nem sz\u00e1ll\u00edtunk \u00e1rukat a pe BK 2C-B-HCL v\u00e1s\u00e1rl\u00e1s online \u2013 BK 2C-B-HCL elad\u00f3 | 18 \u00e9v alatti RC v\u00e1s\u00e1rl\u00f3k!<\/p>\n<p>A kutat\u00e1si c\u00e9l\u00fa vegyszerek \u00e9rt\u00e9kes\u00edt\u00e9se kiz\u00e1r\u00f3lag kutat\u00e1si c\u00e9lokra szolg\u00e1l.<\/p>\n<h3>A kutat\u00e1si vegyszerek diszkr\u00e9t sz\u00e1ll\u00edt\u00e1sa.<\/h3>\n<p>Az RC Kopen biztons\u00e1gosan \u00e9s biztons\u00e1gosan csomagolja a megrendel\u00e9s\u00e9t, hogy biztos\u00edtsa a megfelel\u0151 sz\u00e1ll\u00edt\u00e1st. R\u00e1ad\u00e1sul t\u00f6k\u00e9letesen felt\u0171n\u00e9smentesen csomagolunk, \u00e9s k\u00edv\u00fclr\u0151l semmi sem mutatja, hogy mi lehet benne.<\/p>\n<h3><strong>\u00d3vint\u00e9zked\u00e9sek<\/strong><\/h3>\n<ul>\n<li>V\u00e1s\u00e1roljon bk-2C-B HCL megfelel\u0151 egy\u00e9ni v\u00e9d\u0151felszerel\u00e9st, p\u00e9ld\u00e1ul v\u00e9d\u0151szem\u00fcveget \u00e9s keszty\u0171t. Tiszt\u00edtsa \u00e9s gondozza \u0151ket megfelel\u0151en. K\u00f6vesse a biztons\u00e1gos rendszereket a kutat\u00e1si vegyi anyagok kezel\u00e9s\u00e9n\u00e9l, \u00e9s ne r\u00f6vid\u00edtsen.<\/li>\n<li>Ha a vizsg\u00e1lt anyag szembe ker\u00fcl, j\u00f3l \u00f6bl\u00edtse ki, \u00e9s ha sz\u00fcks\u00e9ges, vegye le a kontaktlencs\u00e9t.<\/li>\n<li>E vegyi anyagok haszn\u00e1lata sor\u00e1n pr\u00f3b\u00e1ljon meg maszkot haszn\u00e1lni, hogy azok ne ker\u00fcljenek be \u00d6nbe l\u00e9gz\u00e9s k\u00f6zben.<\/li>\n<li>A t\u00e1mogatott m\u00f3dszerek szerint a vesz\u00e9lyes anyagokat biztons\u00e1gosan kezelje, t\u00e1rolja \u00e9s \u00e1rtalmatlan\u00edtsa. Soha ne \u00f6ntse azokat a csatorn\u00e1ba vagy csatorn\u00e1ba.<\/li>\n<li>A kutat\u00e1si vegyszereket megfelel\u0151en t\u00e1rolja, ahogyan azt a nev\u00fck is jelzi. A gy\u00fal\u00e9kony vegyszereket kiv\u00e1l\u00f3, sz\u00e1raz k\u00e1nikul\u00e1ban, intenzit\u00e1st\u00f3l \u00e9s napf\u00e9nyt\u0151l t\u00e1vol kell t\u00e1rolni. Egyes m\u0171anyagokat, p\u00e9ld\u00e1ul a savakat, \u00f6n\u00e1ll\u00f3an kell t\u00e1rolni.<\/li>\n<li>RC Buy kutat\u00e1si c\u00e9lokra k\u00edn\u00e1lj\u00e1k; emberi fogyaszt\u00e1s szigor\u00faan tilos.<\/li>\n<\/ul>","protected":false},"excerpt":{"rendered":"<p><strong>IUPAC-n\u00e9v:<\/strong><\/p>\n<p>2-amino-1-(4-brom-2,5-dimetoxifenil)-etanon, monohidroklorid<\/p>\n<p><strong>CAS #<\/strong><\/p>\n<p>807631-09-0<\/p>\n<p><strong>M\u00e1sik n\u00e9v:<\/strong><\/p>\n<p>bk-4-Bromo-2,5-dimetoxi-fenetilamin<\/p>\n<p><strong>Megjelen\u00e9s:<\/strong><\/p>\n<p>por<\/p>\n<p><strong>Forma:<\/strong><\/p>\n<p>HCL<\/p>\n<p><strong>NMR-elemz\u00e9s:<\/strong><\/p>\n<p>C10H12BrNO3<\/p>","protected":false},"featured_media":6680,"comment_status":"open","ping_status":"closed","template":"","meta":{"_joinchat":[]},"product_brand":[],"product_cat":[145],"product_tag":[],"class_list":{"0":"post-6652","1":"product","2":"type-product","3":"status-publish","4":"has-post-thumbnail","6":"product_cat-fenethylamine-derivaten","8":"first","9":"instock","10":"shipping-taxable","11":"purchasable","12":"product-type-variable"},"yoast_head":"<!-- This site is optimized with the Yoast SEO plugin v26.3 - https:\/\/yoast.com\/wordpress\/plugins\/seo\/ -->\n<title>BK 2C-B-HCL online kopen - BK 2C-B-HCL te koop | RC Kopen<\/title>\n<meta name=\"description\" content=\"Uw bestelling voor bk 2c-b-hcl te koop is onze verantwoordelijkheid. Wij zullen uw bestelling voor de aankoop van bk 2c-b-hcl in overweging nemen en u binnen korte tijd bereiken. Plaats nu bulkbestellingen!\" \/>\n<meta name=\"robots\" content=\"index, follow, max-snippet:-1, max-image-preview:large, max-video-preview:-1\" \/>\n<link rel=\"canonical\" href=\"https:\/\/rckopen.com\/hu\/termek\/bk-2c-b-hcl\/\" \/>\n<meta property=\"og:locale\" content=\"hu_HU\" \/>\n<meta property=\"og:type\" content=\"article\" \/>\n<meta property=\"og:title\" content=\"BK 2C-B-HCL online kopen - BK 2C-B-HCL te koop | RC Kopen\" \/>\n<meta property=\"og:description\" content=\"Uw bestelling voor bk 2c-b-hcl te koop is onze verantwoordelijkheid. Wij zullen uw bestelling voor de aankoop van bk 2c-b-hcl in overweging nemen en u binnen korte tijd bereiken. Plaats nu bulkbestellingen!\" \/>\n<meta property=\"og:url\" content=\"https:\/\/rckopen.com\/hu\/termek\/bk-2c-b-hcl\/\" \/>\n<meta property=\"og:site_name\" content=\"RC Kopen\" \/>\n<meta property=\"article:modified_time\" content=\"2025-02-03T05:42:48+00:00\" \/>\n<meta property=\"og:image\" content=\"https:\/\/rckopen.com\/wp-content\/uploads\/2023\/08\/bk-2C-B-HCL.jpg\" \/>\n\t<meta property=\"og:image:width\" content=\"600\" \/>\n\t<meta property=\"og:image:height\" content=\"600\" \/>\n\t<meta property=\"og:image:type\" content=\"image\/jpeg\" \/>\n<meta name=\"twitter:card\" content=\"summary_large_image\" \/>\n<meta name=\"twitter:label1\" content=\"Becs\u00fclt olvas\u00e1si id\u0151\" \/>\n\t<meta name=\"twitter:data1\" content=\"4 perc\" \/>\n<script type=\"application\/ld+json\" class=\"yoast-schema-graph\">{\"@context\":\"https:\/\/schema.org\",\"@graph\":[{\"@type\":\"WebPage\",\"@id\":\"https:\/\/rckopen.com\/product\/bk-2c-b-hcl\/\",\"url\":\"https:\/\/rckopen.com\/product\/bk-2c-b-hcl\/\",\"name\":\"BK 2C-B-HCL online kopen - BK 2C-B-HCL te koop | RC Kopen\",\"isPartOf\":{\"@id\":\"https:\/\/rckopen.com\/#website\"},\"primaryImageOfPage\":{\"@id\":\"https:\/\/rckopen.com\/product\/bk-2c-b-hcl\/#primaryimage\"},\"image\":{\"@id\":\"https:\/\/rckopen.com\/product\/bk-2c-b-hcl\/#primaryimage\"},\"thumbnailUrl\":\"https:\/\/rckopen.com\/wp-content\/uploads\/2023\/08\/bk-2C-B-HCL.jpg\",\"datePublished\":\"2023-08-17T06:37:39+00:00\",\"dateModified\":\"2025-02-03T05:42:48+00:00\",\"description\":\"Uw bestelling voor bk 2c-b-hcl te koop is onze verantwoordelijkheid. Wij zullen uw bestelling voor de aankoop van bk 2c-b-hcl in overweging nemen en u binnen korte tijd bereiken. Plaats nu bulkbestellingen!\",\"breadcrumb\":{\"@id\":\"https:\/\/rckopen.com\/product\/bk-2c-b-hcl\/#breadcrumb\"},\"inLanguage\":\"hu\",\"potentialAction\":[{\"@type\":\"ReadAction\",\"target\":[\"https:\/\/rckopen.com\/product\/bk-2c-b-hcl\/\"]}]},{\"@type\":\"ImageObject\",\"inLanguage\":\"hu\",\"@id\":\"https:\/\/rckopen.com\/product\/bk-2c-b-hcl\/#primaryimage\",\"url\":\"https:\/\/rckopen.com\/wp-content\/uploads\/2023\/08\/bk-2C-B-HCL.jpg\",\"contentUrl\":\"https:\/\/rckopen.com\/wp-content\/uploads\/2023\/08\/bk-2C-B-HCL.jpg\",\"width\":600,\"height\":600,\"caption\":\"bk-2C-B-HCL online kopen\"},{\"@type\":\"BreadcrumbList\",\"@id\":\"https:\/\/rckopen.com\/product\/bk-2c-b-hcl\/#breadcrumb\",\"itemListElement\":[{\"@type\":\"ListItem\",\"position\":1,\"name\":\"Home\",\"item\":\"https:\/\/rckopen.com\/\"},{\"@type\":\"ListItem\",\"position\":2,\"name\":\"Shop\",\"item\":\"https:\/\/rckopen.com\/shop\/\"},{\"@type\":\"ListItem\",\"position\":3,\"name\":\"bk-2C-B HCL online kopen\"}]},{\"@type\":\"WebSite\",\"@id\":\"https:\/\/rckopen.com\/#website\",\"url\":\"https:\/\/rckopen.com\/\",\"name\":\"RC Kopen\",\"description\":\"Research Chemicals\",\"potentialAction\":[{\"@type\":\"SearchAction\",\"target\":{\"@type\":\"EntryPoint\",\"urlTemplate\":\"https:\/\/rckopen.com\/?s={search_term_string}\"},\"query-input\":{\"@type\":\"PropertyValueSpecification\",\"valueRequired\":true,\"valueName\":\"search_term_string\"}}],\"inLanguage\":\"hu\"}]}<\/script>\n<!-- \/ Yoast SEO plugin. -->","yoast_head_json":{"title":"BK 2C-B-HCL online kopen - BK 2C-B-HCL te koop | RC Kopen","description":"Uw bestelling voor bk 2c-b-hcl te koop is onze verantwoordelijkheid. Wij zullen uw bestelling voor de aankoop van bk 2c-b-hcl in overweging nemen en u binnen korte tijd bereiken. Plaats nu bulkbestellingen!","robots":{"index":"index","follow":"follow","max-snippet":"max-snippet:-1","max-image-preview":"max-image-preview:large","max-video-preview":"max-video-preview:-1"},"canonical":"https:\/\/rckopen.com\/hu\/termek\/bk-2c-b-hcl\/","og_locale":"hu_HU","og_type":"article","og_title":"BK 2C-B-HCL online kopen - BK 2C-B-HCL te koop | RC Kopen","og_description":"Uw bestelling voor bk 2c-b-hcl te koop is onze verantwoordelijkheid. Wij zullen uw bestelling voor de aankoop van bk 2c-b-hcl in overweging nemen en u binnen korte tijd bereiken. Plaats nu bulkbestellingen!","og_url":"https:\/\/rckopen.com\/hu\/termek\/bk-2c-b-hcl\/","og_site_name":"RC Kopen","article_modified_time":"2025-02-03T05:42:48+00:00","og_image":[{"width":600,"height":600,"url":"https:\/\/rckopen.com\/wp-content\/uploads\/2023\/08\/bk-2C-B-HCL.jpg","type":"image\/jpeg"}],"twitter_card":"summary_large_image","twitter_misc":{"Becs\u00fclt olvas\u00e1si id\u0151":"4 perc"},"schema":{"@context":"https:\/\/schema.org","@graph":[{"@type":"WebPage","@id":"https:\/\/rckopen.com\/product\/bk-2c-b-hcl\/","url":"https:\/\/rckopen.com\/product\/bk-2c-b-hcl\/","name":"BK 2C-B-HCL online kopen - BK 2C-B-HCL te koop | RC Kopen","isPartOf":{"@id":"https:\/\/rckopen.com\/#website"},"primaryImageOfPage":{"@id":"https:\/\/rckopen.com\/product\/bk-2c-b-hcl\/#primaryimage"},"image":{"@id":"https:\/\/rckopen.com\/product\/bk-2c-b-hcl\/#primaryimage"},"thumbnailUrl":"https:\/\/rckopen.com\/wp-content\/uploads\/2023\/08\/bk-2C-B-HCL.jpg","datePublished":"2023-08-17T06:37:39+00:00","dateModified":"2025-02-03T05:42:48+00:00","description":"Uw bestelling voor bk 2c-b-hcl te koop is onze verantwoordelijkheid. Wij zullen uw bestelling voor de aankoop van bk 2c-b-hcl in overweging nemen en u binnen korte tijd bereiken. Plaats nu bulkbestellingen!","breadcrumb":{"@id":"https:\/\/rckopen.com\/product\/bk-2c-b-hcl\/#breadcrumb"},"inLanguage":"hu","potentialAction":[{"@type":"ReadAction","target":["https:\/\/rckopen.com\/product\/bk-2c-b-hcl\/"]}]},{"@type":"ImageObject","inLanguage":"hu","@id":"https:\/\/rckopen.com\/product\/bk-2c-b-hcl\/#primaryimage","url":"https:\/\/rckopen.com\/wp-content\/uploads\/2023\/08\/bk-2C-B-HCL.jpg","contentUrl":"https:\/\/rckopen.com\/wp-content\/uploads\/2023\/08\/bk-2C-B-HCL.jpg","width":600,"height":600,"caption":"bk-2C-B-HCL online kopen"},{"@type":"BreadcrumbList","@id":"https:\/\/rckopen.com\/product\/bk-2c-b-hcl\/#breadcrumb","itemListElement":[{"@type":"ListItem","position":1,"name":"Home","item":"https:\/\/rckopen.com\/"},{"@type":"ListItem","position":2,"name":"Shop","item":"https:\/\/rckopen.com\/shop\/"},{"@type":"ListItem","position":3,"name":"bk-2C-B HCL online kopen"}]},{"@type":"WebSite","@id":"https:\/\/rckopen.com\/#website","url":"https:\/\/rckopen.com\/","name":"RC Kopen","description":"Research Chemicals","potentialAction":[{"@type":"SearchAction","target":{"@type":"EntryPoint","urlTemplate":"https:\/\/rckopen.com\/?s={search_term_string}"},"query-input":{"@type":"PropertyValueSpecification","valueRequired":true,"valueName":"search_term_string"}}],"inLanguage":"hu"}]}},"_links":{"self":[{"href":"https:\/\/rckopen.com\/hu\/wp-json\/wp\/v2\/product\/6652","targetHints":{"allow":["GET"]}}],"collection":[{"href":"https:\/\/rckopen.com\/hu\/wp-json\/wp\/v2\/product"}],"about":[{"href":"https:\/\/rckopen.com\/hu\/wp-json\/wp\/v2\/types\/product"}],"replies":[{"embeddable":true,"href":"https:\/\/rckopen.com\/hu\/wp-json\/wp\/v2\/comments?post=6652"}],"wp:featuredmedia":[{"embeddable":true,"href":"https:\/\/rckopen.com\/hu\/wp-json\/wp\/v2\/media\/6680"}],"wp:attachment":[{"href":"https:\/\/rckopen.com\/hu\/wp-json\/wp\/v2\/media?parent=6652"}],"wp:term":[{"taxonomy":"product_brand","embeddable":true,"href":"https:\/\/rckopen.com\/hu\/wp-json\/wp\/v2\/product_brand?post=6652"},{"taxonomy":"product_cat","embeddable":true,"href":"https:\/\/rckopen.com\/hu\/wp-json\/wp\/v2\/product_cat?post=6652"},{"taxonomy":"product_tag","embeddable":true,"href":"https:\/\/rckopen.com\/hu\/wp-json\/wp\/v2\/product_tag?post=6652"}],"curies":[{"name":"wp","href":"https:\/\/api.w.org\/{rel}","templated":true}]}}