{"id":6655,"date":"2023-08-17T07:23:21","date_gmt":"2023-08-17T07:23:21","guid":{"rendered":"https:\/\/diligentplug.com\/chems\/?post_type=product&#038;p=6655"},"modified":"2025-01-31T08:51:52","modified_gmt":"2025-01-31T08:51:52","slug":"4f-mph","status":"publish","type":"product","link":"https:\/\/rckopen.com\/hu\/termek\/4f-mph\/","title":{"rendered":"Comprar 4F-MPH en l\u00ednea"},"content":{"rendered":"<h2>De opkomst van 4F-MPH: onderzoek naar de groeiende Online Kopen populariteit ervan<\/h2>\n<p>Az ut\u00f3bbi id\u0151ben a kereslet <a href=\"https:\/\/rckopen.com\/hu\/termek\/4f-mph\/\">4F-MPH<\/a> Az elad\u00f3k sz\u00e1ma rendk\u00edv\u00fcl megn\u0151tt, ami sok ember figyelm\u00e9t felkeltette szerte a vil\u00e1gon. Ez a n\u00e9pszer\u0171s\u00e9g n\u00f6veked\u00e9se t\u00f6bb t\u00e9nyez\u0151nek tudhat\u00f3 be, bele\u00e9rtve a 4F-MPH online rendel\u00e9s hat\u00e9konys\u00e1g\u00e1t, hozz\u00e1f\u00e9rhet\u0151s\u00e9g\u00e9t \u00e9s k\u00e9nyelm\u00e9t. N\u00e9zz\u00fck meg, mi\u00e9rt v\u00e1lik egyre n\u00e9pszer\u0171bb\u00e9 a 4F-MPH, \u00e9s hol tal\u00e1lhatja meg az interneten. <a href=\"https:\/\/rckopen.com\/hu\/\">RCKOpen.com<\/a><\/p>\n<h3>A 4F-MPH meg\u00e9rt\u00e9se<\/h3>\n<p><a href=\"https:\/\/en.wikipedia.org\/wiki\/4-Fluoromethylphenidate\">4F-MPH<\/a> egy er\u0151s pszichostimul\u00e1ns, amely a fenetilamin \u00e9s az amfetamin k\u00e9miai oszt\u00e1lyaiba tartozik. A k\u00f6zponti idegrendszerre gyakorolt \u200b\u200bserkent\u0151 hat\u00e1sair\u00f3l ismert, \u00e9s gyakran keresik az \u00f6sszpontos\u00edt\u00e1st, a koncentr\u00e1ci\u00f3t \u00e9s a termel\u00e9kenys\u00e9get jav\u00edtani v\u00e1gy\u00f3k. N\u00e9pszer\u0171s\u00e9ge abb\u00f3l a k\u00e9pess\u00e9g\u00e9b\u0151l fakad, hogy k\u00e9pes kognit\u00edv lend\u00fcletet adni an\u00e9lk\u00fcl, hogy a t\u00f6bbi stimul\u00e1nssal j\u00e1r\u00f3 intenz\u00edv euf\u00f3ria n\u00e9lk\u00fcl.<\/p>\n<h3>Hat\u00e9konys\u00e1g \u00e9s el\u0151ny\u00f6k<\/h3>\n<p>A 4F-MPH elad\u00e1sok n\u00f6vekv\u0151 n\u00e9pszer\u0171s\u00e9g\u00e9nek egyik f\u0151 oka a hat\u00e9konys\u00e1ga. A felhaszn\u00e1l\u00f3k arr\u00f3l sz\u00e1moltak be, hogy fogyaszt\u00e1sa ut\u00e1n fokozott \u00e9bers\u00e9gr\u0151l, jobb kognit\u00edv funkci\u00f3kr\u00f3l \u00e9s fokozott motiv\u00e1ci\u00f3r\u00f3l sz\u00e1moltak be. Ezek a hat\u00e1sok vonz\u00f3v\u00e1 teszik a di\u00e1kok, szakemberek \u00e9s egy\u00e9nek sz\u00e1m\u00e1ra, akik extra el\u0151nyt keresnek napi tev\u00e9kenys\u00e9geikben.<\/p>\n<h3>Hozz\u00e1f\u00e9rhet\u0151s\u00e9g \u00e9s k\u00e9nyelem<\/h3>\n<p>Az online piacterek megjelen\u00e9s\u00e9vel a 4F-MPH rendel\u00e9s minden eddigin\u00e9l el\u00e9rhet\u0151bb\u00e9 v\u00e1lt. Elm\u00faltak azok az id\u0151k, amikor a hagyom\u00e1nyos csatorn\u00e1kt\u00f3l f\u00fcggtek; most az egy\u00e9nek egyszer\u0171en, n\u00e9h\u00e1ny kattint\u00e1ssal rendelhetnek 4F-MPH-t otthonuk k\u00e9nyelm\u00e9b\u0151l. Ez a kiseg\u00edt\u0151 lehet\u0151s\u00e9g jelent\u0151sen hozz\u00e1j\u00e1rult a felhaszn\u00e1l\u00f3k k\u00f6r\u00e9ben vil\u00e1gszerte elterjedt n\u00e9pszer\u0171s\u00e9g\u00e9hez.<\/p>\n<h3>Onde comprar 4F-MPH<\/h3>\n<p>Ha online szeretne v\u00e1s\u00e1rolni 4F-MPH-t, felt\u00e9tlen\u00fcl v\u00e1lasszon egy j\u00f3 h\u00edr\u0171 sz\u00e1ll\u00edt\u00f3t, p\u00e9ld\u00e1ul az rckopen.com webhelyet. A kutat\u00e1si vegyi anyagok megb\u00edzhat\u00f3 forr\u00e1sak\u00e9nt az rckopen.com kiv\u00e1l\u00f3 min\u0151s\u00e9g\u0171 4F-MPH-t k\u00edn\u00e1l elad\u00e1sra, biztos\u00edtva, hogy az \u00fcgyfelek megb\u00edzhat\u00f3, ig\u00e9nyeiknek megfelel\u0151 term\u00e9ket kapjanak.<\/p>\n<h3>Jogi megfontol\u00e1sok<\/h3>\n<p>Nagyon fontos kiemelni a 4F-MPH leg\u00e1lis v\u00e1s\u00e1rl\u00e1s\u00e1nak jogi vonatkoz\u00e1sait. B\u00e1r online megv\u00e1s\u00e1rolhat\u00f3, a v\u00e1s\u00e1rl\u00f3knak gondoskodniuk kell arr\u00f3l, hogy betarts\u00e1k az ilyen anyagok \u00e9rt\u00e9kes\u00edt\u00e9s\u00e9re \u00e9s fogyaszt\u00e1s\u00e1ra vonatkoz\u00f3 helyi el\u0151\u00edr\u00e1sokat. Az Rckopen.com biztons\u00e1gos \u00e9s leg\u00e1lis m\u00f3dot k\u00edn\u00e1l az \u00fcgyfeleknek a 4F-MPH v\u00e1s\u00e1rl\u00e1s\u00e1ra, valamint nyugalmat \u00e9s \u00e1tl\u00e1that\u00f3s\u00e1got biztos\u00edt a v\u00e1s\u00e1rl\u00e1si folyamat sor\u00e1n.<\/p>\n<p>Az elad\u00e1sra k\u00edn\u00e1lt 4F-MPH n\u00f6veked\u00e9se annak hat\u00e9konys\u00e1g\u00e1nak, el\u00e9rhet\u0151s\u00e9g\u00e9nek \u00e9s az online v\u00e1s\u00e1rl\u00e1s egyszer\u0171s\u00e9g\u00e9nek tudhat\u00f3 be. A kognit\u00edv funkci\u00f3kat \u00e9s a termel\u00e9kenys\u00e9get jav\u00edt\u00f3 k\u00e9pess\u00e9g\u00e9vel sz\u00e9les k\u00f6rben elterjedt a kognit\u00edv lend\u00fcletet keres\u0151 egy\u00e9nek k\u00f6r\u00e9ben. Ha az Egyes\u00fclt Kir\u00e1lys\u00e1gban szeretne 4F-MPH-t v\u00e1s\u00e1rolni, egy olyan j\u00f3 h\u00edr\u0171 besz\u00e1ll\u00edt\u00f3 v\u00e1laszt\u00e1sa, mint az rckopen.com, biztons\u00e1gos \u00e9s leg\u00e1lis tranzakci\u00f3t tesz lehet\u0151v\u00e9, lehet\u0151v\u00e9 t\u00e9ve a felhaszn\u00e1l\u00f3k sz\u00e1m\u00e1ra, hogy felel\u0151ss\u00e9gteljesen megtapasztalj\u00e1k ennek az er\u0151s stimul\u00e1nsnak az el\u0151nyeit.<\/p>\n<p>&nbsp;<\/p>","protected":false},"excerpt":{"rendered":"<p><strong>IUPAC-n\u00e9v: <\/strong>2-(4-fluorofenil)-2-(piperidin-2-il)-acet\u00e1t-metil<\/p>\n<p><strong>CAS # <\/strong>1354631-33-6<\/p>\n<p><strong>M\u00e1sik n\u00e9v: <\/strong>4-Fluor-metilfenid\u00e1t, 4-FMPH<\/p>\n<p><strong>Megjelen\u00e9s: <\/strong>por<\/p>\n<p><strong>NMR-elemz\u00e9s: <\/strong>C14H18FNO2<\/p>","protected":false},"featured_media":6683,"comment_status":"open","ping_status":"closed","template":"","meta":{"_joinchat":[]},"product_brand":[],"product_cat":[147],"product_tag":[],"class_list":{"0":"post-6655","1":"product","2":"type-product","3":"status-publish","4":"has-post-thumbnail","6":"product_cat-piperidinen","8":"first","9":"instock","10":"shipping-taxable","11":"purchasable","12":"product-type-variable"},"yoast_head":"<!-- This site is optimized with the Yoast SEO plugin v26.3 - https:\/\/yoast.com\/wordpress\/plugins\/seo\/ -->\n<title>4F-MPH Online Kopen - 4F-MPH te koop<\/title>\n<meta name=\"description\" content=\"Wij zijn de toonaangevende winkel die 4F-MPH te koop heeft. Als u 4F-MPH wilt kopen, neem dan direct contact met ons op en laat de bestelling bezorgen. Bestel nu!\" \/>\n<meta name=\"robots\" content=\"index, follow, max-snippet:-1, max-image-preview:large, max-video-preview:-1\" \/>\n<link rel=\"canonical\" href=\"https:\/\/rckopen.com\/hu\/termek\/4f-mph\/\" \/>\n<meta property=\"og:locale\" content=\"hu_HU\" \/>\n<meta property=\"og:type\" content=\"article\" \/>\n<meta property=\"og:title\" content=\"4F-MPH Online Kopen - 4F-MPH te koop\" \/>\n<meta property=\"og:description\" content=\"Wij zijn de toonaangevende winkel die 4F-MPH te koop heeft. Als u 4F-MPH wilt kopen, neem dan direct contact met ons op en laat de bestelling bezorgen. Bestel nu!\" \/>\n<meta property=\"og:url\" content=\"https:\/\/rckopen.com\/hu\/termek\/4f-mph\/\" \/>\n<meta property=\"og:site_name\" content=\"RC Kopen\" \/>\n<meta property=\"article:modified_time\" content=\"2025-01-31T08:51:52+00:00\" \/>\n<meta property=\"og:image\" content=\"https:\/\/rckopen.com\/wp-content\/uploads\/2023\/08\/4-FMA-1.jpg\" \/>\n\t<meta property=\"og:image:width\" content=\"600\" \/>\n\t<meta property=\"og:image:height\" content=\"600\" \/>\n\t<meta property=\"og:image:type\" content=\"image\/jpeg\" \/>\n<meta name=\"twitter:card\" content=\"summary_large_image\" \/>\n<meta name=\"twitter:label1\" content=\"Becs\u00fclt olvas\u00e1si id\u0151\" \/>\n\t<meta name=\"twitter:data1\" content=\"3 perc\" \/>\n<script type=\"application\/ld+json\" class=\"yoast-schema-graph\">{\"@context\":\"https:\/\/schema.org\",\"@graph\":[{\"@type\":\"WebPage\",\"@id\":\"https:\/\/rckopen.com\/product\/4f-mph\/\",\"url\":\"https:\/\/rckopen.com\/product\/4f-mph\/\",\"name\":\"4F-MPH Online Kopen - 4F-MPH te koop\",\"isPartOf\":{\"@id\":\"https:\/\/rckopen.com\/#website\"},\"primaryImageOfPage\":{\"@id\":\"https:\/\/rckopen.com\/product\/4f-mph\/#primaryimage\"},\"image\":{\"@id\":\"https:\/\/rckopen.com\/product\/4f-mph\/#primaryimage\"},\"thumbnailUrl\":\"https:\/\/rckopen.com\/wp-content\/uploads\/2023\/08\/4-FMA-1.jpg\",\"datePublished\":\"2023-08-17T07:23:21+00:00\",\"dateModified\":\"2025-01-31T08:51:52+00:00\",\"description\":\"Wij zijn de toonaangevende winkel die 4F-MPH te koop heeft. Als u 4F-MPH wilt kopen, neem dan direct contact met ons op en laat de bestelling bezorgen. Bestel nu!\",\"breadcrumb\":{\"@id\":\"https:\/\/rckopen.com\/product\/4f-mph\/#breadcrumb\"},\"inLanguage\":\"hu\",\"potentialAction\":[{\"@type\":\"ReadAction\",\"target\":[\"https:\/\/rckopen.com\/product\/4f-mph\/\"]}]},{\"@type\":\"ImageObject\",\"inLanguage\":\"hu\",\"@id\":\"https:\/\/rckopen.com\/product\/4f-mph\/#primaryimage\",\"url\":\"https:\/\/rckopen.com\/wp-content\/uploads\/2023\/08\/4-FMA-1.jpg\",\"contentUrl\":\"https:\/\/rckopen.com\/wp-content\/uploads\/2023\/08\/4-FMA-1.jpg\",\"width\":600,\"height\":600,\"caption\":\"4F-MPH Online Kopen\"},{\"@type\":\"BreadcrumbList\",\"@id\":\"https:\/\/rckopen.com\/product\/4f-mph\/#breadcrumb\",\"itemListElement\":[{\"@type\":\"ListItem\",\"position\":1,\"name\":\"Home\",\"item\":\"https:\/\/rckopen.com\/\"},{\"@type\":\"ListItem\",\"position\":2,\"name\":\"Shop\",\"item\":\"https:\/\/rckopen.com\/shop\/\"},{\"@type\":\"ListItem\",\"position\":3,\"name\":\"4F-MPH Online Kopen\"}]},{\"@type\":\"WebSite\",\"@id\":\"https:\/\/rckopen.com\/#website\",\"url\":\"https:\/\/rckopen.com\/\",\"name\":\"RC Kopen\",\"description\":\"Research Chemicals\",\"potentialAction\":[{\"@type\":\"SearchAction\",\"target\":{\"@type\":\"EntryPoint\",\"urlTemplate\":\"https:\/\/rckopen.com\/?s={search_term_string}\"},\"query-input\":{\"@type\":\"PropertyValueSpecification\",\"valueRequired\":true,\"valueName\":\"search_term_string\"}}],\"inLanguage\":\"hu\"}]}<\/script>\n<!-- \/ Yoast SEO plugin. -->","yoast_head_json":{"title":"4F-MPH Online Kopen - 4F-MPH te koop","description":"Wij zijn de toonaangevende winkel die 4F-MPH te koop heeft. Als u 4F-MPH wilt kopen, neem dan direct contact met ons op en laat de bestelling bezorgen. Bestel nu!","robots":{"index":"index","follow":"follow","max-snippet":"max-snippet:-1","max-image-preview":"max-image-preview:large","max-video-preview":"max-video-preview:-1"},"canonical":"https:\/\/rckopen.com\/hu\/termek\/4f-mph\/","og_locale":"hu_HU","og_type":"article","og_title":"4F-MPH Online Kopen - 4F-MPH te koop","og_description":"Wij zijn de toonaangevende winkel die 4F-MPH te koop heeft. Als u 4F-MPH wilt kopen, neem dan direct contact met ons op en laat de bestelling bezorgen. Bestel nu!","og_url":"https:\/\/rckopen.com\/hu\/termek\/4f-mph\/","og_site_name":"RC Kopen","article_modified_time":"2025-01-31T08:51:52+00:00","og_image":[{"width":600,"height":600,"url":"https:\/\/rckopen.com\/wp-content\/uploads\/2023\/08\/4-FMA-1.jpg","type":"image\/jpeg"}],"twitter_card":"summary_large_image","twitter_misc":{"Becs\u00fclt olvas\u00e1si id\u0151":"3 perc"},"schema":{"@context":"https:\/\/schema.org","@graph":[{"@type":"WebPage","@id":"https:\/\/rckopen.com\/product\/4f-mph\/","url":"https:\/\/rckopen.com\/product\/4f-mph\/","name":"4F-MPH Online Kopen - 4F-MPH te koop","isPartOf":{"@id":"https:\/\/rckopen.com\/#website"},"primaryImageOfPage":{"@id":"https:\/\/rckopen.com\/product\/4f-mph\/#primaryimage"},"image":{"@id":"https:\/\/rckopen.com\/product\/4f-mph\/#primaryimage"},"thumbnailUrl":"https:\/\/rckopen.com\/wp-content\/uploads\/2023\/08\/4-FMA-1.jpg","datePublished":"2023-08-17T07:23:21+00:00","dateModified":"2025-01-31T08:51:52+00:00","description":"Wij zijn de toonaangevende winkel die 4F-MPH te koop heeft. Als u 4F-MPH wilt kopen, neem dan direct contact met ons op en laat de bestelling bezorgen. Bestel nu!","breadcrumb":{"@id":"https:\/\/rckopen.com\/product\/4f-mph\/#breadcrumb"},"inLanguage":"hu","potentialAction":[{"@type":"ReadAction","target":["https:\/\/rckopen.com\/product\/4f-mph\/"]}]},{"@type":"ImageObject","inLanguage":"hu","@id":"https:\/\/rckopen.com\/product\/4f-mph\/#primaryimage","url":"https:\/\/rckopen.com\/wp-content\/uploads\/2023\/08\/4-FMA-1.jpg","contentUrl":"https:\/\/rckopen.com\/wp-content\/uploads\/2023\/08\/4-FMA-1.jpg","width":600,"height":600,"caption":"4F-MPH Online Kopen"},{"@type":"BreadcrumbList","@id":"https:\/\/rckopen.com\/product\/4f-mph\/#breadcrumb","itemListElement":[{"@type":"ListItem","position":1,"name":"Home","item":"https:\/\/rckopen.com\/"},{"@type":"ListItem","position":2,"name":"Shop","item":"https:\/\/rckopen.com\/shop\/"},{"@type":"ListItem","position":3,"name":"4F-MPH Online Kopen"}]},{"@type":"WebSite","@id":"https:\/\/rckopen.com\/#website","url":"https:\/\/rckopen.com\/","name":"RC Kopen","description":"Research Chemicals","potentialAction":[{"@type":"SearchAction","target":{"@type":"EntryPoint","urlTemplate":"https:\/\/rckopen.com\/?s={search_term_string}"},"query-input":{"@type":"PropertyValueSpecification","valueRequired":true,"valueName":"search_term_string"}}],"inLanguage":"hu"}]}},"_links":{"self":[{"href":"https:\/\/rckopen.com\/hu\/wp-json\/wp\/v2\/product\/6655","targetHints":{"allow":["GET"]}}],"collection":[{"href":"https:\/\/rckopen.com\/hu\/wp-json\/wp\/v2\/product"}],"about":[{"href":"https:\/\/rckopen.com\/hu\/wp-json\/wp\/v2\/types\/product"}],"replies":[{"embeddable":true,"href":"https:\/\/rckopen.com\/hu\/wp-json\/wp\/v2\/comments?post=6655"}],"wp:featuredmedia":[{"embeddable":true,"href":"https:\/\/rckopen.com\/hu\/wp-json\/wp\/v2\/media\/6683"}],"wp:attachment":[{"href":"https:\/\/rckopen.com\/hu\/wp-json\/wp\/v2\/media?parent=6655"}],"wp:term":[{"taxonomy":"product_brand","embeddable":true,"href":"https:\/\/rckopen.com\/hu\/wp-json\/wp\/v2\/product_brand?post=6655"},{"taxonomy":"product_cat","embeddable":true,"href":"https:\/\/rckopen.com\/hu\/wp-json\/wp\/v2\/product_cat?post=6655"},{"taxonomy":"product_tag","embeddable":true,"href":"https:\/\/rckopen.com\/hu\/wp-json\/wp\/v2\/product_tag?post=6655"}],"curies":[{"name":"wp","href":"https:\/\/api.w.org\/{rel}","templated":true}]}}