{"id":6657,"date":"2023-08-17T07:26:59","date_gmt":"2023-08-17T07:26:59","guid":{"rendered":"https:\/\/diligentplug.com\/chems\/?post_type=product&#038;p=6657"},"modified":"2025-02-04T04:01:12","modified_gmt":"2025-02-04T04:01:12","slug":"hdmp-28","status":"publish","type":"product","link":"https:\/\/rckopen.com\/hu\/termek\/hdmp-28\/","title":{"rendered":"V\u00e1s\u00e1roljon HDMP-28-at online"},"content":{"rendered":"<h2>Hol v\u00e1s\u00e1rolhat HDMP-28 online: \u00fatmutat\u00f3 a min\u0151s\u00e9gi besz\u00e1ll\u00edt\u00f3k megtal\u00e1l\u00e1s\u00e1hoz \u00e9s az \u00e1tver\u00e9sek elker\u00fcl\u00e9s\u00e9hez<\/h2>\n<p>akarod <a href=\"https:\/\/rckopen.com\/hu\/termek\/hdmp-28\/\">HDMP-28 online<\/a> v\u00e1s\u00e1rol, de nem tudja, hol kezdje? nem vagy egyed\u00fcl. A kutat\u00e1si vegyszerek, p\u00e9ld\u00e1ul a HDMP-28 ir\u00e1nti n\u00f6vekv\u0151 kereslet miatt elengedhetetlen, hogy tudjuk, hogyan tal\u00e1ljunk megb\u00edzhat\u00f3 besz\u00e1ll\u00edt\u00f3kat \u00e9s ker\u00fclj\u00fck el a csal\u00e1sokat. \u00cdme egy hasznos \u00fatmutat\u00f3, amely seg\u00edt a keres\u00e9sben, \u00edgy biztos lehet benne, hogy leg\u00e1lisan v\u00e1s\u00e1rolja a HDMP-28-at.<\/p>\n<h3>HDMP-28 meg\u00e9rteni<\/h3>\n<p>Miel\u0151tt oda\u00e9rn\u00e9nk, ahol vagyunk <a href=\"https:\/\/en.wikipedia.org\/wiki\/HDMP-28\">HDMP-28<\/a> Miel\u0151tt megv\u00e1s\u00e1roln\u00e1nk, r\u00f6viden meg kell \u00e9rten\u00fcnk, mi az. A HDMP-28, m\u00e1s n\u00e9ven metilnaftid\u00e1t, stimul\u00e1l\u00f3 tulajdons\u00e1gair\u00f3l ismert kutat\u00e1si vegyi anyag. A kutat\u00f3k gyakran haszn\u00e1lj\u00e1k k\u00fcl\u00f6nb\u00f6z\u0151 ter\u00fcleteken v\u00e9gzett tanulm\u00e1nyokhoz.<\/p>\n<h3>Min\u0151s\u00e9gi besz\u00e1ll\u00edt\u00f3k megtal\u00e1l\u00e1sa<\/h3>\n<p>1. Alapos kutat\u00e1s: Kezdje az elad\u00e1sra sz\u00e1nt HDMP-28 j\u00f3 h\u00edr\u0171 besz\u00e1ll\u00edt\u00f3inak felkutat\u00e1s\u00e1val. Keressen olyan besz\u00e1ll\u00edt\u00f3kat, akik bizony\u00edtottan kiv\u00e1l\u00f3 min\u0151s\u00e9g\u0171 term\u00e9keket biztos\u00edtanak.<\/p>\n<p>2. Ellen\u0151rizze az \u00e9rt\u00e9kel\u00e9seket: A v\u00e1s\u00e1rl\u00f3i v\u00e9lem\u00e9nyek felbecs\u00fclhetetlen \u00e9rt\u00e9k\u0171ek. Keresse meg a kor\u00e1bbi v\u00e1s\u00e1rl\u00f3k visszajelz\u00e9seit, hogy felm\u00e9rje a sz\u00e1ll\u00edt\u00f3 megb\u00edzhat\u00f3s\u00e1g\u00e1t \u00e9s min\u0151s\u00e9g\u00e9t. V\u00e1s\u00e1roljon HDMP-28 csak t\u0151l\u00fcnk az Egyes\u00fclt Kir\u00e1lys\u00e1gban.<\/p>\n<p>3. Ellen\u0151rizze a jogszer\u0171s\u00e9get: Gy\u0151z\u0151dj\u00f6n meg arr\u00f3l, hogy a sz\u00e1ll\u00edt\u00f3 megfelel a kutat\u00e1si c\u00e9l\u00fa vegyi anyagok \u00e9rt\u00e9kes\u00edt\u00e9s\u00e9re vonatkoz\u00f3 jogi k\u00f6vetelm\u00e9nyeknek. A leg\u00e1lis besz\u00e1ll\u00edt\u00f3knak megfelel\u0151 dokument\u00e1ci\u00f3ra van sz\u00fcks\u00e9g\u00fck, \u00e9s be kell tartaniuk a jogi protokollokat.<\/p>\n<p>Az \u00e1tver\u00e9sek elker\u00fcl\u00e9se<br \/>\n1. \u00d3vakodjon az irre\u00e1lis \u00e1ll\u00edt\u00e1sokt\u00f3l: Ha egy sz\u00e1ll\u00edt\u00f3 irre\u00e1lis eredm\u00e9nyeket \u00edg\u00e9r, vagy azt \u00e1ll\u00edtja, hogy a term\u00e9ke k\u00e9pes gy\u00f3gy\u00edtani a betegs\u00e9geket, j\u00e1rjon el \u00f3vatosan. A val\u00f3di sz\u00e1ll\u00edt\u00f3k pontos inform\u00e1ci\u00f3kat ny\u00fajtanak term\u00e9keikr\u0151l.<\/p>\n<p>2. Ellen\u0151rizze a fizet\u00e9si m\u00f3dokat: A leg\u00e1lis sz\u00e1ll\u00edt\u00f3k biztons\u00e1gos fizet\u00e9si m\u00f3dokat k\u00edn\u00e1lnak. Ker\u00fclje az olyan besz\u00e1ll\u00edt\u00f3kat, amelyek ragaszkodnak a nem szokv\u00e1nyos fizet\u00e9si m\u00f3dokhoz, vagy garanci\u00e1k n\u00e9lk\u00fcli el\u0151refizet\u00e9st k\u00f6vetelnek.<\/p>\n<p>3. Keresse a v\u00f6r\u00f6s z\u00e1szl\u00f3kat: b\u00edzzon az \u00f6szt\u00f6neiben. Ha valami nem stimmel egy besz\u00e1ll\u00edt\u00f3val vagy a weboldal\u00e1val kapcsolatban, vizsg\u00e1ljon meg m\u00e1s lehet\u0151s\u00e9geket, hogy elker\u00fclje az esetleges \u00e1tver\u00e9seket.<\/p>\n<h2>HDMP-28 veilig en legaal online kopen<\/h2>\n<p>Most, hogy rendelkezik a megb\u00edzhat\u00f3 besz\u00e1ll\u00edt\u00f3k megtal\u00e1l\u00e1s\u00e1hoz \u00e9s a csal\u00e1sok elker\u00fcl\u00e9s\u00e9hez sz\u00fcks\u00e9ges tud\u00e1ssal, itt az ideje, hogy megv\u00e1s\u00e1rolja. L\u00e1togat\u00e1s <a href=\"https:\/\/rckopen.com\/hu\/\">RCKopen<\/a> a probl\u00e9mamentes v\u00e1s\u00e1rl\u00e1si \u00e9lm\u00e9ny\u00e9rt. A kiv\u00e1l\u00f3 h\u00edrn\u00e9vnek \u00f6rvend\u0151 \u00e9s az \u00fcgyfelek el\u00e9gedetts\u00e9ge ir\u00e1nti elk\u00f6telezetts\u00e9gnek k\u00f6sz\u00f6nhet\u0151en az RCKOpen leg\u00e1lisan \u00e9s v\u00e9ny n\u00e9lk\u00fcl k\u00edn\u00e1lja a HDMP-28 elad\u00e1s\u00e1t.<\/p>\n<p>A HDMP-28 online v\u00e1s\u00e1rl\u00e1sakor a min\u0151s\u00e9gi besz\u00e1ll\u00edt\u00f3k megtal\u00e1l\u00e1sa \u00e9s az \u00e1tver\u00e9sek elker\u00fcl\u00e9se kulcsfontoss\u00e1g\u00fa a biztons\u00e1gos \u00e9s sikeres kutat\u00e1si t\u00f6rekv\u00e9sekhez. A fenti ir\u00e1nyelvek betart\u00e1s\u00e1val \u00e9s egy megb\u00edzhat\u00f3 sz\u00e1ll\u00edt\u00f3, p\u00e9ld\u00e1ul az RCKOpen kiv\u00e1laszt\u00e1s\u00e1val magabiztosan v\u00e1s\u00e1rolhat HDMP-28-at, \u00e9s nyugodtan kezdheti el kutat\u00e1si \u00fatj\u00e1t. Kezdje el a kutat\u00e1st m\u00e9g ma, \u00e9s t\u00e1rja fel a HDMP-28-ban rejl\u0151 lehet\u0151s\u00e9geket a tanulm\u00e1nya sz\u00e1m\u00e1ra.<\/p>\n<p>Ne feledje: amikor a HDMP-28 megv\u00e1s\u00e1rl\u00e1s\u00e1r\u00f3l van sz\u00f3, v\u00e1lassza a megb\u00edzhat\u00f3s\u00e1got, v\u00e1lassza a jogszer\u0171s\u00e9get, v\u00e1lassza az RCKOpen-t.<\/p>","protected":false},"excerpt":{"rendered":"<p><strong>IUPAC-n\u00e9v: <\/strong>Metil-(2R)-2-naftil[(2R)-2-piperidinil]acet\u00e1t<\/p>\n<p><strong>CAS # <\/strong>219915-69-2<\/p>\n<p><strong>Megjelen\u00e9s: <\/strong>por<\/p>\n<p><strong>NMR-elemz\u00e9s: <\/strong>C18H21NO2<\/p>","protected":false},"featured_media":6684,"comment_status":"open","ping_status":"closed","template":"","meta":{"_joinchat":[]},"product_brand":[],"product_cat":[147],"product_tag":[],"class_list":{"0":"post-6657","1":"product","2":"type-product","3":"status-publish","4":"has-post-thumbnail","6":"product_cat-piperidinen","8":"first","9":"instock","10":"shipping-taxable","11":"purchasable","12":"product-type-variable"},"yoast_head":"<!-- This site is optimized with the Yoast SEO plugin v26.3 - https:\/\/yoast.com\/wordpress\/plugins\/seo\/ -->\n<title>HDMP-28 online kopen - HDMP-28 te koop | RC Kopen<\/title>\n<meta name=\"description\" content=\"U kunt HDMP-28 te koop krijgen in onze winkel en zonder problemen bij u thuis krijgen. Wij helpen u HDMP-28 online kopen. Bestel nu!\" \/>\n<meta name=\"robots\" content=\"index, follow, max-snippet:-1, max-image-preview:large, max-video-preview:-1\" \/>\n<link rel=\"canonical\" href=\"https:\/\/rckopen.com\/hu\/termek\/hdmp-28\/\" \/>\n<meta property=\"og:locale\" content=\"hu_HU\" \/>\n<meta property=\"og:type\" content=\"article\" \/>\n<meta property=\"og:title\" content=\"HDMP-28 online kopen - HDMP-28 te koop | RC Kopen\" \/>\n<meta property=\"og:description\" content=\"U kunt HDMP-28 te koop krijgen in onze winkel en zonder problemen bij u thuis krijgen. Wij helpen u HDMP-28 online kopen. Bestel nu!\" \/>\n<meta property=\"og:url\" content=\"https:\/\/rckopen.com\/hu\/termek\/hdmp-28\/\" \/>\n<meta property=\"og:site_name\" content=\"RC Kopen\" \/>\n<meta property=\"article:modified_time\" content=\"2025-02-04T04:01:12+00:00\" \/>\n<meta property=\"og:image\" content=\"https:\/\/rckopen.com\/wp-content\/uploads\/2023\/08\/HDMP-28.jpg\" \/>\n\t<meta property=\"og:image:width\" content=\"600\" \/>\n\t<meta property=\"og:image:height\" content=\"600\" \/>\n\t<meta property=\"og:image:type\" content=\"image\/jpeg\" \/>\n<meta name=\"twitter:card\" content=\"summary_large_image\" \/>\n<meta name=\"twitter:label1\" content=\"Becs\u00fclt olvas\u00e1si id\u0151\" \/>\n\t<meta name=\"twitter:data1\" content=\"3 perc\" \/>\n<script type=\"application\/ld+json\" class=\"yoast-schema-graph\">{\"@context\":\"https:\/\/schema.org\",\"@graph\":[{\"@type\":\"WebPage\",\"@id\":\"https:\/\/rckopen.com\/product\/hdmp-28\/\",\"url\":\"https:\/\/rckopen.com\/product\/hdmp-28\/\",\"name\":\"HDMP-28 online kopen - HDMP-28 te koop | RC Kopen\",\"isPartOf\":{\"@id\":\"https:\/\/rckopen.com\/#website\"},\"primaryImageOfPage\":{\"@id\":\"https:\/\/rckopen.com\/product\/hdmp-28\/#primaryimage\"},\"image\":{\"@id\":\"https:\/\/rckopen.com\/product\/hdmp-28\/#primaryimage\"},\"thumbnailUrl\":\"https:\/\/rckopen.com\/wp-content\/uploads\/2023\/08\/HDMP-28.jpg\",\"datePublished\":\"2023-08-17T07:26:59+00:00\",\"dateModified\":\"2025-02-04T04:01:12+00:00\",\"description\":\"U kunt HDMP-28 te koop krijgen in onze winkel en zonder problemen bij u thuis krijgen. Wij helpen u HDMP-28 online kopen. Bestel nu!\",\"breadcrumb\":{\"@id\":\"https:\/\/rckopen.com\/product\/hdmp-28\/#breadcrumb\"},\"inLanguage\":\"hu\",\"potentialAction\":[{\"@type\":\"ReadAction\",\"target\":[\"https:\/\/rckopen.com\/product\/hdmp-28\/\"]}]},{\"@type\":\"ImageObject\",\"inLanguage\":\"hu\",\"@id\":\"https:\/\/rckopen.com\/product\/hdmp-28\/#primaryimage\",\"url\":\"https:\/\/rckopen.com\/wp-content\/uploads\/2023\/08\/HDMP-28.jpg\",\"contentUrl\":\"https:\/\/rckopen.com\/wp-content\/uploads\/2023\/08\/HDMP-28.jpg\",\"width\":600,\"height\":600,\"caption\":\"HDMP-28 online kopen\"},{\"@type\":\"BreadcrumbList\",\"@id\":\"https:\/\/rckopen.com\/product\/hdmp-28\/#breadcrumb\",\"itemListElement\":[{\"@type\":\"ListItem\",\"position\":1,\"name\":\"Home\",\"item\":\"https:\/\/rckopen.com\/\"},{\"@type\":\"ListItem\",\"position\":2,\"name\":\"Shop\",\"item\":\"https:\/\/rckopen.com\/shop\/\"},{\"@type\":\"ListItem\",\"position\":3,\"name\":\"HDMP-28 online kopen\"}]},{\"@type\":\"WebSite\",\"@id\":\"https:\/\/rckopen.com\/#website\",\"url\":\"https:\/\/rckopen.com\/\",\"name\":\"RC Kopen\",\"description\":\"Research Chemicals\",\"potentialAction\":[{\"@type\":\"SearchAction\",\"target\":{\"@type\":\"EntryPoint\",\"urlTemplate\":\"https:\/\/rckopen.com\/?s={search_term_string}\"},\"query-input\":{\"@type\":\"PropertyValueSpecification\",\"valueRequired\":true,\"valueName\":\"search_term_string\"}}],\"inLanguage\":\"hu\"}]}<\/script>\n<!-- \/ Yoast SEO plugin. -->","yoast_head_json":{"title":"HDMP-28 online kopen - HDMP-28 te koop | RC Kopen","description":"U kunt HDMP-28 te koop krijgen in onze winkel en zonder problemen bij u thuis krijgen. Wij helpen u HDMP-28 online kopen. Bestel nu!","robots":{"index":"index","follow":"follow","max-snippet":"max-snippet:-1","max-image-preview":"max-image-preview:large","max-video-preview":"max-video-preview:-1"},"canonical":"https:\/\/rckopen.com\/hu\/termek\/hdmp-28\/","og_locale":"hu_HU","og_type":"article","og_title":"HDMP-28 online kopen - HDMP-28 te koop | RC Kopen","og_description":"U kunt HDMP-28 te koop krijgen in onze winkel en zonder problemen bij u thuis krijgen. Wij helpen u HDMP-28 online kopen. Bestel nu!","og_url":"https:\/\/rckopen.com\/hu\/termek\/hdmp-28\/","og_site_name":"RC Kopen","article_modified_time":"2025-02-04T04:01:12+00:00","og_image":[{"width":600,"height":600,"url":"https:\/\/rckopen.com\/wp-content\/uploads\/2023\/08\/HDMP-28.jpg","type":"image\/jpeg"}],"twitter_card":"summary_large_image","twitter_misc":{"Becs\u00fclt olvas\u00e1si id\u0151":"3 perc"},"schema":{"@context":"https:\/\/schema.org","@graph":[{"@type":"WebPage","@id":"https:\/\/rckopen.com\/product\/hdmp-28\/","url":"https:\/\/rckopen.com\/product\/hdmp-28\/","name":"HDMP-28 online kopen - HDMP-28 te koop | RC Kopen","isPartOf":{"@id":"https:\/\/rckopen.com\/#website"},"primaryImageOfPage":{"@id":"https:\/\/rckopen.com\/product\/hdmp-28\/#primaryimage"},"image":{"@id":"https:\/\/rckopen.com\/product\/hdmp-28\/#primaryimage"},"thumbnailUrl":"https:\/\/rckopen.com\/wp-content\/uploads\/2023\/08\/HDMP-28.jpg","datePublished":"2023-08-17T07:26:59+00:00","dateModified":"2025-02-04T04:01:12+00:00","description":"U kunt HDMP-28 te koop krijgen in onze winkel en zonder problemen bij u thuis krijgen. Wij helpen u HDMP-28 online kopen. Bestel nu!","breadcrumb":{"@id":"https:\/\/rckopen.com\/product\/hdmp-28\/#breadcrumb"},"inLanguage":"hu","potentialAction":[{"@type":"ReadAction","target":["https:\/\/rckopen.com\/product\/hdmp-28\/"]}]},{"@type":"ImageObject","inLanguage":"hu","@id":"https:\/\/rckopen.com\/product\/hdmp-28\/#primaryimage","url":"https:\/\/rckopen.com\/wp-content\/uploads\/2023\/08\/HDMP-28.jpg","contentUrl":"https:\/\/rckopen.com\/wp-content\/uploads\/2023\/08\/HDMP-28.jpg","width":600,"height":600,"caption":"HDMP-28 online kopen"},{"@type":"BreadcrumbList","@id":"https:\/\/rckopen.com\/product\/hdmp-28\/#breadcrumb","itemListElement":[{"@type":"ListItem","position":1,"name":"Home","item":"https:\/\/rckopen.com\/"},{"@type":"ListItem","position":2,"name":"Shop","item":"https:\/\/rckopen.com\/shop\/"},{"@type":"ListItem","position":3,"name":"HDMP-28 online kopen"}]},{"@type":"WebSite","@id":"https:\/\/rckopen.com\/#website","url":"https:\/\/rckopen.com\/","name":"RC Kopen","description":"Research Chemicals","potentialAction":[{"@type":"SearchAction","target":{"@type":"EntryPoint","urlTemplate":"https:\/\/rckopen.com\/?s={search_term_string}"},"query-input":{"@type":"PropertyValueSpecification","valueRequired":true,"valueName":"search_term_string"}}],"inLanguage":"hu"}]}},"_links":{"self":[{"href":"https:\/\/rckopen.com\/hu\/wp-json\/wp\/v2\/product\/6657","targetHints":{"allow":["GET"]}}],"collection":[{"href":"https:\/\/rckopen.com\/hu\/wp-json\/wp\/v2\/product"}],"about":[{"href":"https:\/\/rckopen.com\/hu\/wp-json\/wp\/v2\/types\/product"}],"replies":[{"embeddable":true,"href":"https:\/\/rckopen.com\/hu\/wp-json\/wp\/v2\/comments?post=6657"}],"wp:featuredmedia":[{"embeddable":true,"href":"https:\/\/rckopen.com\/hu\/wp-json\/wp\/v2\/media\/6684"}],"wp:attachment":[{"href":"https:\/\/rckopen.com\/hu\/wp-json\/wp\/v2\/media?parent=6657"}],"wp:term":[{"taxonomy":"product_brand","embeddable":true,"href":"https:\/\/rckopen.com\/hu\/wp-json\/wp\/v2\/product_brand?post=6657"},{"taxonomy":"product_cat","embeddable":true,"href":"https:\/\/rckopen.com\/hu\/wp-json\/wp\/v2\/product_cat?post=6657"},{"taxonomy":"product_tag","embeddable":true,"href":"https:\/\/rckopen.com\/hu\/wp-json\/wp\/v2\/product_tag?post=6657"}],"curies":[{"name":"wp","href":"https:\/\/api.w.org\/{rel}","templated":true}]}}