{"id":6659,"date":"2023-08-18T07:54:07","date_gmt":"2023-08-18T07:54:07","guid":{"rendered":"https:\/\/diligentplug.com\/chems\/?post_type=product&#038;p=6659"},"modified":"2025-02-04T03:58:27","modified_gmt":"2025-02-04T03:58:27","slug":"koop-hdep-28","status":"publish","type":"product","link":"https:\/\/rckopen.com\/hu\/termek\/koop-hdep-28\/","title":{"rendered":"V\u00e1s\u00e1roljon HDEP-28-at online"},"content":{"rendered":"<h2>V\u00e1s\u00e1roljon HDEP-28-at online<\/h2>\n<p>Fedezze fel a vil\u00e1got <a href=\"https:\/\/rckopen.com\/hu\/termek\/koop-hdep-28\/\">HDEP-28<\/a> met <a href=\"https:\/\/rckopen.com\/hu\/\">RCKopen<\/a>: a kutat\u00e1si vegyszerek megb\u00edzhat\u00f3 forr\u00e1sa<\/p>\n<p>Az RCKopenn\u00e9l az a c\u00e9lunk, hogy az egyszer\u0171 HDEP-28-at, egy \u00fatt\u00f6r\u0151 vegy\u00fcletet k\u00edn\u00e1ljunk \u00d6nnek, amely forradalmas\u00edtja a kutat\u00e1st. Ak\u00e1r tapasztalt kutat\u00f3 vagy, ak\u00e1r csak most kezdi, mi itt vagyunk az \u00d6n sz\u00e1m\u00e1ra. Ez\u00e9rt \u00e9rdemes az RCKopen-t v\u00e1lasztania minden HDEP-28 ig\u00e9ny\u00e9hez:<\/p>\n<h3>Mi az a HDEP-28?<\/h3>\n<p><a href=\"https:\/\/en.wikipedia.org\/wiki\/HDEP-28\">HDEP-28<\/a> egy \u00fatt\u00f6r\u0151 kutat\u00e1si vegy\u00fclet, amely egyed\u00fcl\u00e1ll\u00f3 tulajdons\u00e1gair\u00f3l \u00e9s a k\u00fcl\u00f6nb\u00f6z\u0151 tudom\u00e1nyos ter\u00fcleteken t\u00f6rt\u00e9n\u0151 alkalmaz\u00e1si lehet\u0151s\u00e9geir\u0151l ismert. Az idegtudom\u00e1nyi \u00e9s farmakol\u00f3giai tanulm\u00e1nyok \u00edg\u00e9retes eredm\u00e9nyei miatt vonzza a figyelmet. HDEP-28-at csak t\u0151l\u00fcnk v\u00e1s\u00e1roljon.<\/p>\n<h3>Mi\u00e9rt v\u00e1lassza az RCKopen-t?<\/h3>\n<p>- Min\u0151s\u00e9gbiztos\u00edt\u00e1s: Ha HDEP-28-at v\u00e1s\u00e1rol az RCKopen-t\u0151l, biztos lehet benne, hogy a legjobb min\u0151s\u00e9g\u0171 term\u00e9ket kapja. Szigor\u00fa min\u0151s\u00e9g-ellen\u0151rz\u00e9si int\u00e9zked\u00e9seket tartunk be, hogy biztos\u00edtsuk az egyes t\u00e9telek tisztas\u00e1g\u00e1t \u00e9s konzisztenci\u00e1j\u00e1t.<\/p>\n<p>- Egyszer\u0171 rendel\u00e9si folyamat: a HDEP-28 megrendel\u00e9se m\u00e9g soha nem volt ilyen egyszer\u0171. Egyszer\u0171en b\u00f6ng\u00e9sszen weboldalunkon, v\u00e1lassza ki a k\u00edv\u00e1nt mennyis\u00e9get, \u00e9s folytassa a fizet\u00e9ssel. Z\u00f6kken\u0151mentes rendel\u00e9si \u00e9lm\u00e9nyt k\u00edn\u00e1lunk, hogy id\u0151t \u00e9s energi\u00e1t takar\u00edtson meg.<\/p>\n<p>- Diszkr\u00e9t sz\u00e1ll\u00edt\u00e1s: az \u00d6n adatainak v\u00e9delme fontos sz\u00e1munkra. Ez\u00e9rt a HDEP-28 megrendel\u00e9s\u00e9t diszkr\u00e9ten, azonos\u00edt\u00f3 c\u00edmk\u00e9k vagy jel\u00f6l\u00e9sek n\u00e9lk\u00fcl csomagoljuk \u00e9s sz\u00e1ll\u00edtjuk.<\/p>\n<p>- \u00dcgyf\u00e9l-el\u00e9gedetts\u00e9g: Az RCKopenn\u00e9l az \u00fcgyfelek el\u00e9gedetts\u00e9ge a legf\u0151bb priorit\u00e1sunk. Elk\u00f6telezett \u00fcgyf\u00e9lszolg\u00e1lati csapatunk k\u00e9szen \u00e1ll, hogy seg\u00edtsen \u00d6nnek b\u00e1rmilyen k\u00e9rd\u00e9se vagy megjegyz\u00e9se eset\u00e9n.<\/p>\n<h2>Waar te koop HDEP-28<\/h2>\n<p>\u00c9rdekel, hol v\u00e1s\u00e1rolhat HDEP-28-at? Ne keressen tov\u00e1bb, mint RCKopen. Mi az \u00d6n egyablakos \u00fcgyint\u00e9z\u0151je mindent, ami a HDEP-28-cal kapcsolatos. Csup\u00e1n n\u00e9h\u00e1ny kattint\u00e1ssal h\u00e1zhoz sz\u00e1ll\u00edthatja ezt az innovat\u00edv kever\u00e9ket.<\/p>\n<h2>HDEP-28 te koop<\/h2>\n<p>Elad\u00f3 HDEP-28-at keres? szerencs\u00e9d van! Az RCKopen versenyk\u00e9pes \u00e1rakat k\u00edn\u00e1l a HDEP-28-hoz, \u00edgy vil\u00e1gszerte el\u00e9rhet\u0151bb\u00e9 v\u00e1lik a kutat\u00f3k sz\u00e1m\u00e1ra. Haszn\u00e1lja ki gazdas\u00e1gos \u00e1rainkat min\u0151s\u00e9gi kompromisszumok n\u00e9lk\u00fcl.<\/p>\n<h2>Bestel vandaag nog HDEP-28 online kopen<\/h2>\n<p>K\u00e9szen \u00e1ll arra, hogy kutat\u00e1s\u00e1t a k\u00f6vetkez\u0151 szintre emelje? Rendelje meg HDEP-28-at az RCKopenn\u00e9l m\u00e9g ma. K\u00f6sz\u00f6nhet\u0151en egyszer\u0171 rendel\u00e9si folyamatunknak \u00e9s gyors sz\u00e1ll\u00edt\u00e1sunknak, pillanatok alatt a kez\u00e9ben lesz ez a figyelemre m\u00e9lt\u00f3 vegy\u00fclet.<\/p>\n<h2>HDEP-28 legaal online kopen<\/h2>\n<p>Biztos lehet benne, hogy amikor leg\u00e1lisan v\u00e1s\u00e1rol HDEP-28-at az RCKopent\u0151l, akkor azt leg\u00e1lisan teszi. Minden vonatkoz\u00f3 el\u0151\u00edr\u00e1st \u00e9s ir\u00e1nyelvet betartunk, hogy \u00fcgyfeleink sz\u00e1m\u00e1ra biztons\u00e1gos \u00e9s leg\u00e1lis v\u00e1s\u00e1rl\u00e1si \u00e9lm\u00e9nyt biztos\u00edtsunk.<\/p>\n<h2>HDEP-28 in Groot-Brittanni\u00eb online kopen<\/h2>\n<p>Ha az Egyes\u00fclt Kir\u00e1lys\u00e1gban \u00e9l, \u00e9s HDEP-28-at szeretne v\u00e1s\u00e1rolni az Egyes\u00fclt Kir\u00e1lys\u00e1gban, szerencs\u00e9je van. Az RCKopen az Egyes\u00fclt Kir\u00e1lys\u00e1gban tart\u00f3zkod\u00f3 \u00fcgyfeleknek sz\u00e1ll\u00edt, \u00edgy k\u00f6nnyen hozz\u00e1f\u00e9rhet ehhez az innovat\u00edv komplexumhoz.<\/p>\n<h2>HDEP-28 zonder recept online kopen<\/h2>\n<p>M\u00e1s anyagokkal ellent\u00e9tben a HDEP-28 v\u00e9ny n\u00e9lk\u00fcl is megv\u00e1s\u00e1rolhat\u00f3 az RCKopen-t\u0151l. Hisz\u00fcnk abban, hogy a kutat\u00e1si vegyi anyagokat vil\u00e1gszerte hozz\u00e1f\u00e9rhet\u0151v\u00e9 tegy\u00fck a kutat\u00f3k sz\u00e1m\u00e1ra. Ez\u00e9rt a HDEP-28-at felesleges megk\u00f6t\u00e9sek n\u00e9lk\u00fcl k\u00edn\u00e1ljuk elad\u00e1sra.<\/p>\n<p>Tapasztalja meg, milyen k\u00fcl\u00f6nbs\u00e9get jelenthet a HDEP-28 kutat\u00e1si er\u0151fesz\u00edt\u00e9sei sor\u00e1n. B\u00edzzon az RCKopenben, mint megb\u00edzhat\u00f3 forr\u00e1sban a HDEP-28 kiv\u00e1l\u00f3 min\u0151s\u00e9g\u0171, v\u00e9ny n\u00e9lk\u00fcl kaphat\u00f3 v\u00e1s\u00e1rl\u00e1s\u00e1hoz. \u00c9lvezze a z\u00f6kken\u0151mentes v\u00e1s\u00e1rl\u00e1si \u00e9lm\u00e9nyt az elej\u00e9t\u0151l a v\u00e9g\u00e9ig. Rendelje meg most, \u00e9s t\u00e1rja fel ennek az \u00e1tt\u00f6r\u0151 vegy\u00fcletnek a lehet\u0151s\u00e9geit!<\/p>","protected":false},"excerpt":{"rendered":"<p>IUPAC-eln\u00e9v: Etil-2-(naftalin-2-il)-2-(piperidin-2-il)acet\u00e1t<\/p>\n<p>CAS # 2170529-69-6<\/p>\n<p>Megjelen\u00e9s: por<\/p>\n<p>NMR-elemz\u00e9s: C19H23NO2<\/p>","protected":false},"featured_media":6986,"comment_status":"open","ping_status":"closed","template":"","meta":{"_joinchat":[]},"product_brand":[],"product_cat":[147],"product_tag":[],"class_list":{"0":"post-6659","1":"product","2":"type-product","3":"status-publish","4":"has-post-thumbnail","6":"product_cat-piperidinen","8":"first","9":"instock","10":"shipping-taxable","11":"purchasable","12":"product-type-variable"},"yoast_head":"<!-- This site is optimized with the Yoast SEO plugin v26.3 - https:\/\/yoast.com\/wordpress\/plugins\/seo\/ -->\n<title>HDEP-28 online kopen - HDEP-28 te koop | RC Kopen<\/title>\n<meta name=\"description\" content=\"Aan uw eis om HDEP-28 online kopen kan worden voldaan in onze online rc kopen-winkel, aangezien we hier HDEP-28 te koop hebben. Plaats uw bestelling en ontvang elke dag betaalbare aanbiedingen.\" \/>\n<meta name=\"robots\" content=\"index, follow, max-snippet:-1, max-image-preview:large, max-video-preview:-1\" \/>\n<link rel=\"canonical\" href=\"https:\/\/rckopen.com\/hu\/termek\/koop-hdep-28\/\" \/>\n<meta property=\"og:locale\" content=\"hu_HU\" \/>\n<meta property=\"og:type\" content=\"article\" \/>\n<meta property=\"og:title\" content=\"HDEP-28 online kopen - HDEP-28 te koop | RC Kopen\" \/>\n<meta property=\"og:description\" content=\"Aan uw eis om HDEP-28 online kopen kan worden voldaan in onze online rc kopen-winkel, aangezien we hier HDEP-28 te koop hebben. Plaats uw bestelling en ontvang elke dag betaalbare aanbiedingen.\" \/>\n<meta property=\"og:url\" content=\"https:\/\/rckopen.com\/hu\/termek\/koop-hdep-28\/\" \/>\n<meta property=\"og:site_name\" content=\"RC Kopen\" \/>\n<meta property=\"article:modified_time\" content=\"2025-02-04T03:58:27+00:00\" \/>\n<meta property=\"og:image\" content=\"https:\/\/rckopen.com\/wp-content\/uploads\/2023\/08\/HDEP-28.jpg\" \/>\n\t<meta property=\"og:image:width\" content=\"600\" \/>\n\t<meta property=\"og:image:height\" content=\"600\" \/>\n\t<meta property=\"og:image:type\" content=\"image\/jpeg\" \/>\n<meta name=\"twitter:card\" content=\"summary_large_image\" \/>\n<meta name=\"twitter:label1\" content=\"Becs\u00fclt olvas\u00e1si id\u0151\" \/>\n\t<meta name=\"twitter:data1\" content=\"3 perc\" \/>\n<script type=\"application\/ld+json\" class=\"yoast-schema-graph\">{\"@context\":\"https:\/\/schema.org\",\"@graph\":[{\"@type\":\"WebPage\",\"@id\":\"https:\/\/rckopen.com\/product\/koop-hdep-28\/\",\"url\":\"https:\/\/rckopen.com\/product\/koop-hdep-28\/\",\"name\":\"HDEP-28 online kopen - HDEP-28 te koop | RC Kopen\",\"isPartOf\":{\"@id\":\"https:\/\/rckopen.com\/#website\"},\"primaryImageOfPage\":{\"@id\":\"https:\/\/rckopen.com\/product\/koop-hdep-28\/#primaryimage\"},\"image\":{\"@id\":\"https:\/\/rckopen.com\/product\/koop-hdep-28\/#primaryimage\"},\"thumbnailUrl\":\"https:\/\/rckopen.com\/wp-content\/uploads\/2023\/08\/HDEP-28.jpg\",\"datePublished\":\"2023-08-18T07:54:07+00:00\",\"dateModified\":\"2025-02-04T03:58:27+00:00\",\"description\":\"Aan uw eis om HDEP-28 online kopen kan worden voldaan in onze online rc kopen-winkel, aangezien we hier HDEP-28 te koop hebben. Plaats uw bestelling en ontvang elke dag betaalbare aanbiedingen.\",\"breadcrumb\":{\"@id\":\"https:\/\/rckopen.com\/product\/koop-hdep-28\/#breadcrumb\"},\"inLanguage\":\"hu\",\"potentialAction\":[{\"@type\":\"ReadAction\",\"target\":[\"https:\/\/rckopen.com\/product\/koop-hdep-28\/\"]}]},{\"@type\":\"ImageObject\",\"inLanguage\":\"hu\",\"@id\":\"https:\/\/rckopen.com\/product\/koop-hdep-28\/#primaryimage\",\"url\":\"https:\/\/rckopen.com\/wp-content\/uploads\/2023\/08\/HDEP-28.jpg\",\"contentUrl\":\"https:\/\/rckopen.com\/wp-content\/uploads\/2023\/08\/HDEP-28.jpg\",\"width\":600,\"height\":600,\"caption\":\"HDEP-28 online kopen\"},{\"@type\":\"BreadcrumbList\",\"@id\":\"https:\/\/rckopen.com\/product\/koop-hdep-28\/#breadcrumb\",\"itemListElement\":[{\"@type\":\"ListItem\",\"position\":1,\"name\":\"Home\",\"item\":\"https:\/\/rckopen.com\/\"},{\"@type\":\"ListItem\",\"position\":2,\"name\":\"Shop\",\"item\":\"https:\/\/rckopen.com\/shop\/\"},{\"@type\":\"ListItem\",\"position\":3,\"name\":\"HDEP-28 online kopen\"}]},{\"@type\":\"WebSite\",\"@id\":\"https:\/\/rckopen.com\/#website\",\"url\":\"https:\/\/rckopen.com\/\",\"name\":\"RC Kopen\",\"description\":\"Research Chemicals\",\"potentialAction\":[{\"@type\":\"SearchAction\",\"target\":{\"@type\":\"EntryPoint\",\"urlTemplate\":\"https:\/\/rckopen.com\/?s={search_term_string}\"},\"query-input\":{\"@type\":\"PropertyValueSpecification\",\"valueRequired\":true,\"valueName\":\"search_term_string\"}}],\"inLanguage\":\"hu\"}]}<\/script>\n<!-- \/ Yoast SEO plugin. -->","yoast_head_json":{"title":"HDEP-28 online kopen - HDEP-28 te koop | RC Kopen","description":"Aan uw eis om HDEP-28 online kopen kan worden voldaan in onze online rc kopen-winkel, aangezien we hier HDEP-28 te koop hebben. Plaats uw bestelling en ontvang elke dag betaalbare aanbiedingen.","robots":{"index":"index","follow":"follow","max-snippet":"max-snippet:-1","max-image-preview":"max-image-preview:large","max-video-preview":"max-video-preview:-1"},"canonical":"https:\/\/rckopen.com\/hu\/termek\/koop-hdep-28\/","og_locale":"hu_HU","og_type":"article","og_title":"HDEP-28 online kopen - HDEP-28 te koop | RC Kopen","og_description":"Aan uw eis om HDEP-28 online kopen kan worden voldaan in onze online rc kopen-winkel, aangezien we hier HDEP-28 te koop hebben. Plaats uw bestelling en ontvang elke dag betaalbare aanbiedingen.","og_url":"https:\/\/rckopen.com\/hu\/termek\/koop-hdep-28\/","og_site_name":"RC Kopen","article_modified_time":"2025-02-04T03:58:27+00:00","og_image":[{"width":600,"height":600,"url":"https:\/\/rckopen.com\/wp-content\/uploads\/2023\/08\/HDEP-28.jpg","type":"image\/jpeg"}],"twitter_card":"summary_large_image","twitter_misc":{"Becs\u00fclt olvas\u00e1si id\u0151":"3 perc"},"schema":{"@context":"https:\/\/schema.org","@graph":[{"@type":"WebPage","@id":"https:\/\/rckopen.com\/product\/koop-hdep-28\/","url":"https:\/\/rckopen.com\/product\/koop-hdep-28\/","name":"HDEP-28 online kopen - HDEP-28 te koop | RC Kopen","isPartOf":{"@id":"https:\/\/rckopen.com\/#website"},"primaryImageOfPage":{"@id":"https:\/\/rckopen.com\/product\/koop-hdep-28\/#primaryimage"},"image":{"@id":"https:\/\/rckopen.com\/product\/koop-hdep-28\/#primaryimage"},"thumbnailUrl":"https:\/\/rckopen.com\/wp-content\/uploads\/2023\/08\/HDEP-28.jpg","datePublished":"2023-08-18T07:54:07+00:00","dateModified":"2025-02-04T03:58:27+00:00","description":"Aan uw eis om HDEP-28 online kopen kan worden voldaan in onze online rc kopen-winkel, aangezien we hier HDEP-28 te koop hebben. Plaats uw bestelling en ontvang elke dag betaalbare aanbiedingen.","breadcrumb":{"@id":"https:\/\/rckopen.com\/product\/koop-hdep-28\/#breadcrumb"},"inLanguage":"hu","potentialAction":[{"@type":"ReadAction","target":["https:\/\/rckopen.com\/product\/koop-hdep-28\/"]}]},{"@type":"ImageObject","inLanguage":"hu","@id":"https:\/\/rckopen.com\/product\/koop-hdep-28\/#primaryimage","url":"https:\/\/rckopen.com\/wp-content\/uploads\/2023\/08\/HDEP-28.jpg","contentUrl":"https:\/\/rckopen.com\/wp-content\/uploads\/2023\/08\/HDEP-28.jpg","width":600,"height":600,"caption":"HDEP-28 online kopen"},{"@type":"BreadcrumbList","@id":"https:\/\/rckopen.com\/product\/koop-hdep-28\/#breadcrumb","itemListElement":[{"@type":"ListItem","position":1,"name":"Home","item":"https:\/\/rckopen.com\/"},{"@type":"ListItem","position":2,"name":"Shop","item":"https:\/\/rckopen.com\/shop\/"},{"@type":"ListItem","position":3,"name":"HDEP-28 online kopen"}]},{"@type":"WebSite","@id":"https:\/\/rckopen.com\/#website","url":"https:\/\/rckopen.com\/","name":"RC Kopen","description":"Research Chemicals","potentialAction":[{"@type":"SearchAction","target":{"@type":"EntryPoint","urlTemplate":"https:\/\/rckopen.com\/?s={search_term_string}"},"query-input":{"@type":"PropertyValueSpecification","valueRequired":true,"valueName":"search_term_string"}}],"inLanguage":"hu"}]}},"_links":{"self":[{"href":"https:\/\/rckopen.com\/hu\/wp-json\/wp\/v2\/product\/6659","targetHints":{"allow":["GET"]}}],"collection":[{"href":"https:\/\/rckopen.com\/hu\/wp-json\/wp\/v2\/product"}],"about":[{"href":"https:\/\/rckopen.com\/hu\/wp-json\/wp\/v2\/types\/product"}],"replies":[{"embeddable":true,"href":"https:\/\/rckopen.com\/hu\/wp-json\/wp\/v2\/comments?post=6659"}],"wp:featuredmedia":[{"embeddable":true,"href":"https:\/\/rckopen.com\/hu\/wp-json\/wp\/v2\/media\/6986"}],"wp:attachment":[{"href":"https:\/\/rckopen.com\/hu\/wp-json\/wp\/v2\/media?parent=6659"}],"wp:term":[{"taxonomy":"product_brand","embeddable":true,"href":"https:\/\/rckopen.com\/hu\/wp-json\/wp\/v2\/product_brand?post=6659"},{"taxonomy":"product_cat","embeddable":true,"href":"https:\/\/rckopen.com\/hu\/wp-json\/wp\/v2\/product_cat?post=6659"},{"taxonomy":"product_tag","embeddable":true,"href":"https:\/\/rckopen.com\/hu\/wp-json\/wp\/v2\/product_tag?post=6659"}],"curies":[{"name":"wp","href":"https:\/\/api.w.org\/{rel}","templated":true}]}}