{"id":6660,"date":"2023-08-17T07:34:21","date_gmt":"2023-08-17T07:34:21","guid":{"rendered":"https:\/\/diligentplug.com\/chems\/?post_type=product&#038;p=6660"},"modified":"2025-02-03T06:50:59","modified_gmt":"2025-02-03T06:50:59","slug":"desoxypipradrol","status":"publish","type":"product","link":"https:\/\/rckopen.com\/hu\/termek\/deoxypipradrol\/","title":{"rendered":"V\u00e1s\u00e1roljon Desoxypipradrolt online"},"content":{"rendered":"<h2>V\u00e1s\u00e1roljon Desoxypipradrolt online<\/h2>\n<h2>Welkom bij RCKopen: uw bestemming voor desoxypipradrol<\/h2>\n<p>akarod <a href=\"https:\/\/rckopen.com\/hu\/termek\/deoxypipradrol\/\">V\u00e1s\u00e1roljon Desoxypipradrolt online<\/a>? Ne keressen tov\u00e1bb, mint az RCKopen! Mi vagyunk a kiv\u00e1l\u00f3 min\u0151s\u00e9g\u0171 Desoxypipradrol forr\u00e1sa, \u00e9s egy megb\u00edzhat\u00f3 platform ennek a gy\u00f3gyszernek a leg\u00e1lis \u00e9s probl\u00e9mamentes megv\u00e1s\u00e1rl\u00e1s\u00e1hoz.<\/p>\n<h3>Mi\u00e9rt v\u00e1lassza az RCCopen-t dezoxipipradrolhoz?<\/h3>\n<p>M\u00e9h <a href=\"https:\/\/rckopen.com\/hu\/\">rckopen.com<\/a> kiemelten kezelj\u00fck a min\u0151s\u00e9get, a jogszer\u0171s\u00e9get \u00e9s az \u00fcgyfelek el\u00e9gedetts\u00e9g\u00e9t. Ez\u00e9rt \u00e9rdemes minket v\u00e1lasztani:<\/p>\n<h3>Pr\u00e9mium min\u0151s\u00e9g\u0171 Desoxypipradrol<\/h3>\n<p>A Desoxypipradrol rendel\u00e9si term\u00e9kei a legjobb min\u0151s\u00e9g\u0171ek \u00e9s garant\u00e1lj\u00e1k a tisztas\u00e1got \u00e9s a hat\u00e9konys\u00e1got. Tiszt\u00e1ban vagyunk a min\u0151s\u00e9g fontoss\u00e1g\u00e1val, amikor vegyi anyagok kutat\u00e1s\u00e1r\u00f3l van sz\u00f3, ez\u00e9rt a Desoxypipradrol-t j\u00f3 h\u00edr\u0171 besz\u00e1ll\u00edt\u00f3kt\u00f3l szerezz\u00fck be.<\/p>\n<h3>1. T\u00f6rv\u00e9nyes \u00e9s megfelel\u0151<\/h3>\n<p>Hisz\u00fcnk abban, hogy a t\u00f6rv\u00e9ny hat\u00e1rain bel\u00fcl m\u0171k\u00f6d\u00fcnk. Amikor te <a href=\"https:\/\/en.wikipedia.org\/wiki\/Desoxypipradrol\">Desoxypipradrol<\/a> Ha leg\u00e1lisan v\u00e1s\u00e1rol az RCKopen-t\u0151l, biztos lehet benne, hogy v\u00e1s\u00e1rl\u00e1sa leg\u00e1lis \u00e9s megfelel az el\u0151\u00edr\u00e1soknak. Szigor\u00faan betartunk minden jogszab\u00e1lyi el\u0151\u00edr\u00e1st, \u00edgy nyugodt sz\u00edvvel dolgozhat.<\/p>\n<h3>Egyszer\u0171 rendel\u00e9si folyamat<\/h3>\n<p>A Desoxipipradrol rendel\u00e9se az RCKopen-t\u0151l k\u00f6nny\u0171 \u00e9s egyszer\u0171. N\u00e9h\u00e1ny kattint\u00e1ssal leadhatja rendel\u00e9s\u00e9t \u00e9s h\u00e1zhoz is sz\u00e1ll\u00edthatja. Mondjon b\u00facs\u00fat a bonyolult rendel\u00e9si folyamatok k\u00f6z\u00f6tti navig\u00e1ci\u00f3 f\u00e1rads\u00e1gainak.<\/p>\n<h3>Hogyan v\u00e1s\u00e1roljunk dezoxipipradrolt a Kopenn\u00e9l<\/h3>\n<p>K\u00e9szen \u00e1ll a v\u00e1s\u00e1rl\u00e1sra? \u00cdgy v\u00e1s\u00e1rolhat Desoxypipradrolt az Egyes\u00fclt Kir\u00e1lys\u00e1gban az RCKopent\u0151l:<\/p>\n<p>B\u00f6ng\u00e9sszen k\u00edn\u00e1latunkban: Fedezze fel a weboldalunkon el\u00e9rhet\u0151 Desoxypipradrol term\u00e9kk\u00edn\u00e1latunkat.<br \/>\nVoeg toe aan winkelwagen: Selecteer het Desoxypipradrol-product dat u wilt kopen en voeg het toe aan uw winkelwagen.<br \/>\nFizet\u00e9s: Folytassa a fizet\u00e9ssel, \u00e9s k\u00f6vesse az egyszer\u0171 l\u00e9p\u00e9seket a rendel\u00e9s befejez\u00e9s\u00e9hez. Az \u00d6n k\u00e9nyelme \u00e9rdek\u00e9ben t\u00f6bbf\u00e9le fizet\u00e9si m\u00f3dot is elfogadunk.<br \/>\nFogadja meg rendel\u00e9s\u00e9t: D\u0151lj\u00f6n h\u00e1tra \u00e9s laz\u00edtson, mik\u00f6zben elk\u00e9sz\u00edtj\u00fck \u00e9s k\u00f6zvetlen\u00fcl \u00d6nnek sz\u00e1ll\u00edtjuk a Desoxypipradrolt. Sz\u00e1ll\u00edt\u00e1si folyamatunk gyors \u00e9s megb\u00edzhat\u00f3, \u00e9s garant\u00e1lja a pontos sz\u00e1ll\u00edt\u00e1st.<\/p>\n<h3>Hol v\u00e1s\u00e1rolhat leg\u00e1lisan Desoxypipradrolt az interneten?<\/h3>\n<p>Megb\u00edzhat\u00f3 forr\u00e1st keres a Desoxypipradrol leg\u00e1lis v\u00e1s\u00e1rl\u00e1s\u00e1hoz? RCKopen a v\u00e1laszod. Szeretn\u00e9nk \u00fcgyfeleink sz\u00e1m\u00e1ra leg\u00e1lis \u00e9s megb\u00edzhat\u00f3 platformot biztos\u00edtani a Desoxypipradrol recept n\u00e9lk\u00fcli v\u00e1s\u00e1rl\u00e1s\u00e1hoz.<\/p>\n<h3>Kezdje el az RCKopen szolg\u00e1ltat\u00e1st m\u00e9g ma!<\/h3>\n<p>K\u00e9szen \u00e1ll a Desoxypipradrol megrendel\u00e9s\u00e9re? L\u00e1togasson el most az RCKopen oldal\u00e1ra, \u00e9s tapasztalja meg a Desoxypipradrol v\u00e9ny n\u00e9lk\u00fcli \u00e9s probl\u00e9mamentes v\u00e1s\u00e1rl\u00e1s\u00e1nak k\u00e9nyelm\u00e9t. Az \u00d6n el\u00e9gedetts\u00e9ge sz\u00e1munkra a legfontosabb, \u00e9s mi az\u00e9rt vagyunk itt, hogy kiel\u00e9g\u00edts\u00fck az \u00d6n Desoxypipradrol ir\u00e1nti ig\u00e9ny\u00e9t.<\/p>","protected":false},"excerpt":{"rendered":"<p>IUPAC-n\u00e9v: 2-benzhydrylpiperidin<br \/>\nCAS # 519-74-4<br \/>\nMegjelen\u00e9s: por<br \/>\nNMR-elemz\u00e9s: C18H21N<\/p>","protected":false},"featured_media":6685,"comment_status":"open","ping_status":"closed","template":"","meta":{"_joinchat":[]},"product_brand":[],"product_cat":[147],"product_tag":[],"class_list":{"0":"post-6660","1":"product","2":"type-product","3":"status-publish","4":"has-post-thumbnail","6":"product_cat-piperidinen","8":"first","9":"instock","10":"shipping-taxable","11":"purchasable","12":"product-type-variable"},"yoast_head":"<!-- This site is optimized with the Yoast SEO plugin v26.3 - https:\/\/yoast.com\/wordpress\/plugins\/seo\/ -->\n<title>Desoxypipradrol online kopen- Desoxypipradrol online te koop<\/title>\n<meta name=\"description\" content=\"Als u Desoxypipradrol online zonder recept wilt kopen, is rckopen.com de beste plaats om Desoxypipradrol online te kopen, Desoxypipradrol te koop en Desoxypipradrol online tegen de beste prijs. Bestel nu!\" \/>\n<meta name=\"robots\" content=\"index, follow, max-snippet:-1, max-image-preview:large, max-video-preview:-1\" \/>\n<link rel=\"canonical\" href=\"https:\/\/rckopen.com\/hu\/termek\/deoxypipradrol\/\" \/>\n<meta property=\"og:locale\" content=\"hu_HU\" \/>\n<meta property=\"og:type\" content=\"article\" \/>\n<meta property=\"og:title\" content=\"Desoxypipradrol online kopen- Desoxypipradrol online te koop\" \/>\n<meta property=\"og:description\" content=\"Als u Desoxypipradrol online zonder recept wilt kopen, is rckopen.com de beste plaats om Desoxypipradrol online te kopen, Desoxypipradrol te koop en Desoxypipradrol online tegen de beste prijs. Bestel nu!\" \/>\n<meta property=\"og:url\" content=\"https:\/\/rckopen.com\/hu\/termek\/deoxypipradrol\/\" \/>\n<meta property=\"og:site_name\" content=\"RC Kopen\" \/>\n<meta property=\"article:modified_time\" content=\"2025-02-03T06:50:59+00:00\" \/>\n<meta property=\"og:image\" content=\"https:\/\/rckopen.com\/wp-content\/uploads\/2023\/08\/desoxypipradrol.jpg\" \/>\n\t<meta property=\"og:image:width\" content=\"600\" \/>\n\t<meta property=\"og:image:height\" content=\"600\" \/>\n\t<meta property=\"og:image:type\" content=\"image\/jpeg\" \/>\n<meta name=\"twitter:card\" content=\"summary_large_image\" \/>\n<meta name=\"twitter:label1\" content=\"Becs\u00fclt olvas\u00e1si id\u0151\" \/>\n\t<meta name=\"twitter:data1\" content=\"2 perc\" \/>\n<script type=\"application\/ld+json\" class=\"yoast-schema-graph\">{\"@context\":\"https:\/\/schema.org\",\"@graph\":[{\"@type\":\"WebPage\",\"@id\":\"https:\/\/rckopen.com\/product\/desoxypipradrol\/\",\"url\":\"https:\/\/rckopen.com\/product\/desoxypipradrol\/\",\"name\":\"Desoxypipradrol online kopen- Desoxypipradrol online te koop\",\"isPartOf\":{\"@id\":\"https:\/\/rckopen.com\/#website\"},\"primaryImageOfPage\":{\"@id\":\"https:\/\/rckopen.com\/product\/desoxypipradrol\/#primaryimage\"},\"image\":{\"@id\":\"https:\/\/rckopen.com\/product\/desoxypipradrol\/#primaryimage\"},\"thumbnailUrl\":\"https:\/\/rckopen.com\/wp-content\/uploads\/2023\/08\/desoxypipradrol.jpg\",\"datePublished\":\"2023-08-17T07:34:21+00:00\",\"dateModified\":\"2025-02-03T06:50:59+00:00\",\"description\":\"Als u Desoxypipradrol online zonder recept wilt kopen, is rckopen.com de beste plaats om Desoxypipradrol online te kopen, Desoxypipradrol te koop en Desoxypipradrol online tegen de beste prijs. Bestel nu!\",\"breadcrumb\":{\"@id\":\"https:\/\/rckopen.com\/product\/desoxypipradrol\/#breadcrumb\"},\"inLanguage\":\"hu\",\"potentialAction\":[{\"@type\":\"ReadAction\",\"target\":[\"https:\/\/rckopen.com\/product\/desoxypipradrol\/\"]}]},{\"@type\":\"ImageObject\",\"inLanguage\":\"hu\",\"@id\":\"https:\/\/rckopen.com\/product\/desoxypipradrol\/#primaryimage\",\"url\":\"https:\/\/rckopen.com\/wp-content\/uploads\/2023\/08\/desoxypipradrol.jpg\",\"contentUrl\":\"https:\/\/rckopen.com\/wp-content\/uploads\/2023\/08\/desoxypipradrol.jpg\",\"width\":600,\"height\":600,\"caption\":\"Desoxypipradrol online kopen\"},{\"@type\":\"BreadcrumbList\",\"@id\":\"https:\/\/rckopen.com\/product\/desoxypipradrol\/#breadcrumb\",\"itemListElement\":[{\"@type\":\"ListItem\",\"position\":1,\"name\":\"Home\",\"item\":\"https:\/\/rckopen.com\/\"},{\"@type\":\"ListItem\",\"position\":2,\"name\":\"Shop\",\"item\":\"https:\/\/rckopen.com\/shop\/\"},{\"@type\":\"ListItem\",\"position\":3,\"name\":\"Desoxypipradrol online kopen\"}]},{\"@type\":\"WebSite\",\"@id\":\"https:\/\/rckopen.com\/#website\",\"url\":\"https:\/\/rckopen.com\/\",\"name\":\"RC Kopen\",\"description\":\"Research Chemicals\",\"potentialAction\":[{\"@type\":\"SearchAction\",\"target\":{\"@type\":\"EntryPoint\",\"urlTemplate\":\"https:\/\/rckopen.com\/?s={search_term_string}\"},\"query-input\":{\"@type\":\"PropertyValueSpecification\",\"valueRequired\":true,\"valueName\":\"search_term_string\"}}],\"inLanguage\":\"hu\"}]}<\/script>\n<!-- \/ Yoast SEO plugin. -->","yoast_head_json":{"title":"Desoxypipradrol online kopen- Desoxypipradrol online te koop","description":"Als u Desoxypipradrol online zonder recept wilt kopen, is rckopen.com de beste plaats om Desoxypipradrol online te kopen, Desoxypipradrol te koop en Desoxypipradrol online tegen de beste prijs. Bestel nu!","robots":{"index":"index","follow":"follow","max-snippet":"max-snippet:-1","max-image-preview":"max-image-preview:large","max-video-preview":"max-video-preview:-1"},"canonical":"https:\/\/rckopen.com\/hu\/termek\/deoxypipradrol\/","og_locale":"hu_HU","og_type":"article","og_title":"Desoxypipradrol online kopen- Desoxypipradrol online te koop","og_description":"Als u Desoxypipradrol online zonder recept wilt kopen, is rckopen.com de beste plaats om Desoxypipradrol online te kopen, Desoxypipradrol te koop en Desoxypipradrol online tegen de beste prijs. Bestel nu!","og_url":"https:\/\/rckopen.com\/hu\/termek\/deoxypipradrol\/","og_site_name":"RC Kopen","article_modified_time":"2025-02-03T06:50:59+00:00","og_image":[{"width":600,"height":600,"url":"https:\/\/rckopen.com\/wp-content\/uploads\/2023\/08\/desoxypipradrol.jpg","type":"image\/jpeg"}],"twitter_card":"summary_large_image","twitter_misc":{"Becs\u00fclt olvas\u00e1si id\u0151":"2 perc"},"schema":{"@context":"https:\/\/schema.org","@graph":[{"@type":"WebPage","@id":"https:\/\/rckopen.com\/product\/desoxypipradrol\/","url":"https:\/\/rckopen.com\/product\/desoxypipradrol\/","name":"Desoxypipradrol online kopen- Desoxypipradrol online te koop","isPartOf":{"@id":"https:\/\/rckopen.com\/#website"},"primaryImageOfPage":{"@id":"https:\/\/rckopen.com\/product\/desoxypipradrol\/#primaryimage"},"image":{"@id":"https:\/\/rckopen.com\/product\/desoxypipradrol\/#primaryimage"},"thumbnailUrl":"https:\/\/rckopen.com\/wp-content\/uploads\/2023\/08\/desoxypipradrol.jpg","datePublished":"2023-08-17T07:34:21+00:00","dateModified":"2025-02-03T06:50:59+00:00","description":"Als u Desoxypipradrol online zonder recept wilt kopen, is rckopen.com de beste plaats om Desoxypipradrol online te kopen, Desoxypipradrol te koop en Desoxypipradrol online tegen de beste prijs. Bestel nu!","breadcrumb":{"@id":"https:\/\/rckopen.com\/product\/desoxypipradrol\/#breadcrumb"},"inLanguage":"hu","potentialAction":[{"@type":"ReadAction","target":["https:\/\/rckopen.com\/product\/desoxypipradrol\/"]}]},{"@type":"ImageObject","inLanguage":"hu","@id":"https:\/\/rckopen.com\/product\/desoxypipradrol\/#primaryimage","url":"https:\/\/rckopen.com\/wp-content\/uploads\/2023\/08\/desoxypipradrol.jpg","contentUrl":"https:\/\/rckopen.com\/wp-content\/uploads\/2023\/08\/desoxypipradrol.jpg","width":600,"height":600,"caption":"Desoxypipradrol online kopen"},{"@type":"BreadcrumbList","@id":"https:\/\/rckopen.com\/product\/desoxypipradrol\/#breadcrumb","itemListElement":[{"@type":"ListItem","position":1,"name":"Home","item":"https:\/\/rckopen.com\/"},{"@type":"ListItem","position":2,"name":"Shop","item":"https:\/\/rckopen.com\/shop\/"},{"@type":"ListItem","position":3,"name":"Desoxypipradrol online kopen"}]},{"@type":"WebSite","@id":"https:\/\/rckopen.com\/#website","url":"https:\/\/rckopen.com\/","name":"RC Kopen","description":"Research Chemicals","potentialAction":[{"@type":"SearchAction","target":{"@type":"EntryPoint","urlTemplate":"https:\/\/rckopen.com\/?s={search_term_string}"},"query-input":{"@type":"PropertyValueSpecification","valueRequired":true,"valueName":"search_term_string"}}],"inLanguage":"hu"}]}},"_links":{"self":[{"href":"https:\/\/rckopen.com\/hu\/wp-json\/wp\/v2\/product\/6660","targetHints":{"allow":["GET"]}}],"collection":[{"href":"https:\/\/rckopen.com\/hu\/wp-json\/wp\/v2\/product"}],"about":[{"href":"https:\/\/rckopen.com\/hu\/wp-json\/wp\/v2\/types\/product"}],"replies":[{"embeddable":true,"href":"https:\/\/rckopen.com\/hu\/wp-json\/wp\/v2\/comments?post=6660"}],"wp:featuredmedia":[{"embeddable":true,"href":"https:\/\/rckopen.com\/hu\/wp-json\/wp\/v2\/media\/6685"}],"wp:attachment":[{"href":"https:\/\/rckopen.com\/hu\/wp-json\/wp\/v2\/media?parent=6660"}],"wp:term":[{"taxonomy":"product_brand","embeddable":true,"href":"https:\/\/rckopen.com\/hu\/wp-json\/wp\/v2\/product_brand?post=6660"},{"taxonomy":"product_cat","embeddable":true,"href":"https:\/\/rckopen.com\/hu\/wp-json\/wp\/v2\/product_cat?post=6660"},{"taxonomy":"product_tag","embeddable":true,"href":"https:\/\/rckopen.com\/hu\/wp-json\/wp\/v2\/product_tag?post=6660"}],"curies":[{"name":"wp","href":"https:\/\/api.w.org\/{rel}","templated":true}]}}