{"id":6661,"date":"2023-08-17T07:38:49","date_gmt":"2023-08-17T07:38:49","guid":{"rendered":"https:\/\/diligentplug.com\/chems\/?post_type=product&#038;p=6661"},"modified":"2025-01-31T05:33:53","modified_gmt":"2025-01-31T05:33:53","slug":"4-mpm","status":"publish","type":"product","link":"https:\/\/rckopen.com\/hu\/termek\/4-mpm\/","title":{"rendered":"V\u00e1s\u00e1roljon 4 MPM-et online"},"content":{"rendered":"<h2>4 MPM online kopen<\/h2>\n<p>V\u00e9gs\u0151 \u00fatmutat\u00f3 a 4-MPM biztons\u00e1gos online v\u00e1s\u00e1rl\u00e1s\u00e1hoz<br \/>\nakarod <a href=\"https:\/\/rckopen.com\/hu\/termek\/4-mpm\/\">V\u00e1s\u00e1roljon 4 MPM-et<\/a>, de nem tudja, hol kezdje? Ne keressen tov\u00e1bb! \u00d6sszegy\u0171jt\u00f6tt\u00fcnk olyan bennfentes tippeket, amelyek seg\u00edts\u00e9g\u00e9vel biztons\u00e1gosan v\u00e1s\u00e1rolhat online 4 MPM-et. Ak\u00e1r tapasztalt kutat\u00f3, ak\u00e1r kezd\u0151 a k\u00e9miai vegy\u00fcletekben, ezek a tippek z\u00f6kken\u0151mentes \u00e9s biztons\u00e1gos tranzakci\u00f3t biztos\u00edtanak.<\/p>\n<h3>A 4-MPM meg\u00e9rt\u00e9se<\/h3>\n<p>Miel\u0151tt belemer\u00fclne a v\u00e1s\u00e1rl\u00e1si folyamatba, alapvet\u0151 fontoss\u00e1g\u00fa, hogy meg\u00e9rtse, mi az a 4 MPM. 4-MPM, m\u00e1s n\u00e9ven <a href=\"https:\/\/en.wikipedia.org\/wiki\/4-Methylphenmetrazine\">4-metil-fenmetrazin,<\/a> egy kutat\u00e1si anyag, amelyet gyakran tudom\u00e1nyos c\u00e9lokra haszn\u00e1lnak. Tulajdons\u00e1gai \u00e9rt\u00e9kes eszk\u00f6zz\u00e9 teszik a k\u00fcl\u00f6nb\u00f6z\u0151 ter\u00fcleteket kutat\u00f3 kutat\u00f3k sz\u00e1m\u00e1ra.<\/p>\n<h3>J\u00f3 h\u00edr\u0171 besz\u00e1ll\u00edt\u00f3 megtal\u00e1l\u00e1sa<\/h3>\n<p>Ha leg\u00e1lisan szeretne 4-MPM-et v\u00e1s\u00e1rolni, akkor elengedhetetlen egy j\u00f3 h\u00edr\u0171 besz\u00e1ll\u00edt\u00f3hoz menni, mint pl <a href=\"https:\/\/rckopen.com\/hu\/\">Rckopen.com<\/a> v\u00e1s\u00e1rolni. A kiv\u00e1l\u00f3 min\u0151s\u00e9g\u0171 kutat\u00e1si vegyszerek k\u00edn\u00e1lat\u00e1ban szerzett tapasztalattal rendelkez\u0151 Rckopen.com minden v\u00e1s\u00e1rl\u00e1skor nyugalmat k\u00edn\u00e1l. A min\u0151s\u00e9g ir\u00e1nti elk\u00f6telezetts\u00e9g\u00fck \u00e9s a vev\u0151i el\u00e9gedetts\u00e9g\u00fck k\u00fcl\u00f6nb\u00f6zteti meg \u0151ket az ipar\u00e1gban.<\/p>\n<h3>A jogszer\u0171s\u00e9g \u00e9s a megfelel\u0151s\u00e9g biztos\u00edt\u00e1sa<\/h3>\n<p>A 4-MPM-rendel\u00e9s egyik legkritikusabb szempontja a jogszer\u0171s\u00e9g \u00e9s a megfelel\u0151s\u00e9g biztos\u00edt\u00e1sa. Az Rckopen.com betartja az \u00f6sszes jogi k\u00f6vetelm\u00e9nyt, \u00e9s biztons\u00e1gos \u00e9s leg\u00e1lis m\u00f3dot k\u00edn\u00e1l az \u00fcgyfeleknek a 4-MPM beszerz\u00e9s\u00e9re. Biztos lehet benne, hogy amikor az Rckopen.com-t\u00f3l v\u00e1s\u00e1rol, v\u00e9ny n\u00e9lk\u00fcl v\u00e1s\u00e1rol 4-MPM-et.<\/p>\n<h3>Biztons\u00e1gi int\u00e9zked\u00e9sek<\/h3>\n<p>A biztons\u00e1gnak mindig els\u0151dleges priorit\u00e1snak kell lennie, amikor online kutat\u00e1si vegyszereket v\u00e1s\u00e1rol. Az Rckopen.com komolyan veszi a biztons\u00e1got, \u00e9s szigor\u00fa min\u0151s\u00e9gellen\u0151rz\u00e9si int\u00e9zked\u00e9seket hajt v\u00e9gre term\u00e9kei tisztas\u00e1g\u00e1nak \u00e9s integrit\u00e1s\u00e1nak biztos\u00edt\u00e1sa \u00e9rdek\u00e9ben. Ezenk\u00edv\u00fcl egy\u00e9rtelm\u0171 ir\u00e1nymutat\u00e1sokat adnak a biztons\u00e1gos kezel\u00e9sre \u00e9s t\u00e1rol\u00e1sra vonatkoz\u00f3an, hogy minimaliz\u00e1lj\u00e1k a lehets\u00e9ges kock\u00e1zatokat.<\/p>\n<h3>Megrendel\u00e9si folyamat<\/h3>\n<p>A 4-MPM megrendel\u00e9se az Rckopen.com-t\u00f3l egyszer\u0171 folyamat. Egyszer\u0171en l\u00e1togasson el a weboldalukra, n\u00e9zze \u00e1t a kutat\u00e1si vegyszerek v\u00e1laszt\u00e9k\u00e1t, \u00e9s adja hozz\u00e1 a k\u00edv\u00e1nt term\u00e9keket a kosar\u00e1hoz. A biztons\u00e1gos fizet\u00e9si lehet\u0151s\u00e9gekkel \u00e9s a diszkr\u00e9t sz\u00e1ll\u00edt\u00e1ssal bizalommal rendelheti meg a 4-MPM-et.<\/p>\n<h3>Sz\u00e1ll\u00edt\u00e1s \u00e9s k\u00e9zbes\u00edt\u00e9s<\/h3>\n<p>Az Rckopen.com gyors \u00e9s megb\u00edzhat\u00f3 sz\u00e1ll\u00edt\u00e1si lehet\u0151s\u00e9geket k\u00edn\u00e1l, hogy megrendel\u00e9se gyorsan \u00e9s diszkr\u00e9ten \u00e9rkezzen meg. Ak\u00e1r az Egyes\u00fclt Kir\u00e1lys\u00e1gban, ak\u00e1r k\u00fclf\u00f6ld\u00f6n tart\u00f3zkodik, megb\u00edzhat az Rckopen.com-ban, hogy biztons\u00e1gosan \u00e9s biztons\u00e1gosan sz\u00e1ll\u00edtja a 4-MPM-et elad\u00e1sra.<\/p>\n<p>A 4-MPM online v\u00e1s\u00e1rl\u00e1sa biztons\u00e1gos \u00e9s probl\u00e9mamentes \u00e9lm\u00e9ny lehet, ha olyan j\u00f3 h\u00edr\u0171 besz\u00e1ll\u00edt\u00f3t v\u00e1laszt, mint az Rckopen.com. A min\u0151s\u00e9g, a jogszer\u0171s\u00e9g \u00e9s az \u00fcgyfelek el\u00e9gedetts\u00e9ge ir\u00e1nti elk\u00f6telezetts\u00e9g\u00fcknek k\u00f6sz\u00f6nhet\u0151en \u00d6n bizalommal v\u00e1s\u00e1rolhat 4-MPM-et. Teh\u00e1t mi\u00e9rt v\u00e1rjon? L\u00e1togasson el az Rckopen.com oldalra m\u00e9g ma, \u00e9s t\u00e1rja fel a 4-MPM-ben rejl\u0151 lehet\u0151s\u00e9geket kutat\u00e1si ig\u00e9nyeihez.<\/p>","protected":false},"excerpt":{"rendered":"<p><strong>IUPAC-n\u00e9v: <\/strong>3-metil-2-(p-tolil)mopholin<\/p>\n<p><strong>CAS # <\/strong>N\/A<\/p>\n<p><strong>M\u00e1sik n\u00e9v: <\/strong>4-metilfenmetrazin<\/p>\n<p><strong>Megjelen\u00e9s: <\/strong>krist\u00e1lyok<\/p>\n<p><strong>NMR-elemz\u00e9s: <\/strong>N\/A<\/p>","protected":false},"featured_media":6686,"comment_status":"open","ping_status":"closed","template":"","meta":{"_joinchat":[]},"product_brand":[],"product_cat":[147],"product_tag":[],"class_list":{"0":"post-6661","1":"product","2":"type-product","3":"status-publish","4":"has-post-thumbnail","6":"product_cat-piperidinen","8":"first","9":"instock","10":"shipping-taxable","11":"purchasable","12":"product-type-variable"},"yoast_head":"<!-- This site is optimized with the Yoast SEO plugin v26.3 - https:\/\/yoast.com\/wordpress\/plugins\/seo\/ -->\n<title>4-MPM online kopen - 4-MPM te koop | RC Kopen<\/title>\n<meta name=\"description\" content=\"Aan uw vereiste om 4-MPM te kopen kan worden voldaan in onze online rc kopen-winkel, aangezien we hier 4-MPM te koop hebben. Plaats uw bestelling en ontvang elke dag betaalbare aanbiedingen.\" \/>\n<meta name=\"robots\" content=\"index, follow, max-snippet:-1, max-image-preview:large, max-video-preview:-1\" \/>\n<link rel=\"canonical\" href=\"https:\/\/rckopen.com\/hu\/termek\/4-mpm\/\" \/>\n<meta property=\"og:locale\" content=\"hu_HU\" \/>\n<meta property=\"og:type\" content=\"article\" \/>\n<meta property=\"og:title\" content=\"4-MPM online kopen - 4-MPM te koop | RC Kopen\" \/>\n<meta property=\"og:description\" content=\"Aan uw vereiste om 4-MPM te kopen kan worden voldaan in onze online rc kopen-winkel, aangezien we hier 4-MPM te koop hebben. Plaats uw bestelling en ontvang elke dag betaalbare aanbiedingen.\" \/>\n<meta property=\"og:url\" content=\"https:\/\/rckopen.com\/hu\/termek\/4-mpm\/\" \/>\n<meta property=\"og:site_name\" content=\"RC Kopen\" \/>\n<meta property=\"article:modified_time\" content=\"2025-01-31T05:33:53+00:00\" \/>\n<meta property=\"og:image\" content=\"https:\/\/rckopen.com\/wp-content\/uploads\/2023\/08\/4-MPM.jpg\" \/>\n\t<meta property=\"og:image:width\" content=\"600\" \/>\n\t<meta property=\"og:image:height\" content=\"600\" \/>\n\t<meta property=\"og:image:type\" content=\"image\/jpeg\" \/>\n<meta name=\"twitter:card\" content=\"summary_large_image\" \/>\n<meta name=\"twitter:label1\" content=\"Becs\u00fclt olvas\u00e1si id\u0151\" \/>\n\t<meta name=\"twitter:data1\" content=\"2 perc\" \/>\n<script type=\"application\/ld+json\" class=\"yoast-schema-graph\">{\"@context\":\"https:\/\/schema.org\",\"@graph\":[{\"@type\":\"WebPage\",\"@id\":\"https:\/\/rckopen.com\/product\/4-mpm\/\",\"url\":\"https:\/\/rckopen.com\/product\/4-mpm\/\",\"name\":\"4-MPM online kopen - 4-MPM te koop | RC Kopen\",\"isPartOf\":{\"@id\":\"https:\/\/rckopen.com\/#website\"},\"primaryImageOfPage\":{\"@id\":\"https:\/\/rckopen.com\/product\/4-mpm\/#primaryimage\"},\"image\":{\"@id\":\"https:\/\/rckopen.com\/product\/4-mpm\/#primaryimage\"},\"thumbnailUrl\":\"https:\/\/rckopen.com\/wp-content\/uploads\/2023\/08\/4-MPM.jpg\",\"datePublished\":\"2023-08-17T07:38:49+00:00\",\"dateModified\":\"2025-01-31T05:33:53+00:00\",\"description\":\"Aan uw vereiste om 4-MPM te kopen kan worden voldaan in onze online rc kopen-winkel, aangezien we hier 4-MPM te koop hebben. Plaats uw bestelling en ontvang elke dag betaalbare aanbiedingen.\",\"breadcrumb\":{\"@id\":\"https:\/\/rckopen.com\/product\/4-mpm\/#breadcrumb\"},\"inLanguage\":\"hu\",\"potentialAction\":[{\"@type\":\"ReadAction\",\"target\":[\"https:\/\/rckopen.com\/product\/4-mpm\/\"]}]},{\"@type\":\"ImageObject\",\"inLanguage\":\"hu\",\"@id\":\"https:\/\/rckopen.com\/product\/4-mpm\/#primaryimage\",\"url\":\"https:\/\/rckopen.com\/wp-content\/uploads\/2023\/08\/4-MPM.jpg\",\"contentUrl\":\"https:\/\/rckopen.com\/wp-content\/uploads\/2023\/08\/4-MPM.jpg\",\"width\":600,\"height\":600,\"caption\":\"4-MPM online kopen\"},{\"@type\":\"BreadcrumbList\",\"@id\":\"https:\/\/rckopen.com\/product\/4-mpm\/#breadcrumb\",\"itemListElement\":[{\"@type\":\"ListItem\",\"position\":1,\"name\":\"Home\",\"item\":\"https:\/\/rckopen.com\/\"},{\"@type\":\"ListItem\",\"position\":2,\"name\":\"Shop\",\"item\":\"https:\/\/rckopen.com\/shop\/\"},{\"@type\":\"ListItem\",\"position\":3,\"name\":\"4-MPM online kopen\"}]},{\"@type\":\"WebSite\",\"@id\":\"https:\/\/rckopen.com\/#website\",\"url\":\"https:\/\/rckopen.com\/\",\"name\":\"RC Kopen\",\"description\":\"Research Chemicals\",\"potentialAction\":[{\"@type\":\"SearchAction\",\"target\":{\"@type\":\"EntryPoint\",\"urlTemplate\":\"https:\/\/rckopen.com\/?s={search_term_string}\"},\"query-input\":{\"@type\":\"PropertyValueSpecification\",\"valueRequired\":true,\"valueName\":\"search_term_string\"}}],\"inLanguage\":\"hu\"}]}<\/script>\n<!-- \/ Yoast SEO plugin. -->","yoast_head_json":{"title":"4-MPM online kopen - 4-MPM te koop | RC Kopen","description":"Aan uw vereiste om 4-MPM te kopen kan worden voldaan in onze online rc kopen-winkel, aangezien we hier 4-MPM te koop hebben. Plaats uw bestelling en ontvang elke dag betaalbare aanbiedingen.","robots":{"index":"index","follow":"follow","max-snippet":"max-snippet:-1","max-image-preview":"max-image-preview:large","max-video-preview":"max-video-preview:-1"},"canonical":"https:\/\/rckopen.com\/hu\/termek\/4-mpm\/","og_locale":"hu_HU","og_type":"article","og_title":"4-MPM online kopen - 4-MPM te koop | RC Kopen","og_description":"Aan uw vereiste om 4-MPM te kopen kan worden voldaan in onze online rc kopen-winkel, aangezien we hier 4-MPM te koop hebben. Plaats uw bestelling en ontvang elke dag betaalbare aanbiedingen.","og_url":"https:\/\/rckopen.com\/hu\/termek\/4-mpm\/","og_site_name":"RC Kopen","article_modified_time":"2025-01-31T05:33:53+00:00","og_image":[{"width":600,"height":600,"url":"https:\/\/rckopen.com\/wp-content\/uploads\/2023\/08\/4-MPM.jpg","type":"image\/jpeg"}],"twitter_card":"summary_large_image","twitter_misc":{"Becs\u00fclt olvas\u00e1si id\u0151":"2 perc"},"schema":{"@context":"https:\/\/schema.org","@graph":[{"@type":"WebPage","@id":"https:\/\/rckopen.com\/product\/4-mpm\/","url":"https:\/\/rckopen.com\/product\/4-mpm\/","name":"4-MPM online kopen - 4-MPM te koop | RC Kopen","isPartOf":{"@id":"https:\/\/rckopen.com\/#website"},"primaryImageOfPage":{"@id":"https:\/\/rckopen.com\/product\/4-mpm\/#primaryimage"},"image":{"@id":"https:\/\/rckopen.com\/product\/4-mpm\/#primaryimage"},"thumbnailUrl":"https:\/\/rckopen.com\/wp-content\/uploads\/2023\/08\/4-MPM.jpg","datePublished":"2023-08-17T07:38:49+00:00","dateModified":"2025-01-31T05:33:53+00:00","description":"Aan uw vereiste om 4-MPM te kopen kan worden voldaan in onze online rc kopen-winkel, aangezien we hier 4-MPM te koop hebben. Plaats uw bestelling en ontvang elke dag betaalbare aanbiedingen.","breadcrumb":{"@id":"https:\/\/rckopen.com\/product\/4-mpm\/#breadcrumb"},"inLanguage":"hu","potentialAction":[{"@type":"ReadAction","target":["https:\/\/rckopen.com\/product\/4-mpm\/"]}]},{"@type":"ImageObject","inLanguage":"hu","@id":"https:\/\/rckopen.com\/product\/4-mpm\/#primaryimage","url":"https:\/\/rckopen.com\/wp-content\/uploads\/2023\/08\/4-MPM.jpg","contentUrl":"https:\/\/rckopen.com\/wp-content\/uploads\/2023\/08\/4-MPM.jpg","width":600,"height":600,"caption":"4-MPM online kopen"},{"@type":"BreadcrumbList","@id":"https:\/\/rckopen.com\/product\/4-mpm\/#breadcrumb","itemListElement":[{"@type":"ListItem","position":1,"name":"Home","item":"https:\/\/rckopen.com\/"},{"@type":"ListItem","position":2,"name":"Shop","item":"https:\/\/rckopen.com\/shop\/"},{"@type":"ListItem","position":3,"name":"4-MPM online kopen"}]},{"@type":"WebSite","@id":"https:\/\/rckopen.com\/#website","url":"https:\/\/rckopen.com\/","name":"RC Kopen","description":"Research Chemicals","potentialAction":[{"@type":"SearchAction","target":{"@type":"EntryPoint","urlTemplate":"https:\/\/rckopen.com\/?s={search_term_string}"},"query-input":{"@type":"PropertyValueSpecification","valueRequired":true,"valueName":"search_term_string"}}],"inLanguage":"hu"}]}},"_links":{"self":[{"href":"https:\/\/rckopen.com\/hu\/wp-json\/wp\/v2\/product\/6661","targetHints":{"allow":["GET"]}}],"collection":[{"href":"https:\/\/rckopen.com\/hu\/wp-json\/wp\/v2\/product"}],"about":[{"href":"https:\/\/rckopen.com\/hu\/wp-json\/wp\/v2\/types\/product"}],"replies":[{"embeddable":true,"href":"https:\/\/rckopen.com\/hu\/wp-json\/wp\/v2\/comments?post=6661"}],"wp:featuredmedia":[{"embeddable":true,"href":"https:\/\/rckopen.com\/hu\/wp-json\/wp\/v2\/media\/6686"}],"wp:attachment":[{"href":"https:\/\/rckopen.com\/hu\/wp-json\/wp\/v2\/media?parent=6661"}],"wp:term":[{"taxonomy":"product_brand","embeddable":true,"href":"https:\/\/rckopen.com\/hu\/wp-json\/wp\/v2\/product_brand?post=6661"},{"taxonomy":"product_cat","embeddable":true,"href":"https:\/\/rckopen.com\/hu\/wp-json\/wp\/v2\/product_cat?post=6661"},{"taxonomy":"product_tag","embeddable":true,"href":"https:\/\/rckopen.com\/hu\/wp-json\/wp\/v2\/product_tag?post=6661"}],"curies":[{"name":"wp","href":"https:\/\/api.w.org\/{rel}","templated":true}]}}