{"id":6691,"date":"2023-08-17T10:24:35","date_gmt":"2023-08-17T10:24:35","guid":{"rendered":"https:\/\/diligentplug.com\/chems\/?post_type=product&#038;p=6691"},"modified":"2025-01-31T09:53:00","modified_gmt":"2025-01-31T09:53:00","slug":"5-cl-amt","status":"publish","type":"product","link":"https:\/\/rckopen.com\/hu\/termek\/5-cl-amt\/","title":{"rendered":"V\u00e1s\u00e1roljon 5-cl-AMT online"},"content":{"rendered":"<h2>Ontgrendel de kracht van 5-cl-AMT online kopen: ontdek de premiumselectie van RCKopen<\/h2>\n<p>Szeretne 5cl-AMT-t v\u00e1s\u00e1rolni online? Ne keressen tov\u00e1bb, mint az RCKopen. Mi vagyunk a kiv\u00e1l\u00f3 min\u0151s\u00e9g\u0171 5cl-AMT els\u0151sz\u00e1m\u00fa forr\u00e1sa, \u00e9s vil\u00e1gszerte z\u00f6kken\u0151mentes v\u00e1s\u00e1rl\u00e1si \u00e9lm\u00e9nyt k\u00edn\u00e1lunk a v\u00e1s\u00e1rl\u00f3knak.<\/p>\n<h3>Hol lehet megv\u00e1s\u00e1rolni az 5-cl-AMT-t: RCKopen pr\u00e9mium term\u00e9keket k\u00edn\u00e1l<\/h3>\n<p>K\u00edv\u00e1ncsi, hol v\u00e1s\u00e1rolhat 5-cl-AMT-t? Az RCKopen fedezi \u00d6nt. K\u00f6nnyen navig\u00e1lhat\u00f3 weboldalunkkal \u00e9s biztons\u00e1gos rendel\u00e9si folyamatunkkal magabiztosan v\u00e1s\u00e1rolhat 5-cl-AMT-t.<\/p>\n<h3>Fedezze fel az elad\u00f3 5-cl-AMT sz\u00e9les v\u00e1laszt\u00e9k\u00e1t<\/h3>\n<p>Az RCKopen b\u00fcszk\u00e9n k\u00edn\u00e1lja az 5-cl-AMT term\u00e9kek sz\u00e9les v\u00e1laszt\u00e9k\u00e1t az \u00d6n ig\u00e9nyeinek megfelel\u0151en. Ak\u00e1r kutat\u00f3, tud\u00f3s vagy rajong\u00f3, n\u00e1lunk megtal\u00e1lja a t\u00f6k\u00e9letes 5-cl-AMT megold\u00e1st.<\/p>\n<h3>Rendel\u00e9s 5-cl-AMT leg\u00e1lisan RCKopen<\/h3>\n<p>Biztos lehet benne, hogy amikor 5 cl-AMT-t v\u00e1s\u00e1rol az RCKopen-t\u0151l, akkor t\u00f6rv\u00e9nyes term\u00e9keket v\u00e1s\u00e1rol. A min\u0151s\u00e9g \u00e9s a megfelel\u0151s\u00e9g ir\u00e1nti elk\u00f6telezetts\u00e9g\u00fcnk biztons\u00e1gos \u00e9s megb\u00edzhat\u00f3 v\u00e1s\u00e1rl\u00e1si \u00e9lm\u00e9nyt biztos\u00edt minden v\u00e1s\u00e1rl\u00f3nk sz\u00e1m\u00e1ra.<\/p>\n<h3>Tapasztalja meg a k\u00e9nyelmet az online 5-cl-AMT \u00e1ruh\u00e1zunkkal<\/h3>\n<p>Mondjon b\u00facs\u00fat az 5-cl-AMT besz\u00e1ll\u00edt\u00f3k keres\u00e9s\u00e9vel j\u00e1r\u00f3 gondoknak. Az RCKopen online \u00e1ruh\u00e1z\u00e1val k\u00e9nyelmesen, a karossz\u00e9k\u00e9b\u0151l megtekintheti, kiv\u00e1laszthatja \u00e9s megv\u00e1s\u00e1rolhatja a k\u00edv\u00e1nt term\u00e9keket.<\/p>\n<h3>B\u00edzzon az RCKopen-ben, mint az \u00d6n el\u0151nyben r\u00e9szes\u00edtett forr\u00e1s\u00e1ban az 5-cl-AMT megv\u00e1s\u00e1rl\u00e1s\u00e1hoz az Egyes\u00fclt Kir\u00e1lys\u00e1gban<\/h3>\n<p>Az 5cl-AMT-t v\u00e1s\u00e1rolni k\u00edv\u00e1n\u00f3 brit \u00fcgyfelek sz\u00e1m\u00e1ra az RCKopen az \u00d6n megb\u00edzhat\u00f3 partnere. Gyors \u00e9s diszkr\u00e9t sz\u00e1ll\u00edt\u00e1st k\u00edn\u00e1lunk, hogy rendel\u00e9se gyorsan \u00e9s biztons\u00e1gosan eljusson \u00d6nh\u00f6z.<\/p>\n<h3>V\u00e1s\u00e1roljon 5-cl-AMT online v\u00e9ny n\u00e9lk\u00fcl \u2013 v\u00e1s\u00e1roljon gond n\u00e9lk\u00fcl az RCKopenn\u00e9l<\/h3>\n<p>Hagyja ki a recept megszerz\u00e9s\u00e9vel j\u00e1r\u00f3 gondokat, \u00e9s v\u00e1s\u00e1roljon 5-cl-AMT-t korl\u00e1toz\u00e1s n\u00e9lk\u00fcl az RCKopen-en. Egyszer\u0171 rendel\u00e9si folyamatunk \u00e9s biztons\u00e1gos fizet\u00e9si lehet\u0151s\u00e9geink r\u00e9v\u00e9n az 5-cl-AMT megv\u00e1s\u00e1rl\u00e1sa gyerekj\u00e1t\u00e9k.<br \/>\nAz RCKopen seg\u00edts\u00e9g\u00e9vel magabiztosan v\u00e1s\u00e1rolhat 5-cl-AMT-t online, tudva, hogy kiv\u00e1l\u00f3 min\u0151s\u00e9g\u0171 term\u00e9keket \u00e9s kiv\u00e9teles \u00fcgyf\u00e9lszolg\u00e1latot kap. Fedezze fel weboldalunkat m\u00e9g ma, \u00e9s fedezze fel az 5-cl-AMT k\u00e9nyelmes v\u00e1s\u00e1rl\u00e1s\u00e1t az \u00d6n keze \u00fcgy\u00e9ben!<\/p>","protected":false},"excerpt":{"rendered":"<p><strong>IUPAC-n\u00e9v: <\/strong>tert-butil-3-(2-(dialilamino)etil)-5-metoxi-1H-indol-1-karboxil\u00e1t-oxal\u00e1t<\/p>\n<p><strong>Megjelen\u00e9s: <\/strong>por<\/p>\n<p><strong>Forma: <\/strong>oxal\u00e1t<\/p>","protected":false},"featured_media":6838,"comment_status":"open","ping_status":"closed","template":"","meta":{"_joinchat":[]},"product_brand":[],"product_cat":[149],"product_tag":[],"class_list":{"0":"post-6691","1":"product","2":"type-product","3":"status-publish","4":"has-post-thumbnail","6":"product_cat-tryptaminen","8":"first","9":"instock","10":"shipping-taxable","11":"purchasable","12":"product-type-variable"},"yoast_head":"<!-- This site is optimized with the Yoast SEO plugin v26.3 - https:\/\/yoast.com\/wordpress\/plugins\/seo\/ -->\n<title>5-CL-AMT online kopen - 5-CL-AMT online te koop | RC Kopen<\/title>\n<meta name=\"description\" content=\"Op zoek naar hoogwaardige 5-CL-AMT online te koop? RC kopen is een toonaangevende winkel waar u 5-CL-AMT online kunt kopen tegen de beste prijs.\" \/>\n<meta name=\"robots\" content=\"index, follow, max-snippet:-1, max-image-preview:large, max-video-preview:-1\" \/>\n<link rel=\"canonical\" href=\"https:\/\/rckopen.com\/hu\/termek\/5-cl-amt\/\" \/>\n<meta property=\"og:locale\" content=\"hu_HU\" \/>\n<meta property=\"og:type\" content=\"article\" \/>\n<meta property=\"og:title\" content=\"5-CL-AMT online kopen - 5-CL-AMT online te koop | RC Kopen\" \/>\n<meta property=\"og:description\" content=\"Op zoek naar hoogwaardige 5-CL-AMT online te koop? RC kopen is een toonaangevende winkel waar u 5-CL-AMT online kunt kopen tegen de beste prijs.\" \/>\n<meta property=\"og:url\" content=\"https:\/\/rckopen.com\/hu\/termek\/5-cl-amt\/\" \/>\n<meta property=\"og:site_name\" content=\"RC Kopen\" \/>\n<meta property=\"article:modified_time\" content=\"2025-01-31T09:53:00+00:00\" \/>\n<meta property=\"og:image\" content=\"https:\/\/rckopen.com\/wp-content\/uploads\/2023\/08\/5-cl-AMT.jpg\" \/>\n\t<meta property=\"og:image:width\" content=\"600\" \/>\n\t<meta property=\"og:image:height\" content=\"600\" \/>\n\t<meta property=\"og:image:type\" content=\"image\/jpeg\" \/>\n<meta name=\"twitter:card\" content=\"summary_large_image\" \/>\n<meta name=\"twitter:label1\" content=\"Becs\u00fclt olvas\u00e1si id\u0151\" \/>\n\t<meta name=\"twitter:data1\" content=\"2 perc\" \/>\n<script type=\"application\/ld+json\" class=\"yoast-schema-graph\">{\"@context\":\"https:\/\/schema.org\",\"@graph\":[{\"@type\":\"WebPage\",\"@id\":\"https:\/\/rckopen.com\/product\/5-cl-amt\/\",\"url\":\"https:\/\/rckopen.com\/product\/5-cl-amt\/\",\"name\":\"5-CL-AMT online kopen - 5-CL-AMT online te koop | RC Kopen\",\"isPartOf\":{\"@id\":\"https:\/\/rckopen.com\/#website\"},\"primaryImageOfPage\":{\"@id\":\"https:\/\/rckopen.com\/product\/5-cl-amt\/#primaryimage\"},\"image\":{\"@id\":\"https:\/\/rckopen.com\/product\/5-cl-amt\/#primaryimage\"},\"thumbnailUrl\":\"https:\/\/rckopen.com\/wp-content\/uploads\/2023\/08\/5-cl-AMT.jpg\",\"datePublished\":\"2023-08-17T10:24:35+00:00\",\"dateModified\":\"2025-01-31T09:53:00+00:00\",\"description\":\"Op zoek naar hoogwaardige 5-CL-AMT online te koop? RC kopen is een toonaangevende winkel waar u 5-CL-AMT online kunt kopen tegen de beste prijs.\",\"breadcrumb\":{\"@id\":\"https:\/\/rckopen.com\/product\/5-cl-amt\/#breadcrumb\"},\"inLanguage\":\"hu\",\"potentialAction\":[{\"@type\":\"ReadAction\",\"target\":[\"https:\/\/rckopen.com\/product\/5-cl-amt\/\"]}]},{\"@type\":\"ImageObject\",\"inLanguage\":\"hu\",\"@id\":\"https:\/\/rckopen.com\/product\/5-cl-amt\/#primaryimage\",\"url\":\"https:\/\/rckopen.com\/wp-content\/uploads\/2023\/08\/5-cl-AMT.jpg\",\"contentUrl\":\"https:\/\/rckopen.com\/wp-content\/uploads\/2023\/08\/5-cl-AMT.jpg\",\"width\":600,\"height\":600,\"caption\":\"5-cl-AMT online kopen\"},{\"@type\":\"BreadcrumbList\",\"@id\":\"https:\/\/rckopen.com\/product\/5-cl-amt\/#breadcrumb\",\"itemListElement\":[{\"@type\":\"ListItem\",\"position\":1,\"name\":\"Home\",\"item\":\"https:\/\/rckopen.com\/\"},{\"@type\":\"ListItem\",\"position\":2,\"name\":\"Shop\",\"item\":\"https:\/\/rckopen.com\/shop\/\"},{\"@type\":\"ListItem\",\"position\":3,\"name\":\"5-cl-AMT online kopen\"}]},{\"@type\":\"WebSite\",\"@id\":\"https:\/\/rckopen.com\/#website\",\"url\":\"https:\/\/rckopen.com\/\",\"name\":\"RC Kopen\",\"description\":\"Research Chemicals\",\"potentialAction\":[{\"@type\":\"SearchAction\",\"target\":{\"@type\":\"EntryPoint\",\"urlTemplate\":\"https:\/\/rckopen.com\/?s={search_term_string}\"},\"query-input\":{\"@type\":\"PropertyValueSpecification\",\"valueRequired\":true,\"valueName\":\"search_term_string\"}}],\"inLanguage\":\"hu\"}]}<\/script>\n<!-- \/ Yoast SEO plugin. -->","yoast_head_json":{"title":"5-CL-AMT online kopen - 5-CL-AMT online te koop | RC Kopen","description":"Op zoek naar hoogwaardige 5-CL-AMT online te koop? RC kopen is een toonaangevende winkel waar u 5-CL-AMT online kunt kopen tegen de beste prijs.","robots":{"index":"index","follow":"follow","max-snippet":"max-snippet:-1","max-image-preview":"max-image-preview:large","max-video-preview":"max-video-preview:-1"},"canonical":"https:\/\/rckopen.com\/hu\/termek\/5-cl-amt\/","og_locale":"hu_HU","og_type":"article","og_title":"5-CL-AMT online kopen - 5-CL-AMT online te koop | RC Kopen","og_description":"Op zoek naar hoogwaardige 5-CL-AMT online te koop? RC kopen is een toonaangevende winkel waar u 5-CL-AMT online kunt kopen tegen de beste prijs.","og_url":"https:\/\/rckopen.com\/hu\/termek\/5-cl-amt\/","og_site_name":"RC Kopen","article_modified_time":"2025-01-31T09:53:00+00:00","og_image":[{"width":600,"height":600,"url":"https:\/\/rckopen.com\/wp-content\/uploads\/2023\/08\/5-cl-AMT.jpg","type":"image\/jpeg"}],"twitter_card":"summary_large_image","twitter_misc":{"Becs\u00fclt olvas\u00e1si id\u0151":"2 perc"},"schema":{"@context":"https:\/\/schema.org","@graph":[{"@type":"WebPage","@id":"https:\/\/rckopen.com\/product\/5-cl-amt\/","url":"https:\/\/rckopen.com\/product\/5-cl-amt\/","name":"5-CL-AMT online kopen - 5-CL-AMT online te koop | RC Kopen","isPartOf":{"@id":"https:\/\/rckopen.com\/#website"},"primaryImageOfPage":{"@id":"https:\/\/rckopen.com\/product\/5-cl-amt\/#primaryimage"},"image":{"@id":"https:\/\/rckopen.com\/product\/5-cl-amt\/#primaryimage"},"thumbnailUrl":"https:\/\/rckopen.com\/wp-content\/uploads\/2023\/08\/5-cl-AMT.jpg","datePublished":"2023-08-17T10:24:35+00:00","dateModified":"2025-01-31T09:53:00+00:00","description":"Op zoek naar hoogwaardige 5-CL-AMT online te koop? RC kopen is een toonaangevende winkel waar u 5-CL-AMT online kunt kopen tegen de beste prijs.","breadcrumb":{"@id":"https:\/\/rckopen.com\/product\/5-cl-amt\/#breadcrumb"},"inLanguage":"hu","potentialAction":[{"@type":"ReadAction","target":["https:\/\/rckopen.com\/product\/5-cl-amt\/"]}]},{"@type":"ImageObject","inLanguage":"hu","@id":"https:\/\/rckopen.com\/product\/5-cl-amt\/#primaryimage","url":"https:\/\/rckopen.com\/wp-content\/uploads\/2023\/08\/5-cl-AMT.jpg","contentUrl":"https:\/\/rckopen.com\/wp-content\/uploads\/2023\/08\/5-cl-AMT.jpg","width":600,"height":600,"caption":"5-cl-AMT online kopen"},{"@type":"BreadcrumbList","@id":"https:\/\/rckopen.com\/product\/5-cl-amt\/#breadcrumb","itemListElement":[{"@type":"ListItem","position":1,"name":"Home","item":"https:\/\/rckopen.com\/"},{"@type":"ListItem","position":2,"name":"Shop","item":"https:\/\/rckopen.com\/shop\/"},{"@type":"ListItem","position":3,"name":"5-cl-AMT online kopen"}]},{"@type":"WebSite","@id":"https:\/\/rckopen.com\/#website","url":"https:\/\/rckopen.com\/","name":"RC Kopen","description":"Research Chemicals","potentialAction":[{"@type":"SearchAction","target":{"@type":"EntryPoint","urlTemplate":"https:\/\/rckopen.com\/?s={search_term_string}"},"query-input":{"@type":"PropertyValueSpecification","valueRequired":true,"valueName":"search_term_string"}}],"inLanguage":"hu"}]}},"_links":{"self":[{"href":"https:\/\/rckopen.com\/hu\/wp-json\/wp\/v2\/product\/6691","targetHints":{"allow":["GET"]}}],"collection":[{"href":"https:\/\/rckopen.com\/hu\/wp-json\/wp\/v2\/product"}],"about":[{"href":"https:\/\/rckopen.com\/hu\/wp-json\/wp\/v2\/types\/product"}],"replies":[{"embeddable":true,"href":"https:\/\/rckopen.com\/hu\/wp-json\/wp\/v2\/comments?post=6691"}],"wp:featuredmedia":[{"embeddable":true,"href":"https:\/\/rckopen.com\/hu\/wp-json\/wp\/v2\/media\/6838"}],"wp:attachment":[{"href":"https:\/\/rckopen.com\/hu\/wp-json\/wp\/v2\/media?parent=6691"}],"wp:term":[{"taxonomy":"product_brand","embeddable":true,"href":"https:\/\/rckopen.com\/hu\/wp-json\/wp\/v2\/product_brand?post=6691"},{"taxonomy":"product_cat","embeddable":true,"href":"https:\/\/rckopen.com\/hu\/wp-json\/wp\/v2\/product_cat?post=6691"},{"taxonomy":"product_tag","embeddable":true,"href":"https:\/\/rckopen.com\/hu\/wp-json\/wp\/v2\/product_tag?post=6691"}],"curies":[{"name":"wp","href":"https:\/\/api.w.org\/{rel}","templated":true}]}}