{"id":6692,"date":"2023-08-17T10:28:13","date_gmt":"2023-08-17T10:28:13","guid":{"rendered":"https:\/\/diligentplug.com\/chems\/?post_type=product&#038;p=6692"},"modified":"2025-01-31T09:51:38","modified_gmt":"2025-01-31T09:51:38","slug":"5-bromo-dmt-fumarate","status":"publish","type":"product","link":"https:\/\/rckopen.com\/hu\/termek\/5-brom-dmt-fumarat\/","title":{"rendered":"V\u00e1s\u00e1roljon 5-Br\u00f3m-DMT FUMAR\u00c1T online"},"content":{"rendered":"<h2>Ontgrendel nieuwe ervaringen met 5-CL-DMT online kopen.FUMARATE: uw toegangspoort tot verkenning<\/h2>\n<p>K\u00e9szen \u00e1llsz egy rendk\u00edv\u00fcli felfedez\u0151 \u00e9s felfedez\u0151 utaz\u00e1sra? Ne keressen tov\u00e1bb, mint az rckopen.com! Mi vagyunk az els\u0151 \u00fati c\u00e9lja <a href=\"https:\/\/rckopen.com\/hu\/termek\/5-brom-dmt-fumarat\/\">5-CL-DMT FUMAR\u00c1T<\/a> megrendel\u00e9sre, egy kompoz\u00edci\u00f3, amely az \u00e9lm\u00e9ny \u00e9s a meg\u00e9rt\u00e9s \u00faj birodalmait \u00edg\u00e9ri.<\/p>\n<h3>Hol lehet megv\u00e1s\u00e1rolni az 5-CL-DMT .FUMARATE-t: az \u00d6n megb\u00edzhat\u00f3 forr\u00e1sa<\/h3>\n<p>Megb\u00edzhat\u00f3 forr\u00e1st tal\u00e1lni az 5-CL-DMT .FUMARATE v\u00e1s\u00e1rl\u00e1s\u00e1ra kih\u00edv\u00e1st jelenthet, de az rckopen.com ezt megk\u00f6nny\u00edti. A kutat\u00e1si vegyszerek megb\u00edzhat\u00f3 sz\u00e1ll\u00edt\u00f3jak\u00e9nt b\u00fcszk\u00e9k vagyunk arra, hogy \u00fcgyfeleinknek csak a legjobb min\u0151s\u00e9g\u0171 vegy\u00fcleteket k\u00edn\u00e1ljuk. Ha t\u0151l\u00fcnk v\u00e1s\u00e1rol, biztos lehet benne, hogy olyan term\u00e9ket kap, amely megfelel a legszigor\u00fabb tisztas\u00e1gi \u00e9s hat\u00e9konys\u00e1gi szabv\u00e1nyoknak.<\/p>\n<p>Tapasztalja meg a k\u00fcl\u00f6nbs\u00e9get: Rendeljen m\u00e9g ma <a href=\"https:\/\/en.wikipedia.org\/wiki\/5-Bromo-DMT\">5-CL-DMT .FUMARATE<\/a><br \/>\nK\u00e9szen \u00e1llsz arra, hogy belev\u00e1gj \u00e9s felfedezd a tudatod m\u00e9lys\u00e9geit az 5-CL-DMT .FUMAR\u00c1T-tal? Az rckopen.com-on t\u00f6rt\u00e9n\u0151 rendel\u00e9s gyors, egyszer\u0171 \u00e9s biztons\u00e1gos. B\u00f6ng\u00e9sszen k\u00edn\u00e1latunkban, tegye a k\u00edv\u00e1nt term\u00e9keket a kos\u00e1rba, \u00e9s folytassa a p\u00e9nzt\u00e1rhoz. A diszkr\u00e9t csomagol\u00e1ssal \u00e9s gyors sz\u00e1ll\u00edt\u00e1ssal az \u00d6n utaz\u00e1sa az 5-CL-DMT .FUMARATE leg\u00e1lis megv\u00e1s\u00e1rl\u00e1s\u00e1hoz hamarabb elkezd\u0151dhet, mint gondoln\u00e1.<\/p>\n<h3>V\u00e1s\u00e1rl\u00e1s 5-CL-DMT .FUMARATE leg\u00e1lisan \u00e9s biztons\u00e1gosan<\/h3>\n<p>Agg\u00f3dik az 5-CL-DMT .FUMARATE v\u00e1s\u00e1rl\u00e1s jogszer\u0171s\u00e9ge miatt? Biztos lehetsz benne, ha <a href=\"https:\/\/rckopen.com\/hu\/\">RCKOpen.com<\/a> Ha v\u00e1s\u00e1rol, azt t\u00f6rv\u00e9nyes \u00e9s felel\u0151ss\u00e9gteljes m\u00f3don teszi. Szigor\u00faan betartjuk az \u00f6sszes vonatkoz\u00f3 el\u0151\u00edr\u00e1st \u00e9s ir\u00e1nyelvet, biztos\u00edtva, hogy v\u00e1s\u00e1rl\u00e1sa biztons\u00e1gos \u00e9s jogos legyen.<\/p>\n<h3>Hat\u00e1rtalan lehet\u0151s\u00e9gek felt\u00e1r\u00e1sa: fedezze fel az 5-CL-DMT .FUMARATE \u00e1ruh\u00e1zunkat.<\/h3>\n<p>K\u00e9szen \u00e1llsz a k\u00f6vetkez\u0151 kalandra? L\u00e1togasson el 5-CL-DMT .FUMARATE \u00fczlet\u00fcnkbe m\u00e9g ma, \u00e9s fedezze fel a lehet\u0151s\u00e9gek vil\u00e1g\u00e1t. Ak\u00e1r tudatoss\u00e1g\u00e1t szeretn\u00e9 b\u0151v\u00edteni, ak\u00e1r kreativit\u00e1s\u00e1t fokozni, vagy egyszer\u0171en csak \u00faj perspekt\u00edv\u00e1b\u00f3l szeretn\u00e9 megtapasztalni az \u00e9letet, az rckopen.com-on minden megtal\u00e1lhat\u00f3, amire sz\u00fcks\u00e9ge van, hogy ez megt\u00f6rt\u00e9njen.<\/p>\n<h3>V\u00e1s\u00e1roljon 5-CL-DMT online.FUMARATE az Egyes\u00fclt Kir\u00e1lys\u00e1gban \u00e9s a tengerent\u00falon<\/h3>\n<p>Nagy-Britanni\u00e1ban tal\u00e1lhat\u00f3, az rckopen.com az \u00d6n el\u0151ny\u00f6s forr\u00e1sa az 5-CL-DMT .FUMARATE megv\u00e1s\u00e1rl\u00e1s\u00e1hoz Nagy-Britanni\u00e1ban. Gyors sz\u00e1ll\u00edt\u00e1ssal \u00e9s versenyk\u00e9pes \u00e1rakkal megk\u00f6nny\u00edtj\u00fck az Egyes\u00fclt Kir\u00e1lys\u00e1g lakosai sz\u00e1m\u00e1ra, hogy hozz\u00e1f\u00e9rjenek ehhez a figyelemre m\u00e9lt\u00f3 vegy\u00fclethez. De el\u00e9r\u00e9s\u00fcnk messze t\u00falmutat az Egyes\u00fclt Kir\u00e1lys\u00e1g hat\u00e1rain - b\u00fcszk\u00e9n szolg\u00e1ljuk ki a vil\u00e1g minden t\u00e1j\u00e1r\u00f3l \u00e9rkez\u0151 v\u00e1s\u00e1rl\u00f3kat, \u00e9s 5-CL-DMT .FUMARATE-t sz\u00e1ll\u00edtunk a rajong\u00f3knak mindenhol.<\/p>\n<h3>Nem v\u00e9nyk\u00f6teles: v\u00e1s\u00e1rl\u00e1s probl\u00e9mamentes 5-CL-DMT .FUMARATE<\/h3>\n<p>Mondjon b\u00facs\u00fat a recept beszerz\u00e9s\u00e9vel j\u00e1r\u00f3 gondoknak: az rckopen.com oldalon felesleges b\u00fcrokr\u00e1cia n\u00e9lk\u00fcl v\u00e1s\u00e1rolhat 5-CL-DMT .FUMARATE-t. A transzformat\u00edv vegy\u00fcletekhez val\u00f3 hozz\u00e1f\u00e9r\u00e9snek egyszer\u0171nek \u00e9s egyszer\u0171nek kell lennie. Ez\u00e9rt egyszer\u0171s\u00edtett\u00fck a v\u00e1s\u00e1rl\u00e1si folyamatot az \u00d6n k\u00e9nyelme \u00e9rdek\u00e9ben.<\/p>\n<h3>Az utaz\u00e1s itt kezd\u0151dik: FUMARATE az rckopen.com seg\u00edts\u00e9g\u00e9vel.<\/h3>\n<p>K\u00e9szen \u00e1llsz a tudatoss\u00e1g \u00e9s a tapasztal\u00e1s \u00faj dimenzi\u00f3inak felt\u00e1r\u00e1s\u00e1ra? Ne v\u00e1rjon tov\u00e1bb - l\u00e1togasson el m\u00e9g ma az rckopen.com oldalra, \u00e9s kezdje meg az utaz\u00e1s\u00e1t az elad\u00f3 5-CL-DMT .FUMAR\u00c1T-tal. A min\u0151s\u00e9g, a biztons\u00e1g \u00e9s a v\u00e1s\u00e1rl\u00f3i el\u00e9gedetts\u00e9g ir\u00e1nti elk\u00f6telezetts\u00e9g\u00fcnkkel mi vagyunk az \u00d6n megb\u00edzhat\u00f3 partnere a felfedez\u00e9sben \u00e9s a felfedez\u00e9sben.<\/p>","protected":false},"excerpt":{"rendered":"<p><strong>IUPAC-n\u00e9v: <\/strong>2-(5-Bromo-1H-indol-3-yl)-N,N-dimethylethan-1-amine<\/p>\n<p><strong>CAS # <\/strong>17274-65-6<\/p>\n<p><strong>M\u00e1sik n\u00e9v: <\/strong>5-brom-N,N-dimetil-triptamin<\/p>\n<p><strong>Forma: <\/strong>por<\/p>\n<p><strong>NMR-elemz\u00e9s: <\/strong>C12H15BrN2<\/p>\n<p><strong>IUPAC-n\u00e9v: <\/strong>2-(5-Bromo-1H-indol-3-yl)-N,N-dimethylethan-1-amine<\/p>\n<p><strong>CAS # <\/strong>17274-65-6<\/p>\n<p><strong>M\u00e1sik n\u00e9v: <\/strong>5-brom-N,N-dimetil-triptamin<\/p>\n<p><strong>Forma: <\/strong>por<\/p>\n<p><strong>NMR-elemz\u00e9s: <\/strong>C12H15BrN2<\/p>","protected":false},"featured_media":6857,"comment_status":"open","ping_status":"closed","template":"","meta":{"_joinchat":[]},"product_brand":[],"product_cat":[149],"product_tag":[],"class_list":{"0":"post-6692","1":"product","2":"type-product","3":"status-publish","4":"has-post-thumbnail","6":"product_cat-tryptaminen","8":"first","9":"instock","10":"shipping-taxable","11":"purchasable","12":"product-type-variable"},"yoast_head":"<!-- This site is optimized with the Yoast SEO plugin v26.3 - https:\/\/yoast.com\/wordpress\/plugins\/seo\/ -->\n<title>5-Bromo-DMT-Fumarate online kopen - 5-Bromo-DMT te koop<\/title>\n<meta name=\"description\" content=\"Onze winkel heeft de topkwaliteit 5-Bromo-DMT-Fumaraat te koop. U kunt nooit om de kwaliteit van onze producten heen. Als u dat nodig heeft, kunt u 5-Bromo-DMT-Fumaraat meteen online kopen. Bestel nu!\" \/>\n<meta name=\"robots\" content=\"index, follow, max-snippet:-1, max-image-preview:large, max-video-preview:-1\" \/>\n<link rel=\"canonical\" href=\"https:\/\/rckopen.com\/hu\/termek\/5-brom-dmt-fumarat\/\" \/>\n<meta property=\"og:locale\" content=\"hu_HU\" \/>\n<meta property=\"og:type\" content=\"article\" \/>\n<meta property=\"og:title\" content=\"5-Bromo-DMT-Fumarate online kopen - 5-Bromo-DMT te koop\" \/>\n<meta property=\"og:description\" content=\"Onze winkel heeft de topkwaliteit 5-Bromo-DMT-Fumaraat te koop. U kunt nooit om de kwaliteit van onze producten heen. Als u dat nodig heeft, kunt u 5-Bromo-DMT-Fumaraat meteen online kopen. Bestel nu!\" \/>\n<meta property=\"og:url\" content=\"https:\/\/rckopen.com\/hu\/termek\/5-brom-dmt-fumarat\/\" \/>\n<meta property=\"og:site_name\" content=\"RC Kopen\" \/>\n<meta property=\"article:modified_time\" content=\"2025-01-31T09:51:38+00:00\" \/>\n<meta property=\"og:image\" content=\"https:\/\/rckopen.com\/wp-content\/uploads\/2023\/08\/5-Bromo-DMT-.FUMARATE.jpg\" \/>\n\t<meta property=\"og:image:width\" content=\"600\" \/>\n\t<meta property=\"og:image:height\" content=\"600\" \/>\n\t<meta property=\"og:image:type\" content=\"image\/jpeg\" \/>\n<meta name=\"twitter:card\" content=\"summary_large_image\" \/>\n<meta name=\"twitter:label1\" content=\"Becs\u00fclt olvas\u00e1si id\u0151\" \/>\n\t<meta name=\"twitter:data1\" content=\"3 perc\" \/>\n<script type=\"application\/ld+json\" class=\"yoast-schema-graph\">{\"@context\":\"https:\/\/schema.org\",\"@graph\":[{\"@type\":\"WebPage\",\"@id\":\"https:\/\/rckopen.com\/product\/5-bromo-dmt-fumarate\/\",\"url\":\"https:\/\/rckopen.com\/product\/5-bromo-dmt-fumarate\/\",\"name\":\"5-Bromo-DMT-Fumarate online kopen - 5-Bromo-DMT te koop\",\"isPartOf\":{\"@id\":\"https:\/\/rckopen.com\/#website\"},\"primaryImageOfPage\":{\"@id\":\"https:\/\/rckopen.com\/product\/5-bromo-dmt-fumarate\/#primaryimage\"},\"image\":{\"@id\":\"https:\/\/rckopen.com\/product\/5-bromo-dmt-fumarate\/#primaryimage\"},\"thumbnailUrl\":\"https:\/\/rckopen.com\/wp-content\/uploads\/2023\/08\/5-Bromo-DMT-.FUMARATE.jpg\",\"datePublished\":\"2023-08-17T10:28:13+00:00\",\"dateModified\":\"2025-01-31T09:51:38+00:00\",\"description\":\"Onze winkel heeft de topkwaliteit 5-Bromo-DMT-Fumaraat te koop. U kunt nooit om de kwaliteit van onze producten heen. Als u dat nodig heeft, kunt u 5-Bromo-DMT-Fumaraat meteen online kopen. Bestel nu!\",\"breadcrumb\":{\"@id\":\"https:\/\/rckopen.com\/product\/5-bromo-dmt-fumarate\/#breadcrumb\"},\"inLanguage\":\"hu\",\"potentialAction\":[{\"@type\":\"ReadAction\",\"target\":[\"https:\/\/rckopen.com\/product\/5-bromo-dmt-fumarate\/\"]}]},{\"@type\":\"ImageObject\",\"inLanguage\":\"hu\",\"@id\":\"https:\/\/rckopen.com\/product\/5-bromo-dmt-fumarate\/#primaryimage\",\"url\":\"https:\/\/rckopen.com\/wp-content\/uploads\/2023\/08\/5-Bromo-DMT-.FUMARATE.jpg\",\"contentUrl\":\"https:\/\/rckopen.com\/wp-content\/uploads\/2023\/08\/5-Bromo-DMT-.FUMARATE.jpg\",\"width\":600,\"height\":600,\"caption\":\"5-Bromo-DMT-.FUMARATE online kopen\"},{\"@type\":\"BreadcrumbList\",\"@id\":\"https:\/\/rckopen.com\/product\/5-bromo-dmt-fumarate\/#breadcrumb\",\"itemListElement\":[{\"@type\":\"ListItem\",\"position\":1,\"name\":\"Home\",\"item\":\"https:\/\/rckopen.com\/\"},{\"@type\":\"ListItem\",\"position\":2,\"name\":\"Shop\",\"item\":\"https:\/\/rckopen.com\/shop\/\"},{\"@type\":\"ListItem\",\"position\":3,\"name\":\"5-Bromo-DMT FUMARATE online kopen\"}]},{\"@type\":\"WebSite\",\"@id\":\"https:\/\/rckopen.com\/#website\",\"url\":\"https:\/\/rckopen.com\/\",\"name\":\"RC Kopen\",\"description\":\"Research Chemicals\",\"potentialAction\":[{\"@type\":\"SearchAction\",\"target\":{\"@type\":\"EntryPoint\",\"urlTemplate\":\"https:\/\/rckopen.com\/?s={search_term_string}\"},\"query-input\":{\"@type\":\"PropertyValueSpecification\",\"valueRequired\":true,\"valueName\":\"search_term_string\"}}],\"inLanguage\":\"hu\"}]}<\/script>\n<!-- \/ Yoast SEO plugin. -->","yoast_head_json":{"title":"5-Bromo-DMT-Fumarate online kopen - 5-Bromo-DMT te koop","description":"Onze winkel heeft de topkwaliteit 5-Bromo-DMT-Fumaraat te koop. U kunt nooit om de kwaliteit van onze producten heen. Als u dat nodig heeft, kunt u 5-Bromo-DMT-Fumaraat meteen online kopen. Bestel nu!","robots":{"index":"index","follow":"follow","max-snippet":"max-snippet:-1","max-image-preview":"max-image-preview:large","max-video-preview":"max-video-preview:-1"},"canonical":"https:\/\/rckopen.com\/hu\/termek\/5-brom-dmt-fumarat\/","og_locale":"hu_HU","og_type":"article","og_title":"5-Bromo-DMT-Fumarate online kopen - 5-Bromo-DMT te koop","og_description":"Onze winkel heeft de topkwaliteit 5-Bromo-DMT-Fumaraat te koop. U kunt nooit om de kwaliteit van onze producten heen. Als u dat nodig heeft, kunt u 5-Bromo-DMT-Fumaraat meteen online kopen. Bestel nu!","og_url":"https:\/\/rckopen.com\/hu\/termek\/5-brom-dmt-fumarat\/","og_site_name":"RC Kopen","article_modified_time":"2025-01-31T09:51:38+00:00","og_image":[{"width":600,"height":600,"url":"https:\/\/rckopen.com\/wp-content\/uploads\/2023\/08\/5-Bromo-DMT-.FUMARATE.jpg","type":"image\/jpeg"}],"twitter_card":"summary_large_image","twitter_misc":{"Becs\u00fclt olvas\u00e1si id\u0151":"3 perc"},"schema":{"@context":"https:\/\/schema.org","@graph":[{"@type":"WebPage","@id":"https:\/\/rckopen.com\/product\/5-bromo-dmt-fumarate\/","url":"https:\/\/rckopen.com\/product\/5-bromo-dmt-fumarate\/","name":"5-Bromo-DMT-Fumarate online kopen - 5-Bromo-DMT te koop","isPartOf":{"@id":"https:\/\/rckopen.com\/#website"},"primaryImageOfPage":{"@id":"https:\/\/rckopen.com\/product\/5-bromo-dmt-fumarate\/#primaryimage"},"image":{"@id":"https:\/\/rckopen.com\/product\/5-bromo-dmt-fumarate\/#primaryimage"},"thumbnailUrl":"https:\/\/rckopen.com\/wp-content\/uploads\/2023\/08\/5-Bromo-DMT-.FUMARATE.jpg","datePublished":"2023-08-17T10:28:13+00:00","dateModified":"2025-01-31T09:51:38+00:00","description":"Onze winkel heeft de topkwaliteit 5-Bromo-DMT-Fumaraat te koop. U kunt nooit om de kwaliteit van onze producten heen. Als u dat nodig heeft, kunt u 5-Bromo-DMT-Fumaraat meteen online kopen. Bestel nu!","breadcrumb":{"@id":"https:\/\/rckopen.com\/product\/5-bromo-dmt-fumarate\/#breadcrumb"},"inLanguage":"hu","potentialAction":[{"@type":"ReadAction","target":["https:\/\/rckopen.com\/product\/5-bromo-dmt-fumarate\/"]}]},{"@type":"ImageObject","inLanguage":"hu","@id":"https:\/\/rckopen.com\/product\/5-bromo-dmt-fumarate\/#primaryimage","url":"https:\/\/rckopen.com\/wp-content\/uploads\/2023\/08\/5-Bromo-DMT-.FUMARATE.jpg","contentUrl":"https:\/\/rckopen.com\/wp-content\/uploads\/2023\/08\/5-Bromo-DMT-.FUMARATE.jpg","width":600,"height":600,"caption":"5-Bromo-DMT-.FUMARATE online kopen"},{"@type":"BreadcrumbList","@id":"https:\/\/rckopen.com\/product\/5-bromo-dmt-fumarate\/#breadcrumb","itemListElement":[{"@type":"ListItem","position":1,"name":"Home","item":"https:\/\/rckopen.com\/"},{"@type":"ListItem","position":2,"name":"Shop","item":"https:\/\/rckopen.com\/shop\/"},{"@type":"ListItem","position":3,"name":"5-Bromo-DMT FUMARATE online kopen"}]},{"@type":"WebSite","@id":"https:\/\/rckopen.com\/#website","url":"https:\/\/rckopen.com\/","name":"RC Kopen","description":"Research Chemicals","potentialAction":[{"@type":"SearchAction","target":{"@type":"EntryPoint","urlTemplate":"https:\/\/rckopen.com\/?s={search_term_string}"},"query-input":{"@type":"PropertyValueSpecification","valueRequired":true,"valueName":"search_term_string"}}],"inLanguage":"hu"}]}},"_links":{"self":[{"href":"https:\/\/rckopen.com\/hu\/wp-json\/wp\/v2\/product\/6692","targetHints":{"allow":["GET"]}}],"collection":[{"href":"https:\/\/rckopen.com\/hu\/wp-json\/wp\/v2\/product"}],"about":[{"href":"https:\/\/rckopen.com\/hu\/wp-json\/wp\/v2\/types\/product"}],"replies":[{"embeddable":true,"href":"https:\/\/rckopen.com\/hu\/wp-json\/wp\/v2\/comments?post=6692"}],"wp:featuredmedia":[{"embeddable":true,"href":"https:\/\/rckopen.com\/hu\/wp-json\/wp\/v2\/media\/6857"}],"wp:attachment":[{"href":"https:\/\/rckopen.com\/hu\/wp-json\/wp\/v2\/media?parent=6692"}],"wp:term":[{"taxonomy":"product_brand","embeddable":true,"href":"https:\/\/rckopen.com\/hu\/wp-json\/wp\/v2\/product_brand?post=6692"},{"taxonomy":"product_cat","embeddable":true,"href":"https:\/\/rckopen.com\/hu\/wp-json\/wp\/v2\/product_cat?post=6692"},{"taxonomy":"product_tag","embeddable":true,"href":"https:\/\/rckopen.com\/hu\/wp-json\/wp\/v2\/product_tag?post=6692"}],"curies":[{"name":"wp","href":"https:\/\/api.w.org\/{rel}","templated":true}]}}