{"id":6693,"date":"2023-08-17T10:29:58","date_gmt":"2023-08-17T10:29:58","guid":{"rendered":"https:\/\/diligentplug.com\/chems\/?post_type=product&#038;p=6693"},"modified":"2025-01-31T09:54:47","modified_gmt":"2025-01-31T09:54:47","slug":"5-cl-dmt-fumarate","status":"publish","type":"product","link":"https:\/\/rckopen.com\/hu\/termek\/5-cl-dmt-fumarat\/","title":{"rendered":"V\u00e1s\u00e1roljon 5-CL-DMT .FUMARATE online"},"content":{"rendered":"<h2>Nyisson \u00faj \u00e9lm\u00e9nyeket az 5-CL-DMT-vel .FUMARATE: a felfedez\u00e9s kapuja<\/h2>\n<p>K\u00e9szen \u00e1llsz egy rendk\u00edv\u00fcli felfedez\u0151 \u00e9s felfedez\u0151 utaz\u00e1sra? Ne keressen tov\u00e1bb, mint az rckopen.com! Mi vagyunk az els\u0151 \u00fati c\u00e9lja <a href=\"https:\/\/rckopen.com\/hu\/termek\/5-cl-dmt-fumarat\/\">5-CL-DMT .FUMARATE<\/a> megrendel\u00e9sre, egy kompoz\u00edci\u00f3, amely az \u00e9lm\u00e9ny \u00e9s a meg\u00e9rt\u00e9s \u00faj birodalmait \u00edg\u00e9ri.<\/p>\n<h3>Hol v\u00e1s\u00e1rolhat 5-CL-DMT-t online? .FUMARATE: Az \u00d6n megb\u00edzhat\u00f3 forr\u00e1sa<\/h3>\n<p>Megb\u00edzhat\u00f3 forr\u00e1s megtal\u00e1l\u00e1sa az 5-CL-DMT .FUMARATE online v\u00e1s\u00e1rl\u00e1s\u00e1hoz kih\u00edv\u00e1st jelenthet, de az rckopen.com ezt megk\u00f6nny\u00edti. A kutat\u00e1si vegyszerek megb\u00edzhat\u00f3 sz\u00e1ll\u00edt\u00f3jak\u00e9nt b\u00fcszk\u00e9k vagyunk arra, hogy \u00fcgyfeleinknek csak a legjobb min\u0151s\u00e9g\u0171 vegy\u00fcleteket k\u00edn\u00e1ljuk. Ha t\u0151l\u00fcnk v\u00e1s\u00e1rol, biztos lehet benne, hogy olyan term\u00e9ket kap, amely megfelel a legszigor\u00fabb tisztas\u00e1gi \u00e9s hat\u00e9konys\u00e1gi szabv\u00e1nyoknak.<\/p>\n<h3>Tapasztalja meg a k\u00fcl\u00f6nbs\u00e9get: Rendelje meg az 5-CL-DMT .FUMARATE-t m\u00e9g ma!<\/h3>\n<p>K\u00e9szen \u00e1llsz arra, hogy belev\u00e1gj \u00e9s felfedezd a tudatod m\u00e9lys\u00e9geit az 5-CL-DMT .FUMAR\u00c1T-tal? Az rckopen.com-on t\u00f6rt\u00e9n\u0151 rendel\u00e9s gyors, egyszer\u0171 \u00e9s biztons\u00e1gos. B\u00f6ng\u00e9sszen k\u00edn\u00e1latunkban, tegye a k\u00edv\u00e1nt term\u00e9keket a kos\u00e1rba, \u00e9s folytassa a p\u00e9nzt\u00e1rhoz. A diszkr\u00e9t csomagol\u00e1ssal \u00e9s gyors sz\u00e1ll\u00edt\u00e1ssal az \u00d6n utaz\u00e1sa az 5-CL-DMT .FUMARATE leg\u00e1lis megv\u00e1s\u00e1rl\u00e1s\u00e1hoz hamarabb elkezd\u0151dhet, mint gondoln\u00e1.<\/p>\n<h3>V\u00e1s\u00e1roljon 5-CL-DMT .FUMARATE online leg\u00e1lisan \u00e9s biztons\u00e1gosan<\/h3>\n<p>Agg\u00f3dik az 5-CL-DMT .FUMARATE v\u00e1s\u00e1rl\u00e1s\u00e1nak jogszer\u0171s\u00e9g\u00e9vel kapcsolatban? Biztos lehet benne, hogy amikor az rckopen.com-t\u00f3l v\u00e1s\u00e1rol, akkor ezt leg\u00e1lisan \u00e9s felel\u0151ss\u00e9gteljesen teszi. Szigor\u00faan betartjuk az \u00f6sszes vonatkoz\u00f3 szab\u00e1lyoz\u00e1st \u00e9s ir\u00e1nyelvet, \u00e9s biztos\u00edtjuk, hogy v\u00e1s\u00e1rl\u00e1sa biztons\u00e1gos \u00e9s t\u00f6rv\u00e9nyes legyen.<\/p>\n<h3>Hat\u00e1rtalan lehet\u0151s\u00e9gek felt\u00e1r\u00e1sa: fedezze fel az 5-CL-DMT .FUMARATE \u00e1ruh\u00e1zunkat.<\/h3>\n<p>K\u00e9szen \u00e1llsz a k\u00f6vetkez\u0151 kalandra? L\u00e1togasson el 5-CL-DMT .FUMARATE \u00fczlet\u00fcnkbe m\u00e9g ma, \u00e9s fedezze fel a lehet\u0151s\u00e9gek vil\u00e1g\u00e1t. Ak\u00e1r tudatoss\u00e1g\u00e1t szeretn\u00e9 b\u0151v\u00edteni, ak\u00e1r kreativit\u00e1s\u00e1t fokozni, vagy egyszer\u0171en csak \u00faj perspekt\u00edv\u00e1b\u00f3l szeretn\u00e9 megtapasztalni az \u00e9letet, az rckopen.com-on minden megtal\u00e1lhat\u00f3, amire sz\u00fcks\u00e9ge van, hogy ez megt\u00f6rt\u00e9njen.<\/p>\n<h3>V\u00e1s\u00e1roljon 5-CL-DMT .FUMARATE online az Egyes\u00fclt Kir\u00e1lys\u00e1gban \u00e9s a tengerent\u00falon<\/h3>\n<p>Nagy-Britanni\u00e1ban tal\u00e1lhat\u00f3? Az rckopen.com a kedvenc forr\u00e1sa <a href=\"https:\/\/en.wikipedia.org\/wiki\/5-Bromo-DMT\">5-CL-DMT .FUMARATE<\/a> megv\u00e1s\u00e1rolhat\u00f3 az Egyes\u00fclt Kir\u00e1lys\u00e1gban. Gyors sz\u00e1ll\u00edt\u00e1ssal \u00e9s versenyk\u00e9pes \u00e1rakkal megk\u00f6nny\u00edtj\u00fck az Egyes\u00fclt Kir\u00e1lys\u00e1g lakosainak hozz\u00e1f\u00e9r\u00e9s\u00e9t ehhez a figyelemre m\u00e9lt\u00f3 komplexumhoz. \u00c1m el\u00e9rhet\u0151s\u00e9g\u00fcnk messze t\u00falmutat az Egyes\u00fclt Kir\u00e1lys\u00e1g hat\u00e1rain \u2013 b\u00fcszk\u00e9n szolg\u00e1ljuk ki \u00fcgyfeleinket a vil\u00e1g minden t\u00e1j\u00e1r\u00f3l, \u00e9s mindenhol 5-CL-DMT .FUMARATE-t sz\u00e1ll\u00edtunk a rajong\u00f3knak.<\/p>\n<h3>Nem v\u00e9nyk\u00f6teles: v\u00e1s\u00e1rl\u00e1s probl\u00e9mamentes 5-CL-DMT .FUMARATE<\/h3>\n<p>Mondjon b\u00facs\u00fat a recept beszerz\u00e9s\u00e9vel j\u00e1r\u00f3 gondoknak: az rckopen.com oldalon felesleges b\u00fcrokr\u00e1cia n\u00e9lk\u00fcl v\u00e1s\u00e1rolhat 5-CL-DMT .FUMARATE-t. A transzformat\u00edv vegy\u00fcletekhez val\u00f3 hozz\u00e1f\u00e9r\u00e9snek egyszer\u0171nek \u00e9s egyszer\u0171nek kell lennie. Ez\u00e9rt egyszer\u0171s\u00edtett\u00fck a v\u00e1s\u00e1rl\u00e1si folyamatot az \u00d6n k\u00e9nyelme \u00e9rdek\u00e9ben. <a href=\"https:\/\/rckopen.com\/hu\/\">RCKOpen.com<\/a><\/p>\n<h3>Az utaz\u00e1s itt kezd\u0151dik: FUMARATE az rckopen.com seg\u00edts\u00e9g\u00e9vel.<\/h3>\n<p>K\u00e9szen \u00e1llsz a tudatoss\u00e1g \u00e9s a tapasztal\u00e1s \u00faj dimenzi\u00f3inak felt\u00e1r\u00e1s\u00e1ra? Ne v\u00e1rjon tov\u00e1bb - l\u00e1togasson el m\u00e9g ma az rckopen.com oldalra, \u00e9s kezdje meg az utaz\u00e1s\u00e1t az elad\u00f3 5-CL-DMT .FUMAR\u00c1T-tal. A min\u0151s\u00e9g, a biztons\u00e1g \u00e9s a v\u00e1s\u00e1rl\u00f3i el\u00e9gedetts\u00e9g ir\u00e1nti elk\u00f6telezetts\u00e9g\u00fcnkkel mi vagyunk az \u00d6n megb\u00edzhat\u00f3 partnere a felfedez\u00e9sben \u00e9s a felfedez\u00e9sben.<\/p>\n<p><a style=\"font-size: 1rem;\" href=\"https:\/\/en.wikipedia.org\/wiki\/4-HO-MPT\">.<\/a><\/p>","protected":false},"excerpt":{"rendered":"<p><strong>IUPAC-n\u00e9v: <\/strong>2-(5-kl\u00f3r-1H-indol-3-il)-N,N-dimetil-et\u00e1n-1-amin Szinonim\u00e1k: 5-CL-N,N-dimetiltriptamin<\/p>\n<p><strong>Forma: <\/strong>por<\/p>\n<p><strong>NMR-elemz\u00e9s: <\/strong>C12H15ClN2<\/p>","protected":false},"featured_media":6858,"comment_status":"open","ping_status":"closed","template":"","meta":{"_joinchat":[]},"product_brand":[],"product_cat":[149],"product_tag":[],"class_list":{"0":"post-6693","1":"product","2":"type-product","3":"status-publish","4":"has-post-thumbnail","6":"product_cat-tryptaminen","8":"first","9":"instock","10":"shipping-taxable","11":"purchasable","12":"product-type-variable"},"yoast_head":"<!-- This site is optimized with the Yoast SEO plugin v26.3 - https:\/\/yoast.com\/wordpress\/plugins\/seo\/ -->\n<title>5CL-DMT-fumaraat online kopen - 5CL-DMT-fumaraat te koop<\/title>\n<meta name=\"description\" content=\"5CL-DMT-fumaraat online kopen? RC Kopen is een toonaangevende winkel waar je 5cl-DMT fumaraat te koop tegen de beste prijs. Bestel 5cl-DMT\" \/>\n<meta name=\"robots\" content=\"index, follow, max-snippet:-1, max-image-preview:large, max-video-preview:-1\" \/>\n<link rel=\"canonical\" href=\"https:\/\/rckopen.com\/hu\/termek\/5-cl-dmt-fumarat\/\" \/>\n<meta property=\"og:locale\" content=\"hu_HU\" \/>\n<meta property=\"og:type\" content=\"article\" \/>\n<meta property=\"og:title\" content=\"5CL-DMT-fumaraat online kopen - 5CL-DMT-fumaraat te koop\" \/>\n<meta property=\"og:description\" content=\"5CL-DMT-fumaraat online kopen? RC Kopen is een toonaangevende winkel waar je 5cl-DMT fumaraat te koop tegen de beste prijs. Bestel 5cl-DMT\" \/>\n<meta property=\"og:url\" content=\"https:\/\/rckopen.com\/hu\/termek\/5-cl-dmt-fumarat\/\" \/>\n<meta property=\"og:site_name\" content=\"RC Kopen\" \/>\n<meta property=\"article:modified_time\" content=\"2025-01-31T09:54:47+00:00\" \/>\n<meta property=\"og:image\" content=\"https:\/\/rckopen.com\/wp-content\/uploads\/2023\/08\/5-CL-DMT-.FUMARATE.jpg\" \/>\n\t<meta property=\"og:image:width\" content=\"600\" \/>\n\t<meta property=\"og:image:height\" content=\"600\" \/>\n\t<meta property=\"og:image:type\" content=\"image\/jpeg\" \/>\n<meta name=\"twitter:card\" content=\"summary_large_image\" \/>\n<meta name=\"twitter:label1\" content=\"Becs\u00fclt olvas\u00e1si id\u0151\" \/>\n\t<meta name=\"twitter:data1\" content=\"3 perc\" \/>\n<script type=\"application\/ld+json\" class=\"yoast-schema-graph\">{\"@context\":\"https:\/\/schema.org\",\"@graph\":[{\"@type\":\"WebPage\",\"@id\":\"https:\/\/rckopen.com\/product\/5-cl-dmt-fumarate\/\",\"url\":\"https:\/\/rckopen.com\/product\/5-cl-dmt-fumarate\/\",\"name\":\"5CL-DMT-fumaraat online kopen - 5CL-DMT-fumaraat te koop\",\"isPartOf\":{\"@id\":\"https:\/\/rckopen.com\/#website\"},\"primaryImageOfPage\":{\"@id\":\"https:\/\/rckopen.com\/product\/5-cl-dmt-fumarate\/#primaryimage\"},\"image\":{\"@id\":\"https:\/\/rckopen.com\/product\/5-cl-dmt-fumarate\/#primaryimage\"},\"thumbnailUrl\":\"https:\/\/rckopen.com\/wp-content\/uploads\/2023\/08\/5-CL-DMT-.FUMARATE.jpg\",\"datePublished\":\"2023-08-17T10:29:58+00:00\",\"dateModified\":\"2025-01-31T09:54:47+00:00\",\"description\":\"5CL-DMT-fumaraat online kopen? RC Kopen is een toonaangevende winkel waar je 5cl-DMT fumaraat te koop tegen de beste prijs. Bestel 5cl-DMT\",\"breadcrumb\":{\"@id\":\"https:\/\/rckopen.com\/product\/5-cl-dmt-fumarate\/#breadcrumb\"},\"inLanguage\":\"hu\",\"potentialAction\":[{\"@type\":\"ReadAction\",\"target\":[\"https:\/\/rckopen.com\/product\/5-cl-dmt-fumarate\/\"]}]},{\"@type\":\"ImageObject\",\"inLanguage\":\"hu\",\"@id\":\"https:\/\/rckopen.com\/product\/5-cl-dmt-fumarate\/#primaryimage\",\"url\":\"https:\/\/rckopen.com\/wp-content\/uploads\/2023\/08\/5-CL-DMT-.FUMARATE.jpg\",\"contentUrl\":\"https:\/\/rckopen.com\/wp-content\/uploads\/2023\/08\/5-CL-DMT-.FUMARATE.jpg\",\"width\":600,\"height\":600,\"caption\":\"5-CL-DMT-.FUMARATE online kopen\"},{\"@type\":\"BreadcrumbList\",\"@id\":\"https:\/\/rckopen.com\/product\/5-cl-dmt-fumarate\/#breadcrumb\",\"itemListElement\":[{\"@type\":\"ListItem\",\"position\":1,\"name\":\"Home\",\"item\":\"https:\/\/rckopen.com\/\"},{\"@type\":\"ListItem\",\"position\":2,\"name\":\"Shop\",\"item\":\"https:\/\/rckopen.com\/shop\/\"},{\"@type\":\"ListItem\",\"position\":3,\"name\":\"5-CL-DMT .FUMARATE online kopen\"}]},{\"@type\":\"WebSite\",\"@id\":\"https:\/\/rckopen.com\/#website\",\"url\":\"https:\/\/rckopen.com\/\",\"name\":\"RC Kopen\",\"description\":\"Research Chemicals\",\"potentialAction\":[{\"@type\":\"SearchAction\",\"target\":{\"@type\":\"EntryPoint\",\"urlTemplate\":\"https:\/\/rckopen.com\/?s={search_term_string}\"},\"query-input\":{\"@type\":\"PropertyValueSpecification\",\"valueRequired\":true,\"valueName\":\"search_term_string\"}}],\"inLanguage\":\"hu\"}]}<\/script>\n<!-- \/ Yoast SEO plugin. -->","yoast_head_json":{"title":"5CL-DMT-fumaraat online kopen - 5CL-DMT-fumaraat te koop","description":"5CL-DMT-fumaraat online kopen? RC Kopen is een toonaangevende winkel waar je 5cl-DMT fumaraat te koop tegen de beste prijs. Bestel 5cl-DMT","robots":{"index":"index","follow":"follow","max-snippet":"max-snippet:-1","max-image-preview":"max-image-preview:large","max-video-preview":"max-video-preview:-1"},"canonical":"https:\/\/rckopen.com\/hu\/termek\/5-cl-dmt-fumarat\/","og_locale":"hu_HU","og_type":"article","og_title":"5CL-DMT-fumaraat online kopen - 5CL-DMT-fumaraat te koop","og_description":"5CL-DMT-fumaraat online kopen? RC Kopen is een toonaangevende winkel waar je 5cl-DMT fumaraat te koop tegen de beste prijs. Bestel 5cl-DMT","og_url":"https:\/\/rckopen.com\/hu\/termek\/5-cl-dmt-fumarat\/","og_site_name":"RC Kopen","article_modified_time":"2025-01-31T09:54:47+00:00","og_image":[{"width":600,"height":600,"url":"https:\/\/rckopen.com\/wp-content\/uploads\/2023\/08\/5-CL-DMT-.FUMARATE.jpg","type":"image\/jpeg"}],"twitter_card":"summary_large_image","twitter_misc":{"Becs\u00fclt olvas\u00e1si id\u0151":"3 perc"},"schema":{"@context":"https:\/\/schema.org","@graph":[{"@type":"WebPage","@id":"https:\/\/rckopen.com\/product\/5-cl-dmt-fumarate\/","url":"https:\/\/rckopen.com\/product\/5-cl-dmt-fumarate\/","name":"5CL-DMT-fumaraat online kopen - 5CL-DMT-fumaraat te koop","isPartOf":{"@id":"https:\/\/rckopen.com\/#website"},"primaryImageOfPage":{"@id":"https:\/\/rckopen.com\/product\/5-cl-dmt-fumarate\/#primaryimage"},"image":{"@id":"https:\/\/rckopen.com\/product\/5-cl-dmt-fumarate\/#primaryimage"},"thumbnailUrl":"https:\/\/rckopen.com\/wp-content\/uploads\/2023\/08\/5-CL-DMT-.FUMARATE.jpg","datePublished":"2023-08-17T10:29:58+00:00","dateModified":"2025-01-31T09:54:47+00:00","description":"5CL-DMT-fumaraat online kopen? RC Kopen is een toonaangevende winkel waar je 5cl-DMT fumaraat te koop tegen de beste prijs. Bestel 5cl-DMT","breadcrumb":{"@id":"https:\/\/rckopen.com\/product\/5-cl-dmt-fumarate\/#breadcrumb"},"inLanguage":"hu","potentialAction":[{"@type":"ReadAction","target":["https:\/\/rckopen.com\/product\/5-cl-dmt-fumarate\/"]}]},{"@type":"ImageObject","inLanguage":"hu","@id":"https:\/\/rckopen.com\/product\/5-cl-dmt-fumarate\/#primaryimage","url":"https:\/\/rckopen.com\/wp-content\/uploads\/2023\/08\/5-CL-DMT-.FUMARATE.jpg","contentUrl":"https:\/\/rckopen.com\/wp-content\/uploads\/2023\/08\/5-CL-DMT-.FUMARATE.jpg","width":600,"height":600,"caption":"5-CL-DMT-.FUMARATE online kopen"},{"@type":"BreadcrumbList","@id":"https:\/\/rckopen.com\/product\/5-cl-dmt-fumarate\/#breadcrumb","itemListElement":[{"@type":"ListItem","position":1,"name":"Home","item":"https:\/\/rckopen.com\/"},{"@type":"ListItem","position":2,"name":"Shop","item":"https:\/\/rckopen.com\/shop\/"},{"@type":"ListItem","position":3,"name":"5-CL-DMT .FUMARATE online kopen"}]},{"@type":"WebSite","@id":"https:\/\/rckopen.com\/#website","url":"https:\/\/rckopen.com\/","name":"RC Kopen","description":"Research Chemicals","potentialAction":[{"@type":"SearchAction","target":{"@type":"EntryPoint","urlTemplate":"https:\/\/rckopen.com\/?s={search_term_string}"},"query-input":{"@type":"PropertyValueSpecification","valueRequired":true,"valueName":"search_term_string"}}],"inLanguage":"hu"}]}},"_links":{"self":[{"href":"https:\/\/rckopen.com\/hu\/wp-json\/wp\/v2\/product\/6693","targetHints":{"allow":["GET"]}}],"collection":[{"href":"https:\/\/rckopen.com\/hu\/wp-json\/wp\/v2\/product"}],"about":[{"href":"https:\/\/rckopen.com\/hu\/wp-json\/wp\/v2\/types\/product"}],"replies":[{"embeddable":true,"href":"https:\/\/rckopen.com\/hu\/wp-json\/wp\/v2\/comments?post=6693"}],"wp:featuredmedia":[{"embeddable":true,"href":"https:\/\/rckopen.com\/hu\/wp-json\/wp\/v2\/media\/6858"}],"wp:attachment":[{"href":"https:\/\/rckopen.com\/hu\/wp-json\/wp\/v2\/media?parent=6693"}],"wp:term":[{"taxonomy":"product_brand","embeddable":true,"href":"https:\/\/rckopen.com\/hu\/wp-json\/wp\/v2\/product_brand?post=6693"},{"taxonomy":"product_cat","embeddable":true,"href":"https:\/\/rckopen.com\/hu\/wp-json\/wp\/v2\/product_cat?post=6693"},{"taxonomy":"product_tag","embeddable":true,"href":"https:\/\/rckopen.com\/hu\/wp-json\/wp\/v2\/product_tag?post=6693"}],"curies":[{"name":"wp","href":"https:\/\/api.w.org\/{rel}","templated":true}]}}