{"id":6698,"date":"2023-08-17T10:38:30","date_gmt":"2023-08-17T10:38:30","guid":{"rendered":"https:\/\/diligentplug.com\/chems\/?post_type=product&#038;p=6698"},"modified":"2025-02-01T08:35:55","modified_gmt":"2025-02-01T08:35:55","slug":"5-meo-dmt-freebase","status":"publish","type":"product","link":"https:\/\/rckopen.com\/hu\/termek\/5-meo-dmt-freebase\/","title":{"rendered":"Comprar 5-MeO-DMT base libre en l\u00ednea"},"content":{"rendered":"<h2>Az rckopen.com nem emberi fogyaszt\u00e1sra sz\u00e1nt term\u00e9keket k\u00edn\u00e1l.<br \/>\n<strong>General information on 5-MeO-DMT freebase Online Kopen<\/strong><\/h2>\n<p><a href=\"https:\/\/rckopen.com\/hu\/termek\/5-meo-dmt-freebase\/\">5-Meo-DMT<\/a> A freebase a triptamin oszt\u00e1ly kutat\u00e1si k\u00e9miai pszichedelikumja, n\u00e9gyszer vagy t\u00f6bbsz\u00f6r\u00f6se leny\u0171g\u00f6z\u0151bb, mint ismertebb rokona, a DMT (N, N-dimetiltriptamin).<\/p>\n<p>\u00dagy t\u0171nik, hogy a legk\u00fcl\u00f6nf\u00e9l\u00e9bb f\u00e1k \u00e9s bokrok, gyakran a DMT \u00e9s a bufotenin (5-HO-DMT) k\u00f6zel\u00e9ben, valamint egy b\u00e9kafajt\u00e1n\u00e1l is nyomon k\u00f6vethet\u0151. Az 5-Meo-DMT freebase hasonl\u00f3k\u00e9ppen szintetikusan is el\u0151\u00e1ll\u00edthat\u00f3.<\/p>\n<p>K\u00f6z\u00e9p- \u00e9s D\u00e9l-Amerik\u00e1ban, <a href=\"https:\/\/en.wikipedia.org\/wiki\/5-MeO-DMT\">5-MeO-DMT<\/a> A freebase-t leggyakrabban az Anadenanthera peregrine \u00e9s a Virola theiodora t\u00f6rzsekb\u0151l nyerik \u2013 a kett\u0151t \u00e1ltal\u00e1ban pszichoakt\u00edv tub\u00e1k k\u00e9sz\u00edt\u00e9s\u00e9re gy\u0171jtik \u00f6ssze.<\/p>\n<p>Ugyan\u00edgy megtal\u00e1lhat\u00f3 a Sonoran sivatagi b\u00e9ka sima feh\u00e9r m\u00e9reganyag\u00e1ban, amely az USA d\u00e9lnyugati r\u00e9sz\u00e9n \u00e9s Mexik\u00f3 \u00e9szaknyugati r\u00e9sz\u00e9n honos. A m\u00e9reg begy\u0171jt\u00e9se nyom\u00e1st gyakorolt e term\u00e9szetesen \u00e9rz\u00e9keny faj lak\u00f3inak popul\u00e1ci\u00f3j\u00e1ra. Jelenleg az USA n\u00e9h\u00e1ny \u00e1llam\u00e1ban vesz\u00e9lyeztetettk\u00e9nt vagy helyileg \u00e9rz\u00e9keltk\u00e9nt tartj\u00e1k nyilv\u00e1n. Az 5-MeO DMT forr\u00e1sainak felkutat\u00e1sa, p\u00e9ld\u00e1ul szintetikus vagy n\u00f6v\u00e9nyi eredet\u0171 v\u00e1ltozatok keres\u00e9se javasolt.<\/p>\n<h3><strong>Az 5-MeO-DMT szabadb\u00e1zis k\u00e9miai \u00f6sszet\u00e9tele<\/strong><\/h3>\n<p>A 2-(5-(5-metoxi-1H-indol-3-il)- N,N-dimetiletanamin (5-metoxi-N,N-dimetiltriptamin, r\u00f6viden 5-MeO-DMT) egy triptamin-alkaloid, egy \u00e9des illat\u00fa \u00e9ter \u00e9s egy tercier amin, amelynek szubatomi terhel\u00e9se 218,298 g\/mol, k\u00e9miai k\u00e9plete C<sub>13<\/sub>H<sub>18<\/sub>N<sub>2<\/sub>O. Szabad b\u00e1zisk\u00e9nt az 5-MeO-DMT feh\u00e9r, er\u0151s, cseppfoly\u00f3sod\u00e1si pontja 69,5 \u00b0C. V\u00edzben val\u00f3 oldhat\u00f3s\u00e1ga &gt; 32,7 \u03bcg\/ml.<\/p>\n<h3><strong>Farmakol\u00f3gia 5-MeO-DMT kutat\u00e1si vegyi anyag<\/strong><\/h3>\n<p>A t\u00f6bbi triptaminhoz hasonl\u00f3an az 5-MeO-DMT freebase buy is a DMT-hez hasonl\u00f3 alapszerkezettel rendelkezik, de az R5 poz\u00edci\u00f3ban egy metoxi-csom\u00f3 tal\u00e1lhat\u00f3. Alapvet\u0151en szerotonin (5-HT) receptor agonistak\u00e9nt m\u0171k\u00f6dik, az 5-HT1A receptor alt\u00edpusra korl\u00e1toz\u00f3d\u00f3 specifikus vonz\u00f3d\u00e1ssal. K\u00f6t\u0151dik az 5-HT2A \u00e9s k\u00f6veti az aminreceptorokat, esetleg az ut\u00f3bbiak seg\u00edts\u00e9g\u00e9vel k\u00f6zvet\u00edti a hallucinog\u00e9n hat\u00e1sokat. A neurotranszmitterek, p\u00e9ld\u00e1ul a noradrenalin \u00e9s a dopamin visszav\u00e9tel\u00e9nek g\u00e1tl\u00e1s\u00e1r\u00f3l emellett \u00fagy eml\u00e9keznek, hogy az 5-MeO-DMT k\u00e9pess\u00e9g\u00e9vel is r\u00e9szt vesz.<\/p>\n<h3><strong>Kiv\u00e1l\u00f3 min\u0151s\u00e9g\u0171 5-MeO-DMT online kopen<\/strong><\/h3>\n<p>Rc Kopen \u5728\u7814\u7a76\u5316\u5b66\u54c1\u8bbe\u8ba1\u884c\u4e1a\u62e5\u6709\u591a\u5e74\u200b\u200b\u7ecf\u9a8c\uff0c\u4f7f\u6211\u4eec\u80fd\u591f\u786e\u4fdd\u8fd9\u4e9b\u7814\u7a76\u5316\u5b66\u54c1\u7684\u6700\u9ad8\u8d28\u91cf\u3002\u7814\u7a76\u5316\u5b66\u54c1\u56e2\u961f\u9500\u552e 5-MeO-DMT \u6e38\u79bb\u78b1\u3002\u7814\u7a76\u5316\u5b66\u54c1\uff08\u5305\u62ec 5-MeO-DMT \u6e38\u79bb\u78b1\uff09\u7b26\u5408\u6240\u6709\u5b89\u5168\u8981\u6c42\u3002\u7814\u7a76\u5316\u5b66\u54c1\u7ecf\u8fc7\u7cbe\u5fc3\u5206\u914d\u5e76\u5b58\u653e\u5728\u9634\u51c9\u5e72\u71e5\u7684\u5730\u65b9\u3002<\/p>\n<p>Minden term\u00e9ket rendszeresen ellen\u0151riznek min\u0151s\u00e9g, tisztas\u00e1g \u00e9s biztons\u00e1g szempontj\u00e1b\u00f3l. Az 5-MeO-DMT freebase-t mindig szobah\u0151m\u00e9rs\u00e9kleten, gyermekek \u00e9s h\u00e1zi\u00e1llatok el\u0151l elz\u00e1rva tartsa. Az 5-MeO-DMT freebase nem szem\u00e9lyes haszn\u00e1latra k\u00e9sz\u00fclt. Kiz\u00e1r\u00f3lag kutat\u00e1si c\u00e9lokra szolg\u00e1l.<\/p>\n<p>Nem szabad alkohollal vagy kutat\u00e1si vegyszerekkel keverni, amikor ezt a kutat\u00e1si vegyszert kutatj\u00e1k!<\/p>\n<p>Minden term\u00e9k\u00fcnknek korrekt \u00e1ra van!<\/p>\n<h3><strong>Laborat\u00f3riumban tesztelt 5-MeO-DMT freebase eredm\u00e9nyekkel.<\/strong><\/h3>\n<p>A Remake az \u00fcgyfelei \u00e1ltal\u00e1nos teljes\u00edt\u00e9se fel\u00e9 halad. K\u00fcl\u00f6nb\u00f6z\u0151 vizsg\u00e1latok kimutatt\u00e1k, hogy az \u00fcgyfelek a szintetikus kutat\u00e1si vegyszerek v\u00e1s\u00e1rl\u00e1sa el\u0151tt annyi adatot k\u00e9rnek, amennyit elv\u00e1rnak. Ezenk\u00edv\u00fcl minden egyes vizsg\u00e1lati vegy\u00fclet \u00f6sszes laborat\u00f3riumi k\u00f6vetkezm\u00e9ny\u00e9t k\u00f6zz\u00e9tessz\u00fck egy PDF-felv\u00e9telen.<\/p>\n<p>Az 5-MeO-DMT freebase k\u00f6vetkezetesen megfelel a hat\u00f3anyagoknak, \u00e9s mindenki sz\u00e1m\u00e1ra egyszer\u0171en l\u00e1that\u00f3.<\/p>\n<p>Minden egyes kutat\u00e1si vegyszer \u00f6sszes laborat\u00f3riumi k\u00f6vetkezm\u00e9ny\u00e9t PDF-dokumentumon terjesztj\u00fck.<\/p>\n<h3><strong>Biztons\u00e1gosan rendeljen az 5-MeO-DMT szabadb\u00e1zisb\u00f3l.<\/strong><\/h3>\n<p>Az Rc Kopen tervez\u0151i kutat\u00e1si vegyszerek kiv\u00e1l\u00f3 min\u0151s\u00e9g\u0171ek \u00e9s m\u00e9lt\u00e1nyos k\u00f6lts\u00e9ggel rendelkeznek. Ez\u00e9rt amikor \u00d6n k\u00e9ri <strong>5-MeO-DMT szabadb\u00e1zis\u00a0<\/strong>az Rc Kopenn\u00e9l garant\u00e1ljuk, hogy k\u00e9r\u00e9s\u00e9t gyorsan \u00e9s biztons\u00e1gosan eljuttatjuk otthon\u00e1hoz.<\/p>\n<p>A szintetikus kutat\u00e1si vegy\u00fcletek Bitcoinnal vagy banki \u00e1tutal\u00e1ssal t\u00f6rt\u00e9n\u0151 k\u00e9r\u00e9se egyszer\u0171 az Rc Kopenn\u00e9l.<\/p>\n<p>Az 5-MeO-DMT freebase-t ugyanazon a munkanapon k\u00fcldj\u00fck ki, ha a fizet\u00e9s CEST 14:00 \u00f3ra el\u0151tt be\u00e9rkezik. \u00c1ltal\u00e1ban nem sz\u00e1ll\u00edtunk szombaton, vas\u00e1rnap vagy nemzeti\/nemzetk\u00f6zi \u00fcnnepnapokon.<strong>. <a href=\"https:\/\/rckopen.com\/hu\/\">RCKOpen.com<\/a><\/strong><\/p>\n<h3><strong>A kutat\u00e1si vegyszerek diszkr\u00e9t sz\u00e1ll\u00edt\u00e1sa.<\/strong><\/h3>\n<p>Annak ellen\u00e9re, hogy a tervez\u0151i kutat\u00e1si vegyszerek leg\u00e1lisan el\u00e9rhet\u0151k online, mi, az Rc Kopen sz\u00e1ll\u00edtunk a legbiztons\u00e1gosabban \u00e9s leg\u00e9sszer\u0171bben. Tov\u00e1bb\u00e1 t\u00f6k\u00e9letes lopakod\u00e1ssal pakolunk, k\u00edv\u00fclr\u0151l pedig semmi jele annak, hogy mi lehet benne.<\/p>\n<p>Az 500 eur\u00f3 feletti megrendel\u00e9seket nyomon k\u00f6vet\u00e9ssel k\u00fcldj\u00fck, \u00edgy fokozatosan k\u00f6vetheti a csomagj\u00e1t. Az 500 eur\u00f3 feletti megrendel\u00e9seket akad\u00e1lymentes\u00edtett \u00fatvonallal sz\u00e1ll\u00edtjuk.<\/p>\n<p>18 \u00e9vesn\u00e9l fiatalabbaknak nem sz\u00e1ll\u00edtunk term\u00e9keket!<\/p>\n<h3><strong>\u00d3vint\u00e9zked\u00e9sek<\/strong><\/h3>\n<ul>\n<li>V\u00e1s\u00e1roljon 5-MeO-DMT kutat\u00e1si vegyi anyagot a megfelel\u0151 egy\u00e9ni v\u00e9d\u0151felszerel\u00e9ssel, p\u00e9ld\u00e1ul v\u00e9d\u0151szem\u00fcveggel \u00e9s keszty\u0171vel. Tiszt\u00edtsa \u00e9s gondozza \u0151ket megfelel\u0151en. K\u00f6vesse a biztons\u00e1gos rendszereket, amikor kutat\u00e1si vegyi anyagokat kezel, \u00e9s ne r\u00f6vid\u00edtsen.<\/li>\n<li>Ha a kutat\u00e1si vegyszer szembe ker\u00fcl, j\u00f3l \u00f6bl\u00edtse ki, \u00e9s ha alapvet\u0151, t\u00e1vol\u00edtsa el a kontaktlencs\u00e9ket.<\/li>\n<li>Pr\u00f3b\u00e1ljon meg maszkot haszn\u00e1lni, mik\u00f6zben ezeket a vegyi anyagokat haszn\u00e1lja, hogy ne ker\u00fcljenek bel\u00e9je l\u00e9gz\u00e9s k\u00f6zben.<\/li>\n<li>A t\u00e1mogatott m\u00f3dszerek szerint a vesz\u00e9lyes anyagokat biztons\u00e1gosan kezelje, t\u00e1rolja \u00e9s \u00e1rtalmatlan\u00edtsa. Soha ne \u00f6ntse \u0151ket a csatorn\u00e1ba vagy csatorn\u00e1ba.<\/li>\n<li>A kutat\u00e1si vegyszereket megfelel\u0151en, a nev\u00fck\u00f6n szerepl\u0151 utas\u00edt\u00e1soknak megfelel\u0151en t\u00e1rolja. A gy\u00fal\u00e9kony vegyszereket kiv\u00e1l\u00f3, sz\u00e1raz k\u00e1nikul\u00e1ban, intenzit\u00e1st\u00f3l \u00e9s napf\u00e9nyt\u0151l t\u00e1vol kell t\u00e1rolni. N\u00e9h\u00e1ny szintetikus anyagot, mint p\u00e9ld\u00e1ul a savakat, egym\u00e1st\u00f3l f\u00fcggetlen\u00fcl kell eltenni.<\/li>\n<li>Rc Kopen kutat\u00e1si c\u00e9lokra k\u00edn\u00e1lt; emberi fogyaszt\u00e1sa szigor\u00faan tilos.<\/li>\n<\/ul>","protected":false},"excerpt":{"rendered":"<p><strong>IUPAC-n\u00e9v: <\/strong>2-(5-(5-metoxi-1H-indol-3-il)-N,N-dimetil-et\u00e1n-amin<\/p>\n<p><strong>CAS # <\/strong>1019-45-0<\/p>\n<p><strong>M\u00e1sik n\u00e9v: <\/strong>5-metoxi-N,N-dimetiltriptamin<\/p>\n<p><strong>Megjelen\u00e9s: <\/strong>por<\/p>\n<p><strong>Forma: <\/strong>freebase<\/p>\n<p><strong>NMR-elemz\u00e9s: <\/strong>C13H18N2O<\/p>","protected":false},"featured_media":6880,"comment_status":"open","ping_status":"closed","template":"","meta":{"_joinchat":[]},"product_brand":[],"product_cat":[149],"product_tag":[],"class_list":{"0":"post-6698","1":"product","2":"type-product","3":"status-publish","4":"has-post-thumbnail","6":"product_cat-tryptaminen","8":"first","9":"instock","10":"shipping-taxable","11":"purchasable","12":"product-type-variable"},"yoast_head":"<!-- This site is optimized with the Yoast SEO plugin v26.3 - https:\/\/yoast.com\/wordpress\/plugins\/seo\/ -->\n<title>5 Meo Dmt FreeBase online kopen - 5 Meo Dmt FreeBase te koop<\/title>\n<meta name=\"description\" content=\"Als u 5 Meo Dmt FreeBase online kopen, heeft RCkopen een hoogwaardige 5 Meo Dmt FreeBase te koop. Wij helpen u 5 Meo Dmt FreeBase online te kopen tegen goedkope tarieven. Plaats vandaag nog een bestelling!\" \/>\n<meta name=\"robots\" content=\"index, follow, max-snippet:-1, max-image-preview:large, max-video-preview:-1\" \/>\n<link rel=\"canonical\" href=\"https:\/\/rckopen.com\/hu\/termek\/5-meo-dmt-freebase\/\" \/>\n<meta property=\"og:locale\" content=\"hu_HU\" \/>\n<meta property=\"og:type\" content=\"article\" \/>\n<meta property=\"og:title\" content=\"5 Meo Dmt FreeBase online kopen - 5 Meo Dmt FreeBase te koop\" \/>\n<meta property=\"og:description\" content=\"Als u 5 Meo Dmt FreeBase online kopen, heeft RCkopen een hoogwaardige 5 Meo Dmt FreeBase te koop. Wij helpen u 5 Meo Dmt FreeBase online te kopen tegen goedkope tarieven. Plaats vandaag nog een bestelling!\" \/>\n<meta property=\"og:url\" content=\"https:\/\/rckopen.com\/hu\/termek\/5-meo-dmt-freebase\/\" \/>\n<meta property=\"og:site_name\" content=\"RC Kopen\" \/>\n<meta property=\"article:modified_time\" content=\"2025-02-01T08:35:55+00:00\" \/>\n<meta property=\"og:image\" content=\"https:\/\/rckopen.com\/wp-content\/uploads\/2023\/08\/5-MeO-DMT-freebase.jpg\" \/>\n\t<meta property=\"og:image:width\" content=\"600\" \/>\n\t<meta property=\"og:image:height\" content=\"600\" \/>\n\t<meta property=\"og:image:type\" content=\"image\/jpeg\" \/>\n<meta name=\"twitter:card\" content=\"summary_large_image\" \/>\n<meta name=\"twitter:label1\" content=\"Becs\u00fclt olvas\u00e1si id\u0151\" \/>\n\t<meta name=\"twitter:data1\" content=\"4 perc\" \/>\n<script type=\"application\/ld+json\" class=\"yoast-schema-graph\">{\"@context\":\"https:\/\/schema.org\",\"@graph\":[{\"@type\":\"WebPage\",\"@id\":\"https:\/\/rckopen.com\/product\/5-meo-dmt-freebase\/\",\"url\":\"https:\/\/rckopen.com\/product\/5-meo-dmt-freebase\/\",\"name\":\"5 Meo Dmt FreeBase online kopen - 5 Meo Dmt FreeBase te koop\",\"isPartOf\":{\"@id\":\"https:\/\/rckopen.com\/#website\"},\"primaryImageOfPage\":{\"@id\":\"https:\/\/rckopen.com\/product\/5-meo-dmt-freebase\/#primaryimage\"},\"image\":{\"@id\":\"https:\/\/rckopen.com\/product\/5-meo-dmt-freebase\/#primaryimage\"},\"thumbnailUrl\":\"https:\/\/rckopen.com\/wp-content\/uploads\/2023\/08\/5-MeO-DMT-freebase.jpg\",\"datePublished\":\"2023-08-17T10:38:30+00:00\",\"dateModified\":\"2025-02-01T08:35:55+00:00\",\"description\":\"Als u 5 Meo Dmt FreeBase online kopen, heeft RCkopen een hoogwaardige 5 Meo Dmt FreeBase te koop. Wij helpen u 5 Meo Dmt FreeBase online te kopen tegen goedkope tarieven. Plaats vandaag nog een bestelling!\",\"breadcrumb\":{\"@id\":\"https:\/\/rckopen.com\/product\/5-meo-dmt-freebase\/#breadcrumb\"},\"inLanguage\":\"hu\",\"potentialAction\":[{\"@type\":\"ReadAction\",\"target\":[\"https:\/\/rckopen.com\/product\/5-meo-dmt-freebase\/\"]}]},{\"@type\":\"ImageObject\",\"inLanguage\":\"hu\",\"@id\":\"https:\/\/rckopen.com\/product\/5-meo-dmt-freebase\/#primaryimage\",\"url\":\"https:\/\/rckopen.com\/wp-content\/uploads\/2023\/08\/5-MeO-DMT-freebase.jpg\",\"contentUrl\":\"https:\/\/rckopen.com\/wp-content\/uploads\/2023\/08\/5-MeO-DMT-freebase.jpg\",\"width\":600,\"height\":600,\"caption\":\"5-MeO-DMT-freebase online kopen\"},{\"@type\":\"BreadcrumbList\",\"@id\":\"https:\/\/rckopen.com\/product\/5-meo-dmt-freebase\/#breadcrumb\",\"itemListElement\":[{\"@type\":\"ListItem\",\"position\":1,\"name\":\"Home\",\"item\":\"https:\/\/rckopen.com\/\"},{\"@type\":\"ListItem\",\"position\":2,\"name\":\"Shop\",\"item\":\"https:\/\/rckopen.com\/shop\/\"},{\"@type\":\"ListItem\",\"position\":3,\"name\":\"5-MeO-DMT freebase Online Kopen\"}]},{\"@type\":\"WebSite\",\"@id\":\"https:\/\/rckopen.com\/#website\",\"url\":\"https:\/\/rckopen.com\/\",\"name\":\"RC Kopen\",\"description\":\"Research Chemicals\",\"potentialAction\":[{\"@type\":\"SearchAction\",\"target\":{\"@type\":\"EntryPoint\",\"urlTemplate\":\"https:\/\/rckopen.com\/?s={search_term_string}\"},\"query-input\":{\"@type\":\"PropertyValueSpecification\",\"valueRequired\":true,\"valueName\":\"search_term_string\"}}],\"inLanguage\":\"hu\"}]}<\/script>\n<!-- \/ Yoast SEO plugin. -->","yoast_head_json":{"title":"5 Meo Dmt FreeBase online kopen - 5 Meo Dmt FreeBase te koop","description":"Als u 5 Meo Dmt FreeBase online kopen, heeft RCkopen een hoogwaardige 5 Meo Dmt FreeBase te koop. Wij helpen u 5 Meo Dmt FreeBase online te kopen tegen goedkope tarieven. Plaats vandaag nog een bestelling!","robots":{"index":"index","follow":"follow","max-snippet":"max-snippet:-1","max-image-preview":"max-image-preview:large","max-video-preview":"max-video-preview:-1"},"canonical":"https:\/\/rckopen.com\/hu\/termek\/5-meo-dmt-freebase\/","og_locale":"hu_HU","og_type":"article","og_title":"5 Meo Dmt FreeBase online kopen - 5 Meo Dmt FreeBase te koop","og_description":"Als u 5 Meo Dmt FreeBase online kopen, heeft RCkopen een hoogwaardige 5 Meo Dmt FreeBase te koop. Wij helpen u 5 Meo Dmt FreeBase online te kopen tegen goedkope tarieven. Plaats vandaag nog een bestelling!","og_url":"https:\/\/rckopen.com\/hu\/termek\/5-meo-dmt-freebase\/","og_site_name":"RC Kopen","article_modified_time":"2025-02-01T08:35:55+00:00","og_image":[{"width":600,"height":600,"url":"https:\/\/rckopen.com\/wp-content\/uploads\/2023\/08\/5-MeO-DMT-freebase.jpg","type":"image\/jpeg"}],"twitter_card":"summary_large_image","twitter_misc":{"Becs\u00fclt olvas\u00e1si id\u0151":"4 perc"},"schema":{"@context":"https:\/\/schema.org","@graph":[{"@type":"WebPage","@id":"https:\/\/rckopen.com\/product\/5-meo-dmt-freebase\/","url":"https:\/\/rckopen.com\/product\/5-meo-dmt-freebase\/","name":"5 Meo Dmt FreeBase online kopen - 5 Meo Dmt FreeBase te koop","isPartOf":{"@id":"https:\/\/rckopen.com\/#website"},"primaryImageOfPage":{"@id":"https:\/\/rckopen.com\/product\/5-meo-dmt-freebase\/#primaryimage"},"image":{"@id":"https:\/\/rckopen.com\/product\/5-meo-dmt-freebase\/#primaryimage"},"thumbnailUrl":"https:\/\/rckopen.com\/wp-content\/uploads\/2023\/08\/5-MeO-DMT-freebase.jpg","datePublished":"2023-08-17T10:38:30+00:00","dateModified":"2025-02-01T08:35:55+00:00","description":"Als u 5 Meo Dmt FreeBase online kopen, heeft RCkopen een hoogwaardige 5 Meo Dmt FreeBase te koop. Wij helpen u 5 Meo Dmt FreeBase online te kopen tegen goedkope tarieven. Plaats vandaag nog een bestelling!","breadcrumb":{"@id":"https:\/\/rckopen.com\/product\/5-meo-dmt-freebase\/#breadcrumb"},"inLanguage":"hu","potentialAction":[{"@type":"ReadAction","target":["https:\/\/rckopen.com\/product\/5-meo-dmt-freebase\/"]}]},{"@type":"ImageObject","inLanguage":"hu","@id":"https:\/\/rckopen.com\/product\/5-meo-dmt-freebase\/#primaryimage","url":"https:\/\/rckopen.com\/wp-content\/uploads\/2023\/08\/5-MeO-DMT-freebase.jpg","contentUrl":"https:\/\/rckopen.com\/wp-content\/uploads\/2023\/08\/5-MeO-DMT-freebase.jpg","width":600,"height":600,"caption":"5-MeO-DMT-freebase online kopen"},{"@type":"BreadcrumbList","@id":"https:\/\/rckopen.com\/product\/5-meo-dmt-freebase\/#breadcrumb","itemListElement":[{"@type":"ListItem","position":1,"name":"Home","item":"https:\/\/rckopen.com\/"},{"@type":"ListItem","position":2,"name":"Shop","item":"https:\/\/rckopen.com\/shop\/"},{"@type":"ListItem","position":3,"name":"5-MeO-DMT freebase Online Kopen"}]},{"@type":"WebSite","@id":"https:\/\/rckopen.com\/#website","url":"https:\/\/rckopen.com\/","name":"RC Kopen","description":"Research Chemicals","potentialAction":[{"@type":"SearchAction","target":{"@type":"EntryPoint","urlTemplate":"https:\/\/rckopen.com\/?s={search_term_string}"},"query-input":{"@type":"PropertyValueSpecification","valueRequired":true,"valueName":"search_term_string"}}],"inLanguage":"hu"}]}},"_links":{"self":[{"href":"https:\/\/rckopen.com\/hu\/wp-json\/wp\/v2\/product\/6698","targetHints":{"allow":["GET"]}}],"collection":[{"href":"https:\/\/rckopen.com\/hu\/wp-json\/wp\/v2\/product"}],"about":[{"href":"https:\/\/rckopen.com\/hu\/wp-json\/wp\/v2\/types\/product"}],"replies":[{"embeddable":true,"href":"https:\/\/rckopen.com\/hu\/wp-json\/wp\/v2\/comments?post=6698"}],"wp:featuredmedia":[{"embeddable":true,"href":"https:\/\/rckopen.com\/hu\/wp-json\/wp\/v2\/media\/6880"}],"wp:attachment":[{"href":"https:\/\/rckopen.com\/hu\/wp-json\/wp\/v2\/media?parent=6698"}],"wp:term":[{"taxonomy":"product_brand","embeddable":true,"href":"https:\/\/rckopen.com\/hu\/wp-json\/wp\/v2\/product_brand?post=6698"},{"taxonomy":"product_cat","embeddable":true,"href":"https:\/\/rckopen.com\/hu\/wp-json\/wp\/v2\/product_cat?post=6698"},{"taxonomy":"product_tag","embeddable":true,"href":"https:\/\/rckopen.com\/hu\/wp-json\/wp\/v2\/product_tag?post=6698"}],"curies":[{"name":"wp","href":"https:\/\/api.w.org\/{rel}","templated":true}]}}