{"id":6699,"date":"2023-08-17T10:40:02","date_gmt":"2023-08-17T10:40:02","guid":{"rendered":"https:\/\/diligentplug.com\/chems\/?post_type=product&#038;p=6699"},"modified":"2025-02-03T07:08:42","modified_gmt":"2025-02-03T07:08:42","slug":"ept","status":"publish","type":"product","link":"https:\/\/rckopen.com\/hu\/termek\/ept\/","title":{"rendered":"V\u00e1s\u00e1roljon EPT-t online"},"content":{"rendered":"<h2>De opties verkennen: waar u EPT online kopen kunt vinden<\/h2>\n<p>Stai cercando <a href=\"https:\/\/rckopen.com\/hu\/termek\/ept\/\">EPT<\/a> \u00e9s szeretne megb\u00edzhat\u00f3 forr\u00e1sokat felfedezni, \u00e9s gond n\u00e9lk\u00fcl megv\u00e1s\u00e1rolni ezt az alapvet\u0151 term\u00e9ket? Ne keressen tov\u00e1bb! Ak\u00e1r EPT-t szeretne v\u00e1s\u00e1rolni, ak\u00e1r azt szeretn\u00e9 tudni, hogy hol tal\u00e1lja meg az EPT-t, vagy leg\u00e1lisan szeretne EPT-t rendelni, n\u00e1lunk megtal\u00e1lja a megold\u00e1st. Az Rckopen.com-n\u00e1l b\u00fcszk\u00e9k vagyunk arra, hogy minden EPT-ben az \u00d6n c\u00e9lpontja lehet\u00fcnk. Felhaszn\u00e1l\u00f3bar\u00e1t platformunkkal \u00e9s a min\u0151s\u00e9g ir\u00e1nti elk\u00f6telezetts\u00e9g\u00fcnkkel z\u00f6kken\u0151mentess\u00e9 tessz\u00fck az EPT online v\u00e1s\u00e1rl\u00e1s\u00e1t.<\/p>\n<h3>Hol tal\u00e1lhat\u00f3 EPT elad\u00f3<\/h3>\n<p>Meg\u00e1llap\u00edt\u00e1sa <a href=\"https:\/\/en.wikipedia.org\/wiki\/EPT\">EPT<\/a> az elad\u00e1s nem jelent kih\u00edv\u00e1st. Ez\u00e9rt k\u00fcldet\u00e9s\u00fcnknek tekintj\u00fck, hogy k\u00e9nyelmes megold\u00e1st k\u00edn\u00e1ljunk. Az Rckopen.com oldalon az \u00d6n ig\u00e9nyeinek megfelel\u0151 EPT term\u00e9kek sz\u00e9les v\u00e1laszt\u00e9k\u00e1t k\u00edn\u00e1ljuk. Ak\u00e1r konkr\u00e9t k\u00e9sz\u00edtm\u00e9nyre, ak\u00e1r adagol\u00e1sra van sz\u00fcks\u00e9ge, sz\u00e9les v\u00e1laszt\u00e9kunk biztos\u00edtja, hogy pontosan azt tal\u00e1lja, amit keres.<\/p>\n<h3>Rendeljen EPT-t egyszer\u0171en \u00e9s leg\u00e1lisan<\/h3>\n<p>Az EPT v\u00e1s\u00e1rl\u00e1sakor a legalit\u00e1s \u00e9s a k\u00e9nyelem a legfontosabb. Az Rckopen.com-n\u00e1l mindkett\u0151t kiemelten kezelj\u00fck. Egyszer\u0171 rendel\u00e9si folyamatunknak k\u00f6sz\u00f6nhet\u0151en k\u00f6nnyen \u00e9s recept n\u00e9lk\u00fcl v\u00e1s\u00e1rolhat EPT-t. Ezenk\u00edv\u00fcl a megfelel\u00e9s ir\u00e1nti elk\u00f6telezetts\u00e9g\u00fcnknek k\u00f6sz\u00f6nhet\u0151en biztos lehet benne, hogy minden v\u00e1s\u00e1rl\u00e1s leg\u00e1lis \u00e9s tisztess\u00e9ges.<\/p>\n<h3>Fedezze fel EPT \u00fczlet\u00fcnket<\/h3>\n<p>\u00dcdv\u00f6z\u00f6lj\u00fck EPT \u00fczlet\u00fcnkben, az \u00d6n egyablakos boltj\u00e1ban, ahol minden EPT ig\u00e9ny\u00e9t kiel\u00e9g\u00edtheti. A kiv\u00e1l\u00f3 min\u0151s\u00e9g\u0171 term\u00e9kekt\u0151l kezdve a kiv\u00e9teles \u00fcgyf\u00e9lszolg\u00e1latig, n\u00e1lunk mindent megtal\u00e1l, amire sz\u00fcks\u00e9ge van ahhoz, hogy v\u00e1s\u00e1rl\u00e1si \u00e9lm\u00e9nye k\u00f6nnyed\u00e9n menjen. B\u00f6ng\u00e9sszen sz\u00e9les k\u00f6r\u0171 k\u00e9szlet\u00fcnkben, adja le megrendel\u00e9s\u00e9t bizalommal, \u00e9s tapasztalja meg a v\u00e9ny n\u00e9lk\u00fcl kaphat\u00f3 EPT online v\u00e1s\u00e1rl\u00e1s\u00e1nak k\u00e9nyelm\u00e9t, csak az Rckopen.com-on.<\/p>\n<p>V\u00e1s\u00e1roljon EPT Online UK<\/p>\n<p>Az Egyes\u00fclt Kir\u00e1lys\u00e1gban \u00e9l\u0151 v\u00e1s\u00e1rl\u00f3k sz\u00e1m\u00e1ra az EPT online v\u00e1s\u00e1rl\u00e1sa m\u00e9g soha nem volt ilyen egyszer\u0171. Of <a href=\"https:\/\/rckopen.com\/hu\/\">rckopen.com<\/a>\u00a0leg\u00e1lisan megv\u00e1s\u00e1rolhatja az EPT-t k\u00e9nyelmes otthon\u00e1b\u00f3l, \u00e9s azonnal h\u00e1zhoz sz\u00e1ll\u00edthatja. Hat\u00e9kony sz\u00e1ll\u00edt\u00e1sunk gyors sz\u00e1ll\u00edt\u00e1st biztos\u00edt, \u00edgy \u00d6n azonnal \u00e9lvezheti az EPT el\u0151nyeit.<\/p>\n<h3>Mi\u00e9rt v\u00e1lassza az Rckopen.com-ot?<\/h3>\n<p>Mi\u00e9rt v\u00e1lassza az Rckopen.com-ot EPT ig\u00e9nyeinek kiel\u00e9g\u00edt\u00e9s\u00e9re, ha ennyi lehet\u0151s\u00e9g \u00e1ll rendelkez\u00e9sre? A v\u00e1lasz egyszer\u0171: mi a kiv\u00e1l\u00f3s\u00e1gra t\u00f6reksz\u00fcnk. A min\u0151s\u00e9gi term\u00e9kek ir\u00e1nti elk\u00f6telezetts\u00e9g\u00fcnkt\u0151l kezdve a kiv\u00e9teles \u00fcgyf\u00e9lszolg\u00e1latunkig mindent megtesz\u00fcnk, hogy biztos\u00edtsuk az \u00d6n el\u00e9gedetts\u00e9g\u00e9t. Amikor EPT-t v\u00e1s\u00e1rol az Rckopen.com-t\u00f3l, nem csak egy term\u00e9ket v\u00e1s\u00e1rol - a nyugalomba fektet be.<\/p>\n<p>Ha az EPT online keres\u00e9s\u00e9r\u0151l \u00e9s v\u00e1s\u00e1rl\u00e1s\u00e1r\u00f3l van sz\u00f3, az Rckopen.com az \u00d6n v\u00e9gs\u0151 c\u00e9lpontja. Kiterjedt v\u00e1laszt\u00e9kunkkal, egyszer\u0171 rendel\u00e9si folyamatunkkal \u00e9s a t\u00f6rv\u00e9nyess\u00e9g \u00e9s a min\u0151s\u00e9g ir\u00e1nti elk\u00f6telezetts\u00e9g\u00fcnkkel minden l\u00e9p\u00e9sn\u00e9l megb\u00edzhat\u00f3 partnerei vagyunk. Teh\u00e1t mi\u00e9rt v\u00e1rjon? Fedezze fel EPT \u00fczlet\u00fcnket m\u00e9g ma, \u00e9s tapasztalja meg az Rckopen.com-on t\u00f6rt\u00e9n\u0151 v\u00e1s\u00e1rl\u00e1s k\u00e9nyelm\u00e9t.<\/p>","protected":false},"excerpt":{"rendered":"<p><strong>IUPAC-n\u00e9v: <\/strong>3-[2-[2-(etil(propil)amino)etil]-1H-indol<\/p>\n<p><strong>M\u00e1sik n\u00e9v: <\/strong>N-etil-N-propiliptriptamin<\/p>\n<p><strong>Megjelen\u00e9s: <\/strong>por<\/p>\n<p><strong>Forma: <\/strong>fumar\u00e1t<\/p>\n<p><strong>NMR-elemz\u00e9s: <\/strong>N\/A<\/p>","protected":false},"featured_media":6885,"comment_status":"open","ping_status":"closed","template":"","meta":{"_joinchat":[]},"product_brand":[],"product_cat":[149],"product_tag":[],"class_list":{"0":"post-6699","1":"product","2":"type-product","3":"status-publish","4":"has-post-thumbnail","6":"product_cat-tryptaminen","8":"first","9":"instock","10":"shipping-taxable","11":"purchasable","12":"product-type-variable"},"yoast_head":"<!-- This site is optimized with the Yoast SEO plugin v26.3 - https:\/\/yoast.com\/wordpress\/plugins\/seo\/ -->\n<title>EPT online kopen - EPT online te koop<\/title>\n<meta name=\"description\" content=\"Als u EPT online wilt kopen, heeft RCKopen een hoogwaardige EPT te koop. Wij helpen u om EPT online tegen goedkope tarieven te kopen. Plaats vandaag nog een bestelling!\" \/>\n<meta name=\"robots\" content=\"index, follow, max-snippet:-1, max-image-preview:large, max-video-preview:-1\" \/>\n<link rel=\"canonical\" href=\"https:\/\/rckopen.com\/hu\/termek\/ept\/\" \/>\n<meta property=\"og:locale\" content=\"hu_HU\" \/>\n<meta property=\"og:type\" content=\"article\" \/>\n<meta property=\"og:title\" content=\"EPT online kopen - EPT online te koop\" \/>\n<meta property=\"og:description\" content=\"Als u EPT online wilt kopen, heeft RCKopen een hoogwaardige EPT te koop. Wij helpen u om EPT online tegen goedkope tarieven te kopen. Plaats vandaag nog een bestelling!\" \/>\n<meta property=\"og:url\" content=\"https:\/\/rckopen.com\/hu\/termek\/ept\/\" \/>\n<meta property=\"og:site_name\" content=\"RC Kopen\" \/>\n<meta property=\"article:modified_time\" content=\"2025-02-03T07:08:42+00:00\" \/>\n<meta property=\"og:image\" content=\"https:\/\/rckopen.com\/wp-content\/uploads\/2023\/08\/EPT.jpg\" \/>\n\t<meta property=\"og:image:width\" content=\"600\" \/>\n\t<meta property=\"og:image:height\" content=\"600\" \/>\n\t<meta property=\"og:image:type\" content=\"image\/jpeg\" \/>\n<meta name=\"twitter:card\" content=\"summary_large_image\" \/>\n<meta name=\"twitter:label1\" content=\"Becs\u00fclt olvas\u00e1si id\u0151\" \/>\n\t<meta name=\"twitter:data1\" content=\"3 perc\" \/>\n<script type=\"application\/ld+json\" class=\"yoast-schema-graph\">{\"@context\":\"https:\/\/schema.org\",\"@graph\":[{\"@type\":\"WebPage\",\"@id\":\"https:\/\/rckopen.com\/product\/ept\/\",\"url\":\"https:\/\/rckopen.com\/product\/ept\/\",\"name\":\"EPT online kopen - EPT online te koop\",\"isPartOf\":{\"@id\":\"https:\/\/rckopen.com\/#website\"},\"primaryImageOfPage\":{\"@id\":\"https:\/\/rckopen.com\/product\/ept\/#primaryimage\"},\"image\":{\"@id\":\"https:\/\/rckopen.com\/product\/ept\/#primaryimage\"},\"thumbnailUrl\":\"https:\/\/rckopen.com\/wp-content\/uploads\/2023\/08\/EPT.jpg\",\"datePublished\":\"2023-08-17T10:40:02+00:00\",\"dateModified\":\"2025-02-03T07:08:42+00:00\",\"description\":\"Als u EPT online wilt kopen, heeft RCKopen een hoogwaardige EPT te koop. Wij helpen u om EPT online tegen goedkope tarieven te kopen. Plaats vandaag nog een bestelling!\",\"breadcrumb\":{\"@id\":\"https:\/\/rckopen.com\/product\/ept\/#breadcrumb\"},\"inLanguage\":\"hu\",\"potentialAction\":[{\"@type\":\"ReadAction\",\"target\":[\"https:\/\/rckopen.com\/product\/ept\/\"]}]},{\"@type\":\"ImageObject\",\"inLanguage\":\"hu\",\"@id\":\"https:\/\/rckopen.com\/product\/ept\/#primaryimage\",\"url\":\"https:\/\/rckopen.com\/wp-content\/uploads\/2023\/08\/EPT.jpg\",\"contentUrl\":\"https:\/\/rckopen.com\/wp-content\/uploads\/2023\/08\/EPT.jpg\",\"width\":600,\"height\":600,\"caption\":\"EPT online kopen\"},{\"@type\":\"BreadcrumbList\",\"@id\":\"https:\/\/rckopen.com\/product\/ept\/#breadcrumb\",\"itemListElement\":[{\"@type\":\"ListItem\",\"position\":1,\"name\":\"Home\",\"item\":\"https:\/\/rckopen.com\/\"},{\"@type\":\"ListItem\",\"position\":2,\"name\":\"Shop\",\"item\":\"https:\/\/rckopen.com\/shop\/\"},{\"@type\":\"ListItem\",\"position\":3,\"name\":\"EPT online kopen\"}]},{\"@type\":\"WebSite\",\"@id\":\"https:\/\/rckopen.com\/#website\",\"url\":\"https:\/\/rckopen.com\/\",\"name\":\"RC Kopen\",\"description\":\"Research Chemicals\",\"potentialAction\":[{\"@type\":\"SearchAction\",\"target\":{\"@type\":\"EntryPoint\",\"urlTemplate\":\"https:\/\/rckopen.com\/?s={search_term_string}\"},\"query-input\":{\"@type\":\"PropertyValueSpecification\",\"valueRequired\":true,\"valueName\":\"search_term_string\"}}],\"inLanguage\":\"hu\"}]}<\/script>\n<!-- \/ Yoast SEO plugin. -->","yoast_head_json":{"title":"EPT online kopen - EPT online te koop","description":"Als u EPT online wilt kopen, heeft RCKopen een hoogwaardige EPT te koop. Wij helpen u om EPT online tegen goedkope tarieven te kopen. Plaats vandaag nog een bestelling!","robots":{"index":"index","follow":"follow","max-snippet":"max-snippet:-1","max-image-preview":"max-image-preview:large","max-video-preview":"max-video-preview:-1"},"canonical":"https:\/\/rckopen.com\/hu\/termek\/ept\/","og_locale":"hu_HU","og_type":"article","og_title":"EPT online kopen - EPT online te koop","og_description":"Als u EPT online wilt kopen, heeft RCKopen een hoogwaardige EPT te koop. Wij helpen u om EPT online tegen goedkope tarieven te kopen. Plaats vandaag nog een bestelling!","og_url":"https:\/\/rckopen.com\/hu\/termek\/ept\/","og_site_name":"RC Kopen","article_modified_time":"2025-02-03T07:08:42+00:00","og_image":[{"width":600,"height":600,"url":"https:\/\/rckopen.com\/wp-content\/uploads\/2023\/08\/EPT.jpg","type":"image\/jpeg"}],"twitter_card":"summary_large_image","twitter_misc":{"Becs\u00fclt olvas\u00e1si id\u0151":"3 perc"},"schema":{"@context":"https:\/\/schema.org","@graph":[{"@type":"WebPage","@id":"https:\/\/rckopen.com\/product\/ept\/","url":"https:\/\/rckopen.com\/product\/ept\/","name":"EPT online kopen - EPT online te koop","isPartOf":{"@id":"https:\/\/rckopen.com\/#website"},"primaryImageOfPage":{"@id":"https:\/\/rckopen.com\/product\/ept\/#primaryimage"},"image":{"@id":"https:\/\/rckopen.com\/product\/ept\/#primaryimage"},"thumbnailUrl":"https:\/\/rckopen.com\/wp-content\/uploads\/2023\/08\/EPT.jpg","datePublished":"2023-08-17T10:40:02+00:00","dateModified":"2025-02-03T07:08:42+00:00","description":"Als u EPT online wilt kopen, heeft RCKopen een hoogwaardige EPT te koop. Wij helpen u om EPT online tegen goedkope tarieven te kopen. Plaats vandaag nog een bestelling!","breadcrumb":{"@id":"https:\/\/rckopen.com\/product\/ept\/#breadcrumb"},"inLanguage":"hu","potentialAction":[{"@type":"ReadAction","target":["https:\/\/rckopen.com\/product\/ept\/"]}]},{"@type":"ImageObject","inLanguage":"hu","@id":"https:\/\/rckopen.com\/product\/ept\/#primaryimage","url":"https:\/\/rckopen.com\/wp-content\/uploads\/2023\/08\/EPT.jpg","contentUrl":"https:\/\/rckopen.com\/wp-content\/uploads\/2023\/08\/EPT.jpg","width":600,"height":600,"caption":"EPT online kopen"},{"@type":"BreadcrumbList","@id":"https:\/\/rckopen.com\/product\/ept\/#breadcrumb","itemListElement":[{"@type":"ListItem","position":1,"name":"Home","item":"https:\/\/rckopen.com\/"},{"@type":"ListItem","position":2,"name":"Shop","item":"https:\/\/rckopen.com\/shop\/"},{"@type":"ListItem","position":3,"name":"EPT online kopen"}]},{"@type":"WebSite","@id":"https:\/\/rckopen.com\/#website","url":"https:\/\/rckopen.com\/","name":"RC Kopen","description":"Research Chemicals","potentialAction":[{"@type":"SearchAction","target":{"@type":"EntryPoint","urlTemplate":"https:\/\/rckopen.com\/?s={search_term_string}"},"query-input":{"@type":"PropertyValueSpecification","valueRequired":true,"valueName":"search_term_string"}}],"inLanguage":"hu"}]}},"_links":{"self":[{"href":"https:\/\/rckopen.com\/hu\/wp-json\/wp\/v2\/product\/6699","targetHints":{"allow":["GET"]}}],"collection":[{"href":"https:\/\/rckopen.com\/hu\/wp-json\/wp\/v2\/product"}],"about":[{"href":"https:\/\/rckopen.com\/hu\/wp-json\/wp\/v2\/types\/product"}],"replies":[{"embeddable":true,"href":"https:\/\/rckopen.com\/hu\/wp-json\/wp\/v2\/comments?post=6699"}],"wp:featuredmedia":[{"embeddable":true,"href":"https:\/\/rckopen.com\/hu\/wp-json\/wp\/v2\/media\/6885"}],"wp:attachment":[{"href":"https:\/\/rckopen.com\/hu\/wp-json\/wp\/v2\/media?parent=6699"}],"wp:term":[{"taxonomy":"product_brand","embeddable":true,"href":"https:\/\/rckopen.com\/hu\/wp-json\/wp\/v2\/product_brand?post=6699"},{"taxonomy":"product_cat","embeddable":true,"href":"https:\/\/rckopen.com\/hu\/wp-json\/wp\/v2\/product_cat?post=6699"},{"taxonomy":"product_tag","embeddable":true,"href":"https:\/\/rckopen.com\/hu\/wp-json\/wp\/v2\/product_tag?post=6699"}],"curies":[{"name":"wp","href":"https:\/\/api.w.org\/{rel}","templated":true}]}}