{"id":6701,"date":"2023-08-17T10:41:31","date_gmt":"2023-08-17T10:41:31","guid":{"rendered":"https:\/\/diligentplug.com\/chems\/?post_type=product&#038;p=6701"},"modified":"2025-01-31T05:25:22","modified_gmt":"2025-01-31T05:25:22","slug":"4-ho-mcpt","status":"publish","type":"product","link":"https:\/\/rckopen.com\/hu\/termek\/4-ho-mcpt\/","title":{"rendered":"V\u00e1s\u00e1roljon 4-HO-MCPT-t online"},"content":{"rendered":"<h2>Uw vertrouwde bron voor 4-HO-MCPT-aan online kopen<\/h2>\n<p>\u00dcdv\u00f6z\u00f6lj\u00fck az RCKOpen-en, a 4-HO-MCPT online v\u00e1s\u00e1rl\u00e1s\u00e1nak els\u0151 sz\u00e1m\u00fa c\u00e9lpontj\u00e1n. K\u00e9nyelmes \u00e9s biztons\u00e1gos platformot biztos\u00edtunk azoknak, akik <a href=\"https:\/\/rckopen.com\/hu\/termek\/4-ho-mcpt\/\">4-HO-MCPT<\/a> leg\u00e1lisan \u00e9s v\u00e9ny n\u00e9lk\u00fcl szeretne v\u00e1s\u00e1rolni. Ak\u00e1r az Egyes\u00fclt Kir\u00e1lys\u00e1gban, ak\u00e1r b\u00e1rhol a vil\u00e1gon tart\u00f3zkodik, a 4-HO-MCPT \u00fczlet\u00fcnk egyablakos \u00fcgyint\u00e9z\u00e9s, ahol k\u00f6nnyen hozz\u00e1juthat ehhez a komplexumhoz.<\/p>\n<h3>Mi\u00e9rt v\u00e1lassza az RCKOpen-t a 4-HO-MCPT ig\u00e9nyeinek kiel\u00e9g\u00edt\u00e9s\u00e9re?<\/h3>\n<p>M\u00e9h <a href=\"https:\/\/rckopen.com\/hu\/\">Rckopen.com<\/a> meg\u00e9rtj\u00fck a min\u0151s\u00e9g, a biztons\u00e1g \u00e9s a megb\u00edzhat\u00f3s\u00e1g fontoss\u00e1g\u00e1t a kutat\u00e1si vegyszerek v\u00e1s\u00e1rl\u00e1sakor. \u00c9ppen ez\u00e9rt arra t\u00f6reksz\u00fcnk, hogy \u00fcgyfeleinknek a legmagasabb szint\u0171 term\u00e9keket \u00e9s szolg\u00e1ltat\u00e1sokat ny\u00fajtsuk. \u00cdme n\u00e9h\u00e1ny ok, ami\u00e9rt az RCKOpen ide\u00e1lis v\u00e1laszt\u00e1s a 4-HO-MCPT elad\u00e1s\u00e1hoz:<\/p>\n<p>1. Sz\u00e9les v\u00e1laszt\u00e9k: Kutat\u00e1si vegyszerek sz\u00e9les v\u00e1laszt\u00e9k\u00e1t k\u00edn\u00e1ljuk, bele\u00e9rtve a 4-HO-MCPT-t is, \u00edgy hozz\u00e1f\u00e9rhet a k\u00eds\u00e9rleteihez \u00e9s tanulm\u00e1nyaihoz sz\u00fcks\u00e9ges vegy\u00fcletekhez.<\/p>\n<p>2. Kiv\u00e1l\u00f3 min\u0151s\u00e9g\u0171 term\u00e9kek: Mi <a href=\"https:\/\/en.wikipedia.org\/wiki\/4-HO-McPT\">4-HO-MCPT<\/a> az elad\u00e1sra j\u00f3 h\u00edr\u0171 gy\u00e1rt\u00f3kt\u00f3l sz\u00e1rmazik, \u00e9s szigor\u00fa tesztel\u00e9snek vetik al\u00e1 a tisztas\u00e1g \u00e9s a hat\u00e1soss\u00e1g biztos\u00edt\u00e1sa \u00e9rdek\u00e9ben.<\/p>\n<p>3. K\u00e9nyelem: Felhaszn\u00e1l\u00f3bar\u00e1t weboldalunkon kereszt\u00fcl k\u00f6nnyed\u00e9n b\u00f6ng\u00e9szhet k\u00edn\u00e1latunkban, leadhatja megrendel\u00e9s\u00e9t, \u00e9s a 4-HO-MCPT rendel\u00e9s\u00e9t diszkr\u00e9ten h\u00e1zhoz sz\u00e1ll\u00edthatjuk.<\/p>\n<p>4. Jogi megfelel\u00e9s: A t\u00f6rv\u00e9nyeknek teljes m\u00e9rt\u00e9kben megfelelve j\u00e1runk el, \u00edgy a 4-HO-MCPT-t leg\u00e1lisan, recept n\u00e9lk\u00fcl v\u00e1s\u00e1rolhatja meg.<\/p>\n<p>5. Biztons\u00e1gos tranzakci\u00f3k: az \u00d6n biztons\u00e1ga \u00e9s mag\u00e1n\u00e9lete a legfontosabb priorit\u00e1sunk. Ez\u00e9rt haszn\u00e1lunk titkos\u00edtott fizet\u00e9si \u00e1tj\u00e1r\u00f3kat \u00e9s diszkr\u00e9t csomagol\u00e1st a biztons\u00e1gos \u00e9s bizalmas v\u00e1s\u00e1rl\u00e1si \u00e9lm\u00e9ny \u00e9rdek\u00e9ben.<\/p>\n<h3>Hogyan v\u00e1s\u00e1rolhatok 4-HO-MCPT-t online az RCKOpenn\u00e9l?<\/h3>\n<p>A 4-HO-MCPT online v\u00e1s\u00e1rl\u00e1sa az RCKOpen-en gyors \u00e9s egyszer\u0171. Egyszer\u0171en k\u00f6vesse az al\u00e1bbi l\u00e9p\u00e9seket:<\/p>\n<p>1. B\u00f6ng\u00e9sszen v\u00e1laszt\u00e9kunkban: Fedezze fel weboldalunkat, hogy leg\u00e1lisan megv\u00e1s\u00e1rolhassa a 4-HO-MCPT \u00f6sszes olyan term\u00e9ket, amely megfelel az \u00d6n ig\u00e9nyeinek.<\/p>\n<p>2. Hozz\u00e1ad\u00e1s a kos\u00e1rhoz: Ha megtal\u00e1lta a k\u00edv\u00e1nt term\u00e9ket, tegye azt a kos\u00e1rba, \u00e9s folytassa a p\u00e9nzt\u00e1rhoz.<\/p>\n<p>3. Biztons\u00e1gos fizet\u00e9s: V\u00e9gezze el a v\u00e1s\u00e1rl\u00e1st biztons\u00e1gosan, titkos\u00edtott fizet\u00e9si lehet\u0151s\u00e9geink egyik\u00e9vel.<\/p>\n<p>4. Diszkr\u00e9t sz\u00e1ll\u00edt\u00e1s: d\u0151lj\u00f6n h\u00e1tra \u00e9s pihenjen, mik\u00f6zben mi diszkr\u00e9ten csomagoljuk \u00e9s sz\u00e1ll\u00edtjuk a 4-HO-MCPT megrendel\u00e9s\u00e9t az \u00d6n \u00e1ltal megadott c\u00edmre.<\/p>\n<p>Tapasztalja meg az RCKOpen k\u00fcl\u00f6nbs\u00e9get m\u00e9g ma<br \/>\nNe el\u00e9gedjen meg rosszabb min\u0151s\u00e9g\u0171 term\u00e9kekkel vagy megb\u00edzhatatlan besz\u00e1ll\u00edt\u00f3kkal. Tapasztalja meg az RCKOpen k\u00fcl\u00f6nbs\u00e9g\u00e9t, \u00e9s szerezzen hozz\u00e1f\u00e9r\u00e9st a kiv\u00e1l\u00f3 min\u0151s\u00e9g\u0171 4-HO-MCPT elad\u00f3 \u00e9s m\u00e1s kutat\u00e1si vegyszerekhez. Ak\u00e1r kutat\u00f3, tud\u00f3s vagy rajong\u00f3, mi k\u00e9szen \u00e1llunk arra, hogy professzionalizmussal \u00e9s tisztess\u00e9ggel kiel\u00e9g\u00edts\u00fck az \u00d6n ig\u00e9nyeit. L\u00e1togasson el weboldalunkra m\u00e9g ma, \u00e9s tegye meg az els\u0151 l\u00e9p\u00e9st a kutat\u00e1si er\u0151fesz\u00edt\u00e9sei fokoz\u00e1sa fel\u00e9 az RCKOpen seg\u00edts\u00e9g\u00e9vel.<\/p>","protected":false},"excerpt":{"rendered":"<p>Az rckopen.com nem emberi fogyaszt\u00e1sra sz\u00e1nt term\u00e9keket k\u00edn\u00e1l. Ha \u00d6n (v\u00e9letlen\u00fcl ) elfogyasztja ezt a term\u00e9ket, annak s\u00falyos eg\u00e9szs\u00e9g\u00fcgyi k\u00f6vetkezm\u00e9nyei lehetnek.<\/p>","protected":false},"featured_media":6887,"comment_status":"open","ping_status":"closed","template":"","meta":{"_joinchat":[]},"product_brand":[],"product_cat":[149],"product_tag":[],"class_list":{"0":"post-6701","1":"product","2":"type-product","3":"status-publish","4":"has-post-thumbnail","6":"product_cat-tryptaminen","8":"first","9":"instock","10":"shipping-taxable","11":"purchasable","12":"product-type-variable"},"yoast_head":"<!-- This site is optimized with the Yoast SEO plugin v26.3 - https:\/\/yoast.com\/wordpress\/plugins\/seo\/ -->\n<title>4-HO-MCPT online kopen - 4-HO-MCPT te koop<\/title>\n<meta name=\"description\" content=\"Als je 4-ho-mcpt online kopen, dan is een bezoek aan onze online RC Kopen winkel de beste optie. Wij hebben 4-ho-mcpt te koop. Plaats nu uw bestelling!\" \/>\n<meta name=\"robots\" content=\"index, follow, max-snippet:-1, max-image-preview:large, max-video-preview:-1\" \/>\n<link rel=\"canonical\" href=\"https:\/\/rckopen.com\/hu\/termek\/4-ho-mcpt\/\" \/>\n<meta property=\"og:locale\" content=\"hu_HU\" \/>\n<meta property=\"og:type\" content=\"article\" \/>\n<meta property=\"og:title\" content=\"4-HO-MCPT online kopen - 4-HO-MCPT te koop\" \/>\n<meta property=\"og:description\" content=\"Als je 4-ho-mcpt online kopen, dan is een bezoek aan onze online RC Kopen winkel de beste optie. Wij hebben 4-ho-mcpt te koop. Plaats nu uw bestelling!\" \/>\n<meta property=\"og:url\" content=\"https:\/\/rckopen.com\/hu\/termek\/4-ho-mcpt\/\" \/>\n<meta property=\"og:site_name\" content=\"RC Kopen\" \/>\n<meta property=\"article:modified_time\" content=\"2025-01-31T05:25:22+00:00\" \/>\n<meta property=\"og:image\" content=\"https:\/\/rckopen.com\/wp-content\/uploads\/2023\/08\/4-HO-MiPT-1.jpg\" \/>\n\t<meta property=\"og:image:width\" content=\"600\" \/>\n\t<meta property=\"og:image:height\" content=\"600\" \/>\n\t<meta property=\"og:image:type\" content=\"image\/jpeg\" \/>\n<meta name=\"twitter:card\" content=\"summary_large_image\" \/>\n<meta name=\"twitter:label1\" content=\"Becs\u00fclt olvas\u00e1si id\u0151\" \/>\n\t<meta name=\"twitter:data1\" content=\"3 perc\" \/>\n<script type=\"application\/ld+json\" class=\"yoast-schema-graph\">{\"@context\":\"https:\/\/schema.org\",\"@graph\":[{\"@type\":\"WebPage\",\"@id\":\"https:\/\/rckopen.com\/product\/4-ho-mcpt\/\",\"url\":\"https:\/\/rckopen.com\/product\/4-ho-mcpt\/\",\"name\":\"4-HO-MCPT online kopen - 4-HO-MCPT te koop\",\"isPartOf\":{\"@id\":\"https:\/\/rckopen.com\/#website\"},\"primaryImageOfPage\":{\"@id\":\"https:\/\/rckopen.com\/product\/4-ho-mcpt\/#primaryimage\"},\"image\":{\"@id\":\"https:\/\/rckopen.com\/product\/4-ho-mcpt\/#primaryimage\"},\"thumbnailUrl\":\"https:\/\/rckopen.com\/wp-content\/uploads\/2023\/08\/4-HO-MiPT-1.jpg\",\"datePublished\":\"2023-08-17T10:41:31+00:00\",\"dateModified\":\"2025-01-31T05:25:22+00:00\",\"description\":\"Als je 4-ho-mcpt online kopen, dan is een bezoek aan onze online RC Kopen winkel de beste optie. Wij hebben 4-ho-mcpt te koop. Plaats nu uw bestelling!\",\"breadcrumb\":{\"@id\":\"https:\/\/rckopen.com\/product\/4-ho-mcpt\/#breadcrumb\"},\"inLanguage\":\"hu\",\"potentialAction\":[{\"@type\":\"ReadAction\",\"target\":[\"https:\/\/rckopen.com\/product\/4-ho-mcpt\/\"]}]},{\"@type\":\"ImageObject\",\"inLanguage\":\"hu\",\"@id\":\"https:\/\/rckopen.com\/product\/4-ho-mcpt\/#primaryimage\",\"url\":\"https:\/\/rckopen.com\/wp-content\/uploads\/2023\/08\/4-HO-MiPT-1.jpg\",\"contentUrl\":\"https:\/\/rckopen.com\/wp-content\/uploads\/2023\/08\/4-HO-MiPT-1.jpg\",\"width\":600,\"height\":600,\"caption\":\"4-HO-MiPT online kopen\"},{\"@type\":\"BreadcrumbList\",\"@id\":\"https:\/\/rckopen.com\/product\/4-ho-mcpt\/#breadcrumb\",\"itemListElement\":[{\"@type\":\"ListItem\",\"position\":1,\"name\":\"Home\",\"item\":\"https:\/\/rckopen.com\/\"},{\"@type\":\"ListItem\",\"position\":2,\"name\":\"Shop\",\"item\":\"https:\/\/rckopen.com\/shop\/\"},{\"@type\":\"ListItem\",\"position\":3,\"name\":\"4-HO-MCPT online kopen\"}]},{\"@type\":\"WebSite\",\"@id\":\"https:\/\/rckopen.com\/#website\",\"url\":\"https:\/\/rckopen.com\/\",\"name\":\"RC Kopen\",\"description\":\"Research Chemicals\",\"potentialAction\":[{\"@type\":\"SearchAction\",\"target\":{\"@type\":\"EntryPoint\",\"urlTemplate\":\"https:\/\/rckopen.com\/?s={search_term_string}\"},\"query-input\":{\"@type\":\"PropertyValueSpecification\",\"valueRequired\":true,\"valueName\":\"search_term_string\"}}],\"inLanguage\":\"hu\"}]}<\/script>\n<!-- \/ Yoast SEO plugin. -->","yoast_head_json":{"title":"4-HO-MCPT online kopen - 4-HO-MCPT te koop","description":"Als je 4-ho-mcpt online kopen, dan is een bezoek aan onze online RC Kopen winkel de beste optie. Wij hebben 4-ho-mcpt te koop. Plaats nu uw bestelling!","robots":{"index":"index","follow":"follow","max-snippet":"max-snippet:-1","max-image-preview":"max-image-preview:large","max-video-preview":"max-video-preview:-1"},"canonical":"https:\/\/rckopen.com\/hu\/termek\/4-ho-mcpt\/","og_locale":"hu_HU","og_type":"article","og_title":"4-HO-MCPT online kopen - 4-HO-MCPT te koop","og_description":"Als je 4-ho-mcpt online kopen, dan is een bezoek aan onze online RC Kopen winkel de beste optie. Wij hebben 4-ho-mcpt te koop. Plaats nu uw bestelling!","og_url":"https:\/\/rckopen.com\/hu\/termek\/4-ho-mcpt\/","og_site_name":"RC Kopen","article_modified_time":"2025-01-31T05:25:22+00:00","og_image":[{"width":600,"height":600,"url":"https:\/\/rckopen.com\/wp-content\/uploads\/2023\/08\/4-HO-MiPT-1.jpg","type":"image\/jpeg"}],"twitter_card":"summary_large_image","twitter_misc":{"Becs\u00fclt olvas\u00e1si id\u0151":"3 perc"},"schema":{"@context":"https:\/\/schema.org","@graph":[{"@type":"WebPage","@id":"https:\/\/rckopen.com\/product\/4-ho-mcpt\/","url":"https:\/\/rckopen.com\/product\/4-ho-mcpt\/","name":"4-HO-MCPT online kopen - 4-HO-MCPT te koop","isPartOf":{"@id":"https:\/\/rckopen.com\/#website"},"primaryImageOfPage":{"@id":"https:\/\/rckopen.com\/product\/4-ho-mcpt\/#primaryimage"},"image":{"@id":"https:\/\/rckopen.com\/product\/4-ho-mcpt\/#primaryimage"},"thumbnailUrl":"https:\/\/rckopen.com\/wp-content\/uploads\/2023\/08\/4-HO-MiPT-1.jpg","datePublished":"2023-08-17T10:41:31+00:00","dateModified":"2025-01-31T05:25:22+00:00","description":"Als je 4-ho-mcpt online kopen, dan is een bezoek aan onze online RC Kopen winkel de beste optie. Wij hebben 4-ho-mcpt te koop. Plaats nu uw bestelling!","breadcrumb":{"@id":"https:\/\/rckopen.com\/product\/4-ho-mcpt\/#breadcrumb"},"inLanguage":"hu","potentialAction":[{"@type":"ReadAction","target":["https:\/\/rckopen.com\/product\/4-ho-mcpt\/"]}]},{"@type":"ImageObject","inLanguage":"hu","@id":"https:\/\/rckopen.com\/product\/4-ho-mcpt\/#primaryimage","url":"https:\/\/rckopen.com\/wp-content\/uploads\/2023\/08\/4-HO-MiPT-1.jpg","contentUrl":"https:\/\/rckopen.com\/wp-content\/uploads\/2023\/08\/4-HO-MiPT-1.jpg","width":600,"height":600,"caption":"4-HO-MiPT online kopen"},{"@type":"BreadcrumbList","@id":"https:\/\/rckopen.com\/product\/4-ho-mcpt\/#breadcrumb","itemListElement":[{"@type":"ListItem","position":1,"name":"Home","item":"https:\/\/rckopen.com\/"},{"@type":"ListItem","position":2,"name":"Shop","item":"https:\/\/rckopen.com\/shop\/"},{"@type":"ListItem","position":3,"name":"4-HO-MCPT online kopen"}]},{"@type":"WebSite","@id":"https:\/\/rckopen.com\/#website","url":"https:\/\/rckopen.com\/","name":"RC Kopen","description":"Research Chemicals","potentialAction":[{"@type":"SearchAction","target":{"@type":"EntryPoint","urlTemplate":"https:\/\/rckopen.com\/?s={search_term_string}"},"query-input":{"@type":"PropertyValueSpecification","valueRequired":true,"valueName":"search_term_string"}}],"inLanguage":"hu"}]}},"_links":{"self":[{"href":"https:\/\/rckopen.com\/hu\/wp-json\/wp\/v2\/product\/6701","targetHints":{"allow":["GET"]}}],"collection":[{"href":"https:\/\/rckopen.com\/hu\/wp-json\/wp\/v2\/product"}],"about":[{"href":"https:\/\/rckopen.com\/hu\/wp-json\/wp\/v2\/types\/product"}],"replies":[{"embeddable":true,"href":"https:\/\/rckopen.com\/hu\/wp-json\/wp\/v2\/comments?post=6701"}],"wp:featuredmedia":[{"embeddable":true,"href":"https:\/\/rckopen.com\/hu\/wp-json\/wp\/v2\/media\/6887"}],"wp:attachment":[{"href":"https:\/\/rckopen.com\/hu\/wp-json\/wp\/v2\/media?parent=6701"}],"wp:term":[{"taxonomy":"product_brand","embeddable":true,"href":"https:\/\/rckopen.com\/hu\/wp-json\/wp\/v2\/product_brand?post=6701"},{"taxonomy":"product_cat","embeddable":true,"href":"https:\/\/rckopen.com\/hu\/wp-json\/wp\/v2\/product_cat?post=6701"},{"taxonomy":"product_tag","embeddable":true,"href":"https:\/\/rckopen.com\/hu\/wp-json\/wp\/v2\/product_tag?post=6701"}],"curies":[{"name":"wp","href":"https:\/\/api.w.org\/{rel}","templated":true}]}}