{"id":6754,"date":"2023-08-17T10:57:36","date_gmt":"2023-08-17T10:57:36","guid":{"rendered":"https:\/\/diligentplug.com\/chems\/?post_type=product&#038;p=6754"},"modified":"2025-01-29T05:30:37","modified_gmt":"2025-01-29T05:30:37","slug":"dipt","status":"publish","type":"product","link":"https:\/\/rckopen.com\/hu\/termek\/merulesek\/","title":{"rendered":"DiPT"},"content":{"rendered":"<h2>Fedezze fel a hiteles DiPT online elad\u00f3<\/h2>\n<p>\u00dcdv\u00f6z\u00f6lj\u00fck az rckopen.com oldalon, amely az eredeti v\u00e1s\u00e1rl\u00e1s els\u0151 sz\u00e1m\u00fa c\u00e9lpontja <a href=\"https:\/\/en.wikipedia.org\/wiki\/DiPT\">DiPT<\/a>. Legyen \u00d6n egy tapasztalt rajong\u00f3 vagy k\u00edv\u00e1ncsi felfedez\u0151, megb\u00edzhat\u00f3 platformot biztos\u00edtunk a probl\u00e9mamentess\u00e9ghez <a href=\"https:\/\/rckopen.com\/hu\/termek\/merulesek\/\">DiPT<\/a> v\u00e1s\u00e1rolni. A min\u0151s\u00e9g \u00e9s a t\u00f6rv\u00e9nyess\u00e9g ir\u00e1nti elk\u00f6telezetts\u00e9g\u00fcnkkel magabiztosan fedezheti fel ennek a leny\u0171g\u00f6z\u0151 anyagnak az egyed\u00fcl\u00e1ll\u00f3 hat\u00e1sait.<\/p>\n<h3>Mi\u00e9rt v\u00e1lasszon minket:<\/h3>\n<p>1. Az eredetis\u00e9g garant\u00e1lt: A <a href=\"https:\/\/rckopen.com\/hu\/\">rckopen.com<\/a> a hiteless\u00e9g a mi priorit\u00e1sunk. Az elad\u00e1sra k\u00edn\u00e1lt DiPT-nket j\u00f3 h\u00edr\u0171 besz\u00e1ll\u00edt\u00f3kt\u00f3l szerezz\u00fck be, hogy \u00d6n csak eredeti term\u00e9keket kapjon.<\/p>\n<p>2. Jogi megfelel\u00e9s: V\u00e1s\u00e1roljon DiPT-t leg\u00e1lisan \u00e9s gond n\u00e9lk\u00fcl. Betartjuk az \u00f6sszes jogi k\u00f6vetelm\u00e9nyt, \u00e9s biztons\u00e1gos \u00e9s t\u00f6rv\u00e9nyes v\u00e1s\u00e1rl\u00e1si \u00e9lm\u00e9nyt k\u00edn\u00e1lunk \u00d6nnek.<\/p>\n<p>3. Sz\u00e9les v\u00e1laszt\u00e9k: Fedezze fel a DiPT term\u00e9kek v\u00e1ltozatos v\u00e1laszt\u00e9k\u00e1t, bele\u00e9rtve a porokat, kapszul\u00e1kat \u00e9s egyebeket. B\u00e1rmi legyen is az \u00d6n preferenci\u00e1ja, n\u00e1lunk megtal\u00e1lhatja a t\u00f6k\u00e9letes opci\u00f3t.<\/p>\n<h3>Hogyan lehet megv\u00e1s\u00e1rolni a DiPT:<\/h3>\n<p>1. B\u00f6ng\u00e9sszen kollekci\u00f3nkban: L\u00e1togasson el weboldalunkra, \u00e9s b\u00f6ng\u00e9sszen a DiPT term\u00e9kek sz\u00e9les v\u00e1laszt\u00e9k\u00e1ban. A tiszta porokt\u00f3l a k\u00e9nyelmes kapszul\u00e1kig mindent megtal\u00e1lsz n\u00e1lunk, amire sz\u00fcks\u00e9ged lehet a DiPT utaz\u00e1s megkezd\u00e9s\u00e9hez.<\/p>\n<p>2. Rendel\u00e9s lead\u00e1sa: k\u00e9szen \u00e1ll a v\u00e1s\u00e1rl\u00e1sra? Egyszer\u0171en tegye a DiPT term\u00e9keket a kos\u00e1rba, \u00e9s folytassa a p\u00e9nzt\u00e1rhoz. Felhaszn\u00e1l\u00f3bar\u00e1t fel\u00fclet\u00fcnk gyors \u00e9s egyszer\u0171v\u00e9 teszi a rendel\u00e9si folyamatot.<\/p>\n<p>3. Gyors \u00e9s diszkr\u00e9t sz\u00e1ll\u00edt\u00e1s: amint a DiPT megrendel\u00e9s\u00e9t visszaigazoltuk, gyorsan \u00e9s diszkr\u00e9t csomagol\u00e1sban sz\u00e1ll\u00edtjuk a DiPT csomagj\u00e1t, hogy biztos\u00edtsuk a mag\u00e1n\u00e9let \u00e9s a titoktart\u00e1s v\u00e9delm\u00e9t.<\/p>\n<h3>V\u00e1s\u00e1rl\u00e1s DiPT leg\u00e1lisan:<\/h3>\n<p>Az rckopen.com oldalon a DiPT leg\u00e1lis v\u00e1s\u00e1rl\u00e1sa m\u00e9g soha nem volt ilyen egyszer\u0171. Az \u00f6sszes vonatkoz\u00f3 t\u00f6rv\u00e9nynek \u00e9s szab\u00e1lyoz\u00e1snak val\u00f3 megfelel\u00e9st helyezz\u00fck el\u0151t\u00e9rbe, hogy minden v\u00e1s\u00e1rl\u00e1sn\u00e1l nyugalmat adjunk \u00d6nnek.<\/p>\n<p><strong>DiPT bolt az Egyes\u00fclt Kir\u00e1lys\u00e1gban:<\/strong><\/p>\n<p>Megb\u00edzhat\u00f3 DiPT \u00fczletet keres az Egyes\u00fclt Kir\u00e1lys\u00e1gban? Ne keressen tov\u00e1bb, mint az rckopen.com. Az eg\u00e9sz Egyes\u00fclt Kir\u00e1lys\u00e1gban kiszolg\u00e1ljuk az \u00fcgyfeleket, \u00e9s gyors kisz\u00e1ll\u00edt\u00e1st \u00e9s kiv\u00e9teles szolg\u00e1ltat\u00e1st k\u00edn\u00e1lunk.<\/p>\n<p><strong>V\u00e1s\u00e1rl\u00e1s DiPT v\u00e9ny n\u00e9lk\u00fcl:<\/strong><\/p>\n<p>Ker\u00fclje el a v\u00e9nyk\u00f6teles v\u00e1s\u00e1rl\u00e1ssal j\u00e1r\u00f3 kellemetlens\u00e9geket, \u00e9s v\u00e1s\u00e1roljon DiPT-t v\u00e9ny n\u00e9lk\u00fcl az rckopen.com oldalon. K\u00e9nyelmes online platformunkon kereszt\u00fcl k\u00f6nnyen \u00e9s v\u00e9ny n\u00e9lk\u00fcl v\u00e1s\u00e1rolhat DiPT-t.<\/p>\n<p><strong>Tapasztalja meg a DiPT k\u00fcl\u00f6nbs\u00e9g\u00e9t:<\/strong><\/p>\n<p>K\u00e9szen \u00e1ll a DiPT egyed\u00fcl\u00e1ll\u00f3 hanghat\u00e1sainak megtapasztal\u00e1s\u00e1ra? Fedezze fel kollekci\u00f3nkat m\u00e9g ma, \u00e9s induljon el egy olyan \u00e9rz\u00e9kszervi felfedez\u0151\u00fatra, mint m\u00e9g soha. V\u00e1s\u00e1roljon most az rckopen.com oldalon, \u00e9s fedezze fel a DiPT csod\u00e1it.<\/p>\n<p>Ha k\u00f6veti ezt az \u00fatitervet, \u00e9s olyan j\u00f3 h\u00edr\u0171 besz\u00e1ll\u00edt\u00f3t v\u00e1laszt, mint az rckopen.com, leg\u00e1lisan \u00e9s biztons\u00e1gosan v\u00e1s\u00e1rolhat DiPT-t. Fedezze fel \u00fczlet\u00fcnket m\u00e9g ma, \u00e9s kezdje el az utaz\u00e1s\u00e1t bizalommal! Az RCKOpen.com seg\u00edts\u00e9g\u00e9vel a DiPT online v\u00e1s\u00e1rl\u00e1sa m\u00e9g soha nem volt ilyen egyszer\u0171 \u00e9s biztons\u00e1gos. Fedezze fel DiPT \u00fczlet\u00fcnket m\u00e9g ma, \u00e9s induljon el a felfedez\u00e9s \u00e9s \u00f6nfelfedez\u00e9s \u00e1talak\u00edt\u00f3 utaz\u00e1s\u00e1ra ezzel a figyelemre m\u00e9lt\u00f3 pszichedelikus anyaggal.<\/p>","protected":false},"excerpt":{"rendered":"<p><strong>IUPAC-n\u00e9v: <\/strong>3-[2-[2-(diizopropilamino)etil]indol<\/p>\n<p><strong>CAS # <\/strong>null<\/p>\n<p><strong>M\u00e1sik n\u00e9v: <\/strong>N,N-Diizopropil-triptamin<\/p>\n<p><strong>Megjelen\u00e9s: <\/strong>por<\/p>\n<p><strong>Forma: <\/strong>fumar\u00e1t<\/p>\n<p><strong>NMR-elemz\u00e9s: <\/strong>N\/A<\/p>","protected":false},"featured_media":6908,"comment_status":"open","ping_status":"closed","template":"","meta":{"_joinchat":[]},"product_brand":[],"product_cat":[149],"product_tag":[],"class_list":{"0":"post-6754","1":"product","2":"type-product","3":"status-publish","4":"has-post-thumbnail","6":"product_cat-tryptaminen","8":"first","9":"instock","10":"shipping-taxable","11":"purchasable","12":"product-type-variable"},"yoast_head":"<!-- This site is optimized with the Yoast SEO plugin v26.3 - https:\/\/yoast.com\/wordpress\/plugins\/seo\/ -->\n<title>Koop DiPT Online - DiPT Te koop - Bestel DiPT Online<\/title>\n<meta name=\"description\" content=\"Als je DipT leuk vindt en op zoek bent naar een betrouwbare online winkel, koop dan hier. We hebben DipT van hoge kwaliteit te koop en u kunt DipT vandaag online kopen tegen een betaalbare prijs. Bestel nu!\" \/>\n<meta name=\"robots\" content=\"index, follow, max-snippet:-1, max-image-preview:large, max-video-preview:-1\" \/>\n<link rel=\"canonical\" href=\"https:\/\/rckopen.com\/hu\/termek\/merulesek\/\" \/>\n<meta property=\"og:locale\" content=\"hu_HU\" \/>\n<meta property=\"og:type\" content=\"article\" \/>\n<meta property=\"og:title\" content=\"Koop DiPT Online - DiPT Te koop - Bestel DiPT Online\" \/>\n<meta property=\"og:description\" content=\"Als je DipT leuk vindt en op zoek bent naar een betrouwbare online winkel, koop dan hier. We hebben DipT van hoge kwaliteit te koop en u kunt DipT vandaag online kopen tegen een betaalbare prijs. Bestel nu!\" \/>\n<meta property=\"og:url\" content=\"https:\/\/rckopen.com\/hu\/termek\/merulesek\/\" \/>\n<meta property=\"og:site_name\" content=\"RC Kopen\" \/>\n<meta property=\"article:modified_time\" content=\"2025-01-29T05:30:37+00:00\" \/>\n<meta property=\"og:image\" content=\"https:\/\/rckopen.com\/wp-content\/uploads\/2023\/08\/DiPT.jpg\" \/>\n\t<meta property=\"og:image:width\" content=\"600\" \/>\n\t<meta property=\"og:image:height\" content=\"600\" \/>\n\t<meta property=\"og:image:type\" content=\"image\/jpeg\" \/>\n<meta name=\"twitter:card\" content=\"summary_large_image\" \/>\n<meta name=\"twitter:label1\" content=\"Becs\u00fclt olvas\u00e1si id\u0151\" \/>\n\t<meta name=\"twitter:data1\" content=\"3 perc\" \/>\n<script type=\"application\/ld+json\" class=\"yoast-schema-graph\">{\"@context\":\"https:\/\/schema.org\",\"@graph\":[{\"@type\":\"WebPage\",\"@id\":\"https:\/\/rckopen.com\/product\/dipt\/\",\"url\":\"https:\/\/rckopen.com\/product\/dipt\/\",\"name\":\"Koop DiPT Online - DiPT Te koop - Bestel DiPT Online\",\"isPartOf\":{\"@id\":\"https:\/\/rckopen.com\/#website\"},\"primaryImageOfPage\":{\"@id\":\"https:\/\/rckopen.com\/product\/dipt\/#primaryimage\"},\"image\":{\"@id\":\"https:\/\/rckopen.com\/product\/dipt\/#primaryimage\"},\"thumbnailUrl\":\"https:\/\/rckopen.com\/wp-content\/uploads\/2023\/08\/DiPT.jpg\",\"datePublished\":\"2023-08-17T10:57:36+00:00\",\"dateModified\":\"2025-01-29T05:30:37+00:00\",\"description\":\"Als je DipT leuk vindt en op zoek bent naar een betrouwbare online winkel, koop dan hier. We hebben DipT van hoge kwaliteit te koop en u kunt DipT vandaag online kopen tegen een betaalbare prijs. Bestel nu!\",\"breadcrumb\":{\"@id\":\"https:\/\/rckopen.com\/product\/dipt\/#breadcrumb\"},\"inLanguage\":\"hu\",\"potentialAction\":[{\"@type\":\"ReadAction\",\"target\":[\"https:\/\/rckopen.com\/product\/dipt\/\"]}]},{\"@type\":\"ImageObject\",\"inLanguage\":\"hu\",\"@id\":\"https:\/\/rckopen.com\/product\/dipt\/#primaryimage\",\"url\":\"https:\/\/rckopen.com\/wp-content\/uploads\/2023\/08\/DiPT.jpg\",\"contentUrl\":\"https:\/\/rckopen.com\/wp-content\/uploads\/2023\/08\/DiPT.jpg\",\"width\":600,\"height\":600,\"caption\":\"DiPT\"},{\"@type\":\"BreadcrumbList\",\"@id\":\"https:\/\/rckopen.com\/product\/dipt\/#breadcrumb\",\"itemListElement\":[{\"@type\":\"ListItem\",\"position\":1,\"name\":\"Home\",\"item\":\"https:\/\/rckopen.com\/\"},{\"@type\":\"ListItem\",\"position\":2,\"name\":\"Shop\",\"item\":\"https:\/\/rckopen.com\/shop\/\"},{\"@type\":\"ListItem\",\"position\":3,\"name\":\"DiPT\"}]},{\"@type\":\"WebSite\",\"@id\":\"https:\/\/rckopen.com\/#website\",\"url\":\"https:\/\/rckopen.com\/\",\"name\":\"RC Kopen\",\"description\":\"Research Chemicals\",\"potentialAction\":[{\"@type\":\"SearchAction\",\"target\":{\"@type\":\"EntryPoint\",\"urlTemplate\":\"https:\/\/rckopen.com\/?s={search_term_string}\"},\"query-input\":{\"@type\":\"PropertyValueSpecification\",\"valueRequired\":true,\"valueName\":\"search_term_string\"}}],\"inLanguage\":\"hu\"}]}<\/script>\n<!-- \/ Yoast SEO plugin. -->","yoast_head_json":{"title":"Koop DiPT Online - DiPT Te koop - Bestel DiPT Online","description":"Als je DipT leuk vindt en op zoek bent naar een betrouwbare online winkel, koop dan hier. We hebben DipT van hoge kwaliteit te koop en u kunt DipT vandaag online kopen tegen een betaalbare prijs. Bestel nu!","robots":{"index":"index","follow":"follow","max-snippet":"max-snippet:-1","max-image-preview":"max-image-preview:large","max-video-preview":"max-video-preview:-1"},"canonical":"https:\/\/rckopen.com\/hu\/termek\/merulesek\/","og_locale":"hu_HU","og_type":"article","og_title":"Koop DiPT Online - DiPT Te koop - Bestel DiPT Online","og_description":"Als je DipT leuk vindt en op zoek bent naar een betrouwbare online winkel, koop dan hier. We hebben DipT van hoge kwaliteit te koop en u kunt DipT vandaag online kopen tegen een betaalbare prijs. Bestel nu!","og_url":"https:\/\/rckopen.com\/hu\/termek\/merulesek\/","og_site_name":"RC Kopen","article_modified_time":"2025-01-29T05:30:37+00:00","og_image":[{"width":600,"height":600,"url":"https:\/\/rckopen.com\/wp-content\/uploads\/2023\/08\/DiPT.jpg","type":"image\/jpeg"}],"twitter_card":"summary_large_image","twitter_misc":{"Becs\u00fclt olvas\u00e1si id\u0151":"3 perc"},"schema":{"@context":"https:\/\/schema.org","@graph":[{"@type":"WebPage","@id":"https:\/\/rckopen.com\/product\/dipt\/","url":"https:\/\/rckopen.com\/product\/dipt\/","name":"Koop DiPT Online - DiPT Te koop - Bestel DiPT Online","isPartOf":{"@id":"https:\/\/rckopen.com\/#website"},"primaryImageOfPage":{"@id":"https:\/\/rckopen.com\/product\/dipt\/#primaryimage"},"image":{"@id":"https:\/\/rckopen.com\/product\/dipt\/#primaryimage"},"thumbnailUrl":"https:\/\/rckopen.com\/wp-content\/uploads\/2023\/08\/DiPT.jpg","datePublished":"2023-08-17T10:57:36+00:00","dateModified":"2025-01-29T05:30:37+00:00","description":"Als je DipT leuk vindt en op zoek bent naar een betrouwbare online winkel, koop dan hier. We hebben DipT van hoge kwaliteit te koop en u kunt DipT vandaag online kopen tegen een betaalbare prijs. Bestel nu!","breadcrumb":{"@id":"https:\/\/rckopen.com\/product\/dipt\/#breadcrumb"},"inLanguage":"hu","potentialAction":[{"@type":"ReadAction","target":["https:\/\/rckopen.com\/product\/dipt\/"]}]},{"@type":"ImageObject","inLanguage":"hu","@id":"https:\/\/rckopen.com\/product\/dipt\/#primaryimage","url":"https:\/\/rckopen.com\/wp-content\/uploads\/2023\/08\/DiPT.jpg","contentUrl":"https:\/\/rckopen.com\/wp-content\/uploads\/2023\/08\/DiPT.jpg","width":600,"height":600,"caption":"DiPT"},{"@type":"BreadcrumbList","@id":"https:\/\/rckopen.com\/product\/dipt\/#breadcrumb","itemListElement":[{"@type":"ListItem","position":1,"name":"Home","item":"https:\/\/rckopen.com\/"},{"@type":"ListItem","position":2,"name":"Shop","item":"https:\/\/rckopen.com\/shop\/"},{"@type":"ListItem","position":3,"name":"DiPT"}]},{"@type":"WebSite","@id":"https:\/\/rckopen.com\/#website","url":"https:\/\/rckopen.com\/","name":"RC Kopen","description":"Research Chemicals","potentialAction":[{"@type":"SearchAction","target":{"@type":"EntryPoint","urlTemplate":"https:\/\/rckopen.com\/?s={search_term_string}"},"query-input":{"@type":"PropertyValueSpecification","valueRequired":true,"valueName":"search_term_string"}}],"inLanguage":"hu"}]}},"_links":{"self":[{"href":"https:\/\/rckopen.com\/hu\/wp-json\/wp\/v2\/product\/6754","targetHints":{"allow":["GET"]}}],"collection":[{"href":"https:\/\/rckopen.com\/hu\/wp-json\/wp\/v2\/product"}],"about":[{"href":"https:\/\/rckopen.com\/hu\/wp-json\/wp\/v2\/types\/product"}],"replies":[{"embeddable":true,"href":"https:\/\/rckopen.com\/hu\/wp-json\/wp\/v2\/comments?post=6754"}],"wp:featuredmedia":[{"embeddable":true,"href":"https:\/\/rckopen.com\/hu\/wp-json\/wp\/v2\/media\/6908"}],"wp:attachment":[{"href":"https:\/\/rckopen.com\/hu\/wp-json\/wp\/v2\/media?parent=6754"}],"wp:term":[{"taxonomy":"product_brand","embeddable":true,"href":"https:\/\/rckopen.com\/hu\/wp-json\/wp\/v2\/product_brand?post=6754"},{"taxonomy":"product_cat","embeddable":true,"href":"https:\/\/rckopen.com\/hu\/wp-json\/wp\/v2\/product_cat?post=6754"},{"taxonomy":"product_tag","embeddable":true,"href":"https:\/\/rckopen.com\/hu\/wp-json\/wp\/v2\/product_tag?post=6754"}],"curies":[{"name":"wp","href":"https:\/\/api.w.org\/{rel}","templated":true}]}}