{"id":6755,"date":"2023-08-17T10:58:40","date_gmt":"2023-08-17T10:58:40","guid":{"rendered":"https:\/\/diligentplug.com\/chems\/?post_type=product&#038;p=6755"},"modified":"2025-02-04T05:23:17","modified_gmt":"2025-02-04T05:23:17","slug":"mipt-fumarate","status":"publish","type":"product","link":"https:\/\/rckopen.com\/hu\/termek\/mipt-fumarate\/","title":{"rendered":"V\u00e1s\u00e1roljon MiPT fumar\u00e1tot online"},"content":{"rendered":"<h2>V\u00e1s\u00e1roljon MiPT fumar\u00e1tot online<\/h2>\n<h3>\u00dcdv\u00f6z\u00f6lj\u00fck az RCKopen: A MiPT Fumarate legjobb forr\u00e1sa<\/h3>\n<p>Szeretn\u00e9 megv\u00e1s\u00e1rolni a MiPT Fumarate-et online? Ne keressen tov\u00e1bb, mint az RCCopen, a kiv\u00e1l\u00f3 min\u0151s\u00e9g\u0171 kutat\u00e1si vegyszerek megb\u00edzhat\u00f3 \u00fati c\u00e9lja. Hol v\u00e1s\u00e1rolhatok MiPT fumar\u00e1tot? A kiv\u00e1l\u00f3s\u00e1g \u00e9s az \u00fcgyfelek el\u00e9gedetts\u00e9ge ir\u00e1nti elk\u00f6telezetts\u00e9g\u00fcnkkel z\u00f6kken\u0151mentes v\u00e1s\u00e1rl\u00e1si \u00e9lm\u00e9nyt biztos\u00edtunk az \u00d6n MiPT Fumarate \u00f6sszes ig\u00e9nyeinek kiel\u00e9g\u00edt\u00e9s\u00e9re.<\/p>\n<h3>Mi\u00e9rt v\u00e1lassza az RCKopen-t?<\/h3>\n<p>Az RCKopenn\u00e9l nagy jelent\u0151s\u00e9get tulajdon\u00edtunk a min\u0151s\u00e9gnek, a t\u00f6rv\u00e9nyess\u00e9gnek \u00e9s a k\u00e9nyelemnek. Ez\u00e9rt \u00e9rdemes minket v\u00e1lasztania, ha MiPT Fumarate-t szeretne v\u00e1s\u00e1rolni:<\/p>\n<p>1. Kiv\u00e1l\u00f3 min\u0151s\u00e9g\u0171 term\u00e9kek<br \/>\nMeg\u00e9rtj\u00fck a tisztas\u00e1g \u00e9s a min\u0151s\u00e9g fontoss\u00e1g\u00e1t a kutat\u00e1si vegyszerekben. Ez\u00e9rt a MiPT-fumar\u00e1tunkat j\u00f3 h\u00edr\u0171 besz\u00e1ll\u00edt\u00f3kt\u00f3l szerezz\u00fck be, hogy minden t\u00e9telben a legmagasabb sz\u00ednvonalat biztos\u00edtsuk.<\/p>\n<p>1. Jogszer\u0171 \u00e9s megfelel\u0151<br \/>\nBiztos lehet benne, hogy minden term\u00e9k\u00fcnk, bele\u00e9rtve a MiPT Fumarate-et is, leg\u00e1lisan megv\u00e1s\u00e1rolhat\u00f3. Betartjuk az el\u0151\u00edr\u00e1sokat \u00e9s ir\u00e1nyelveket, hogy gondtalan v\u00e1s\u00e1rl\u00e1si \u00e9lm\u00e9nyt ny\u00fajthassunk.<\/p>\n<p>1. Egyszer\u0171 rendel\u00e9si folyamat<br \/>\nFelhaszn\u00e1l\u00f3bar\u00e1t weboldalunk megk\u00f6nny\u00edti a MiPT Fumarate keres\u00e9st, kiv\u00e1laszt\u00e1s\u00e1t \u00e9s v\u00e1s\u00e1rl\u00e1s\u00e1t n\u00e9h\u00e1ny kattint\u00e1ssal. Nincs recept? Ez nem probl\u00e9ma. K\u00e9nyelmes megold\u00e1st k\u00edn\u00e1lunk a MiPT Fumarate v\u00e9ny n\u00e9lk\u00fcli v\u00e1s\u00e1rl\u00e1s\u00e1ra.<\/p>\n<h3>Hogyan v\u00e1s\u00e1roljunk MiPT fumar\u00e1tot?<\/h3>\n<p>K\u00e9szen \u00e1llsz a v\u00e1s\u00e1rl\u00e1sra? K\u00f6vesse az al\u00e1bbi egyszer\u0171 l\u00e9p\u00e9seket, ha MiPT-fumar\u00e1tot szeretne v\u00e1s\u00e1rolni az RCKopen-t\u0151l:<\/p>\n<p>1. B\u00f6ng\u00e9sszen k\u00edn\u00e1latunkban<br \/>\nFedezze fel weboldalunkon a MiPT fumar\u00e1t term\u00e9keink sz\u00e9les v\u00e1laszt\u00e9k\u00e1t. K\u00fcl\u00f6nb\u00f6z\u0151 mennyis\u00e9gekt\u0151l a k\u00fcl\u00f6nb\u00f6z\u0151 form\u00e1kig k\u00edn\u00e1lunk olyan lehet\u0151s\u00e9geket, amelyek megfelelnek az \u00d6n kutat\u00e1si ig\u00e9nyeinek.<\/p>\n<p>1. Kos\u00e1rba<br \/>\nMiut\u00e1n megtal\u00e1lta a keresett MiPT Fumarate term\u00e9ket, egyszer\u0171en tegye a kosar\u00e1ba. Kijelentkez\u00e9s el\u0151tt ellen\u0151rizheti a v\u00e1laszt\u00e1s\u00e1t. Csak t\u0151l\u00fcnk v\u00e1s\u00e1roljon MiPT-fumar\u00e1tot az Egyes\u00fclt Kir\u00e1lys\u00e1gban.<\/p>\n<p>1. Biztons\u00e1gos fizet\u00e9s<br \/>\nBiztons\u00e1gos fizet\u00e9si folyamatunk biztos\u00edtja az \u00d6n szem\u00e9lyes adatainak \u00e9s fizet\u00e9si inform\u00e1ci\u00f3inak v\u00e9delm\u00e9t. A z\u00f6kken\u0151mentes tranzakci\u00f3 \u00e9rdek\u00e9ben t\u00f6bbf\u00e9le fizet\u00e9si m\u00f3d k\u00f6z\u00fcl v\u00e1laszthat.<\/p>\n<p>1. Snelle verzending<br \/>\nMeg\u00e9rtj\u00fck kutat\u00e1si projektjei s\u00fcrg\u0151ss\u00e9g\u00e9t. Ez\u00e9rt k\u00edn\u00e1lunk gyors \u00e9s megb\u00edzhat\u00f3 sz\u00e1ll\u00edt\u00e1si lehet\u0151s\u00e9geket, hogy gyorsan h\u00e1zhoz sz\u00e1ll\u00edthassa MiPT-fumar\u00e1tj\u00e1t.<\/p>\n<h3>V\u00e1s\u00e1roljon MiPT Fumarate-et online m\u00e9g ma!<\/h3>\n<p>Ne hagyja ki a lehet\u0151s\u00e9get, hogy v\u00e1s\u00e1roljon kiv\u00e1l\u00f3 min\u0151s\u00e9g\u0171 MiPT-fumar\u00e1tot egy megb\u00edzhat\u00f3 sz\u00e1ll\u00edt\u00f3t\u00f3l. V\u00e1s\u00e1roljon most az RCKopenn\u00e9l, \u00e9s tapasztalja meg a kiv\u00e1l\u00f3 vegyszerek kutat\u00e1s\u00e1t. Ak\u00e1r az Egyes\u00fclt Kir\u00e1lys\u00e1gban, ak\u00e1r m\u00e1shol tart\u00f3zkodik, itt vagyunk, hogy seg\u00edts\u00fcnk. V\u00e1s\u00e1roljon MiPT Fumarate-et online m\u00e9g ma leg\u00e1lisan \u00e9s probl\u00e9mamentesen!<\/p>","protected":false},"excerpt":{"rendered":"<p><strong>IUPAC-n\u00e9v: <\/strong>N-[2-(1H-indol-3-yl)ethyl]-N-methylpropan-2-amine<\/p>\n<p><strong>M\u00e1sik n\u00e9v:<\/strong><\/p>\n<p>N-metil-N-izopropil-triptamin<\/p>\n<p><strong>Megjelen\u00e9s: <\/strong>por<\/p>\n<p><strong>Forma: <\/strong>fumar\u00e1t<\/p>\n<p><strong>NMR-elemz\u00e9s: <\/strong>N\/A<\/p>","protected":false},"featured_media":7922,"comment_status":"open","ping_status":"closed","template":"","meta":{"_joinchat":[]},"product_brand":[],"product_cat":[149],"product_tag":[],"class_list":{"0":"post-6755","1":"product","2":"type-product","3":"status-publish","4":"has-post-thumbnail","6":"product_cat-tryptaminen","8":"first","9":"instock","10":"shipping-taxable","11":"purchasable","12":"product-type-variable"},"yoast_head":"<!-- This site is optimized with the Yoast SEO plugin v26.3 - https:\/\/yoast.com\/wordpress\/plugins\/seo\/ -->\n<title>MIPT-fumarate online kopen - MIPT-fumarate te koop | RC Kopen<\/title>\n<meta name=\"description\" content=\"Onze online RC Kopen winkel heeft de beste kwaliteit MIPT Fumaraat te koop. Wilt u MIPT Fumaraat online kopen, dan kunnen wij u van alle kanten helpen. Bestel vandaag nog!\" \/>\n<meta name=\"robots\" content=\"index, follow, max-snippet:-1, max-image-preview:large, max-video-preview:-1\" \/>\n<link rel=\"canonical\" href=\"https:\/\/rckopen.com\/hu\/termek\/mipt-fumarate\/\" \/>\n<meta property=\"og:locale\" content=\"hu_HU\" \/>\n<meta property=\"og:type\" content=\"article\" \/>\n<meta property=\"og:title\" content=\"MIPT-fumarate online kopen - MIPT-fumarate te koop | RC Kopen\" \/>\n<meta property=\"og:description\" content=\"Onze online RC Kopen winkel heeft de beste kwaliteit MIPT Fumaraat te koop. Wilt u MIPT Fumaraat online kopen, dan kunnen wij u van alle kanten helpen. Bestel vandaag nog!\" \/>\n<meta property=\"og:url\" content=\"https:\/\/rckopen.com\/hu\/termek\/mipt-fumarate\/\" \/>\n<meta property=\"og:site_name\" content=\"RC Kopen\" \/>\n<meta property=\"article:modified_time\" content=\"2025-02-04T05:23:17+00:00\" \/>\n<meta property=\"og:image\" content=\"https:\/\/rckopen.com\/wp-content\/uploads\/2023\/08\/mipt-fumarate-1.jpg\" \/>\n\t<meta property=\"og:image:width\" content=\"600\" \/>\n\t<meta property=\"og:image:height\" content=\"600\" \/>\n\t<meta property=\"og:image:type\" content=\"image\/jpeg\" \/>\n<meta name=\"twitter:card\" content=\"summary_large_image\" \/>\n<meta name=\"twitter:label1\" content=\"Becs\u00fclt olvas\u00e1si id\u0151\" \/>\n\t<meta name=\"twitter:data1\" content=\"2 perc\" \/>\n<script type=\"application\/ld+json\" class=\"yoast-schema-graph\">{\"@context\":\"https:\/\/schema.org\",\"@graph\":[{\"@type\":\"WebPage\",\"@id\":\"https:\/\/rckopen.com\/product\/mipt-fumarate\/\",\"url\":\"https:\/\/rckopen.com\/product\/mipt-fumarate\/\",\"name\":\"MIPT-fumarate online kopen - MIPT-fumarate te koop | RC Kopen\",\"isPartOf\":{\"@id\":\"https:\/\/rckopen.com\/#website\"},\"primaryImageOfPage\":{\"@id\":\"https:\/\/rckopen.com\/product\/mipt-fumarate\/#primaryimage\"},\"image\":{\"@id\":\"https:\/\/rckopen.com\/product\/mipt-fumarate\/#primaryimage\"},\"thumbnailUrl\":\"https:\/\/rckopen.com\/wp-content\/uploads\/2023\/08\/mipt-fumarate-1.jpg\",\"datePublished\":\"2023-08-17T10:58:40+00:00\",\"dateModified\":\"2025-02-04T05:23:17+00:00\",\"description\":\"Onze online RC Kopen winkel heeft de beste kwaliteit MIPT Fumaraat te koop. Wilt u MIPT Fumaraat online kopen, dan kunnen wij u van alle kanten helpen. Bestel vandaag nog!\",\"breadcrumb\":{\"@id\":\"https:\/\/rckopen.com\/product\/mipt-fumarate\/#breadcrumb\"},\"inLanguage\":\"hu\",\"potentialAction\":[{\"@type\":\"ReadAction\",\"target\":[\"https:\/\/rckopen.com\/product\/mipt-fumarate\/\"]}]},{\"@type\":\"ImageObject\",\"inLanguage\":\"hu\",\"@id\":\"https:\/\/rckopen.com\/product\/mipt-fumarate\/#primaryimage\",\"url\":\"https:\/\/rckopen.com\/wp-content\/uploads\/2023\/08\/mipt-fumarate-1.jpg\",\"contentUrl\":\"https:\/\/rckopen.com\/wp-content\/uploads\/2023\/08\/mipt-fumarate-1.jpg\",\"width\":600,\"height\":600,\"caption\":\"mipt-fumarate online kopen\"},{\"@type\":\"BreadcrumbList\",\"@id\":\"https:\/\/rckopen.com\/product\/mipt-fumarate\/#breadcrumb\",\"itemListElement\":[{\"@type\":\"ListItem\",\"position\":1,\"name\":\"Home\",\"item\":\"https:\/\/rckopen.com\/\"},{\"@type\":\"ListItem\",\"position\":2,\"name\":\"Shop\",\"item\":\"https:\/\/rckopen.com\/shop\/\"},{\"@type\":\"ListItem\",\"position\":3,\"name\":\"MiPT fumarate online kopen\"}]},{\"@type\":\"WebSite\",\"@id\":\"https:\/\/rckopen.com\/#website\",\"url\":\"https:\/\/rckopen.com\/\",\"name\":\"RC Kopen\",\"description\":\"Research Chemicals\",\"potentialAction\":[{\"@type\":\"SearchAction\",\"target\":{\"@type\":\"EntryPoint\",\"urlTemplate\":\"https:\/\/rckopen.com\/?s={search_term_string}\"},\"query-input\":{\"@type\":\"PropertyValueSpecification\",\"valueRequired\":true,\"valueName\":\"search_term_string\"}}],\"inLanguage\":\"hu\"}]}<\/script>\n<!-- \/ Yoast SEO plugin. -->","yoast_head_json":{"title":"MIPT-fumarate online kopen - MIPT-fumarate te koop | RC Kopen","description":"Onze online RC Kopen winkel heeft de beste kwaliteit MIPT Fumaraat te koop. Wilt u MIPT Fumaraat online kopen, dan kunnen wij u van alle kanten helpen. Bestel vandaag nog!","robots":{"index":"index","follow":"follow","max-snippet":"max-snippet:-1","max-image-preview":"max-image-preview:large","max-video-preview":"max-video-preview:-1"},"canonical":"https:\/\/rckopen.com\/hu\/termek\/mipt-fumarate\/","og_locale":"hu_HU","og_type":"article","og_title":"MIPT-fumarate online kopen - MIPT-fumarate te koop | RC Kopen","og_description":"Onze online RC Kopen winkel heeft de beste kwaliteit MIPT Fumaraat te koop. Wilt u MIPT Fumaraat online kopen, dan kunnen wij u van alle kanten helpen. Bestel vandaag nog!","og_url":"https:\/\/rckopen.com\/hu\/termek\/mipt-fumarate\/","og_site_name":"RC Kopen","article_modified_time":"2025-02-04T05:23:17+00:00","og_image":[{"width":600,"height":600,"url":"https:\/\/rckopen.com\/wp-content\/uploads\/2023\/08\/mipt-fumarate-1.jpg","type":"image\/jpeg"}],"twitter_card":"summary_large_image","twitter_misc":{"Becs\u00fclt olvas\u00e1si id\u0151":"2 perc"},"schema":{"@context":"https:\/\/schema.org","@graph":[{"@type":"WebPage","@id":"https:\/\/rckopen.com\/product\/mipt-fumarate\/","url":"https:\/\/rckopen.com\/product\/mipt-fumarate\/","name":"MIPT-fumarate online kopen - MIPT-fumarate te koop | RC Kopen","isPartOf":{"@id":"https:\/\/rckopen.com\/#website"},"primaryImageOfPage":{"@id":"https:\/\/rckopen.com\/product\/mipt-fumarate\/#primaryimage"},"image":{"@id":"https:\/\/rckopen.com\/product\/mipt-fumarate\/#primaryimage"},"thumbnailUrl":"https:\/\/rckopen.com\/wp-content\/uploads\/2023\/08\/mipt-fumarate-1.jpg","datePublished":"2023-08-17T10:58:40+00:00","dateModified":"2025-02-04T05:23:17+00:00","description":"Onze online RC Kopen winkel heeft de beste kwaliteit MIPT Fumaraat te koop. Wilt u MIPT Fumaraat online kopen, dan kunnen wij u van alle kanten helpen. Bestel vandaag nog!","breadcrumb":{"@id":"https:\/\/rckopen.com\/product\/mipt-fumarate\/#breadcrumb"},"inLanguage":"hu","potentialAction":[{"@type":"ReadAction","target":["https:\/\/rckopen.com\/product\/mipt-fumarate\/"]}]},{"@type":"ImageObject","inLanguage":"hu","@id":"https:\/\/rckopen.com\/product\/mipt-fumarate\/#primaryimage","url":"https:\/\/rckopen.com\/wp-content\/uploads\/2023\/08\/mipt-fumarate-1.jpg","contentUrl":"https:\/\/rckopen.com\/wp-content\/uploads\/2023\/08\/mipt-fumarate-1.jpg","width":600,"height":600,"caption":"mipt-fumarate online kopen"},{"@type":"BreadcrumbList","@id":"https:\/\/rckopen.com\/product\/mipt-fumarate\/#breadcrumb","itemListElement":[{"@type":"ListItem","position":1,"name":"Home","item":"https:\/\/rckopen.com\/"},{"@type":"ListItem","position":2,"name":"Shop","item":"https:\/\/rckopen.com\/shop\/"},{"@type":"ListItem","position":3,"name":"MiPT fumarate online kopen"}]},{"@type":"WebSite","@id":"https:\/\/rckopen.com\/#website","url":"https:\/\/rckopen.com\/","name":"RC Kopen","description":"Research Chemicals","potentialAction":[{"@type":"SearchAction","target":{"@type":"EntryPoint","urlTemplate":"https:\/\/rckopen.com\/?s={search_term_string}"},"query-input":{"@type":"PropertyValueSpecification","valueRequired":true,"valueName":"search_term_string"}}],"inLanguage":"hu"}]}},"_links":{"self":[{"href":"https:\/\/rckopen.com\/hu\/wp-json\/wp\/v2\/product\/6755","targetHints":{"allow":["GET"]}}],"collection":[{"href":"https:\/\/rckopen.com\/hu\/wp-json\/wp\/v2\/product"}],"about":[{"href":"https:\/\/rckopen.com\/hu\/wp-json\/wp\/v2\/types\/product"}],"replies":[{"embeddable":true,"href":"https:\/\/rckopen.com\/hu\/wp-json\/wp\/v2\/comments?post=6755"}],"wp:featuredmedia":[{"embeddable":true,"href":"https:\/\/rckopen.com\/hu\/wp-json\/wp\/v2\/media\/7922"}],"wp:attachment":[{"href":"https:\/\/rckopen.com\/hu\/wp-json\/wp\/v2\/media?parent=6755"}],"wp:term":[{"taxonomy":"product_brand","embeddable":true,"href":"https:\/\/rckopen.com\/hu\/wp-json\/wp\/v2\/product_brand?post=6755"},{"taxonomy":"product_cat","embeddable":true,"href":"https:\/\/rckopen.com\/hu\/wp-json\/wp\/v2\/product_cat?post=6755"},{"taxonomy":"product_tag","embeddable":true,"href":"https:\/\/rckopen.com\/hu\/wp-json\/wp\/v2\/product_tag?post=6755"}],"curies":[{"name":"wp","href":"https:\/\/api.w.org\/{rel}","templated":true}]}}