{"id":6756,"date":"2023-08-17T10:59:49","date_gmt":"2023-08-17T10:59:49","guid":{"rendered":"https:\/\/diligentplug.com\/chems\/?post_type=product&#038;p=6756"},"modified":"2025-02-04T05:27:54","modified_gmt":"2025-02-04T05:27:54","slug":"mpt","status":"publish","type":"product","link":"https:\/\/rckopen.com\/hu\/termek\/mpt\/","title":{"rendered":"V\u00e1s\u00e1roljon MPT-t online"},"content":{"rendered":"<h2>Hoe u legitieme bronnen kunt vinden om MPT online kopen<\/h2>\n<p>Megb\u00edzhat\u00f3 forr\u00e1st keres az MPT online v\u00e1s\u00e1rl\u00e1s\u00e1hoz? Nem kell tov\u00e1bb keresg\u00e9lni! Az MPT (3-metil-tiofentanil) online v\u00e1s\u00e1rl\u00e1s\u00e1hoz leg\u00e1lis forr\u00e1s megtal\u00e1l\u00e1sa elengedhetetlen a biztons\u00e1g, a jogszer\u0171s\u00e9g \u00e9s a term\u00e9kmin\u0151s\u00e9g biztos\u00edt\u00e1sa \u00e9rdek\u00e9ben. Az al\u00e1bbiakban egy \u00e1tfog\u00f3 \u00fatmutat\u00f3 tal\u00e1lhat\u00f3, amely seg\u00edt biztons\u00e1gosan \u00e9s magabiztosan befejezni a v\u00e1s\u00e1rl\u00e1si folyamatot.<\/p>\n<h3>M\u00e9lyrehat\u00f3 vizsg\u00e1lat<\/h3>\n<p>V\u00e1s\u00e1rl\u00e1s el\u0151tt elengedhetetlen egy alapos kutat\u00e1s. Kezdje azzal, hogy j\u00f3 h\u00edr\u0171 online elad\u00f3kat keres, akik MPT-t k\u00edn\u00e1lnak elad\u00e1sra. Keressen olyan webhelyeket, amelyek j\u00f3 h\u00edrn\u00e9vvel, pozit\u00edv \u00e9rt\u00e9kel\u00e9sekkel \u00e9s \u00e1tl\u00e1that\u00f3 inform\u00e1ci\u00f3kkal rendelkeznek term\u00e9keikr\u0151l \u00e9s szolg\u00e1ltat\u00e1sair\u00f3l.<\/p>\n<h3>Ellen\u0151rizze a legitimit\u00e1st<\/h3>\n<p>Ha potenci\u00e1lis besz\u00e1ll\u00edt\u00f3kat keres, helyezze el\u0151t\u00e9rbe a legitimit\u00e1st. Gy\u0151z\u0151dj\u00f6n meg arr\u00f3l, hogy az \u00d6n \u00e1ltal fontol\u00f3ra vett webhely rendelkezik az MPT leg\u00e1lis \u00e9rt\u00e9kes\u00edt\u00e9s\u00e9re vonatkoz\u00f3 enged\u00e9llyel. A t\u00f6rv\u00e9nyes besz\u00e1ll\u00edt\u00f3k gyakran j\u00f3l l\u00e1that\u00f3an jelen\u00edtik meg tan\u00fas\u00edtv\u00e1nyaikat, licenceiket \u00e9s a szab\u00e1lyoz\u00e1si megfelel\u0151s\u00e9g\u00fcket a webhely\u00fck\u00f6n.<\/p>\n<h3>A term\u00e9k min\u0151s\u00e9g\u00e9nek ellen\u0151rz\u00e9se<\/h3>\n<p>A min\u0151s\u00e9g a legfontosabb az MPT online v\u00e1s\u00e1rl\u00e1sakor. Keressen olyan besz\u00e1ll\u00edt\u00f3kat, amelyek tan\u00fas\u00edtott l\u00e9tes\u00edtm\u00e9nyekben gy\u00e1rtott, gy\u00f3gyszer\u00e9szeti min\u0151s\u00e9g\u0171 term\u00e9keket k\u00edn\u00e1lnak. Ezenk\u00edv\u00fcl a j\u00f3 h\u00edr\u0171 besz\u00e1ll\u00edt\u00f3k r\u00e9szletes term\u00e9kinform\u00e1ci\u00f3kat k\u00edn\u00e1lnak, bele\u00e9rtve a tisztas\u00e1gi szinteket, az adagol\u00e1si aj\u00e1nl\u00e1sokat \u00e9s a lehets\u00e9ges mell\u00e9khat\u00e1sokat.<\/p>\n<h3>Olvassa el a v\u00e1s\u00e1rl\u00f3i v\u00e9lem\u00e9nyeket<\/h3>\n<p>A v\u00e1s\u00e1rl\u00f3i v\u00e9lem\u00e9nyek \u00e9rt\u00e9kes forr\u00e1sok a sz\u00e1ll\u00edt\u00f3 megb\u00edzhat\u00f3s\u00e1g\u00e1nak \u00e9s megb\u00edzhat\u00f3s\u00e1g\u00e1nak felm\u00e9r\u00e9s\u00e9hez. Tekintse \u00e1t a kor\u00e1bbi v\u00e1s\u00e1rl\u00f3k visszajelz\u00e9seit a term\u00e9k min\u0151s\u00e9g\u00e9r\u0151l, az \u00fcgyf\u00e9lszolg\u00e1latr\u00f3l, a sz\u00e1ll\u00edt\u00e1si id\u0151kr\u0151l \u00e9s az \u00e1ltal\u00e1nos el\u00e9gedetts\u00e9gr\u0151l. A pozit\u00edv v\u00e9lem\u00e9nyek megnyugv\u00e1st jelenthetnek a sz\u00e1ll\u00edt\u00f3 kiv\u00e1laszt\u00e1sakor.<\/p>\n<h3>A jogi k\u00f6vetelm\u00e9nyek meg\u00e9rt\u00e9se<\/h3>\n<p>Ismerkedjen meg az MPT-v\u00e1s\u00e1rl\u00e1s jogi k\u00f6vetelm\u00e9nyeivel az \u00d6n ter\u00fclet\u00e9n. P\u00e9ld\u00e1ul az Egyes\u00fclt Kir\u00e1lys\u00e1gban tilos MPT-t v\u00e1s\u00e1rolni v\u00e9ny n\u00e9lk\u00fcl. A jogi k\u00f6vetkezm\u00e9nyek elker\u00fcl\u00e9se \u00e9rdek\u00e9ben gy\u0151z\u0151dj\u00f6n meg arr\u00f3l, hogy betartja az \u00f6sszes vonatkoz\u00f3 t\u00f6rv\u00e9nyt \u00e9s el\u0151\u00edr\u00e1st.<\/p>\n<h3>V\u00e1lassza az RCkopen lehet\u0151s\u00e9get<\/h3>\n<p>Ha megb\u00edzhat\u00f3 forr\u00e1st keres az MPT online v\u00e1s\u00e1rl\u00e1s\u00e1hoz, fontolja meg az RCKopent. A kutat\u00e1si vegyszerekre szakosodott j\u00f3 h\u00edr\u0171 online boltk\u00e9nt az RCKopen kiv\u00e1l\u00f3 min\u0151s\u00e9g\u0171 term\u00e9kek sz\u00e9les v\u00e1laszt\u00e9k\u00e1t k\u00edn\u00e1lja, bele\u00e9rtve az MPT-t is. A vev\u0151i el\u00e9gedetts\u00e9g, a term\u00e9kmin\u0151s\u00e9g \u00e9s a jogi el\u0151\u00edr\u00e1soknak val\u00f3 megfelel\u00e9s ir\u00e1nti elk\u00f6telezetts\u00e9g\u00e9vel az RCKopen biztons\u00e1gos \u00e9s megb\u00edzhat\u00f3 platformot k\u00edn\u00e1l MPT-v\u00e1s\u00e1rl\u00e1shoz az Egyes\u00fclt Kir\u00e1lys\u00e1gban \u00e9s m\u00e1s ter\u00fcleteken.<\/p>\n<h3>Mi\u00e9rt v\u00e1lassza az RCKopen-t?<\/h3>\n<p>- Sz\u00e9les v\u00e1laszt\u00e9k: Fedezze fel az elad\u00f3 tudom\u00e1nyos vegyszerek sz\u00e9les v\u00e1laszt\u00e9k\u00e1t, bele\u00e9rtve az MPT-t is.<\/p>\n<p>- Min\u0151s\u00e9gbiztos\u00edt\u00e1s: Biztos lehet benne, hogy minden term\u00e9ket szigor\u00fa tesztel\u00e9snek vetnek al\u00e1 a tisztas\u00e1g \u00e9s a hat\u00e1soss\u00e1g biztos\u00edt\u00e1sa \u00e9rdek\u00e9ben.<\/p>\n<p>- Jogszab\u00e1lyi megfelel\u00e9s: Az RCKopen a kutat\u00e1si vegyszerek \u00e9rt\u00e9kes\u00edt\u00e9s\u00e9re vonatkoz\u00f3 \u00f6sszes vonatkoz\u00f3 t\u00f6rv\u00e9nynek \u00e9s el\u0151\u00edr\u00e1snak megfelel\u0151en m\u0171k\u00f6dik.<\/p>\n<p>- Biztons\u00e1gos tranzakci\u00f3k: \u00e9lvezze a nyugalmat a biztons\u00e1gos fizet\u00e9si lehet\u0151s\u00e9gekkel \u00e9s titkos\u00edtott tranzakci\u00f3kkal.<\/p>\n<p>- Kiv\u00e9teles \u00fcgyf\u00e9lszolg\u00e1lat: kapjon gyors \u00e9s szakszer\u0171 seg\u00edts\u00e9get elk\u00f6telezett \u00fcgyf\u00e9lszolg\u00e1lati csapatunkt\u00f3l.<\/p>\n<p>- Gyors sz\u00e1ll\u00edt\u00e1s: Tapasztalja meg a gyors, diszkr\u00e9t h\u00e1zt\u00f3l-h\u00e1zig sz\u00e1ll\u00edt\u00e1st a nagyobb k\u00e9nyelem \u00e9rdek\u00e9ben.<\/p>\n<p>Foglalja le rendel\u00e9s\u00e9t m\u00e9g ma!<br \/>\nK\u00e9szen \u00e1ll az MPT leg\u00e1lis v\u00e1s\u00e1rl\u00e1s\u00e1ra egy megb\u00edzhat\u00f3 forr\u00e1sb\u00f3l? L\u00e1togasson el az RCKopen oldal\u00e1ra, hogy felfedezze kiv\u00e1l\u00f3 min\u0151s\u00e9g\u0171 kutat\u00e1si vegyszerek v\u00e1laszt\u00e9k\u00e1t, \u00e9s magabiztosan rendelje meg. A t\u00f6rv\u00e9nyess\u00e9g, a min\u0151s\u00e9g \u00e9s az \u00fcgyfelek el\u00e9gedetts\u00e9ge ir\u00e1nti elk\u00f6telezetts\u00e9g\u00fcnknek k\u00f6sz\u00f6nhet\u0151en az RCKopen az \u00d6n megb\u00edzhat\u00f3 partnere minden k\u00e9miai kutat\u00e1si ig\u00e9ny\u00e9nek kiel\u00e9g\u00edt\u00e9s\u00e9ben.<\/p>\n<p>Ne k\u00f6ss\u00f6n kompromisszumot a biztons\u00e1g vagy a min\u0151s\u00e9g ter\u00e9n. V\u00e1lassza az RCKopent a z\u00f6kken\u0151mentes \u00e9s megb\u00edzhat\u00f3 v\u00e1s\u00e1rl\u00e1si \u00e9lm\u00e9ny \u00e9rdek\u00e9ben. V\u00e1s\u00e1roljon MPT-t online, \u00e9s kezdje el magabiztosan kutat\u00e1si \u00fatj\u00e1t.<\/p>","protected":false},"excerpt":{"rendered":"<p><strong>IUPAC-n\u00e9v: <\/strong>N-[2-(1H-Indol-3-yl)ethyl]-N-methylpropan-1-amine<\/p>\n<p><strong>CAS # <\/strong>850032-72-3<\/p>\n<p><strong>M\u00e1sik n\u00e9v: <\/strong>N-metil-N-propiliptriptamin<\/p>\n<p><strong>Megjelen\u00e9s: <\/strong>por<\/p>\n<p><strong>Forma: <\/strong>fumar\u00e1t<\/p>\n<p><strong>NMR-elemz\u00e9s: <\/strong>C14H20N2<\/p>","protected":false},"featured_media":0,"comment_status":"open","ping_status":"closed","template":"","meta":{"_joinchat":[]},"product_brand":[],"product_cat":[149],"product_tag":[],"class_list":{"0":"post-6756","1":"product","2":"type-product","3":"status-publish","5":"product_cat-tryptaminen","7":"first","8":"instock","9":"shipping-taxable","10":"purchasable","11":"product-type-variable"},"yoast_head":"<!-- This site is optimized with the Yoast SEO plugin v26.3 - https:\/\/yoast.com\/wordpress\/plugins\/seo\/ -->\n<title>4-HO-MPT online Kopen - MPT te koop | RC Kopen<\/title>\n<meta name=\"description\" content=\"4-HO-MPT Kopen, Jouw bestelling voor MPT te koop is onze verantwoordelijkheid. Wij zullen uw bestelling overwegen om MPT te koop.\" \/>\n<meta name=\"robots\" content=\"index, follow, max-snippet:-1, max-image-preview:large, max-video-preview:-1\" \/>\n<link rel=\"canonical\" href=\"https:\/\/rckopen.com\/hu\/termek\/mpt\/\" \/>\n<meta property=\"og:locale\" content=\"hu_HU\" \/>\n<meta property=\"og:type\" content=\"article\" \/>\n<meta property=\"og:title\" content=\"4-HO-MPT online Kopen - MPT te koop | RC Kopen\" \/>\n<meta property=\"og:description\" content=\"4-HO-MPT Kopen, Jouw bestelling voor MPT te koop is onze verantwoordelijkheid. Wij zullen uw bestelling overwegen om MPT te koop.\" \/>\n<meta property=\"og:url\" content=\"https:\/\/rckopen.com\/hu\/termek\/mpt\/\" \/>\n<meta property=\"og:site_name\" content=\"RC Kopen\" \/>\n<meta property=\"article:modified_time\" content=\"2025-02-04T05:27:54+00:00\" \/>\n<meta name=\"twitter:card\" content=\"summary_large_image\" \/>\n<meta name=\"twitter:label1\" content=\"Becs\u00fclt olvas\u00e1si id\u0151\" \/>\n\t<meta name=\"twitter:data1\" content=\"3 perc\" \/>\n<script type=\"application\/ld+json\" class=\"yoast-schema-graph\">{\"@context\":\"https:\/\/schema.org\",\"@graph\":[{\"@type\":\"WebPage\",\"@id\":\"https:\/\/rckopen.com\/product\/mpt\/\",\"url\":\"https:\/\/rckopen.com\/product\/mpt\/\",\"name\":\"4-HO-MPT online Kopen - MPT te koop | RC Kopen\",\"isPartOf\":{\"@id\":\"https:\/\/rckopen.com\/#website\"},\"datePublished\":\"2023-08-17T10:59:49+00:00\",\"dateModified\":\"2025-02-04T05:27:54+00:00\",\"description\":\"4-HO-MPT Kopen, Jouw bestelling voor MPT te koop is onze verantwoordelijkheid. Wij zullen uw bestelling overwegen om MPT te koop.\",\"breadcrumb\":{\"@id\":\"https:\/\/rckopen.com\/product\/mpt\/#breadcrumb\"},\"inLanguage\":\"hu\",\"potentialAction\":[{\"@type\":\"ReadAction\",\"target\":[\"https:\/\/rckopen.com\/product\/mpt\/\"]}]},{\"@type\":\"BreadcrumbList\",\"@id\":\"https:\/\/rckopen.com\/product\/mpt\/#breadcrumb\",\"itemListElement\":[{\"@type\":\"ListItem\",\"position\":1,\"name\":\"Home\",\"item\":\"https:\/\/rckopen.com\/\"},{\"@type\":\"ListItem\",\"position\":2,\"name\":\"Shop\",\"item\":\"https:\/\/rckopen.com\/shop\/\"},{\"@type\":\"ListItem\",\"position\":3,\"name\":\"MPT online kopen\"}]},{\"@type\":\"WebSite\",\"@id\":\"https:\/\/rckopen.com\/#website\",\"url\":\"https:\/\/rckopen.com\/\",\"name\":\"RC Kopen\",\"description\":\"Research Chemicals\",\"potentialAction\":[{\"@type\":\"SearchAction\",\"target\":{\"@type\":\"EntryPoint\",\"urlTemplate\":\"https:\/\/rckopen.com\/?s={search_term_string}\"},\"query-input\":{\"@type\":\"PropertyValueSpecification\",\"valueRequired\":true,\"valueName\":\"search_term_string\"}}],\"inLanguage\":\"hu\"}]}<\/script>\n<!-- \/ Yoast SEO plugin. -->","yoast_head_json":{"title":"4-HO-MPT online Kopen - MPT te koop | RC Kopen","description":"4-HO-MPT Kopen, Jouw bestelling voor MPT te koop is onze verantwoordelijkheid. Wij zullen uw bestelling overwegen om MPT te koop.","robots":{"index":"index","follow":"follow","max-snippet":"max-snippet:-1","max-image-preview":"max-image-preview:large","max-video-preview":"max-video-preview:-1"},"canonical":"https:\/\/rckopen.com\/hu\/termek\/mpt\/","og_locale":"hu_HU","og_type":"article","og_title":"4-HO-MPT online Kopen - MPT te koop | RC Kopen","og_description":"4-HO-MPT Kopen, Jouw bestelling voor MPT te koop is onze verantwoordelijkheid. Wij zullen uw bestelling overwegen om MPT te koop.","og_url":"https:\/\/rckopen.com\/hu\/termek\/mpt\/","og_site_name":"RC Kopen","article_modified_time":"2025-02-04T05:27:54+00:00","twitter_card":"summary_large_image","twitter_misc":{"Becs\u00fclt olvas\u00e1si id\u0151":"3 perc"},"schema":{"@context":"https:\/\/schema.org","@graph":[{"@type":"WebPage","@id":"https:\/\/rckopen.com\/product\/mpt\/","url":"https:\/\/rckopen.com\/product\/mpt\/","name":"4-HO-MPT online Kopen - MPT te koop | RC Kopen","isPartOf":{"@id":"https:\/\/rckopen.com\/#website"},"datePublished":"2023-08-17T10:59:49+00:00","dateModified":"2025-02-04T05:27:54+00:00","description":"4-HO-MPT Kopen, Jouw bestelling voor MPT te koop is onze verantwoordelijkheid. Wij zullen uw bestelling overwegen om MPT te koop.","breadcrumb":{"@id":"https:\/\/rckopen.com\/product\/mpt\/#breadcrumb"},"inLanguage":"hu","potentialAction":[{"@type":"ReadAction","target":["https:\/\/rckopen.com\/product\/mpt\/"]}]},{"@type":"BreadcrumbList","@id":"https:\/\/rckopen.com\/product\/mpt\/#breadcrumb","itemListElement":[{"@type":"ListItem","position":1,"name":"Home","item":"https:\/\/rckopen.com\/"},{"@type":"ListItem","position":2,"name":"Shop","item":"https:\/\/rckopen.com\/shop\/"},{"@type":"ListItem","position":3,"name":"MPT online kopen"}]},{"@type":"WebSite","@id":"https:\/\/rckopen.com\/#website","url":"https:\/\/rckopen.com\/","name":"RC Kopen","description":"Research Chemicals","potentialAction":[{"@type":"SearchAction","target":{"@type":"EntryPoint","urlTemplate":"https:\/\/rckopen.com\/?s={search_term_string}"},"query-input":{"@type":"PropertyValueSpecification","valueRequired":true,"valueName":"search_term_string"}}],"inLanguage":"hu"}]}},"_links":{"self":[{"href":"https:\/\/rckopen.com\/hu\/wp-json\/wp\/v2\/product\/6756","targetHints":{"allow":["GET"]}}],"collection":[{"href":"https:\/\/rckopen.com\/hu\/wp-json\/wp\/v2\/product"}],"about":[{"href":"https:\/\/rckopen.com\/hu\/wp-json\/wp\/v2\/types\/product"}],"replies":[{"embeddable":true,"href":"https:\/\/rckopen.com\/hu\/wp-json\/wp\/v2\/comments?post=6756"}],"wp:attachment":[{"href":"https:\/\/rckopen.com\/hu\/wp-json\/wp\/v2\/media?parent=6756"}],"wp:term":[{"taxonomy":"product_brand","embeddable":true,"href":"https:\/\/rckopen.com\/hu\/wp-json\/wp\/v2\/product_brand?post=6756"},{"taxonomy":"product_cat","embeddable":true,"href":"https:\/\/rckopen.com\/hu\/wp-json\/wp\/v2\/product_cat?post=6756"},{"taxonomy":"product_tag","embeddable":true,"href":"https:\/\/rckopen.com\/hu\/wp-json\/wp\/v2\/product_tag?post=6756"}],"curies":[{"name":"wp","href":"https:\/\/api.w.org\/{rel}","templated":true}]}}