{"id":6758,"date":"2023-08-17T11:02:40","date_gmt":"2023-08-17T11:02:40","guid":{"rendered":"https:\/\/diligentplug.com\/chems\/?post_type=product&#038;p=6758"},"modified":"2025-02-01T08:40:08","modified_gmt":"2025-02-01T08:40:08","slug":"5-meo-met","status":"publish","type":"product","link":"https:\/\/rckopen.com\/hu\/termek\/5-meo-a\/","title":{"rendered":"5-MEO-MET"},"content":{"rendered":"<h2>5-MEO-MET online kopen<\/h2>\n<p>Rc V\u00e1s\u00e1rl\u00e1s kutat\u00e1si c\u00e9lokra; Az emberi fogyaszt\u00e1s szigor\u00faan tilos. <a href=\"https:\/\/rckopen.com\/hu\/termek\/5-meo-a\/\">5-MEO-MET<\/a><br \/>\n5-MEO-MET rendel\u00e9s\u00e9t fontolgatja? Ne hagyjon figyelmen k\u00edv\u00fcl semmit. Itt mindent megtal\u00e1l, amit az okos v\u00e1s\u00e1rl\u00e1shoz tudnia kell.<br \/>\nAz 5-MEO-MET meg\u00e9rt\u00e9se<\/p>\n<p>5-metoxi-N-etil-N-metil-triptamin, ismertebb nev\u00e9n <a href=\"https:\/\/en.wikipedia.org\/wiki\/5-MeO-MET\">5-MEO-MET<\/a>, egy er\u0151s pszichedelikus anyag, amely a triptamin oszt\u00e1lyba tartozik. Ismert a tudatra gyakorolt \u200b\u200begyed\u00fcl\u00e1ll\u00f3 hat\u00e1sair\u00f3l, bele\u00e9rtve a vizu\u00e1lis torzul\u00e1sokat, a megv\u00e1ltozott id\u0151\u00e9rz\u00e9kel\u00e9st \u00e9s a m\u00e9lyrehat\u00f3 \u00f6nvizsg\u00e1latot.<\/p>\n<h3>Mi\u00e9rt \u00e9rdemes az 5-MEO-MET-et online v\u00e1s\u00e1rolni?<\/h3>\n<p>1. K\u00e9nyelem: Az 5-MEO-MET online v\u00e1s\u00e1rl\u00e1sa p\u00e1ratlan k\u00e9nyelmet k\u00edn\u00e1l. A karossz\u00e9k k\u00e9nyelm\u00e9b\u0151l, a term\u00e9kek sz\u00e9les v\u00e1laszt\u00e9k\u00e1t b\u00f6ng\u00e9szheti.<\/p>\n<p>2. Adatv\u00e9delem: Az online v\u00e1s\u00e1rl\u00e1s diszkr\u00e9t m\u00f3don, a nem k\u00edv\u00e1nt figyelem felkelt\u00e9se n\u00e9lk\u00fcl rendelheti meg az 5-MEO-MET-et.<\/p>\n<p>3. V\u00e1ltozatoss\u00e1g: Az online elad\u00f3k gyakran sz\u00e9lesebb term\u00e9kv\u00e1laszt\u00e9kot k\u00edn\u00e1lnak, mint a hagyom\u00e1nyos fizikai \u00fczletek, \u00edgy k\u00fcl\u00f6nb\u00f6z\u0151 form\u00e1k \u00e9s adagok k\u00f6z\u00fcl v\u00e1laszthat.<\/p>\n<h3>Hol v\u00e1s\u00e1rolhat 5-MEO-MET-et online?<\/h3>\n<p>Megb\u00edzhat\u00f3 forr\u00e1s megtal\u00e1l\u00e1sa az 5-MEO-MET v\u00e1s\u00e1rl\u00e1s\u00e1hoz elengedhetetlen a biztons\u00e1gos \u00e9s kiel\u00e9g\u00edt\u0151 \u00e9lm\u00e9nyhez. \u00cdme n\u00e9h\u00e1ny szempont, amelyeket figyelembe kell venni az online szolg\u00e1ltat\u00f3 kiv\u00e1laszt\u00e1sakor:<\/p>\n<p>1. H\u00edrn\u00e9v: V\u00e1lasszon olyan besz\u00e1ll\u00edt\u00f3kat, akik bizony\u00edtottan kiv\u00e1l\u00f3 min\u0151s\u00e9g\u0171 term\u00e9keket \u00e9s kiv\u00e1l\u00f3 \u00fcgyf\u00e9lszolg\u00e1latot ny\u00fajtanak.<\/p>\n<p>2. V\u00e9lem\u00e9nyek: Ellen\u0151rizze a v\u00e1s\u00e1rl\u00f3i v\u00e9lem\u00e9nyeket \u00e9s besz\u00e1mol\u00f3kat, hogy felm\u00e9rje a sz\u00e1ll\u00edt\u00f3 megb\u00edzhat\u00f3s\u00e1g\u00e1t \u00e9s megb\u00edzhat\u00f3s\u00e1g\u00e1t.<\/p>\n<p>3. Jogszer\u0171s\u00e9g: Gy\u0151z\u0151dj\u00f6n meg arr\u00f3l, hogy az elad\u00f3 az \u00d6n joghat\u00f3s\u00e1ga alatt m\u0171k\u00f6d\u0151 t\u00f6rv\u00e9nyes keretek k\u00f6z\u00f6tt m\u0171k\u00f6dik, hogy leg\u00e1lisan v\u00e1s\u00e1rolhasson 5-MEO-MET-et.<\/p>\n<h3>RCkopen.com: az \u00d6n megb\u00edzhat\u00f3 5-MEO-MET \u00fczlete<\/h3>\n<p><a href=\"https:\/\/rckopen.com\/hu\/\">RCKOpen.com<\/a> a kedvenc \u00fati c\u00e9lja az 5-MEO-MET online v\u00e1s\u00e1rl\u00e1s\u00e1hoz. Ez\u00e9rt:<\/p>\n<p>1. Min\u0151s\u00e9gbiztos\u00edt\u00e1s: Az RCkopen.com-n\u00e1l a min\u0151s\u00e9get \u00e9s a tisztas\u00e1got r\u00e9szes\u00edtj\u00fck el\u0151nyben. Term\u00e9keink szigor\u00fa tesztel\u00e9sen esnek \u00e1t, hogy biztos\u00edts\u00e1k az ipar\u00e1gi szabv\u00e1nyoknak val\u00f3 megfelel\u00e9st.<\/p>\n<p>2. Sz\u00e9les v\u00e1laszt\u00e9k: Fedezze fel az 5-MEO-MET term\u00e9kek sz\u00e9les v\u00e1laszt\u00e9k\u00e1t, bele\u00e9rtve a port \u00e9s a pelleteket, hogy megtal\u00e1lja az \u00d6n ig\u00e9nyeinek legink\u00e1bb megfelel\u0151 opci\u00f3t.<\/p>\n<p>3. Biztons\u00e1gos tranzakci\u00f3k: Az \u00d6n adatv\u00e9delm\u00e9t \u00e9s biztons\u00e1g\u00e1t kiemelten kezelj\u00fck. \u00c9lvezze a biztons\u00e1gos, titkos\u00edtott tranzakci\u00f3kat, amikor 5-MEO-MET-et rendel az rckopen.com webhelyr\u0151l.<\/p>\n<h3>Az 5-MEO-MET megrendel\u00e9se az rckopen.com oldalon kereszt\u00fcl<\/h3>\n<p>1. B\u00f6ng\u00e9sszen weboldalunkon: L\u00e1togassa meg az RCkopen.com webhelyet, \u00e9s fedezze fel elad\u00f3 5-MEO-MET term\u00e9keinket.<\/p>\n<p>2. V\u00e1lassza ki a term\u00e9ket: V\u00e1lassza ki a k\u00edv\u00e1nt 5-MEO-MET form\u00e1t \u00e9s mennyis\u00e9get katal\u00f3gusunkb\u00f3l.<\/p>\n<p>3. Megrendel\u00e9s lead\u00e1sa: K\u00f6vesse az egyszer\u0171 p\u00e9nzt\u00e1ri folyamatot a biztons\u00e1gos megrendel\u00e9s lead\u00e1s\u00e1hoz.<\/p>\n<p>4. Vegye \u00e1t a csomagot: D\u0151lj\u00f6n h\u00e1tra \u00e9s pihenjen, mik\u00f6zben mi diszkr\u00e9ten h\u00e1zhoz sz\u00e1ll\u00edtjuk \u00d6nnek az 5-MEO-MET-et.<\/p>\n<h3>V\u00e1s\u00e1rl\u00e1s 5-MEO-MET v\u00e9ny n\u00e9lk\u00fcl a rckopen.com-on<\/h3>\n<p>Az RCkopen.com-n\u00e1l meg\u00e9rtj\u00fck a kiseg\u00edt\u0151 lehet\u0151s\u00e9gek fontoss\u00e1g\u00e1t. Ez\u00e9rt k\u00edn\u00e1ljuk az 5-MEO-MET v\u00e9ny n\u00e9lk\u00fcli v\u00e1s\u00e1rl\u00e1s\u00e1nak k\u00e9nyelm\u00e9t.<\/p>\n<p>Az Egyes\u00fclt Kir\u00e1lys\u00e1gban \u00e9lsz? Az Rckopen.com az Egyes\u00fclt Kir\u00e1lys\u00e1gban l\u00e9v\u0151 \u00fcgyfeleket szolg\u00e1lja ki, \u00e9s gyors \u00e9s megb\u00edzhat\u00f3 sz\u00e1ll\u00edt\u00e1si lehet\u0151s\u00e9geket k\u00edn\u00e1l az \u00d6n k\u00e9nyelme \u00e9rdek\u00e9ben. V\u00e1s\u00e1roljon 5-MEO-MET-et online csak t\u0151l\u00fcnk az Egyes\u00fclt Kir\u00e1lys\u00e1gban.<\/p>","protected":false},"excerpt":{"rendered":"<p><strong>IUPAC-n\u00e9v: <\/strong>null<\/p>\n<p><strong>CAS # <\/strong>null<\/p>\n<p><strong>M\u00e1sik n\u00e9v: <\/strong>5-MEO-MET<\/p>\n<p><strong>Megjelen\u00e9s: <\/strong>por<\/p>\n<p><strong>Forma: <\/strong>fumar\u00e1t<\/p>\n<p><strong>NMR-elemz\u00e9s: <\/strong>N\/A<\/p>","protected":false},"featured_media":6946,"comment_status":"open","ping_status":"closed","template":"","meta":{"_joinchat":[]},"product_brand":[],"product_cat":[149],"product_tag":[],"class_list":{"0":"post-6758","1":"product","2":"type-product","3":"status-publish","4":"has-post-thumbnail","6":"product_cat-tryptaminen","8":"first","9":"instock","10":"shipping-taxable","11":"purchasable","12":"product-type-variable"},"yoast_head":"<!-- This site is optimized with the Yoast SEO plugin v26.3 - https:\/\/yoast.com\/wordpress\/plugins\/seo\/ -->\n<title>5 Meo Met online kopen - 5 Meo Met te koop<\/title>\n<meta name=\"description\" content=\"5 Meo Met online kopen op onze website voor producten van hoge kwaliteit. Geniet van het gemak van het bestellen van 5 Meo Met te koop en ervaar de beste service en productvariatie. Plaats nu uw bestelling!\" \/>\n<meta name=\"robots\" content=\"index, follow, max-snippet:-1, max-image-preview:large, max-video-preview:-1\" \/>\n<link rel=\"canonical\" href=\"https:\/\/rckopen.com\/hu\/termek\/5-meo-a\/\" \/>\n<meta property=\"og:locale\" content=\"hu_HU\" \/>\n<meta property=\"og:type\" content=\"article\" \/>\n<meta property=\"og:title\" content=\"5 Meo Met online kopen - 5 Meo Met te koop\" \/>\n<meta property=\"og:description\" content=\"5 Meo Met online kopen op onze website voor producten van hoge kwaliteit. Geniet van het gemak van het bestellen van 5 Meo Met te koop en ervaar de beste service en productvariatie. Plaats nu uw bestelling!\" \/>\n<meta property=\"og:url\" content=\"https:\/\/rckopen.com\/hu\/termek\/5-meo-a\/\" \/>\n<meta property=\"og:site_name\" content=\"RC Kopen\" \/>\n<meta property=\"article:modified_time\" content=\"2025-02-01T08:40:08+00:00\" \/>\n<meta property=\"og:image\" content=\"https:\/\/rckopen.com\/wp-content\/uploads\/2023\/08\/5-MEO-MET.jpg\" \/>\n\t<meta property=\"og:image:width\" content=\"600\" \/>\n\t<meta property=\"og:image:height\" content=\"600\" \/>\n\t<meta property=\"og:image:type\" content=\"image\/jpeg\" \/>\n<meta name=\"twitter:card\" content=\"summary_large_image\" \/>\n<meta name=\"twitter:label1\" content=\"Becs\u00fclt olvas\u00e1si id\u0151\" \/>\n\t<meta name=\"twitter:data1\" content=\"3 perc\" \/>\n<script type=\"application\/ld+json\" class=\"yoast-schema-graph\">{\"@context\":\"https:\/\/schema.org\",\"@graph\":[{\"@type\":\"WebPage\",\"@id\":\"https:\/\/rckopen.com\/product\/5-meo-met\/\",\"url\":\"https:\/\/rckopen.com\/product\/5-meo-met\/\",\"name\":\"5 Meo Met online kopen - 5 Meo Met te koop\",\"isPartOf\":{\"@id\":\"https:\/\/rckopen.com\/#website\"},\"primaryImageOfPage\":{\"@id\":\"https:\/\/rckopen.com\/product\/5-meo-met\/#primaryimage\"},\"image\":{\"@id\":\"https:\/\/rckopen.com\/product\/5-meo-met\/#primaryimage\"},\"thumbnailUrl\":\"https:\/\/rckopen.com\/wp-content\/uploads\/2023\/08\/5-MEO-MET.jpg\",\"datePublished\":\"2023-08-17T11:02:40+00:00\",\"dateModified\":\"2025-02-01T08:40:08+00:00\",\"description\":\"5 Meo Met online kopen op onze website voor producten van hoge kwaliteit. Geniet van het gemak van het bestellen van 5 Meo Met te koop en ervaar de beste service en productvariatie. Plaats nu uw bestelling!\",\"breadcrumb\":{\"@id\":\"https:\/\/rckopen.com\/product\/5-meo-met\/#breadcrumb\"},\"inLanguage\":\"hu\",\"potentialAction\":[{\"@type\":\"ReadAction\",\"target\":[\"https:\/\/rckopen.com\/product\/5-meo-met\/\"]}]},{\"@type\":\"ImageObject\",\"inLanguage\":\"hu\",\"@id\":\"https:\/\/rckopen.com\/product\/5-meo-met\/#primaryimage\",\"url\":\"https:\/\/rckopen.com\/wp-content\/uploads\/2023\/08\/5-MEO-MET.jpg\",\"contentUrl\":\"https:\/\/rckopen.com\/wp-content\/uploads\/2023\/08\/5-MEO-MET.jpg\",\"width\":600,\"height\":600,\"caption\":\"5-MEO-MET\"},{\"@type\":\"BreadcrumbList\",\"@id\":\"https:\/\/rckopen.com\/product\/5-meo-met\/#breadcrumb\",\"itemListElement\":[{\"@type\":\"ListItem\",\"position\":1,\"name\":\"Home\",\"item\":\"https:\/\/rckopen.com\/\"},{\"@type\":\"ListItem\",\"position\":2,\"name\":\"Shop\",\"item\":\"https:\/\/rckopen.com\/shop\/\"},{\"@type\":\"ListItem\",\"position\":3,\"name\":\"5-MEO-MET\"}]},{\"@type\":\"WebSite\",\"@id\":\"https:\/\/rckopen.com\/#website\",\"url\":\"https:\/\/rckopen.com\/\",\"name\":\"RC Kopen\",\"description\":\"Research Chemicals\",\"potentialAction\":[{\"@type\":\"SearchAction\",\"target\":{\"@type\":\"EntryPoint\",\"urlTemplate\":\"https:\/\/rckopen.com\/?s={search_term_string}\"},\"query-input\":{\"@type\":\"PropertyValueSpecification\",\"valueRequired\":true,\"valueName\":\"search_term_string\"}}],\"inLanguage\":\"hu\"}]}<\/script>\n<!-- \/ Yoast SEO plugin. -->","yoast_head_json":{"title":"5 Meo Met online kopen - 5 Meo Met te koop","description":"5 Meo Met online kopen op onze website voor producten van hoge kwaliteit. Geniet van het gemak van het bestellen van 5 Meo Met te koop en ervaar de beste service en productvariatie. Plaats nu uw bestelling!","robots":{"index":"index","follow":"follow","max-snippet":"max-snippet:-1","max-image-preview":"max-image-preview:large","max-video-preview":"max-video-preview:-1"},"canonical":"https:\/\/rckopen.com\/hu\/termek\/5-meo-a\/","og_locale":"hu_HU","og_type":"article","og_title":"5 Meo Met online kopen - 5 Meo Met te koop","og_description":"5 Meo Met online kopen op onze website voor producten van hoge kwaliteit. Geniet van het gemak van het bestellen van 5 Meo Met te koop en ervaar de beste service en productvariatie. Plaats nu uw bestelling!","og_url":"https:\/\/rckopen.com\/hu\/termek\/5-meo-a\/","og_site_name":"RC Kopen","article_modified_time":"2025-02-01T08:40:08+00:00","og_image":[{"width":600,"height":600,"url":"https:\/\/rckopen.com\/wp-content\/uploads\/2023\/08\/5-MEO-MET.jpg","type":"image\/jpeg"}],"twitter_card":"summary_large_image","twitter_misc":{"Becs\u00fclt olvas\u00e1si id\u0151":"3 perc"},"schema":{"@context":"https:\/\/schema.org","@graph":[{"@type":"WebPage","@id":"https:\/\/rckopen.com\/product\/5-meo-met\/","url":"https:\/\/rckopen.com\/product\/5-meo-met\/","name":"5 Meo Met online kopen - 5 Meo Met te koop","isPartOf":{"@id":"https:\/\/rckopen.com\/#website"},"primaryImageOfPage":{"@id":"https:\/\/rckopen.com\/product\/5-meo-met\/#primaryimage"},"image":{"@id":"https:\/\/rckopen.com\/product\/5-meo-met\/#primaryimage"},"thumbnailUrl":"https:\/\/rckopen.com\/wp-content\/uploads\/2023\/08\/5-MEO-MET.jpg","datePublished":"2023-08-17T11:02:40+00:00","dateModified":"2025-02-01T08:40:08+00:00","description":"5 Meo Met online kopen op onze website voor producten van hoge kwaliteit. Geniet van het gemak van het bestellen van 5 Meo Met te koop en ervaar de beste service en productvariatie. Plaats nu uw bestelling!","breadcrumb":{"@id":"https:\/\/rckopen.com\/product\/5-meo-met\/#breadcrumb"},"inLanguage":"hu","potentialAction":[{"@type":"ReadAction","target":["https:\/\/rckopen.com\/product\/5-meo-met\/"]}]},{"@type":"ImageObject","inLanguage":"hu","@id":"https:\/\/rckopen.com\/product\/5-meo-met\/#primaryimage","url":"https:\/\/rckopen.com\/wp-content\/uploads\/2023\/08\/5-MEO-MET.jpg","contentUrl":"https:\/\/rckopen.com\/wp-content\/uploads\/2023\/08\/5-MEO-MET.jpg","width":600,"height":600,"caption":"5-MEO-MET"},{"@type":"BreadcrumbList","@id":"https:\/\/rckopen.com\/product\/5-meo-met\/#breadcrumb","itemListElement":[{"@type":"ListItem","position":1,"name":"Home","item":"https:\/\/rckopen.com\/"},{"@type":"ListItem","position":2,"name":"Shop","item":"https:\/\/rckopen.com\/shop\/"},{"@type":"ListItem","position":3,"name":"5-MEO-MET"}]},{"@type":"WebSite","@id":"https:\/\/rckopen.com\/#website","url":"https:\/\/rckopen.com\/","name":"RC Kopen","description":"Research Chemicals","potentialAction":[{"@type":"SearchAction","target":{"@type":"EntryPoint","urlTemplate":"https:\/\/rckopen.com\/?s={search_term_string}"},"query-input":{"@type":"PropertyValueSpecification","valueRequired":true,"valueName":"search_term_string"}}],"inLanguage":"hu"}]}},"_links":{"self":[{"href":"https:\/\/rckopen.com\/hu\/wp-json\/wp\/v2\/product\/6758","targetHints":{"allow":["GET"]}}],"collection":[{"href":"https:\/\/rckopen.com\/hu\/wp-json\/wp\/v2\/product"}],"about":[{"href":"https:\/\/rckopen.com\/hu\/wp-json\/wp\/v2\/types\/product"}],"replies":[{"embeddable":true,"href":"https:\/\/rckopen.com\/hu\/wp-json\/wp\/v2\/comments?post=6758"}],"wp:featuredmedia":[{"embeddable":true,"href":"https:\/\/rckopen.com\/hu\/wp-json\/wp\/v2\/media\/6946"}],"wp:attachment":[{"href":"https:\/\/rckopen.com\/hu\/wp-json\/wp\/v2\/media?parent=6758"}],"wp:term":[{"taxonomy":"product_brand","embeddable":true,"href":"https:\/\/rckopen.com\/hu\/wp-json\/wp\/v2\/product_brand?post=6758"},{"taxonomy":"product_cat","embeddable":true,"href":"https:\/\/rckopen.com\/hu\/wp-json\/wp\/v2\/product_cat?post=6758"},{"taxonomy":"product_tag","embeddable":true,"href":"https:\/\/rckopen.com\/hu\/wp-json\/wp\/v2\/product_tag?post=6758"}],"curies":[{"name":"wp","href":"https:\/\/api.w.org\/{rel}","templated":true}]}}