{"id":6772,"date":"2023-08-17T11:08:31","date_gmt":"2023-08-17T11:08:31","guid":{"rendered":"https:\/\/diligentplug.com\/chems\/?post_type=product&#038;p=6772"},"modified":"2025-01-31T05:22:13","modified_gmt":"2025-01-31T05:22:13","slug":"4-ho-dpt","status":"publish","type":"product","link":"https:\/\/rckopen.com\/hu\/termek\/4-ho-dpt\/","title":{"rendered":"V\u00e1s\u00e1roljon 4-HO-DPT-t online"},"content":{"rendered":"<h2>Ontdek de ultieme bestemming voor 4-HO-DPT online kopen liefhebbers &#8211; RCKopen<\/h2>\n<p>\u00dcdv\u00f6z\u00f6lj\u00fck <a href=\"https:\/\/rckopen.com\/hu\/\">Rckopen.com<\/a>, az els\u0151 sz\u00e1m\u00fa v\u00e1s\u00e1rl\u00e1si c\u00e9lpont <a href=\"https:\/\/rckopen.com\/hu\/termek\/4-ho-dpt\/\">4-HO-DPT<\/a> elad\u00f3 \u00e9s egy\u00e9b kiv\u00e1l\u00f3 min\u0151s\u00e9g\u0171 kutat\u00e1si vegyszerek. Z\u00f6kken\u0151mentes online platformot biztos\u00edtunk, ahol az olyan rajong\u00f3k, mint \u00d6n, k\u00f6nnyen hozz\u00e1f\u00e9rhetnek a term\u00e9kek sz\u00e9les sk\u00e1l\u00e1j\u00e1hoz, hogy t\u00e1mogass\u00e1k kutat\u00e1si er\u0151fesz\u00edt\u00e9seit.<\/p>\n<h3>Az \u00d6n megb\u00edzhat\u00f3 forr\u00e1sa a 4-HO-DPT term\u00e9kekhez<\/h3>\n<p>\u00dcdv\u00f6z\u00f6lj\u00fck az RCKopenn\u00e9l, ahol megb\u00edzhat\u00f3 \u00e9s j\u00f3 h\u00edr\u0171 forr\u00e1st tal\u00e1l a 4-HO-DPT online v\u00e1s\u00e1rl\u00e1s\u00e1hoz. B\u00fcszk\u00e9k vagyunk arra, hogy a cs\u00facsmin\u0151s\u00e9g\u0171 kutat\u00e1si vegyi anyagok kedvelt c\u00e9lpontja lehet\u00fcnk. A min\u0151s\u00e9g, a megfelel\u0151s\u00e9g \u00e9s az \u00fcgyfelek el\u00e9gedetts\u00e9ge ir\u00e1nti elk\u00f6telezetts\u00e9g\u00fcnknek k\u00f6sz\u00f6nhet\u0151en megb\u00edzhat benn\u00fcnk, hogy biztos\u00edtjuk \u00d6nnek a <a href=\"https:\/\/en.wikipedia.org\/wiki\/4-HO-DPT\">4-HO-DPT<\/a>- olyan term\u00e9keket biztos\u00edtson, amelyekre sz\u00fcks\u00e9ge van a kutat\u00e1si er\u0151fesz\u00edt\u00e9seihez. Fedezze fel platformunkat m\u00e9g ma, \u00e9s tapasztalja meg a k\u00fcl\u00f6nbs\u00e9get ak\u00f6z\u00f6tt, hogy megb\u00edzhat\u00f3 sz\u00e1ll\u00edt\u00f3t\u00f3l v\u00e1s\u00e1rol.<\/p>\n<h3>V\u00e1s\u00e1rolja meg online a 4-HO-DPT sz\u00e1ll\u00edt\u00e1s\u00e1t<\/h3>\n<p>K\u00edv\u00e1ncsi arra, hogy hol v\u00e1s\u00e1rolhat 4-HO-DPT-t online? Ne keressen tov\u00e1bb. Az RCKopenn\u00e9l meg\u00e9rtj\u00fck a k\u00e9nyelem \u00e9s a megb\u00edzhat\u00f3s\u00e1g fontoss\u00e1g\u00e1t a kutat\u00e1si vegyszerek beszerz\u00e9sekor. Ez\u00e9rt k\u00edn\u00e1lunk probl\u00e9mamentes online v\u00e1s\u00e1rl\u00e1si \u00e9lm\u00e9nyt, \u00edgy magabiztosan v\u00e1s\u00e1rolhat 4-HO-DPT-t online.<\/p>\n<p>Fedezze fel sz\u00e9les v\u00e1laszt\u00e9kunkat<br \/>\nAk\u00e1r tapasztalt kutat\u00f3, ak\u00e1r csak most kezdi, a 4-HO-DPT \u00fczlet\u00fcnk sz\u00e9les v\u00e1laszt\u00e9kot k\u00edn\u00e1l az \u00d6n egyedi ig\u00e9nyeinek kiel\u00e9g\u00edt\u00e9s\u00e9re. Az elad\u00e1sra k\u00edn\u00e1lt 4-HO-DPT-t\u0151l a t\u00f6bbi kapcsol\u00f3d\u00f3 term\u00e9kig arra t\u00f6reksz\u00fcnk, hogy v\u00e1ltozatos rakt\u00e1rk\u00e9szletet tartsunk fenn, hogy megfelelj\u00fcnk \u00e9rt\u00e9kes v\u00e1s\u00e1rl\u00f3ink \u200b\u200big\u00e9nyeinek.<\/p>\n<p>Jogos \u00e9s megb\u00edzhat\u00f3<br \/>\nBiztos lehet benne, hogy amikor 4-HO-DPT-t rendel az RCKopen-t\u0151l, j\u00f3 h\u00edr\u0171 forr\u00e1st v\u00e1laszt, amely elk\u00f6telezett a min\u0151s\u00e9g \u00e9s a megfelel\u0151s\u00e9g ir\u00e1nt. T\u00f6rv\u00e9nyes korl\u00e1tokon bel\u00fcl m\u0171k\u00f6d\u00fcnk, \u00e9s biztos\u00edtjuk, hogy gond n\u00e9lk\u00fcl leg\u00e1lisan v\u00e1s\u00e1rolhasson 4-HO-DPT-t.<\/p>\n<p>Glob\u00e1lis el\u00e9r\u00e9s, helyi szolg\u00e1ltat\u00e1s<br \/>\nAz Egyes\u00fclt Kir\u00e1lys\u00e1gban tal\u00e1lhat\u00f3 RCCopen k\u00e9nyelmes k\u00f6zpontk\u00e9nt m\u0171k\u00f6dik a kutat\u00f3k sz\u00e1m\u00e1ra szerte a vil\u00e1gon. F\u00fcggetlen\u00fcl att\u00f3l, hogy az Egyes\u00fclt Kir\u00e1lys\u00e1gban vagy k\u00fclf\u00f6ld\u00f6n tart\u00f3zkodik, platformunk lehet\u0151v\u00e9 teszi, hogy 4-HO-DPT-t v\u00e1s\u00e1roljon az Egyes\u00fclt Kir\u00e1lys\u00e1gban, \u00e9s k\u00f6zvetlen\u00fcl h\u00e1zhoz sz\u00e1ll\u00edthassa.<\/p>\n<p>Mindenki sz\u00e1m\u00e1ra el\u00e9rhet\u0151<br \/>\nAt RCKopen, we prioritise accessibility. You do not need a prescription to buy 4-HO-DPT without a prescription through our platform. We believe in empowering researchers and facilitating their efforts with ease.<\/p>\n<p>Jav\u00edtsa kutat\u00e1sait az RCKopen seg\u00edts\u00e9g\u00e9vel<br \/>\nN\u00f6velje kutat\u00e1si tapasztalatait az RCKopen seg\u00edts\u00e9g\u00e9vel, amely a 4-HO-DPT \u00e9s egyebek v\u00e9gs\u0151 c\u00e9lpontja. Fedezze fel felhaszn\u00e1l\u00f3bar\u00e1t weboldalunkat m\u00e9g ma, \u00e9s induljon bizalommal a felfedez\u00e9sbe. Fedezze fel a lehet\u0151s\u00e9geket, \u00e9s fokozza tudom\u00e1nyos felfedez\u00e9s\u00e9t pr\u00e9mium term\u00e9keinkkel \u00e9s kiv\u00e9teles szolg\u00e1ltat\u00e1sainkkal.<\/p>","protected":false},"excerpt":{"rendered":"<p><strong>IUPAC-n\u00e9v: <\/strong>4-hidroxi-N,N-dipropil-triptamin<\/p>\n<p><strong>Megjelen\u00e9s: <\/strong>por<\/p>\n<p><strong>NMR-elemz\u00e9s: <\/strong>N\/A<\/p>","protected":false},"featured_media":6949,"comment_status":"open","ping_status":"closed","template":"","meta":{"_joinchat":[]},"product_brand":[],"product_cat":[149],"product_tag":[],"class_list":{"0":"post-6772","1":"product","2":"type-product","3":"status-publish","4":"has-post-thumbnail","6":"product_cat-tryptaminen","8":"first","9":"instock","10":"shipping-taxable","11":"purchasable","12":"product-type-variable"},"yoast_head":"<!-- This site is optimized with the Yoast SEO plugin v26.3 - https:\/\/yoast.com\/wordpress\/plugins\/seo\/ -->\n<title>4-HO-DPT online kopen - 4-HO-DPT online te koop | RC kopen<\/title>\n<meta name=\"description\" content=\"Als je gepassioneerd bent door 4-ho-dpt, dan is onze winkel de beste plek om 4-ho-dpt online kopen. U kunt 4-ho-dpt te koop hebben tegen de laagste prijs. Bestel nu en ontvang hem binnenkort!\" \/>\n<meta name=\"robots\" content=\"index, follow, max-snippet:-1, max-image-preview:large, max-video-preview:-1\" \/>\n<link rel=\"canonical\" href=\"https:\/\/rckopen.com\/hu\/termek\/4-ho-dpt\/\" \/>\n<meta property=\"og:locale\" content=\"hu_HU\" \/>\n<meta property=\"og:type\" content=\"article\" \/>\n<meta property=\"og:title\" content=\"4-HO-DPT online kopen - 4-HO-DPT online te koop | RC kopen\" \/>\n<meta property=\"og:description\" content=\"Als je gepassioneerd bent door 4-ho-dpt, dan is onze winkel de beste plek om 4-ho-dpt online kopen. U kunt 4-ho-dpt te koop hebben tegen de laagste prijs. Bestel nu en ontvang hem binnenkort!\" \/>\n<meta property=\"og:url\" content=\"https:\/\/rckopen.com\/hu\/termek\/4-ho-dpt\/\" \/>\n<meta property=\"og:site_name\" content=\"RC Kopen\" \/>\n<meta property=\"article:modified_time\" content=\"2025-01-31T05:22:13+00:00\" \/>\n<meta property=\"og:image\" content=\"https:\/\/rckopen.com\/wp-content\/uploads\/2023\/08\/4-HO-DPT.jpg\" \/>\n\t<meta property=\"og:image:width\" content=\"600\" \/>\n\t<meta property=\"og:image:height\" content=\"600\" \/>\n\t<meta property=\"og:image:type\" content=\"image\/jpeg\" \/>\n<meta name=\"twitter:card\" content=\"summary_large_image\" \/>\n<meta name=\"twitter:label1\" content=\"Becs\u00fclt olvas\u00e1si id\u0151\" \/>\n\t<meta name=\"twitter:data1\" content=\"2 perc\" \/>\n<script type=\"application\/ld+json\" class=\"yoast-schema-graph\">{\"@context\":\"https:\/\/schema.org\",\"@graph\":[{\"@type\":\"WebPage\",\"@id\":\"https:\/\/rckopen.com\/product\/4-ho-dpt\/\",\"url\":\"https:\/\/rckopen.com\/product\/4-ho-dpt\/\",\"name\":\"4-HO-DPT online kopen - 4-HO-DPT online te koop | RC kopen\",\"isPartOf\":{\"@id\":\"https:\/\/rckopen.com\/#website\"},\"primaryImageOfPage\":{\"@id\":\"https:\/\/rckopen.com\/product\/4-ho-dpt\/#primaryimage\"},\"image\":{\"@id\":\"https:\/\/rckopen.com\/product\/4-ho-dpt\/#primaryimage\"},\"thumbnailUrl\":\"https:\/\/rckopen.com\/wp-content\/uploads\/2023\/08\/4-HO-DPT.jpg\",\"datePublished\":\"2023-08-17T11:08:31+00:00\",\"dateModified\":\"2025-01-31T05:22:13+00:00\",\"description\":\"Als je gepassioneerd bent door 4-ho-dpt, dan is onze winkel de beste plek om 4-ho-dpt online kopen. U kunt 4-ho-dpt te koop hebben tegen de laagste prijs. Bestel nu en ontvang hem binnenkort!\",\"breadcrumb\":{\"@id\":\"https:\/\/rckopen.com\/product\/4-ho-dpt\/#breadcrumb\"},\"inLanguage\":\"hu\",\"potentialAction\":[{\"@type\":\"ReadAction\",\"target\":[\"https:\/\/rckopen.com\/product\/4-ho-dpt\/\"]}]},{\"@type\":\"ImageObject\",\"inLanguage\":\"hu\",\"@id\":\"https:\/\/rckopen.com\/product\/4-ho-dpt\/#primaryimage\",\"url\":\"https:\/\/rckopen.com\/wp-content\/uploads\/2023\/08\/4-HO-DPT.jpg\",\"contentUrl\":\"https:\/\/rckopen.com\/wp-content\/uploads\/2023\/08\/4-HO-DPT.jpg\",\"width\":600,\"height\":600,\"caption\":\"4-HO-DPT online kopen\"},{\"@type\":\"BreadcrumbList\",\"@id\":\"https:\/\/rckopen.com\/product\/4-ho-dpt\/#breadcrumb\",\"itemListElement\":[{\"@type\":\"ListItem\",\"position\":1,\"name\":\"Home\",\"item\":\"https:\/\/rckopen.com\/\"},{\"@type\":\"ListItem\",\"position\":2,\"name\":\"Shop\",\"item\":\"https:\/\/rckopen.com\/shop\/\"},{\"@type\":\"ListItem\",\"position\":3,\"name\":\"4-HO-DPT online kopen\"}]},{\"@type\":\"WebSite\",\"@id\":\"https:\/\/rckopen.com\/#website\",\"url\":\"https:\/\/rckopen.com\/\",\"name\":\"RC Kopen\",\"description\":\"Research Chemicals\",\"potentialAction\":[{\"@type\":\"SearchAction\",\"target\":{\"@type\":\"EntryPoint\",\"urlTemplate\":\"https:\/\/rckopen.com\/?s={search_term_string}\"},\"query-input\":{\"@type\":\"PropertyValueSpecification\",\"valueRequired\":true,\"valueName\":\"search_term_string\"}}],\"inLanguage\":\"hu\"}]}<\/script>\n<!-- \/ Yoast SEO plugin. -->","yoast_head_json":{"title":"4-HO-DPT online kopen - 4-HO-DPT online te koop | RC kopen","description":"Als je gepassioneerd bent door 4-ho-dpt, dan is onze winkel de beste plek om 4-ho-dpt online kopen. U kunt 4-ho-dpt te koop hebben tegen de laagste prijs. Bestel nu en ontvang hem binnenkort!","robots":{"index":"index","follow":"follow","max-snippet":"max-snippet:-1","max-image-preview":"max-image-preview:large","max-video-preview":"max-video-preview:-1"},"canonical":"https:\/\/rckopen.com\/hu\/termek\/4-ho-dpt\/","og_locale":"hu_HU","og_type":"article","og_title":"4-HO-DPT online kopen - 4-HO-DPT online te koop | RC kopen","og_description":"Als je gepassioneerd bent door 4-ho-dpt, dan is onze winkel de beste plek om 4-ho-dpt online kopen. U kunt 4-ho-dpt te koop hebben tegen de laagste prijs. Bestel nu en ontvang hem binnenkort!","og_url":"https:\/\/rckopen.com\/hu\/termek\/4-ho-dpt\/","og_site_name":"RC Kopen","article_modified_time":"2025-01-31T05:22:13+00:00","og_image":[{"width":600,"height":600,"url":"https:\/\/rckopen.com\/wp-content\/uploads\/2023\/08\/4-HO-DPT.jpg","type":"image\/jpeg"}],"twitter_card":"summary_large_image","twitter_misc":{"Becs\u00fclt olvas\u00e1si id\u0151":"2 perc"},"schema":{"@context":"https:\/\/schema.org","@graph":[{"@type":"WebPage","@id":"https:\/\/rckopen.com\/product\/4-ho-dpt\/","url":"https:\/\/rckopen.com\/product\/4-ho-dpt\/","name":"4-HO-DPT online kopen - 4-HO-DPT online te koop | RC kopen","isPartOf":{"@id":"https:\/\/rckopen.com\/#website"},"primaryImageOfPage":{"@id":"https:\/\/rckopen.com\/product\/4-ho-dpt\/#primaryimage"},"image":{"@id":"https:\/\/rckopen.com\/product\/4-ho-dpt\/#primaryimage"},"thumbnailUrl":"https:\/\/rckopen.com\/wp-content\/uploads\/2023\/08\/4-HO-DPT.jpg","datePublished":"2023-08-17T11:08:31+00:00","dateModified":"2025-01-31T05:22:13+00:00","description":"Als je gepassioneerd bent door 4-ho-dpt, dan is onze winkel de beste plek om 4-ho-dpt online kopen. U kunt 4-ho-dpt te koop hebben tegen de laagste prijs. Bestel nu en ontvang hem binnenkort!","breadcrumb":{"@id":"https:\/\/rckopen.com\/product\/4-ho-dpt\/#breadcrumb"},"inLanguage":"hu","potentialAction":[{"@type":"ReadAction","target":["https:\/\/rckopen.com\/product\/4-ho-dpt\/"]}]},{"@type":"ImageObject","inLanguage":"hu","@id":"https:\/\/rckopen.com\/product\/4-ho-dpt\/#primaryimage","url":"https:\/\/rckopen.com\/wp-content\/uploads\/2023\/08\/4-HO-DPT.jpg","contentUrl":"https:\/\/rckopen.com\/wp-content\/uploads\/2023\/08\/4-HO-DPT.jpg","width":600,"height":600,"caption":"4-HO-DPT online kopen"},{"@type":"BreadcrumbList","@id":"https:\/\/rckopen.com\/product\/4-ho-dpt\/#breadcrumb","itemListElement":[{"@type":"ListItem","position":1,"name":"Home","item":"https:\/\/rckopen.com\/"},{"@type":"ListItem","position":2,"name":"Shop","item":"https:\/\/rckopen.com\/shop\/"},{"@type":"ListItem","position":3,"name":"4-HO-DPT online kopen"}]},{"@type":"WebSite","@id":"https:\/\/rckopen.com\/#website","url":"https:\/\/rckopen.com\/","name":"RC Kopen","description":"Research Chemicals","potentialAction":[{"@type":"SearchAction","target":{"@type":"EntryPoint","urlTemplate":"https:\/\/rckopen.com\/?s={search_term_string}"},"query-input":{"@type":"PropertyValueSpecification","valueRequired":true,"valueName":"search_term_string"}}],"inLanguage":"hu"}]}},"_links":{"self":[{"href":"https:\/\/rckopen.com\/hu\/wp-json\/wp\/v2\/product\/6772","targetHints":{"allow":["GET"]}}],"collection":[{"href":"https:\/\/rckopen.com\/hu\/wp-json\/wp\/v2\/product"}],"about":[{"href":"https:\/\/rckopen.com\/hu\/wp-json\/wp\/v2\/types\/product"}],"replies":[{"embeddable":true,"href":"https:\/\/rckopen.com\/hu\/wp-json\/wp\/v2\/comments?post=6772"}],"wp:featuredmedia":[{"embeddable":true,"href":"https:\/\/rckopen.com\/hu\/wp-json\/wp\/v2\/media\/6949"}],"wp:attachment":[{"href":"https:\/\/rckopen.com\/hu\/wp-json\/wp\/v2\/media?parent=6772"}],"wp:term":[{"taxonomy":"product_brand","embeddable":true,"href":"https:\/\/rckopen.com\/hu\/wp-json\/wp\/v2\/product_brand?post=6772"},{"taxonomy":"product_cat","embeddable":true,"href":"https:\/\/rckopen.com\/hu\/wp-json\/wp\/v2\/product_cat?post=6772"},{"taxonomy":"product_tag","embeddable":true,"href":"https:\/\/rckopen.com\/hu\/wp-json\/wp\/v2\/product_tag?post=6772"}],"curies":[{"name":"wp","href":"https:\/\/api.w.org\/{rel}","templated":true}]}}