{"id":6773,"date":"2023-08-17T11:12:29","date_gmt":"2023-08-17T11:12:29","guid":{"rendered":"https:\/\/diligentplug.com\/chems\/?post_type=product&#038;p=6773"},"modified":"2025-01-31T05:29:02","modified_gmt":"2025-01-31T05:29:02","slug":"4-ho-mipt","status":"publish","type":"product","link":"https:\/\/rckopen.com\/hu\/termek\/4-ho-mipt\/","title":{"rendered":"4-HO-MiPT online kopen"},"content":{"rendered":"<h2>Bestel hoogwaardige 4-HO-MiPT online kopen bij RCKopen<\/h2>\n<p>\u00dcdv\u00f6z\u00f6lj\u00fck <a href=\"https:\/\/rckopen.com\/hu\/\">Rckopen.com<\/a>, az els\u0151 sz\u00e1m\u00fa c\u00e9lpont a kiv\u00e1l\u00f3 min\u0151s\u00e9g\u0171 4-HO-MiPT kapcsolatok online el\u00e9r\u00e9s\u00e9hez. A kiv\u00e1l\u00f3s\u00e1g ir\u00e1nti elk\u00f6telezetts\u00e9g\u00fcnkkel megb\u00edzhat\u00f3 platformot biztos\u00edtunk a kutat\u00f3knak \u00e9s a rajong\u00f3knak <a href=\"https:\/\/rckopen.com\/hu\/termek\/4-ho-mipt\/\">4-HO-MiPT<\/a> leg\u00e1lis \u00e9s biztons\u00e1gos v\u00e1s\u00e1rl\u00e1s. Kiterjedt 4-HO-MiPT \u00fczlet\u00fcnk a neves besz\u00e1ll\u00edt\u00f3kt\u00f3l sz\u00e1rmaz\u00f3 term\u00e9kek v\u00e1ltozatos v\u00e1laszt\u00e9k\u00e1t k\u00edn\u00e1lja, kompromisszumok n\u00e9lk\u00fcli min\u0151s\u00e9get \u00e9s tisztas\u00e1got biztos\u00edtva. Ak\u00e1r az Egyes\u00fclt Kir\u00e1lys\u00e1gban, ak\u00e1r k\u00fclf\u00f6ld\u00f6n tart\u00f3zkodik, k\u00e9nyelmes rendel\u00e9si folyamatunknak k\u00f6sz\u00f6nhet\u0151en v\u00e9ny n\u00e9lk\u00fcl is megv\u00e1s\u00e1rolhatja a 4-HO-MiPT-t. Tapasztalja meg az RCKopen k\u00e9nyelm\u00e9t, megb\u00edzhat\u00f3s\u00e1g\u00e1t \u00e9s kiv\u00e1l\u00f3s\u00e1g\u00e1t, amikor elkezdi kutat\u00e1si \u00fatj\u00e1t.<\/p>\n<p>Azt keresi, hol v\u00e1s\u00e1rolhat 4-HO-MiPT-t online? Ne keressen tov\u00e1bb! Az RCKopenn\u00e9l a 4-HO-MiPT pr\u00e9mium v\u00e1laszt\u00e9k\u00e1t k\u00edn\u00e1ljuk elad\u00e1sra. Ak\u00e1r kutat\u00f3, ak\u00e1r rajong\u00f3, k\u00e9nyelmes platformot biztos\u00edtunk a 4-HO-MiPT leg\u00e1lis \u00e9s biztons\u00e1gos megrendel\u00e9s\u00e9hez.<\/p>\n<p>Fedezze fel sz\u00e9lesk\u00f6r\u0171 4-HO-MiPT \u00fczlet\u00fcnket<br \/>\nOnze <a href=\"https:\/\/en.wikipedia.org\/wiki\/4-MeO-MiPT\">4-HO-MiPT<\/a>-bolt kiv\u00e1l\u00f3 min\u0151s\u00e9g\u0171 term\u00e9keket k\u00edn\u00e1l neves besz\u00e1ll\u00edt\u00f3kt\u00f3l. Meg\u00e9rtj\u00fck a min\u0151s\u00e9g \u00e9s a tisztas\u00e1g fontoss\u00e1g\u00e1t, ez\u00e9rt biztos\u00edtjuk, hogy minden term\u00e9k\u00fcnk megfeleljen a szigor\u00fa szabv\u00e1nyoknak.<\/p>\n<p>K\u00e9nyelmes \u00e9s megb\u00edzhat\u00f3 szolg\u00e1ltat\u00e1s<br \/>\n\u901a\u8fc7 RCKopen \u5728\u82f1\u56fd\u8d2d\u4e70 4-HO-MiPT \u975e\u5e38\u8f7b\u677e\u3002\u60a8\u53ef\u4ee5\u5728\u7ebf\u8d2d\u4e70 4-HO-MiPT\uff0c\u65e0\u9700\u5904\u65b9\uff0c\u4ece\u800c\u8282\u7701\u65f6\u95f4\u548c\u9ebb\u70e6\u3002\u6211\u4eec\u7528\u6237\u53cb\u597d\u7684\u7f51\u7ad9\u4f7f\u8ba2\u8d2d\u8fc7\u7a0b\u53d8\u5f97\u65e0\u7f1d\uff0c\u6211\u4eec\u4e13\u95e8\u7684\u5ba2\u6237\u670d\u52a1\u56e2\u961f\u968f\u65f6\u4e3a\u60a8\u63d0\u4f9b\u5e2e\u52a9\u3002<\/p>\n<h3>Mi\u00e9rt v\u00e1lassza az RCKopen-t a 4-HO-MiPT ig\u00e9nyeihez?<\/h3>\n<p>Sz\u00e9les v\u00e1laszt\u00e9k: A 4-HO-MiPT term\u00e9kek sz\u00e9les v\u00e1laszt\u00e9k\u00e1t k\u00edn\u00e1ljuk a k\u00fcl\u00f6nb\u00f6z\u0151 kutat\u00e1si ig\u00e9nyek kiel\u00e9g\u00edt\u00e9s\u00e9re.<\/p>\n<p>Min\u0151s\u00e9gbiztos\u00edt\u00e1s: A min\u0151s\u00e9g ir\u00e1nti elk\u00f6telezetts\u00e9g\u00fcnk biztos\u00edtja, hogy \u00d6n csak a legjobb 4-HO-MiPT vegy\u00fcleteket kapja.<\/p>\n<p>Biztons\u00e1gos tranzakci\u00f3k: az \u00d6n biztons\u00e1ga \u00e9s mag\u00e1n\u00e9lete a legfontosabb priorit\u00e1sunk. Er\u0151s biztons\u00e1gi int\u00e9zked\u00e9seket alkalmazunk az \u00d6n adatainak v\u00e9delme \u00e9rdek\u00e9ben.<br \/>\nGyors sz\u00e1ll\u00edt\u00e1s: \u00c9lvezze a 4-HO-MiPT megrendel\u00e9s\u00e9nek gyors kisz\u00e1ll\u00edt\u00e1s\u00e1t, \u00edgy azonnal elkezdheti a kutat\u00e1st.<br \/>\nRendeljen m\u00e9g ma<\/p>\n<p>K\u00e9szen \u00e1ll a 4-HO-MiPT v\u00e1s\u00e1rl\u00e1s\u00e1ra az Egyes\u00fclt Kir\u00e1lys\u00e1gban? Fedezze fel webhely\u00fcnket most, \u00e9s fedezze fel az RCKopen v\u00e1s\u00e1rl\u00e1s k\u00e9nyelm\u00e9t. Z\u00f6kken\u0151mentes rendel\u00e9si folyamatunkkal \u00e9s megb\u00edzhat\u00f3 szolg\u00e1ltat\u00e1sunkkal megb\u00edzhat benn\u00fcnk, hogy minden 4-HO-MiPT-ig\u00e9ny\u00e9t kiel\u00e9g\u00edtj\u00fck. Tapasztalja meg a k\u00fcl\u00f6nbs\u00e9get az RCKopen seg\u00edts\u00e9g\u00e9vel m\u00e9g ma!<\/p>\n<h3>Maradjon t\u00e1j\u00e9kozott az RCKopen seg\u00edts\u00e9g\u00e9vel<\/h3>\n<p>Az RCKopen t\u00f6bb mint egy 4-HO-MiPT besz\u00e1ll\u00edt\u00f3; mi egy tud\u00e1sk\u00f6zpont vagyunk a kutat\u00f3k \u00e9s a rajong\u00f3k sz\u00e1m\u00e1ra egyar\u00e1nt. L\u00e1togasson el blogr\u00e9szleg\u00fcnkbe, ahol informat\u00edv cikkeket, kutat\u00e1si friss\u00edt\u00e9seket \u00e9s k\u00f6z\u00f6ss\u00e9gi betekint\u00e9st tal\u00e1l. Maradjon az \u00e9len az RCKopen seg\u00edts\u00e9g\u00e9vel!<\/p>","protected":false},"excerpt":{"rendered":"<p>Bestel hoogwaardige 4-HO-MiPT online kopen bij RCKopen Welkom bij Rckopen.com, uw belangrijkste bestemming voor online toegang tot 4-HO-MiPT-verbindingen van topkwaliteit. Met een streven naar uitmuntendheid bieden we onderzoekers en enthousiastelingen een vertrouwd platform om 4-HO-MiPT legaal en veilig te koop. Onze uitgebreide 4-HO-MiPT-winkel biedt een gevarieerde selectie producten afkomstig van<\/p>","protected":false},"featured_media":6952,"comment_status":"open","ping_status":"closed","template":"","meta":{"_joinchat":[]},"product_brand":[],"product_cat":[149],"product_tag":[],"class_list":{"0":"post-6773","1":"product","2":"type-product","3":"status-publish","4":"has-post-thumbnail","6":"product_cat-tryptaminen","8":"first","9":"instock","10":"shipping-taxable","11":"purchasable","12":"product-type-variable"},"yoast_head":"<!-- This site is optimized with the Yoast SEO plugin v26.3 - https:\/\/yoast.com\/wordpress\/plugins\/seo\/ -->\n<title>4-HO-MIPT online kopen - 4-HO-MIPT te koop | RC Kopen<\/title>\n<meta name=\"description\" content=\"Uw bestelling voor 4-ho-mipt te koop is onze verantwoordelijkheid. Wij zullen uw bestelling voor de aankoop van 4-ho-mipt online kopen in overweging nemen en u binnen korte tijd bereiken. Plaats nu bulkbestellingen!\" \/>\n<meta name=\"robots\" content=\"index, follow, max-snippet:-1, max-image-preview:large, max-video-preview:-1\" \/>\n<link rel=\"canonical\" href=\"https:\/\/rckopen.com\/hu\/termek\/4-ho-mipt\/\" \/>\n<meta property=\"og:locale\" content=\"hu_HU\" \/>\n<meta property=\"og:type\" content=\"article\" \/>\n<meta property=\"og:title\" content=\"4-HO-MIPT online kopen - 4-HO-MIPT te koop | RC Kopen\" \/>\n<meta property=\"og:description\" content=\"Uw bestelling voor 4-ho-mipt te koop is onze verantwoordelijkheid. Wij zullen uw bestelling voor de aankoop van 4-ho-mipt online kopen in overweging nemen en u binnen korte tijd bereiken. Plaats nu bulkbestellingen!\" \/>\n<meta property=\"og:url\" content=\"https:\/\/rckopen.com\/hu\/termek\/4-ho-mipt\/\" \/>\n<meta property=\"og:site_name\" content=\"RC Kopen\" \/>\n<meta property=\"article:modified_time\" content=\"2025-01-31T05:29:02+00:00\" \/>\n<meta property=\"og:image\" content=\"https:\/\/rckopen.com\/wp-content\/uploads\/2023\/08\/4-HO-MiPT-2.jpg\" \/>\n\t<meta property=\"og:image:width\" content=\"600\" \/>\n\t<meta property=\"og:image:height\" content=\"600\" \/>\n\t<meta property=\"og:image:type\" content=\"image\/jpeg\" \/>\n<meta name=\"twitter:card\" content=\"summary_large_image\" \/>\n<meta name=\"twitter:label1\" content=\"Becs\u00fclt olvas\u00e1si id\u0151\" \/>\n\t<meta name=\"twitter:data1\" content=\"2 perc\" \/>\n<script type=\"application\/ld+json\" class=\"yoast-schema-graph\">{\"@context\":\"https:\/\/schema.org\",\"@graph\":[{\"@type\":\"WebPage\",\"@id\":\"https:\/\/rckopen.com\/product\/4-ho-mipt\/\",\"url\":\"https:\/\/rckopen.com\/product\/4-ho-mipt\/\",\"name\":\"4-HO-MIPT online kopen - 4-HO-MIPT te koop | RC Kopen\",\"isPartOf\":{\"@id\":\"https:\/\/rckopen.com\/#website\"},\"primaryImageOfPage\":{\"@id\":\"https:\/\/rckopen.com\/product\/4-ho-mipt\/#primaryimage\"},\"image\":{\"@id\":\"https:\/\/rckopen.com\/product\/4-ho-mipt\/#primaryimage\"},\"thumbnailUrl\":\"https:\/\/rckopen.com\/wp-content\/uploads\/2023\/08\/4-HO-MiPT-2.jpg\",\"datePublished\":\"2023-08-17T11:12:29+00:00\",\"dateModified\":\"2025-01-31T05:29:02+00:00\",\"description\":\"Uw bestelling voor 4-ho-mipt te koop is onze verantwoordelijkheid. Wij zullen uw bestelling voor de aankoop van 4-ho-mipt online kopen in overweging nemen en u binnen korte tijd bereiken. Plaats nu bulkbestellingen!\",\"breadcrumb\":{\"@id\":\"https:\/\/rckopen.com\/product\/4-ho-mipt\/#breadcrumb\"},\"inLanguage\":\"hu\",\"potentialAction\":[{\"@type\":\"ReadAction\",\"target\":[\"https:\/\/rckopen.com\/product\/4-ho-mipt\/\"]}]},{\"@type\":\"ImageObject\",\"inLanguage\":\"hu\",\"@id\":\"https:\/\/rckopen.com\/product\/4-ho-mipt\/#primaryimage\",\"url\":\"https:\/\/rckopen.com\/wp-content\/uploads\/2023\/08\/4-HO-MiPT-2.jpg\",\"contentUrl\":\"https:\/\/rckopen.com\/wp-content\/uploads\/2023\/08\/4-HO-MiPT-2.jpg\",\"width\":600,\"height\":600,\"caption\":\"4-HO-MiPT online kopen\"},{\"@type\":\"BreadcrumbList\",\"@id\":\"https:\/\/rckopen.com\/product\/4-ho-mipt\/#breadcrumb\",\"itemListElement\":[{\"@type\":\"ListItem\",\"position\":1,\"name\":\"Home\",\"item\":\"https:\/\/rckopen.com\/\"},{\"@type\":\"ListItem\",\"position\":2,\"name\":\"Shop\",\"item\":\"https:\/\/rckopen.com\/shop\/\"},{\"@type\":\"ListItem\",\"position\":3,\"name\":\"4-HO-MiPT online kopen\"}]},{\"@type\":\"WebSite\",\"@id\":\"https:\/\/rckopen.com\/#website\",\"url\":\"https:\/\/rckopen.com\/\",\"name\":\"RC Kopen\",\"description\":\"Research Chemicals\",\"potentialAction\":[{\"@type\":\"SearchAction\",\"target\":{\"@type\":\"EntryPoint\",\"urlTemplate\":\"https:\/\/rckopen.com\/?s={search_term_string}\"},\"query-input\":{\"@type\":\"PropertyValueSpecification\",\"valueRequired\":true,\"valueName\":\"search_term_string\"}}],\"inLanguage\":\"hu\"}]}<\/script>\n<!-- \/ Yoast SEO plugin. -->","yoast_head_json":{"title":"4-HO-MIPT online kopen - 4-HO-MIPT te koop | RC Kopen","description":"Uw bestelling voor 4-ho-mipt te koop is onze verantwoordelijkheid. Wij zullen uw bestelling voor de aankoop van 4-ho-mipt online kopen in overweging nemen en u binnen korte tijd bereiken. Plaats nu bulkbestellingen!","robots":{"index":"index","follow":"follow","max-snippet":"max-snippet:-1","max-image-preview":"max-image-preview:large","max-video-preview":"max-video-preview:-1"},"canonical":"https:\/\/rckopen.com\/hu\/termek\/4-ho-mipt\/","og_locale":"hu_HU","og_type":"article","og_title":"4-HO-MIPT online kopen - 4-HO-MIPT te koop | RC Kopen","og_description":"Uw bestelling voor 4-ho-mipt te koop is onze verantwoordelijkheid. Wij zullen uw bestelling voor de aankoop van 4-ho-mipt online kopen in overweging nemen en u binnen korte tijd bereiken. Plaats nu bulkbestellingen!","og_url":"https:\/\/rckopen.com\/hu\/termek\/4-ho-mipt\/","og_site_name":"RC Kopen","article_modified_time":"2025-01-31T05:29:02+00:00","og_image":[{"width":600,"height":600,"url":"https:\/\/rckopen.com\/wp-content\/uploads\/2023\/08\/4-HO-MiPT-2.jpg","type":"image\/jpeg"}],"twitter_card":"summary_large_image","twitter_misc":{"Becs\u00fclt olvas\u00e1si id\u0151":"2 perc"},"schema":{"@context":"https:\/\/schema.org","@graph":[{"@type":"WebPage","@id":"https:\/\/rckopen.com\/product\/4-ho-mipt\/","url":"https:\/\/rckopen.com\/product\/4-ho-mipt\/","name":"4-HO-MIPT online kopen - 4-HO-MIPT te koop | RC Kopen","isPartOf":{"@id":"https:\/\/rckopen.com\/#website"},"primaryImageOfPage":{"@id":"https:\/\/rckopen.com\/product\/4-ho-mipt\/#primaryimage"},"image":{"@id":"https:\/\/rckopen.com\/product\/4-ho-mipt\/#primaryimage"},"thumbnailUrl":"https:\/\/rckopen.com\/wp-content\/uploads\/2023\/08\/4-HO-MiPT-2.jpg","datePublished":"2023-08-17T11:12:29+00:00","dateModified":"2025-01-31T05:29:02+00:00","description":"Uw bestelling voor 4-ho-mipt te koop is onze verantwoordelijkheid. Wij zullen uw bestelling voor de aankoop van 4-ho-mipt online kopen in overweging nemen en u binnen korte tijd bereiken. Plaats nu bulkbestellingen!","breadcrumb":{"@id":"https:\/\/rckopen.com\/product\/4-ho-mipt\/#breadcrumb"},"inLanguage":"hu","potentialAction":[{"@type":"ReadAction","target":["https:\/\/rckopen.com\/product\/4-ho-mipt\/"]}]},{"@type":"ImageObject","inLanguage":"hu","@id":"https:\/\/rckopen.com\/product\/4-ho-mipt\/#primaryimage","url":"https:\/\/rckopen.com\/wp-content\/uploads\/2023\/08\/4-HO-MiPT-2.jpg","contentUrl":"https:\/\/rckopen.com\/wp-content\/uploads\/2023\/08\/4-HO-MiPT-2.jpg","width":600,"height":600,"caption":"4-HO-MiPT online kopen"},{"@type":"BreadcrumbList","@id":"https:\/\/rckopen.com\/product\/4-ho-mipt\/#breadcrumb","itemListElement":[{"@type":"ListItem","position":1,"name":"Home","item":"https:\/\/rckopen.com\/"},{"@type":"ListItem","position":2,"name":"Shop","item":"https:\/\/rckopen.com\/shop\/"},{"@type":"ListItem","position":3,"name":"4-HO-MiPT online kopen"}]},{"@type":"WebSite","@id":"https:\/\/rckopen.com\/#website","url":"https:\/\/rckopen.com\/","name":"RC Kopen","description":"Research Chemicals","potentialAction":[{"@type":"SearchAction","target":{"@type":"EntryPoint","urlTemplate":"https:\/\/rckopen.com\/?s={search_term_string}"},"query-input":{"@type":"PropertyValueSpecification","valueRequired":true,"valueName":"search_term_string"}}],"inLanguage":"hu"}]}},"_links":{"self":[{"href":"https:\/\/rckopen.com\/hu\/wp-json\/wp\/v2\/product\/6773","targetHints":{"allow":["GET"]}}],"collection":[{"href":"https:\/\/rckopen.com\/hu\/wp-json\/wp\/v2\/product"}],"about":[{"href":"https:\/\/rckopen.com\/hu\/wp-json\/wp\/v2\/types\/product"}],"replies":[{"embeddable":true,"href":"https:\/\/rckopen.com\/hu\/wp-json\/wp\/v2\/comments?post=6773"}],"wp:featuredmedia":[{"embeddable":true,"href":"https:\/\/rckopen.com\/hu\/wp-json\/wp\/v2\/media\/6952"}],"wp:attachment":[{"href":"https:\/\/rckopen.com\/hu\/wp-json\/wp\/v2\/media?parent=6773"}],"wp:term":[{"taxonomy":"product_brand","embeddable":true,"href":"https:\/\/rckopen.com\/hu\/wp-json\/wp\/v2\/product_brand?post=6773"},{"taxonomy":"product_cat","embeddable":true,"href":"https:\/\/rckopen.com\/hu\/wp-json\/wp\/v2\/product_cat?post=6773"},{"taxonomy":"product_tag","embeddable":true,"href":"https:\/\/rckopen.com\/hu\/wp-json\/wp\/v2\/product_tag?post=6773"}],"curies":[{"name":"wp","href":"https:\/\/api.w.org\/{rel}","templated":true}]}}