{"id":6776,"date":"2023-08-17T11:34:04","date_gmt":"2023-08-17T11:34:04","guid":{"rendered":"https:\/\/diligentplug.com\/chems\/?post_type=product&#038;p=6776"},"modified":"2025-01-31T09:49:36","modified_gmt":"2025-01-31T09:49:36","slug":"4f-pihp","status":"publish","type":"product","link":"https:\/\/rckopen.com\/hu\/termek\/4f-pihp\/","title":{"rendered":"V\u00e1s\u00e1roljon 4F-PiHp-t online"},"content":{"rendered":"<h2>METEEN 4F-PHP CRYSTAL ONLINE KOPEN BIJ RCKOPEN<a href=\"https:\/\/en.wikipedia.org\/wiki\/4F-PHP\">!<\/a><\/h2>\n<p><a href=\"https:\/\/rckopen.com\/hu\/termek\/4f-pihp\/\">V\u00e1s\u00e1roljon 4F-PIHP-t online,<\/a> hallott\u00e1l m\u00e1r a 4F-PHP krist\u00e1lyr\u00f3l? Ez egy er\u0151s \u00e9s sokoldal\u00fa k\u00e9miai vegy\u00fclet, amely sz\u00e1mos alkalmaz\u00e1ssal rendelkezik. Az elad\u00f3 4F-PHP Crystal seg\u00edts\u00e9g\u00e9vel csod\u00e1latos dolgokat m\u0171velhetsz, \u00e9s val\u00f3ra v\u00e1lthatod \u00e1lmaidat. L\u00e1ssuk, mire k\u00e9pes a 4F-PHP Crystal<a href=\"https:\/\/rckopen.com\/hu\/termek\/metizolam\/\">.<\/a><\/p>\n<h2>MI\u00c9RT \u00c9RDEMES 4F-PHP KRIST\u00c1LYPORT V\u00c1S\u00c1ROLNI?<\/h2>\n<p>Az A-PiHP megrendel\u00e9s\u00e9hez el\u0151sz\u00f6r is meg kell \u00e9rtenie, hogy ez a term\u00e9k egy olyan kutat\u00e1si anyag, amely az elm\u00falt \u00e9vekben nagyon n\u00e9pszer\u0171v\u00e9 v\u00e1lt a tudom\u00e1nyos k\u00f6z\u00f6ss\u00e9g k\u00f6r\u00e9ben. Ez egyfajta szintetikus stimul\u00e1ns, amely egyed\u00fcl\u00e1ll\u00f3 tulajdons\u00e1gair\u00f3l \u00e9s hat\u00e1sair\u00f3l ismert. Az al\u00e1bbiakban t\u00f6bbet megtudhat az A-PiHP k\u00e9mi\u00e1j\u00e1r\u00f3l, az elm\u00e9ben kifejtett hat\u00e1sair\u00f3l \u00e9s az azt haszn\u00e1l\u00f3k szubjekt\u00edv tapasztalatair\u00f3l.<\/p>\n<h2>A-PiHP m\u0171k\u00f6d\u00e9s<\/h2>\n<p><a href=\"https:\/\/pubchem.ncbi.nlm.nih.gov\/compound\/4F-alpha-Phip-hydrochloride\">4F-PIHP<\/a> elad\u00f3 egy szintetikus molekula, amely a katinon vegy\u00fcletoszt\u00e1lyba tartozik. Szerkezetileg hasonl\u00f3 m\u00e1s n\u00e9pszer\u0171 stimul\u00e1nsokhoz, p\u00e9ld\u00e1ul az amfetaminokhoz, \u00e9s hasonl\u00f3 hat\u00e1smechanizmussal rendelkezik. Az A-PiHP pontos hat\u00e1smechanizmusa jelenleg nem teljesen ismert, de \u00fagy gondolj\u00e1k, hogy fokozza a neurotranszmitterek, p\u00e9ld\u00e1ul a dopamin \u00e9s a noradrenalin felszabadul\u00e1s\u00e1t. <a href=\"https:\/\/rckopen.com\/hu\/\">RCKOpen.com<\/a><\/p>\n<h3>A-PiHP hat\u00e1sai<\/h3>\n<p>Az A-PiHP egy olyan stimul\u00e1ns, amelyr\u0151l ismert, hogy sz\u00e1mos hat\u00e1st gyakorol az emberre. Ezek a hat\u00e1sok k\u00f6z\u00e9 tartozik a fokozott \u00e9bers\u00e9g, energia \u00e9s motiv\u00e1ci\u00f3. Emellett javulhat a f\u00f3kusz, a koncentr\u00e1ci\u00f3 \u00e9s a kognit\u00edv teljes\u00edtm\u00e9ny. Azonban olyan mell\u00e9khat\u00e1sokat is okozhat, mint az idegess\u00e9g, a szorong\u00e1s \u00e9s a megn\u00f6vekedett pulzussz\u00e1m v\u00e1s\u00e1rl\u00e1s 4F-PIHP.<\/p>\n<h3>A-PiHP tapasztalatok<\/h3>\n<p>Az A-PiHP-t haszn\u00e1l\u00f3k szubjekt\u00edv tapasztalatai igen elt\u00e9r\u0151ek. Egyes felhaszn\u00e1l\u00f3k online besz\u00e1mol\u00f3kban euf\u00f3ria\u00e9rz\u00e9sr\u0151l, megn\u00f6vekedett energi\u00e1r\u00f3l \u00e9s javul\u00f3 kognit\u00edv teljes\u00edtm\u00e9nyr\u0151l sz\u00e1molnak be. M\u00e1sok arr\u00f3l sz\u00e1molnak be, hogy szoronganak, idegesek vagy nagy alv\u00e1si neh\u00e9zs\u00e9gekkel k\u00fczdenek. Fontos megjegyezni, hogy az A-PiHP-re adott egy\u00e9ni reakci\u00f3k nagyon v\u00e1ltoz\u00f3ak lehetnek, \u00e9s az anyagot ebben az esetben \u00f3vatosan kell haszn\u00e1lni.<\/p>\n<h4>V\u00e1s\u00e1roljon A-PiHP-t online<\/h4>\n<p>V\u00e1s\u00e1rolja meg a legjobb min\u0151s\u00e9g\u0171 A-PiHP-t online az rckopen.com oldalon. 17:30 el\u0151tt rendelt, holnap k\u00e9zbes\u00edtj\u00fck! Mindent megtesz\u00fcnk annak \u00e9rdek\u00e9ben, hogy term\u00e9keink a lehet\u0151 leggyorsabban eljussanak \u00d6nh\u00f6z. Az iDEAL-lal egyszer\u0171en \u00e9s biztons\u00e1gosan fizethet, ahogy azt m\u00e1s web\u00e1ruh\u00e1zakn\u00e1l megszokhatta.<\/p>\n<p>A 4-Fluoroalfa-PHP (4F-PHP) egy rekre\u00e1ci\u00f3s drog, amely mag\u00e1ban foglalja az \u03b1-PHP, 3F-PVP, 3F-NEH, 3F-PHP, 3F-PiHP, 3F-PiHP, 4F-PVP, 4Cl-PVP, 4-Cl-PVP, 4-Cl -PHP,<br \/>\n4F-POP, MFPVP, MDPHP, N-etilhexedron, N-etilhexilon.<\/p>","protected":false},"excerpt":{"rendered":"<p><strong>IUPAC-n\u00e9v: <\/strong>1-(4-fluorofenil)-4-metil-2-(pirrolidin-1-il)pent\u00e1n-1-on, monohidroklorid<\/p>\n<p><strong>M\u00e1sik n\u00e9v: <\/strong>4-fluoro-\u03b1-PiHP<\/p>\n<p><strong>Forma: <\/strong>krist\u00e1lyos szil\u00e1rd anyag<\/p>\n<p><strong>NMR-elemz\u00e9s: <\/strong>C16H22FNO - HCl<\/p>","protected":false},"featured_media":7659,"comment_status":"open","ping_status":"closed","template":"","meta":{"_joinchat":[]},"product_brand":[],"product_cat":[134],"product_tag":[],"class_list":{"0":"post-6776","1":"product","2":"type-product","3":"status-publish","4":"has-post-thumbnail","6":"product_cat-cathinon","8":"first","9":"instock","10":"shipping-taxable","11":"purchasable","12":"product-type-variable"},"yoast_head":"<!-- This site is optimized with the Yoast SEO plugin v26.3 - https:\/\/yoast.com\/wordpress\/plugins\/seo\/ -->\n<title>4F-PIHP online kopen - 4F-PIHP te koop | Rckopen<\/title>\n<meta name=\"description\" content=\"4F-PIHP te koop tegen goedkope prijzen. Onze online RcKopen-winkel verkoopt wereldwijd 4F-PIHP. Bestel binnenkort om 4F-PIHP online te kopen.\" \/>\n<meta name=\"robots\" content=\"index, follow, max-snippet:-1, max-image-preview:large, max-video-preview:-1\" \/>\n<link rel=\"canonical\" href=\"https:\/\/rckopen.com\/hu\/termek\/4f-pihp\/\" \/>\n<meta property=\"og:locale\" content=\"hu_HU\" \/>\n<meta property=\"og:type\" content=\"article\" \/>\n<meta property=\"og:title\" content=\"4F-PIHP online kopen - 4F-PIHP te koop | Rckopen\" \/>\n<meta property=\"og:description\" content=\"4F-PIHP te koop tegen goedkope prijzen. Onze online RcKopen-winkel verkoopt wereldwijd 4F-PIHP. Bestel binnenkort om 4F-PIHP online te kopen.\" \/>\n<meta property=\"og:url\" content=\"https:\/\/rckopen.com\/hu\/termek\/4f-pihp\/\" \/>\n<meta property=\"og:site_name\" content=\"RC Kopen\" \/>\n<meta property=\"article:modified_time\" content=\"2025-01-31T09:49:36+00:00\" \/>\n<meta property=\"og:image\" content=\"https:\/\/rckopen.com\/wp-content\/uploads\/2023\/08\/4f-Pihp-1.jpg\" \/>\n\t<meta property=\"og:image:width\" content=\"600\" \/>\n\t<meta property=\"og:image:height\" content=\"600\" \/>\n\t<meta property=\"og:image:type\" content=\"image\/jpeg\" \/>\n<meta name=\"twitter:card\" content=\"summary_large_image\" \/>\n<meta name=\"twitter:label1\" content=\"Becs\u00fclt olvas\u00e1si id\u0151\" \/>\n\t<meta name=\"twitter:data1\" content=\"2 perc\" \/>\n<script type=\"application\/ld+json\" class=\"yoast-schema-graph\">{\"@context\":\"https:\/\/schema.org\",\"@graph\":[{\"@type\":\"WebPage\",\"@id\":\"https:\/\/rckopen.com\/product\/4f-pihp\/\",\"url\":\"https:\/\/rckopen.com\/product\/4f-pihp\/\",\"name\":\"4F-PIHP online kopen - 4F-PIHP te koop | Rckopen\",\"isPartOf\":{\"@id\":\"https:\/\/rckopen.com\/#website\"},\"primaryImageOfPage\":{\"@id\":\"https:\/\/rckopen.com\/product\/4f-pihp\/#primaryimage\"},\"image\":{\"@id\":\"https:\/\/rckopen.com\/product\/4f-pihp\/#primaryimage\"},\"thumbnailUrl\":\"https:\/\/rckopen.com\/wp-content\/uploads\/2023\/08\/4f-Pihp-1.jpg\",\"datePublished\":\"2023-08-17T11:34:04+00:00\",\"dateModified\":\"2025-01-31T09:49:36+00:00\",\"description\":\"4F-PIHP te koop tegen goedkope prijzen. Onze online RcKopen-winkel verkoopt wereldwijd 4F-PIHP. Bestel binnenkort om 4F-PIHP online te kopen.\",\"breadcrumb\":{\"@id\":\"https:\/\/rckopen.com\/product\/4f-pihp\/#breadcrumb\"},\"inLanguage\":\"hu\",\"potentialAction\":[{\"@type\":\"ReadAction\",\"target\":[\"https:\/\/rckopen.com\/product\/4f-pihp\/\"]}]},{\"@type\":\"ImageObject\",\"inLanguage\":\"hu\",\"@id\":\"https:\/\/rckopen.com\/product\/4f-pihp\/#primaryimage\",\"url\":\"https:\/\/rckopen.com\/wp-content\/uploads\/2023\/08\/4f-Pihp-1.jpg\",\"contentUrl\":\"https:\/\/rckopen.com\/wp-content\/uploads\/2023\/08\/4f-Pihp-1.jpg\",\"width\":600,\"height\":600,\"caption\":\"4f-Pihp online kopen\"},{\"@type\":\"BreadcrumbList\",\"@id\":\"https:\/\/rckopen.com\/product\/4f-pihp\/#breadcrumb\",\"itemListElement\":[{\"@type\":\"ListItem\",\"position\":1,\"name\":\"Home\",\"item\":\"https:\/\/rckopen.com\/\"},{\"@type\":\"ListItem\",\"position\":2,\"name\":\"Shop\",\"item\":\"https:\/\/rckopen.com\/shop\/\"},{\"@type\":\"ListItem\",\"position\":3,\"name\":\"4F-PiHp online kopen\"}]},{\"@type\":\"WebSite\",\"@id\":\"https:\/\/rckopen.com\/#website\",\"url\":\"https:\/\/rckopen.com\/\",\"name\":\"RC Kopen\",\"description\":\"Research Chemicals\",\"potentialAction\":[{\"@type\":\"SearchAction\",\"target\":{\"@type\":\"EntryPoint\",\"urlTemplate\":\"https:\/\/rckopen.com\/?s={search_term_string}\"},\"query-input\":{\"@type\":\"PropertyValueSpecification\",\"valueRequired\":true,\"valueName\":\"search_term_string\"}}],\"inLanguage\":\"hu\"}]}<\/script>\n<!-- \/ Yoast SEO plugin. -->","yoast_head_json":{"title":"4F-PIHP online kopen - 4F-PIHP te koop | Rckopen","description":"4F-PIHP te koop tegen goedkope prijzen. Onze online RcKopen-winkel verkoopt wereldwijd 4F-PIHP. Bestel binnenkort om 4F-PIHP online te kopen.","robots":{"index":"index","follow":"follow","max-snippet":"max-snippet:-1","max-image-preview":"max-image-preview:large","max-video-preview":"max-video-preview:-1"},"canonical":"https:\/\/rckopen.com\/hu\/termek\/4f-pihp\/","og_locale":"hu_HU","og_type":"article","og_title":"4F-PIHP online kopen - 4F-PIHP te koop | Rckopen","og_description":"4F-PIHP te koop tegen goedkope prijzen. Onze online RcKopen-winkel verkoopt wereldwijd 4F-PIHP. Bestel binnenkort om 4F-PIHP online te kopen.","og_url":"https:\/\/rckopen.com\/hu\/termek\/4f-pihp\/","og_site_name":"RC Kopen","article_modified_time":"2025-01-31T09:49:36+00:00","og_image":[{"width":600,"height":600,"url":"https:\/\/rckopen.com\/wp-content\/uploads\/2023\/08\/4f-Pihp-1.jpg","type":"image\/jpeg"}],"twitter_card":"summary_large_image","twitter_misc":{"Becs\u00fclt olvas\u00e1si id\u0151":"2 perc"},"schema":{"@context":"https:\/\/schema.org","@graph":[{"@type":"WebPage","@id":"https:\/\/rckopen.com\/product\/4f-pihp\/","url":"https:\/\/rckopen.com\/product\/4f-pihp\/","name":"4F-PIHP online kopen - 4F-PIHP te koop | Rckopen","isPartOf":{"@id":"https:\/\/rckopen.com\/#website"},"primaryImageOfPage":{"@id":"https:\/\/rckopen.com\/product\/4f-pihp\/#primaryimage"},"image":{"@id":"https:\/\/rckopen.com\/product\/4f-pihp\/#primaryimage"},"thumbnailUrl":"https:\/\/rckopen.com\/wp-content\/uploads\/2023\/08\/4f-Pihp-1.jpg","datePublished":"2023-08-17T11:34:04+00:00","dateModified":"2025-01-31T09:49:36+00:00","description":"4F-PIHP te koop tegen goedkope prijzen. Onze online RcKopen-winkel verkoopt wereldwijd 4F-PIHP. Bestel binnenkort om 4F-PIHP online te kopen.","breadcrumb":{"@id":"https:\/\/rckopen.com\/product\/4f-pihp\/#breadcrumb"},"inLanguage":"hu","potentialAction":[{"@type":"ReadAction","target":["https:\/\/rckopen.com\/product\/4f-pihp\/"]}]},{"@type":"ImageObject","inLanguage":"hu","@id":"https:\/\/rckopen.com\/product\/4f-pihp\/#primaryimage","url":"https:\/\/rckopen.com\/wp-content\/uploads\/2023\/08\/4f-Pihp-1.jpg","contentUrl":"https:\/\/rckopen.com\/wp-content\/uploads\/2023\/08\/4f-Pihp-1.jpg","width":600,"height":600,"caption":"4f-Pihp online kopen"},{"@type":"BreadcrumbList","@id":"https:\/\/rckopen.com\/product\/4f-pihp\/#breadcrumb","itemListElement":[{"@type":"ListItem","position":1,"name":"Home","item":"https:\/\/rckopen.com\/"},{"@type":"ListItem","position":2,"name":"Shop","item":"https:\/\/rckopen.com\/shop\/"},{"@type":"ListItem","position":3,"name":"4F-PiHp online kopen"}]},{"@type":"WebSite","@id":"https:\/\/rckopen.com\/#website","url":"https:\/\/rckopen.com\/","name":"RC Kopen","description":"Research Chemicals","potentialAction":[{"@type":"SearchAction","target":{"@type":"EntryPoint","urlTemplate":"https:\/\/rckopen.com\/?s={search_term_string}"},"query-input":{"@type":"PropertyValueSpecification","valueRequired":true,"valueName":"search_term_string"}}],"inLanguage":"hu"}]}},"_links":{"self":[{"href":"https:\/\/rckopen.com\/hu\/wp-json\/wp\/v2\/product\/6776","targetHints":{"allow":["GET"]}}],"collection":[{"href":"https:\/\/rckopen.com\/hu\/wp-json\/wp\/v2\/product"}],"about":[{"href":"https:\/\/rckopen.com\/hu\/wp-json\/wp\/v2\/types\/product"}],"replies":[{"embeddable":true,"href":"https:\/\/rckopen.com\/hu\/wp-json\/wp\/v2\/comments?post=6776"}],"wp:featuredmedia":[{"embeddable":true,"href":"https:\/\/rckopen.com\/hu\/wp-json\/wp\/v2\/media\/7659"}],"wp:attachment":[{"href":"https:\/\/rckopen.com\/hu\/wp-json\/wp\/v2\/media?parent=6776"}],"wp:term":[{"taxonomy":"product_brand","embeddable":true,"href":"https:\/\/rckopen.com\/hu\/wp-json\/wp\/v2\/product_brand?post=6776"},{"taxonomy":"product_cat","embeddable":true,"href":"https:\/\/rckopen.com\/hu\/wp-json\/wp\/v2\/product_cat?post=6776"},{"taxonomy":"product_tag","embeddable":true,"href":"https:\/\/rckopen.com\/hu\/wp-json\/wp\/v2\/product_tag?post=6776"}],"curies":[{"name":"wp","href":"https:\/\/api.w.org\/{rel}","templated":true}]}}