{"id":6778,"date":"2023-08-17T11:34:51","date_gmt":"2023-08-17T11:34:51","guid":{"rendered":"https:\/\/diligentplug.com\/chems\/?post_type=product&#038;p=6778"},"modified":"2025-01-31T05:00:26","modified_gmt":"2025-01-31T05:00:26","slug":"4-cl-pvp","status":"publish","type":"product","link":"https:\/\/rckopen.com\/hu\/termek\/4-cl-pvp\/","title":{"rendered":"V\u00e1s\u00e1roljon 4-CL-PVP-t online"},"content":{"rendered":"<h2>Wat is 4-CL-PVP ?<\/h2>\n<p><a href=\"https:\/\/rckopen.com\/hu\/termek\/4-cl-pvp\/\">V\u00e1s\u00e1roljon 4-CL-PVP-t online<\/a>, A 4-CL-PVP (4-Chloro-alfa-pirrolidinovalerofenon) a pirrolidinofenonok oszt\u00e1ly\u00e1ba tartoz\u00f3 kutat\u00e1si vegyi anyag. Ezenk\u00edv\u00fcl az a-PVP krist\u00e1lyos anal\u00f3gja, ami azt jelenti, hogy a kutat\u00f3k nagyszer\u0171 alternat\u00edv\u00e1nak tal\u00e1lt\u00e1k! A 4-CL-PVP serkent\u0151 hat\u00e1s\u00e1t fejti ki, mivel noradrenalin-dopamin \u00fajrafelv\u00e9telt g\u00e1tl\u00f3. Anekdotikus jelent\u00e9sek azt \u00e1ll\u00edtj\u00e1k, hogy a r\u00e9sztvev\u0151k nagy energi\u00e1t, fokozott \u00e9bers\u00e9get \u00e9s euf\u00f3ri\u00e1t mutattak.<a href=\"https:\/\/chemswell.com\/product-category\/research-chemicals\/\">.<\/a><\/p>\n<h2>4-CL-PVP krist\u00e1ly online v\u00e1s\u00e1rl\u00e1sa<\/h2>\n<p>V\u00e1s\u00e1roljon t\u0151l\u00fcnk 4-CL-PVP krist\u00e1lyt online.A legjobb min\u0151s\u00e9g\u0171 \u00e9s tisztas\u00e1g\u00fa 4-CL-PVP krist\u00e1ly elad\u00f3 online, garant\u00e1lt sz\u00e1ll\u00edt\u00e1ssal.<\/p>\n<h3>4-cl-pvp krist\u00e1ly elad\u00f3 online ( V\u00e1s\u00e1rl\u00e1s 4-cl-pvp krist\u00e1ly online )<\/h3>\n<p><a href=\"https:\/\/en.wikipedia.org\/wiki\/4-Chloro-%CE%B1-pyrrolidinovalerophenone\">4-CL-PVP<\/a> krist\u00e1ly online elad\u00f3, ez egy \u00faj k\u00e9miai kutat\u00e1s, \u00e9s a katinon csal\u00e1dba tartozik. A zanerpharma.com webhelyr\u0151l online v\u00e1s\u00e1rolhat 4-CL-PVP krist\u00e1lyokat, egy kutat\u00e1si vegyszert, amelynek molekulat\u00f6mege 265,12 g\/mol \u00e9s CAS-sz\u00e1ma 902324-25-5. Online vegyszerboltunk 99,7% feletti \u00f6sszet\u00e9tel\u0171 4-CL-PVP-t \u00e1rul, \u00e9s v\u00e1s\u00e1roljon 4-CL-PVP krist\u00e1lyokat online. V\u00e1s\u00e1roljon t\u0151l\u00fcnk Cathinonokat \u00e9s egy\u00e9b kutat\u00e1si vegyi anyagokat<a href=\"https:\/\/rckopen.com\/hu\/termek\/2-mmc\/ \u200e\/\">.<\/a><\/p>\n<h4>V\u00e1s\u00e1roljon 4-cl-pvp krist\u00e1lyt online \u2013 4-Cl-PVP krist\u00e1lyok elad\u00f3k<\/h4>\n<p>4-CL-PVP krist\u00e1ly elad\u00f3 online, ez egy \u00faj kutat\u00e1si vegyi anyag, \u00e9s a stimul\u00e1nsok csal\u00e1dj\u00e1ba sorolj\u00e1k. A 4-CL-PVP k\u00e9miai k\u00e9plete C15H20ClNO, IUPAC-neve 1-(4-kl\u00f3rfenil)-2-(pirrolidin-1-il)pentan-1-on 265,12, molekulat\u00f6mege 265,12. Mivel a 4-CL-PVP annyira \u00faj a piacon, nem \u00e1llnak rendelkez\u00e9sre kutat\u00e1si adatok.<\/p>\n<p><a href=\"https:\/\/rckopen.com\/hu\/\">RCKopen<\/a> nem emberi fogyaszt\u00e1sra sz\u00e1nt term\u00e9keket k\u00edn\u00e1l. Ha ezt a term\u00e9ket (akaratlanul) fogyasztja, annak s\u00falyos eg\u00e9szs\u00e9g\u00fcgyi k\u00f6vetkezm\u00e9nyei lehetnek.<\/p>","protected":false},"excerpt":{"rendered":"<p>IUPAC-n\u00e9v: 1-(4-kl\u00f3rfenil)-2-(pirrolidin-1-il)pent\u00e1n-1-on<\/p>\n<p>CAS # 902324-25-5<\/p>\n<p>Megjelen\u00e9s: krist\u00e1lyok<\/p>\n<p>NMR-elemz\u00e9s: C15H20CINO<\/p>\n<p>A 4-CL-PVP megtal\u00e1lhat\u00f3 a kutat\u00e1si vegyszerek k\u00edn\u00e1lat\u00e1ban. Ez egy meglehet\u0151sen \u00faj kutat\u00e1si vegyszer, \u00e9s az a-PVP helyettes\u00edt\u0151j\u00e9nek tekinthet\u0151. Az RC szerkezete krist\u00e1lyos. A hat\u00f3anyag neve is: 1-(4-kl\u00f3rfenil)-2-(pirrolidin-1-il)pentan-1-on.<\/p>","protected":false},"featured_media":7660,"comment_status":"open","ping_status":"closed","template":"","meta":{"_joinchat":[]},"product_brand":[],"product_cat":[134],"product_tag":[],"class_list":{"0":"post-6778","1":"product","2":"type-product","3":"status-publish","4":"has-post-thumbnail","6":"product_cat-cathinon","8":"first","9":"instock","10":"shipping-taxable","11":"purchasable","12":"product-type-variable"},"yoast_head":"<!-- This site is optimized with the Yoast SEO plugin v26.3 - https:\/\/yoast.com\/wordpress\/plugins\/seo\/ -->\n<title>4-CL-PVP - 4-CL-PVP online te koop - 4-CL-PVP online kopen<\/title>\n<meta name=\"description\" content=\"RCKopen-winkel kunt u 4-CL-PVP tegen lage tarieven te koop krijgen. Wij werken alleen met A-kwaliteit producten. 4-CL-PVP nu online kopen in onze winkel.\" \/>\n<meta name=\"robots\" content=\"index, follow, max-snippet:-1, max-image-preview:large, max-video-preview:-1\" \/>\n<link rel=\"canonical\" href=\"https:\/\/rckopen.com\/hu\/termek\/4-cl-pvp\/\" \/>\n<meta property=\"og:locale\" content=\"hu_HU\" \/>\n<meta property=\"og:type\" content=\"article\" \/>\n<meta property=\"og:title\" content=\"4-CL-PVP - 4-CL-PVP online te koop - 4-CL-PVP online kopen\" \/>\n<meta property=\"og:description\" content=\"RCKopen-winkel kunt u 4-CL-PVP tegen lage tarieven te koop krijgen. Wij werken alleen met A-kwaliteit producten. 4-CL-PVP nu online kopen in onze winkel.\" \/>\n<meta property=\"og:url\" content=\"https:\/\/rckopen.com\/hu\/termek\/4-cl-pvp\/\" \/>\n<meta property=\"og:site_name\" content=\"RC Kopen\" \/>\n<meta property=\"article:modified_time\" content=\"2025-01-31T05:00:26+00:00\" \/>\n<meta property=\"og:image\" content=\"https:\/\/rckopen.com\/wp-content\/uploads\/2023\/08\/4-CL-PVP-1.jpg\" \/>\n\t<meta property=\"og:image:width\" content=\"600\" \/>\n\t<meta property=\"og:image:height\" content=\"600\" \/>\n\t<meta property=\"og:image:type\" content=\"image\/jpeg\" \/>\n<meta name=\"twitter:card\" content=\"summary_large_image\" \/>\n<meta name=\"twitter:label1\" content=\"Becs\u00fclt olvas\u00e1si id\u0151\" \/>\n\t<meta name=\"twitter:data1\" content=\"2 perc\" \/>\n<script type=\"application\/ld+json\" class=\"yoast-schema-graph\">{\"@context\":\"https:\/\/schema.org\",\"@graph\":[{\"@type\":\"WebPage\",\"@id\":\"https:\/\/rckopen.com\/product\/4-cl-pvp\/\",\"url\":\"https:\/\/rckopen.com\/product\/4-cl-pvp\/\",\"name\":\"4-CL-PVP - 4-CL-PVP online te koop - 4-CL-PVP online kopen\",\"isPartOf\":{\"@id\":\"https:\/\/rckopen.com\/#website\"},\"primaryImageOfPage\":{\"@id\":\"https:\/\/rckopen.com\/product\/4-cl-pvp\/#primaryimage\"},\"image\":{\"@id\":\"https:\/\/rckopen.com\/product\/4-cl-pvp\/#primaryimage\"},\"thumbnailUrl\":\"https:\/\/rckopen.com\/wp-content\/uploads\/2023\/08\/4-CL-PVP-1.jpg\",\"datePublished\":\"2023-08-17T11:34:51+00:00\",\"dateModified\":\"2025-01-31T05:00:26+00:00\",\"description\":\"RCKopen-winkel kunt u 4-CL-PVP tegen lage tarieven te koop krijgen. Wij werken alleen met A-kwaliteit producten. 4-CL-PVP nu online kopen in onze winkel.\",\"breadcrumb\":{\"@id\":\"https:\/\/rckopen.com\/product\/4-cl-pvp\/#breadcrumb\"},\"inLanguage\":\"hu\",\"potentialAction\":[{\"@type\":\"ReadAction\",\"target\":[\"https:\/\/rckopen.com\/product\/4-cl-pvp\/\"]}]},{\"@type\":\"ImageObject\",\"inLanguage\":\"hu\",\"@id\":\"https:\/\/rckopen.com\/product\/4-cl-pvp\/#primaryimage\",\"url\":\"https:\/\/rckopen.com\/wp-content\/uploads\/2023\/08\/4-CL-PVP-1.jpg\",\"contentUrl\":\"https:\/\/rckopen.com\/wp-content\/uploads\/2023\/08\/4-CL-PVP-1.jpg\",\"width\":600,\"height\":600,\"caption\":\"4-CL-PVP online kopen\"},{\"@type\":\"BreadcrumbList\",\"@id\":\"https:\/\/rckopen.com\/product\/4-cl-pvp\/#breadcrumb\",\"itemListElement\":[{\"@type\":\"ListItem\",\"position\":1,\"name\":\"Home\",\"item\":\"https:\/\/rckopen.com\/\"},{\"@type\":\"ListItem\",\"position\":2,\"name\":\"Shop\",\"item\":\"https:\/\/rckopen.com\/shop\/\"},{\"@type\":\"ListItem\",\"position\":3,\"name\":\"4-CL-PVP online kopen\"}]},{\"@type\":\"WebSite\",\"@id\":\"https:\/\/rckopen.com\/#website\",\"url\":\"https:\/\/rckopen.com\/\",\"name\":\"RC Kopen\",\"description\":\"Research Chemicals\",\"potentialAction\":[{\"@type\":\"SearchAction\",\"target\":{\"@type\":\"EntryPoint\",\"urlTemplate\":\"https:\/\/rckopen.com\/?s={search_term_string}\"},\"query-input\":{\"@type\":\"PropertyValueSpecification\",\"valueRequired\":true,\"valueName\":\"search_term_string\"}}],\"inLanguage\":\"hu\"}]}<\/script>\n<!-- \/ Yoast SEO plugin. -->","yoast_head_json":{"title":"4-CL-PVP - 4-CL-PVP online te koop - 4-CL-PVP online kopen","description":"RCKopen-winkel kunt u 4-CL-PVP tegen lage tarieven te koop krijgen. Wij werken alleen met A-kwaliteit producten. 4-CL-PVP nu online kopen in onze winkel.","robots":{"index":"index","follow":"follow","max-snippet":"max-snippet:-1","max-image-preview":"max-image-preview:large","max-video-preview":"max-video-preview:-1"},"canonical":"https:\/\/rckopen.com\/hu\/termek\/4-cl-pvp\/","og_locale":"hu_HU","og_type":"article","og_title":"4-CL-PVP - 4-CL-PVP online te koop - 4-CL-PVP online kopen","og_description":"RCKopen-winkel kunt u 4-CL-PVP tegen lage tarieven te koop krijgen. Wij werken alleen met A-kwaliteit producten. 4-CL-PVP nu online kopen in onze winkel.","og_url":"https:\/\/rckopen.com\/hu\/termek\/4-cl-pvp\/","og_site_name":"RC Kopen","article_modified_time":"2025-01-31T05:00:26+00:00","og_image":[{"width":600,"height":600,"url":"https:\/\/rckopen.com\/wp-content\/uploads\/2023\/08\/4-CL-PVP-1.jpg","type":"image\/jpeg"}],"twitter_card":"summary_large_image","twitter_misc":{"Becs\u00fclt olvas\u00e1si id\u0151":"2 perc"},"schema":{"@context":"https:\/\/schema.org","@graph":[{"@type":"WebPage","@id":"https:\/\/rckopen.com\/product\/4-cl-pvp\/","url":"https:\/\/rckopen.com\/product\/4-cl-pvp\/","name":"4-CL-PVP - 4-CL-PVP online te koop - 4-CL-PVP online kopen","isPartOf":{"@id":"https:\/\/rckopen.com\/#website"},"primaryImageOfPage":{"@id":"https:\/\/rckopen.com\/product\/4-cl-pvp\/#primaryimage"},"image":{"@id":"https:\/\/rckopen.com\/product\/4-cl-pvp\/#primaryimage"},"thumbnailUrl":"https:\/\/rckopen.com\/wp-content\/uploads\/2023\/08\/4-CL-PVP-1.jpg","datePublished":"2023-08-17T11:34:51+00:00","dateModified":"2025-01-31T05:00:26+00:00","description":"RCKopen-winkel kunt u 4-CL-PVP tegen lage tarieven te koop krijgen. Wij werken alleen met A-kwaliteit producten. 4-CL-PVP nu online kopen in onze winkel.","breadcrumb":{"@id":"https:\/\/rckopen.com\/product\/4-cl-pvp\/#breadcrumb"},"inLanguage":"hu","potentialAction":[{"@type":"ReadAction","target":["https:\/\/rckopen.com\/product\/4-cl-pvp\/"]}]},{"@type":"ImageObject","inLanguage":"hu","@id":"https:\/\/rckopen.com\/product\/4-cl-pvp\/#primaryimage","url":"https:\/\/rckopen.com\/wp-content\/uploads\/2023\/08\/4-CL-PVP-1.jpg","contentUrl":"https:\/\/rckopen.com\/wp-content\/uploads\/2023\/08\/4-CL-PVP-1.jpg","width":600,"height":600,"caption":"4-CL-PVP online kopen"},{"@type":"BreadcrumbList","@id":"https:\/\/rckopen.com\/product\/4-cl-pvp\/#breadcrumb","itemListElement":[{"@type":"ListItem","position":1,"name":"Home","item":"https:\/\/rckopen.com\/"},{"@type":"ListItem","position":2,"name":"Shop","item":"https:\/\/rckopen.com\/shop\/"},{"@type":"ListItem","position":3,"name":"4-CL-PVP online kopen"}]},{"@type":"WebSite","@id":"https:\/\/rckopen.com\/#website","url":"https:\/\/rckopen.com\/","name":"RC Kopen","description":"Research Chemicals","potentialAction":[{"@type":"SearchAction","target":{"@type":"EntryPoint","urlTemplate":"https:\/\/rckopen.com\/?s={search_term_string}"},"query-input":{"@type":"PropertyValueSpecification","valueRequired":true,"valueName":"search_term_string"}}],"inLanguage":"hu"}]}},"_links":{"self":[{"href":"https:\/\/rckopen.com\/hu\/wp-json\/wp\/v2\/product\/6778","targetHints":{"allow":["GET"]}}],"collection":[{"href":"https:\/\/rckopen.com\/hu\/wp-json\/wp\/v2\/product"}],"about":[{"href":"https:\/\/rckopen.com\/hu\/wp-json\/wp\/v2\/types\/product"}],"replies":[{"embeddable":true,"href":"https:\/\/rckopen.com\/hu\/wp-json\/wp\/v2\/comments?post=6778"}],"wp:featuredmedia":[{"embeddable":true,"href":"https:\/\/rckopen.com\/hu\/wp-json\/wp\/v2\/media\/7660"}],"wp:attachment":[{"href":"https:\/\/rckopen.com\/hu\/wp-json\/wp\/v2\/media?parent=6778"}],"wp:term":[{"taxonomy":"product_brand","embeddable":true,"href":"https:\/\/rckopen.com\/hu\/wp-json\/wp\/v2\/product_brand?post=6778"},{"taxonomy":"product_cat","embeddable":true,"href":"https:\/\/rckopen.com\/hu\/wp-json\/wp\/v2\/product_cat?post=6778"},{"taxonomy":"product_tag","embeddable":true,"href":"https:\/\/rckopen.com\/hu\/wp-json\/wp\/v2\/product_tag?post=6778"}],"curies":[{"name":"wp","href":"https:\/\/api.w.org\/{rel}","templated":true}]}}