{"id":6800,"date":"2023-08-17T11:50:21","date_gmt":"2023-08-17T11:50:21","guid":{"rendered":"https:\/\/diligentplug.com\/chems\/?post_type=product&#038;p=6800"},"modified":"2025-01-31T04:47:50","modified_gmt":"2025-01-31T04:47:50","slug":"4-aco-dpt","status":"publish","type":"product","link":"https:\/\/rckopen.com\/hu\/termek\/4-aco-dpt\/","title":{"rendered":"V\u00e1s\u00e1roljon 4-ACO-DPT-t online"},"content":{"rendered":"<h2>V\u00e1s\u00e1roljon 4-ACO-DPT-t online<\/h2>\n<p>A v\u00e9gs\u0151 c\u00e9l a 4-AcO-DPT por felfedez\u00e9s\u00e9hez: Narcomeds.com<\/p>\n<p>Tapasztalja meg a v\u00e1s\u00e1rl\u00e1s k\u00e9nyelm\u00e9t <a href=\"https:\/\/rckopen.com\/hu\/termek\/4-aco-dpt\/\">4-AcO-DPT<\/a> Tapasztalja meg a 4-AcO-DPT por v\u00e1s\u00e1rl\u00e1s\u00e1nak k\u00e9nyelm\u00e9t a Narcomeds.com oldalon! Egy egyszer\u0171 \u00e9s biztons\u00e1gos rendel\u00e9si folyamattal gond n\u00e9lk\u00fcl v\u00e1s\u00e1rolhatja meg a 4-AcO-DPT port. Felhaszn\u00e1l\u00f3bar\u00e1t weboldalunkon kereszt\u00fcl k\u00f6nnyed\u00e9n megtal\u00e1lhatja \u00e9s megrendelheti a k\u00edv\u00e1nt term\u00e9ket. Ak\u00e1r kutat\u00f3, ak\u00e1r rajong\u00f3, mi itt vagyunk \u00d6nnek. B\u00facs\u00fat inthet a 4-AcO-DPT por keres\u00e9s\u00e9nek stressz\u00e9nek, \u00e9s \u00fcdv\u00f6z\u00f6lheti a k\u00e9nyelmet a Narcomeds.com oldalon. Rendeljen most, \u00e9s tapasztalja meg a kiv\u00e1l\u00f3 min\u0151s\u00e9g\u0171 4-AcO-DPT por online v\u00e1s\u00e1rl\u00e1s\u00e1nak k\u00e9nyelm\u00e9t!<\/p>\n<p>M\u00e9h <a href=\"https:\/\/rckopen.com\/hu\/\">RCKopen<\/a> z\u00f6kken\u0151mentes online platformot k\u00edn\u00e1lunk, amely lehet\u0151v\u00e9 teszi <a href=\"https:\/\/en.wikipedia.org\/wiki\/4-AcO-DPT\">4-AcO-DPT<\/a>-por megv\u00e1s\u00e1rolhat\u00f3. Felhaszn\u00e1l\u00f3bar\u00e1t fel\u00fclet\u00fcnk z\u00f6kken\u0151mentes v\u00e1s\u00e1rl\u00e1si \u00e9lm\u00e9nyt biztos\u00edt, ak\u00e1r els\u0151 v\u00e1s\u00e1rl\u00f3, ak\u00e1r visszat\u00e9r\u0151 v\u00e1s\u00e1rl\u00f3.<\/p>\n<p>Dokonal\u00e1 kombinace kvality a pohodl\u00ed<br \/>\nHol lehet megv\u00e1s\u00e1rolni a legjobb min\u0151s\u00e9g\u0171 4-AcO-DPT port? Ne keressen tov\u00e1bb. A Narcomeds.com kiv\u00e1l\u00f3 min\u0151s\u00e9g\u0171 4-AcO-DPT port k\u00edn\u00e1l, amely megfelel a szigor\u00fa min\u0151s\u00e9gi el\u0151\u00edr\u00e1soknak. N\u00e9h\u00e1ny kattint\u00e1ssal a k\u00edv\u00e1nt term\u00e9ket h\u00e1zhoz sz\u00e1ll\u00edthatja.<\/p>\n<h3>Keressen elad\u00f3 4-AcO-DPT port<\/h3>\n<p>Elad\u00f3 4-AcO-DPT port keres? A keres\u00e9s itt v\u00e9get \u00e9r. A Narcomeds.com az autentikus term\u00e9kek, versenyk\u00e9pes \u00e1ron k\u00edn\u00e1lt c\u00e9lpont. El\u0151nyben r\u00e9szes\u00edtj\u00fck az \u00fcgyfelek el\u00e9gedetts\u00e9g\u00e9t, \u00e9s arra t\u00f6reksz\u00fcnk, hogy a legjobb \u00e1r-\u00e9rt\u00e9k ar\u00e1nyt biztos\u00edtsuk.<\/p>\n<p>Z\u00f6kken\u0151mentes rendel\u00e9si folyamat<br \/>\nK\u00e9szen \u00e1ll a 4-AcO-DPT por megrendel\u00e9s\u00e9re? \u00c1ttekinthet\u0151 rendel\u00e9si folyamatunk gyors \u00e9s egyszer\u0171v\u00e9 teszi. B\u00f6ng\u00e9sszen sz\u00e9les k\u00edn\u00e1latunkban, tegye a k\u00edv\u00e1nt term\u00e9keket a kosar\u00e1ba, \u00e9s folytassa a fizet\u00e9ssel. A biztons\u00e1gos fizet\u00e9si lehet\u0151s\u00e9geknek \u00e9s a diszkr\u00e9t csomagol\u00e1snak k\u00f6sz\u00f6nhet\u0151en az \u00d6n adatainak v\u00e9delme a legfontosabb sz\u00e1munkra.<\/p>\n<p>Jogos \u00e9s megb\u00edzhat\u00f3 forr\u00e1s<br \/>\nU kunt er zeker van zijn dat wanneer u 4-AcO-DPT-poeder legaal bij Narcomeds.com koopt, u te maken heeft met een legitieme en betrouwbare bron. We houden ons aan alle wettelijke voorschriften en garanderen onze klanten een veilige en conforme winkelervaring.<\/p>\n<h3>Megb\u00edzhat\u00f3 4-AcO-DPT porboltja<\/h3>\n<p>A Narcomeds.com az \u00d6n egyablakos 4-AcO-DPT porkeresked\u00e9se. Ak\u00e1r N\u00e9metorsz\u00e1gban, ak\u00e1r m\u00e1shol, az eg\u00e9sz vil\u00e1gra sz\u00e1ll\u00edtjuk az \u00d6n k\u00e9nyelm\u00e9t. Tapasztalja meg az online v\u00e1s\u00e1rl\u00e1s k\u00e9nyelm\u00e9t egy megb\u00edzhat\u00f3 sz\u00e1ll\u00edt\u00f3 megb\u00edzhat\u00f3s\u00e1g\u00e1val.<\/p>\n<h3>K\u00e9nyelem kompromisszumok n\u00e9lk\u00fcl<\/h3>\n<p>Forget the hassle of getting a prescription when you buy 4-AcO-DPT Powder without prescription from Narcomeds.com. We prioritise accessibility and convenience so that you can access the products you need without unnecessary barriers.<\/p>\n<p>Tapasztalja meg a k\u00e9nyelmet \u00e9s a min\u0151s\u00e9get az RcKopen.com oldalon<br \/>\nAz Rckopen.com webhelyen a 4-AcO-DPT por v\u00e1s\u00e1rl\u00e1sa m\u00e9g soha nem volt ilyen egyszer\u0171. Fedezze fel sz\u00e9les v\u00e1laszt\u00e9kunkat, rendelje meg magabiztosan, \u00e9s \u00e9lvezze a diszkr\u00e9t h\u00e1zhozsz\u00e1ll\u00edt\u00e1st. B\u00edzzon az Rckopen.com webhelyen a 4-AcO-DPT porral kapcsolatos \u00f6sszes ig\u00e9ny\u00e9ben, \u00e9s \u00e9lvezze a kompromisszumok n\u00e9lk\u00fcli k\u00e9nyelmet.<\/p>","protected":false},"excerpt":{"rendered":"<p><strong>IUPAC-n\u00e9v: <\/strong>[3-[2-[2-(dipropilamino)etil]-1H-indol-4-il]-acet\u00e1t<\/p>\n<p><strong>CAS # <\/strong>1445751-75-6<\/p>\n<p><strong>M\u00e1sik n\u00e9v: <\/strong>4-Acetoxi-N,N-dipropil-triptamin<\/p>\n<p><strong>Forma: <\/strong>fumar\u00e1t<\/p>\n<p><strong>NMR-elemz\u00e9s: <\/strong>C18H26N2O2<\/p>","protected":false},"featured_media":7658,"comment_status":"open","ping_status":"closed","template":"","meta":{"_joinchat":[]},"product_brand":[],"product_cat":[149],"product_tag":[],"class_list":{"0":"post-6800","1":"product","2":"type-product","3":"status-publish","4":"has-post-thumbnail","6":"product_cat-tryptaminen","8":"first","9":"instock","10":"shipping-taxable","11":"purchasable","12":"product-type-variable"},"yoast_head":"<!-- This site is optimized with the Yoast SEO plugin v26.3 - https:\/\/yoast.com\/wordpress\/plugins\/seo\/ -->\n<title>4-Aco-Dpt online kopen - 4-Aco-Dpt online | RC Kopen<\/title>\n<meta name=\"description\" content=\"Onze RC kopen online winkel heeft hoogwaardige 4-Aco-Dpt te koop. Bent u bereid om 4-Aco-Dpt online kopen, laat het ons dan weten. Wij zullen uw wensen binnenkort invullen!\" \/>\n<meta name=\"robots\" content=\"index, follow, max-snippet:-1, max-image-preview:large, max-video-preview:-1\" \/>\n<link rel=\"canonical\" href=\"https:\/\/rckopen.com\/hu\/termek\/4-aco-dpt\/\" \/>\n<meta property=\"og:locale\" content=\"hu_HU\" \/>\n<meta property=\"og:type\" content=\"article\" \/>\n<meta property=\"og:title\" content=\"4-Aco-Dpt online kopen - 4-Aco-Dpt online | RC Kopen\" \/>\n<meta property=\"og:description\" content=\"Onze RC kopen online winkel heeft hoogwaardige 4-Aco-Dpt te koop. Bent u bereid om 4-Aco-Dpt online kopen, laat het ons dan weten. Wij zullen uw wensen binnenkort invullen!\" \/>\n<meta property=\"og:url\" content=\"https:\/\/rckopen.com\/hu\/termek\/4-aco-dpt\/\" \/>\n<meta property=\"og:site_name\" content=\"RC Kopen\" \/>\n<meta property=\"article:modified_time\" content=\"2025-01-31T04:47:50+00:00\" \/>\n<meta property=\"og:image\" content=\"https:\/\/rckopen.com\/wp-content\/uploads\/2023\/08\/4-ACO-DPT-1.jpg\" \/>\n\t<meta property=\"og:image:width\" content=\"600\" \/>\n\t<meta property=\"og:image:height\" content=\"600\" \/>\n\t<meta property=\"og:image:type\" content=\"image\/jpeg\" \/>\n<meta name=\"twitter:card\" content=\"summary_large_image\" \/>\n<meta name=\"twitter:label1\" content=\"Becs\u00fclt olvas\u00e1si id\u0151\" \/>\n\t<meta name=\"twitter:data1\" content=\"3 perc\" \/>\n<script type=\"application\/ld+json\" class=\"yoast-schema-graph\">{\"@context\":\"https:\/\/schema.org\",\"@graph\":[{\"@type\":\"WebPage\",\"@id\":\"https:\/\/rckopen.com\/product\/4-aco-dpt\/\",\"url\":\"https:\/\/rckopen.com\/product\/4-aco-dpt\/\",\"name\":\"4-Aco-Dpt online kopen - 4-Aco-Dpt online | RC Kopen\",\"isPartOf\":{\"@id\":\"https:\/\/rckopen.com\/#website\"},\"primaryImageOfPage\":{\"@id\":\"https:\/\/rckopen.com\/product\/4-aco-dpt\/#primaryimage\"},\"image\":{\"@id\":\"https:\/\/rckopen.com\/product\/4-aco-dpt\/#primaryimage\"},\"thumbnailUrl\":\"https:\/\/rckopen.com\/wp-content\/uploads\/2023\/08\/4-ACO-DPT-1.jpg\",\"datePublished\":\"2023-08-17T11:50:21+00:00\",\"dateModified\":\"2025-01-31T04:47:50+00:00\",\"description\":\"Onze RC kopen online winkel heeft hoogwaardige 4-Aco-Dpt te koop. Bent u bereid om 4-Aco-Dpt online kopen, laat het ons dan weten. Wij zullen uw wensen binnenkort invullen!\",\"breadcrumb\":{\"@id\":\"https:\/\/rckopen.com\/product\/4-aco-dpt\/#breadcrumb\"},\"inLanguage\":\"hu\",\"potentialAction\":[{\"@type\":\"ReadAction\",\"target\":[\"https:\/\/rckopen.com\/product\/4-aco-dpt\/\"]}]},{\"@type\":\"ImageObject\",\"inLanguage\":\"hu\",\"@id\":\"https:\/\/rckopen.com\/product\/4-aco-dpt\/#primaryimage\",\"url\":\"https:\/\/rckopen.com\/wp-content\/uploads\/2023\/08\/4-ACO-DPT-1.jpg\",\"contentUrl\":\"https:\/\/rckopen.com\/wp-content\/uploads\/2023\/08\/4-ACO-DPT-1.jpg\",\"width\":600,\"height\":600,\"caption\":\"4-ACO-DPT online kopen\"},{\"@type\":\"BreadcrumbList\",\"@id\":\"https:\/\/rckopen.com\/product\/4-aco-dpt\/#breadcrumb\",\"itemListElement\":[{\"@type\":\"ListItem\",\"position\":1,\"name\":\"Home\",\"item\":\"https:\/\/rckopen.com\/\"},{\"@type\":\"ListItem\",\"position\":2,\"name\":\"Shop\",\"item\":\"https:\/\/rckopen.com\/shop\/\"},{\"@type\":\"ListItem\",\"position\":3,\"name\":\"4-ACO-DPT online kopen\"}]},{\"@type\":\"WebSite\",\"@id\":\"https:\/\/rckopen.com\/#website\",\"url\":\"https:\/\/rckopen.com\/\",\"name\":\"RC Kopen\",\"description\":\"Research Chemicals\",\"potentialAction\":[{\"@type\":\"SearchAction\",\"target\":{\"@type\":\"EntryPoint\",\"urlTemplate\":\"https:\/\/rckopen.com\/?s={search_term_string}\"},\"query-input\":{\"@type\":\"PropertyValueSpecification\",\"valueRequired\":true,\"valueName\":\"search_term_string\"}}],\"inLanguage\":\"hu\"}]}<\/script>\n<!-- \/ Yoast SEO plugin. -->","yoast_head_json":{"title":"4-Aco-Dpt online kopen - 4-Aco-Dpt online | RC Kopen","description":"Onze RC kopen online winkel heeft hoogwaardige 4-Aco-Dpt te koop. Bent u bereid om 4-Aco-Dpt online kopen, laat het ons dan weten. Wij zullen uw wensen binnenkort invullen!","robots":{"index":"index","follow":"follow","max-snippet":"max-snippet:-1","max-image-preview":"max-image-preview:large","max-video-preview":"max-video-preview:-1"},"canonical":"https:\/\/rckopen.com\/hu\/termek\/4-aco-dpt\/","og_locale":"hu_HU","og_type":"article","og_title":"4-Aco-Dpt online kopen - 4-Aco-Dpt online | RC Kopen","og_description":"Onze RC kopen online winkel heeft hoogwaardige 4-Aco-Dpt te koop. Bent u bereid om 4-Aco-Dpt online kopen, laat het ons dan weten. Wij zullen uw wensen binnenkort invullen!","og_url":"https:\/\/rckopen.com\/hu\/termek\/4-aco-dpt\/","og_site_name":"RC Kopen","article_modified_time":"2025-01-31T04:47:50+00:00","og_image":[{"width":600,"height":600,"url":"https:\/\/rckopen.com\/wp-content\/uploads\/2023\/08\/4-ACO-DPT-1.jpg","type":"image\/jpeg"}],"twitter_card":"summary_large_image","twitter_misc":{"Becs\u00fclt olvas\u00e1si id\u0151":"3 perc"},"schema":{"@context":"https:\/\/schema.org","@graph":[{"@type":"WebPage","@id":"https:\/\/rckopen.com\/product\/4-aco-dpt\/","url":"https:\/\/rckopen.com\/product\/4-aco-dpt\/","name":"4-Aco-Dpt online kopen - 4-Aco-Dpt online | RC Kopen","isPartOf":{"@id":"https:\/\/rckopen.com\/#website"},"primaryImageOfPage":{"@id":"https:\/\/rckopen.com\/product\/4-aco-dpt\/#primaryimage"},"image":{"@id":"https:\/\/rckopen.com\/product\/4-aco-dpt\/#primaryimage"},"thumbnailUrl":"https:\/\/rckopen.com\/wp-content\/uploads\/2023\/08\/4-ACO-DPT-1.jpg","datePublished":"2023-08-17T11:50:21+00:00","dateModified":"2025-01-31T04:47:50+00:00","description":"Onze RC kopen online winkel heeft hoogwaardige 4-Aco-Dpt te koop. Bent u bereid om 4-Aco-Dpt online kopen, laat het ons dan weten. Wij zullen uw wensen binnenkort invullen!","breadcrumb":{"@id":"https:\/\/rckopen.com\/product\/4-aco-dpt\/#breadcrumb"},"inLanguage":"hu","potentialAction":[{"@type":"ReadAction","target":["https:\/\/rckopen.com\/product\/4-aco-dpt\/"]}]},{"@type":"ImageObject","inLanguage":"hu","@id":"https:\/\/rckopen.com\/product\/4-aco-dpt\/#primaryimage","url":"https:\/\/rckopen.com\/wp-content\/uploads\/2023\/08\/4-ACO-DPT-1.jpg","contentUrl":"https:\/\/rckopen.com\/wp-content\/uploads\/2023\/08\/4-ACO-DPT-1.jpg","width":600,"height":600,"caption":"4-ACO-DPT online kopen"},{"@type":"BreadcrumbList","@id":"https:\/\/rckopen.com\/product\/4-aco-dpt\/#breadcrumb","itemListElement":[{"@type":"ListItem","position":1,"name":"Home","item":"https:\/\/rckopen.com\/"},{"@type":"ListItem","position":2,"name":"Shop","item":"https:\/\/rckopen.com\/shop\/"},{"@type":"ListItem","position":3,"name":"4-ACO-DPT online kopen"}]},{"@type":"WebSite","@id":"https:\/\/rckopen.com\/#website","url":"https:\/\/rckopen.com\/","name":"RC Kopen","description":"Research Chemicals","potentialAction":[{"@type":"SearchAction","target":{"@type":"EntryPoint","urlTemplate":"https:\/\/rckopen.com\/?s={search_term_string}"},"query-input":{"@type":"PropertyValueSpecification","valueRequired":true,"valueName":"search_term_string"}}],"inLanguage":"hu"}]}},"_links":{"self":[{"href":"https:\/\/rckopen.com\/hu\/wp-json\/wp\/v2\/product\/6800","targetHints":{"allow":["GET"]}}],"collection":[{"href":"https:\/\/rckopen.com\/hu\/wp-json\/wp\/v2\/product"}],"about":[{"href":"https:\/\/rckopen.com\/hu\/wp-json\/wp\/v2\/types\/product"}],"replies":[{"embeddable":true,"href":"https:\/\/rckopen.com\/hu\/wp-json\/wp\/v2\/comments?post=6800"}],"wp:featuredmedia":[{"embeddable":true,"href":"https:\/\/rckopen.com\/hu\/wp-json\/wp\/v2\/media\/7658"}],"wp:attachment":[{"href":"https:\/\/rckopen.com\/hu\/wp-json\/wp\/v2\/media?parent=6800"}],"wp:term":[{"taxonomy":"product_brand","embeddable":true,"href":"https:\/\/rckopen.com\/hu\/wp-json\/wp\/v2\/product_brand?post=6800"},{"taxonomy":"product_cat","embeddable":true,"href":"https:\/\/rckopen.com\/hu\/wp-json\/wp\/v2\/product_cat?post=6800"},{"taxonomy":"product_tag","embeddable":true,"href":"https:\/\/rckopen.com\/hu\/wp-json\/wp\/v2\/product_tag?post=6800"}],"curies":[{"name":"wp","href":"https:\/\/api.w.org\/{rel}","templated":true}]}}