{"id":6802,"date":"2023-08-17T12:12:47","date_gmt":"2023-08-17T12:12:47","guid":{"rendered":"https:\/\/diligentplug.com\/chems\/?post_type=product&#038;p=6802"},"modified":"2025-01-31T05:32:23","modified_gmt":"2025-01-31T05:32:23","slug":"koop-4-ho-met-2","status":"publish","type":"product","link":"https:\/\/rckopen.com\/hu\/termek\/vasarolni-4-ho-2\/","title":{"rendered":"V\u00e1s\u00e1roljon 4-HO-MPT-t online"},"content":{"rendered":"<div data-content-type=\"row\" data-appearance=\"contained\" data-element=\"main\">\n<div data-enable-parallax=\"0\" data-parallax-speed=\"0.5\" data-background-images=\"{}\" data-background-type=\"image\" data-video-loop=\"true\" data-video-play-only-visible=\"true\" data-video-lazy-load=\"true\" data-video-fallback-src=\"\" data-element=\"inner\" data-pb-style=\"OI9WT2O\">\n<div data-content-type=\"text\" data-appearance=\"default\" data-element=\"main\">\n<h2>Uw one-stop-shop voor 4-HO-MPT online kopen<\/h2>\n<p>akarod <a href=\"https:\/\/rckopen.com\/hu\/termek\/vasarolni-4-ho-2\/\">V\u00e1s\u00e1roljon 4-HO-MPT-t online<\/a>? J\u00f3 helyre j\u00f6tt\u00e9l! Az RCKopen z\u00f6kken\u0151mentes v\u00e1s\u00e1rl\u00e1si \u00e9lm\u00e9nyt ny\u00fajt a 4-HO-MPT rajong\u00f3i sz\u00e1m\u00e1ra vil\u00e1gszerte.<\/p>\n<h3>Mi\u00e9rt v\u00e1lassza az RCKopen-t a 4-HO-MPT ig\u00e9nyeihez?<\/h3>\n<p>Az RCKopenn\u00e9l meg\u00e9rtj\u00fck a min\u0151s\u00e9g \u00e9s a t\u00f6rv\u00e9nyess\u00e9g fontoss\u00e1g\u00e1t a k\u00e9miai kutat\u00e1sok sor\u00e1n. Ez\u00e9rt arra t\u00f6reksz\u00fcnk, hogy csak <a href=\"https:\/\/en.wikipedia.org\/wiki\/4-HO-MPT\">4-HO-MPT<\/a> de la m\u00e1s alta calidad para la venta, para que los investigadores puedan realizar sus experimentos con confianza y tranquilidad.<\/p>\n<h3>K\u00e9nyelem \u00e9s megb\u00edzhat\u00f3s\u00e1g<\/h3>\n<p>Hol v\u00e1s\u00e1rolhat 4-HO-MPT-t receptek vagy jogi probl\u00e9m\u00e1k n\u00e9lk\u00fcl. Ne keressen tov\u00e1bb <a href=\"https:\/\/rckopen.com\/hu\/\">Rckopen.com<\/a>. Felhaszn\u00e1l\u00f3bar\u00e1t weboldalunkon egyszer\u0171en, n\u00e9h\u00e1ny kattint\u00e1ssal megrendelheti a 4-HO-MPT-t, diszkr\u00e9t sz\u00e1ll\u00edt\u00e1sunk pedig gondoskodik arr\u00f3l, hogy csomagja biztons\u00e1gosan meg\u00e9rkezzen.<\/p>\n<h3>Jogszer\u0171 \u00e9s t\u00f6rv\u00e9nyes<\/h3>\n<p>Biztos lehet benne, hogy amikor a 4-HO-MPT-t az RCKopent\u0151l v\u00e1s\u00e1rol, megb\u00edzhat\u00f3 forr\u00e1sb\u00f3l v\u00e1s\u00e1rol. Az \u00f6sszes vonatkoz\u00f3 t\u00f6rv\u00e9nynek \u00e9s szab\u00e1lyoz\u00e1snak teljes m\u00e9rt\u00e9kben megfelelve m\u0171k\u00f6d\u00fcnk, \u00edgy \u00d6n nyugodtan v\u00e1s\u00e1rolhat, tudva, hogy v\u00e1s\u00e1rl\u00e1sa leg\u00e1lis \u00e9s t\u00f6rv\u00e9nyes forr\u00e1sb\u00f3l sz\u00e1rmazik.<\/p>\n<h3>Nemzetk\u00f6zi sz\u00e1ll\u00edt\u00e1s el\u00e9rhet\u0151<\/h3>\n<p>Ak\u00e1r az Egyes\u00fclt Kir\u00e1lys\u00e1gban, ak\u00e1r k\u00fclf\u00f6ld\u00f6n tart\u00f3zkodik, az RCKopen 4-HO-MPT-t k\u00edn\u00e1l elad\u00e1sra, vil\u00e1gm\u00e9ret\u0171 sz\u00e1ll\u00edt\u00e1si lehet\u0151s\u00e9ggel. B\u00e1rhol is van, hozz\u00e1f\u00e9rhet 4-HO-MPT \u00fczlet\u00fcnkh\u00f6z, \u00e9s a kutat\u00e1si anyagot otthon\u00e1ba sz\u00e1ll\u00edthatjuk.<\/p>\n<h3>Garant\u00e1lt \u00fcgyf\u00e9l-el\u00e9gedetts\u00e9g<\/h3>\n<p>Az \u00d6n el\u00e9gedetts\u00e9ge a legfontosabb sz\u00e1munkra az RCKopen-n\u00e9l. Az egyszer\u0171 megrendel\u00e9si folyamatunkt\u00f3l kezdve a gyors reag\u00e1l\u00e1s\u00fa \u00fcgyf\u00e9lszolg\u00e1lati csapatunkig, elk\u00f6telezettek vagyunk amellett, hogy a lehet\u0151 legjobb \u00e9lm\u00e9nyt ny\u00fajtsuk \u00d6nnek az \u00fat minden egyes l\u00e9p\u00e9s\u00e9n\u00e9l.<\/p>\n<h3>Kezdje el a kutat\u00e1si utat m\u00e9g ma<\/h3>\n<p>K\u00e9szen \u00e1ll a 4-HO-MPT megv\u00e1s\u00e1rl\u00e1s\u00e1ra, \u00e9s \u00faj szintre emeli kutat\u00e1s\u00e1t? L\u00e1togassa meg most az RCKopen-t, hogy felfedezze kiv\u00e1l\u00f3 min\u0151s\u00e9g\u0171 kutat\u00e1si vegyszerek v\u00e1laszt\u00e9k\u00e1t, \u00e9s magabiztosan rendelje meg. Haszn\u00e1lja ki a 4-HO-MPT-ben rejl\u0151 lehet\u0151s\u00e9geket k\u00eds\u00e9rleteiben m\u00e9g ma!<\/p>\n<h3>\u00c1tl\u00e1that\u00f3 term\u00e9kinform\u00e1ci\u00f3k<\/h3>\n<p>Az RCKopen-n\u00e9l hisz\u00fcnk az \u00e1tl\u00e1that\u00f3s\u00e1gban. Ez\u00e9rt ny\u00fajtunk r\u00e9szletes t\u00e1j\u00e9koztat\u00e1st a 4-HO-MPT term\u00e9keinkr\u0151l, bele\u00e9rtve a tisztas\u00e1gi szinteket, az aj\u00e1nlott adagokat \u00e9s a lehets\u00e9ges hat\u00e1sokat. Vel\u00fcnk mindig pontosan tudja, hogy mit kap.<\/p>\n<h3>Biztons\u00e1gos fizet\u00e9si lehet\u0151s\u00e9gek<\/h3>\n<p>Az \u00d6n biztons\u00e1ga az els\u0151dleges feladatunk. Amikor 4-HO-MPT-t rendel az RCKopen-t\u0151l, sz\u00e1mos biztons\u00e1gos fizet\u00e9si lehet\u0151s\u00e9g k\u00f6z\u00fcl v\u00e1laszthat, hogy tranzakci\u00f3ja v\u00e9dve legyen. Titkos\u00edt\u00e1si technol\u00f3gi\u00e1t haszn\u00e1lunk szem\u00e9lyes \u00e9s p\u00e9nz\u00fcgyi adatainak v\u00e9delm\u00e9re, \u00edgy nyugodt sz\u00edvvel v\u00e1s\u00e1rolhat.<\/p>\n<\/div>\n<\/div>\n<\/div>\n<div data-content-type=\"row\" data-appearance=\"contained\" data-element=\"main\">\n<div data-enable-parallax=\"0\" data-parallax-speed=\"0.5\" data-background-images=\"{}\" data-background-type=\"image\" data-video-loop=\"true\" data-video-play-only-visible=\"true\" data-video-lazy-load=\"true\" data-video-fallback-src=\"\" data-element=\"inner\" data-pb-style=\"X1KCBWS\">\n<div data-content-type=\"text\" data-appearance=\"default\" data-element=\"main\"><\/div>\n<\/div>\n<\/div>","protected":false},"excerpt":{"rendered":"<p>Uw one-stop-shop voor 4-HO-MPT online kopen Wilt u 4-HO-MPT online kopen? U bent bij ons aan het juiste adres! RCKopen biedt een naadloze aankoopervaring voor 4-HO-MPT-enthousiastelingen over de hele wereld. Waarom kiezen voor RCKopen voor uw 4-HO-MPT-behoeften? Bij RCKopen begrijpen we het belang van kwaliteit en legaliteit als het gaat<\/p>","protected":false},"featured_media":7664,"comment_status":"open","ping_status":"closed","template":"","meta":{"_joinchat":[]},"product_brand":[],"product_cat":[149],"product_tag":[],"class_list":{"0":"post-6802","1":"product","2":"type-product","3":"status-publish","4":"has-post-thumbnail","6":"product_cat-tryptaminen","8":"first","9":"instock","10":"shipping-taxable","11":"purchasable","12":"product-type-variable"},"yoast_head":"<!-- This site is optimized with the Yoast SEO plugin v26.3 - https:\/\/yoast.com\/wordpress\/plugins\/seo\/ -->\n<title>4-HO-MPT online kopen - 4-HO-MPT te koop | RC Kopen<\/title>\n<meta name=\"description\" content=\"4-HO-MPT online kopen Je kunt contact opnemen met onze RCKOPEN en 4-ho-mpt online bestellen. We hebben 4-ho-mpt te koop tegen goedkope prijzen.\" \/>\n<meta name=\"robots\" content=\"index, follow, max-snippet:-1, max-image-preview:large, max-video-preview:-1\" \/>\n<link rel=\"canonical\" href=\"https:\/\/rckopen.com\/hu\/termek\/vasarolni-4-ho-2\/\" \/>\n<meta property=\"og:locale\" content=\"hu_HU\" \/>\n<meta property=\"og:type\" content=\"article\" \/>\n<meta property=\"og:title\" content=\"4-HO-MPT online kopen - 4-HO-MPT te koop | RC Kopen\" \/>\n<meta property=\"og:description\" content=\"4-HO-MPT online kopen Je kunt contact opnemen met onze RCKOPEN en 4-ho-mpt online bestellen. We hebben 4-ho-mpt te koop tegen goedkope prijzen.\" \/>\n<meta property=\"og:url\" content=\"https:\/\/rckopen.com\/hu\/termek\/vasarolni-4-ho-2\/\" \/>\n<meta property=\"og:site_name\" content=\"RC Kopen\" \/>\n<meta property=\"article:modified_time\" content=\"2025-01-31T05:32:23+00:00\" \/>\n<meta property=\"og:image\" content=\"https:\/\/rckopen.com\/wp-content\/uploads\/2023\/08\/4-HO-MET-1.jpg\" \/>\n\t<meta property=\"og:image:width\" content=\"600\" \/>\n\t<meta property=\"og:image:height\" content=\"600\" \/>\n\t<meta property=\"og:image:type\" content=\"image\/jpeg\" \/>\n<meta name=\"twitter:card\" content=\"summary_large_image\" \/>\n<meta name=\"twitter:label1\" content=\"Becs\u00fclt olvas\u00e1si id\u0151\" \/>\n\t<meta name=\"twitter:data1\" content=\"2 perc\" \/>\n<script type=\"application\/ld+json\" class=\"yoast-schema-graph\">{\"@context\":\"https:\/\/schema.org\",\"@graph\":[{\"@type\":\"WebPage\",\"@id\":\"https:\/\/rckopen.com\/product\/koop-4-ho-met-2\/\",\"url\":\"https:\/\/rckopen.com\/product\/koop-4-ho-met-2\/\",\"name\":\"4-HO-MPT online kopen - 4-HO-MPT te koop | RC Kopen\",\"isPartOf\":{\"@id\":\"https:\/\/rckopen.com\/#website\"},\"primaryImageOfPage\":{\"@id\":\"https:\/\/rckopen.com\/product\/koop-4-ho-met-2\/#primaryimage\"},\"image\":{\"@id\":\"https:\/\/rckopen.com\/product\/koop-4-ho-met-2\/#primaryimage\"},\"thumbnailUrl\":\"https:\/\/rckopen.com\/wp-content\/uploads\/2023\/08\/4-HO-MET-1.jpg\",\"datePublished\":\"2023-08-17T12:12:47+00:00\",\"dateModified\":\"2025-01-31T05:32:23+00:00\",\"description\":\"4-HO-MPT online kopen Je kunt contact opnemen met onze RCKOPEN en 4-ho-mpt online bestellen. We hebben 4-ho-mpt te koop tegen goedkope prijzen.\",\"breadcrumb\":{\"@id\":\"https:\/\/rckopen.com\/product\/koop-4-ho-met-2\/#breadcrumb\"},\"inLanguage\":\"hu\",\"potentialAction\":[{\"@type\":\"ReadAction\",\"target\":[\"https:\/\/rckopen.com\/product\/koop-4-ho-met-2\/\"]}]},{\"@type\":\"ImageObject\",\"inLanguage\":\"hu\",\"@id\":\"https:\/\/rckopen.com\/product\/koop-4-ho-met-2\/#primaryimage\",\"url\":\"https:\/\/rckopen.com\/wp-content\/uploads\/2023\/08\/4-HO-MET-1.jpg\",\"contentUrl\":\"https:\/\/rckopen.com\/wp-content\/uploads\/2023\/08\/4-HO-MET-1.jpg\",\"width\":600,\"height\":600,\"caption\":\"4-HO-MET online kopen\"},{\"@type\":\"BreadcrumbList\",\"@id\":\"https:\/\/rckopen.com\/product\/koop-4-ho-met-2\/#breadcrumb\",\"itemListElement\":[{\"@type\":\"ListItem\",\"position\":1,\"name\":\"Home\",\"item\":\"https:\/\/rckopen.com\/\"},{\"@type\":\"ListItem\",\"position\":2,\"name\":\"Shop\",\"item\":\"https:\/\/rckopen.com\/shop\/\"},{\"@type\":\"ListItem\",\"position\":3,\"name\":\"4-HO-MPT online kopen\"}]},{\"@type\":\"WebSite\",\"@id\":\"https:\/\/rckopen.com\/#website\",\"url\":\"https:\/\/rckopen.com\/\",\"name\":\"RC Kopen\",\"description\":\"Research Chemicals\",\"potentialAction\":[{\"@type\":\"SearchAction\",\"target\":{\"@type\":\"EntryPoint\",\"urlTemplate\":\"https:\/\/rckopen.com\/?s={search_term_string}\"},\"query-input\":{\"@type\":\"PropertyValueSpecification\",\"valueRequired\":true,\"valueName\":\"search_term_string\"}}],\"inLanguage\":\"hu\"}]}<\/script>\n<!-- \/ Yoast SEO plugin. -->","yoast_head_json":{"title":"4-HO-MPT online kopen - 4-HO-MPT te koop | RC Kopen","description":"4-HO-MPT online kopen Je kunt contact opnemen met onze RCKOPEN en 4-ho-mpt online bestellen. We hebben 4-ho-mpt te koop tegen goedkope prijzen.","robots":{"index":"index","follow":"follow","max-snippet":"max-snippet:-1","max-image-preview":"max-image-preview:large","max-video-preview":"max-video-preview:-1"},"canonical":"https:\/\/rckopen.com\/hu\/termek\/vasarolni-4-ho-2\/","og_locale":"hu_HU","og_type":"article","og_title":"4-HO-MPT online kopen - 4-HO-MPT te koop | RC Kopen","og_description":"4-HO-MPT online kopen Je kunt contact opnemen met onze RCKOPEN en 4-ho-mpt online bestellen. We hebben 4-ho-mpt te koop tegen goedkope prijzen.","og_url":"https:\/\/rckopen.com\/hu\/termek\/vasarolni-4-ho-2\/","og_site_name":"RC Kopen","article_modified_time":"2025-01-31T05:32:23+00:00","og_image":[{"width":600,"height":600,"url":"https:\/\/rckopen.com\/wp-content\/uploads\/2023\/08\/4-HO-MET-1.jpg","type":"image\/jpeg"}],"twitter_card":"summary_large_image","twitter_misc":{"Becs\u00fclt olvas\u00e1si id\u0151":"2 perc"},"schema":{"@context":"https:\/\/schema.org","@graph":[{"@type":"WebPage","@id":"https:\/\/rckopen.com\/product\/koop-4-ho-met-2\/","url":"https:\/\/rckopen.com\/product\/koop-4-ho-met-2\/","name":"4-HO-MPT online kopen - 4-HO-MPT te koop | RC Kopen","isPartOf":{"@id":"https:\/\/rckopen.com\/#website"},"primaryImageOfPage":{"@id":"https:\/\/rckopen.com\/product\/koop-4-ho-met-2\/#primaryimage"},"image":{"@id":"https:\/\/rckopen.com\/product\/koop-4-ho-met-2\/#primaryimage"},"thumbnailUrl":"https:\/\/rckopen.com\/wp-content\/uploads\/2023\/08\/4-HO-MET-1.jpg","datePublished":"2023-08-17T12:12:47+00:00","dateModified":"2025-01-31T05:32:23+00:00","description":"4-HO-MPT online kopen Je kunt contact opnemen met onze RCKOPEN en 4-ho-mpt online bestellen. We hebben 4-ho-mpt te koop tegen goedkope prijzen.","breadcrumb":{"@id":"https:\/\/rckopen.com\/product\/koop-4-ho-met-2\/#breadcrumb"},"inLanguage":"hu","potentialAction":[{"@type":"ReadAction","target":["https:\/\/rckopen.com\/product\/koop-4-ho-met-2\/"]}]},{"@type":"ImageObject","inLanguage":"hu","@id":"https:\/\/rckopen.com\/product\/koop-4-ho-met-2\/#primaryimage","url":"https:\/\/rckopen.com\/wp-content\/uploads\/2023\/08\/4-HO-MET-1.jpg","contentUrl":"https:\/\/rckopen.com\/wp-content\/uploads\/2023\/08\/4-HO-MET-1.jpg","width":600,"height":600,"caption":"4-HO-MET online kopen"},{"@type":"BreadcrumbList","@id":"https:\/\/rckopen.com\/product\/koop-4-ho-met-2\/#breadcrumb","itemListElement":[{"@type":"ListItem","position":1,"name":"Home","item":"https:\/\/rckopen.com\/"},{"@type":"ListItem","position":2,"name":"Shop","item":"https:\/\/rckopen.com\/shop\/"},{"@type":"ListItem","position":3,"name":"4-HO-MPT online kopen"}]},{"@type":"WebSite","@id":"https:\/\/rckopen.com\/#website","url":"https:\/\/rckopen.com\/","name":"RC Kopen","description":"Research Chemicals","potentialAction":[{"@type":"SearchAction","target":{"@type":"EntryPoint","urlTemplate":"https:\/\/rckopen.com\/?s={search_term_string}"},"query-input":{"@type":"PropertyValueSpecification","valueRequired":true,"valueName":"search_term_string"}}],"inLanguage":"hu"}]}},"_links":{"self":[{"href":"https:\/\/rckopen.com\/hu\/wp-json\/wp\/v2\/product\/6802","targetHints":{"allow":["GET"]}}],"collection":[{"href":"https:\/\/rckopen.com\/hu\/wp-json\/wp\/v2\/product"}],"about":[{"href":"https:\/\/rckopen.com\/hu\/wp-json\/wp\/v2\/types\/product"}],"replies":[{"embeddable":true,"href":"https:\/\/rckopen.com\/hu\/wp-json\/wp\/v2\/comments?post=6802"}],"wp:featuredmedia":[{"embeddable":true,"href":"https:\/\/rckopen.com\/hu\/wp-json\/wp\/v2\/media\/7664"}],"wp:attachment":[{"href":"https:\/\/rckopen.com\/hu\/wp-json\/wp\/v2\/media?parent=6802"}],"wp:term":[{"taxonomy":"product_brand","embeddable":true,"href":"https:\/\/rckopen.com\/hu\/wp-json\/wp\/v2\/product_brand?post=6802"},{"taxonomy":"product_cat","embeddable":true,"href":"https:\/\/rckopen.com\/hu\/wp-json\/wp\/v2\/product_cat?post=6802"},{"taxonomy":"product_tag","embeddable":true,"href":"https:\/\/rckopen.com\/hu\/wp-json\/wp\/v2\/product_tag?post=6802"}],"curies":[{"name":"wp","href":"https:\/\/api.w.org\/{rel}","templated":true}]}}