{"id":8152,"date":"2024-04-15T16:42:14","date_gmt":"2024-04-15T16:42:14","guid":{"rendered":"https:\/\/rckopen.com\/?post_type=product&#038;p=8152"},"modified":"2025-02-04T04:23:08","modified_gmt":"2025-02-04T04:23:08","slug":"koop-caluanie-muelear-oxidize-online","status":"publish","type":"product","link":"https:\/\/rckopen.com\/hu\/termek\/koop-caluanie-muelear-oxidize-online\/","title":{"rendered":"V\u00e1s\u00e1roljon Caluanie Muelear Oxidize online"},"content":{"rendered":"<h2 style=\"text-align: justify;\">V\u00e1s\u00e1roljon Caluanie Muelear Oxidize online<\/h2>\n<p style=\"text-align: justify;\"><a href=\"https:\/\/rckopen.com\/hu\/termek\/koop-caluanie-muelear-oxidize-online\/\">V\u00e1s\u00e1roljon Caluanie Muelear Oxidize online<\/a>, a k\u00e9miai term\u00e9k Caluanie egy vil\u00e1gosbarna viszk\u00f3zus folyad\u00e9k, amely a nyers p\u00e1lmaoldat transzmogrifik\u00e1ci\u00f3j\u00e1b\u00f3l sz\u00e1rmazik. A nyers caluanie-t 99%-ban a Muelear Oxidize Pasteurize \u00fczemben \u00e1ll\u00edtj\u00e1k el\u0151, \u00e9s ez egy kiv\u00e1l\u00f3 vegyszer, amely vil\u00e1gszerte potenci\u00e1lisan alkalmazhat\u00f3 a f\u0151k\u00e9nt vegyi k\u00f6zpontos\u00edtott gy\u00e1rt\u00f3iparban.<\/p>\n<p style=\"text-align: justify;\">A Caluanie-t sz\u00e9les k\u00f6rben haszn\u00e1lj\u00e1k a vegyiparban, a fest\u00e9kiparban higroszk\u00f3pos szerk\u00e9nt, \u00e9s sz\u00e9les k\u00f6rben alkalmazhat\u00f3 a bevonatok, fest\u00e9kek, m\u0171anyagok \u00e9s nyomdafest\u00e9kek ipar\u00e1ban. V\u00e1s\u00e1roljon 100%-ban tiszta Caluanie vegyszereket megb\u00edzhat\u00f3 forr\u00e1sb\u00f3l. <a href=\"https:\/\/rckopen.com\/hu\/\">RCKopen<\/a><\/p>\n<p style=\"text-align: justify;\">A Caluaine egy barn\u00e1s viszk\u00f3zus folyad\u00e9k, amelyet a Muelear Oxidize \u00e1ll\u00edt el\u0151. Neh\u00e9zv\u00edznek nevezik, mert t\u00f6bb neh\u00e9z hidrog\u00e9natomot tartalmaz, mint a tipikus hidrog\u00e9natom. A Caluanie Muelear Oxidize f\u00e9moxidok felold\u00e1s\u00e1ra \u00e9s el\u00e9get\u00e9s\u00e9re szolg\u00e1l, mik\u00f6zben elker\u00fcli a m\u00e1s vegyi anyagokkal val\u00f3 k\u00f6lcs\u00f6nhat\u00e1sokat.<\/p>\n<p style=\"text-align: justify;\">Ezt az \u00e1tl\u00e1tsz\u00f3, sz\u00edntelen folyad\u00e9kot laborat\u00f3riumban tesztelt\u00e9k annak igazol\u00e1s\u00e1ra, hogy a k\u00e9zi kezel\u00e9snek nincs negat\u00edv hat\u00e1sa. A Caluaine tisztas\u00e1g\u00e1ban \u00e9s biztons\u00e1g\u00e1ban bizalommal v\u00e1s\u00e1rolhat\u00f3 \u00fczlet\u00fcnkben. A nagykereskedelmi v\u00e1s\u00e1rl\u00e1sok jelent\u0151s megtakar\u00edt\u00e1st jelentenek!<\/p>\n<p style=\"text-align: justify;\">A Caluanie Muelear Oxidize sz\u00e1mos alkalmaz\u00e1shoz el\u00e9rhet\u0151<\/p>\n<p style=\"text-align: justify;\">Az ipari szektorban a vegyi anyagokat sz\u00e9les k\u00f6rben haszn\u00e1lj\u00e1k k\u00fcl\u00f6nf\u00e9le alkalmaz\u00e1sokhoz. Caluaine Muelear <a href=\"https:\/\/en.wikipedia.org\/wiki\/Oxidizing_acid\">Oxidize<\/a> nagyon keresett term\u00e9k a f\u00e9m- \u00e9s vegyiparban. A f\u0151bb alkalmaz\u00e1sok a k\u00f6vetkez\u0151k:<\/p>\n<p style=\"text-align: justify;\">F\u00e9m vasalat feldolgoz\u00e1s<br \/>\nFoltelt\u00e1vol\u00edt\u00e1s<br \/>\nEmulge\u00e1l\u00f3 hat\u00e1s\u00fa<br \/>\nDr\u00e1gak\u00f6vek \u00e9s f\u00e9ldr\u00e1gak\u00f6vek finom\u00edt\u00e1sa<br \/>\nF\u00e9mek k\u00e9miai k\u00f6sz\u00f6r\u00fcl\u00e9se<br \/>\nOlyan anyagok elt\u00e1vol\u00edt\u00e1sa, amelyeket m\u00e1s vegyszerek nem tudnak<\/p>\n<p style=\"text-align: justify;\">Ez a vegy\u00fclet laborat\u00f3riumi \u00e9s ipari felhaszn\u00e1l\u00e1sra egyar\u00e1nt hozz\u00e1f\u00e9rhet\u0151. A Caluanie Muelear Oxidize tudom\u00e1nyos int\u00e9zetek \u00e9s oxid\u00e1l\u00f3szerekre \u00e9s neh\u00e9zv\u00edzre szakosodott szem\u00e9lyek sz\u00e1m\u00e1ra kaphat\u00f3. Ker\u00fclje el a term\u00e9k helytelen haszn\u00e1lat\u00e1t, mert m\u00e9rgez\u00e9st okozhat. A vesz\u00e9lyek cs\u00f6kkent\u00e9se \u00e9rdek\u00e9ben az ipar\u00e1gak hivat\u00e1sos dolgoz\u00f3it megfelel\u0151en ki kell k\u00e9pezni.<\/p>\n<p style=\"text-align: justify;\">Az ezekkel a vegy\u00fcletekkel val\u00f3 munkav\u00e9gz\u00e9s megk\u00f6veteli a vegyszerek kezel\u00e9s\u00e9re \u00e9s t\u00e1rol\u00e1s\u00e1ra vonatkoz\u00f3 biztons\u00e1gi k\u00f6vetelm\u00e9nyek alapvet\u0151 meg\u00e9rt\u00e9s\u00e9t. A lenyel\u00e9s vagy a b\u0151rrel val\u00f3 \u00e9rintkez\u00e9s elker\u00fcl\u00e9se \u00e9rdek\u00e9ben v\u00e9d\u0151ruh\u00e1zatot kell viselni. Minden t\u0151l\u00fcnk telhet\u0151t megtesz\u00fcnk annak \u00e9rdek\u00e9ben, hogy a min\u0151s\u00e9get a mi oldalunkon ne befoly\u00e1solj\u00e1k, de a term\u00e9k haszn\u00e1latakor \u00f3vatosan kell elj\u00e1rnia.<\/p>\n<h2 style=\"text-align: justify;\">Wij bieden Caluanie Muelear Oxidize online kopen aan<\/h2>\n<p style=\"text-align: justify;\">Term\u00e9k: Caluanie Muelear Oxidize (a nyers Caluanie 99%-a Muelear oxidise-b\u00f3l sz\u00e1rmazik), Caluanie (oxidat\u00edv elv\u00e1laszt\u00f3 termoszt\u00e1t, neh\u00e9zv\u00edz):<\/p>\n<p style=\"text-align: justify;\">Ez a term\u00e9k nemesf\u00e9mek \u00e9s f\u00e9ldr\u00e1gak\u00f6vek \u0151rl\u00e9s\u00e9re \u00e9s feldolgoz\u00e1s\u00e1ra szolg\u00e1l. Dr\u00e1ga- \u00e9s f\u00e9ldr\u00e1gak\u00f6vek feldolgoz\u00e1s\u00e1ra, valamint f\u00e9mek z\u00faz\u00e1s\u00e1ra haszn\u00e1lj\u00e1k a vegyiparban. Caluanie Mulear Oxide online USA<\/p>\n<h3 style=\"text-align: justify;\">Mi tesz minket a Caluanie Muelear Oxidize vezet\u0151 gy\u00e1rt\u00f3j\u00e1v\u00e1?<\/h3>\n<p style=\"text-align: justify;\">A legt\u00f6bb vegyszerrel manaps\u00e1g az a probl\u00e9ma, hogy k\u00fcl\u00f6nb\u00f6z\u0151 koncentr\u00e1ci\u00f3ban vannak. Az \u00e9les verseny miatt a min\u0151s\u00e9g az egyik leg\u00e9get\u0151bb k\u00e9rd\u00e9s. A kis volumen\u0171 termel\u0151egys\u00e9gek k\u00f6lts\u00e9gcs\u00f6kkent\u00e9si strat\u00e9gi\u00e1kat alkalmaznak a profit maximaliz\u00e1l\u00e1sa \u00e9rdek\u00e9ben az alacsony min\u0151s\u00e9g\u0171 \u00e1ruk \u00e9rt\u00e9kes\u00edt\u00e9s\u00e9vel. A Caluanie Chemicals LTD nem tartozik k\u00f6z\u00e9j\u00fck.<\/p>\n<p style=\"text-align: justify;\">Ami a min\u0151s\u00e9g biztos\u00edt\u00e1s\u00e1t \u00e9s az \u00e9rt\u00e9kteremt\u00e9st illeti, szenved\u00e9ly\u00fcnk a t\u00fall\u00e9p\u00e9s. A laborat\u00f3riumban tesztelt Caluanie Muelear Oxidize verhetetlen \u00e1ron kaphat\u00f3 n\u00e1lunk. Tov\u00e1bb\u00e1 elk\u00f6telezettek vagyunk \u00fcgyfeleink biztons\u00e1ga mellett, \u00e9s megfelel\u0151 \u00fatmutat\u00e1st adunk. Szolg\u00e1ltat\u00e1sainkat egyedi ig\u00e9nyekre szabhatjuk, \u00e9s b\u00e1rmilyen k\u00e9rd\u00e9se, \u00e9szrev\u00e9tele eset\u00e9n b\u00e1rmikor fordulhat hozz\u00e1nk.<\/p>\n<p style=\"text-align: justify;\">Rendelhet\u0151 kiszerel\u00e9sek: 5L \u00e9s \u00f6mlesztett kiszerel\u00e9s 20L-t\u0151l, 50L-t\u0151l, 100L-t\u0151l vagy a vev\u0151 k\u00e9r\u00e9se szerint.<\/p>","protected":false},"excerpt":{"rendered":"<p>Term\u00e9k: Caluanie Muelear Oxidize (a nyers Caluanie 99%-a Muelear oxidise-b\u00f3l sz\u00e1rmazik), Caluanie (oxidat\u00edv elv\u00e1laszt\u00f3 termoszt\u00e1t, neh\u00e9zv\u00edz):<\/p>\n<p>Megb\u00edzhat\u00f3 besz\u00e1ll\u00edt\u00f3 c\u00e9g vagyunk, \u00e9s minden orsz\u00e1gban 100%-os sikert \u00e9r\u00fcnk el.<\/p>\n<p>A neh\u00e9zv\u00edz megv\u00e1ltoztatja a f\u00e9m tulajdons\u00e1gait, ridegg\u00e9 teszi azt. De amikor a neh\u00e9zv\u00edz elp\u00e1rolog, a f\u00e9m visszat\u00e9r kor\u00e1bbi \u00e1llapot\u00e1ba.<\/p>","protected":false},"featured_media":8159,"comment_status":"open","ping_status":"closed","template":"","meta":{"_joinchat":[]},"product_brand":[],"product_cat":[194],"product_tag":[],"class_list":{"0":"post-8152","1":"product","2":"type-product","3":"status-publish","4":"has-post-thumbnail","6":"product_cat-liquid-mercury","8":"first","9":"instock","10":"shipping-taxable","11":"purchasable","12":"product-type-variable"},"yoast_head":"<!-- This site is optimized with the Yoast SEO plugin v26.3 - https:\/\/yoast.com\/wordpress\/plugins\/seo\/ -->\n<title>Caluanie Muelear Oxidize online kopen @ Rckopen<\/title>\n<meta name=\"description\" content=\"caluanie muelear oxidize te koop is nu eenvoudig verkrijgbaar in onze online winkel. U kunt rechtstreeks verbinding maken met onze RC-koopwinkel en caluanie muelear oxidize online kopen tegen de beste prijzen.\" \/>\n<meta name=\"robots\" content=\"index, follow, max-snippet:-1, max-image-preview:large, max-video-preview:-1\" \/>\n<link rel=\"canonical\" href=\"https:\/\/rckopen.com\/hu\/termek\/koop-caluanie-muelear-oxidize-online\/\" \/>\n<meta property=\"og:locale\" content=\"hu_HU\" \/>\n<meta property=\"og:type\" content=\"article\" \/>\n<meta property=\"og:title\" content=\"Caluanie Muelear Oxidize online kopen @ Rckopen\" \/>\n<meta property=\"og:description\" content=\"caluanie muelear oxidize te koop is nu eenvoudig verkrijgbaar in onze online winkel. U kunt rechtstreeks verbinding maken met onze RC-koopwinkel en caluanie muelear oxidize online kopen tegen de beste prijzen.\" \/>\n<meta property=\"og:url\" content=\"https:\/\/rckopen.com\/hu\/termek\/koop-caluanie-muelear-oxidize-online\/\" \/>\n<meta property=\"og:site_name\" content=\"RC Kopen\" \/>\n<meta property=\"article:modified_time\" content=\"2025-02-04T04:23:08+00:00\" \/>\n<meta property=\"og:image\" content=\"https:\/\/rckopen.com\/wp-content\/uploads\/2024\/04\/caluanie-muelear-oxidize.jpg\" \/>\n\t<meta property=\"og:image:width\" content=\"600\" \/>\n\t<meta property=\"og:image:height\" content=\"600\" \/>\n\t<meta property=\"og:image:type\" content=\"image\/jpeg\" \/>\n<meta name=\"twitter:card\" content=\"summary_large_image\" \/>\n<meta name=\"twitter:label1\" content=\"Becs\u00fclt olvas\u00e1si id\u0151\" \/>\n\t<meta name=\"twitter:data1\" content=\"3 perc\" \/>\n<script type=\"application\/ld+json\" class=\"yoast-schema-graph\">{\"@context\":\"https:\/\/schema.org\",\"@graph\":[{\"@type\":\"WebPage\",\"@id\":\"https:\/\/rckopen.com\/product\/koop-caluanie-muelear-oxidize-online\/\",\"url\":\"https:\/\/rckopen.com\/product\/koop-caluanie-muelear-oxidize-online\/\",\"name\":\"Caluanie Muelear Oxidize online kopen @ Rckopen\",\"isPartOf\":{\"@id\":\"https:\/\/rckopen.com\/#website\"},\"primaryImageOfPage\":{\"@id\":\"https:\/\/rckopen.com\/product\/koop-caluanie-muelear-oxidize-online\/#primaryimage\"},\"image\":{\"@id\":\"https:\/\/rckopen.com\/product\/koop-caluanie-muelear-oxidize-online\/#primaryimage\"},\"thumbnailUrl\":\"https:\/\/rckopen.com\/wp-content\/uploads\/2024\/04\/caluanie-muelear-oxidize.jpg\",\"datePublished\":\"2024-04-15T16:42:14+00:00\",\"dateModified\":\"2025-02-04T04:23:08+00:00\",\"description\":\"caluanie muelear oxidize te koop is nu eenvoudig verkrijgbaar in onze online winkel. U kunt rechtstreeks verbinding maken met onze RC-koopwinkel en caluanie muelear oxidize online kopen tegen de beste prijzen.\",\"breadcrumb\":{\"@id\":\"https:\/\/rckopen.com\/product\/koop-caluanie-muelear-oxidize-online\/#breadcrumb\"},\"inLanguage\":\"hu\",\"potentialAction\":[{\"@type\":\"ReadAction\",\"target\":[\"https:\/\/rckopen.com\/product\/koop-caluanie-muelear-oxidize-online\/\"]}]},{\"@type\":\"ImageObject\",\"inLanguage\":\"hu\",\"@id\":\"https:\/\/rckopen.com\/product\/koop-caluanie-muelear-oxidize-online\/#primaryimage\",\"url\":\"https:\/\/rckopen.com\/wp-content\/uploads\/2024\/04\/caluanie-muelear-oxidize.jpg\",\"contentUrl\":\"https:\/\/rckopen.com\/wp-content\/uploads\/2024\/04\/caluanie-muelear-oxidize.jpg\",\"width\":600,\"height\":600,\"caption\":\"Caluanie Muelear Oxidize online kopen\"},{\"@type\":\"BreadcrumbList\",\"@id\":\"https:\/\/rckopen.com\/product\/koop-caluanie-muelear-oxidize-online\/#breadcrumb\",\"itemListElement\":[{\"@type\":\"ListItem\",\"position\":1,\"name\":\"Home\",\"item\":\"https:\/\/rckopen.com\/\"},{\"@type\":\"ListItem\",\"position\":2,\"name\":\"Shop\",\"item\":\"https:\/\/rckopen.com\/shop\/\"},{\"@type\":\"ListItem\",\"position\":3,\"name\":\"Caluanie Muelear Oxidize online kopen\"}]},{\"@type\":\"WebSite\",\"@id\":\"https:\/\/rckopen.com\/#website\",\"url\":\"https:\/\/rckopen.com\/\",\"name\":\"RC Kopen\",\"description\":\"Research Chemicals\",\"potentialAction\":[{\"@type\":\"SearchAction\",\"target\":{\"@type\":\"EntryPoint\",\"urlTemplate\":\"https:\/\/rckopen.com\/?s={search_term_string}\"},\"query-input\":{\"@type\":\"PropertyValueSpecification\",\"valueRequired\":true,\"valueName\":\"search_term_string\"}}],\"inLanguage\":\"hu\"}]}<\/script>\n<!-- \/ Yoast SEO plugin. -->","yoast_head_json":{"title":"Caluanie Muelear Oxidize online kopen @ Rckopen","description":"caluanie muelear oxidize te koop is nu eenvoudig verkrijgbaar in onze online winkel. U kunt rechtstreeks verbinding maken met onze RC-koopwinkel en caluanie muelear oxidize online kopen tegen de beste prijzen.","robots":{"index":"index","follow":"follow","max-snippet":"max-snippet:-1","max-image-preview":"max-image-preview:large","max-video-preview":"max-video-preview:-1"},"canonical":"https:\/\/rckopen.com\/hu\/termek\/koop-caluanie-muelear-oxidize-online\/","og_locale":"hu_HU","og_type":"article","og_title":"Caluanie Muelear Oxidize online kopen @ Rckopen","og_description":"caluanie muelear oxidize te koop is nu eenvoudig verkrijgbaar in onze online winkel. U kunt rechtstreeks verbinding maken met onze RC-koopwinkel en caluanie muelear oxidize online kopen tegen de beste prijzen.","og_url":"https:\/\/rckopen.com\/hu\/termek\/koop-caluanie-muelear-oxidize-online\/","og_site_name":"RC Kopen","article_modified_time":"2025-02-04T04:23:08+00:00","og_image":[{"width":600,"height":600,"url":"https:\/\/rckopen.com\/wp-content\/uploads\/2024\/04\/caluanie-muelear-oxidize.jpg","type":"image\/jpeg"}],"twitter_card":"summary_large_image","twitter_misc":{"Becs\u00fclt olvas\u00e1si id\u0151":"3 perc"},"schema":{"@context":"https:\/\/schema.org","@graph":[{"@type":"WebPage","@id":"https:\/\/rckopen.com\/product\/koop-caluanie-muelear-oxidize-online\/","url":"https:\/\/rckopen.com\/product\/koop-caluanie-muelear-oxidize-online\/","name":"Caluanie Muelear Oxidize online kopen @ Rckopen","isPartOf":{"@id":"https:\/\/rckopen.com\/#website"},"primaryImageOfPage":{"@id":"https:\/\/rckopen.com\/product\/koop-caluanie-muelear-oxidize-online\/#primaryimage"},"image":{"@id":"https:\/\/rckopen.com\/product\/koop-caluanie-muelear-oxidize-online\/#primaryimage"},"thumbnailUrl":"https:\/\/rckopen.com\/wp-content\/uploads\/2024\/04\/caluanie-muelear-oxidize.jpg","datePublished":"2024-04-15T16:42:14+00:00","dateModified":"2025-02-04T04:23:08+00:00","description":"caluanie muelear oxidize te koop is nu eenvoudig verkrijgbaar in onze online winkel. U kunt rechtstreeks verbinding maken met onze RC-koopwinkel en caluanie muelear oxidize online kopen tegen de beste prijzen.","breadcrumb":{"@id":"https:\/\/rckopen.com\/product\/koop-caluanie-muelear-oxidize-online\/#breadcrumb"},"inLanguage":"hu","potentialAction":[{"@type":"ReadAction","target":["https:\/\/rckopen.com\/product\/koop-caluanie-muelear-oxidize-online\/"]}]},{"@type":"ImageObject","inLanguage":"hu","@id":"https:\/\/rckopen.com\/product\/koop-caluanie-muelear-oxidize-online\/#primaryimage","url":"https:\/\/rckopen.com\/wp-content\/uploads\/2024\/04\/caluanie-muelear-oxidize.jpg","contentUrl":"https:\/\/rckopen.com\/wp-content\/uploads\/2024\/04\/caluanie-muelear-oxidize.jpg","width":600,"height":600,"caption":"Caluanie Muelear Oxidize online kopen"},{"@type":"BreadcrumbList","@id":"https:\/\/rckopen.com\/product\/koop-caluanie-muelear-oxidize-online\/#breadcrumb","itemListElement":[{"@type":"ListItem","position":1,"name":"Home","item":"https:\/\/rckopen.com\/"},{"@type":"ListItem","position":2,"name":"Shop","item":"https:\/\/rckopen.com\/shop\/"},{"@type":"ListItem","position":3,"name":"Caluanie Muelear Oxidize online kopen"}]},{"@type":"WebSite","@id":"https:\/\/rckopen.com\/#website","url":"https:\/\/rckopen.com\/","name":"RC Kopen","description":"Research Chemicals","potentialAction":[{"@type":"SearchAction","target":{"@type":"EntryPoint","urlTemplate":"https:\/\/rckopen.com\/?s={search_term_string}"},"query-input":{"@type":"PropertyValueSpecification","valueRequired":true,"valueName":"search_term_string"}}],"inLanguage":"hu"}]}},"_links":{"self":[{"href":"https:\/\/rckopen.com\/hu\/wp-json\/wp\/v2\/product\/8152","targetHints":{"allow":["GET"]}}],"collection":[{"href":"https:\/\/rckopen.com\/hu\/wp-json\/wp\/v2\/product"}],"about":[{"href":"https:\/\/rckopen.com\/hu\/wp-json\/wp\/v2\/types\/product"}],"replies":[{"embeddable":true,"href":"https:\/\/rckopen.com\/hu\/wp-json\/wp\/v2\/comments?post=8152"}],"wp:featuredmedia":[{"embeddable":true,"href":"https:\/\/rckopen.com\/hu\/wp-json\/wp\/v2\/media\/8159"}],"wp:attachment":[{"href":"https:\/\/rckopen.com\/hu\/wp-json\/wp\/v2\/media?parent=8152"}],"wp:term":[{"taxonomy":"product_brand","embeddable":true,"href":"https:\/\/rckopen.com\/hu\/wp-json\/wp\/v2\/product_brand?post=8152"},{"taxonomy":"product_cat","embeddable":true,"href":"https:\/\/rckopen.com\/hu\/wp-json\/wp\/v2\/product_cat?post=8152"},{"taxonomy":"product_tag","embeddable":true,"href":"https:\/\/rckopen.com\/hu\/wp-json\/wp\/v2\/product_tag?post=8152"}],"curies":[{"name":"wp","href":"https:\/\/api.w.org\/{rel}","templated":true}]}}