{"id":7771,"date":"2018-08-24T01:24:09","date_gmt":"2018-08-24T01:24:09","guid":{"rendered":"http:\/\/192.168.1.209\/greenfarm\/?page_id=13"},"modified":"2023-08-28T08:01:44","modified_gmt":"2023-08-28T08:01:44","slug":"over-ons","status":"publish","type":"page","link":"https:\/\/rckopen.com\/it\/chi-siamo\/","title":{"rendered":"Chi siamo"},"content":{"rendered":"<section class=\"wpb-content-wrapper\"><div class=\"vc_row wpb_row vc_row-fluid about-introduce\"><div class=\"wpb_column vc_column_container vc_col-sm-12\"><div class=\"vc_column-inner\"><div class=\"wpb_wrapper\">\n\t<div  class=\"wpb_single_image wpb_content_element vc_align_center\">\n\t\t\n\t\t<figure class=\"wpb_wrapper vc_figure\">\n\t\t\t<div class=\"vc_single_image-wrapper   vc_box_border_grey\"><\/div>\n\t\t<\/figure>\n\t<\/div>\n\n\t<div class=\"wpb_text_column wpb_content_element\" >\n\t\t<div class=\"wpb_wrapper\">\n\t\t\t<h3 style=\"text-align: justify;\">RC Kopen \u00e8 un'azienda registrata in Europa dal 2020.<\/h3>\n<p style=\"text-align: justify;\">RCKopen \u00e8 una delle poche aziende online che fornisce prodotti chimici di ricerca ad alta purezza per la ricerca e l'analisi di laboratorio individuale e\/o aziendale. Offriamo ai nostri clienti sia i prodotti chimici di ricerca pi\u00f9 richiesti che quelli pi\u00f9 rari, con una purezza di almeno 98%. Ogni nuovo lotto di prodotti supera i test di laboratorio e ci arriva completo di certificazione di analisi. In questo modo, sappiamo sempre che stiamo fornendo ai nostri clienti prodotti chimici eccezionalmente puri.<\/p>\n<p style=\"text-align: justify;\">Grazie ai nostri sforzi, forniamo prodotti chimici della massima qualit\u00e0 e purezza al prezzo pi\u00f9 competitivo. La qualit\u00e0 costante, la ricca esperienza di esportazione, il basso rischio, il servizio rapido e il breve tempo di consegna sono tutti vantaggi che ci permettono di conquistare sempre pi\u00f9 clienti e un'elevata quota di mercato.<\/p>\n<p style=\"text-align: justify;\">Non siamo una tipica societ\u00e0 di compravendita. I nostri prezzi sono accessibili e pari a quelli medi del mercato dei prodotti chimici per la ricerca. Essendo impegnati a garantire il comfort e la soddisfazione dei clienti, cerchiamo sempre di soddisfare e superare le loro aspettative e offriamo un'ampia gamma di opzioni di pagamento e spedizione. Siamo quasi, se non l'unico fornitore che garantisce la spedizione dei pacchi in tutto il mondo.<\/p>\n<p style=\"text-align: justify;\">In caso di imprevisti, il nostro Servizio Clienti vi supporter\u00e0 sempre e trover\u00e0 la soluzione pi\u00f9 appropriata per ogni situazione. Ascoltiamo i nostri clienti e prendiamo in considerazione ogni feedback e recensione. Questo ci aiuta a sviluppare il mercato, a introdurre nuovi prodotti e a offrire sempre pi\u00f9 novit\u00e0 ai nostri clienti.<\/p>\n<p style=\"text-align: justify;\">Siamo riusciti a costruire un rapporto a lungo termine con molti clienti al dettaglio e all'ingrosso, il cui numero \u00e8 in costante crescita. La maggior parte delle persone torna regolarmente sul nostro sito web perch\u00e9 sa che qui ha a disposizione un'ampia gamma di prodotti di qualit\u00e0, opzioni di pagamento flessibili, consegna rapida e assicurata, processo di ordinazione sicuro e conveniente, servizio clienti rapido ed efficiente. Tuttavia, sappiamo che c'\u00e8 sempre spazio per la perfezione!<\/p>\n\n\t\t<\/div>\n\t<\/div>\n<div class=\"vc_empty_space\"   style=\"height: 32px\"><span class=\"vc_empty_space_inner\"><\/span><\/div><\/div><\/div><\/div><\/div><div class=\"vc_row wpb_row vc_row-fluid about-what-we-do\"><div class=\"wpb_column vc_column_container vc_col-sm-4\"><div class=\"vc_column-inner\"><div class=\"wpb_wrapper\">\n\t<div  class=\"wpb_single_image wpb_content_element vc_align_center\">\n\t\t\n\t\t<figure class=\"wpb_wrapper vc_figure\">\n\t\t\t<div class=\"vc_single_image-wrapper   vc_box_border_grey\"><\/div>\n\t\t<\/figure>\n\t<\/div>\n\n\t<div class=\"wpb_text_column wpb_content_element\" >\n\t\t<div class=\"wpb_wrapper\">\n\t\t\t<h4>Che cosa facciamo?<\/h4>\n<p>In qualit\u00e0 di fornitore di fiducia di prodotti chimici per la ricerca, offriamo una vasta gamma di composti di alta qualit\u00e0 per la ricerca scientifica. I nostri prodotti sono sottoposti a test rigorosi per garantirne la purezza e l'autenticit\u00e0 e supportano la ricerca all'avanguardia in vari campi. Grazie all'impegno per l'integrit\u00e0 e l'innovazione, siamo il vostro partner di fiducia nel progresso delle scoperte scientifiche.<\/p>\n\n\t\t<\/div>\n\t<\/div>\n<\/div><\/div><\/div><div class=\"wpb_column vc_column_container vc_col-sm-4\"><div class=\"vc_column-inner\"><div class=\"wpb_wrapper\">\n\t<div  class=\"wpb_single_image wpb_content_element vc_align_center\">\n\t\t\n\t\t<figure class=\"wpb_wrapper vc_figure\">\n\t\t\t<div class=\"vc_single_image-wrapper   vc_box_border_grey\"><\/div>\n\t\t<\/figure>\n\t<\/div>\n\n\t<div class=\"wpb_text_column wpb_content_element\" >\n\t\t<div class=\"wpb_wrapper\">\n\t\t\t<h4>La nostra missione<\/h4>\n<p>La nostra missione come fornitore di prodotti chimici per la ricerca \u00e8 quella di facilitare il progresso scientifico fornendo composti di qualit\u00e0 superiore ai ricercatori di tutto il mondo. Ci impegniamo a rendere possibile l'innovazione garantendo l'autenticit\u00e0, la purezza e l'affidabilit\u00e0 dei nostri prodotti, consentendo ai ricercatori di compiere progressi in vari campi. Impegnati in pratiche etiche ed eccellenza, ci sforziamo di essere il catalizzatore di scoperte trasformative.<\/p>\n\n\t\t<\/div>\n\t<\/div>\n<\/div><\/div><\/div><div class=\"wpb_column vc_column_container vc_col-sm-4\"><div class=\"vc_column-inner\"><div class=\"wpb_wrapper\">\n\t<div  class=\"wpb_single_image wpb_content_element vc_align_center\">\n\t\t\n\t\t<figure class=\"wpb_wrapper vc_figure\">\n\t\t\t<div class=\"vc_single_image-wrapper   vc_box_border_grey\"><\/div>\n\t\t<\/figure>\n\t<\/div>\n\n\t<div class=\"wpb_text_column wpb_content_element\" >\n\t\t<div class=\"wpb_wrapper\">\n\t\t\t<h4>La nostra storia<\/h4>\n<p>Con un'esperienza di oltre un decennio, siamo diventati un fornitore leader di prodotti chimici per la ricerca, fornendo costantemente composti all'avanguardia per la ricerca scientifica. Il nostro percorso \u00e8 segnato da un impegno costante per la qualit\u00e0, la conformit\u00e0 e l'innovazione, che si traduce in collaborazioni durature con ricercatori di tutto il mondo. Dalle nostre umili origini fino a diventare un nome di fiducia nel settore, la nostra storia \u00e8 una testimonianza del nostro impegno a far progredire la ricerca e la conoscenza.<\/p>\n\n\t\t<\/div>\n\t<\/div>\n<\/div><\/div><\/div><\/div>\n<\/section>","protected":false},"excerpt":{"rendered":"RC Kopen is een bedrijf geregistreerd in Europa sinds 2020. RCKopen is een van de weinige online bedrijven die zeer zuivere onderzoekschemicali\u00ebn leveren voor individueel en\/of bedrijfslaboratoriumonderzoek en -analyse. Wij bieden onze klanten zowel de meest gevraagde als zeldzame onderzoekschemicali\u00ebn met een zuiverheid van minstens 98%. Elke nieuwe batch producten","protected":false},"author":1,"featured_media":0,"parent":0,"menu_order":0,"comment_status":"closed","ping_status":"closed","template":"page-templates\/about-page.php","meta":{"_joinchat":[],"footnotes":""},"class_list":["post-7771","page","type-page","status-publish","hentry"],"yoast_head":"<!-- This site is optimized with the Yoast SEO plugin v26.3 - https:\/\/yoast.com\/wordpress\/plugins\/seo\/ -->\n<title>Over ons - RC Kopen<\/title>\n<meta name=\"robots\" content=\"index, follow, max-snippet:-1, max-image-preview:large, max-video-preview:-1\" \/>\n<link rel=\"canonical\" href=\"https:\/\/rckopen.com\/it\/chi-siamo\/\" \/>\n<meta property=\"og:locale\" content=\"it_IT\" \/>\n<meta property=\"og:type\" content=\"article\" \/>\n<meta property=\"og:title\" content=\"Over ons - RC Kopen\" \/>\n<meta property=\"og:url\" content=\"https:\/\/rckopen.com\/it\/chi-siamo\/\" \/>\n<meta property=\"og:site_name\" content=\"RC Kopen\" \/>\n<meta property=\"article:modified_time\" content=\"2023-08-28T08:01:44+00:00\" \/>\n<meta name=\"twitter:card\" content=\"summary_large_image\" \/>\n<meta name=\"twitter:label1\" content=\"Tempo di lettura stimato\" \/>\n\t<meta name=\"twitter:data1\" content=\"3 minuti\" \/>\n<script type=\"application\/ld+json\" class=\"yoast-schema-graph\">{\"@context\":\"https:\/\/schema.org\",\"@graph\":[{\"@type\":\"WebPage\",\"@id\":\"https:\/\/rckopen.com\/over-ons\/\",\"url\":\"https:\/\/rckopen.com\/over-ons\/\",\"name\":\"Over ons - RC Kopen\",\"isPartOf\":{\"@id\":\"https:\/\/rckopen.com\/#website\"},\"datePublished\":\"2018-08-24T01:24:09+00:00\",\"dateModified\":\"2023-08-28T08:01:44+00:00\",\"breadcrumb\":{\"@id\":\"https:\/\/rckopen.com\/over-ons\/#breadcrumb\"},\"inLanguage\":\"it-IT\",\"potentialAction\":[{\"@type\":\"ReadAction\",\"target\":[\"https:\/\/rckopen.com\/over-ons\/\"]}]},{\"@type\":\"BreadcrumbList\",\"@id\":\"https:\/\/rckopen.com\/over-ons\/#breadcrumb\",\"itemListElement\":[{\"@type\":\"ListItem\",\"position\":1,\"name\":\"Home\",\"item\":\"https:\/\/rckopen.com\/\"},{\"@type\":\"ListItem\",\"position\":2,\"name\":\"Over ons\"}]},{\"@type\":\"WebSite\",\"@id\":\"https:\/\/rckopen.com\/#website\",\"url\":\"https:\/\/rckopen.com\/\",\"name\":\"RC Kopen\",\"description\":\"Research Chemicals\",\"potentialAction\":[{\"@type\":\"SearchAction\",\"target\":{\"@type\":\"EntryPoint\",\"urlTemplate\":\"https:\/\/rckopen.com\/?s={search_term_string}\"},\"query-input\":{\"@type\":\"PropertyValueSpecification\",\"valueRequired\":true,\"valueName\":\"search_term_string\"}}],\"inLanguage\":\"it-IT\"}]}<\/script>\n<!-- \/ Yoast SEO plugin. -->","yoast_head_json":{"title":"Over ons - RC Kopen","robots":{"index":"index","follow":"follow","max-snippet":"max-snippet:-1","max-image-preview":"max-image-preview:large","max-video-preview":"max-video-preview:-1"},"canonical":"https:\/\/rckopen.com\/it\/chi-siamo\/","og_locale":"it_IT","og_type":"article","og_title":"Over ons - RC Kopen","og_url":"https:\/\/rckopen.com\/it\/chi-siamo\/","og_site_name":"RC Kopen","article_modified_time":"2023-08-28T08:01:44+00:00","twitter_card":"summary_large_image","twitter_misc":{"Tempo di lettura stimato":"3 minuti"},"schema":{"@context":"https:\/\/schema.org","@graph":[{"@type":"WebPage","@id":"https:\/\/rckopen.com\/over-ons\/","url":"https:\/\/rckopen.com\/over-ons\/","name":"Over ons - RC Kopen","isPartOf":{"@id":"https:\/\/rckopen.com\/#website"},"datePublished":"2018-08-24T01:24:09+00:00","dateModified":"2023-08-28T08:01:44+00:00","breadcrumb":{"@id":"https:\/\/rckopen.com\/over-ons\/#breadcrumb"},"inLanguage":"it-IT","potentialAction":[{"@type":"ReadAction","target":["https:\/\/rckopen.com\/over-ons\/"]}]},{"@type":"BreadcrumbList","@id":"https:\/\/rckopen.com\/over-ons\/#breadcrumb","itemListElement":[{"@type":"ListItem","position":1,"name":"Home","item":"https:\/\/rckopen.com\/"},{"@type":"ListItem","position":2,"name":"Over ons"}]},{"@type":"WebSite","@id":"https:\/\/rckopen.com\/#website","url":"https:\/\/rckopen.com\/","name":"RC Kopen","description":"Research Chemicals","potentialAction":[{"@type":"SearchAction","target":{"@type":"EntryPoint","urlTemplate":"https:\/\/rckopen.com\/?s={search_term_string}"},"query-input":{"@type":"PropertyValueSpecification","valueRequired":true,"valueName":"search_term_string"}}],"inLanguage":"it-IT"}]}},"_links":{"self":[{"href":"https:\/\/rckopen.com\/it\/wp-json\/wp\/v2\/pages\/7771","targetHints":{"allow":["GET"]}}],"collection":[{"href":"https:\/\/rckopen.com\/it\/wp-json\/wp\/v2\/pages"}],"about":[{"href":"https:\/\/rckopen.com\/it\/wp-json\/wp\/v2\/types\/page"}],"author":[{"embeddable":true,"href":"https:\/\/rckopen.com\/it\/wp-json\/wp\/v2\/users\/1"}],"replies":[{"embeddable":true,"href":"https:\/\/rckopen.com\/it\/wp-json\/wp\/v2\/comments?post=7771"}],"version-history":[{"count":5,"href":"https:\/\/rckopen.com\/it\/wp-json\/wp\/v2\/pages\/7771\/revisions"}],"predecessor-version":[{"id":7947,"href":"https:\/\/rckopen.com\/it\/wp-json\/wp\/v2\/pages\/7771\/revisions\/7947"}],"wp:attachment":[{"href":"https:\/\/rckopen.com\/it\/wp-json\/wp\/v2\/media?parent=7771"}],"curies":[{"name":"wp","href":"https:\/\/api.w.org\/{rel}","templated":true}]}}