{"id":6228,"date":"2023-08-14T06:52:51","date_gmt":"2023-08-14T06:52:51","guid":{"rendered":"https:\/\/diligentplug.com\/chems\/?post_type=product&#038;p=6228"},"modified":"2025-01-31T08:50:37","modified_gmt":"2025-01-31T08:50:37","slug":"4f-mar","status":"publish","type":"product","link":"https:\/\/rckopen.com\/it\/prodotto\/4f-mar\/","title":{"rendered":"4F-MAR Acquista online"},"content":{"rendered":"<h2>4F-MAR POEDER INFORMATIE Online Kopen<\/h2>\n<p><a href=\"https:\/\/rckopen.com\/it\/prodotto\/4f-mar\/\">4F-MAR in vendita<\/a>, La polvere 4F-MAR, <em>4F<\/em>-Metilfenidato. \u00e8 disponibile solo per scopi di ricerca. Oltre al RC Kopen puoi ordinare accessori per la tua ricerca, come: capsule vuote di diverse dimensioni, una bilancia e chiusure per sacchetti <a href=\"https:\/\/rckopen.com\/it\/\">RCKOpen.com<\/a><\/p>\n<h3>INDICAZIONI DI PERICOLO 4F-MAR POLVERE<a href=\"https:\/\/rckopen.com\/it\/prodotto\/4-fma\/\">:<\/a><\/h3>\n<ul>\n<li>Pu\u00f2 causare irritazione alle vie respiratorie e agli occhi. Non scaricare mai nell'ambiente i prodotti chimici di ricerca.<\/li>\n<\/ul>\n<h3>RACCOMANDAZIONI DI SICUREZZA POLVERE 4F-MAR:<\/h3>\n<p>IN CASO DI CONTATTO CON GLI OCCHI: Sciacquare delicatamente con acqua per almeno 10-15 minuti, se necessario rimuovere le lenti a contatto. In caso di contatto con la pelle: Sciacquare con acqua, se possibile anche con sapone. In caso di inalazione: Prendere aria fresca e assumere una posizione che favorisca la respirazione.<\/p>\n<ul>\n<li>Di <a href=\"https:\/\/en.wikipedia.org\/wiki\/4%27-Fluoro-4-methylaminorex\">4F-MAR<\/a> Non esporre la polvere a fonti di calore. Conservare in un luogo asciutto a temperatura ambiente, in un contenitore idoneo e tenere fuori dalla portata dei bambini. La buona stabilit\u00e0 della polvere 4F-MAR nelle condizioni sopra indicate pu\u00f2 durare fino a 2 anni<a href=\"https:\/\/en.wikipedia.org\/w\/index.php?search=4F-MAR+&amp;title=Special%3ASearch&amp;ns0=1\">.<\/a><\/li>\n<\/ul>\n<h4>Dove posso acquistare il 4F-MAR freebase?<\/h4>\n<p>\u00c8 possibile acquistare prodotti chimici per la ricerca, tra cui il 4F-MAR freebase, dal nostro sito web, RareChems. Tutti i nostri prodotti chimici di ricerca vengono testati e analizzati prima di essere messi in vendita. \u00c8 l'unico modo per fissare la nostra base libera 4F-MAR di alta qualit\u00e0. Se hai bisogno dei risultati o di ulteriore assistenza, non esitare a contattarci. Il 4F-MAR freebase \u00e8 disponibile solo in polvere, ma abbiamo in vendita altri prodotti chimici di ricerca in formato blotter e pellet 4F-MAR.<\/p>","protected":false},"excerpt":{"rendered":"<p>Nome IUPAC: 5-(4-fluorofenil)-4-metil-4,5-diidroossazolo-2-amina<\/p>\n<p>Altro nome: 4-Fluoro-4-metilaminorex<\/p>","protected":false},"featured_media":6247,"comment_status":"open","ping_status":"closed","template":"","meta":{"_joinchat":[]},"product_brand":[],"product_cat":[127],"product_tag":[],"class_list":{"0":"post-6228","1":"product","2":"type-product","3":"status-publish","4":"has-post-thumbnail","6":"product_cat-amfetamine","8":"first","9":"instock","10":"shipping-taxable","11":"purchasable","12":"product-type-variable"},"yoast_head":"<!-- This site is optimized with the Yoast SEO plugin v26.3 - https:\/\/yoast.com\/wordpress\/plugins\/seo\/ -->\n<title>4F-MAR Online Kopen - 4F-MAR te koop - 4F-MAR kopen<\/title>\n<meta name=\"description\" content=\",Als u 4F-MAR online wilt kopen, kan onze online rc kopen-winkel u helpen. We hebben hier 4F-MAR te koop tegen de beste tarieven.\" \/>\n<meta name=\"robots\" content=\"index, follow, max-snippet:-1, max-image-preview:large, max-video-preview:-1\" \/>\n<link rel=\"canonical\" href=\"https:\/\/rckopen.com\/it\/prodotto\/4f-mar\/\" \/>\n<meta property=\"og:locale\" content=\"it_IT\" \/>\n<meta property=\"og:type\" content=\"article\" \/>\n<meta property=\"og:title\" content=\"4F-MAR Online Kopen - 4F-MAR te koop - 4F-MAR kopen\" \/>\n<meta property=\"og:description\" content=\",Als u 4F-MAR online wilt kopen, kan onze online rc kopen-winkel u helpen. We hebben hier 4F-MAR te koop tegen de beste tarieven.\" \/>\n<meta property=\"og:url\" content=\"https:\/\/rckopen.com\/it\/prodotto\/4f-mar\/\" \/>\n<meta property=\"og:site_name\" content=\"RC Kopen\" \/>\n<meta property=\"article:modified_time\" content=\"2025-01-31T08:50:37+00:00\" \/>\n<meta property=\"og:image\" content=\"https:\/\/rckopen.com\/wp-content\/uploads\/2023\/08\/4f-mar.jpg\" \/>\n\t<meta property=\"og:image:width\" content=\"600\" \/>\n\t<meta property=\"og:image:height\" content=\"600\" \/>\n\t<meta property=\"og:image:type\" content=\"image\/jpeg\" \/>\n<meta name=\"twitter:card\" content=\"summary_large_image\" \/>\n<meta name=\"twitter:label1\" content=\"Tempo di lettura stimato\" \/>\n\t<meta name=\"twitter:data1\" content=\"2 minuti\" \/>\n<script type=\"application\/ld+json\" class=\"yoast-schema-graph\">{\"@context\":\"https:\/\/schema.org\",\"@graph\":[{\"@type\":\"WebPage\",\"@id\":\"https:\/\/rckopen.com\/product\/4f-mar\/\",\"url\":\"https:\/\/rckopen.com\/product\/4f-mar\/\",\"name\":\"4F-MAR Online Kopen - 4F-MAR te koop - 4F-MAR kopen\",\"isPartOf\":{\"@id\":\"https:\/\/rckopen.com\/#website\"},\"primaryImageOfPage\":{\"@id\":\"https:\/\/rckopen.com\/product\/4f-mar\/#primaryimage\"},\"image\":{\"@id\":\"https:\/\/rckopen.com\/product\/4f-mar\/#primaryimage\"},\"thumbnailUrl\":\"https:\/\/rckopen.com\/wp-content\/uploads\/2023\/08\/4f-mar.jpg\",\"datePublished\":\"2023-08-14T06:52:51+00:00\",\"dateModified\":\"2025-01-31T08:50:37+00:00\",\"description\":\",Als u 4F-MAR online wilt kopen, kan onze online rc kopen-winkel u helpen. We hebben hier 4F-MAR te koop tegen de beste tarieven.\",\"breadcrumb\":{\"@id\":\"https:\/\/rckopen.com\/product\/4f-mar\/#breadcrumb\"},\"inLanguage\":\"it-IT\",\"potentialAction\":[{\"@type\":\"ReadAction\",\"target\":[\"https:\/\/rckopen.com\/product\/4f-mar\/\"]}]},{\"@type\":\"ImageObject\",\"inLanguage\":\"it-IT\",\"@id\":\"https:\/\/rckopen.com\/product\/4f-mar\/#primaryimage\",\"url\":\"https:\/\/rckopen.com\/wp-content\/uploads\/2023\/08\/4f-mar.jpg\",\"contentUrl\":\"https:\/\/rckopen.com\/wp-content\/uploads\/2023\/08\/4f-mar.jpg\",\"width\":600,\"height\":600,\"caption\":\"4F-MAR Online Kopen\"},{\"@type\":\"BreadcrumbList\",\"@id\":\"https:\/\/rckopen.com\/product\/4f-mar\/#breadcrumb\",\"itemListElement\":[{\"@type\":\"ListItem\",\"position\":1,\"name\":\"Home\",\"item\":\"https:\/\/rckopen.com\/\"},{\"@type\":\"ListItem\",\"position\":2,\"name\":\"Shop\",\"item\":\"https:\/\/rckopen.com\/shop\/\"},{\"@type\":\"ListItem\",\"position\":3,\"name\":\"4F-MAR Online Kopen\"}]},{\"@type\":\"WebSite\",\"@id\":\"https:\/\/rckopen.com\/#website\",\"url\":\"https:\/\/rckopen.com\/\",\"name\":\"RC Kopen\",\"description\":\"Research Chemicals\",\"potentialAction\":[{\"@type\":\"SearchAction\",\"target\":{\"@type\":\"EntryPoint\",\"urlTemplate\":\"https:\/\/rckopen.com\/?s={search_term_string}\"},\"query-input\":{\"@type\":\"PropertyValueSpecification\",\"valueRequired\":true,\"valueName\":\"search_term_string\"}}],\"inLanguage\":\"it-IT\"}]}<\/script>\n<!-- \/ Yoast SEO plugin. -->","yoast_head_json":{"title":"4F-MAR Online Kopen - 4F-MAR te koop - 4F-MAR kopen","description":",Als u 4F-MAR online wilt kopen, kan onze online rc kopen-winkel u helpen. We hebben hier 4F-MAR te koop tegen de beste tarieven.","robots":{"index":"index","follow":"follow","max-snippet":"max-snippet:-1","max-image-preview":"max-image-preview:large","max-video-preview":"max-video-preview:-1"},"canonical":"https:\/\/rckopen.com\/it\/prodotto\/4f-mar\/","og_locale":"it_IT","og_type":"article","og_title":"4F-MAR Online Kopen - 4F-MAR te koop - 4F-MAR kopen","og_description":",Als u 4F-MAR online wilt kopen, kan onze online rc kopen-winkel u helpen. We hebben hier 4F-MAR te koop tegen de beste tarieven.","og_url":"https:\/\/rckopen.com\/it\/prodotto\/4f-mar\/","og_site_name":"RC Kopen","article_modified_time":"2025-01-31T08:50:37+00:00","og_image":[{"width":600,"height":600,"url":"https:\/\/rckopen.com\/wp-content\/uploads\/2023\/08\/4f-mar.jpg","type":"image\/jpeg"}],"twitter_card":"summary_large_image","twitter_misc":{"Tempo di lettura stimato":"2 minuti"},"schema":{"@context":"https:\/\/schema.org","@graph":[{"@type":"WebPage","@id":"https:\/\/rckopen.com\/product\/4f-mar\/","url":"https:\/\/rckopen.com\/product\/4f-mar\/","name":"4F-MAR Online Kopen - 4F-MAR te koop - 4F-MAR kopen","isPartOf":{"@id":"https:\/\/rckopen.com\/#website"},"primaryImageOfPage":{"@id":"https:\/\/rckopen.com\/product\/4f-mar\/#primaryimage"},"image":{"@id":"https:\/\/rckopen.com\/product\/4f-mar\/#primaryimage"},"thumbnailUrl":"https:\/\/rckopen.com\/wp-content\/uploads\/2023\/08\/4f-mar.jpg","datePublished":"2023-08-14T06:52:51+00:00","dateModified":"2025-01-31T08:50:37+00:00","description":",Als u 4F-MAR online wilt kopen, kan onze online rc kopen-winkel u helpen. We hebben hier 4F-MAR te koop tegen de beste tarieven.","breadcrumb":{"@id":"https:\/\/rckopen.com\/product\/4f-mar\/#breadcrumb"},"inLanguage":"it-IT","potentialAction":[{"@type":"ReadAction","target":["https:\/\/rckopen.com\/product\/4f-mar\/"]}]},{"@type":"ImageObject","inLanguage":"it-IT","@id":"https:\/\/rckopen.com\/product\/4f-mar\/#primaryimage","url":"https:\/\/rckopen.com\/wp-content\/uploads\/2023\/08\/4f-mar.jpg","contentUrl":"https:\/\/rckopen.com\/wp-content\/uploads\/2023\/08\/4f-mar.jpg","width":600,"height":600,"caption":"4F-MAR Online Kopen"},{"@type":"BreadcrumbList","@id":"https:\/\/rckopen.com\/product\/4f-mar\/#breadcrumb","itemListElement":[{"@type":"ListItem","position":1,"name":"Home","item":"https:\/\/rckopen.com\/"},{"@type":"ListItem","position":2,"name":"Shop","item":"https:\/\/rckopen.com\/shop\/"},{"@type":"ListItem","position":3,"name":"4F-MAR Online Kopen"}]},{"@type":"WebSite","@id":"https:\/\/rckopen.com\/#website","url":"https:\/\/rckopen.com\/","name":"RC Kopen","description":"Research Chemicals","potentialAction":[{"@type":"SearchAction","target":{"@type":"EntryPoint","urlTemplate":"https:\/\/rckopen.com\/?s={search_term_string}"},"query-input":{"@type":"PropertyValueSpecification","valueRequired":true,"valueName":"search_term_string"}}],"inLanguage":"it-IT"}]}},"_links":{"self":[{"href":"https:\/\/rckopen.com\/it\/wp-json\/wp\/v2\/product\/6228","targetHints":{"allow":["GET"]}}],"collection":[{"href":"https:\/\/rckopen.com\/it\/wp-json\/wp\/v2\/product"}],"about":[{"href":"https:\/\/rckopen.com\/it\/wp-json\/wp\/v2\/types\/product"}],"replies":[{"embeddable":true,"href":"https:\/\/rckopen.com\/it\/wp-json\/wp\/v2\/comments?post=6228"}],"wp:featuredmedia":[{"embeddable":true,"href":"https:\/\/rckopen.com\/it\/wp-json\/wp\/v2\/media\/6247"}],"wp:attachment":[{"href":"https:\/\/rckopen.com\/it\/wp-json\/wp\/v2\/media?parent=6228"}],"wp:term":[{"taxonomy":"product_brand","embeddable":true,"href":"https:\/\/rckopen.com\/it\/wp-json\/wp\/v2\/product_brand?post=6228"},{"taxonomy":"product_cat","embeddable":true,"href":"https:\/\/rckopen.com\/it\/wp-json\/wp\/v2\/product_cat?post=6228"},{"taxonomy":"product_tag","embeddable":true,"href":"https:\/\/rckopen.com\/it\/wp-json\/wp\/v2\/product_tag?post=6228"}],"curies":[{"name":"wp","href":"https:\/\/api.w.org\/{rel}","templated":true}]}}