{"id":6229,"date":"2023-08-14T07:02:49","date_gmt":"2023-08-14T07:02:49","guid":{"rendered":"https:\/\/diligentplug.com\/chems\/?post_type=product&#038;p=6229"},"modified":"2025-02-03T06:55:14","modified_gmt":"2025-02-03T06:55:14","slug":"dmc-dimethocaine-freebase","status":"publish","type":"product","link":"https:\/\/rckopen.com\/it\/prodotto\/dmc-dimetocaina-freebase\/","title":{"rendered":"DMC (Dimethocaine) freebase in vendita online"},"content":{"rendered":"<h2>Informazioni generali sull'acquisto di Dimethocaine freebase online<\/h2>\n<p><a href=\"https:\/\/rckopen.com\/it\/prodotto\/dmc-dimetocaina-freebase\/\">DMC Dimethocaine Freebase in vendita online<\/a>, La dimetocaina, nota con il nome chimico 3-(dietilamino)-2,2-dimetil-1-propanocarbossilato, appartiene alla classe di composti noti come alcaloidi tropanici<a href=\"https:\/\/rckopen.com\/it\/prodotto\/meai\/\">.<\/a><\/p>\n<p>In termini di propriet\u00e0 chimiche, la dimetocaina si presenta solitamente come una polvere cristallina bianca. \u00c8 solubile in solventi naturali come il metanolo, ma meno in acqua.<a href=\"https:\/\/en.wikipedia.org\/w\/index.php?search=DMC+Dimethocaine&amp;title=Special%3ASearch&amp;ns0=1\">.<\/a><\/p>\n<p>Quando si parla di Dimetocaina freebase, si intende la forma base pura del composto. Per base libera si intende una sostanza chimica o una combinazione di ricerca nella sua forma di base, senza sali o altri additivi.<\/p>\n<p>Nel caso della dimetocaina, la forma libera ha solitamente una potenza maggiore e viene spesso utilizzata a scopo ricreativo. Pu\u00f2 essere vaporizzata, oppure pu\u00f2 essere sciolta in un solvente in un altro modo di ricerca.<\/p>\n<h3>Composizione chimica della Dimetocaina freebase<\/h3>\n<p>La composizione chimica di <a href=\"https:\/\/en.wikipedia.org\/wiki\/DMC\">Dimetocaina<\/a> La base libera, nota anche come dimetocaina, pu\u00f2 essere rappresentata dalla formula molecolare: C16H26N2O2. I numeri dopo ciascun simbolo dell'elemento indicano il numero di atomi di quell'elemento presenti in una molecola di base libera di dimetocaina.<\/p>\n<p>Pertanto, la Dimetocaina freebase \u00e8 costituita da sedici atomi di carbonio (C16), ventisei atomi di idrogeno (H26), due atomi di azoto (N2) e due atomi di ossigeno (O2).<\/p>\n<p>\u00c8 importante notare che la composizione chimica qui descritta rappresenta la formula empirica, che fornisce il rapporto pi\u00f9 semplice tra gli atomi del composto. La formula empirica non rappresenta la disposizione strutturale di questi atomi e lo specifico schema di legame.<\/p>\n<h3>Dimetocaina freebase di alta qualit\u00e0.<\/h3>\n<p><a href=\"https:\/\/rckopen.com\/it\/\">rckopen.com<\/a> vanta molti anni di esperienza nel settore della progettazione di prodotti chimici per la ricerca, il che ci consente di garantire la massima qualit\u00e0 di questi prodotti chimici per la ricerca. Acquistare prodotti chimici a base libera di Dimethocaine \u00e8 facile e di alta qualit\u00e0. Il costo della Dimethocaine freebase \u00e8 relativamente basso rispetto ad altre aziende. I prodotti chimici di ricerca, tra cui la Dimethocaine freebase, soddisfano tutti i requisiti di sicurezza. I prodotti chimici di ricerca vengono distribuiti con cura e conservati in un luogo fresco e asciutto. Tutti i prodotti vengono regolarmente controllati per qualit\u00e0, purezza e sicurezza. La nostra base libera di Dimethocaine \u00e8 solo per scopi di ricerca. I nostri prodotti hanno un prezzo equo e puoi acquistare prodotti chimici a base libera di Dimethocaine online a prezzi molto convenienti.<\/p>\n<h3>Prodotto chimico privo di dimetocaina testato in laboratorio con risultati.<\/h3>\n<p>Fa nuovi progressi verso la soddisfazione complessiva dei propri clienti. Diversi sondaggi hanno dimostrato che i clienti richiedono una quantit\u00e0 di dati pari a quella prevista prima di acquistare prodotti chimici di ricerca sintetici. Inoltre, pubblichiamo tutte le conseguenze di laboratorio di ogni prodotto chimico di ricerca in un documento PDF.<\/p>\n<p>La nostra base priva di dimetocaina soddisfa costantemente gli ingredienti attivi ed \u00e8 visibile a tutti.<\/p>\n<p>Distribuiamo tutte le conseguenze di laboratorio di ogni sostanza chimica di ricerca in un documento PDF.<\/p>\n<h3>Ordinazione sicura su Dimethocaine Freebase.<\/h3>\n<p>I prodotti chimici di ricerca RC Buy sono di ottima qualit\u00e0 e hanno un prezzo ragionevole. Pertanto, quando richiedi i tuoi prodotti chimici per la ricerca da RC SHOP, ti garantiamo che invieremo la tua richiesta al tuo laboratorio di ricerca in modo rapido e sicuro, poich\u00e9 la vendita di prodotti chimici per la ricerca \u00e8 sempre disponibile da RC Buy.<\/p>\n<p>Ordinare composti di ricerca sintetici con Bitcoin o bonifico bancario \u00e8 facile su RC Buy. Spediamo i prodotti chimici di ricerca lo stesso giorno lavorativo se il pagamento viene ricevuto prima delle 15:00 CEST. Non spediamo articoli a persone di et\u00e0 inferiore ai 18 anni! I pellet di dimetocaina freebase in vendita sono solo per scopi di ricerca.<\/p>\n<h3>Spedizione discreta di prodotti chimici per la ricerca.<\/h3>\n<p>RC Kopen imballer\u00e0 il tuo ordine in modo sicuro e protetto per garantirne un trasporto adeguato. Inoltre, imballiamo in modo discreto e perfetto, senza che dall'esterno si veda nulla di ci\u00f2 che potrebbe esserci all'interno.<\/p>\n<p>Attenzione: rckopen.com offre prodotti non destinati al consumo umano. Il consumo di questo prodotto (involontario) potrebbe avere gravi conseguenze mediche.<\/p>","protected":false},"excerpt":{"rendered":"<p>Nome IUPAC: (3-dietilamino-2,2-dimetilpropil)-4-aminobenzoato<\/p>\n<p>CAS # 94-15-5<\/p>\n<p>Altro nome: Dimetocaina o larocaina<\/p>\n<p>Forma: polvere<\/p>","protected":false},"featured_media":6252,"comment_status":"open","ping_status":"closed","template":"","meta":{"_joinchat":[]},"product_brand":[],"product_cat":[127],"product_tag":[],"class_list":{"0":"post-6229","1":"product","2":"type-product","3":"status-publish","4":"has-post-thumbnail","6":"product_cat-amfetamine","8":"first","9":"instock","10":"shipping-taxable","11":"purchasable","12":"product-type-variable"},"yoast_head":"<!-- This site is optimized with the Yoast SEO plugin v26.3 - https:\/\/yoast.com\/wordpress\/plugins\/seo\/ -->\n<title>DMC Dimethocaine Freebase online kopen - DMC te koop<\/title>\n<meta name=\"description\" content=\"DMC dimethocaine freebase online kopen in onze RC Kopen-winkel. Hier is de kans om DMC Dimethocaine Freebase te koop tegen goedkope prijzen.\" \/>\n<meta name=\"robots\" content=\"index, follow, max-snippet:-1, max-image-preview:large, max-video-preview:-1\" \/>\n<link rel=\"canonical\" href=\"https:\/\/rckopen.com\/it\/prodotto\/dmc-dimetocaina-freebase\/\" \/>\n<meta property=\"og:locale\" content=\"it_IT\" \/>\n<meta property=\"og:type\" content=\"article\" \/>\n<meta property=\"og:title\" content=\"DMC Dimethocaine Freebase online kopen - DMC te koop\" \/>\n<meta property=\"og:description\" content=\"DMC dimethocaine freebase online kopen in onze RC Kopen-winkel. Hier is de kans om DMC Dimethocaine Freebase te koop tegen goedkope prijzen.\" \/>\n<meta property=\"og:url\" content=\"https:\/\/rckopen.com\/it\/prodotto\/dmc-dimetocaina-freebase\/\" \/>\n<meta property=\"og:site_name\" content=\"RC Kopen\" \/>\n<meta property=\"article:modified_time\" content=\"2025-02-03T06:55:14+00:00\" \/>\n<meta property=\"og:image\" content=\"https:\/\/rckopen.com\/wp-content\/uploads\/2023\/08\/dmc-Dimethocaine-freebase.jpg\" \/>\n\t<meta property=\"og:image:width\" content=\"600\" \/>\n\t<meta property=\"og:image:height\" content=\"600\" \/>\n\t<meta property=\"og:image:type\" content=\"image\/jpeg\" \/>\n<meta name=\"twitter:card\" content=\"summary_large_image\" \/>\n<meta name=\"twitter:label1\" content=\"Tempo di lettura stimato\" \/>\n\t<meta name=\"twitter:data1\" content=\"3 minuti\" \/>\n<script type=\"application\/ld+json\" class=\"yoast-schema-graph\">{\"@context\":\"https:\/\/schema.org\",\"@graph\":[{\"@type\":\"WebPage\",\"@id\":\"https:\/\/rckopen.com\/product\/dmc-dimethocaine-freebase\/\",\"url\":\"https:\/\/rckopen.com\/product\/dmc-dimethocaine-freebase\/\",\"name\":\"DMC Dimethocaine Freebase online kopen - DMC te koop\",\"isPartOf\":{\"@id\":\"https:\/\/rckopen.com\/#website\"},\"primaryImageOfPage\":{\"@id\":\"https:\/\/rckopen.com\/product\/dmc-dimethocaine-freebase\/#primaryimage\"},\"image\":{\"@id\":\"https:\/\/rckopen.com\/product\/dmc-dimethocaine-freebase\/#primaryimage\"},\"thumbnailUrl\":\"https:\/\/rckopen.com\/wp-content\/uploads\/2023\/08\/dmc-Dimethocaine-freebase.jpg\",\"datePublished\":\"2023-08-14T07:02:49+00:00\",\"dateModified\":\"2025-02-03T06:55:14+00:00\",\"description\":\"DMC dimethocaine freebase online kopen in onze RC Kopen-winkel. Hier is de kans om DMC Dimethocaine Freebase te koop tegen goedkope prijzen.\",\"breadcrumb\":{\"@id\":\"https:\/\/rckopen.com\/product\/dmc-dimethocaine-freebase\/#breadcrumb\"},\"inLanguage\":\"it-IT\",\"potentialAction\":[{\"@type\":\"ReadAction\",\"target\":[\"https:\/\/rckopen.com\/product\/dmc-dimethocaine-freebase\/\"]}]},{\"@type\":\"ImageObject\",\"inLanguage\":\"it-IT\",\"@id\":\"https:\/\/rckopen.com\/product\/dmc-dimethocaine-freebase\/#primaryimage\",\"url\":\"https:\/\/rckopen.com\/wp-content\/uploads\/2023\/08\/dmc-Dimethocaine-freebase.jpg\",\"contentUrl\":\"https:\/\/rckopen.com\/wp-content\/uploads\/2023\/08\/dmc-Dimethocaine-freebase.jpg\",\"width\":600,\"height\":600,\"caption\":\"dmc-(Dimethocaine)-freebase online kopen\"},{\"@type\":\"BreadcrumbList\",\"@id\":\"https:\/\/rckopen.com\/product\/dmc-dimethocaine-freebase\/#breadcrumb\",\"itemListElement\":[{\"@type\":\"ListItem\",\"position\":1,\"name\":\"Home\",\"item\":\"https:\/\/rckopen.com\/\"},{\"@type\":\"ListItem\",\"position\":2,\"name\":\"Shop\",\"item\":\"https:\/\/rckopen.com\/shop\/\"},{\"@type\":\"ListItem\",\"position\":3,\"name\":\"DMC (Dimethocaine) freebase online kopen\"}]},{\"@type\":\"WebSite\",\"@id\":\"https:\/\/rckopen.com\/#website\",\"url\":\"https:\/\/rckopen.com\/\",\"name\":\"RC Kopen\",\"description\":\"Research Chemicals\",\"potentialAction\":[{\"@type\":\"SearchAction\",\"target\":{\"@type\":\"EntryPoint\",\"urlTemplate\":\"https:\/\/rckopen.com\/?s={search_term_string}\"},\"query-input\":{\"@type\":\"PropertyValueSpecification\",\"valueRequired\":true,\"valueName\":\"search_term_string\"}}],\"inLanguage\":\"it-IT\"}]}<\/script>\n<!-- \/ Yoast SEO plugin. -->","yoast_head_json":{"title":"DMC Dimethocaine Freebase online kopen - DMC te koop","description":"DMC dimethocaine freebase online kopen in onze RC Kopen-winkel. Hier is de kans om DMC Dimethocaine Freebase te koop tegen goedkope prijzen.","robots":{"index":"index","follow":"follow","max-snippet":"max-snippet:-1","max-image-preview":"max-image-preview:large","max-video-preview":"max-video-preview:-1"},"canonical":"https:\/\/rckopen.com\/it\/prodotto\/dmc-dimetocaina-freebase\/","og_locale":"it_IT","og_type":"article","og_title":"DMC Dimethocaine Freebase online kopen - DMC te koop","og_description":"DMC dimethocaine freebase online kopen in onze RC Kopen-winkel. Hier is de kans om DMC Dimethocaine Freebase te koop tegen goedkope prijzen.","og_url":"https:\/\/rckopen.com\/it\/prodotto\/dmc-dimetocaina-freebase\/","og_site_name":"RC Kopen","article_modified_time":"2025-02-03T06:55:14+00:00","og_image":[{"width":600,"height":600,"url":"https:\/\/rckopen.com\/wp-content\/uploads\/2023\/08\/dmc-Dimethocaine-freebase.jpg","type":"image\/jpeg"}],"twitter_card":"summary_large_image","twitter_misc":{"Tempo di lettura stimato":"3 minuti"},"schema":{"@context":"https:\/\/schema.org","@graph":[{"@type":"WebPage","@id":"https:\/\/rckopen.com\/product\/dmc-dimethocaine-freebase\/","url":"https:\/\/rckopen.com\/product\/dmc-dimethocaine-freebase\/","name":"DMC Dimethocaine Freebase online kopen - DMC te koop","isPartOf":{"@id":"https:\/\/rckopen.com\/#website"},"primaryImageOfPage":{"@id":"https:\/\/rckopen.com\/product\/dmc-dimethocaine-freebase\/#primaryimage"},"image":{"@id":"https:\/\/rckopen.com\/product\/dmc-dimethocaine-freebase\/#primaryimage"},"thumbnailUrl":"https:\/\/rckopen.com\/wp-content\/uploads\/2023\/08\/dmc-Dimethocaine-freebase.jpg","datePublished":"2023-08-14T07:02:49+00:00","dateModified":"2025-02-03T06:55:14+00:00","description":"DMC dimethocaine freebase online kopen in onze RC Kopen-winkel. Hier is de kans om DMC Dimethocaine Freebase te koop tegen goedkope prijzen.","breadcrumb":{"@id":"https:\/\/rckopen.com\/product\/dmc-dimethocaine-freebase\/#breadcrumb"},"inLanguage":"it-IT","potentialAction":[{"@type":"ReadAction","target":["https:\/\/rckopen.com\/product\/dmc-dimethocaine-freebase\/"]}]},{"@type":"ImageObject","inLanguage":"it-IT","@id":"https:\/\/rckopen.com\/product\/dmc-dimethocaine-freebase\/#primaryimage","url":"https:\/\/rckopen.com\/wp-content\/uploads\/2023\/08\/dmc-Dimethocaine-freebase.jpg","contentUrl":"https:\/\/rckopen.com\/wp-content\/uploads\/2023\/08\/dmc-Dimethocaine-freebase.jpg","width":600,"height":600,"caption":"dmc-(Dimethocaine)-freebase online kopen"},{"@type":"BreadcrumbList","@id":"https:\/\/rckopen.com\/product\/dmc-dimethocaine-freebase\/#breadcrumb","itemListElement":[{"@type":"ListItem","position":1,"name":"Home","item":"https:\/\/rckopen.com\/"},{"@type":"ListItem","position":2,"name":"Shop","item":"https:\/\/rckopen.com\/shop\/"},{"@type":"ListItem","position":3,"name":"DMC (Dimethocaine) freebase online kopen"}]},{"@type":"WebSite","@id":"https:\/\/rckopen.com\/#website","url":"https:\/\/rckopen.com\/","name":"RC Kopen","description":"Research Chemicals","potentialAction":[{"@type":"SearchAction","target":{"@type":"EntryPoint","urlTemplate":"https:\/\/rckopen.com\/?s={search_term_string}"},"query-input":{"@type":"PropertyValueSpecification","valueRequired":true,"valueName":"search_term_string"}}],"inLanguage":"it-IT"}]}},"_links":{"self":[{"href":"https:\/\/rckopen.com\/it\/wp-json\/wp\/v2\/product\/6229","targetHints":{"allow":["GET"]}}],"collection":[{"href":"https:\/\/rckopen.com\/it\/wp-json\/wp\/v2\/product"}],"about":[{"href":"https:\/\/rckopen.com\/it\/wp-json\/wp\/v2\/types\/product"}],"replies":[{"embeddable":true,"href":"https:\/\/rckopen.com\/it\/wp-json\/wp\/v2\/comments?post=6229"}],"wp:featuredmedia":[{"embeddable":true,"href":"https:\/\/rckopen.com\/it\/wp-json\/wp\/v2\/media\/6252"}],"wp:attachment":[{"href":"https:\/\/rckopen.com\/it\/wp-json\/wp\/v2\/media?parent=6229"}],"wp:term":[{"taxonomy":"product_brand","embeddable":true,"href":"https:\/\/rckopen.com\/it\/wp-json\/wp\/v2\/product_brand?post=6229"},{"taxonomy":"product_cat","embeddable":true,"href":"https:\/\/rckopen.com\/it\/wp-json\/wp\/v2\/product_cat?post=6229"},{"taxonomy":"product_tag","embeddable":true,"href":"https:\/\/rckopen.com\/it\/wp-json\/wp\/v2\/product_tag?post=6229"}],"curies":[{"name":"wp","href":"https:\/\/api.w.org\/{rel}","templated":true}]}}