{"id":6230,"date":"2023-08-14T07:12:58","date_gmt":"2023-08-14T07:12:58","guid":{"rendered":"https:\/\/diligentplug.com\/chems\/?post_type=product&#038;p=6230"},"modified":"2025-01-30T05:40:36","modified_gmt":"2025-01-30T05:40:36","slug":"3-mma-powder","status":"publish","type":"product","link":"https:\/\/rckopen.com\/it\/prodotto\/3-polvere-di-mma\/","title":{"rendered":"Acquista polvere 3-MMA online"},"content":{"rendered":"<h2>Algemene informatie over 3-MMA-poeder online kopen<\/h2>\n<p><a href=\"https:\/\/rckopen.com\/it\/prodotto\/3-polvere-di-mma\/\">Acquista polvere 3-MMA online<\/a>, La 3-metossi-4-metilamfetamina, nota come 3-MMA, \u00e8 una sostanza chimica essenziale della classe dei catinone. La 3MMA, nota anche come \u201cmetilmescalina\u201d, \u00e8 una sostanza chimica psichedelica classificata come anfetamina. La struttura chimica assomiglia a quella della mescalina, un composto notevole, comune e molto ricercato che si trova in specifiche piante spinose. Si ritiene che il 3MMA abbia una preferenza pi\u00f9 notevole per il sottotipo del recettore 5-HT2A. Acquistare 3MMC o ordinare 3MMC? Ci\u00f2 non \u00e8 pi\u00f9 possibile perch\u00e9 l'acquisto di 3-MMC \u00e8 proibito. Sostituire 3-MMC? <a href=\"https:\/\/rckopen.com\/it\/prodotto\/2-fma\/\">Allora cliccate qui!<\/a><\/p>\n<p>In ogni caso, il sistema specifico di attivit\u00e0 \u00e8 osservato solo parzialmente. Gli effetti del 3MMA possono essere eccezionali e dipendono da alcune variabili, tra cui le misure, la resistenza individuale e gli elementi naturali.<\/p>\n<h3>Composizione chimica della polvere di 3-MMA.<\/h3>\n<p>La composizione chimica di <a href=\"https:\/\/en.wikipedia.org\/wiki\/3-Methoxymethamphetamine\">Polvere di 3-MMA (3-metilmetanfetamina)<\/a> pu\u00f2 essere rappresentato dalla formula molecolare C11H17N.<\/p>\n<p>I numeri dopo il simbolo di ciascun elemento indicano il numero di atomi di quell'elemento presenti in una molecola di 3-MMA.<\/p>\n<p>Questa struttura chimica indica che la 3-MMA \u00e8 composta da 11 atomi di carbonio (C11), 17 atomi di idrogeno (H17) e un atomo di azoto (N).<\/p>\n<p>La chimica della polvere di 3-MMA (3-metilamfetamina) comprende la sua struttura molecolare e le sue propriet\u00e0. Tuttavia, a causa delle limitate informazioni sulla 3-MMA, comprese le sue propriet\u00e0 chimiche e i metodi di sintesi, \u00e8 difficile comprendere appieno la chimica della polvere di 3-MMA.<a href=\"https:\/\/en.wikipedia.org\/w\/index.php?search=3-MMA&amp;title=Special%3ASearch&amp;ns0=1\">.<\/a><\/p>\n<p>In base al suo nome, la 3-MMA \u00e8 probabilmente un derivato della metamfetamina, un membro della classe dei composti anfetaminici. La metamfetamina \u00e8 caratterizzata da un anello fenilico collegato a un gruppo amminico (NH2) con un gruppo metilico (CH3) in posizione 3 dell'anello fenilico.<\/p>\n<h3>Acquista online polvere 3-MMA di alta qualit\u00e0.<\/h3>\n<p><a href=\"https:\/\/rckopen.com\/it\/\">RC KOPEN<\/a> RC SHOP vanta anni di esperienza nel settore della progettazione di prodotti chimici per la ricerca, il che ci permette di garantire la massima qualit\u00e0 di questi prodotti chimici per la ricerca. Acquistare prodotti chimici in polvere 3-MMA \u00e8 facile e di alta qualit\u00e0. Il costo della polvere di 3-MMA \u00e8 relativamente basso rispetto ad altre aziende.<\/p>\n<p>I prodotti chimici della ricerca, compresa la polvere di 3-MMA, soddisfano tutti i requisiti di sicurezza. I prodotti chimici della ricerca sono distribuiti con cura e conservati in un luogo fresco e asciutto.<\/p>\n<p>Tutti i prodotti sono regolarmente controllati per qualit\u00e0, purezza e sicurezza. Il nostro acquisto di polvere di 3-MMA \u00e8 solo a scopo di ricerca.<\/p>\n<p>I nostri prodotti hanno un prezzo equo e potete acquistare la polvere di 3-MMA online a prezzi molto bassi.<\/p>\n<h3>Polvere di 3-MMA testata in laboratorio con risultati.<\/h3>\n<p>Fa nuovi progressi verso la soddisfazione complessiva dei propri clienti. Diversi sondaggi hanno dimostrato che i clienti richiedono una quantit\u00e0 di dati pari a quella prevista prima di acquistare prodotti chimici di ricerca sintetici. Inoltre, pubblichiamo tutte le conseguenze di laboratorio di ogni prodotto chimico di ricerca in un documento PDF.<\/p>\n<p>La nostra polvere 3-MMA contiene costantemente i principi attivi ed \u00e8 visibile a chiunque. Polvere 3-MMA in vendita.<\/p>\n<p>Distribuiamo tutte le conseguenze di laboratorio di ogni sostanza chimica di ricerca in un documento PDF.<\/p>\n<h3>Ordinazione sicura alla polvere 3-MMA.<\/h3>\n<p>I prodotti chimici di ricerca RC BUY sono di ottima qualit\u00e0 e hanno un prezzo ragionevole. Pertanto, ti garantiamo che quando ordini i tuoi prodotti chimici per la ricerca da RC SHOP, te li consegneremo a casa in modo rapido e sicuro, poich\u00e9 la vendita di prodotti chimici per la ricerca \u00e8 sempre disponibile da RCKOPEN.<\/p>\n<p>Ordinare composti sintetici di ricerca tramite Bitcoin o bonifico bancario \u00e8 facile su RC BUY.<\/p>\n<p>Spediamo i prodotti chimici di ricerca lo stesso giorno lavorativo se il pagamento viene ricevuto prima delle 15:00 CEST.Non consegniamo gli articoli a persone di et\u00e0 inferiore ai 18 anni!<\/p>\n<p>La polvere di 3-MMA in vendita \u00e8 solo a scopo di ricerca.<\/p>\n<h3>Spedizione discreta di prodotti chimici per la ricerca.<\/h3>\n<p>RC KOPEN imballer\u00e0 il tuo ordine in modo sicuro e protetto per garantirne un trasporto adeguato. Inoltre, imballiamo in modo discreto e perfetto, senza che dall'esterno si veda nulla di ci\u00f2 che potrebbe esserci all'interno.<\/p>\n<p>Nota: rckopen.com offre prodotti non destinati al consumo umano. Il consumo di questo prodotto (involontario) potrebbe avere gravi conseguenze mediche.<\/p>","protected":false},"excerpt":{"rendered":"<p>Nome IUPAC: N-metil-1-(3-metilfenil)propan-2-amina<\/p>\n<p>CAS # 1419922-19-2<\/p>\n<p>Altro nome: 3-metil-metanfetamina (3-Me-MA)<\/p>\n<p>Forma: Polvere<\/p>\n<p>Analisi NMR: N\/A<\/p>","protected":false},"featured_media":6252,"comment_status":"open","ping_status":"closed","template":"","meta":{"_joinchat":[]},"product_brand":[],"product_cat":[127],"product_tag":[],"class_list":{"0":"post-6230","1":"product","2":"type-product","3":"status-publish","4":"has-post-thumbnail","6":"product_cat-amfetamine","8":"first","9":"instock","10":"shipping-taxable","11":"purchasable","12":"product-type-variable"},"yoast_head":"<!-- This site is optimized with the Yoast SEO plugin v26.3 - https:\/\/yoast.com\/wordpress\/plugins\/seo\/ -->\n<title>3-MMA-poeder online kopen- 3-MMA-poeder online te koop<\/title>\n<meta name=\"description\" content=\"Als u 3-MMA-poeder online wilt kopen, heeft RCKopen een hoogwaardig 3-MMA-poeder te koop. Wij helpen u 3-MMA-poeder online te kopen tegen goedkope tarieven.\" \/>\n<meta name=\"robots\" content=\"index, follow, max-snippet:-1, max-image-preview:large, max-video-preview:-1\" \/>\n<link rel=\"canonical\" href=\"https:\/\/rckopen.com\/it\/prodotto\/3-polvere-di-mma\/\" \/>\n<meta property=\"og:locale\" content=\"it_IT\" \/>\n<meta property=\"og:type\" content=\"article\" \/>\n<meta property=\"og:title\" content=\"3-MMA-poeder online kopen- 3-MMA-poeder online te koop\" \/>\n<meta property=\"og:description\" content=\"Als u 3-MMA-poeder online wilt kopen, heeft RCKopen een hoogwaardig 3-MMA-poeder te koop. Wij helpen u 3-MMA-poeder online te kopen tegen goedkope tarieven.\" \/>\n<meta property=\"og:url\" content=\"https:\/\/rckopen.com\/it\/prodotto\/3-polvere-di-mma\/\" \/>\n<meta property=\"og:site_name\" content=\"RC Kopen\" \/>\n<meta property=\"article:modified_time\" content=\"2025-01-30T05:40:36+00:00\" \/>\n<meta property=\"og:image\" content=\"https:\/\/rckopen.com\/wp-content\/uploads\/2023\/08\/dmc-Dimethocaine-freebase.jpg\" \/>\n\t<meta property=\"og:image:width\" content=\"600\" \/>\n\t<meta property=\"og:image:height\" content=\"600\" \/>\n\t<meta property=\"og:image:type\" content=\"image\/jpeg\" \/>\n<meta name=\"twitter:card\" content=\"summary_large_image\" \/>\n<meta name=\"twitter:label1\" content=\"Tempo di lettura stimato\" \/>\n\t<meta name=\"twitter:data1\" content=\"3 minuti\" \/>\n<script type=\"application\/ld+json\" class=\"yoast-schema-graph\">{\"@context\":\"https:\/\/schema.org\",\"@graph\":[{\"@type\":\"WebPage\",\"@id\":\"https:\/\/rckopen.com\/product\/3-mma-powder\/\",\"url\":\"https:\/\/rckopen.com\/product\/3-mma-powder\/\",\"name\":\"3-MMA-poeder online kopen- 3-MMA-poeder online te koop\",\"isPartOf\":{\"@id\":\"https:\/\/rckopen.com\/#website\"},\"primaryImageOfPage\":{\"@id\":\"https:\/\/rckopen.com\/product\/3-mma-powder\/#primaryimage\"},\"image\":{\"@id\":\"https:\/\/rckopen.com\/product\/3-mma-powder\/#primaryimage\"},\"thumbnailUrl\":\"https:\/\/rckopen.com\/wp-content\/uploads\/2023\/08\/dmc-Dimethocaine-freebase.jpg\",\"datePublished\":\"2023-08-14T07:12:58+00:00\",\"dateModified\":\"2025-01-30T05:40:36+00:00\",\"description\":\"Als u 3-MMA-poeder online wilt kopen, heeft RCKopen een hoogwaardig 3-MMA-poeder te koop. Wij helpen u 3-MMA-poeder online te kopen tegen goedkope tarieven.\",\"breadcrumb\":{\"@id\":\"https:\/\/rckopen.com\/product\/3-mma-powder\/#breadcrumb\"},\"inLanguage\":\"it-IT\",\"potentialAction\":[{\"@type\":\"ReadAction\",\"target\":[\"https:\/\/rckopen.com\/product\/3-mma-powder\/\"]}]},{\"@type\":\"ImageObject\",\"inLanguage\":\"it-IT\",\"@id\":\"https:\/\/rckopen.com\/product\/3-mma-powder\/#primaryimage\",\"url\":\"https:\/\/rckopen.com\/wp-content\/uploads\/2023\/08\/dmc-Dimethocaine-freebase.jpg\",\"contentUrl\":\"https:\/\/rckopen.com\/wp-content\/uploads\/2023\/08\/dmc-Dimethocaine-freebase.jpg\",\"width\":600,\"height\":600,\"caption\":\"dmc-(Dimethocaine)-freebase online kopen\"},{\"@type\":\"BreadcrumbList\",\"@id\":\"https:\/\/rckopen.com\/product\/3-mma-powder\/#breadcrumb\",\"itemListElement\":[{\"@type\":\"ListItem\",\"position\":1,\"name\":\"Home\",\"item\":\"https:\/\/rckopen.com\/\"},{\"@type\":\"ListItem\",\"position\":2,\"name\":\"Shop\",\"item\":\"https:\/\/rckopen.com\/shop\/\"},{\"@type\":\"ListItem\",\"position\":3,\"name\":\"3-MMA powder online kopen\"}]},{\"@type\":\"WebSite\",\"@id\":\"https:\/\/rckopen.com\/#website\",\"url\":\"https:\/\/rckopen.com\/\",\"name\":\"RC Kopen\",\"description\":\"Research Chemicals\",\"potentialAction\":[{\"@type\":\"SearchAction\",\"target\":{\"@type\":\"EntryPoint\",\"urlTemplate\":\"https:\/\/rckopen.com\/?s={search_term_string}\"},\"query-input\":{\"@type\":\"PropertyValueSpecification\",\"valueRequired\":true,\"valueName\":\"search_term_string\"}}],\"inLanguage\":\"it-IT\"}]}<\/script>\n<!-- \/ Yoast SEO plugin. -->","yoast_head_json":{"title":"3-MMA-poeder online kopen- 3-MMA-poeder online te koop","description":"Als u 3-MMA-poeder online wilt kopen, heeft RCKopen een hoogwaardig 3-MMA-poeder te koop. Wij helpen u 3-MMA-poeder online te kopen tegen goedkope tarieven.","robots":{"index":"index","follow":"follow","max-snippet":"max-snippet:-1","max-image-preview":"max-image-preview:large","max-video-preview":"max-video-preview:-1"},"canonical":"https:\/\/rckopen.com\/it\/prodotto\/3-polvere-di-mma\/","og_locale":"it_IT","og_type":"article","og_title":"3-MMA-poeder online kopen- 3-MMA-poeder online te koop","og_description":"Als u 3-MMA-poeder online wilt kopen, heeft RCKopen een hoogwaardig 3-MMA-poeder te koop. Wij helpen u 3-MMA-poeder online te kopen tegen goedkope tarieven.","og_url":"https:\/\/rckopen.com\/it\/prodotto\/3-polvere-di-mma\/","og_site_name":"RC Kopen","article_modified_time":"2025-01-30T05:40:36+00:00","og_image":[{"width":600,"height":600,"url":"https:\/\/rckopen.com\/wp-content\/uploads\/2023\/08\/dmc-Dimethocaine-freebase.jpg","type":"image\/jpeg"}],"twitter_card":"summary_large_image","twitter_misc":{"Tempo di lettura stimato":"3 minuti"},"schema":{"@context":"https:\/\/schema.org","@graph":[{"@type":"WebPage","@id":"https:\/\/rckopen.com\/product\/3-mma-powder\/","url":"https:\/\/rckopen.com\/product\/3-mma-powder\/","name":"3-MMA-poeder online kopen- 3-MMA-poeder online te koop","isPartOf":{"@id":"https:\/\/rckopen.com\/#website"},"primaryImageOfPage":{"@id":"https:\/\/rckopen.com\/product\/3-mma-powder\/#primaryimage"},"image":{"@id":"https:\/\/rckopen.com\/product\/3-mma-powder\/#primaryimage"},"thumbnailUrl":"https:\/\/rckopen.com\/wp-content\/uploads\/2023\/08\/dmc-Dimethocaine-freebase.jpg","datePublished":"2023-08-14T07:12:58+00:00","dateModified":"2025-01-30T05:40:36+00:00","description":"Als u 3-MMA-poeder online wilt kopen, heeft RCKopen een hoogwaardig 3-MMA-poeder te koop. Wij helpen u 3-MMA-poeder online te kopen tegen goedkope tarieven.","breadcrumb":{"@id":"https:\/\/rckopen.com\/product\/3-mma-powder\/#breadcrumb"},"inLanguage":"it-IT","potentialAction":[{"@type":"ReadAction","target":["https:\/\/rckopen.com\/product\/3-mma-powder\/"]}]},{"@type":"ImageObject","inLanguage":"it-IT","@id":"https:\/\/rckopen.com\/product\/3-mma-powder\/#primaryimage","url":"https:\/\/rckopen.com\/wp-content\/uploads\/2023\/08\/dmc-Dimethocaine-freebase.jpg","contentUrl":"https:\/\/rckopen.com\/wp-content\/uploads\/2023\/08\/dmc-Dimethocaine-freebase.jpg","width":600,"height":600,"caption":"dmc-(Dimethocaine)-freebase online kopen"},{"@type":"BreadcrumbList","@id":"https:\/\/rckopen.com\/product\/3-mma-powder\/#breadcrumb","itemListElement":[{"@type":"ListItem","position":1,"name":"Home","item":"https:\/\/rckopen.com\/"},{"@type":"ListItem","position":2,"name":"Shop","item":"https:\/\/rckopen.com\/shop\/"},{"@type":"ListItem","position":3,"name":"3-MMA powder online kopen"}]},{"@type":"WebSite","@id":"https:\/\/rckopen.com\/#website","url":"https:\/\/rckopen.com\/","name":"RC Kopen","description":"Research Chemicals","potentialAction":[{"@type":"SearchAction","target":{"@type":"EntryPoint","urlTemplate":"https:\/\/rckopen.com\/?s={search_term_string}"},"query-input":{"@type":"PropertyValueSpecification","valueRequired":true,"valueName":"search_term_string"}}],"inLanguage":"it-IT"}]}},"_links":{"self":[{"href":"https:\/\/rckopen.com\/it\/wp-json\/wp\/v2\/product\/6230","targetHints":{"allow":["GET"]}}],"collection":[{"href":"https:\/\/rckopen.com\/it\/wp-json\/wp\/v2\/product"}],"about":[{"href":"https:\/\/rckopen.com\/it\/wp-json\/wp\/v2\/types\/product"}],"replies":[{"embeddable":true,"href":"https:\/\/rckopen.com\/it\/wp-json\/wp\/v2\/comments?post=6230"}],"wp:featuredmedia":[{"embeddable":true,"href":"https:\/\/rckopen.com\/it\/wp-json\/wp\/v2\/media\/6252"}],"wp:attachment":[{"href":"https:\/\/rckopen.com\/it\/wp-json\/wp\/v2\/media?parent=6230"}],"wp:term":[{"taxonomy":"product_brand","embeddable":true,"href":"https:\/\/rckopen.com\/it\/wp-json\/wp\/v2\/product_brand?post=6230"},{"taxonomy":"product_cat","embeddable":true,"href":"https:\/\/rckopen.com\/it\/wp-json\/wp\/v2\/product_cat?post=6230"},{"taxonomy":"product_tag","embeddable":true,"href":"https:\/\/rckopen.com\/it\/wp-json\/wp\/v2\/product_tag?post=6230"}],"curies":[{"name":"wp","href":"https:\/\/api.w.org\/{rel}","templated":true}]}}