{"id":6267,"date":"2023-08-14T08:42:00","date_gmt":"2023-08-14T08:42:00","guid":{"rendered":"https:\/\/diligentplug.com\/chems\/?post_type=product&#038;p=6267"},"modified":"2026-03-03T07:00:40","modified_gmt":"2026-03-03T07:00:40","slug":"2-fma","status":"publish","type":"product","link":"https:\/\/rckopen.com\/it\/prodotto\/2-fma\/","title":{"rendered":"2-FMA Acquista online"},"content":{"rendered":"<h2 data-start=\"63\" data-end=\"131\"><strong data-start=\"63\" data-end=\"131\">2-FMA Online Kopen \u2013 Premium 2-Fluormethamfetamine voor Onderzoek<\/strong><\/h2>\n<h3 data-start=\"133\" data-end=\"617\"><strong data-start=\"133\" data-end=\"174\">Che cos'\u00e8 la 2-FMA (2-fluorometamfetamina)?<\/strong><\/h3>\n<p data-start=\"133\" data-end=\"617\"><a href=\"https:\/\/rckopen.com\/it\/\">2-FMA,<\/a> La 2-fluorometamfetamina, o 2-fluorometamfetamina, \u00e8 una potente sostanza chimica di ricerca appartenente alla famiglia delle metanfetamine sostituite. Nota per le sue propriet\u00e0 stimolanti, la 2-FMA \u00e8 ampiamente utilizzata negli studi scientifici grazie al suo profilo unico che combina il potenziamento cognitivo con l'energia concentrata. \u00c8 una scelta popolare tra ricercatori e appassionati di chimica alla ricerca di composti affidabili e costanti.<\/p>\n<h3 data-start=\"619\" data-end=\"1025\"><strong data-start=\"619\" data-end=\"651\">Uso generale ed effetti<\/strong><\/h3>\n<p data-start=\"619\" data-end=\"1025\"><br data-start=\"651\" data-end=\"654\" \/>Il 2-FMA viene spesso utilizzato in laboratori controllati per studiarne gli effetti sulla neurochimica e sulla cognizione. Gli utilizzatori segnalano un aumento della vigilanza, della lucidit\u00e0 mentale e della motivazione, il che lo rende prezioso per la ricerca sulla farmacologia degli stimolanti. I suoi effetti stimolanti bilanciati rendono il 2-FMA una sostanza privilegiata per la ricerca sperimentale.<\/p>\n<h3 data-start=\"1027\" data-end=\"1555\"><strong data-start=\"1027\" data-end=\"1057\">Perch\u00e9 acquistare 2-FMA online?<\/strong><\/h3>\n<p data-start=\"1027\" data-end=\"1555\"><br data-start=\"1057\" data-end=\"1060\" \/>Het <a href=\"https:\/\/en.wikipedia.org\/wiki\/2-Fluoromethamphetamine\"><strong>acquista 2-FMA online<\/strong><\/a> Offre praticit\u00e0 e accessibilit\u00e0 senza pari. Numerosi venditori online offrono diverse opzioni di dosaggio, tra cui polvere pura e compresse. Lo shopping online spesso si traduce in prezzi competitivi, con sconti per acquisti all'ingrosso per i ricercatori pi\u00f9 esigenti. Che abbiate bisogno di piccole quantit\u00e0 per i test o di quantit\u00e0 maggiori per ricerche pi\u00f9 approfondite, acquistando 2-FMA online avrete la certezza di ottenere esattamente ci\u00f2 di cui avete bisogno.<\/p>\n<h3 data-start=\"1557\" data-end=\"2056\"><strong data-start=\"1557\" data-end=\"1588\">Stato giuridico del 2-FMA<\/strong><\/h3>\n<p data-start=\"1557\" data-end=\"2056\"><br data-start=\"1588\" data-end=\"1591\" \/>Lo status legale del 2-FMA varia da paese a paese e pu\u00f2 essere complesso. \u00c8 fondamentale verificare le normative locali prima dell'acquisto per evitare complicazioni legali. Alcuni paesi classificano il 2-FMA come sostanza controllata, mentre altri ne consentono il possesso a fini di ricerca. Conoscere le leggi specifiche del proprio paese in materia di sostanze chimiche per la ricerca \u00e8 essenziale per un acquisto sicuro e legale.<\/p>\n<h3 data-start=\"2058\" data-end=\"2552\"><strong data-start=\"2058\" data-end=\"2111\">Come identificare i venditori online affidabili<\/strong><\/h3>\n<p data-start=\"2058\" data-end=\"2552\"><br data-start=\"2111\" data-end=\"2114\" \/>Wanneer je 2-FMA online koopt, kies dan altijd voor vertrouwde marktplaatsen en directe leveranciers met bewezen geloofwaardigheid. Zoek naar verkopers die certificaten van analyse (COA) of laboratoriumrapporten verstrekken ter bevestiging van de zuiverheid van het product. Klantbeoordelingen en feedback uit de community zijn waardevolle bronnen om gerenommeerde verkopers te identificeren en oplichters of namaakproducten te vermijden.<\/p>\n<h3 data-start=\"2554\" data-end=\"2931\"><strong data-start=\"2554\" data-end=\"2605\">Consigli di sicurezza per l'acquisto di 2-FMA online<\/strong><\/h3>\n<p data-start=\"2554\" data-end=\"2931\"><br data-start=\"2605\" data-end=\"2608\" \/>Si consiglia di utilizzare metodi di pagamento sicuri come criptovalute e carte di credito per proteggere le proprie informazioni finanziarie. Scegliere venditori che offrano imballaggi discreti e spedizioni segrete per tutelare la privacy. Proteggi sempre le tue informazioni personali e fai attenzione quando condividi dati online.<\/p>\n<h3 data-start=\"2933\" data-end=\"3309\"><strong data-start=\"2933\" data-end=\"2969\">Considerazioni sul dosaggio e sull'uso<\/strong><\/h3>\n<p data-start=\"2933\" data-end=\"3309\"><br data-start=\"2969\" data-end=\"2972\" \/>Utilizzare 2-FMA solo a scopo di ricerca e attenersi scrupolosamente ai dosaggi raccomandati per garantirne sicurezza ed efficacia. Iniziare con quantit\u00e0 minime ed evitare il sovradosaggio seguendo scrupolosamente le istruzioni. Conservare 2-FMA in un luogo fresco, asciutto e buio per mantenerne l'efficacia e la durata.<\/p>\n<h3 data-start=\"3311\" data-end=\"3683\"><strong data-start=\"3311\" data-end=\"3367\">Veelvoorkomende Bijwerkingen en Voorzorgsmaatregelen<\/strong><\/h3>\n<p data-start=\"3311\" data-end=\"3683\"><br data-start=\"3367\" data-end=\"3370\" \/>Sebbene il 2-FMA sia destinato principalmente alla ricerca, \u00e8 necessario essere consapevoli dei potenziali rischi, come aumento della frequenza cardiaca, ansia o nervosismo, che sono stati segnalati aneddoticamente. Interrompere l'uso in caso di reazioni avverse e, se necessario, consultare un professionista sanitario qualificato. Dare priorit\u00e0 alla sicurezza e maneggiare la sostanza in modo responsabile.<\/p>\n<h3 data-start=\"3685\" data-end=\"4132\"><strong data-start=\"3685\" data-end=\"3698\">Conclusie<\/strong><\/h3>\n<p data-start=\"3685\" data-end=\"4132\"><br data-start=\"3698\" data-end=\"3701\" \/>Cerchi 2-FMA online? La nostra piattaforma offre servizi di alta qualit\u00e0, testati in laboratorio <strong>2-FMA in vendita<\/strong> ad un ottimo prezzo, rendendo questo il posto migliore per <a href=\"https:\/\/rckopen.com\/it\/prodotto\/2-fma\/\"><strong>2-FMA te kopen<\/strong><\/a> Per le tue esigenze di ricerca. Con venditori verificati, opzioni di pagamento sicure e spedizioni discrete, puoi ordinare in tutta sicurezza e semplicit\u00e0. Scopri il pieno potenziale della 2-fluorometamfetamina: ordina la tua 2-FMA online oggi stesso!<\/p>","protected":false},"excerpt":{"rendered":"<p><strong>Nome IUPAC: <\/strong>2-fluoro-N-(x-dimetil-benzene-etenamina<\/p>\n<p><strong>CAS # <\/strong>1780004-19-4<\/p>\n<p><strong>Aspetto: <\/strong>polvere<\/p>\n<p><strong>Analisi NMR: <\/strong>N\/D<\/p>","protected":false},"featured_media":6321,"comment_status":"open","ping_status":"closed","template":"","meta":{"_joinchat":[]},"product_brand":[],"product_cat":[127],"product_tag":[],"class_list":{"0":"post-6267","1":"product","2":"type-product","3":"status-publish","4":"has-post-thumbnail","6":"product_cat-amfetamine","8":"first","9":"instock","10":"shipping-taxable","11":"purchasable","12":"product-type-variable"},"yoast_head":"<!-- This site is optimized with the Yoast SEO plugin v26.3 - https:\/\/yoast.com\/wordpress\/plugins\/seo\/ -->\n<title>2-FMA online Kopen - 2-FMA online te koop<\/title>\n<meta name=\"description\" content=\"In onze RCKopen-winkel kunt u 2-fma tegen lage tarieven te koop krijgen. Wij werken alleen met A-kwaliteit producten. 2-fma nu online kopen in onze winkel.\" \/>\n<meta name=\"robots\" content=\"index, follow, max-snippet:-1, max-image-preview:large, max-video-preview:-1\" \/>\n<link rel=\"canonical\" href=\"https:\/\/rckopen.com\/it\/prodotto\/2-fma\/\" \/>\n<meta property=\"og:locale\" content=\"it_IT\" \/>\n<meta property=\"og:type\" content=\"article\" \/>\n<meta property=\"og:title\" content=\"2-FMA online Kopen - 2-FMA online te koop\" \/>\n<meta property=\"og:description\" content=\"In onze RCKopen-winkel kunt u 2-fma tegen lage tarieven te koop krijgen. Wij werken alleen met A-kwaliteit producten. 2-fma nu online kopen in onze winkel.\" \/>\n<meta property=\"og:url\" content=\"https:\/\/rckopen.com\/it\/prodotto\/2-fma\/\" \/>\n<meta property=\"og:site_name\" content=\"RC Kopen\" \/>\n<meta property=\"article:modified_time\" content=\"2026-03-03T07:00:40+00:00\" \/>\n<meta property=\"og:image\" content=\"https:\/\/rckopen.com\/wp-content\/uploads\/2023\/08\/2-FMA.jpg\" \/>\n\t<meta property=\"og:image:width\" content=\"600\" \/>\n\t<meta property=\"og:image:height\" content=\"600\" \/>\n\t<meta property=\"og:image:type\" content=\"image\/jpeg\" \/>\n<meta name=\"twitter:card\" content=\"summary_large_image\" \/>\n<meta name=\"twitter:label1\" content=\"Tempo di lettura stimato\" \/>\n\t<meta name=\"twitter:data1\" content=\"3 minuti\" \/>\n<script type=\"application\/ld+json\" class=\"yoast-schema-graph\">{\"@context\":\"https:\/\/schema.org\",\"@graph\":[{\"@type\":\"WebPage\",\"@id\":\"https:\/\/rckopen.com\/product\/2-fma\/\",\"url\":\"https:\/\/rckopen.com\/product\/2-fma\/\",\"name\":\"2-FMA online Kopen - 2-FMA online te koop\",\"isPartOf\":{\"@id\":\"https:\/\/rckopen.com\/#website\"},\"primaryImageOfPage\":{\"@id\":\"https:\/\/rckopen.com\/product\/2-fma\/#primaryimage\"},\"image\":{\"@id\":\"https:\/\/rckopen.com\/product\/2-fma\/#primaryimage\"},\"thumbnailUrl\":\"https:\/\/rckopen.com\/wp-content\/uploads\/2023\/08\/2-FMA.jpg\",\"datePublished\":\"2023-08-14T08:42:00+00:00\",\"dateModified\":\"2026-03-03T07:00:40+00:00\",\"description\":\"In onze RCKopen-winkel kunt u 2-fma tegen lage tarieven te koop krijgen. Wij werken alleen met A-kwaliteit producten. 2-fma nu online kopen in onze winkel.\",\"breadcrumb\":{\"@id\":\"https:\/\/rckopen.com\/product\/2-fma\/#breadcrumb\"},\"inLanguage\":\"it-IT\",\"potentialAction\":[{\"@type\":\"ReadAction\",\"target\":[\"https:\/\/rckopen.com\/product\/2-fma\/\"]}]},{\"@type\":\"ImageObject\",\"inLanguage\":\"it-IT\",\"@id\":\"https:\/\/rckopen.com\/product\/2-fma\/#primaryimage\",\"url\":\"https:\/\/rckopen.com\/wp-content\/uploads\/2023\/08\/2-FMA.jpg\",\"contentUrl\":\"https:\/\/rckopen.com\/wp-content\/uploads\/2023\/08\/2-FMA.jpg\",\"width\":600,\"height\":600,\"caption\":\"2-FMA online kopen\"},{\"@type\":\"BreadcrumbList\",\"@id\":\"https:\/\/rckopen.com\/product\/2-fma\/#breadcrumb\",\"itemListElement\":[{\"@type\":\"ListItem\",\"position\":1,\"name\":\"Home\",\"item\":\"https:\/\/rckopen.com\/\"},{\"@type\":\"ListItem\",\"position\":2,\"name\":\"Shop\",\"item\":\"https:\/\/rckopen.com\/shop\/\"},{\"@type\":\"ListItem\",\"position\":3,\"name\":\"2-FMA Online Kopen\"}]},{\"@type\":\"WebSite\",\"@id\":\"https:\/\/rckopen.com\/#website\",\"url\":\"https:\/\/rckopen.com\/\",\"name\":\"RC Kopen\",\"description\":\"Research Chemicals\",\"potentialAction\":[{\"@type\":\"SearchAction\",\"target\":{\"@type\":\"EntryPoint\",\"urlTemplate\":\"https:\/\/rckopen.com\/?s={search_term_string}\"},\"query-input\":{\"@type\":\"PropertyValueSpecification\",\"valueRequired\":true,\"valueName\":\"search_term_string\"}}],\"inLanguage\":\"it-IT\"}]}<\/script>\n<!-- \/ Yoast SEO plugin. -->","yoast_head_json":{"title":"2-FMA online Kopen - 2-FMA online te koop","description":"In onze RCKopen-winkel kunt u 2-fma tegen lage tarieven te koop krijgen. Wij werken alleen met A-kwaliteit producten. 2-fma nu online kopen in onze winkel.","robots":{"index":"index","follow":"follow","max-snippet":"max-snippet:-1","max-image-preview":"max-image-preview:large","max-video-preview":"max-video-preview:-1"},"canonical":"https:\/\/rckopen.com\/it\/prodotto\/2-fma\/","og_locale":"it_IT","og_type":"article","og_title":"2-FMA online Kopen - 2-FMA online te koop","og_description":"In onze RCKopen-winkel kunt u 2-fma tegen lage tarieven te koop krijgen. Wij werken alleen met A-kwaliteit producten. 2-fma nu online kopen in onze winkel.","og_url":"https:\/\/rckopen.com\/it\/prodotto\/2-fma\/","og_site_name":"RC Kopen","article_modified_time":"2026-03-03T07:00:40+00:00","og_image":[{"width":600,"height":600,"url":"https:\/\/rckopen.com\/wp-content\/uploads\/2023\/08\/2-FMA.jpg","type":"image\/jpeg"}],"twitter_card":"summary_large_image","twitter_misc":{"Tempo di lettura stimato":"3 minuti"},"schema":{"@context":"https:\/\/schema.org","@graph":[{"@type":"WebPage","@id":"https:\/\/rckopen.com\/product\/2-fma\/","url":"https:\/\/rckopen.com\/product\/2-fma\/","name":"2-FMA online Kopen - 2-FMA online te koop","isPartOf":{"@id":"https:\/\/rckopen.com\/#website"},"primaryImageOfPage":{"@id":"https:\/\/rckopen.com\/product\/2-fma\/#primaryimage"},"image":{"@id":"https:\/\/rckopen.com\/product\/2-fma\/#primaryimage"},"thumbnailUrl":"https:\/\/rckopen.com\/wp-content\/uploads\/2023\/08\/2-FMA.jpg","datePublished":"2023-08-14T08:42:00+00:00","dateModified":"2026-03-03T07:00:40+00:00","description":"In onze RCKopen-winkel kunt u 2-fma tegen lage tarieven te koop krijgen. Wij werken alleen met A-kwaliteit producten. 2-fma nu online kopen in onze winkel.","breadcrumb":{"@id":"https:\/\/rckopen.com\/product\/2-fma\/#breadcrumb"},"inLanguage":"it-IT","potentialAction":[{"@type":"ReadAction","target":["https:\/\/rckopen.com\/product\/2-fma\/"]}]},{"@type":"ImageObject","inLanguage":"it-IT","@id":"https:\/\/rckopen.com\/product\/2-fma\/#primaryimage","url":"https:\/\/rckopen.com\/wp-content\/uploads\/2023\/08\/2-FMA.jpg","contentUrl":"https:\/\/rckopen.com\/wp-content\/uploads\/2023\/08\/2-FMA.jpg","width":600,"height":600,"caption":"2-FMA online kopen"},{"@type":"BreadcrumbList","@id":"https:\/\/rckopen.com\/product\/2-fma\/#breadcrumb","itemListElement":[{"@type":"ListItem","position":1,"name":"Home","item":"https:\/\/rckopen.com\/"},{"@type":"ListItem","position":2,"name":"Shop","item":"https:\/\/rckopen.com\/shop\/"},{"@type":"ListItem","position":3,"name":"2-FMA Online Kopen"}]},{"@type":"WebSite","@id":"https:\/\/rckopen.com\/#website","url":"https:\/\/rckopen.com\/","name":"RC Kopen","description":"Research Chemicals","potentialAction":[{"@type":"SearchAction","target":{"@type":"EntryPoint","urlTemplate":"https:\/\/rckopen.com\/?s={search_term_string}"},"query-input":{"@type":"PropertyValueSpecification","valueRequired":true,"valueName":"search_term_string"}}],"inLanguage":"it-IT"}]}},"_links":{"self":[{"href":"https:\/\/rckopen.com\/it\/wp-json\/wp\/v2\/product\/6267","targetHints":{"allow":["GET"]}}],"collection":[{"href":"https:\/\/rckopen.com\/it\/wp-json\/wp\/v2\/product"}],"about":[{"href":"https:\/\/rckopen.com\/it\/wp-json\/wp\/v2\/types\/product"}],"replies":[{"embeddable":true,"href":"https:\/\/rckopen.com\/it\/wp-json\/wp\/v2\/comments?post=6267"}],"wp:featuredmedia":[{"embeddable":true,"href":"https:\/\/rckopen.com\/it\/wp-json\/wp\/v2\/media\/6321"}],"wp:attachment":[{"href":"https:\/\/rckopen.com\/it\/wp-json\/wp\/v2\/media?parent=6267"}],"wp:term":[{"taxonomy":"product_brand","embeddable":true,"href":"https:\/\/rckopen.com\/it\/wp-json\/wp\/v2\/product_brand?post=6267"},{"taxonomy":"product_cat","embeddable":true,"href":"https:\/\/rckopen.com\/it\/wp-json\/wp\/v2\/product_cat?post=6267"},{"taxonomy":"product_tag","embeddable":true,"href":"https:\/\/rckopen.com\/it\/wp-json\/wp\/v2\/product_tag?post=6267"}],"curies":[{"name":"wp","href":"https:\/\/api.w.org\/{rel}","templated":true}]}}