{"id":6268,"date":"2023-08-14T08:42:07","date_gmt":"2023-08-14T08:42:07","guid":{"rendered":"https:\/\/diligentplug.com\/chems\/?post_type=product&#038;p=6268"},"modified":"2025-01-11T08:44:02","modified_gmt":"2025-01-11T08:44:02","slug":"4-fma","status":"publish","type":"product","link":"https:\/\/rckopen.com\/it\/prodotto\/4-fma\/","title":{"rendered":"4-FMA"},"content":{"rendered":"<h2>Informazioni generali 4-FMA<\/h2>\n<p><a href=\"https:\/\/rckopen.com\/it\/prodotto\/4-fma\/\">Acquistare 4-FMA online<\/a>Acquistare 4-FMA online, la 4-Fluorometanfetamina (4-FMA) \u00e8 un nuovo stimolante entactogeno meno popolare della classe delle anfetamine. La 4-FMA \u00e8 collegata artificialmente alla 4-FA e alla metanfetamina. Si sa poco della sua farmacologia. Tuttavia, probabilmente produce i suoi risultati aumentando i livelli di dopamina, noradrenalina e serotonina nella mente.<\/p>\n<h3>La composizione chimica del 4-FMA<\/h3>\n<p>La sostanza chimica di ricerca 4-FMA, 4-Fluorometanfetamina, \u00e8 un nuovo stimolante e composto entactogeno. Queste molecole contengono un nucleo di fenetilammina collegato a un anello fenilico in corrispondenza dell'ammino (NH-2) legato a R tramite una catena contenente una sostituzione etilica-extra-metilica.<\/p>\n<p>La forma contiene l'atomo di fluoro nell'R-4 del suo anello fenilico di alfa-metilfenetilammina. La 4-fluorometanfetamina \u00e8 un analogo fluorurato della metanfetamina.<\/p>\n<h3>Farmacologia del 4-FMA<\/h3>\n<p><a href=\"https:\/\/en.wikipedia.org\/wiki\/4-Fluoromethamphetamine\">4-FMA<\/a> La 4-FMA \u00e8 correlata alla 4-FA e alla metanfetamina. Il 4-FMA rilascia una sostanza simile alla dopamina. Aumenta le funzioni cerebrali a un livello superiore, portando a risultati rinfrescanti ed eccitanti. Tra gli effetti noti vi sono l'elevata produttivit\u00e0 e l'attenzione, che migliorano la concentrazione come nel caso della 4-FA.<\/p>\n<p>L'impatto di queste sostanze chimiche di ricerca pu\u00f2 portare a un maggiore apprezzamento musicale e fornire un senso di connessione. I suoi effetti sono dovuti all'aumento dei livelli di dopamina, noradrenalina e serotonina nel cervello, ma in farmacologia se ne sa poco.<\/p>\n<p>La 4-FMA online \u00e8 stata scoperta per la prima volta in Giappone nel 2006 per studiare la 2-fluoroanfetamina (2-FA), la 3-fluoroanfetamina (3-FA) e la 4-fluoroanfetamina 4-FA.<\/p>\n<p>I risultati del 4-FMA sono descritti come soggettivi tra il 4-FA e il 4-FMP e sono simili ad altre anfetamine contenenti anfetamine, come l'XTC.<\/p>\n<h3>Acquistare 4-FMA di alta qualit\u00e0<\/h3>\n<p><a href=\"https:\/\/rckopen.com\/it\/\">Rckopen.com<\/a> RC Kopen vanta un'esperienza pluriennale nel settore della ricerca chimica, che ci permette di garantire la purezza dei nostri prodotti. Su questo sito web troverete ora la polvere 4-FMA nella nostra gamma. I prodotti chimici per la ricerca, compresi i prodotti chimici per la ricerca 4-FMA, sono trasportati, immagazzinati e conservati con cura in condizioni eccellenti e asciutte.<\/p>\n<p>Conservare questo prodotto in buone condizioni di conservazione per mantenere una qualit\u00e0 costante. Il mantenimento di una qualit\u00e0 costante \u00e8 essenziale per la qualit\u00e0 del prodotto. Pu\u00f2 causare irritazione respiratoria.<\/p>\n<p>Tutti i prodotti chimici di ricerca sono regolarmente testati per verificarne la qualit\u00e0, la purezza e la sicurezza. Acquistateli ora a un prezzo ragionevole.<\/p>\n<p>Se amate la polvere e volete cose straordinarie? Se vi piacciono le cose straordinarie, potete acquistare prodotti chimici per la ricerca a prezzi ragionevoli sul nostro sito web. Potete acquistare prodotti chimici per la ricerca a prezzi accessibili visitando il nostro sito web. Potete facilmente acquistare prodotti chimici per la ricerca online a prezzi ragionevoli.<\/p>\n<p>Il vostro prodotto sar\u00e0 imballato in modo intelligente e spedito gratuitamente. Acquistate il prodotto solo a scopo di ricerca. Ordinando da noi avrete la garanzia di un buon servizio. Garantiamo un buon servizio.<\/p>\n<p>Tutti i prodotti, comprese le sostanze chimiche di ricerca 4-FAM o 4-FA, hanno un prezzo equo.<\/p>\n<h3>Test di laboratorio su 4-FMA con risultati.<\/h3>\n<p>RC Kopen sta facendo progressi verso la soddisfazione complessiva dei suoi clienti. Diversi sondaggi hanno dimostrato che i clienti richiedono una quantit\u00e0 di dati pari a quella prevista prima di acquistare prodotti chimici di ricerca sintetici. Inoltre, pubblichiamo tutte le conseguenze di laboratorio di ogni prodotto chimico di ricerca in un documento PDF.<\/p>\n<p>Il nostro 4-FMA soddisfa costantemente gli ingredienti attivi ed \u00e8 chiaramente visibile a tutti.<\/p>\n<p>Distribuiamo tutte le conseguenze di laboratorio di ogni sostanza chimica di ricerca in un documento PDF.<\/p>\n<h3>Ordinazione sicura alla 4-FMA.<\/h3>\n<p>I prodotti chimici di ricerca firmati RC Kopen sono di qualit\u00e0 eccellente e hanno un prezzo equo. Pertanto, vi garantiamo che quando richiedete i vostri prodotti chimici di ricerca a RC Kopen, consegneremo la vostra richiesta a casa vostra in modo rapido e sicuro, poich\u00e9 le vendite di prodotti chimici di ricerca sono sempre disponibili su RC Kopen.<\/p>\n<p>Richiedere composti di ricerca sintetici con Bitcoin o bonifico bancario \u00e8 facile su RC Kopen.<\/p>\n<p>Spediamo la polvere per la ricerca chimica lo stesso giorno lavorativo se il pagamento viene ricevuto entro le 15:00 CEST.<\/p>\n<p>Non consegniamo articoli a persone di et\u00e0 inferiore ai 18 anni.<a href=\"https:\/\/rckopen.com\/it\/prodotto\/2-fma\/\">!<\/a><\/p>\n<p>La vendita di prodotti chimici per la ricerca \u00e8 solo a scopo di ricerca.<\/p>\n<h3>Spedizione discreta di prodotti chimici per la ricerca<a href=\"https:\/\/en.wikipedia.org\/wiki\/4-Fluoromethamphetamine\">.<\/a><\/h3>\n<p>RC Buy imballer\u00e0 il vostro ordine in modo sicuro e protetto per garantire un trasporto adeguato. Inoltre, l'imballaggio \u00e8 perfettamente invisibile e nulla viene mostrato all'esterno di ci\u00f2 che potrebbe essere all'interno dell'imballaggio.<\/p>","protected":false},"excerpt":{"rendered":"<p><strong>Nome IUPAC: <\/strong>nome 1-(4-fluorofenil)-N-metilpropan-2-ammina<\/p>\n<p><strong>CAS # <\/strong>52063-62-4<\/p>\n<p><strong>Altro nome: <\/strong>4-Fluorometanfetamina<\/p>\n<p><strong>Aspetto: <\/strong>polvere<\/p>\n<p><strong>Forma: <\/strong>HCL<\/p>\n<p><strong>Analisi NMR: <\/strong>C10H14FN - HCl<\/p>","protected":false},"featured_media":6322,"comment_status":"open","ping_status":"closed","template":"","meta":{"_joinchat":[]},"product_brand":[],"product_cat":[127],"product_tag":[],"class_list":{"0":"post-6268","1":"product","2":"type-product","3":"status-publish","4":"has-post-thumbnail","6":"product_cat-amfetamine","8":"first","9":"instock","10":"shipping-taxable","11":"purchasable","12":"product-type-variable"},"yoast_head":"<!-- This site is optimized with the Yoast SEO plugin v26.3 - https:\/\/yoast.com\/wordpress\/plugins\/seo\/ -->\n<title>Koop 4-FMA online - 4-FMA te kopen - Bestel 4-FMA<\/title>\n<meta name=\"description\" content=\"Koop 4-FMA online, dan zijn wij de juiste keuze voor jou. Onze medewerkers zullen je helpen 4-FMA online te kopen tegen goedkope tarieven.\" \/>\n<meta name=\"robots\" content=\"index, follow, max-snippet:-1, max-image-preview:large, max-video-preview:-1\" \/>\n<link rel=\"canonical\" href=\"https:\/\/rckopen.com\/it\/prodotto\/4-fma\/\" \/>\n<meta property=\"og:locale\" content=\"it_IT\" \/>\n<meta property=\"og:type\" content=\"article\" \/>\n<meta property=\"og:title\" content=\"Koop 4-FMA online - 4-FMA te kopen - Bestel 4-FMA\" \/>\n<meta property=\"og:description\" content=\"Koop 4-FMA online, dan zijn wij de juiste keuze voor jou. Onze medewerkers zullen je helpen 4-FMA online te kopen tegen goedkope tarieven.\" \/>\n<meta property=\"og:url\" content=\"https:\/\/rckopen.com\/it\/prodotto\/4-fma\/\" \/>\n<meta property=\"og:site_name\" content=\"RC Kopen\" \/>\n<meta property=\"article:modified_time\" content=\"2025-01-11T08:44:02+00:00\" \/>\n<meta property=\"og:image\" content=\"https:\/\/rckopen.com\/wp-content\/uploads\/2023\/08\/4-FMA.jpg\" \/>\n\t<meta property=\"og:image:width\" content=\"600\" \/>\n\t<meta property=\"og:image:height\" content=\"600\" \/>\n\t<meta property=\"og:image:type\" content=\"image\/jpeg\" \/>\n<meta name=\"twitter:card\" content=\"summary_large_image\" \/>\n<meta name=\"twitter:label1\" content=\"Tempo di lettura stimato\" \/>\n\t<meta name=\"twitter:data1\" content=\"4 minuti\" \/>\n<script type=\"application\/ld+json\" class=\"yoast-schema-graph\">{\"@context\":\"https:\/\/schema.org\",\"@graph\":[{\"@type\":\"WebPage\",\"@id\":\"https:\/\/rckopen.com\/product\/4-fma\/\",\"url\":\"https:\/\/rckopen.com\/product\/4-fma\/\",\"name\":\"Koop 4-FMA online - 4-FMA te kopen - Bestel 4-FMA\",\"isPartOf\":{\"@id\":\"https:\/\/rckopen.com\/#website\"},\"primaryImageOfPage\":{\"@id\":\"https:\/\/rckopen.com\/product\/4-fma\/#primaryimage\"},\"image\":{\"@id\":\"https:\/\/rckopen.com\/product\/4-fma\/#primaryimage\"},\"thumbnailUrl\":\"https:\/\/rckopen.com\/wp-content\/uploads\/2023\/08\/4-FMA.jpg\",\"datePublished\":\"2023-08-14T08:42:07+00:00\",\"dateModified\":\"2025-01-11T08:44:02+00:00\",\"description\":\"Koop 4-FMA online, dan zijn wij de juiste keuze voor jou. Onze medewerkers zullen je helpen 4-FMA online te kopen tegen goedkope tarieven.\",\"breadcrumb\":{\"@id\":\"https:\/\/rckopen.com\/product\/4-fma\/#breadcrumb\"},\"inLanguage\":\"it-IT\",\"potentialAction\":[{\"@type\":\"ReadAction\",\"target\":[\"https:\/\/rckopen.com\/product\/4-fma\/\"]}]},{\"@type\":\"ImageObject\",\"inLanguage\":\"it-IT\",\"@id\":\"https:\/\/rckopen.com\/product\/4-fma\/#primaryimage\",\"url\":\"https:\/\/rckopen.com\/wp-content\/uploads\/2023\/08\/4-FMA.jpg\",\"contentUrl\":\"https:\/\/rckopen.com\/wp-content\/uploads\/2023\/08\/4-FMA.jpg\",\"width\":600,\"height\":600,\"caption\":\"Koop 4-FMA online\"},{\"@type\":\"BreadcrumbList\",\"@id\":\"https:\/\/rckopen.com\/product\/4-fma\/#breadcrumb\",\"itemListElement\":[{\"@type\":\"ListItem\",\"position\":1,\"name\":\"Home\",\"item\":\"https:\/\/rckopen.com\/\"},{\"@type\":\"ListItem\",\"position\":2,\"name\":\"Shop\",\"item\":\"https:\/\/rckopen.com\/shop\/\"},{\"@type\":\"ListItem\",\"position\":3,\"name\":\"4-FMA\"}]},{\"@type\":\"WebSite\",\"@id\":\"https:\/\/rckopen.com\/#website\",\"url\":\"https:\/\/rckopen.com\/\",\"name\":\"RC Kopen\",\"description\":\"Research Chemicals\",\"potentialAction\":[{\"@type\":\"SearchAction\",\"target\":{\"@type\":\"EntryPoint\",\"urlTemplate\":\"https:\/\/rckopen.com\/?s={search_term_string}\"},\"query-input\":{\"@type\":\"PropertyValueSpecification\",\"valueRequired\":true,\"valueName\":\"search_term_string\"}}],\"inLanguage\":\"it-IT\"}]}<\/script>\n<!-- \/ Yoast SEO plugin. -->","yoast_head_json":{"title":"Koop 4-FMA online - 4-FMA te kopen - Bestel 4-FMA","description":"Koop 4-FMA online, dan zijn wij de juiste keuze voor jou. Onze medewerkers zullen je helpen 4-FMA online te kopen tegen goedkope tarieven.","robots":{"index":"index","follow":"follow","max-snippet":"max-snippet:-1","max-image-preview":"max-image-preview:large","max-video-preview":"max-video-preview:-1"},"canonical":"https:\/\/rckopen.com\/it\/prodotto\/4-fma\/","og_locale":"it_IT","og_type":"article","og_title":"Koop 4-FMA online - 4-FMA te kopen - Bestel 4-FMA","og_description":"Koop 4-FMA online, dan zijn wij de juiste keuze voor jou. Onze medewerkers zullen je helpen 4-FMA online te kopen tegen goedkope tarieven.","og_url":"https:\/\/rckopen.com\/it\/prodotto\/4-fma\/","og_site_name":"RC Kopen","article_modified_time":"2025-01-11T08:44:02+00:00","og_image":[{"width":600,"height":600,"url":"https:\/\/rckopen.com\/wp-content\/uploads\/2023\/08\/4-FMA.jpg","type":"image\/jpeg"}],"twitter_card":"summary_large_image","twitter_misc":{"Tempo di lettura stimato":"4 minuti"},"schema":{"@context":"https:\/\/schema.org","@graph":[{"@type":"WebPage","@id":"https:\/\/rckopen.com\/product\/4-fma\/","url":"https:\/\/rckopen.com\/product\/4-fma\/","name":"Koop 4-FMA online - 4-FMA te kopen - Bestel 4-FMA","isPartOf":{"@id":"https:\/\/rckopen.com\/#website"},"primaryImageOfPage":{"@id":"https:\/\/rckopen.com\/product\/4-fma\/#primaryimage"},"image":{"@id":"https:\/\/rckopen.com\/product\/4-fma\/#primaryimage"},"thumbnailUrl":"https:\/\/rckopen.com\/wp-content\/uploads\/2023\/08\/4-FMA.jpg","datePublished":"2023-08-14T08:42:07+00:00","dateModified":"2025-01-11T08:44:02+00:00","description":"Koop 4-FMA online, dan zijn wij de juiste keuze voor jou. Onze medewerkers zullen je helpen 4-FMA online te kopen tegen goedkope tarieven.","breadcrumb":{"@id":"https:\/\/rckopen.com\/product\/4-fma\/#breadcrumb"},"inLanguage":"it-IT","potentialAction":[{"@type":"ReadAction","target":["https:\/\/rckopen.com\/product\/4-fma\/"]}]},{"@type":"ImageObject","inLanguage":"it-IT","@id":"https:\/\/rckopen.com\/product\/4-fma\/#primaryimage","url":"https:\/\/rckopen.com\/wp-content\/uploads\/2023\/08\/4-FMA.jpg","contentUrl":"https:\/\/rckopen.com\/wp-content\/uploads\/2023\/08\/4-FMA.jpg","width":600,"height":600,"caption":"Koop 4-FMA online"},{"@type":"BreadcrumbList","@id":"https:\/\/rckopen.com\/product\/4-fma\/#breadcrumb","itemListElement":[{"@type":"ListItem","position":1,"name":"Home","item":"https:\/\/rckopen.com\/"},{"@type":"ListItem","position":2,"name":"Shop","item":"https:\/\/rckopen.com\/shop\/"},{"@type":"ListItem","position":3,"name":"4-FMA"}]},{"@type":"WebSite","@id":"https:\/\/rckopen.com\/#website","url":"https:\/\/rckopen.com\/","name":"RC Kopen","description":"Research Chemicals","potentialAction":[{"@type":"SearchAction","target":{"@type":"EntryPoint","urlTemplate":"https:\/\/rckopen.com\/?s={search_term_string}"},"query-input":{"@type":"PropertyValueSpecification","valueRequired":true,"valueName":"search_term_string"}}],"inLanguage":"it-IT"}]}},"_links":{"self":[{"href":"https:\/\/rckopen.com\/it\/wp-json\/wp\/v2\/product\/6268","targetHints":{"allow":["GET"]}}],"collection":[{"href":"https:\/\/rckopen.com\/it\/wp-json\/wp\/v2\/product"}],"about":[{"href":"https:\/\/rckopen.com\/it\/wp-json\/wp\/v2\/types\/product"}],"replies":[{"embeddable":true,"href":"https:\/\/rckopen.com\/it\/wp-json\/wp\/v2\/comments?post=6268"}],"wp:featuredmedia":[{"embeddable":true,"href":"https:\/\/rckopen.com\/it\/wp-json\/wp\/v2\/media\/6322"}],"wp:attachment":[{"href":"https:\/\/rckopen.com\/it\/wp-json\/wp\/v2\/media?parent=6268"}],"wp:term":[{"taxonomy":"product_brand","embeddable":true,"href":"https:\/\/rckopen.com\/it\/wp-json\/wp\/v2\/product_brand?post=6268"},{"taxonomy":"product_cat","embeddable":true,"href":"https:\/\/rckopen.com\/it\/wp-json\/wp\/v2\/product_cat?post=6268"},{"taxonomy":"product_tag","embeddable":true,"href":"https:\/\/rckopen.com\/it\/wp-json\/wp\/v2\/product_tag?post=6268"}],"curies":[{"name":"wp","href":"https:\/\/api.w.org\/{rel}","templated":true}]}}