{"id":6269,"date":"2023-08-14T08:42:16","date_gmt":"2023-08-14T08:42:16","guid":{"rendered":"https:\/\/diligentplug.com\/chems\/?post_type=product&#038;p=6269"},"modified":"2025-01-31T05:15:11","modified_gmt":"2025-01-31T05:15:11","slug":"4-fea","status":"publish","type":"product","link":"https:\/\/rckopen.com\/it\/prodotto\/4-fea\/","title":{"rendered":"Acquista 4-FEA online"},"content":{"rendered":"<h2>Acquista 4-FEA online<\/h2>\n<p><a href=\"https:\/\/rckopen.com\/it\/prodotto\/4-fea\/\">Acquista 4-FEA<\/a>, Bij <a href=\"https:\/\/rckopen.com\/it\/\">Rckopen.com<\/a> \u00e8 possibile acquistare 4-FMA affidabile per scopi di ricerca. La 4-FMA appartiene al sottogruppo delle anfetamine e ha effetti simili all'MDMA, tra cui euforia, energia e maggiore empatia. Il dosaggio di 4-FMA influisce sull'intensit\u00e0 dello studio ed \u00e8 consigliabile acquistarlo da un venditore affidabile come Funcaps per garantirne la qualit\u00e0 e l'origine. Si prega di notare che il 4-FMA non \u00e8 destinato al consumo umano e deve essere maneggiato e conservato in modo sicuro.<\/p>\n<h1><strong>4 FMA<\/strong><\/h1>\n<p><a href=\"https:\/\/en.wikipedia.org\/wiki\/4-Fluoromethamphetamine\">4-FMA<\/a>, il cui nome scientifico \u00e8 4-fluorometamfetamina, \u00e8 un sottotipo di amfetamina. La prima vendita ufficiale di 4 FMA \u00e8 avvenuta in Giappone nel 2006. Questa sostanza chimica di ricerca, come le sostanze chimiche di ricerca super popolari 2-FA e 3-FA, \u00e8 diventata sempre pi\u00f9 popolare nei Paesi Bassi nel corso degli anni. Questa popolarit\u00e0, in aumento nei Paesi Bassi dal 2007, \u00e8 dovuta anche agli effetti studiati. Se desideri acquistare 4 FMA per scopi di ricerca, ti consigliamo di farlo da una societ\u00e0 affidabile come Funcaps. Il motivo \u00e8 che garantiamo sia la qualit\u00e0 che l'origine del materiale di ricerca acquistato. Inoltre, l'effetto FMA dell'ordine4 pu\u00f2 avere esiti diversi nella tua ricerca quando acquisti qualcosa da un venditore inaffidabile, quindi non \u00e8 certo cosa contenga.<\/p>\n<div data-content-type=\"row\" data-appearance=\"contained\" data-element=\"main\">\n<div data-enable-parallax=\"0\" data-parallax-speed=\"0.5\" data-background-images=\"{}\" data-background-type=\"image\" data-video-loop=\"true\" data-video-play-only-visible=\"true\" data-video-lazy-load=\"true\" data-video-fallback-src=\"\" data-element=\"inner\" data-pb-style=\"SM2UFQT\">\n<div data-content-type=\"text\" data-appearance=\"default\" data-element=\"main\">\n<h2>FUNZIONAMENTO 4-FMA<\/h2>\n<p>Sono state condotte ricerche sugli effetti della 4-fluorometanfetamina. Gli effetti della 4 FMA variano da uno studio all'altro, naturalmente non esistono due studi uguali. Quindi l'esperienza misurata della 4 FMA pu\u00f2 variare da uno studio all'altro, ma il filo conduttore \u00e8 il seguente: si dice che abbia un effetto simile a quello dell'MDMA, aumentando le esperienze euforiche. Si dice anche che dia pi\u00f9 energia. L'aumento delle sensazioni di felicit\u00e0 e calore, chiamato anche \"sensazione di coccole\", \u00e8 in linea con l'aumento dell'empatia sperimentato. Aumenta anche la sensazione di affiatamento e il bisogno di aprirsi agli altri in modo verbale. Ci\u00f2 \u00e8 in linea con altre ricerche chimiche testate in un ambiente controllato. Non \u00e8 questa la ricerca che state cercando? Allora date un'occhiata alle altre sostanze chimiche di ricerca pi\u00f9 popolari, come i catinoni!<\/p>\n<p>Si prega di notare che tutte le informazioni su questi prodotti chimici di ricerca e i prodotti chimici di ricerca stessi sono solo a scopo educativo e di ricerca. Questi prodotti non sono integratori e non sono adatti al consumo umano.<\/p>\n<p>Inoltre, trattandosi di un'anfetamina, l'esperienza della 4-FMA pu\u00f2 causare digrignamento dei denti e togliere l'appetito. Le ricerche mostrano anche che l'effetto di surriscaldamento \u00e8 meno problematico rispetto ad altre anfetamine conosciute. Ci\u00f2 che si concorda \u00e8 che, come nel caso degli XTC, il dosaggio di 4 FMA influisce direttamente sull'intensit\u00e0 di \"assorbimento\" della musica nel corpo, ad esempio. Infine, ma non meno importante, lo studio osserva che l'effetto empatico \u00e8 pi\u00f9 evidente nelle prime tre ore, dopodich\u00e9 nell'ora successiva il 4 FMA ha un effetto energetico. Pu\u00f2 essere necessaria fino a un'ora perch\u00e9 tutto questo sia percepibile.<\/p>\n<p>Inoltre, secondo le ricerche e gli utenti che hanno condiviso le loro opinioni online, il seguente \u00e8 un effetto collaterale atteso: il 4-FMA pu\u00f2 funzionare tra le quattro e le sei ore. Gli scenari in cui \u00e8 stato assunto di pi\u00f9 dopo una dose iniziale hanno portato a un effetto evidente di 24 ore. Si nota anche che gli effetti evidenti dell'acquisto di 4-FEA sono molto superiori a quelli di droghe vietate come l'MDMA. Va notato che gli effetti percepibili possono e variano da una situazione di ricerca all'altra. Proprio come le persone, non esistono due studi uguali.<\/p>\n<\/div>\n<\/div>\n<\/div>\n<div data-content-type=\"row\" data-appearance=\"contained\" data-element=\"main\">\n<div data-enable-parallax=\"0\" data-parallax-speed=\"0.5\" data-background-images=\"{}\" data-background-type=\"image\" data-video-loop=\"true\" data-video-play-only-visible=\"true\" data-video-lazy-load=\"true\" data-video-fallback-src=\"\" data-element=\"inner\" data-pb-style=\"PDUI88Q\">\n<div data-content-type=\"text\" data-appearance=\"default\" data-element=\"main\">\n<h2>DOSAGGIO DI 4-FMA<\/h2>\n<p>La misura in cui gli effetti della 4 FMA sono percepibili \u00e8 direttamente correlata al dosaggio studiato. Le dosi normalmente utilizzate per la ricerca sono comprese tra 70 e 140 mg. Di solito, il 4 FMA si presenta sotto forma di polvere dall'aspetto bianco. Questa polvere pu\u00f2 anche presentarsi in capsule o pellet. Una dose pi\u00f9 elevata pu\u00f2 far s\u00ec che i risultati della ricerca siano evidenti ad altitudini pi\u00f9 elevate. A dosi elevate, si dice che uno dei maggiori effetti collaterali sia l'insonnia.<\/p>\n<\/div>\n<\/div>\n<\/div>\n<div data-content-type=\"row\" data-appearance=\"contained\" data-element=\"main\">\n<div data-enable-parallax=\"0\" data-parallax-speed=\"0.5\" data-background-images=\"{}\" data-background-type=\"image\" data-video-loop=\"true\" data-video-play-only-visible=\"true\" data-video-lazy-load=\"true\" data-video-fallback-src=\"\" data-element=\"inner\" data-pb-style=\"D1DX3KR\">\n<div data-content-type=\"text\" data-appearance=\"default\" data-element=\"main\">\n<h2>COME CONSEGNIAMO<\/h2>\n<p>Tutti i nostri pacchi vengono consegnati tramite DHL o PostNL. DHL per le spedizioni all'estero e PostNL per le spedizioni nazionali. Se l'ordine viene effettuato entro le 16.30 di un giorno lavorativo, viene spedito il giorno stesso. Inoltre, l'imballaggio viene effettuato con la massima discrezione. Pertanto, nei Paesi Bassi, abbiamo quattro opzioni di consegna. Ovvero:<\/p>\n<ul>\n<li>Una spedizione normale, ovvero un ordine in una busta vuota senza mittente. I tempi di consegna sono di circa uno o due giorni.<\/li>\n<li>Spedizione con tracciabilit\u00e0 e rintracciabilit\u00e0, come sopra solo con tracciabilit\u00e0 e rintracciabilit\u00e0<\/li>\n<li>Spedizione in \"orari speciali\", questo ordine con tracciabilit\u00e0 sar\u00e0 consegnato in un orario specifico.<\/li>\n<li>Punto di raccolta PostNL, qui potete scegliere di ritirare il vostro pacco presso un punto di raccolta PostNL vicino a voi.<\/li>\n<\/ul>\n<\/div>\n<\/div>\n<\/div>\n<div data-content-type=\"row\" data-appearance=\"contained\" data-element=\"main\">\n<div data-enable-parallax=\"0\" data-parallax-speed=\"0.5\" data-background-images=\"{}\" data-background-type=\"image\" data-video-loop=\"true\" data-video-play-only-visible=\"true\" data-video-lazy-load=\"true\" data-video-fallback-src=\"\" data-element=\"inner\" data-pb-style=\"P3WNWOB\">\n<div data-content-type=\"text\" data-appearance=\"default\" data-element=\"main\">\n<h2>RACCOMANDAZIONI DI SICUREZZA INTORNO ALLE INDAGINI 4 FMA<\/h2>\n<p>In caso di contatto di 4 FMA con gli occhi: Sciacquare accuratamente con acqua per almeno 10-15 minuti, se necessario rimuovere le lenti a contatto. In caso di contatto con la pelle: Sciacquare con acqua, se possibile anche con sapone. In caso di inalazione: Prendere aria fresca e assumere una posizione che favorisca la respirazione.<a href=\"https:\/\/en.wikipedia.org\/w\/index.php?search=4-FEA&amp;title=Special%3ASearch&amp;ns0=1\">.<\/a><\/p>\n<p>Non esporre il 4-FMA a fonti di calore. Conservare il prodotto in un ambiente asciutto e a temperatura ambiente e riporlo in un imballaggio adeguato. Tenere fuori dalla portata dei bambini. La buona stabilit\u00e0 di 4-FEA alle condizioni sopra indicate pu\u00f2 durare fino a due anni.<a href=\"https:\/\/rckopen.com\/it\/prodotto\/dmc-dimetocaina-freebase\/\">.<\/a><\/p>\n<\/div>\n<\/div>\n<\/div>","protected":false},"excerpt":{"rendered":"<p>Nome IUPAC: N-etil-4-fluoro-\u03b1-metil-benzeneetanamina, monoidrocloruro<\/p>\n<p><strong>CAS # <\/strong>3823-31-2<\/p>\n<p><strong>Altro nome: <\/strong>4-Fluoroetanfetamina (cloridrato)<\/p>\n<p><strong>Aspetto: <\/strong>polvere<\/p>\n<p><strong>Forma: <\/strong>nullo<\/p>\n<p><strong>Analisi NMR: <\/strong>C11H16FN - HCl<\/p>","protected":false},"featured_media":6323,"comment_status":"open","ping_status":"closed","template":"","meta":{"_joinchat":[]},"product_brand":[],"product_cat":[127],"product_tag":[],"class_list":{"0":"post-6269","1":"product","2":"type-product","3":"status-publish","4":"has-post-thumbnail","6":"product_cat-amfetamine","8":"first","9":"instock","10":"shipping-taxable","11":"purchasable","12":"product-type-variable"},"yoast_head":"<!-- This site is optimized with the Yoast SEO plugin v26.3 - https:\/\/yoast.com\/wordpress\/plugins\/seo\/ -->\n<title>4-FEA online kopen - 4-FMA te koop<\/title>\n<meta name=\"description\" content=\"4-FEA online kopen, Als je 4-FEA uit onze RC kopen-winkel nog niet hebt geprobeerd, dan mis je veel. Wij helpen u 4-FEA te koop tegen goedkope tarieven te kopen.\" \/>\n<meta name=\"robots\" content=\"index, follow, max-snippet:-1, max-image-preview:large, max-video-preview:-1\" \/>\n<link rel=\"canonical\" href=\"https:\/\/rckopen.com\/it\/prodotto\/4-fea\/\" \/>\n<meta property=\"og:locale\" content=\"it_IT\" \/>\n<meta property=\"og:type\" content=\"article\" \/>\n<meta property=\"og:title\" content=\"4-FEA online kopen - 4-FMA te koop\" \/>\n<meta property=\"og:description\" content=\"4-FEA online kopen, Als je 4-FEA uit onze RC kopen-winkel nog niet hebt geprobeerd, dan mis je veel. Wij helpen u 4-FEA te koop tegen goedkope tarieven te kopen.\" \/>\n<meta property=\"og:url\" content=\"https:\/\/rckopen.com\/it\/prodotto\/4-fea\/\" \/>\n<meta property=\"og:site_name\" content=\"RC Kopen\" \/>\n<meta property=\"article:modified_time\" content=\"2025-01-31T05:15:11+00:00\" \/>\n<meta property=\"og:image\" content=\"https:\/\/rckopen.com\/wp-content\/uploads\/2023\/08\/4-FEA.jpg\" \/>\n\t<meta property=\"og:image:width\" content=\"600\" \/>\n\t<meta property=\"og:image:height\" content=\"600\" \/>\n\t<meta property=\"og:image:type\" content=\"image\/jpeg\" \/>\n<meta name=\"twitter:card\" content=\"summary_large_image\" \/>\n<meta name=\"twitter:label1\" content=\"Tempo di lettura stimato\" \/>\n\t<meta name=\"twitter:data1\" content=\"5 minuti\" \/>\n<script type=\"application\/ld+json\" class=\"yoast-schema-graph\">{\"@context\":\"https:\/\/schema.org\",\"@graph\":[{\"@type\":\"WebPage\",\"@id\":\"https:\/\/rckopen.com\/product\/4-fea\/\",\"url\":\"https:\/\/rckopen.com\/product\/4-fea\/\",\"name\":\"4-FEA online kopen - 4-FMA te koop\",\"isPartOf\":{\"@id\":\"https:\/\/rckopen.com\/#website\"},\"primaryImageOfPage\":{\"@id\":\"https:\/\/rckopen.com\/product\/4-fea\/#primaryimage\"},\"image\":{\"@id\":\"https:\/\/rckopen.com\/product\/4-fea\/#primaryimage\"},\"thumbnailUrl\":\"https:\/\/rckopen.com\/wp-content\/uploads\/2023\/08\/4-FEA.jpg\",\"datePublished\":\"2023-08-14T08:42:16+00:00\",\"dateModified\":\"2025-01-31T05:15:11+00:00\",\"description\":\"4-FEA online kopen, Als je 4-FEA uit onze RC kopen-winkel nog niet hebt geprobeerd, dan mis je veel. Wij helpen u 4-FEA te koop tegen goedkope tarieven te kopen.\",\"breadcrumb\":{\"@id\":\"https:\/\/rckopen.com\/product\/4-fea\/#breadcrumb\"},\"inLanguage\":\"it-IT\",\"potentialAction\":[{\"@type\":\"ReadAction\",\"target\":[\"https:\/\/rckopen.com\/product\/4-fea\/\"]}]},{\"@type\":\"ImageObject\",\"inLanguage\":\"it-IT\",\"@id\":\"https:\/\/rckopen.com\/product\/4-fea\/#primaryimage\",\"url\":\"https:\/\/rckopen.com\/wp-content\/uploads\/2023\/08\/4-FEA.jpg\",\"contentUrl\":\"https:\/\/rckopen.com\/wp-content\/uploads\/2023\/08\/4-FEA.jpg\",\"width\":600,\"height\":600,\"caption\":\"4-FEA online kopen\"},{\"@type\":\"BreadcrumbList\",\"@id\":\"https:\/\/rckopen.com\/product\/4-fea\/#breadcrumb\",\"itemListElement\":[{\"@type\":\"ListItem\",\"position\":1,\"name\":\"Home\",\"item\":\"https:\/\/rckopen.com\/\"},{\"@type\":\"ListItem\",\"position\":2,\"name\":\"Shop\",\"item\":\"https:\/\/rckopen.com\/shop\/\"},{\"@type\":\"ListItem\",\"position\":3,\"name\":\"4-FEA online kopen\"}]},{\"@type\":\"WebSite\",\"@id\":\"https:\/\/rckopen.com\/#website\",\"url\":\"https:\/\/rckopen.com\/\",\"name\":\"RC Kopen\",\"description\":\"Research Chemicals\",\"potentialAction\":[{\"@type\":\"SearchAction\",\"target\":{\"@type\":\"EntryPoint\",\"urlTemplate\":\"https:\/\/rckopen.com\/?s={search_term_string}\"},\"query-input\":{\"@type\":\"PropertyValueSpecification\",\"valueRequired\":true,\"valueName\":\"search_term_string\"}}],\"inLanguage\":\"it-IT\"}]}<\/script>\n<!-- \/ Yoast SEO plugin. -->","yoast_head_json":{"title":"4-FEA online kopen - 4-FMA te koop","description":"4-FEA online kopen, Als je 4-FEA uit onze RC kopen-winkel nog niet hebt geprobeerd, dan mis je veel. Wij helpen u 4-FEA te koop tegen goedkope tarieven te kopen.","robots":{"index":"index","follow":"follow","max-snippet":"max-snippet:-1","max-image-preview":"max-image-preview:large","max-video-preview":"max-video-preview:-1"},"canonical":"https:\/\/rckopen.com\/it\/prodotto\/4-fea\/","og_locale":"it_IT","og_type":"article","og_title":"4-FEA online kopen - 4-FMA te koop","og_description":"4-FEA online kopen, Als je 4-FEA uit onze RC kopen-winkel nog niet hebt geprobeerd, dan mis je veel. Wij helpen u 4-FEA te koop tegen goedkope tarieven te kopen.","og_url":"https:\/\/rckopen.com\/it\/prodotto\/4-fea\/","og_site_name":"RC Kopen","article_modified_time":"2025-01-31T05:15:11+00:00","og_image":[{"width":600,"height":600,"url":"https:\/\/rckopen.com\/wp-content\/uploads\/2023\/08\/4-FEA.jpg","type":"image\/jpeg"}],"twitter_card":"summary_large_image","twitter_misc":{"Tempo di lettura stimato":"5 minuti"},"schema":{"@context":"https:\/\/schema.org","@graph":[{"@type":"WebPage","@id":"https:\/\/rckopen.com\/product\/4-fea\/","url":"https:\/\/rckopen.com\/product\/4-fea\/","name":"4-FEA online kopen - 4-FMA te koop","isPartOf":{"@id":"https:\/\/rckopen.com\/#website"},"primaryImageOfPage":{"@id":"https:\/\/rckopen.com\/product\/4-fea\/#primaryimage"},"image":{"@id":"https:\/\/rckopen.com\/product\/4-fea\/#primaryimage"},"thumbnailUrl":"https:\/\/rckopen.com\/wp-content\/uploads\/2023\/08\/4-FEA.jpg","datePublished":"2023-08-14T08:42:16+00:00","dateModified":"2025-01-31T05:15:11+00:00","description":"4-FEA online kopen, Als je 4-FEA uit onze RC kopen-winkel nog niet hebt geprobeerd, dan mis je veel. Wij helpen u 4-FEA te koop tegen goedkope tarieven te kopen.","breadcrumb":{"@id":"https:\/\/rckopen.com\/product\/4-fea\/#breadcrumb"},"inLanguage":"it-IT","potentialAction":[{"@type":"ReadAction","target":["https:\/\/rckopen.com\/product\/4-fea\/"]}]},{"@type":"ImageObject","inLanguage":"it-IT","@id":"https:\/\/rckopen.com\/product\/4-fea\/#primaryimage","url":"https:\/\/rckopen.com\/wp-content\/uploads\/2023\/08\/4-FEA.jpg","contentUrl":"https:\/\/rckopen.com\/wp-content\/uploads\/2023\/08\/4-FEA.jpg","width":600,"height":600,"caption":"4-FEA online kopen"},{"@type":"BreadcrumbList","@id":"https:\/\/rckopen.com\/product\/4-fea\/#breadcrumb","itemListElement":[{"@type":"ListItem","position":1,"name":"Home","item":"https:\/\/rckopen.com\/"},{"@type":"ListItem","position":2,"name":"Shop","item":"https:\/\/rckopen.com\/shop\/"},{"@type":"ListItem","position":3,"name":"4-FEA online kopen"}]},{"@type":"WebSite","@id":"https:\/\/rckopen.com\/#website","url":"https:\/\/rckopen.com\/","name":"RC Kopen","description":"Research Chemicals","potentialAction":[{"@type":"SearchAction","target":{"@type":"EntryPoint","urlTemplate":"https:\/\/rckopen.com\/?s={search_term_string}"},"query-input":{"@type":"PropertyValueSpecification","valueRequired":true,"valueName":"search_term_string"}}],"inLanguage":"it-IT"}]}},"_links":{"self":[{"href":"https:\/\/rckopen.com\/it\/wp-json\/wp\/v2\/product\/6269","targetHints":{"allow":["GET"]}}],"collection":[{"href":"https:\/\/rckopen.com\/it\/wp-json\/wp\/v2\/product"}],"about":[{"href":"https:\/\/rckopen.com\/it\/wp-json\/wp\/v2\/types\/product"}],"replies":[{"embeddable":true,"href":"https:\/\/rckopen.com\/it\/wp-json\/wp\/v2\/comments?post=6269"}],"wp:featuredmedia":[{"embeddable":true,"href":"https:\/\/rckopen.com\/it\/wp-json\/wp\/v2\/media\/6323"}],"wp:attachment":[{"href":"https:\/\/rckopen.com\/it\/wp-json\/wp\/v2\/media?parent=6269"}],"wp:term":[{"taxonomy":"product_brand","embeddable":true,"href":"https:\/\/rckopen.com\/it\/wp-json\/wp\/v2\/product_brand?post=6269"},{"taxonomy":"product_cat","embeddable":true,"href":"https:\/\/rckopen.com\/it\/wp-json\/wp\/v2\/product_cat?post=6269"},{"taxonomy":"product_tag","embeddable":true,"href":"https:\/\/rckopen.com\/it\/wp-json\/wp\/v2\/product_tag?post=6269"}],"curies":[{"name":"wp","href":"https:\/\/api.w.org\/{rel}","templated":true}]}}