{"id":6335,"date":"2023-08-14T10:37:18","date_gmt":"2023-08-14T10:37:18","guid":{"rendered":"https:\/\/diligentplug.com\/chems\/?post_type=product&#038;p=6335"},"modified":"2025-02-03T05:49:16","modified_gmt":"2025-02-03T05:49:16","slug":"bromonordiazepam","status":"publish","type":"product","link":"https:\/\/rckopen.com\/it\/prodotto\/bromonordiazepam\/","title":{"rendered":"acquistare bromonordiazepam online"},"content":{"rendered":"<h2>Algemene informatie Bromonordiazepam online kopen<\/h2>\n<p>Il bromazepam \u00e8 una benzodiazepina. Si tratta principalmente di un farmaco ansiolitico con effetti postumi simili a quelli del diazepam (valium). Il bromazepam non \u00e8 usato solo per trattare la tensione o la rabbia, ma pu\u00f2 anche essere usato come premedicazione prima di una procedura medica minore. Il bromazepam \u00e8 regolarmente disponibile in compresse da 3 mg e 6 mg.<\/p>\n<p>\u00c8 stata autorizzata da Roche nel 1961 e approvata per uso clinico nel 1974.<\/p>\n<p>Dopo la somministrazione notturna di bromazepam, si verifica una riduzione molto netta della secrezione acida gastrica durante il riposo, seguita da un rimbalzo eccezionalmente critico della sostanza acida gastrica il giorno successivo.<\/p>\n<h3>Composizione chimica del bromonordiazepam<\/h3>\n<p>Il suo nome convenzionale \u00e8 7-bromo-1,3-diidro-5-fenil-2H-1,4-benzodiazepina-2-on. L'equazione molecolare del bromazepam \u00e8 C15H11BrN2O. Il bromazepam \u00e8 uno standard di riferimento scientifico classificato come metabolita delle benzodiazepine.1 Il desalchilgidazepam \u00e8 un metabolita del gidazepam. Questo composto esplorativo \u00e8 previsto per applicazioni forensi e di ricerca.<\/p>\n<h3>Farmacologia del bromonordiazepam<\/h3>\n<p>Il bromazepam \u00e8 una benzodiazepina \"classica\"; altre benzodiazepine vecchio stile includono: diazepam, clonazepam, oxazepam, lorazepam, nitrazepam, flurazepam e clorazepato. La struttura molecolare \u00e8 costituita da una diazepina associata a un anello benzenico e a un anello piridinico, dove l'anello benzenico presenta una particella solitaria di azoto che sostituisce una delle molecole di carbonio nella struttura dell'anello. Si tratta di una 1,4-benzodiazepina, il che implica che gli atomi di azoto sull'anello diazepinico a sette facce si trovano nelle posizioni 1 e 4.<\/p>\n<p>Il bromazepam si lega al recettore GABA GABAA, provocando un cambiamento conformazionale e prolungando gli effetti inibitori del GABA. Agisce come modulatore positivo e sviluppa la risposta recettoriale quando viene avviata dal GABA stesso o da un agonista (come il liquor). Al contrario del barbital, le BZD non sono attivatori dei recettori GABA e si basano sul prolungamento dell'attivit\u00e0 biologica della sinapsi. Il bromazepam \u00e8 una benzodiazepina semiactiva, \u00e8 moderatamente lipofilo a differenza di altre sostanze del suo gruppo e viene utilizzato attraverso vie ossidative nel fegato. Non ha propriet\u00e0 stimolanti o antipsicotiche.<\/p>\n<h3>Acquista online polvere di bromonordiazepam di alta qualit\u00e0<\/h3>\n<p>RC Buy vanta molti anni di esperienza nel settore dei prodotti chimici per la ricerca, il che ci permette di garantire la massima qualit\u00e0 di questi prodotti chimici per la ricerca. Il team di ricerca chimica vende bromonordiazepam e pellet da 2,5 mg. I prodotti chimici di ricerca, compreso il bromonordiazepam, soddisfano tutti i requisiti di sicurezza. I prodotti chimici per la ricerca sono distribuiti con cura e conservati in un luogo fresco e asciutto.<\/p>\n<p>Tutti i prodotti sono regolarmente controllati per verificarne la qualit\u00e0, la purezza e la sicurezza. Conservare sempre il bromonordiazepam a temperatura ambiente e fuori dalla portata di bambini e animali domestici. Il nostro bromonordiazepam non \u00e8 destinato all'uso personale. \u00c8 solo per scopi di ricerca.<\/p>\n<p>Non deve essere mescolato con alcool o sostanze chimiche di ricerca quando si indaga su questo prodotto chimico di ricerca! Comprare bromonordizepam polvere online RC Comprare. Tutti i nostri prodotti hanno un prezzo equo!<\/p>\n<h3>Bromonordiazepam testato in laboratorio con risultati.<\/h3>\n<p>Fa nuovi progressi verso la soddisfazione complessiva dei propri clienti. Diversi sondaggi hanno dimostrato che i clienti richiedono una quantit\u00e0 di dati pari a quella prevista prima di acquistare prodotti chimici di ricerca sintetici. Inoltre, pubblichiamo tutte le conseguenze di laboratorio di ogni prodotto chimico di ricerca in un documento PDF.<\/p>\n<p>Il nostro bromonordiazepam soddisfa costantemente i principi attivi ed \u00e8 chiaro a tutti.<\/p>\n<p>Distribuiamo tutte le conseguenze di laboratorio di ogni sostanza chimica di ricerca in un documento PDF.<\/p>\n<h3>Ordinazione sicura a bromonordiazepam.<\/h3>\n<p>I prodotti chimici di ricerca progettati da RCKOPEN sono di ottima qualit\u00e0 e hanno un prezzo ragionevole. Pertanto, quando richiedi i tuoi prodotti chimici di ricerca da TRRC SHOP, ti garantiamo che invieremo la tua richiesta al tuo laboratorio di ricerca in modo rapido e sicuro, poich\u00e9 la vendita di prodotti chimici di ricerca \u00e8 sempre disponibile su RCKOPEN.<\/p>\n<p>Richiedere composti sintetici di ricerca tramite Bitcoin o bonifico bancario \u00e8 facile su RCKOPEN.<\/p>\n<p>Spediamo i prodotti chimici di ricerca lo stesso giorno lavorativo se il pagamento viene ricevuto entro le 15:00 CEST.<\/p>\n<p>Non consegniamo articoli a persone di et\u00e0 inferiore ai 18 anni!<\/p>\n<p>Il bromonordiazepam in vendita \u00e8 solo a scopo di ricerca.<\/p>\n<h3>Spedizione discreta di prodotti chimici per la ricerca.<\/h3>\n<p>RCKOPEN spedir\u00e0 il tuo ordineAcquista Bromonor Diazepam online \u2013 Bromonor Diazepam in vendita | RC Acquista in modo sicuro e imballa in modo sicuro per garantire un buon trasporto. Inoltre, imballiamo in modo discreto e perfetto, senza che dall'esterno si veda nulla di ci\u00f2 che potrebbe esserci all'interno.<\/p>","protected":false},"excerpt":{"rendered":"<p><strong>Nome IUPAC: <\/strong>7-bromo-5-phenyl-1,3-dihydro-1,4-benzodiazepin-2-one<\/p>\n<p><strong>CAS # <\/strong>2894-61-3<\/p>\n<p><strong>Altro nome: <\/strong>dialchilgidazepam<\/p>\n<p><strong>Forma: <\/strong>polvere<\/p>\n<p><strong>Analisi NMR: <\/strong>C15H11BrN2O<\/p>","protected":false},"featured_media":6351,"comment_status":"open","ping_status":"closed","template":"","meta":{"_joinchat":[]},"product_brand":[],"product_cat":[128],"product_tag":[],"class_list":{"0":"post-6335","1":"product","2":"type-product","3":"status-publish","4":"has-post-thumbnail","6":"product_cat-benzodiazepinen","8":"first","9":"instock","10":"shipping-taxable","11":"purchasable","12":"product-type-variable"},"yoast_head":"<!-- This site is optimized with the Yoast SEO plugin v26.3 - https:\/\/yoast.com\/wordpress\/plugins\/seo\/ -->\n<title>Koop Bromonor Diazepam online - Bromonor Diazepam te koop | RC Kopen<\/title>\n<meta name=\"description\" content=\"U kunt Bromonordiazepam te koop krijgen in onze winkel en het zonder problemen bij u thuis krijgen. Wij helpen u broomordiazepam online te kopen. Bestel nu!\" \/>\n<meta name=\"robots\" content=\"index, follow, max-snippet:-1, max-image-preview:large, max-video-preview:-1\" \/>\n<link rel=\"canonical\" href=\"https:\/\/rckopen.com\/it\/prodotto\/bromonordiazepam\/\" \/>\n<meta property=\"og:locale\" content=\"it_IT\" \/>\n<meta property=\"og:type\" content=\"article\" \/>\n<meta property=\"og:title\" content=\"Koop Bromonor Diazepam online - Bromonor Diazepam te koop | RC Kopen\" \/>\n<meta property=\"og:description\" content=\"U kunt Bromonordiazepam te koop krijgen in onze winkel en het zonder problemen bij u thuis krijgen. Wij helpen u broomordiazepam online te kopen. Bestel nu!\" \/>\n<meta property=\"og:url\" content=\"https:\/\/rckopen.com\/it\/prodotto\/bromonordiazepam\/\" \/>\n<meta property=\"og:site_name\" content=\"RC Kopen\" \/>\n<meta property=\"article:modified_time\" content=\"2025-02-03T05:49:16+00:00\" \/>\n<meta property=\"og:image\" content=\"https:\/\/rckopen.com\/wp-content\/uploads\/2023\/08\/Bromazolam.jpg\" \/>\n\t<meta property=\"og:image:width\" content=\"600\" \/>\n\t<meta property=\"og:image:height\" content=\"600\" \/>\n\t<meta property=\"og:image:type\" content=\"image\/jpeg\" \/>\n<meta name=\"twitter:card\" content=\"summary_large_image\" \/>\n<meta name=\"twitter:label1\" content=\"Tempo di lettura stimato\" \/>\n\t<meta name=\"twitter:data1\" content=\"4 minuti\" \/>\n<script type=\"application\/ld+json\" class=\"yoast-schema-graph\">{\"@context\":\"https:\/\/schema.org\",\"@graph\":[{\"@type\":\"WebPage\",\"@id\":\"https:\/\/rckopen.com\/product\/bromonordiazepam\/\",\"url\":\"https:\/\/rckopen.com\/product\/bromonordiazepam\/\",\"name\":\"Koop Bromonor Diazepam online - Bromonor Diazepam te koop | RC Kopen\",\"isPartOf\":{\"@id\":\"https:\/\/rckopen.com\/#website\"},\"primaryImageOfPage\":{\"@id\":\"https:\/\/rckopen.com\/product\/bromonordiazepam\/#primaryimage\"},\"image\":{\"@id\":\"https:\/\/rckopen.com\/product\/bromonordiazepam\/#primaryimage\"},\"thumbnailUrl\":\"https:\/\/rckopen.com\/wp-content\/uploads\/2023\/08\/Bromazolam.jpg\",\"datePublished\":\"2023-08-14T10:37:18+00:00\",\"dateModified\":\"2025-02-03T05:49:16+00:00\",\"description\":\"U kunt Bromonordiazepam te koop krijgen in onze winkel en het zonder problemen bij u thuis krijgen. Wij helpen u broomordiazepam online te kopen. Bestel nu!\",\"breadcrumb\":{\"@id\":\"https:\/\/rckopen.com\/product\/bromonordiazepam\/#breadcrumb\"},\"inLanguage\":\"it-IT\",\"potentialAction\":[{\"@type\":\"ReadAction\",\"target\":[\"https:\/\/rckopen.com\/product\/bromonordiazepam\/\"]}]},{\"@type\":\"ImageObject\",\"inLanguage\":\"it-IT\",\"@id\":\"https:\/\/rckopen.com\/product\/bromonordiazepam\/#primaryimage\",\"url\":\"https:\/\/rckopen.com\/wp-content\/uploads\/2023\/08\/Bromazolam.jpg\",\"contentUrl\":\"https:\/\/rckopen.com\/wp-content\/uploads\/2023\/08\/Bromazolam.jpg\",\"width\":600,\"height\":600,\"caption\":\"Bromazolam online kopen\"},{\"@type\":\"BreadcrumbList\",\"@id\":\"https:\/\/rckopen.com\/product\/bromonordiazepam\/#breadcrumb\",\"itemListElement\":[{\"@type\":\"ListItem\",\"position\":1,\"name\":\"Home\",\"item\":\"https:\/\/rckopen.com\/\"},{\"@type\":\"ListItem\",\"position\":2,\"name\":\"Shop\",\"item\":\"https:\/\/rckopen.com\/shop\/\"},{\"@type\":\"ListItem\",\"position\":3,\"name\":\"bromonordiazepam online kopen\"}]},{\"@type\":\"WebSite\",\"@id\":\"https:\/\/rckopen.com\/#website\",\"url\":\"https:\/\/rckopen.com\/\",\"name\":\"RC Kopen\",\"description\":\"Research Chemicals\",\"potentialAction\":[{\"@type\":\"SearchAction\",\"target\":{\"@type\":\"EntryPoint\",\"urlTemplate\":\"https:\/\/rckopen.com\/?s={search_term_string}\"},\"query-input\":{\"@type\":\"PropertyValueSpecification\",\"valueRequired\":true,\"valueName\":\"search_term_string\"}}],\"inLanguage\":\"it-IT\"}]}<\/script>\n<!-- \/ Yoast SEO plugin. -->","yoast_head_json":{"title":"Koop Bromonor Diazepam online - Bromonor Diazepam te koop | RC Kopen","description":"U kunt Bromonordiazepam te koop krijgen in onze winkel en het zonder problemen bij u thuis krijgen. Wij helpen u broomordiazepam online te kopen. Bestel nu!","robots":{"index":"index","follow":"follow","max-snippet":"max-snippet:-1","max-image-preview":"max-image-preview:large","max-video-preview":"max-video-preview:-1"},"canonical":"https:\/\/rckopen.com\/it\/prodotto\/bromonordiazepam\/","og_locale":"it_IT","og_type":"article","og_title":"Koop Bromonor Diazepam online - Bromonor Diazepam te koop | RC Kopen","og_description":"U kunt Bromonordiazepam te koop krijgen in onze winkel en het zonder problemen bij u thuis krijgen. Wij helpen u broomordiazepam online te kopen. Bestel nu!","og_url":"https:\/\/rckopen.com\/it\/prodotto\/bromonordiazepam\/","og_site_name":"RC Kopen","article_modified_time":"2025-02-03T05:49:16+00:00","og_image":[{"width":600,"height":600,"url":"https:\/\/rckopen.com\/wp-content\/uploads\/2023\/08\/Bromazolam.jpg","type":"image\/jpeg"}],"twitter_card":"summary_large_image","twitter_misc":{"Tempo di lettura stimato":"4 minuti"},"schema":{"@context":"https:\/\/schema.org","@graph":[{"@type":"WebPage","@id":"https:\/\/rckopen.com\/product\/bromonordiazepam\/","url":"https:\/\/rckopen.com\/product\/bromonordiazepam\/","name":"Koop Bromonor Diazepam online - Bromonor Diazepam te koop | RC Kopen","isPartOf":{"@id":"https:\/\/rckopen.com\/#website"},"primaryImageOfPage":{"@id":"https:\/\/rckopen.com\/product\/bromonordiazepam\/#primaryimage"},"image":{"@id":"https:\/\/rckopen.com\/product\/bromonordiazepam\/#primaryimage"},"thumbnailUrl":"https:\/\/rckopen.com\/wp-content\/uploads\/2023\/08\/Bromazolam.jpg","datePublished":"2023-08-14T10:37:18+00:00","dateModified":"2025-02-03T05:49:16+00:00","description":"U kunt Bromonordiazepam te koop krijgen in onze winkel en het zonder problemen bij u thuis krijgen. Wij helpen u broomordiazepam online te kopen. Bestel nu!","breadcrumb":{"@id":"https:\/\/rckopen.com\/product\/bromonordiazepam\/#breadcrumb"},"inLanguage":"it-IT","potentialAction":[{"@type":"ReadAction","target":["https:\/\/rckopen.com\/product\/bromonordiazepam\/"]}]},{"@type":"ImageObject","inLanguage":"it-IT","@id":"https:\/\/rckopen.com\/product\/bromonordiazepam\/#primaryimage","url":"https:\/\/rckopen.com\/wp-content\/uploads\/2023\/08\/Bromazolam.jpg","contentUrl":"https:\/\/rckopen.com\/wp-content\/uploads\/2023\/08\/Bromazolam.jpg","width":600,"height":600,"caption":"Bromazolam online kopen"},{"@type":"BreadcrumbList","@id":"https:\/\/rckopen.com\/product\/bromonordiazepam\/#breadcrumb","itemListElement":[{"@type":"ListItem","position":1,"name":"Home","item":"https:\/\/rckopen.com\/"},{"@type":"ListItem","position":2,"name":"Shop","item":"https:\/\/rckopen.com\/shop\/"},{"@type":"ListItem","position":3,"name":"bromonordiazepam online kopen"}]},{"@type":"WebSite","@id":"https:\/\/rckopen.com\/#website","url":"https:\/\/rckopen.com\/","name":"RC Kopen","description":"Research Chemicals","potentialAction":[{"@type":"SearchAction","target":{"@type":"EntryPoint","urlTemplate":"https:\/\/rckopen.com\/?s={search_term_string}"},"query-input":{"@type":"PropertyValueSpecification","valueRequired":true,"valueName":"search_term_string"}}],"inLanguage":"it-IT"}]}},"_links":{"self":[{"href":"https:\/\/rckopen.com\/it\/wp-json\/wp\/v2\/product\/6335","targetHints":{"allow":["GET"]}}],"collection":[{"href":"https:\/\/rckopen.com\/it\/wp-json\/wp\/v2\/product"}],"about":[{"href":"https:\/\/rckopen.com\/it\/wp-json\/wp\/v2\/types\/product"}],"replies":[{"embeddable":true,"href":"https:\/\/rckopen.com\/it\/wp-json\/wp\/v2\/comments?post=6335"}],"wp:featuredmedia":[{"embeddable":true,"href":"https:\/\/rckopen.com\/it\/wp-json\/wp\/v2\/media\/6351"}],"wp:attachment":[{"href":"https:\/\/rckopen.com\/it\/wp-json\/wp\/v2\/media?parent=6335"}],"wp:term":[{"taxonomy":"product_brand","embeddable":true,"href":"https:\/\/rckopen.com\/it\/wp-json\/wp\/v2\/product_brand?post=6335"},{"taxonomy":"product_cat","embeddable":true,"href":"https:\/\/rckopen.com\/it\/wp-json\/wp\/v2\/product_cat?post=6335"},{"taxonomy":"product_tag","embeddable":true,"href":"https:\/\/rckopen.com\/it\/wp-json\/wp\/v2\/product_tag?post=6335"}],"curies":[{"name":"wp","href":"https:\/\/api.w.org\/{rel}","templated":true}]}}