{"id":6336,"date":"2023-08-14T10:47:10","date_gmt":"2023-08-14T10:47:10","guid":{"rendered":"https:\/\/diligentplug.com\/chems\/?post_type=product&#038;p=6336"},"modified":"2025-02-03T07:19:30","modified_gmt":"2025-02-03T07:19:30","slug":"flubromazepam-hcl","status":"publish","type":"product","link":"https:\/\/rckopen.com\/it\/prodotto\/flubromazepam-hcl\/","title":{"rendered":"ACQUISTA FLUBROMAZEPAM HCL ONLINE"},"content":{"rendered":"<h2>Algemene informatie over flubromazepam FLUBROMAZEPAM HCL ONLINE KOPEN<\/h2>\n<p><a href=\"https:\/\/rckopen.com\/it\/prodotto\/flubromazepam-hcl\/\">Acquista Flubromazepam Hcl online<\/a> \u00e8 un derivato delle benzodiazepine che ha ricevuto attenzione come sostanza chimica per la ricerca. Fu presentato per la prima volta negli anni '60 e le sue propriet\u00e0 farmacologiche sono state studiate in una certa misura.<\/p>\n<p>Il flubromazepam \u00e8 costituito da atomi di carbonio (C), idrogeno (H), bromo (Br), fluoro (F), azoto (N) e ossigeno (O) disposti in una struttura specifica.<\/p>\n<p><a href=\"https:\/\/en.wikipedia.org\/wiki\/Flubromazepam\">Flubromazepam<\/a> ha una struttura chimica simile a quella delle altre benzodiazepine. Il nome chimico \u00e8 7-bromo-5-(2-fluorofenil)-1,3-diidro-1,4-benzodiazepin-2-one. Agisce principalmente come modulatore allosterico positivo del recettore GABA-A, potenziando gli effetti inibitori del GABA.<\/p>\n<p>Il flubromazepam ha effetti simili a quelli di altre benzodiazepine. Il flubromazepam \u00e8 un composto molto potente e l'intervallo di utilizzo tipico \u00e8 magro, solitamente misurato in microgrammi.<\/p>\n<p>\u00c8 importante notare che l'uso del flubromazepam o di qualsiasi sostanza chimica di ricerca non regolamentata comporta rischi significativi.<\/p>\n<h3>Composizione chimica del flubromazepam<\/h3>\n<p>La composizione chimica del flubromazepam, noto anche con il nome IUPAC di 7-bromo-5-(2-fluorofenil)-1,3-diidro-1,4-benzodiazepin-2-one, pu\u00f2 essere suddivisa come segue:<\/p>\n<p>- Formula molecolare: C15H10BrFN2O<\/p>\n<p>- Peso molecolare: 333,16 g\/mol<\/p>\n<p>La formula molecolare C15H10BrFN2O rappresenta un composto chimico costituito da quindici atomi di carbonio (C15), dieci atomi di idrogeno (H10), un atomo di bromo (Br), un atomo di fluoro (F), due atomi di azoto (N2) e un atomo di ossigeno (O).<\/p>\n<h3>Ecco una panoramica dei componenti chimici e del loro ruolo:<\/h3>\n<p>Benzodiazepina-2-on: \u00e8 la struttura principale del flubromazepam. Si tratta di un sistema ad anello biciclico composto da quattro atomi di carbonio, un atomo di ossigeno e un atomo di azoto.<br \/>\n7-Bromo: un atomo di bromo \u00e8 attaccato al 7\u00b0 atomo di carbonio della struttura della benzodiazepina-2-on. Il bromo \u00e8 un elemento alogeno.<br \/>\n5-(2-fluorofenile): Indica un anello fenilico con un atomo di fluoro attaccato in seconda posizione (posizione orto). Il gruppo fenile \u00e8 costituito da un anello di carbonio a sei strati con legami singoli e doppi alternati.<a href=\"https:\/\/safemedistore.com\/\">.<\/a><\/p>\n<p>La composizione chimica del flubromazepam riflette la specifica disposizione degli atomi e dei gruppi funzionali, che contribuiscono ai suoi effetti farmacologici come derivato benzodiazepinico.<\/p>\n<h3>Acquista Flubromazepam online di alta qualit\u00e0.<\/h3>\n<p>RCKOPEN vanta molti anni di esperienza nel settore della progettazione di prodotti chimici per la ricerca, il che ci consente di garantire la massima qualit\u00e0 di questi prodotti chimici per la ricerca. Acquistare flubromazepam \u00e8 facile e di ottima qualit\u00e0. il costo del flubromazepam \u00e8 relativamente basso rispetto ad altre aziende. I prodotti chimici di ricerca, tra cui il flubromazepam, soddisfano tutti i requisiti di sicurezza. I prodotti chimici per la ricerca vengono distribuiti con cura e conservati in un luogo fresco e asciutto.<\/p>\n<p>Tutti i prodotti sono regolarmente controllati per verificarne la qualit\u00e0, la purezza e la sicurezza. \u00c8 solo a scopo di ricerca.<\/p>\n<p>I nostri prodotti hanno un prezzo equo e potete acquistare il flubromazepam chimico online a prezzi molto bassi.<\/p>\n<h3>Flubromazepam testato in laboratorio con risultati.<\/h3>\n<p>Fa nuovi progressi verso la soddisfazione complessiva dei propri clienti. Diversi sondaggi hanno dimostrato che i clienti richiedono una quantit\u00e0 di dati pari a quella prevista prima di acquistare prodotti chimici di ricerca sintetici. Inoltre, pubblichiamo tutte le conseguenze di laboratorio di ogni prodotto chimico di ricerca in un documento PDF.<\/p>\n<p>Il nostro flubromazepam acquistato online soddisfa costantemente i principi attivi e pu\u00f2 essere visto da chiunque.<\/p>\n<h3>Distribuiamo tutte le conseguenze di laboratorio di ogni sostanza chimica di ricerca su un documento PDF.Ordinazione sicura a flubromazepam.<\/h3>\n<p><a href=\"https:\/\/rckopen.com\/it\/\">rckopen.com<\/a> i prodotti chimici di ricerca di design sono di ottima qualit\u00e0 e hanno un prezzo ragionevole. Pertanto, ti garantiamo che quando richiedi i tuoi prodotti chimici di ricerca da RC Kopen, trasferiremo la tua richiesta al tuo laboratorio di ricerca in modo rapido e sicuro, poich\u00e9 la vendita di prodotti chimici di ricerca \u00e8 sempre disponibile presso RC Kopen.<\/p>\n<p>Richiedere composti di ricerca sintetici con Bitcoin o bonifico bancario \u00e8 facile su RC Kopen.<\/p>\n<p>Spediamo i prodotti chimici di ricerca lo stesso giorno lavorativo se il pagamento viene ricevuto entro le 15:00 CEST.<\/p>\n<p>Non consegniamo articoli a persone di et\u00e0 inferiore ai 18 anni!<\/p>\n<p>Il Flubromazepam in vendita \u00e8 solo a scopo di ricerca.<\/p>\n<h3>Spedizione discreta di prodotti chimici per la ricerca.<\/h3>\n<p>RCKOPEN imballer\u00e0 il vostro ordine in modo sicuro e protetto per garantire un trasporto adeguato. Inoltre, l'imballaggio \u00e8 perfettamente invisibile e non viene mostrato nulla all'esterno di ci\u00f2 che potrebbe essere contenuto all'interno.<a href=\"https:\/\/rckopen.com\/it\/\">.<\/a><\/p>","protected":false},"excerpt":{"rendered":"<p><strong>Nome IUPAC:<\/strong><\/p>\n<p>7-Brom-5-(2-fluorphenyl)-1,3-dihydro-2H-1,4-benzodiazepin-2-one<\/p>\n<p><strong>CAS # <\/strong>2647-50-9<\/p>\n<p><strong>Forma: <\/strong>polvere<\/p>\n<p><strong>Analisi NMR: <\/strong>C15H10BrFN2O<\/p>","protected":false},"featured_media":6358,"comment_status":"open","ping_status":"closed","template":"","meta":{"_joinchat":[]},"product_brand":[],"product_cat":[128],"product_tag":[],"class_list":{"0":"post-6336","1":"product","2":"type-product","3":"status-publish","4":"has-post-thumbnail","6":"product_cat-benzodiazepinen","8":"first","9":"instock","10":"shipping-taxable","11":"purchasable","12":"product-type-variable"},"yoast_head":"<!-- This site is optimized with the Yoast SEO plugin v26.3 - https:\/\/yoast.com\/wordpress\/plugins\/seo\/ -->\n<title>Flubromazepam Hcl online kopen- Flubromazepam Hcl te koop<\/title>\n<meta name=\"description\" content=\"Flubromazepam Hcl online kopen in onze vertrouwde online winkel voor producten van topkwaliteit. Koop Flubromazepam Hcl eenvoudig en veilig te koop op ons platform voor ultieme klanttevredenheid. Bestel nu!\" \/>\n<meta name=\"robots\" content=\"index, follow, max-snippet:-1, max-image-preview:large, max-video-preview:-1\" \/>\n<link rel=\"canonical\" href=\"https:\/\/rckopen.com\/it\/prodotto\/flubromazepam-hcl\/\" \/>\n<meta property=\"og:locale\" content=\"it_IT\" \/>\n<meta property=\"og:type\" content=\"article\" \/>\n<meta property=\"og:title\" content=\"Flubromazepam Hcl online kopen- Flubromazepam Hcl te koop\" \/>\n<meta property=\"og:description\" content=\"Flubromazepam Hcl online kopen in onze vertrouwde online winkel voor producten van topkwaliteit. Koop Flubromazepam Hcl eenvoudig en veilig te koop op ons platform voor ultieme klanttevredenheid. Bestel nu!\" \/>\n<meta property=\"og:url\" content=\"https:\/\/rckopen.com\/it\/prodotto\/flubromazepam-hcl\/\" \/>\n<meta property=\"og:site_name\" content=\"RC Kopen\" \/>\n<meta property=\"article:modified_time\" content=\"2025-02-03T07:19:30+00:00\" \/>\n<meta property=\"og:image\" content=\"https:\/\/rckopen.com\/wp-content\/uploads\/2023\/08\/FLUBROMAZEPAM-HCL.jpg\" \/>\n\t<meta property=\"og:image:width\" content=\"600\" \/>\n\t<meta property=\"og:image:height\" content=\"600\" \/>\n\t<meta property=\"og:image:type\" content=\"image\/jpeg\" \/>\n<meta name=\"twitter:card\" content=\"summary_large_image\" \/>\n<meta name=\"twitter:label1\" content=\"Tempo di lettura stimato\" \/>\n\t<meta name=\"twitter:data1\" content=\"3 minuti\" \/>\n<script type=\"application\/ld+json\" class=\"yoast-schema-graph\">{\"@context\":\"https:\/\/schema.org\",\"@graph\":[{\"@type\":\"WebPage\",\"@id\":\"https:\/\/rckopen.com\/product\/flubromazepam-hcl\/\",\"url\":\"https:\/\/rckopen.com\/product\/flubromazepam-hcl\/\",\"name\":\"Flubromazepam Hcl online kopen- Flubromazepam Hcl te koop\",\"isPartOf\":{\"@id\":\"https:\/\/rckopen.com\/#website\"},\"primaryImageOfPage\":{\"@id\":\"https:\/\/rckopen.com\/product\/flubromazepam-hcl\/#primaryimage\"},\"image\":{\"@id\":\"https:\/\/rckopen.com\/product\/flubromazepam-hcl\/#primaryimage\"},\"thumbnailUrl\":\"https:\/\/rckopen.com\/wp-content\/uploads\/2023\/08\/FLUBROMAZEPAM-HCL.jpg\",\"datePublished\":\"2023-08-14T10:47:10+00:00\",\"dateModified\":\"2025-02-03T07:19:30+00:00\",\"description\":\"Flubromazepam Hcl online kopen in onze vertrouwde online winkel voor producten van topkwaliteit. Koop Flubromazepam Hcl eenvoudig en veilig te koop op ons platform voor ultieme klanttevredenheid. Bestel nu!\",\"breadcrumb\":{\"@id\":\"https:\/\/rckopen.com\/product\/flubromazepam-hcl\/#breadcrumb\"},\"inLanguage\":\"it-IT\",\"potentialAction\":[{\"@type\":\"ReadAction\",\"target\":[\"https:\/\/rckopen.com\/product\/flubromazepam-hcl\/\"]}]},{\"@type\":\"ImageObject\",\"inLanguage\":\"it-IT\",\"@id\":\"https:\/\/rckopen.com\/product\/flubromazepam-hcl\/#primaryimage\",\"url\":\"https:\/\/rckopen.com\/wp-content\/uploads\/2023\/08\/FLUBROMAZEPAM-HCL.jpg\",\"contentUrl\":\"https:\/\/rckopen.com\/wp-content\/uploads\/2023\/08\/FLUBROMAZEPAM-HCL.jpg\",\"width\":600,\"height\":600,\"caption\":\"FLUBROMAZEPAM-HCL ONLINE KOPEN\"},{\"@type\":\"BreadcrumbList\",\"@id\":\"https:\/\/rckopen.com\/product\/flubromazepam-hcl\/#breadcrumb\",\"itemListElement\":[{\"@type\":\"ListItem\",\"position\":1,\"name\":\"Home\",\"item\":\"https:\/\/rckopen.com\/\"},{\"@type\":\"ListItem\",\"position\":2,\"name\":\"Shop\",\"item\":\"https:\/\/rckopen.com\/shop\/\"},{\"@type\":\"ListItem\",\"position\":3,\"name\":\"FLUBROMAZEPAM HCL ONLINE KOPEN\"}]},{\"@type\":\"WebSite\",\"@id\":\"https:\/\/rckopen.com\/#website\",\"url\":\"https:\/\/rckopen.com\/\",\"name\":\"RC Kopen\",\"description\":\"Research Chemicals\",\"potentialAction\":[{\"@type\":\"SearchAction\",\"target\":{\"@type\":\"EntryPoint\",\"urlTemplate\":\"https:\/\/rckopen.com\/?s={search_term_string}\"},\"query-input\":{\"@type\":\"PropertyValueSpecification\",\"valueRequired\":true,\"valueName\":\"search_term_string\"}}],\"inLanguage\":\"it-IT\"}]}<\/script>\n<!-- \/ Yoast SEO plugin. -->","yoast_head_json":{"title":"Flubromazepam Hcl online kopen- Flubromazepam Hcl te koop","description":"Flubromazepam Hcl online kopen in onze vertrouwde online winkel voor producten van topkwaliteit. Koop Flubromazepam Hcl eenvoudig en veilig te koop op ons platform voor ultieme klanttevredenheid. Bestel nu!","robots":{"index":"index","follow":"follow","max-snippet":"max-snippet:-1","max-image-preview":"max-image-preview:large","max-video-preview":"max-video-preview:-1"},"canonical":"https:\/\/rckopen.com\/it\/prodotto\/flubromazepam-hcl\/","og_locale":"it_IT","og_type":"article","og_title":"Flubromazepam Hcl online kopen- Flubromazepam Hcl te koop","og_description":"Flubromazepam Hcl online kopen in onze vertrouwde online winkel voor producten van topkwaliteit. Koop Flubromazepam Hcl eenvoudig en veilig te koop op ons platform voor ultieme klanttevredenheid. Bestel nu!","og_url":"https:\/\/rckopen.com\/it\/prodotto\/flubromazepam-hcl\/","og_site_name":"RC Kopen","article_modified_time":"2025-02-03T07:19:30+00:00","og_image":[{"width":600,"height":600,"url":"https:\/\/rckopen.com\/wp-content\/uploads\/2023\/08\/FLUBROMAZEPAM-HCL.jpg","type":"image\/jpeg"}],"twitter_card":"summary_large_image","twitter_misc":{"Tempo di lettura stimato":"3 minuti"},"schema":{"@context":"https:\/\/schema.org","@graph":[{"@type":"WebPage","@id":"https:\/\/rckopen.com\/product\/flubromazepam-hcl\/","url":"https:\/\/rckopen.com\/product\/flubromazepam-hcl\/","name":"Flubromazepam Hcl online kopen- Flubromazepam Hcl te koop","isPartOf":{"@id":"https:\/\/rckopen.com\/#website"},"primaryImageOfPage":{"@id":"https:\/\/rckopen.com\/product\/flubromazepam-hcl\/#primaryimage"},"image":{"@id":"https:\/\/rckopen.com\/product\/flubromazepam-hcl\/#primaryimage"},"thumbnailUrl":"https:\/\/rckopen.com\/wp-content\/uploads\/2023\/08\/FLUBROMAZEPAM-HCL.jpg","datePublished":"2023-08-14T10:47:10+00:00","dateModified":"2025-02-03T07:19:30+00:00","description":"Flubromazepam Hcl online kopen in onze vertrouwde online winkel voor producten van topkwaliteit. Koop Flubromazepam Hcl eenvoudig en veilig te koop op ons platform voor ultieme klanttevredenheid. Bestel nu!","breadcrumb":{"@id":"https:\/\/rckopen.com\/product\/flubromazepam-hcl\/#breadcrumb"},"inLanguage":"it-IT","potentialAction":[{"@type":"ReadAction","target":["https:\/\/rckopen.com\/product\/flubromazepam-hcl\/"]}]},{"@type":"ImageObject","inLanguage":"it-IT","@id":"https:\/\/rckopen.com\/product\/flubromazepam-hcl\/#primaryimage","url":"https:\/\/rckopen.com\/wp-content\/uploads\/2023\/08\/FLUBROMAZEPAM-HCL.jpg","contentUrl":"https:\/\/rckopen.com\/wp-content\/uploads\/2023\/08\/FLUBROMAZEPAM-HCL.jpg","width":600,"height":600,"caption":"FLUBROMAZEPAM-HCL ONLINE KOPEN"},{"@type":"BreadcrumbList","@id":"https:\/\/rckopen.com\/product\/flubromazepam-hcl\/#breadcrumb","itemListElement":[{"@type":"ListItem","position":1,"name":"Home","item":"https:\/\/rckopen.com\/"},{"@type":"ListItem","position":2,"name":"Shop","item":"https:\/\/rckopen.com\/shop\/"},{"@type":"ListItem","position":3,"name":"FLUBROMAZEPAM HCL ONLINE KOPEN"}]},{"@type":"WebSite","@id":"https:\/\/rckopen.com\/#website","url":"https:\/\/rckopen.com\/","name":"RC Kopen","description":"Research Chemicals","potentialAction":[{"@type":"SearchAction","target":{"@type":"EntryPoint","urlTemplate":"https:\/\/rckopen.com\/?s={search_term_string}"},"query-input":{"@type":"PropertyValueSpecification","valueRequired":true,"valueName":"search_term_string"}}],"inLanguage":"it-IT"}]}},"_links":{"self":[{"href":"https:\/\/rckopen.com\/it\/wp-json\/wp\/v2\/product\/6336","targetHints":{"allow":["GET"]}}],"collection":[{"href":"https:\/\/rckopen.com\/it\/wp-json\/wp\/v2\/product"}],"about":[{"href":"https:\/\/rckopen.com\/it\/wp-json\/wp\/v2\/types\/product"}],"replies":[{"embeddable":true,"href":"https:\/\/rckopen.com\/it\/wp-json\/wp\/v2\/comments?post=6336"}],"wp:featuredmedia":[{"embeddable":true,"href":"https:\/\/rckopen.com\/it\/wp-json\/wp\/v2\/media\/6358"}],"wp:attachment":[{"href":"https:\/\/rckopen.com\/it\/wp-json\/wp\/v2\/media?parent=6336"}],"wp:term":[{"taxonomy":"product_brand","embeddable":true,"href":"https:\/\/rckopen.com\/it\/wp-json\/wp\/v2\/product_brand?post=6336"},{"taxonomy":"product_cat","embeddable":true,"href":"https:\/\/rckopen.com\/it\/wp-json\/wp\/v2\/product_cat?post=6336"},{"taxonomy":"product_tag","embeddable":true,"href":"https:\/\/rckopen.com\/it\/wp-json\/wp\/v2\/product_tag?post=6336"}],"curies":[{"name":"wp","href":"https:\/\/api.w.org\/{rel}","templated":true}]}}